{"id":34010,"date":"2025-06-25T15:48:51","date_gmt":"2025-06-25T13:48:51","guid":{"rendered":"https:\/\/shumans-monini-stage.ccws.it\/?page_id=34010"},"modified":"2025-08-18T12:38:32","modified_gmt":"2025-08-18T10:38:32","slug":"nutzungsbedingungen","status":"publish","type":"page","link":"https:\/\/shumans-monini-stage.ccws.it\/de-ch\/nutzungsbedingungen\/","title":{"rendered":"Nutzungsbedingungen"},"content":{"rendered":"\n<div class=\"wp-block-columns\">\n<div class=\"wp-block-column\">\n<h6 class=\"wp-block-heading\"><strong>ALLEGEMEINE NUTZUNGSBEDINGUNGEN\u202f<\/strong>\u00a0<\/h6>\n\n\n\n<p>Einleitende Informationen zu den Nutzungsbedingungen dieser Website\u202f&nbsp;<\/p>\n\n\n\n<p>Diese Website wird Ihnen von MONINI&nbsp;S.p.A.&nbsp;geliefert, mit&nbsp; Rechtssitz in S.S.&nbsp; Flaminia km 129, 06049 Spoleto (Italien) (nachstehend als Monini bezeichnet). Die auf dieser Website erh\u00e4ltliche Informationen \u00fcber Monini&nbsp;S.p.A., dessen Tochtergesellschaften und Dritten wurden mit der gr\u00f6\u00dftm\u00f6glichen Sorgfalt erfasst; gleichwohl sind wir nicht in der Lage, deren Vollst\u00e4ndigkeit oder Richtigkeit zu garantieren. Monini lehnt jegliche Haftung f\u00fcr Fehler in den Inhalten dieser Website ab.\u202fBei Nutzung dieser Website nehmen Sie ohne Ausnahme oder Vorbehalt die folgenden Allgemeinen Nutzungsbedingungen (nachstehend als die Bedingungen bezeichnet) an, die Sie ausdrucken oder als .pdf-Datei herunterladen k\u00f6nnen.\u202fDie in unserer Website enthaltenen Informationen sind nicht f\u00fcr eine Nutzung innerhalb der Vereinigten Staaten von Amerika, durch US-Staatsb\u00fcrger oder in den U.S.A. ans\u00e4ssigen Personen gedacht oder zugelassen. Diese Nutzer werden auf ihre lokalen Websites von Monini oder die Websites von&nbsp;Moninis&nbsp;\u00f6rtlichen Tochtergesellschaften verwiesen.\u202f&nbsp;<\/p>\n\n\n\n<p>Allgemeine Nutzungsbedingungen der Website\/Impressum\u202f&nbsp;<\/p>\n\n\n\n<p>GEISTIGES EIGENTUM \u2013 URHEBERRECHT&nbsp;<\/p>\n\n\n\n<p>Die Seiten dieser Website sind urheberrechtlich gesch\u00fctzt. Insbesondere ist der Inhalt der Website gem\u00e4\u00df Gesetz 633\/1941 (Urheberrechtsgesetz) gegen Vervielf\u00e4ltigung, \u00dcbersetzung und Einbindung oder \u00dcberf\u00fchrung in andere Medien, einschlie\u00dflich Einbindung oder \u00dcberf\u00fchrung mittels elektronischer Mittel, gesch\u00fctzt. Die Wiedergabe oder wirtschaftliche Nutzung des ganzen oder eines Teils des Inhalts ist nur nach schriftlicher Genehmigung seitens Monini gestattet. Sowohl der Inhalt als der Aufbau der Website sind urheberrechtlich gesch\u00fctzt. Insbesondere erfordert die Vervielf\u00e4ltigung von Informationen oder Daten und die Verwendung von auf der Webseite enthaltenen Text (oder Teilen davon) oder Bildern (ausgenommen f\u00fcr den Pressegebrauch von Monini freigegebene Fotos) die vorherige schriftliche Genehmigung von Monini. Abbildungen sind gem\u00e4\u00df Artikel 1 des Gesetzes 633\/1941 ebenfalls urheberrechtlich gesch\u00fctzt. Das Recht der Ver\u00f6ffentlichung und der Reproduktion dieser Zeichnungen ist vollst\u00e4ndig im Besitz von Monini. Das Urheberrecht an diesen Zeichnungen bleibt auch f\u00fcr Zeichnungen erhalten, die automatisch oder manuell einem Archiv hinzugef\u00fcgt werden.\u202f\u202f&nbsp;<\/p>\n\n\n\n<p>Pressefotos von Monini d\u00fcrfen ausschlie\u00dflich f\u00fcr redaktionelle Zwecke verwendet werden. Jegliche Wiedergabe, Weitergabe, Ver\u00e4nderung oder Verwendung der auf dieser Website enthaltenen Pressefotos m\u00fcssen den folgenden Vermerk aufweisen:\u202f&nbsp;<\/p>\n\n\n\n<p>Copyright \u00a9 (2018) Monini&nbsp;S.p.A. Alle Rechte vorbehalten.\u202f&nbsp;<\/p>\n\n\n\n<p>Obwohl eine solche Wiedergabe unentgeltlich ist, fordern wir eine Kopie f\u00fcr unsere Akten an.\u202f&nbsp;<\/p>\n\n\n\n<p>MARKENZEICHEN&nbsp;<\/p>\n\n\n\n<p>Die auf dieser Website ver\u00f6ffentlichten Namen der Erzeugnisse sind Merkenzeichen des Eigentums von Monini&nbsp;S.p.A.&nbsp;und sind vom Markenzeichengesetz (Gesetzvertr. Dekret 30\/2005, mit anschl. \u00c4nderungen und Erg\u00e4nzungen) und den Vorschriften gegen den unlauteren Wettbewerb gesch\u00fctzt.\u202f&nbsp;<\/p>\n\n\n\n<p>HAFTUNGSBESCHR\u00c4NKUNG : RECHTE DRITTER&nbsp;<\/p>\n\n\n\n<p>a) Diese Website k\u00f6nnte Links zu andern Websites enthalten, die nicht Eigentum von Monini sind oder von diesem betrieben werden. Monini kann den Inhalt diese Websites nicht \u00fcberwachen und kann daher nicht f\u00fcr die aus der Nutzung derselben entstehenden Folgen f\u00fcr haftbar betrachtet werden. Die Tatsache, dass Monini Links zu diesen Websites zur Verf\u00fcgung stellt, bedeutet keinerlei Bef\u00fcrwortung deren Inhalts; sie werden ausschlie\u00dflich zur Vereinfachung Ihrer Navigation bereit gestellt. Insbesondere \u00fcbernimmt Monini keinerlei Haftung f\u00fcr etwaige Verletzungen von Gesetzesvorschriften oder Verst\u00f6\u00dfe gegen Rechte Dritter, die sich aus dem Inhalt dieser Websites ergeben k\u00f6nnten.<\/p>\n\n\n\n<p>b) F\u00fcr Websites, f\u00fcr die auf der Website von Monini Hyperlinks bereit gestellt werden, sind die Eigent\u00fcmer dieser Websites die einzig Verantwortlichen f\u00fcr den Inhalt dieser Seiten, sowie f\u00fcr den Online-Verkauf von Produkten und deren Verkaufsbedingungen, f\u00fcr die Abwicklung von Bestellungen und\/oder die sich aus dem Kauf dieser Produkte ergebenden Folgen.<\/p>\n\n\n\n<p>Monini \u00fcbernimmt keinerlei Haftung f\u00fcr jegliche Verletzung von Urheberrechten, Markenzeichen oder Datenschutzrechten, die sich aus dem Zugang einer mit der Website von Monini verlinkten Website ergeben k\u00f6nnte.&nbsp;&nbsp;<\/p>\n\n\n\n<ol class=\"wp-block-list\">\n<li>f) F\u00fcr den Fall einer Bestellung oder jeglicher Rechtserkl\u00e4rung bez\u00fcglich eines Rechtsgesch\u00e4fts, entsteht ein Vertrag ausschlie\u00dflich zwischen dem Nutzer und dem Eigent\u00fcmer oder Betreiber der Website und unter keinen Umst\u00e4nden wird der Vertrag zwischen Monini und dem Nutzer geschlossen. Diesbez\u00fcglich werden Sie gebeten, die spezifischen Gesch\u00e4ftsbedingungen auf der verlinkte Website lesen.<\/li>\n<\/ol>\n\n\n\n<p>HAFTUNGSAUSSCHLUSS&nbsp;<\/p>\n\n\n\n<p>Monini haftet f\u00fcr aus der Nutzung dieser Website entstehende&nbsp; Sch\u00e4den nur im Fall von vors\u00e4tzlicher oder grober Fahrl\u00e4ssigkeit. Dies bedeutet keine Einschr\u00e4nkung der Haftung von Monini bez\u00fcglich der Herstellerhaftung oder der entsprechenden Produktgarantien. Solche Haftungsbeschr\u00e4nkungen sollen selbst in F\u00e4llen von lebensbedrohlichen Sch\u00e4den, K\u00f6rperverletzungen oder Gesundheitssch\u00e4den keine Anwendung finden.\u202f\u202f&nbsp;<\/p>\n\n\n\n<p>Monini trifft jede m\u00f6gliche Vorsichtsma\u00dfnahme, um seine Website von Viren freizuhalten; gleichwohl ist es nicht in der Lage, deren v\u00f6llige Abwesenheit zu gew\u00e4hrleisten. Aus diesem Grund empfehlen die gr\u00f6\u00dftm\u00f6gliche Vorsicht und die Verwendung von geeignetem Virenschutz (z. B. mithilfe der Installation von Antiviren-Software auf Ihrem PC)\u202f&nbsp;<\/p>\n\n\n\n<p>Monini gew\u00e4hrleistet nicht die Abwesenheit von Fehlern und die Verf\u00fcgbarkeit von auf dieser Website angebotenen Dienstleistungen.\u202f&nbsp;<\/p>\n\n\n\n<p>VORHERSAGEN UND ABSICHTSERKL\u00c4RUNGEN&nbsp;<\/p>\n\n\n\n<p>Auf dieser Website enthaltene Absichtserkl\u00e4rungen bzw. Vorhersagen werden nach bestem Wissen und Glauben abgegeben.\u202f Gleichwohl k\u00f6nnen die von Monini erzielten Ergebnisse stark von diesen Vorhersagen abweichen, da diese auf eine Anzahl von Wettbewerbs- und Wirtschaftsfaktoren beruhen, auf die Monini keinen Einfluss hat. Unbeschadet jeglicher gesetzlichen Verpflichtung diesbez\u00fcglich, \u00fcbernimmt Monini keinerlei Verantwortung, diese Erkl\u00e4rungen und Vorhersagen zu aktualisieren.\u202f\u202f&nbsp;<\/p>\n\n\n\n<p>ERZEUGNISSE VON MONINI&nbsp;<\/p>\n\n\n\n<p>Die Erzeugnisse der Gruppe Monini sind in vielen L\u00e4ndern weltweit erh\u00e4ltlich.&nbsp;&nbsp;<\/p>\n\n\n\n<p>Um einen Link zu dieser Website zu erstellen, senden Sie bitte eine E-Mail-Anfrage an die Adresse&nbsp;info[at]monini[dot]com&nbsp;samt.: (i) N\u00e4here Angaben zum Verantwortlichen des Hyperlinkmanagements; (ii) N\u00e4here Angaben zum Antragsteller (iii) Die URL&nbsp;der Website, auf der der Link zu dieser Website platziert wird.\u202f&nbsp;<\/p>\n\n\n\n<p>Monini beh\u00e4lt sich das Recht zur Beurteilung vor und zur unanfechtbaren Entscheidung \u00fcber diese Antr\u00e4ge mittels einer entsprechenden R\u00fcckmeldung. Im Fall der Ermangelung der Antwort seitens Monini, ist der Antrag als abgelehnt zu betrachten.\u202f&nbsp;<\/p>\n\n\n\n<p>Andernfalls sind Links zu dieser Website nicht gestattet, und jede Verletzung dieser Bedingungen wird gem\u00e4\u00df den zu dieser Zeit geltenden Gesetzen verfolgt.\u202f&nbsp;<\/p>\n\n\n\n<p>VERSCHIEDENES\u202f&nbsp;<\/p>\n\n\n\n<p>Diese Allgemeinen Nutzungsbedingungen unterliegt den italienischen Gesetzen und wird gem\u00e4\u00df dieser ausgelegt, ohne R\u00fccksicht auf das UN-Kaufrecht, dessen Anwendung von diesen Allgemeinen Nutzungsbedingungen ausdr\u00fccklich ausgeschlossen wird. \u202f In dem von dem anwendbaren Recht zugelassenen Umfang, gilt f\u00fcr alle Streitigkeiten aus dieser Website der Gerichtsstand von Spoleto (Italien). Sollte eine oder mehrere Bestimmung dieser Allgemeinen Nutzungsbedingungen ung\u00fcltig sein oder werden, soll dies nicht die G\u00fcltigkeit der restlichen Bestimmungen ber\u00fchren.\u202f&nbsp;<\/p>\n\n\n\n<div style=\"height:42px\" aria-hidden=\"true\" class=\"wp-block-spacer\"><\/div>\n<\/div>\n<\/div>\n","protected":false},"excerpt":{"rendered":"<p>ALLEGEMEINE NUTZUNGSBEDINGUNGEN\u202f\u00a0 Einleitende Informationen zu den Nutzungsbedingungen dieser Website\u202f&nbsp; Diese Website wird Ihnen von MONINI&nbsp;S.p.A.&nbsp;geliefert,&#8230;<\/p>\n","protected":false},"author":3,"featured_media":0,"parent":0,"menu_order":0,"comment_status":"closed","ping_status":"closed","template":"","meta":{"_acf_changed":false,"footnotes":""},"class_list":["post-34010","page","type-page","status-publish","hentry"],"yoast_head":"<!-- This site is optimized with the Yoast SEO plugin v25.8 - https:\/\/yoast.com\/wordpress\/plugins\/seo\/ -->\n<title>Nutzungsbedingungen - Monini<\/title>\n<meta name=\"robots\" content=\"noindex, follow, max-snippet:-1, max-image-preview:large, max-video-preview:-1\" \/>\n<meta property=\"og:locale\" content=\"de_DE\" \/>\n<meta property=\"og:type\" content=\"article\" \/>\n<meta property=\"og:title\" content=\"Nutzungsbedingungen - Monini\" \/>\n<meta property=\"og:description\" content=\"ALLEGEMEINE NUTZUNGSBEDINGUNGEN\u202f\u00a0 Einleitende Informationen zu den Nutzungsbedingungen dieser Website\u202f&nbsp; Diese Website wird Ihnen von MONINI&nbsp;S.p.A.&nbsp;geliefert,...\" \/>\n<meta property=\"og:url\" content=\"https:\/\/shumans-monini-stage.ccws.it\/de-ch\/nutzungsbedingungen\/\" \/>\n<meta property=\"og:site_name\" content=\"Monini\" \/>\n<meta property=\"article:publisher\" content=\"https:\/\/www.facebook.com\/MoniniOlio\/\" \/>\n<meta property=\"article:modified_time\" content=\"2025-08-18T10:38:32+00:00\" \/>\n<meta name=\"twitter:card\" content=\"summary_large_image\" \/>\n<meta name=\"twitter:label1\" content=\"Gesch\u00e4tzte Lesezeit\" \/>\n\t<meta name=\"twitter:data1\" content=\"6\u00a0Minuten\" \/>\n<script type=\"application\/ld+json\" class=\"yoast-schema-graph\">{\"@context\":\"https:\/\/schema.org\",\"@graph\":[{\"@type\":\"WebPage\",\"@id\":\"https:\/\/shumans-monini-stage.ccws.it\/de-ch\/nutzungsbedingungen\/\",\"url\":\"https:\/\/shumans-monini-stage.ccws.it\/de-ch\/nutzungsbedingungen\/\",\"name\":\"Nutzungsbedingungen - Monini\",\"isPartOf\":{\"@id\":\"https:\/\/shumans-monini-stage.ccws.it\/de-ch\/#website\"},\"datePublished\":\"2025-06-25T13:48:51+00:00\",\"dateModified\":\"2025-08-18T10:38:32+00:00\",\"breadcrumb\":{\"@id\":\"https:\/\/shumans-monini-stage.ccws.it\/de-ch\/nutzungsbedingungen\/#breadcrumb\"},\"inLanguage\":\"de-CH\",\"potentialAction\":[{\"@type\":\"ReadAction\",\"target\":[\"https:\/\/shumans-monini-stage.ccws.it\/de-ch\/nutzungsbedingungen\/\"]}]},{\"@type\":\"BreadcrumbList\",\"@id\":\"https:\/\/shumans-monini-stage.ccws.it\/de-ch\/nutzungsbedingungen\/#breadcrumb\",\"itemListElement\":[{\"@type\":\"ListItem\",\"position\":1,\"name\":\"Home\",\"item\":\"https:\/\/shumans-monini-stage.ccws.it\/de-ch\/\"},{\"@type\":\"ListItem\",\"position\":2,\"name\":\"Nutzungsbedingungen\"}]},{\"@type\":\"WebSite\",\"@id\":\"https:\/\/shumans-monini-stage.ccws.it\/de-ch\/#website\",\"url\":\"https:\/\/shumans-monini-stage.ccws.it\/de-ch\/\",\"name\":\"Monini\",\"description\":\"Una spremuta di olive\",\"potentialAction\":[{\"@type\":\"SearchAction\",\"target\":{\"@type\":\"EntryPoint\",\"urlTemplate\":\"https:\/\/shumans-monini-stage.ccws.it\/de-ch\/?s={search_term_string}\"},\"query-input\":{\"@type\":\"PropertyValueSpecification\",\"valueRequired\":true,\"valueName\":\"search_term_string\"}}],\"inLanguage\":\"de-CH\"}]}<\/script>\n<!-- \/ Yoast SEO plugin. -->","yoast_head_json":{"title":"Nutzungsbedingungen - Monini","robots":{"index":"noindex","follow":"follow","max-snippet":"max-snippet:-1","max-image-preview":"max-image-preview:large","max-video-preview":"max-video-preview:-1"},"og_locale":"de_DE","og_type":"article","og_title":"Nutzungsbedingungen - Monini","og_description":"ALLEGEMEINE NUTZUNGSBEDINGUNGEN\u202f\u00a0 Einleitende Informationen zu den Nutzungsbedingungen dieser Website\u202f&nbsp; Diese Website wird Ihnen von MONINI&nbsp;S.p.A.&nbsp;geliefert,...","og_url":"https:\/\/shumans-monini-stage.ccws.it\/de-ch\/nutzungsbedingungen\/","og_site_name":"Monini","article_publisher":"https:\/\/www.facebook.com\/MoniniOlio\/","article_modified_time":"2025-08-18T10:38:32+00:00","twitter_card":"summary_large_image","twitter_misc":{"Gesch\u00e4tzte Lesezeit":"6\u00a0Minuten"},"schema":{"@context":"https:\/\/schema.org","@graph":[{"@type":"WebPage","@id":"https:\/\/shumans-monini-stage.ccws.it\/de-ch\/nutzungsbedingungen\/","url":"https:\/\/shumans-monini-stage.ccws.it\/de-ch\/nutzungsbedingungen\/","name":"Nutzungsbedingungen - Monini","isPartOf":{"@id":"https:\/\/shumans-monini-stage.ccws.it\/de-ch\/#website"},"datePublished":"2025-06-25T13:48:51+00:00","dateModified":"2025-08-18T10:38:32+00:00","breadcrumb":{"@id":"https:\/\/shumans-monini-stage.ccws.it\/de-ch\/nutzungsbedingungen\/#breadcrumb"},"inLanguage":"de-CH","potentialAction":[{"@type":"ReadAction","target":["https:\/\/shumans-monini-stage.ccws.it\/de-ch\/nutzungsbedingungen\/"]}]},{"@type":"BreadcrumbList","@id":"https:\/\/shumans-monini-stage.ccws.it\/de-ch\/nutzungsbedingungen\/#breadcrumb","itemListElement":[{"@type":"ListItem","position":1,"name":"Home","item":"https:\/\/shumans-monini-stage.ccws.it\/de-ch\/"},{"@type":"ListItem","position":2,"name":"Nutzungsbedingungen"}]},{"@type":"WebSite","@id":"https:\/\/shumans-monini-stage.ccws.it\/de-ch\/#website","url":"https:\/\/shumans-monini-stage.ccws.it\/de-ch\/","name":"Monini","description":"Una spremuta di olive","potentialAction":[{"@type":"SearchAction","target":{"@type":"EntryPoint","urlTemplate":"https:\/\/shumans-monini-stage.ccws.it\/de-ch\/?s={search_term_string}"},"query-input":{"@type":"PropertyValueSpecification","valueRequired":true,"valueName":"search_term_string"}}],"inLanguage":"de-CH"}]}},"acf":[],"_links":{"self":[{"href":"https:\/\/shumans-monini-stage.ccws.it\/de-ch\/wp-json\/wp\/v2\/pages\/34010","targetHints":{"allow":["GET"]}}],"collection":[{"href":"https:\/\/shumans-monini-stage.ccws.it\/de-ch\/wp-json\/wp\/v2\/pages"}],"about":[{"href":"https:\/\/shumans-monini-stage.ccws.it\/de-ch\/wp-json\/wp\/v2\/types\/page"}],"author":[{"embeddable":true,"href":"https:\/\/shumans-monini-stage.ccws.it\/de-ch\/wp-json\/wp\/v2\/users\/3"}],"replies":[{"embeddable":true,"href":"https:\/\/shumans-monini-stage.ccws.it\/de-ch\/wp-json\/wp\/v2\/comments?post=34010"}],"version-history":[{"count":1,"href":"https:\/\/shumans-monini-stage.ccws.it\/de-ch\/wp-json\/wp\/v2\/pages\/34010\/revisions"}],"predecessor-version":[{"id":34011,"href":"https:\/\/shumans-monini-stage.ccws.it\/de-ch\/wp-json\/wp\/v2\/pages\/34010\/revisions\/34011"}],"wp:attachment":[{"href":"https:\/\/shumans-monini-stage.ccws.it\/de-ch\/wp-json\/wp\/v2\/media?parent=34010"}],"curies":[{"name":"wp","href":"https:\/\/api.w.org\/{rel}","templated":true}]}}