{"id":34022,"date":"2025-06-20T17:39:45","date_gmt":"2025-06-20T15:39:45","guid":{"rendered":"https:\/\/shumans-monini-stage.ccws.it\/?page_id=34022"},"modified":"2025-08-18T12:50:37","modified_gmt":"2025-08-18T10:50:37","slug":"die-oelmuehle-frantoio-del-poggiolo","status":"publish","type":"page","link":"https:\/\/shumans-monini-stage.ccws.it\/de-ch\/die-oelmuehle-frantoio-del-poggiolo\/","title":{"rendered":"Die \u00d6lm\u00fchle &#171;Frantoio del Poggiolo&#187;"},"content":{"rendered":"\n<div class=\"wp-block-columns\">\n<div class=\"wp-block-column\" style=\"flex-basis:100%\">\n<figure class=\"wp-block-image size-large\"><img loading=\"lazy\" decoding=\"async\" width=\"1024\" height=\"485\" src=\"https:\/\/shumans-monini-stage.ccws.it\/wp-content\/uploads\/2025\/06\/Frantoio_del_poggiolo-1024x485.png\" alt=\"\" class=\"wp-image-791\" srcset=\"https:\/\/shumans-monini-stage.ccws.it\/wp-content\/uploads\/2025\/06\/Frantoio_del_poggiolo-1024x485.png 1024w, https:\/\/shumans-monini-stage.ccws.it\/wp-content\/uploads\/2025\/06\/Frantoio_del_poggiolo-300x142.png 300w, https:\/\/shumans-monini-stage.ccws.it\/wp-content\/uploads\/2025\/06\/Frantoio_del_poggiolo-768x364.png 768w, https:\/\/shumans-monini-stage.ccws.it\/wp-content\/uploads\/2025\/06\/Frantoio_del_poggiolo.png 1540w\" sizes=\"auto, (max-width: 1024px) 100vw, 1024px\" \/><\/figure>\n\n\n\n<div style=\"height:0.25em\" aria-hidden=\"true\" class=\"wp-block-spacer\"><\/div>\n\n\n\n<div class=\"wp-block-columns\">\n<div class=\"wp-block-column\" style=\"flex-basis:100%\">\n<p>Die \u00d6lm\u00fchle \u201aFrantoio del Poggiolo\u2018 auf halber H\u00f6he des H\u00fcgels zwischen den Olivenb\u00e4umen ist das multifunktionelle Zentrum, in dem ein wichtiger Teil unserer Arbeit stattfindet: Einerseits haben wir hart gearbeitet, um h\u00f6chste Qualit\u00e4t zu erreichen und andererseits, um die Kenntnis von nativem Oliven\u00f6l Extra zu verbreiten.<\/p>\n\n\n\n<p>2001 befanden wir es f\u00fcr notwendig, die Rohmaterialauswahl durch mehr Analysekontrollen bei der gesamten Produktionskette, der Cultivar-Auswahl, Ernte und Pressmethodenoptimierung, zu verbessern.<\/p>\n\n\n\n<p>Hier handelt es sich um eine Auswahlaufgabe, die wir mit gro\u00dfer Hingabe ausf\u00fchren, um ein hochwertiges Produkt mit unserem Namen zu erhalten.<\/p>\n\n\n\n<p>Wir haben uns immer darum bem\u00fcht, die Kultur des nativen Oliven\u00f6ls Extra zu verbreiten. Aus diesem Grunde \u00f6ffnen wir unsere \u00d6lm\u00fchle \u201aFrantoio del Poggiolo\u2018 f\u00fcr Oliven\u00f6lliebhaber und Lebensmittelexperten, die mehr \u00fcber die Geheimnisse des Oliven\u00f6ls und die besten Produktionstechniken herausfinden m\u00f6chten. Treffen, Konferenzen, Workshops und Kochkurse schaffen Gelegenheiten, um die Kenntnis mit ber\u00fchmten Chefk\u00f6chen verschiedener L\u00e4nder zu teilen.<\/p>\n<\/div>\n<\/div>\n\n\n\n<figure class=\"wp-block-image size-large is-style-default\"><img loading=\"lazy\" decoding=\"async\" width=\"1024\" height=\"485\" src=\"https:\/\/shumans-monini-stage.ccws.it\/wp-content\/uploads\/2025\/06\/Il_frantoio-1024x485.jpg\" alt=\"\" class=\"wp-image-795\" srcset=\"https:\/\/shumans-monini-stage.ccws.it\/wp-content\/uploads\/2025\/06\/Il_frantoio-1024x485.jpg 1024w, https:\/\/shumans-monini-stage.ccws.it\/wp-content\/uploads\/2025\/06\/Il_frantoio-300x142.jpg 300w, https:\/\/shumans-monini-stage.ccws.it\/wp-content\/uploads\/2025\/06\/Il_frantoio-768x364.jpg 768w, https:\/\/shumans-monini-stage.ccws.it\/wp-content\/uploads\/2025\/06\/Il_frantoio.jpg 1540w\" sizes=\"auto, (max-width: 1024px) 100vw, 1024px\" \/><\/figure>\n\n\n\n<div style=\"height:0.25em\" aria-hidden=\"true\" class=\"wp-block-spacer\"><\/div>\n<\/div>\n<\/div>\n\n\n\n<div class=\"wp-block-columns is-style-formatted\">\n<div class=\"wp-block-column\">\n<figure class=\"wp-block-image size-full\"><img loading=\"lazy\" decoding=\"async\" width=\"742\" height=\"730\" src=\"https:\/\/shumans-monini-stage.ccws.it\/wp-content\/uploads\/2025\/06\/La_casa.jpg\" alt=\"\" class=\"wp-image-797\" srcset=\"https:\/\/shumans-monini-stage.ccws.it\/wp-content\/uploads\/2025\/06\/La_casa.jpg 742w, https:\/\/shumans-monini-stage.ccws.it\/wp-content\/uploads\/2025\/06\/La_casa-300x295.jpg 300w\" sizes=\"auto, (max-width: 742px) 100vw, 742px\" \/><\/figure>\n<\/div>\n\n\n\n<div class=\"wp-block-column\">\n<h6 class=\"wp-block-heading\">DAS G\u00c4STEHAUS<\/h6>\n\n\n\n<p>Unser \u201aFrantoio del Poggiolo\u2018 verbindet moderne Landwirtschaftsmaschinen mit eleganten Wohnr\u00e4umen, die Seminar- und Konferenzteilnehmer willkommen hei\u00dfen.<\/p>\n<\/div>\n<\/div>\n\n\n\n<div class=\"wp-block-columns is-style-formatted\">\n<div class=\"wp-block-column\">\n<h6 class=\"wp-block-heading\">DAS DESIGN<\/h6>\n\n\n\n<p>Die Harmonie, mit der die verschiedenen Elemente und M\u00f6bel miteinander verbunden wurden, schaffen die behagliche, elegante und famili\u00e4re Atmosph\u00e4re.\u00a0Im Erdgeschoss befinden sich die Olivenpresse, der Portikus zum Entladen der Oliven und andere landwirtschaftliche R\u00e4ume. Der erste Stock ist der Wohnraum mit Dachbindern, Holzbalken, Terrakottab\u00f6den, Kalkputzw\u00e4nden, Jugendstil-Balustraden und Glaslampenschirmen.<\/p>\n<\/div>\n\n\n\n<div class=\"wp-block-column is-style-default\">\n<figure class=\"wp-block-image size-full\"><img loading=\"lazy\" decoding=\"async\" width=\"742\" height=\"730\" src=\"https:\/\/shumans-monini-stage.ccws.it\/wp-content\/uploads\/2025\/06\/Il_design.jpg\" alt=\"\" class=\"wp-image-794\" srcset=\"https:\/\/shumans-monini-stage.ccws.it\/wp-content\/uploads\/2025\/06\/Il_design.jpg 742w, https:\/\/shumans-monini-stage.ccws.it\/wp-content\/uploads\/2025\/06\/Il_design-300x295.jpg 300w\" sizes=\"auto, (max-width: 742px) 100vw, 742px\" \/><\/figure>\n<\/div>\n<\/div>\n\n\n\n<div class=\"wp-block-columns is-style-formatted\">\n<div class=\"wp-block-column\">\n<figure class=\"wp-block-image size-full\"><img loading=\"lazy\" decoding=\"async\" width=\"729\" height=\"718\" src=\"https:\/\/shumans-monini-stage.ccws.it\/wp-content\/uploads\/2025\/06\/Gli_ambienti.jpg\" alt=\"\" class=\"wp-image-792\" srcset=\"https:\/\/shumans-monini-stage.ccws.it\/wp-content\/uploads\/2025\/06\/Gli_ambienti.jpg 729w, https:\/\/shumans-monini-stage.ccws.it\/wp-content\/uploads\/2025\/06\/Gli_ambienti-300x295.jpg 300w\" sizes=\"auto, (max-width: 729px) 100vw, 729px\" \/><\/figure>\n<\/div>\n\n\n\n<div class=\"wp-block-column\">\n<h6 class=\"wp-block-heading\">DIE ZIMMER<\/h6>\n\n\n\n<p>Die Willkommenseingangshalle f\u00fchrt durch eine kleine Holzbibliothek, die voller B\u00fccher zu Olivenanbau und Produktionstechniken ist. Wenn man den Gang entlang weiterl\u00e4uft, kommt man in eine gro\u00dfe, moderne K\u00fcche, die wie eine gro\u00dfe B\u00fchne zu einem Wohnraum aufmacht \u2013 der Inspirationsquelle f\u00fcr K\u00fcchenkreationen, die unsere Chefk\u00f6che mit unseren Produkten zaubern. Das G\u00e4stehaus hat sieben elegante Zimmer mit privatem Badezimmer.\u00a0<\/p>\n<\/div>\n<\/div>\n\n\n\n<div style=\"height:0.25em\" aria-hidden=\"true\" class=\"wp-block-spacer\"><\/div>\n\n\n\n<div class=\"wp-block-columns\">\n<div class=\"wp-block-column\">\n<h2 class=\"wp-block-heading has-text-align-left\">DER OLIVENHAIN<\/h2>\n\n\n\n<div style=\"height:0em\" aria-hidden=\"true\" class=\"wp-block-spacer\"><\/div>\n<\/div>\n<\/div>\n\n\n\n<div class=\"wp-block-columns is-style-formatted\">\n<div class=\"wp-block-column\">\n<figure class=\"wp-block-image size-full\"><img loading=\"lazy\" decoding=\"async\" width=\"742\" height=\"730\" src=\"https:\/\/shumans-monini-stage.ccws.it\/wp-content\/uploads\/2025\/06\/Le_colline_degli_olivi.jpg\" alt=\"\" class=\"wp-image-798\" srcset=\"https:\/\/shumans-monini-stage.ccws.it\/wp-content\/uploads\/2025\/06\/Le_colline_degli_olivi.jpg 742w, https:\/\/shumans-monini-stage.ccws.it\/wp-content\/uploads\/2025\/06\/Le_colline_degli_olivi-300x295.jpg 300w\" sizes=\"auto, (max-width: 742px) 100vw, 742px\" \/><\/figure>\n<\/div>\n\n\n\n<div class=\"wp-block-column\">\n<p>\u201aFrantoio del Poggiolo\u2018 befindet sich auf einem H\u00fcgel, der sich \u00fcber vierzig; mit Olivenb\u00e4umen bepflanzten Hektar mit Blick auf das Tal von Spoleto erstreckt.&nbsp;<\/p>\n\n\n\n<p>Dies ist der Standort unseres Olivenhains mit seinen 5.500 geschichtstr\u00e4chtigen Olivenb\u00e4umen sowie 1.500 neuen B\u00e4umen, die \u00fcber f\u00fcnfundzwanzig Hektar verstreut sind.<\/p>\n<\/div>\n<\/div>\n\n\n\n<div class=\"wp-block-columns is-style-formatted\">\n<div class=\"wp-block-column\">\n<h6 class=\"wp-block-heading\">DIE OLIVENSORTEN<\/h6>\n\n\n\n<p>Einige von uns gew\u00e4hlte Olivensorten sind einheimisch, andere sind importiert: Dies erlaubt uns, jede Wachstums-, Ernte- und Arbeitsvariable und -phase zu studieren.<\/p>\n\n\n\n<p>Fast 80 % unserer Oliven geh\u00f6ren zur Sorte Moraiolo, die fast nur in Umbrien angetroffen wird. Sie ist eine Erkennungseigenschaft der \u00d6le von Assisi-Spoleto. Weitere 12 % sind Frantoio, 4,5 % ist Leccino, zwei edle Cultivar, die f\u00fcr Mittelitalien typisch sind, w\u00e4hrend 3,5 % aus anderen Sorten bestehen.<\/p>\n<\/div>\n\n\n\n<div class=\"wp-block-column\">\n<figure class=\"wp-block-image size-full\"><img loading=\"lazy\" decoding=\"async\" width=\"740\" height=\"1128\" src=\"https:\/\/shumans-monini-stage.ccws.it\/wp-content\/uploads\/2025\/06\/Le_cultivar.jpg\" alt=\"\" class=\"wp-image-799\" style=\"aspect-ratio:1;object-fit:cover\" srcset=\"https:\/\/shumans-monini-stage.ccws.it\/wp-content\/uploads\/2025\/06\/Le_cultivar.jpg 740w, https:\/\/shumans-monini-stage.ccws.it\/wp-content\/uploads\/2025\/06\/Le_cultivar-197x300.jpg 197w, https:\/\/shumans-monini-stage.ccws.it\/wp-content\/uploads\/2025\/06\/Le_cultivar-672x1024.jpg 672w\" sizes=\"auto, (max-width: 740px) 100vw, 740px\" \/><\/figure>\n<\/div>\n<\/div>\n\n\n\n<div style=\"height:0.25em\" aria-hidden=\"true\" class=\"wp-block-spacer\"><\/div>\n\n\n\n<div class=\"wp-block-columns\">\n<div class=\"wp-block-column\">\n<h2 class=\"wp-block-heading\">DAS LABOR<\/h2>\n\n\n\n<div style=\"height:0em\" aria-hidden=\"true\" class=\"wp-block-spacer\"><\/div>\n<\/div>\n<\/div>\n\n\n\n<div class=\"wp-block-columns is-style-formatted\">\n<div class=\"wp-block-column\">\n<figure class=\"wp-block-image size-full\"><img loading=\"lazy\" decoding=\"async\" width=\"1137\" height=\"758\" src=\"https:\/\/shumans-monini-stage.ccws.it\/wp-content\/uploads\/2025\/06\/Il_laboratorio.png\" alt=\"\" class=\"wp-image-796\" srcset=\"https:\/\/shumans-monini-stage.ccws.it\/wp-content\/uploads\/2025\/06\/Il_laboratorio.png 1137w, https:\/\/shumans-monini-stage.ccws.it\/wp-content\/uploads\/2025\/06\/Il_laboratorio-700x467.png 700w, https:\/\/shumans-monini-stage.ccws.it\/wp-content\/uploads\/2025\/06\/Il_laboratorio-1024x683.png 1024w, https:\/\/shumans-monini-stage.ccws.it\/wp-content\/uploads\/2025\/06\/Il_laboratorio-768x512.png 768w\" sizes=\"auto, (max-width: 1137px) 100vw, 1137px\" \/><\/figure>\n<\/div>\n\n\n\n<div class=\"wp-block-column\">\n<p>Die Avantgarde-Maschinen, die wir f\u00fcr die n\u00e4chsten Phasen des Olivenanbaus ben\u00f6tigen, sind ebenso wichtig. \u201aFrantoio del Poggiolo\u2018 ist ein absolut hochleistungsf\u00e4higes Technologiezentrum, das eine hochwertige Produktion garantiert. Unser Nischenprodukt \u201aNovello\u2018, ein ungefiltertes, natives Oliven\u00f6l Extra wird hier ebenso in winzigen Mengen hergestellt.<\/p>\n<\/div>\n<\/div>\n\n\n\n<div style=\"height:0.25em\" aria-hidden=\"true\" class=\"wp-block-spacer\"><\/div>\n\n\n\n<div class=\"wp-block-columns is-style-formatted\">\n<div class=\"wp-block-column\">\n<h6 class=\"wp-block-heading\">DER ANBAU<\/h6>\n\n\n\n<p>Ausgeglichene, native Oliven\u00f6l Extra-Aromen und die Verleihung eines edlen Geschmackes bedeuten, dass man die richtigen Cultivar ausw\u00e4hlen muss.&nbsp;<\/p>\n\n\n\n<p>Jede Sorte hat ihre eigenen Eigenschaften und jedes Jahr machen Klima, Boden und Jahreszeitenwechsel einen Unterschied.&nbsp;<\/p>\n\n\n\n<p>Die ideale Mischung h\u00e4ngt mit den Rezepten zusammen, bei denen die besten \u00d6le einer gegebenen Ernte miteinander verbunden werden.<\/p>\n<\/div>\n\n\n\n<div class=\"wp-block-column\">\n<h6 class=\"wp-block-heading\">DIE ARBEIT<\/h6>\n\n\n\n<p>Die Qualit\u00e4t h\u00e4ngt nicht einfach von einem guten Rohstoff ab. Vielmehr bedarf es auch der korrekten Verfahren, ohne Elemente wie Erntezeit, -methoden und -lagerung au\u00dfer Acht zu lassen, die einen Einfluss auf den Geschmack des Endproduktes haben k\u00f6nnen.<\/p>\n\n\n\n<p>Bew\u00e4sserung und verschiedene Arbeitszeiten werden auf Basis der Oliven-, Sorten- und Wetterbedingungen beschlossen.<\/p>\n<\/div>\n<\/div>\n\n\n\n<div style=\"height:0.25em\" aria-hidden=\"true\" class=\"wp-block-spacer\"><\/div>\n","protected":false},"excerpt":{"rendered":"<p>Die Essenz der best\u00e4ndigen und sorgf\u00e4ltigen Arbeit, die uns immer besonders ausgezeichnet hat.<\/p>\n","protected":false},"author":3,"featured_media":6151,"parent":0,"menu_order":0,"comment_status":"closed","ping_status":"closed","template":"","meta":{"_acf_changed":false,"footnotes":""},"class_list":["post-34022","page","type-page","status-publish","has-post-thumbnail","hentry"],"yoast_head":"<!-- This site is optimized with the Yoast SEO plugin v25.8 - https:\/\/yoast.com\/wordpress\/plugins\/seo\/ -->\n<title>Die \u00d6lm\u00fchle &quot;Frantoio del Poggiolo&quot; - Monini<\/title>\n<meta name=\"robots\" content=\"noindex, follow, max-snippet:-1, max-image-preview:large, max-video-preview:-1\" \/>\n<meta property=\"og:locale\" content=\"de_DE\" \/>\n<meta property=\"og:type\" content=\"article\" \/>\n<meta property=\"og:title\" content=\"Die \u00d6lm\u00fchle &quot;Frantoio del Poggiolo&quot; - Monini\" \/>\n<meta property=\"og:description\" content=\"Die Essenz der best\u00e4ndigen und sorgf\u00e4ltigen Arbeit, die uns immer besonders ausgezeichnet hat.\" \/>\n<meta property=\"og:url\" content=\"https:\/\/shumans-monini-stage.ccws.it\/de-ch\/die-oelmuehle-frantoio-del-poggiolo\/\" \/>\n<meta property=\"og:site_name\" content=\"Monini\" \/>\n<meta property=\"article:publisher\" content=\"https:\/\/www.facebook.com\/MoniniOlio\/\" \/>\n<meta property=\"article:modified_time\" content=\"2025-08-18T10:50:37+00:00\" \/>\n<meta property=\"og:image\" content=\"https:\/\/shumans-monini-stage.ccws.it\/wp-content\/uploads\/2025\/06\/frantoio-1.jpg\" \/>\n\t<meta property=\"og:image:width\" content=\"700\" \/>\n\t<meta property=\"og:image:height\" content=\"467\" \/>\n\t<meta property=\"og:image:type\" content=\"image\/jpeg\" \/>\n<meta name=\"twitter:card\" content=\"summary_large_image\" \/>\n<meta name=\"twitter:label1\" content=\"Gesch\u00e4tzte Lesezeit\" \/>\n\t<meta name=\"twitter:data1\" content=\"5\u00a0Minuten\" \/>\n<script type=\"application\/ld+json\" class=\"yoast-schema-graph\">{\"@context\":\"https:\/\/schema.org\",\"@graph\":[{\"@type\":\"WebPage\",\"@id\":\"https:\/\/shumans-monini-stage.ccws.it\/de-ch\/die-oelmuehle-frantoio-del-poggiolo\/\",\"url\":\"https:\/\/shumans-monini-stage.ccws.it\/de-ch\/die-oelmuehle-frantoio-del-poggiolo\/\",\"name\":\"Die \u00d6lm\u00fchle \\\"Frantoio del Poggiolo\\\" - Monini\",\"isPartOf\":{\"@id\":\"https:\/\/shumans-monini-stage.ccws.it\/de-ch\/#website\"},\"primaryImageOfPage\":{\"@id\":\"https:\/\/shumans-monini-stage.ccws.it\/de-ch\/die-oelmuehle-frantoio-del-poggiolo\/#primaryimage\"},\"image\":{\"@id\":\"https:\/\/shumans-monini-stage.ccws.it\/de-ch\/die-oelmuehle-frantoio-del-poggiolo\/#primaryimage\"},\"thumbnailUrl\":\"https:\/\/shumans-monini-stage.ccws.it\/wp-content\/uploads\/2025\/06\/frantoio-1.jpg\",\"datePublished\":\"2025-06-20T15:39:45+00:00\",\"dateModified\":\"2025-08-18T10:50:37+00:00\",\"breadcrumb\":{\"@id\":\"https:\/\/shumans-monini-stage.ccws.it\/de-ch\/die-oelmuehle-frantoio-del-poggiolo\/#breadcrumb\"},\"inLanguage\":\"de-CH\",\"potentialAction\":[{\"@type\":\"ReadAction\",\"target\":[\"https:\/\/shumans-monini-stage.ccws.it\/de-ch\/die-oelmuehle-frantoio-del-poggiolo\/\"]}]},{\"@type\":\"ImageObject\",\"inLanguage\":\"de-CH\",\"@id\":\"https:\/\/shumans-monini-stage.ccws.it\/de-ch\/die-oelmuehle-frantoio-del-poggiolo\/#primaryimage\",\"url\":\"https:\/\/shumans-monini-stage.ccws.it\/wp-content\/uploads\/2025\/06\/frantoio-1.jpg\",\"contentUrl\":\"https:\/\/shumans-monini-stage.ccws.it\/wp-content\/uploads\/2025\/06\/frantoio-1.jpg\",\"width\":700,\"height\":467},{\"@type\":\"BreadcrumbList\",\"@id\":\"https:\/\/shumans-monini-stage.ccws.it\/de-ch\/die-oelmuehle-frantoio-del-poggiolo\/#breadcrumb\",\"itemListElement\":[{\"@type\":\"ListItem\",\"position\":1,\"name\":\"Home\",\"item\":\"https:\/\/shumans-monini-stage.ccws.it\/de-ch\/\"},{\"@type\":\"ListItem\",\"position\":2,\"name\":\"Die \u00d6lm\u00fchle &#171;Frantoio del Poggiolo&#187;\"}]},{\"@type\":\"WebSite\",\"@id\":\"https:\/\/shumans-monini-stage.ccws.it\/de-ch\/#website\",\"url\":\"https:\/\/shumans-monini-stage.ccws.it\/de-ch\/\",\"name\":\"Monini\",\"description\":\"Una spremuta di olive\",\"potentialAction\":[{\"@type\":\"SearchAction\",\"target\":{\"@type\":\"EntryPoint\",\"urlTemplate\":\"https:\/\/shumans-monini-stage.ccws.it\/de-ch\/?s={search_term_string}\"},\"query-input\":{\"@type\":\"PropertyValueSpecification\",\"valueRequired\":true,\"valueName\":\"search_term_string\"}}],\"inLanguage\":\"de-CH\"}]}<\/script>\n<!-- \/ Yoast SEO plugin. -->","yoast_head_json":{"title":"Die \u00d6lm\u00fchle \"Frantoio del Poggiolo\" - Monini","robots":{"index":"noindex","follow":"follow","max-snippet":"max-snippet:-1","max-image-preview":"max-image-preview:large","max-video-preview":"max-video-preview:-1"},"og_locale":"de_DE","og_type":"article","og_title":"Die \u00d6lm\u00fchle \"Frantoio del Poggiolo\" - Monini","og_description":"Die Essenz der best\u00e4ndigen und sorgf\u00e4ltigen Arbeit, die uns immer besonders ausgezeichnet hat.","og_url":"https:\/\/shumans-monini-stage.ccws.it\/de-ch\/die-oelmuehle-frantoio-del-poggiolo\/","og_site_name":"Monini","article_publisher":"https:\/\/www.facebook.com\/MoniniOlio\/","article_modified_time":"2025-08-18T10:50:37+00:00","og_image":[{"width":700,"height":467,"url":"https:\/\/shumans-monini-stage.ccws.it\/wp-content\/uploads\/2025\/06\/frantoio-1.jpg","type":"image\/jpeg"}],"twitter_card":"summary_large_image","twitter_misc":{"Gesch\u00e4tzte Lesezeit":"5\u00a0Minuten"},"schema":{"@context":"https:\/\/schema.org","@graph":[{"@type":"WebPage","@id":"https:\/\/shumans-monini-stage.ccws.it\/de-ch\/die-oelmuehle-frantoio-del-poggiolo\/","url":"https:\/\/shumans-monini-stage.ccws.it\/de-ch\/die-oelmuehle-frantoio-del-poggiolo\/","name":"Die \u00d6lm\u00fchle \"Frantoio del Poggiolo\" - Monini","isPartOf":{"@id":"https:\/\/shumans-monini-stage.ccws.it\/de-ch\/#website"},"primaryImageOfPage":{"@id":"https:\/\/shumans-monini-stage.ccws.it\/de-ch\/die-oelmuehle-frantoio-del-poggiolo\/#primaryimage"},"image":{"@id":"https:\/\/shumans-monini-stage.ccws.it\/de-ch\/die-oelmuehle-frantoio-del-poggiolo\/#primaryimage"},"thumbnailUrl":"https:\/\/shumans-monini-stage.ccws.it\/wp-content\/uploads\/2025\/06\/frantoio-1.jpg","datePublished":"2025-06-20T15:39:45+00:00","dateModified":"2025-08-18T10:50:37+00:00","breadcrumb":{"@id":"https:\/\/shumans-monini-stage.ccws.it\/de-ch\/die-oelmuehle-frantoio-del-poggiolo\/#breadcrumb"},"inLanguage":"de-CH","potentialAction":[{"@type":"ReadAction","target":["https:\/\/shumans-monini-stage.ccws.it\/de-ch\/die-oelmuehle-frantoio-del-poggiolo\/"]}]},{"@type":"ImageObject","inLanguage":"de-CH","@id":"https:\/\/shumans-monini-stage.ccws.it\/de-ch\/die-oelmuehle-frantoio-del-poggiolo\/#primaryimage","url":"https:\/\/shumans-monini-stage.ccws.it\/wp-content\/uploads\/2025\/06\/frantoio-1.jpg","contentUrl":"https:\/\/shumans-monini-stage.ccws.it\/wp-content\/uploads\/2025\/06\/frantoio-1.jpg","width":700,"height":467},{"@type":"BreadcrumbList","@id":"https:\/\/shumans-monini-stage.ccws.it\/de-ch\/die-oelmuehle-frantoio-del-poggiolo\/#breadcrumb","itemListElement":[{"@type":"ListItem","position":1,"name":"Home","item":"https:\/\/shumans-monini-stage.ccws.it\/de-ch\/"},{"@type":"ListItem","position":2,"name":"Die \u00d6lm\u00fchle &#171;Frantoio del Poggiolo&#187;"}]},{"@type":"WebSite","@id":"https:\/\/shumans-monini-stage.ccws.it\/de-ch\/#website","url":"https:\/\/shumans-monini-stage.ccws.it\/de-ch\/","name":"Monini","description":"Una spremuta di olive","potentialAction":[{"@type":"SearchAction","target":{"@type":"EntryPoint","urlTemplate":"https:\/\/shumans-monini-stage.ccws.it\/de-ch\/?s={search_term_string}"},"query-input":{"@type":"PropertyValueSpecification","valueRequired":true,"valueName":"search_term_string"}}],"inLanguage":"de-CH"}]}},"acf":[],"_links":{"self":[{"href":"https:\/\/shumans-monini-stage.ccws.it\/de-ch\/wp-json\/wp\/v2\/pages\/34022","targetHints":{"allow":["GET"]}}],"collection":[{"href":"https:\/\/shumans-monini-stage.ccws.it\/de-ch\/wp-json\/wp\/v2\/pages"}],"about":[{"href":"https:\/\/shumans-monini-stage.ccws.it\/de-ch\/wp-json\/wp\/v2\/types\/page"}],"author":[{"embeddable":true,"href":"https:\/\/shumans-monini-stage.ccws.it\/de-ch\/wp-json\/wp\/v2\/users\/3"}],"replies":[{"embeddable":true,"href":"https:\/\/shumans-monini-stage.ccws.it\/de-ch\/wp-json\/wp\/v2\/comments?post=34022"}],"version-history":[{"count":1,"href":"https:\/\/shumans-monini-stage.ccws.it\/de-ch\/wp-json\/wp\/v2\/pages\/34022\/revisions"}],"predecessor-version":[{"id":34023,"href":"https:\/\/shumans-monini-stage.ccws.it\/de-ch\/wp-json\/wp\/v2\/pages\/34022\/revisions\/34023"}],"wp:featuredmedia":[{"embeddable":true,"href":"https:\/\/shumans-monini-stage.ccws.it\/de-ch\/wp-json\/wp\/v2\/media\/6151"}],"wp:attachment":[{"href":"https:\/\/shumans-monini-stage.ccws.it\/de-ch\/wp-json\/wp\/v2\/media?parent=34022"}],"curies":[{"name":"wp","href":"https:\/\/api.w.org\/{rel}","templated":true}]}}