{"id":34034,"date":"2025-06-10T16:18:56","date_gmt":"2025-06-10T14:18:56","guid":{"rendered":"https:\/\/shumans-monini-stage.ccws.it\/?page_id=34034"},"modified":"2025-08-18T14:53:59","modified_gmt":"2025-08-18T12:53:59","slug":"nachhaltigkeit","status":"publish","type":"page","link":"https:\/\/shumans-monini-stage.ccws.it\/de-ch\/nachhaltigkeit\/","title":{"rendered":"Nachhaltigkeit"},"content":{"rendered":"\n<div class=\"wp-block-group is-style-spaced\"><div class=\"wp-block-group__inner-container\">\n<h2 class=\"wp-block-heading has-text-align-center\">MONINI 2030<\/h2>\n\n\n<figure class=\"wp-block-video\"><div class=\"monini_player\" data-plyr-provider=\"youtube\" data-plyr-embed-id=\"https:\/\/www.youtube.com\/watch?v=C_BOJtzp7WU&#038;list=TLGGu08D0Qyqa80xODA4MjAyNQ\"><\/div><\/figure>\n\n\n<div style=\"height:50px\" aria-hidden=\"true\" class=\"wp-block-spacer\"><\/div>\n\n\n\n<h2 class=\"wp-block-heading has-text-align-center\">DER WEG ZUR NACHHALTIGKEIT<\/h2>\n\n\n\n<div class=\"wp-block-columns\">\n<div class=\"wp-block-column\">\n<p>Die Welt der Ern\u00e4hrung steht heute vor immer komplexeren und vielf\u00e4ltigeren Herausforderungen.&nbsp;<strong>Nachhaltige Entwicklung<\/strong>&nbsp;betrifft nicht nur die Umweltdimension, sondern hat auch bedeutende sozio\u00f6konomische Auswirkungen, sowohl in Bezug auf Produktion als auch auf Konsum. Ein unausgewogener Lebensstil und reduzierte Garantien f\u00fcr die Lebensmittelsicherheit beeintr\u00e4chtigen die individuelle und kollektive Gesundheit und das Wohlbefinden.<\/p>\n\n\n\n<p>Die&nbsp;<strong>Leidenschaft f\u00fcr Qualit\u00e4t und die Aufmerksamkeit f\u00fcr den Schutz und die Pflege des Territoriums<\/strong>&nbsp;haben unsere T\u00e4tigkeit als Familienunternehmen mit einer nat\u00fcrlichen Berufung zur Nachhaltigkeit stets geleitet.<\/p>\n<\/div>\n\n\n\n<div class=\"wp-block-column\">\n<p>Die im Laufe einer hundertj\u00e4hrigen Geschichte gesammelte Erfahrung wird heute zu einem grundlegenden Instrument, um strategisch auf diese Herausforderungen zu reagieren, die Umweltfolgen der Klimakrise zu bew\u00e4ltigen,&nbsp;<strong>die Exzellenz der italienischen Produktion zu unterst\u00fctzen und den sozialen Wert des Sektors zu sch\u00fctzen<\/strong>.<\/p>\n\n\n\n<p>Die Entscheidungen, die wir im Laufe der Jahre getroffen haben, haben uns dazu veranlasst, neue Wege zu finden, um eine gr\u00f6\u00dfere Widerstandsf\u00e4higkeit gegen\u00fcber Ver\u00e4nderungen im Agrarsektor zu gew\u00e4hrleisten, indem wir das Potenzial nutzen, das der technologische Fortschritt bietet,&nbsp;<strong>um die Auswirkungen auf die Umwelt zu verringern und den Verbrauch sicherer zu machen.<\/strong><\/p>\n<\/div>\n<\/div>\n\n\n\n<div style=\"height:50px\" aria-hidden=\"true\" class=\"wp-block-spacer\"><\/div>\n\n\n\n<blockquote class=\"wp-block-quote is-layout-flow wp-block-quote-is-layout-flow\">\n<p>Der Plan bis 2030 ist Teil dieses Weges und projiziert unser Engagement f\u00fcr Nachhaltigkeit in die Zukunft.<\/p>\n<\/blockquote>\n\n\n\n<div style=\"height:50px\" aria-hidden=\"true\" class=\"wp-block-spacer\"><\/div>\n<\/div><\/div>\n\n\n\n<h2 class=\"wp-block-heading has-text-align-center\">PROJEKTZIELE<\/h2>\n\n\n\n<div class=\"wp-block-group is-style-spaced\"><div class=\"wp-block-group__inner-container\">\n<div class=\"wp-block-media-text is-stacked-on-mobile\"><figure class=\"wp-block-media-text__media\"><img loading=\"lazy\" decoding=\"async\" width=\"548\" height=\"730\" src=\"https:\/\/shumans-monini-stage.ccws.it\/wp-content\/uploads\/2025\/06\/mfm_zm_742x730-1-edited.jpg\" alt=\"\" class=\"wp-image-8607 size-full\" srcset=\"https:\/\/shumans-monini-stage.ccws.it\/wp-content\/uploads\/2025\/06\/mfm_zm_742x730-1-edited.jpg 548w, https:\/\/shumans-monini-stage.ccws.it\/wp-content\/uploads\/2025\/06\/mfm_zm_742x730-1-edited-525x700.jpg 525w\" sizes=\"auto, (max-width: 548px) 100vw, 548px\" \/><\/figure><div class=\"wp-block-media-text__content\">\n<p>Unser&nbsp;<strong>erster Nachhaltigkeitsplan&nbsp;<\/strong>entstand aus dem Wunsch heraus, ein Instrument zu sein, mit dem wir allen unseren Interessengruppen auf einfache Weise die Strategie vermitteln k\u00f6nnen, mit der wir beabsichtigen, zum Wohlergehen dieser und der kommenden Generation von heute bis in die n\u00e4chsten zehn Jahre beizutragen.<\/p>\n\n\n\n<p><strong>Die Entwicklung eines strategischen Plans mit einem langfristigen Horizont<\/strong>&nbsp;setzt zun\u00e4chst einmal das Bem\u00fchen voraus, sich die Entwicklung von Zukunftsszenarien vorzustellen. Dazu war es unerl\u00e4sslich, die wichtigsten demografischen, wirtschaftlichen, klimatischen und \u00f6kologischen Trends auf globaler Ebene zu verstehen und die Themen, auf die wir unsere Bem\u00fchungen konzentrieren werden, sowie die damit verbundenen Wirkungsbereiche zu ermitteln.<\/p>\n<\/div><\/div>\n<\/div><\/div>\n\n\n\n<div class=\"wp-block-group is-style-spaced\"><div class=\"wp-block-group__inner-container\">\n<div class=\"wp-block-media-text has-media-on-the-right is-stacked-on-mobile\"><div class=\"wp-block-media-text__content\">\n<p>Wir haben uns daher zum Ziel gesetzt, die Aktionslinien zu definieren, die in der Lage sind, auf die aktuellen Herausforderungen zu reagieren und k\u00fcnftige Bed\u00fcrfnisse zu antizipieren, indem wir uns an der Entwicklung des Sektors und der Regionen, in denen wir derzeit t\u00e4tig sind, beteiligen.&nbsp;<strong>Das Studium ausgezeichneter Praktiken im \u00d6l- und Nahrungsmittelsektor<\/strong>&nbsp;hat die Umsetzung von Nachhaltigkeitsl\u00f6sungen nach dem Vorbild der besten internationalen Beispiele erm\u00f6glicht.<br>Der Wunsch, einen gemeinsamen Wert zu schaffen, ist der rote Faden, der unsere verschiedenen Ambitionen verbindet: Der erzeugte wirtschaftliche Wert muss nicht nur dem Unternehmen, sondern auch den Stakeholdern und dem Gebiet, in dem es t\u00e4tig ist, Vorteile bringen<\/p>\n\n\n\n<p>Die im Plan definierten Ziele und Ma\u00dfnahmen sind das Ergebnis eines Weges, der mit allen Abteilungen des Unternehmens geteilt wird. In den Bauprozess wurden die wichtigsten Stakeholdern einbezogen, die konkret zur Definition von Horizont 2030 in den Bereichen Umweltfragen, gesunde Ern\u00e4hrung, Gesundheit und Ern\u00e4hrungserziehung beigetragen haben.<\/p>\n<\/div><figure class=\"wp-block-media-text__media\"><img loading=\"lazy\" decoding=\"async\" width=\"419\" height=\"558\" src=\"https:\/\/shumans-monini-stage.ccws.it\/wp-content\/uploads\/2025\/06\/La-passione-per-lalta-qualita-edited.png\" alt=\"\" class=\"wp-image-7615 size-full\"\/><\/figure><\/div>\n<\/div><\/div>\n\n\n\n<div class=\"wp-block-group is-style-spaced\"><div class=\"wp-block-group__inner-container\">\n<blockquote class=\"wp-block-quote is-layout-flow wp-block-quote-is-layout-flow\">\n<p>Der Plan stellt eine zehnj\u00e4hrige Reise zur F\u00f6rderung und zum Aufbau einer nachhaltigeren, gerechteren und bewussteren Zukunft dar. Das Engagement wird entlang DREIER MAKROINTERVENTIONSGEBIETE skizziert und zeichnet einen Weg zur Nachhaltigkeit nach, der vom Feld ausgeht und am Tisch ankommt:<\/p>\n<\/blockquote>\n<\/div><\/div>\n\n\n\n<div class=\"wp-block-group is-style-spaced\"><div class=\"wp-block-group__inner-container\">\n<div class=\"wp-block-media-text is-stacked-on-mobile\"><figure class=\"wp-block-media-text__media\"><img loading=\"lazy\" decoding=\"async\" width=\"754\" height=\"754\" src=\"https:\/\/shumans-monini-stage.ccws.it\/wp-content\/uploads\/2025\/08\/INCAMPO_ch_de.jpg\" alt=\"\" class=\"wp-image-34052 size-full\" srcset=\"https:\/\/shumans-monini-stage.ccws.it\/wp-content\/uploads\/2025\/08\/INCAMPO_ch_de.jpg 754w, https:\/\/shumans-monini-stage.ccws.it\/wp-content\/uploads\/2025\/08\/INCAMPO_ch_de-700x700.jpg 700w, https:\/\/shumans-monini-stage.ccws.it\/wp-content\/uploads\/2025\/08\/INCAMPO_ch_de-125x125.jpg 125w\" sizes=\"auto, (max-width: 754px) 100vw, 754px\" \/><\/figure><div class=\"wp-block-media-text__content\">\n<hr class=\"wp-block-separator has-alpha-channel-opacity\"\/>\n\n\n\n<p>Wir werden unsere Bem\u00fchungen zur Bek\u00e4mpfung des Klimawandels und zum Schutz der nat\u00fcrlichen Ressourcen fortsetzen und verst\u00e4rken und dabei vor Ort ansetzen. Die Technologie wird zu einem wertvollen Verb\u00fcndeten, nicht nur um die Umwandlungstechniken zu verfeinern, sondern auch um den Verbrauch zu reduzieren und einen verantwortungsvolleren Umgang mit Wasser und Boden zu erm\u00f6glichen.&nbsp;<strong>100% der Olivenhaine, die mit integriertem oder biologischem Anbau<\/strong>&nbsp;in \u00d6kosystemen angebaut werden, die tr\u00f6pfchenweise mit \u00d6l und Bew\u00e4sserung bepflanzt werden,&nbsp;<strong>1 Million neue B\u00e4ume gepflanzt<\/strong>&nbsp;und \u00fcber&nbsp;<strong>50 Tausend Tonnen CO2 abgesondert:<\/strong>&nbsp;Dies sind die Ziele, die wir uns gesetzt haben, um ein Landwirtschaftsmodell zu erreichen, das im Einklang mit der Umwelt steht und sicher ist und in der Lage ist, den ganzen Wert der biologischen Vielfalt zu erhalten.<\/p>\n\n\n\n<hr class=\"wp-block-separator has-alpha-channel-opacity\"\/>\n<\/div><\/div>\n<\/div><\/div>\n\n\n\n<div class=\"wp-block-group is-style-spaced\"><div class=\"wp-block-group__inner-container\">\n<div class=\"wp-block-media-text is-stacked-on-mobile\"><figure class=\"wp-block-media-text__media\"><img loading=\"lazy\" decoding=\"async\" width=\"754\" height=\"754\" src=\"https:\/\/shumans-monini-stage.ccws.it\/wp-content\/uploads\/2025\/08\/DENTROLABOTTIGLIA_ch_de.jpg\" alt=\"\" class=\"wp-image-34068 size-full\" srcset=\"https:\/\/shumans-monini-stage.ccws.it\/wp-content\/uploads\/2025\/08\/DENTROLABOTTIGLIA_ch_de.jpg 754w, https:\/\/shumans-monini-stage.ccws.it\/wp-content\/uploads\/2025\/08\/DENTROLABOTTIGLIA_ch_de-700x700.jpg 700w, https:\/\/shumans-monini-stage.ccws.it\/wp-content\/uploads\/2025\/08\/DENTROLABOTTIGLIA_ch_de-125x125.jpg 125w\" sizes=\"auto, (max-width: 754px) 100vw, 754px\" \/><\/figure><div class=\"wp-block-media-text__content\">\n<hr class=\"wp-block-separator has-alpha-channel-opacity\"\/>\n\n\n\n<p>Die Qualit\u00e4t des nativen Oliven\u00f6ls Extra, die Tradition seiner Herstellung und die Sorgfalt in allen seinen Phasen stellen das gro\u00dfe Erbe dar, das wir st\u00e4ndig verteidigen und aufwerten wollen.<\/p>\n\n\n\n<p>Aus diesem Grund beabsichtigen wir,&nbsp;<strong>100% unserer Produkte italienischer Herkunft<\/strong>&nbsp;mit dem Zeichen des&nbsp;<strong>Consorzio Extravergine di Qualit\u00e0<\/strong>&nbsp;zu zertifizieren, die&nbsp;<strong>R\u00fcckverfolgbarkeit<\/strong>&nbsp;durch die Blockkettentechnologie zu erh\u00f6hen und immer leichtere Verpackungen zu verwenden, wobei&nbsp;<strong>recycelte Materialien<\/strong>&nbsp;und das Design einer neuen nachhaltigen Flasche zum Einsatz kommen sollen.<\/p>\n\n\n\n<hr class=\"wp-block-separator has-alpha-channel-opacity\"\/>\n<\/div><\/div>\n<\/div><\/div>\n\n\n\n<div class=\"wp-block-group is-style-spaced\"><div class=\"wp-block-group__inner-container\">\n<div class=\"wp-block-media-text is-stacked-on-mobile\"><figure class=\"wp-block-media-text__media\"><img loading=\"lazy\" decoding=\"async\" width=\"754\" height=\"754\" src=\"https:\/\/shumans-monini-stage.ccws.it\/wp-content\/uploads\/2025\/08\/SULLATAVOLA_ch_de.jpg\" alt=\"\" class=\"wp-image-34082 size-full\" srcset=\"https:\/\/shumans-monini-stage.ccws.it\/wp-content\/uploads\/2025\/08\/SULLATAVOLA_ch_de.jpg 754w, https:\/\/shumans-monini-stage.ccws.it\/wp-content\/uploads\/2025\/08\/SULLATAVOLA_ch_de-700x700.jpg 700w, https:\/\/shumans-monini-stage.ccws.it\/wp-content\/uploads\/2025\/08\/SULLATAVOLA_ch_de-125x125.jpg 125w\" sizes=\"auto, (max-width: 754px) 100vw, 754px\" \/><\/figure><div class=\"wp-block-media-text__content\">\n<hr class=\"wp-block-separator has-alpha-channel-opacity\"\/>\n\n\n\n<p>Durch Investitionen in&nbsp;<strong>Gesundheit und Wohlergehen k\u00fcnftiger Generationen<\/strong>&nbsp;wollen wir zehn Jahre lang die Unterst\u00fctzung der wissenschaftlichen Forschung \u00fcber die nutrazeutischen und nutrigenomischen Eigenschaften des nativen Oliven\u00f6ls extra garantieren und&nbsp;<strong>experimentelle und wissenschaftliche Verbreitungsprojekte<\/strong>&nbsp;auch in Zusammenarbeit mit der&nbsp;<strong>Stiftung Umberto Veronesi<\/strong>&nbsp;durchf\u00fchren.<\/p>\n\n\n\n<p>Wir werden auch&nbsp;<strong>die Ern\u00e4hrungserziehung von 1 Million Kindern<\/strong>&nbsp;in 14.000 Schulen unterst\u00fctzen, und um eine gesunde Lebensweise zu f\u00f6rdern, werden wir eine&nbsp;<strong>Reihe von gro\u00dfen Sportveranstaltungen unterst\u00fctzen<\/strong>, mit dem Ziel, jedes Jahr 200.000 Menschen zu treffen.<\/p>\n\n\n\n<hr class=\"wp-block-separator has-alpha-channel-opacity\"\/>\n<\/div><\/div>\n<\/div><\/div>\n\n\n\n<div class=\"wp-block-group is-style-spaced\"><div class=\"wp-block-group__inner-container\">\n<blockquote class=\"wp-block-quote is-layout-flow wp-block-quote-is-layout-flow\">\n<p>Bei Monini blicken wir mit Zuversicht und Kompetenz in die Zukunft, mit dem Versprechen, unserer Philosophie treu zu bleiben: der Natur und dem Territorium nichts wegzunehmen, mit der Verpflichtung, den Verbrauchern stets ein Produkt von h\u00f6chster Qualit\u00e4t anzubieten, das gut f\u00fcr die Gesundheit ist und einen unverwechselbaren Geschmack hat, nicht nur in Italien, sondern auch im Rest der Welt. Natives Oliven\u00f6l Extra soll ZUM ERBE ALLER werden.<\/p>\n<\/blockquote>\n<\/div><\/div>\n\n\n\n<div style=\"height:50px\" aria-hidden=\"true\" class=\"wp-block-spacer\"><\/div>\n\n\n\n<p class=\"has-text-align-center\"><strong><a href=\"https:\/\/www.monini.com\/content\/wp-content\/uploads\/2024\/01\/BilancioMonini2022_englow.pdf\" target=\"_blank\" rel=\"noreferrer noopener\">LADEN SIE DAS BUCH HIER HERUNTER<\/a><\/strong><\/p>\n\n\n\n<div style=\"height:50px\" aria-hidden=\"true\" class=\"wp-block-spacer\"><\/div>\n\n\n<div class=\"wp-block-image\">\n<figure class=\"aligncenter size-large\"><img loading=\"lazy\" decoding=\"async\" width=\"1024\" height=\"598\" src=\"https:\/\/shumans-monini-stage.ccws.it\/wp-content\/uploads\/2025\/08\/tavolata_1540x900-1-1024x598.jpg\" alt=\"\" class=\"wp-image-34096\" srcset=\"https:\/\/shumans-monini-stage.ccws.it\/wp-content\/uploads\/2025\/08\/tavolata_1540x900-1-1024x598.jpg 1024w, https:\/\/shumans-monini-stage.ccws.it\/wp-content\/uploads\/2025\/08\/tavolata_1540x900-1-700x409.jpg 700w, https:\/\/shumans-monini-stage.ccws.it\/wp-content\/uploads\/2025\/08\/tavolata_1540x900-1-768x449.jpg 768w, https:\/\/shumans-monini-stage.ccws.it\/wp-content\/uploads\/2025\/08\/tavolata_1540x900-1.jpg 1540w\" sizes=\"auto, (max-width: 1024px) 100vw, 1024px\" \/><\/figure>\n<\/div>","protected":false},"excerpt":{"rendered":"<p>100 Jahre Geschichte, 10 Jahre, um eine neue Zukunft aufzubauen.<\/p>\n","protected":false},"author":3,"featured_media":34035,"parent":0,"menu_order":0,"comment_status":"closed","ping_status":"closed","template":"page-sustainability.php","meta":{"_acf_changed":false,"footnotes":""},"class_list":["post-34034","page","type-page","status-publish","has-post-thumbnail","hentry"],"yoast_head":"<!-- This site is optimized with the Yoast SEO plugin v25.8 - https:\/\/yoast.com\/wordpress\/plugins\/seo\/ -->\n<title>Nachhaltigkeit - Monini<\/title>\n<meta name=\"robots\" content=\"noindex, follow, max-snippet:-1, max-image-preview:large, max-video-preview:-1\" \/>\n<meta property=\"og:locale\" content=\"de_DE\" \/>\n<meta property=\"og:type\" content=\"article\" \/>\n<meta property=\"og:title\" content=\"Nachhaltigkeit - Monini\" \/>\n<meta property=\"og:description\" content=\"100 Jahre Geschichte, 10 Jahre, um eine neue Zukunft aufzubauen.\" \/>\n<meta property=\"og:url\" content=\"https:\/\/shumans-monini-stage.ccws.it\/de-ch\/nachhaltigkeit\/\" \/>\n<meta property=\"og:site_name\" content=\"Monini\" \/>\n<meta property=\"article:publisher\" content=\"https:\/\/www.facebook.com\/MoniniOlio\/\" \/>\n<meta property=\"article:modified_time\" content=\"2025-08-18T12:53:59+00:00\" \/>\n<meta property=\"og:image\" content=\"https:\/\/shumans-monini-stage.ccws.it\/wp-content\/uploads\/2025\/06\/sustainability-banner.jpg\" \/>\n\t<meta property=\"og:image:width\" content=\"1440\" \/>\n\t<meta property=\"og:image:height\" content=\"597\" \/>\n\t<meta property=\"og:image:type\" content=\"image\/jpeg\" \/>\n<meta name=\"twitter:card\" content=\"summary_large_image\" \/>\n<meta name=\"twitter:label1\" content=\"Gesch\u00e4tzte Lesezeit\" \/>\n\t<meta name=\"twitter:data1\" content=\"6\u00a0Minuten\" \/>\n<script type=\"application\/ld+json\" class=\"yoast-schema-graph\">{\"@context\":\"https:\/\/schema.org\",\"@graph\":[{\"@type\":\"WebPage\",\"@id\":\"https:\/\/shumans-monini-stage.ccws.it\/de-ch\/nachhaltigkeit\/\",\"url\":\"https:\/\/shumans-monini-stage.ccws.it\/de-ch\/nachhaltigkeit\/\",\"name\":\"Nachhaltigkeit - Monini\",\"isPartOf\":{\"@id\":\"https:\/\/shumans-monini-stage.ccws.it\/de-ch\/#website\"},\"primaryImageOfPage\":{\"@id\":\"https:\/\/shumans-monini-stage.ccws.it\/de-ch\/nachhaltigkeit\/#primaryimage\"},\"image\":{\"@id\":\"https:\/\/shumans-monini-stage.ccws.it\/de-ch\/nachhaltigkeit\/#primaryimage\"},\"thumbnailUrl\":\"https:\/\/shumans-monini-stage.ccws.it\/wp-content\/uploads\/2025\/06\/sustainability-banner.jpg\",\"datePublished\":\"2025-06-10T14:18:56+00:00\",\"dateModified\":\"2025-08-18T12:53:59+00:00\",\"breadcrumb\":{\"@id\":\"https:\/\/shumans-monini-stage.ccws.it\/de-ch\/nachhaltigkeit\/#breadcrumb\"},\"inLanguage\":\"de-CH\",\"potentialAction\":[{\"@type\":\"ReadAction\",\"target\":[\"https:\/\/shumans-monini-stage.ccws.it\/de-ch\/nachhaltigkeit\/\"]}]},{\"@type\":\"ImageObject\",\"inLanguage\":\"de-CH\",\"@id\":\"https:\/\/shumans-monini-stage.ccws.it\/de-ch\/nachhaltigkeit\/#primaryimage\",\"url\":\"https:\/\/shumans-monini-stage.ccws.it\/wp-content\/uploads\/2025\/06\/sustainability-banner.jpg\",\"contentUrl\":\"https:\/\/shumans-monini-stage.ccws.it\/wp-content\/uploads\/2025\/06\/sustainability-banner.jpg\",\"width\":1440,\"height\":597},{\"@type\":\"BreadcrumbList\",\"@id\":\"https:\/\/shumans-monini-stage.ccws.it\/de-ch\/nachhaltigkeit\/#breadcrumb\",\"itemListElement\":[{\"@type\":\"ListItem\",\"position\":1,\"name\":\"Home\",\"item\":\"https:\/\/shumans-monini-stage.ccws.it\/de-ch\/\"},{\"@type\":\"ListItem\",\"position\":2,\"name\":\"Nachhaltigkeit\"}]},{\"@type\":\"WebSite\",\"@id\":\"https:\/\/shumans-monini-stage.ccws.it\/de-ch\/#website\",\"url\":\"https:\/\/shumans-monini-stage.ccws.it\/de-ch\/\",\"name\":\"Monini\",\"description\":\"Una spremuta di olive\",\"potentialAction\":[{\"@type\":\"SearchAction\",\"target\":{\"@type\":\"EntryPoint\",\"urlTemplate\":\"https:\/\/shumans-monini-stage.ccws.it\/de-ch\/?s={search_term_string}\"},\"query-input\":{\"@type\":\"PropertyValueSpecification\",\"valueRequired\":true,\"valueName\":\"search_term_string\"}}],\"inLanguage\":\"de-CH\"}]}<\/script>\n<!-- \/ Yoast SEO plugin. -->","yoast_head_json":{"title":"Nachhaltigkeit - Monini","robots":{"index":"noindex","follow":"follow","max-snippet":"max-snippet:-1","max-image-preview":"max-image-preview:large","max-video-preview":"max-video-preview:-1"},"og_locale":"de_DE","og_type":"article","og_title":"Nachhaltigkeit - Monini","og_description":"100 Jahre Geschichte, 10 Jahre, um eine neue Zukunft aufzubauen.","og_url":"https:\/\/shumans-monini-stage.ccws.it\/de-ch\/nachhaltigkeit\/","og_site_name":"Monini","article_publisher":"https:\/\/www.facebook.com\/MoniniOlio\/","article_modified_time":"2025-08-18T12:53:59+00:00","og_image":[{"width":1440,"height":597,"url":"https:\/\/shumans-monini-stage.ccws.it\/wp-content\/uploads\/2025\/06\/sustainability-banner.jpg","type":"image\/jpeg"}],"twitter_card":"summary_large_image","twitter_misc":{"Gesch\u00e4tzte Lesezeit":"6\u00a0Minuten"},"schema":{"@context":"https:\/\/schema.org","@graph":[{"@type":"WebPage","@id":"https:\/\/shumans-monini-stage.ccws.it\/de-ch\/nachhaltigkeit\/","url":"https:\/\/shumans-monini-stage.ccws.it\/de-ch\/nachhaltigkeit\/","name":"Nachhaltigkeit - Monini","isPartOf":{"@id":"https:\/\/shumans-monini-stage.ccws.it\/de-ch\/#website"},"primaryImageOfPage":{"@id":"https:\/\/shumans-monini-stage.ccws.it\/de-ch\/nachhaltigkeit\/#primaryimage"},"image":{"@id":"https:\/\/shumans-monini-stage.ccws.it\/de-ch\/nachhaltigkeit\/#primaryimage"},"thumbnailUrl":"https:\/\/shumans-monini-stage.ccws.it\/wp-content\/uploads\/2025\/06\/sustainability-banner.jpg","datePublished":"2025-06-10T14:18:56+00:00","dateModified":"2025-08-18T12:53:59+00:00","breadcrumb":{"@id":"https:\/\/shumans-monini-stage.ccws.it\/de-ch\/nachhaltigkeit\/#breadcrumb"},"inLanguage":"de-CH","potentialAction":[{"@type":"ReadAction","target":["https:\/\/shumans-monini-stage.ccws.it\/de-ch\/nachhaltigkeit\/"]}]},{"@type":"ImageObject","inLanguage":"de-CH","@id":"https:\/\/shumans-monini-stage.ccws.it\/de-ch\/nachhaltigkeit\/#primaryimage","url":"https:\/\/shumans-monini-stage.ccws.it\/wp-content\/uploads\/2025\/06\/sustainability-banner.jpg","contentUrl":"https:\/\/shumans-monini-stage.ccws.it\/wp-content\/uploads\/2025\/06\/sustainability-banner.jpg","width":1440,"height":597},{"@type":"BreadcrumbList","@id":"https:\/\/shumans-monini-stage.ccws.it\/de-ch\/nachhaltigkeit\/#breadcrumb","itemListElement":[{"@type":"ListItem","position":1,"name":"Home","item":"https:\/\/shumans-monini-stage.ccws.it\/de-ch\/"},{"@type":"ListItem","position":2,"name":"Nachhaltigkeit"}]},{"@type":"WebSite","@id":"https:\/\/shumans-monini-stage.ccws.it\/de-ch\/#website","url":"https:\/\/shumans-monini-stage.ccws.it\/de-ch\/","name":"Monini","description":"Una spremuta di olive","potentialAction":[{"@type":"SearchAction","target":{"@type":"EntryPoint","urlTemplate":"https:\/\/shumans-monini-stage.ccws.it\/de-ch\/?s={search_term_string}"},"query-input":{"@type":"PropertyValueSpecification","valueRequired":true,"valueName":"search_term_string"}}],"inLanguage":"de-CH"}]}},"acf":[],"_links":{"self":[{"href":"https:\/\/shumans-monini-stage.ccws.it\/de-ch\/wp-json\/wp\/v2\/pages\/34034","targetHints":{"allow":["GET"]}}],"collection":[{"href":"https:\/\/shumans-monini-stage.ccws.it\/de-ch\/wp-json\/wp\/v2\/pages"}],"about":[{"href":"https:\/\/shumans-monini-stage.ccws.it\/de-ch\/wp-json\/wp\/v2\/types\/page"}],"author":[{"embeddable":true,"href":"https:\/\/shumans-monini-stage.ccws.it\/de-ch\/wp-json\/wp\/v2\/users\/3"}],"replies":[{"embeddable":true,"href":"https:\/\/shumans-monini-stage.ccws.it\/de-ch\/wp-json\/wp\/v2\/comments?post=34034"}],"version-history":[{"count":3,"href":"https:\/\/shumans-monini-stage.ccws.it\/de-ch\/wp-json\/wp\/v2\/pages\/34034\/revisions"}],"predecessor-version":[{"id":34174,"href":"https:\/\/shumans-monini-stage.ccws.it\/de-ch\/wp-json\/wp\/v2\/pages\/34034\/revisions\/34174"}],"wp:featuredmedia":[{"embeddable":true,"href":"https:\/\/shumans-monini-stage.ccws.it\/de-ch\/wp-json\/wp\/v2\/media\/34035"}],"wp:attachment":[{"href":"https:\/\/shumans-monini-stage.ccws.it\/de-ch\/wp-json\/wp\/v2\/media?parent=34034"}],"curies":[{"name":"wp","href":"https:\/\/api.w.org\/{rel}","templated":true}]}}