{"id":34225,"date":"2025-06-23T17:44:13","date_gmt":"2025-06-23T15:44:13","guid":{"rendered":"https:\/\/shumans-monini-stage.ccws.it\/?post_type=product&#038;p=34225"},"modified":"2025-08-18T15:14:10","modified_gmt":"2025-08-18T13:14:10","slug":"classico-squeezable","status":"publish","type":"product","link":"https:\/\/shumans-monini-stage.ccws.it\/de-ch\/product\/classico-squeezable\/","title":{"rendered":"Classico Squeezable"},"content":{"rendered":"\n<div style=\"height:0.5em\" aria-hidden=\"true\" class=\"wp-block-spacer\"><\/div>\n\n\n    <section class=\"banner-link \">\n        <div class=\"banner-wrapper\">\n\t\t\t\t\t<div>\n\t\t\t\t\t    <h6 class=\"banner-category\">GESCHMACKSF\u00dcHRER<\/h6>\n              <h2 class=\"banner-title\">Die sieben goldregeln<\/h2>\t\t\t\t\t\t\n\t\t\t\t\t<\/div>\n\t\t\t\t\t<div>\n\t\t\t\t\t\t<a href=\"https:\/\/shumans-monini-stage.ccws.it\/de-ch\/article\/die-sieben-goldregeln\/\" title=\"Entdecken Sie mehr\" class=\"btn btn-primary\">\n\t\t\t\t\t\t\t<span>Entdecken Sie mehr<\/span>\n\t\t\t\t\t\t<\/a>\n\t\t\t\t\t<\/div>\n        <\/div>\n    <\/section>\n\n\n\n<p><\/p>\n","protected":false},"excerpt":{"rendered":"<p>Classico Oliven\u00f6l Extra Vierge ist dank seiner ausgewogenen und harmonischen Geschmacksmerkmalen und seinem intensiven, vielschichtigen Duft leicht zu erkennen.  Mit einem wahrhaft ausgewogenen Geschmack erg\u00e4nzt es jedes Gericht und wird von den Verbrauchern bevorzugt. Aus all diesen Gr\u00fcnden ist Classico das meistverkaufte  Oliven\u00f6l Extra Vierge  in Italien. Ein echter Spitzenreiter*!<br \/>\n*Quelle: Nielsen Italy \u2013 Dez. 2018<\/p>\n","protected":false},"author":3,"featured_media":34226,"menu_order":3,"template":"","meta":{"_acf_changed":false,"footnotes":""},"tags":[],"cat_product":[368],"class_list":["post-34225","product","type-product","status-publish","has-post-thumbnail","hentry","cat_product-olivenol-extra-vierge"],"yoast_head":"<!-- This site is optimized with the Yoast SEO plugin v25.8 - https:\/\/yoast.com\/wordpress\/plugins\/seo\/ -->\n<title>Classico Squeezable - Monini<\/title>\n<meta name=\"robots\" content=\"noindex, follow, max-snippet:-1, max-image-preview:large, max-video-preview:-1\" \/>\n<meta property=\"og:locale\" content=\"de_DE\" \/>\n<meta property=\"og:type\" content=\"article\" \/>\n<meta property=\"og:title\" content=\"Classico Squeezable - Monini\" \/>\n<meta property=\"og:description\" content=\"Classico Oliven\u00f6l Extra Vierge ist dank seiner ausgewogenen und harmonischen Geschmacksmerkmalen und seinem intensiven, vielschichtigen Duft leicht zu erkennen. Mit einem wahrhaft ausgewogenen Geschmack erg\u00e4nzt es jedes Gericht und wird von den Verbrauchern bevorzugt. Aus all diesen Gr\u00fcnden ist Classico das meistverkaufte Oliven\u00f6l Extra Vierge in Italien. Ein echter Spitzenreiter*! *Quelle: Nielsen Italy \u2013 Dez. 2018\" \/>\n<meta property=\"og:url\" content=\"https:\/\/shumans-monini-stage.ccws.it\/de-ch\/product\/classico-squeezable\/\" \/>\n<meta property=\"og:site_name\" content=\"Monini\" \/>\n<meta property=\"article:publisher\" content=\"https:\/\/www.facebook.com\/MoniniOlio\/\" \/>\n<meta property=\"article:modified_time\" content=\"2025-08-18T13:14:10+00:00\" \/>\n<meta property=\"og:image\" content=\"https:\/\/shumans-monini-stage.ccws.it\/wp-content\/uploads\/2025\/08\/squeez-svide.png\" \/>\n\t<meta property=\"og:image:width\" content=\"1024\" \/>\n\t<meta property=\"og:image:height\" content=\"1280\" \/>\n\t<meta property=\"og:image:type\" content=\"image\/png\" \/>\n<meta name=\"twitter:card\" content=\"summary_large_image\" \/>\n<meta name=\"twitter:label1\" content=\"Gesch\u00e4tzte Lesezeit\" \/>\n\t<meta name=\"twitter:data1\" content=\"1\u00a0Minute\" \/>\n<script type=\"application\/ld+json\" class=\"yoast-schema-graph\">{\"@context\":\"https:\/\/schema.org\",\"@graph\":[{\"@type\":\"WebPage\",\"@id\":\"https:\/\/shumans-monini-stage.ccws.it\/de-ch\/product\/classico-squeezable\/\",\"url\":\"https:\/\/shumans-monini-stage.ccws.it\/de-ch\/product\/classico-squeezable\/\",\"name\":\"Classico Squeezable - Monini\",\"isPartOf\":{\"@id\":\"https:\/\/shumans-monini-stage.ccws.it\/de-ch\/#website\"},\"primaryImageOfPage\":{\"@id\":\"https:\/\/shumans-monini-stage.ccws.it\/de-ch\/product\/classico-squeezable\/#primaryimage\"},\"image\":{\"@id\":\"https:\/\/shumans-monini-stage.ccws.it\/de-ch\/product\/classico-squeezable\/#primaryimage\"},\"thumbnailUrl\":\"https:\/\/shumans-monini-stage.ccws.it\/wp-content\/uploads\/2025\/08\/squeez-svide.png\",\"datePublished\":\"2025-06-23T15:44:13+00:00\",\"dateModified\":\"2025-08-18T13:14:10+00:00\",\"breadcrumb\":{\"@id\":\"https:\/\/shumans-monini-stage.ccws.it\/de-ch\/product\/classico-squeezable\/#breadcrumb\"},\"inLanguage\":\"de-CH\",\"potentialAction\":[{\"@type\":\"ReadAction\",\"target\":[\"https:\/\/shumans-monini-stage.ccws.it\/de-ch\/product\/classico-squeezable\/\"]}]},{\"@type\":\"ImageObject\",\"inLanguage\":\"de-CH\",\"@id\":\"https:\/\/shumans-monini-stage.ccws.it\/de-ch\/product\/classico-squeezable\/#primaryimage\",\"url\":\"https:\/\/shumans-monini-stage.ccws.it\/wp-content\/uploads\/2025\/08\/squeez-svide.png\",\"contentUrl\":\"https:\/\/shumans-monini-stage.ccws.it\/wp-content\/uploads\/2025\/08\/squeez-svide.png\",\"width\":1024,\"height\":1280},{\"@type\":\"BreadcrumbList\",\"@id\":\"https:\/\/shumans-monini-stage.ccws.it\/de-ch\/product\/classico-squeezable\/#breadcrumb\",\"itemListElement\":[{\"@type\":\"ListItem\",\"position\":1,\"name\":\"Home\",\"item\":\"https:\/\/shumans-monini-stage.ccws.it\/de-ch\/\"},{\"@type\":\"ListItem\",\"position\":2,\"name\":\"Produkte\",\"item\":\"https:\/\/shumans-monini-stage.ccws.it\/de-ch\/product\/\"},{\"@type\":\"ListItem\",\"position\":3,\"name\":\"Classico Squeezable\"}]},{\"@type\":\"WebSite\",\"@id\":\"https:\/\/shumans-monini-stage.ccws.it\/de-ch\/#website\",\"url\":\"https:\/\/shumans-monini-stage.ccws.it\/de-ch\/\",\"name\":\"Monini\",\"description\":\"Una spremuta di olive\",\"potentialAction\":[{\"@type\":\"SearchAction\",\"target\":{\"@type\":\"EntryPoint\",\"urlTemplate\":\"https:\/\/shumans-monini-stage.ccws.it\/de-ch\/?s={search_term_string}\"},\"query-input\":{\"@type\":\"PropertyValueSpecification\",\"valueRequired\":true,\"valueName\":\"search_term_string\"}}],\"inLanguage\":\"de-CH\"}]}<\/script>\n<!-- \/ Yoast SEO plugin. -->","yoast_head_json":{"title":"Classico Squeezable - Monini","robots":{"index":"noindex","follow":"follow","max-snippet":"max-snippet:-1","max-image-preview":"max-image-preview:large","max-video-preview":"max-video-preview:-1"},"og_locale":"de_DE","og_type":"article","og_title":"Classico Squeezable - Monini","og_description":"Classico Oliven\u00f6l Extra Vierge ist dank seiner ausgewogenen und harmonischen Geschmacksmerkmalen und seinem intensiven, vielschichtigen Duft leicht zu erkennen. Mit einem wahrhaft ausgewogenen Geschmack erg\u00e4nzt es jedes Gericht und wird von den Verbrauchern bevorzugt. Aus all diesen Gr\u00fcnden ist Classico das meistverkaufte Oliven\u00f6l Extra Vierge in Italien. Ein echter Spitzenreiter*! *Quelle: Nielsen Italy \u2013 Dez. 2018","og_url":"https:\/\/shumans-monini-stage.ccws.it\/de-ch\/product\/classico-squeezable\/","og_site_name":"Monini","article_publisher":"https:\/\/www.facebook.com\/MoniniOlio\/","article_modified_time":"2025-08-18T13:14:10+00:00","og_image":[{"width":1024,"height":1280,"url":"https:\/\/shumans-monini-stage.ccws.it\/wp-content\/uploads\/2025\/08\/squeez-svide.png","type":"image\/png"}],"twitter_card":"summary_large_image","twitter_misc":{"Gesch\u00e4tzte Lesezeit":"1\u00a0Minute"},"schema":{"@context":"https:\/\/schema.org","@graph":[{"@type":"WebPage","@id":"https:\/\/shumans-monini-stage.ccws.it\/de-ch\/product\/classico-squeezable\/","url":"https:\/\/shumans-monini-stage.ccws.it\/de-ch\/product\/classico-squeezable\/","name":"Classico Squeezable - Monini","isPartOf":{"@id":"https:\/\/shumans-monini-stage.ccws.it\/de-ch\/#website"},"primaryImageOfPage":{"@id":"https:\/\/shumans-monini-stage.ccws.it\/de-ch\/product\/classico-squeezable\/#primaryimage"},"image":{"@id":"https:\/\/shumans-monini-stage.ccws.it\/de-ch\/product\/classico-squeezable\/#primaryimage"},"thumbnailUrl":"https:\/\/shumans-monini-stage.ccws.it\/wp-content\/uploads\/2025\/08\/squeez-svide.png","datePublished":"2025-06-23T15:44:13+00:00","dateModified":"2025-08-18T13:14:10+00:00","breadcrumb":{"@id":"https:\/\/shumans-monini-stage.ccws.it\/de-ch\/product\/classico-squeezable\/#breadcrumb"},"inLanguage":"de-CH","potentialAction":[{"@type":"ReadAction","target":["https:\/\/shumans-monini-stage.ccws.it\/de-ch\/product\/classico-squeezable\/"]}]},{"@type":"ImageObject","inLanguage":"de-CH","@id":"https:\/\/shumans-monini-stage.ccws.it\/de-ch\/product\/classico-squeezable\/#primaryimage","url":"https:\/\/shumans-monini-stage.ccws.it\/wp-content\/uploads\/2025\/08\/squeez-svide.png","contentUrl":"https:\/\/shumans-monini-stage.ccws.it\/wp-content\/uploads\/2025\/08\/squeez-svide.png","width":1024,"height":1280},{"@type":"BreadcrumbList","@id":"https:\/\/shumans-monini-stage.ccws.it\/de-ch\/product\/classico-squeezable\/#breadcrumb","itemListElement":[{"@type":"ListItem","position":1,"name":"Home","item":"https:\/\/shumans-monini-stage.ccws.it\/de-ch\/"},{"@type":"ListItem","position":2,"name":"Produkte","item":"https:\/\/shumans-monini-stage.ccws.it\/de-ch\/product\/"},{"@type":"ListItem","position":3,"name":"Classico Squeezable"}]},{"@type":"WebSite","@id":"https:\/\/shumans-monini-stage.ccws.it\/de-ch\/#website","url":"https:\/\/shumans-monini-stage.ccws.it\/de-ch\/","name":"Monini","description":"Una spremuta di olive","potentialAction":[{"@type":"SearchAction","target":{"@type":"EntryPoint","urlTemplate":"https:\/\/shumans-monini-stage.ccws.it\/de-ch\/?s={search_term_string}"},"query-input":{"@type":"PropertyValueSpecification","valueRequired":true,"valueName":"search_term_string"}}],"inLanguage":"de-CH"}]}},"acf":[],"_links":{"self":[{"href":"https:\/\/shumans-monini-stage.ccws.it\/de-ch\/wp-json\/wp\/v2\/product\/34225","targetHints":{"allow":["GET"]}}],"collection":[{"href":"https:\/\/shumans-monini-stage.ccws.it\/de-ch\/wp-json\/wp\/v2\/product"}],"about":[{"href":"https:\/\/shumans-monini-stage.ccws.it\/de-ch\/wp-json\/wp\/v2\/types\/product"}],"author":[{"embeddable":true,"href":"https:\/\/shumans-monini-stage.ccws.it\/de-ch\/wp-json\/wp\/v2\/users\/3"}],"version-history":[{"count":1,"href":"https:\/\/shumans-monini-stage.ccws.it\/de-ch\/wp-json\/wp\/v2\/product\/34225\/revisions"}],"predecessor-version":[{"id":34256,"href":"https:\/\/shumans-monini-stage.ccws.it\/de-ch\/wp-json\/wp\/v2\/product\/34225\/revisions\/34256"}],"wp:featuredmedia":[{"embeddable":true,"href":"https:\/\/shumans-monini-stage.ccws.it\/de-ch\/wp-json\/wp\/v2\/media\/34226"}],"wp:attachment":[{"href":"https:\/\/shumans-monini-stage.ccws.it\/de-ch\/wp-json\/wp\/v2\/media?parent=34225"}],"wp:term":[{"taxonomy":"post_tag","embeddable":true,"href":"https:\/\/shumans-monini-stage.ccws.it\/de-ch\/wp-json\/wp\/v2\/tags?post=34225"},{"taxonomy":"cat_product","embeddable":true,"href":"https:\/\/shumans-monini-stage.ccws.it\/de-ch\/wp-json\/wp\/v2\/cat_product?post=34225"}],"curies":[{"name":"wp","href":"https:\/\/api.w.org\/{rel}","templated":true}]}}