{"id":34259,"date":"2025-06-06T09:51:08","date_gmt":"2025-06-06T07:51:08","guid":{"rendered":"https:\/\/shumans-monini-stage.ccws.it\/?post_type=product&#038;p=34259"},"modified":"2025-08-18T15:15:26","modified_gmt":"2025-08-18T13:15:26","slug":"delicato-100-italienisch","status":"publish","type":"product","link":"https:\/\/shumans-monini-stage.ccws.it\/de-ch\/product\/delicato-100-italienisch\/","title":{"rendered":"Delicato 100% Italienisch"},"content":{"rendered":"\n<div class=\"wp-block-group is-style-spaced\"><div class=\"wp-block-group__inner-container\">\n<div style=\"height:0.1em\" aria-hidden=\"true\" class=\"wp-block-spacer\"><\/div>\n<\/div><\/div>\n\n\n\n<div style=\"height:9px\" aria-hidden=\"true\" class=\"wp-block-spacer\"><\/div>\n\n\n    <section class=\"banner-link \">\n        <div class=\"banner-wrapper\">\n\t\t\t\t\t<div>\n\t\t\t\t\t    <h6 class=\"banner-category\">GESCHMACKSF\u00dcHRER<\/h6>\n              <h2 class=\"banner-title\">Die sieben goldregeln<\/h2>\t\t\t\t\t\t\n\t\t\t\t\t<\/div>\n\t\t\t\t\t<div>\n\t\t\t\t\t\t<a href=\"https:\/\/shumans-monini-stage.ccws.it\/de-ch\/article\/die-sieben-goldregeln\/\" title=\"Entdecken Sie mehr\" class=\"btn btn-primary\">\n\t\t\t\t\t\t\t<span>Entdecken Sie mehr<\/span>\n\t\t\t\t\t\t<\/a>\n\t\t\t\t\t<\/div>\n        <\/div>\n    <\/section>\n\n\n\n<div style=\"height:1em\" aria-hidden=\"true\" class=\"wp-block-spacer\"><\/div>\n\n\n\n<figure class=\"wp-block-image size-full\"><img loading=\"lazy\" decoding=\"async\" width=\"1500\" height=\"844\" src=\"https:\/\/shumans-monini-stage.ccws.it\/wp-content\/uploads\/2025\/06\/olive8.jpg\" alt=\"\" class=\"wp-image-721\" style=\"aspect-ratio:16\/9;object-fit:cover\" srcset=\"https:\/\/shumans-monini-stage.ccws.it\/wp-content\/uploads\/2025\/06\/olive8.jpg 1500w, https:\/\/shumans-monini-stage.ccws.it\/wp-content\/uploads\/2025\/06\/olive8-300x169.jpg 300w, https:\/\/shumans-monini-stage.ccws.it\/wp-content\/uploads\/2025\/06\/olive8-1024x576.jpg 1024w, https:\/\/shumans-monini-stage.ccws.it\/wp-content\/uploads\/2025\/06\/olive8-768x432.jpg 768w\" sizes=\"auto, (max-width: 1500px) 100vw, 1500px\" \/><\/figure>\n\n\n\n<div style=\"height:1em\" aria-hidden=\"true\" class=\"wp-block-spacer\"><\/div>\n\n\n\n<p><\/p>\n","protected":false},"excerpt":{"rendered":"<p>Delicato Oliven\u00f6l Extra Vierge 100% italienisch besitzt s\u00e4mtliche Gesundheitsvorteile eines Oliven\u00f6l Extra Vierge. Eine gro\u00dfe L\u00f6sung f\u00fcr diejenigen, die nicht an den typischen, stark bei\u00dfenden (scharf, w\u00fcrzig) Geschmack des Oliven\u00f6l Extra Vierge gew\u00f6hnt sind. Sein Geschmack ist jedoch leichter und weicher. <\/p>\n","protected":false},"author":3,"featured_media":34263,"menu_order":2,"template":"","meta":{"_acf_changed":false,"footnotes":""},"tags":[],"cat_product":[368],"class_list":["post-34259","product","type-product","status-publish","has-post-thumbnail","hentry","cat_product-olivenol-extra-vierge"],"yoast_head":"<!-- This site is optimized with the Yoast SEO plugin v25.8 - https:\/\/yoast.com\/wordpress\/plugins\/seo\/ -->\n<title>Delicato 100% Italienisch - Monini<\/title>\n<meta name=\"robots\" content=\"noindex, follow, max-snippet:-1, max-image-preview:large, max-video-preview:-1\" \/>\n<meta property=\"og:locale\" content=\"de_DE\" \/>\n<meta property=\"og:type\" content=\"article\" \/>\n<meta property=\"og:title\" content=\"Delicato 100% Italienisch - Monini\" \/>\n<meta property=\"og:description\" content=\"Delicato Oliven\u00f6l Extra Vierge 100% italienisch besitzt s\u00e4mtliche Gesundheitsvorteile eines Oliven\u00f6l Extra Vierge. Eine gro\u00dfe L\u00f6sung f\u00fcr diejenigen, die nicht an den typischen, stark bei\u00dfenden (scharf, w\u00fcrzig) Geschmack des Oliven\u00f6l Extra Vierge gew\u00f6hnt sind. Sein Geschmack ist jedoch leichter und weicher.\" \/>\n<meta property=\"og:url\" content=\"https:\/\/shumans-monini-stage.ccws.it\/de-ch\/product\/delicato-100-italienisch\/\" \/>\n<meta property=\"og:site_name\" content=\"Monini\" \/>\n<meta property=\"article:publisher\" content=\"https:\/\/www.facebook.com\/MoniniOlio\/\" \/>\n<meta property=\"article:modified_time\" content=\"2025-08-18T13:15:26+00:00\" \/>\n<meta property=\"og:image\" content=\"https:\/\/shumans-monini-stage.ccws.it\/wp-content\/uploads\/2025\/06\/card-delicato_599x900.png\" \/>\n\t<meta property=\"og:image:width\" content=\"599\" \/>\n\t<meta property=\"og:image:height\" content=\"900\" \/>\n\t<meta property=\"og:image:type\" content=\"image\/png\" \/>\n<meta name=\"twitter:card\" content=\"summary_large_image\" \/>\n<meta name=\"twitter:label1\" content=\"Gesch\u00e4tzte Lesezeit\" \/>\n\t<meta name=\"twitter:data1\" content=\"1\u00a0Minute\" \/>\n<script type=\"application\/ld+json\" class=\"yoast-schema-graph\">{\"@context\":\"https:\/\/schema.org\",\"@graph\":[{\"@type\":\"WebPage\",\"@id\":\"https:\/\/shumans-monini-stage.ccws.it\/de-ch\/product\/delicato-100-italienisch\/\",\"url\":\"https:\/\/shumans-monini-stage.ccws.it\/de-ch\/product\/delicato-100-italienisch\/\",\"name\":\"Delicato 100% Italienisch - Monini\",\"isPartOf\":{\"@id\":\"https:\/\/shumans-monini-stage.ccws.it\/de-ch\/#website\"},\"primaryImageOfPage\":{\"@id\":\"https:\/\/shumans-monini-stage.ccws.it\/de-ch\/product\/delicato-100-italienisch\/#primaryimage\"},\"image\":{\"@id\":\"https:\/\/shumans-monini-stage.ccws.it\/de-ch\/product\/delicato-100-italienisch\/#primaryimage\"},\"thumbnailUrl\":\"https:\/\/shumans-monini-stage.ccws.it\/wp-content\/uploads\/2025\/06\/card-delicato_599x900.png\",\"datePublished\":\"2025-06-06T07:51:08+00:00\",\"dateModified\":\"2025-08-18T13:15:26+00:00\",\"breadcrumb\":{\"@id\":\"https:\/\/shumans-monini-stage.ccws.it\/de-ch\/product\/delicato-100-italienisch\/#breadcrumb\"},\"inLanguage\":\"de-CH\",\"potentialAction\":[{\"@type\":\"ReadAction\",\"target\":[\"https:\/\/shumans-monini-stage.ccws.it\/de-ch\/product\/delicato-100-italienisch\/\"]}]},{\"@type\":\"ImageObject\",\"inLanguage\":\"de-CH\",\"@id\":\"https:\/\/shumans-monini-stage.ccws.it\/de-ch\/product\/delicato-100-italienisch\/#primaryimage\",\"url\":\"https:\/\/shumans-monini-stage.ccws.it\/wp-content\/uploads\/2025\/06\/card-delicato_599x900.png\",\"contentUrl\":\"https:\/\/shumans-monini-stage.ccws.it\/wp-content\/uploads\/2025\/06\/card-delicato_599x900.png\",\"width\":599,\"height\":900},{\"@type\":\"BreadcrumbList\",\"@id\":\"https:\/\/shumans-monini-stage.ccws.it\/de-ch\/product\/delicato-100-italienisch\/#breadcrumb\",\"itemListElement\":[{\"@type\":\"ListItem\",\"position\":1,\"name\":\"Home\",\"item\":\"https:\/\/shumans-monini-stage.ccws.it\/de-ch\/\"},{\"@type\":\"ListItem\",\"position\":2,\"name\":\"Produkte\",\"item\":\"https:\/\/shumans-monini-stage.ccws.it\/de-ch\/product\/\"},{\"@type\":\"ListItem\",\"position\":3,\"name\":\"Delicato 100% Italienisch\"}]},{\"@type\":\"WebSite\",\"@id\":\"https:\/\/shumans-monini-stage.ccws.it\/de-ch\/#website\",\"url\":\"https:\/\/shumans-monini-stage.ccws.it\/de-ch\/\",\"name\":\"Monini\",\"description\":\"Una spremuta di olive\",\"potentialAction\":[{\"@type\":\"SearchAction\",\"target\":{\"@type\":\"EntryPoint\",\"urlTemplate\":\"https:\/\/shumans-monini-stage.ccws.it\/de-ch\/?s={search_term_string}\"},\"query-input\":{\"@type\":\"PropertyValueSpecification\",\"valueRequired\":true,\"valueName\":\"search_term_string\"}}],\"inLanguage\":\"de-CH\"}]}<\/script>\n<!-- \/ Yoast SEO plugin. -->","yoast_head_json":{"title":"Delicato 100% Italienisch - Monini","robots":{"index":"noindex","follow":"follow","max-snippet":"max-snippet:-1","max-image-preview":"max-image-preview:large","max-video-preview":"max-video-preview:-1"},"og_locale":"de_DE","og_type":"article","og_title":"Delicato 100% Italienisch - Monini","og_description":"Delicato Oliven\u00f6l Extra Vierge 100% italienisch besitzt s\u00e4mtliche Gesundheitsvorteile eines Oliven\u00f6l Extra Vierge. Eine gro\u00dfe L\u00f6sung f\u00fcr diejenigen, die nicht an den typischen, stark bei\u00dfenden (scharf, w\u00fcrzig) Geschmack des Oliven\u00f6l Extra Vierge gew\u00f6hnt sind. Sein Geschmack ist jedoch leichter und weicher.","og_url":"https:\/\/shumans-monini-stage.ccws.it\/de-ch\/product\/delicato-100-italienisch\/","og_site_name":"Monini","article_publisher":"https:\/\/www.facebook.com\/MoniniOlio\/","article_modified_time":"2025-08-18T13:15:26+00:00","og_image":[{"width":599,"height":900,"url":"https:\/\/shumans-monini-stage.ccws.it\/wp-content\/uploads\/2025\/06\/card-delicato_599x900.png","type":"image\/png"}],"twitter_card":"summary_large_image","twitter_misc":{"Gesch\u00e4tzte Lesezeit":"1\u00a0Minute"},"schema":{"@context":"https:\/\/schema.org","@graph":[{"@type":"WebPage","@id":"https:\/\/shumans-monini-stage.ccws.it\/de-ch\/product\/delicato-100-italienisch\/","url":"https:\/\/shumans-monini-stage.ccws.it\/de-ch\/product\/delicato-100-italienisch\/","name":"Delicato 100% Italienisch - Monini","isPartOf":{"@id":"https:\/\/shumans-monini-stage.ccws.it\/de-ch\/#website"},"primaryImageOfPage":{"@id":"https:\/\/shumans-monini-stage.ccws.it\/de-ch\/product\/delicato-100-italienisch\/#primaryimage"},"image":{"@id":"https:\/\/shumans-monini-stage.ccws.it\/de-ch\/product\/delicato-100-italienisch\/#primaryimage"},"thumbnailUrl":"https:\/\/shumans-monini-stage.ccws.it\/wp-content\/uploads\/2025\/06\/card-delicato_599x900.png","datePublished":"2025-06-06T07:51:08+00:00","dateModified":"2025-08-18T13:15:26+00:00","breadcrumb":{"@id":"https:\/\/shumans-monini-stage.ccws.it\/de-ch\/product\/delicato-100-italienisch\/#breadcrumb"},"inLanguage":"de-CH","potentialAction":[{"@type":"ReadAction","target":["https:\/\/shumans-monini-stage.ccws.it\/de-ch\/product\/delicato-100-italienisch\/"]}]},{"@type":"ImageObject","inLanguage":"de-CH","@id":"https:\/\/shumans-monini-stage.ccws.it\/de-ch\/product\/delicato-100-italienisch\/#primaryimage","url":"https:\/\/shumans-monini-stage.ccws.it\/wp-content\/uploads\/2025\/06\/card-delicato_599x900.png","contentUrl":"https:\/\/shumans-monini-stage.ccws.it\/wp-content\/uploads\/2025\/06\/card-delicato_599x900.png","width":599,"height":900},{"@type":"BreadcrumbList","@id":"https:\/\/shumans-monini-stage.ccws.it\/de-ch\/product\/delicato-100-italienisch\/#breadcrumb","itemListElement":[{"@type":"ListItem","position":1,"name":"Home","item":"https:\/\/shumans-monini-stage.ccws.it\/de-ch\/"},{"@type":"ListItem","position":2,"name":"Produkte","item":"https:\/\/shumans-monini-stage.ccws.it\/de-ch\/product\/"},{"@type":"ListItem","position":3,"name":"Delicato 100% Italienisch"}]},{"@type":"WebSite","@id":"https:\/\/shumans-monini-stage.ccws.it\/de-ch\/#website","url":"https:\/\/shumans-monini-stage.ccws.it\/de-ch\/","name":"Monini","description":"Una spremuta di olive","potentialAction":[{"@type":"SearchAction","target":{"@type":"EntryPoint","urlTemplate":"https:\/\/shumans-monini-stage.ccws.it\/de-ch\/?s={search_term_string}"},"query-input":{"@type":"PropertyValueSpecification","valueRequired":true,"valueName":"search_term_string"}}],"inLanguage":"de-CH"}]}},"acf":[],"_links":{"self":[{"href":"https:\/\/shumans-monini-stage.ccws.it\/de-ch\/wp-json\/wp\/v2\/product\/34259","targetHints":{"allow":["GET"]}}],"collection":[{"href":"https:\/\/shumans-monini-stage.ccws.it\/de-ch\/wp-json\/wp\/v2\/product"}],"about":[{"href":"https:\/\/shumans-monini-stage.ccws.it\/de-ch\/wp-json\/wp\/v2\/types\/product"}],"author":[{"embeddable":true,"href":"https:\/\/shumans-monini-stage.ccws.it\/de-ch\/wp-json\/wp\/v2\/users\/3"}],"version-history":[{"count":1,"href":"https:\/\/shumans-monini-stage.ccws.it\/de-ch\/wp-json\/wp\/v2\/product\/34259\/revisions"}],"predecessor-version":[{"id":34260,"href":"https:\/\/shumans-monini-stage.ccws.it\/de-ch\/wp-json\/wp\/v2\/product\/34259\/revisions\/34260"}],"wp:featuredmedia":[{"embeddable":true,"href":"https:\/\/shumans-monini-stage.ccws.it\/de-ch\/wp-json\/wp\/v2\/media\/34263"}],"wp:attachment":[{"href":"https:\/\/shumans-monini-stage.ccws.it\/de-ch\/wp-json\/wp\/v2\/media?parent=34259"}],"wp:term":[{"taxonomy":"post_tag","embeddable":true,"href":"https:\/\/shumans-monini-stage.ccws.it\/de-ch\/wp-json\/wp\/v2\/tags?post=34259"},{"taxonomy":"cat_product","embeddable":true,"href":"https:\/\/shumans-monini-stage.ccws.it\/de-ch\/wp-json\/wp\/v2\/cat_product?post=34259"}],"curies":[{"name":"wp","href":"https:\/\/api.w.org\/{rel}","templated":true}]}}