{"id":34308,"date":"2025-06-24T11:17:27","date_gmt":"2025-06-24T09:17:27","guid":{"rendered":"https:\/\/shumans-monini-stage.ccws.it\/?post_type=product&#038;p=34308"},"modified":"2025-08-18T15:26:56","modified_gmt":"2025-08-18T13:26:56","slug":"bios-100-italienisch","status":"publish","type":"product","link":"https:\/\/shumans-monini-stage.ccws.it\/de-ch\/product\/bios-100-italienisch\/","title":{"rendered":"Bios 100% Italienisch"},"content":{"rendered":"\n<div style=\"height:0.5em\" aria-hidden=\"true\" class=\"wp-block-spacer\"><\/div>\n\n\n\n<div class=\"wp-block-group is-style-spaced\"><div class=\"wp-block-group__inner-container\">\n<h6 class=\"wp-block-heading\">SERVIERVORSCHL\u00c4GE<\/h6>\n\n\n\n<div style=\"height:0.25em\" aria-hidden=\"true\" class=\"wp-block-spacer\"><\/div>\n\n\n\n<div class=\"wp-block-columns are-vertically-aligned-top is-style-default\">\n<div class=\"wp-block-column is-vertically-aligned-top\"><div class=\"wp-block-image\">\n<figure class=\"aligncenter size-full\"><img loading=\"lazy\" decoding=\"async\" width=\"120\" height=\"120\" src=\"https:\/\/shumans-monini-stage.ccws.it\/wp-content\/uploads\/2025\/08\/icn_carnibianche@2X.png\" alt=\"\" class=\"wp-image-34314\"\/><figcaption class=\"wp-element-caption\">Dunkles Fleisch<\/figcaption><\/figure>\n<\/div>\n\n<div class=\"wp-block-image\">\n<figure class=\"aligncenter size-full\"><img loading=\"lazy\" decoding=\"async\" width=\"120\" height=\"120\" src=\"https:\/\/shumans-monini-stage.ccws.it\/wp-content\/uploads\/2025\/08\/icn_per-bolliti@2X-1.png\" alt=\"\" class=\"wp-image-34356\"\/><figcaption class=\"wp-element-caption\">F\u00fcr gekochte Speisen<\/figcaption><\/figure>\n<\/div><\/div>\n\n\n\n<div class=\"wp-block-column is-vertically-aligned-top\"><div class=\"wp-block-image\">\n<figure class=\"aligncenter size-full\"><img loading=\"lazy\" decoding=\"async\" width=\"120\" height=\"120\" src=\"https:\/\/shumans-monini-stage.ccws.it\/wp-content\/uploads\/2025\/06\/icn_per-utilizzi-a-crudo@2X.png\" alt=\"\" class=\"wp-image-33470\"\/><figcaption class=\"wp-element-caption\">Zum Rohverbrauch<\/figcaption><\/figure>\n<\/div>\n\n<div class=\"wp-block-image\">\n<figure class=\"aligncenter size-full\"><img loading=\"lazy\" decoding=\"async\" width=\"120\" height=\"120\" src=\"https:\/\/shumans-monini-stage.ccws.it\/wp-content\/uploads\/2025\/08\/icn_crostacei@2X.png\" alt=\"\" class=\"wp-image-33649\"\/><figcaption class=\"wp-element-caption\">Krustentiere<\/figcaption><\/figure>\n<\/div><\/div>\n\n\n\n<div class=\"wp-block-column is-vertically-aligned-top\"><div class=\"wp-block-image\">\n<figure class=\"aligncenter size-full\"><img loading=\"lazy\" decoding=\"async\" width=\"120\" height=\"120\" src=\"https:\/\/shumans-monini-stage.ccws.it\/wp-content\/uploads\/2025\/08\/icn_molluschi@2X.png\" alt=\"\" class=\"wp-image-34328\"\/><figcaption class=\"wp-element-caption\">Weichtiere<\/figcaption><\/figure>\n<\/div>\n\n<div class=\"wp-block-image\">\n<figure class=\"aligncenter size-full\"><img loading=\"lazy\" decoding=\"async\" width=\"120\" height=\"120\" src=\"https:\/\/shumans-monini-stage.ccws.it\/wp-content\/uploads\/2025\/08\/icn_insalata@2X.png\" alt=\"\" class=\"wp-image-33635\"\/><figcaption class=\"wp-element-caption\">Gem\u00fcse<\/figcaption><\/figure>\n<\/div><\/div>\n<\/div>\n\n\n\n<div style=\"height:0.1em\" aria-hidden=\"true\" class=\"wp-block-spacer\"><\/div>\n\n\n\n<p>Es ist ideal f\u00fcr den rohen Verzehr.<\/p>\n\n\n\n<div style=\"height:50px\" aria-hidden=\"true\" class=\"wp-block-spacer\"><\/div>\n<\/div><\/div>\n\n\n    <section class=\"banner-link \">\n        <div class=\"banner-wrapper\">\n\t\t\t\t\t<div>\n\t\t\t\t\t    <h6 class=\"banner-category\">GESCHMACKSF\u00dcHRER<\/h6>\n              <h2 class=\"banner-title\">Die sieben goldregeln<\/h2>\t\t\t\t\t\t\n\t\t\t\t\t<\/div>\n\t\t\t\t\t<div>\n\t\t\t\t\t\t<a href=\"https:\/\/shumans-monini-stage.ccws.it\/de-ch\/article\/die-sieben-goldregeln\/\" title=\"Entdecken Sie mehr\" class=\"btn btn-primary\">\n\t\t\t\t\t\t\t<span>Entdecken Sie mehr<\/span>\n\t\t\t\t\t\t<\/a>\n\t\t\t\t\t<\/div>\n        <\/div>\n    <\/section>\n\n\n\n<div style=\"height:1em\" aria-hidden=\"true\" class=\"wp-block-spacer\"><\/div>\n\n\n<div class=\"wp-block-image\">\n<figure class=\"aligncenter size-full\"><img loading=\"lazy\" decoding=\"async\" width=\"1138\" height=\"814\" src=\"https:\/\/shumans-monini-stage.ccws.it\/wp-content\/uploads\/2025\/06\/product-bios-insight01@2.jpg\" alt=\"\" class=\"wp-image-1441\" style=\"aspect-ratio:16\/9;object-fit:cover\" srcset=\"https:\/\/shumans-monini-stage.ccws.it\/wp-content\/uploads\/2025\/06\/product-bios-insight01@2.jpg 1138w, https:\/\/shumans-monini-stage.ccws.it\/wp-content\/uploads\/2025\/06\/product-bios-insight01@2-700x501.jpg 700w, https:\/\/shumans-monini-stage.ccws.it\/wp-content\/uploads\/2025\/06\/product-bios-insight01@2-1024x732.jpg 1024w, https:\/\/shumans-monini-stage.ccws.it\/wp-content\/uploads\/2025\/06\/product-bios-insight01@2-768x549.jpg 768w\" sizes=\"auto, (max-width: 1138px) 100vw, 1138px\" \/><\/figure>\n<\/div>\n\n\n<div style=\"height:0.5em\" aria-hidden=\"true\" class=\"wp-block-spacer\"><\/div>\n","protected":false},"excerpt":{"rendered":"<p>Bios Oliven\u00f6l Extra Vierge kommt aus biologischem Olivenanbau und ist offiziell von ICEA zertifiziert, dem italienischen Institut f\u00fcr Ethik- und Umwelt-Zertifizierung. Es wird mit gro\u00dfer Sorgfalt und Leidenschaft gefertigt und ist an alle Verbraucher gerichtet, die im Einklang mit der Natur leben m\u00f6chten.<\/p>\n","protected":false},"author":3,"featured_media":34312,"menu_order":4,"template":"","meta":{"_acf_changed":false,"footnotes":""},"tags":[],"cat_product":[368],"class_list":["post-34308","product","type-product","status-publish","has-post-thumbnail","hentry","cat_product-olivenol-extra-vierge"],"yoast_head":"<!-- This site is optimized with the Yoast SEO plugin v25.8 - https:\/\/yoast.com\/wordpress\/plugins\/seo\/ -->\n<title>Bios 100% Italienisch - Monini<\/title>\n<meta name=\"robots\" content=\"noindex, follow, max-snippet:-1, max-image-preview:large, max-video-preview:-1\" \/>\n<meta property=\"og:locale\" content=\"de_DE\" \/>\n<meta property=\"og:type\" content=\"article\" \/>\n<meta property=\"og:title\" content=\"Bios 100% Italienisch - Monini\" \/>\n<meta property=\"og:description\" content=\"Bios Oliven\u00f6l Extra Vierge kommt aus biologischem Olivenanbau und ist offiziell von ICEA zertifiziert, dem italienischen Institut f\u00fcr Ethik- und Umwelt-Zertifizierung. Es wird mit gro\u00dfer Sorgfalt und Leidenschaft gefertigt und ist an alle Verbraucher gerichtet, die im Einklang mit der Natur leben m\u00f6chten.\" \/>\n<meta property=\"og:url\" content=\"https:\/\/shumans-monini-stage.ccws.it\/de-ch\/product\/bios-100-italienisch\/\" \/>\n<meta property=\"og:site_name\" content=\"Monini\" \/>\n<meta property=\"article:publisher\" content=\"https:\/\/www.facebook.com\/MoniniOlio\/\" \/>\n<meta property=\"article:modified_time\" content=\"2025-08-18T13:26:56+00:00\" \/>\n<meta property=\"og:image\" content=\"https:\/\/shumans-monini-stage.ccws.it\/wp-content\/uploads\/2025\/06\/bios-750ml-2025-mockup-1.png\" \/>\n\t<meta property=\"og:image:width\" content=\"1024\" \/>\n\t<meta property=\"og:image:height\" content=\"1280\" \/>\n\t<meta property=\"og:image:type\" content=\"image\/png\" \/>\n<meta name=\"twitter:card\" content=\"summary_large_image\" \/>\n<meta name=\"twitter:label1\" content=\"Gesch\u00e4tzte Lesezeit\" \/>\n\t<meta name=\"twitter:data1\" content=\"2\u00a0Minuten\" \/>\n<script type=\"application\/ld+json\" class=\"yoast-schema-graph\">{\"@context\":\"https:\/\/schema.org\",\"@graph\":[{\"@type\":\"WebPage\",\"@id\":\"https:\/\/shumans-monini-stage.ccws.it\/de-ch\/product\/bios-100-italienisch\/\",\"url\":\"https:\/\/shumans-monini-stage.ccws.it\/de-ch\/product\/bios-100-italienisch\/\",\"name\":\"Bios 100% Italienisch - Monini\",\"isPartOf\":{\"@id\":\"https:\/\/shumans-monini-stage.ccws.it\/de-ch\/#website\"},\"primaryImageOfPage\":{\"@id\":\"https:\/\/shumans-monini-stage.ccws.it\/de-ch\/product\/bios-100-italienisch\/#primaryimage\"},\"image\":{\"@id\":\"https:\/\/shumans-monini-stage.ccws.it\/de-ch\/product\/bios-100-italienisch\/#primaryimage\"},\"thumbnailUrl\":\"https:\/\/shumans-monini-stage.ccws.it\/wp-content\/uploads\/2025\/06\/bios-750ml-2025-mockup-1.png\",\"datePublished\":\"2025-06-24T09:17:27+00:00\",\"dateModified\":\"2025-08-18T13:26:56+00:00\",\"breadcrumb\":{\"@id\":\"https:\/\/shumans-monini-stage.ccws.it\/de-ch\/product\/bios-100-italienisch\/#breadcrumb\"},\"inLanguage\":\"de-CH\",\"potentialAction\":[{\"@type\":\"ReadAction\",\"target\":[\"https:\/\/shumans-monini-stage.ccws.it\/de-ch\/product\/bios-100-italienisch\/\"]}]},{\"@type\":\"ImageObject\",\"inLanguage\":\"de-CH\",\"@id\":\"https:\/\/shumans-monini-stage.ccws.it\/de-ch\/product\/bios-100-italienisch\/#primaryimage\",\"url\":\"https:\/\/shumans-monini-stage.ccws.it\/wp-content\/uploads\/2025\/06\/bios-750ml-2025-mockup-1.png\",\"contentUrl\":\"https:\/\/shumans-monini-stage.ccws.it\/wp-content\/uploads\/2025\/06\/bios-750ml-2025-mockup-1.png\",\"width\":1024,\"height\":1280},{\"@type\":\"BreadcrumbList\",\"@id\":\"https:\/\/shumans-monini-stage.ccws.it\/de-ch\/product\/bios-100-italienisch\/#breadcrumb\",\"itemListElement\":[{\"@type\":\"ListItem\",\"position\":1,\"name\":\"Home\",\"item\":\"https:\/\/shumans-monini-stage.ccws.it\/de-ch\/\"},{\"@type\":\"ListItem\",\"position\":2,\"name\":\"Produkte\",\"item\":\"https:\/\/shumans-monini-stage.ccws.it\/de-ch\/product\/\"},{\"@type\":\"ListItem\",\"position\":3,\"name\":\"Bios 100% Italienisch\"}]},{\"@type\":\"WebSite\",\"@id\":\"https:\/\/shumans-monini-stage.ccws.it\/de-ch\/#website\",\"url\":\"https:\/\/shumans-monini-stage.ccws.it\/de-ch\/\",\"name\":\"Monini\",\"description\":\"Una spremuta di olive\",\"potentialAction\":[{\"@type\":\"SearchAction\",\"target\":{\"@type\":\"EntryPoint\",\"urlTemplate\":\"https:\/\/shumans-monini-stage.ccws.it\/de-ch\/?s={search_term_string}\"},\"query-input\":{\"@type\":\"PropertyValueSpecification\",\"valueRequired\":true,\"valueName\":\"search_term_string\"}}],\"inLanguage\":\"de-CH\"}]}<\/script>\n<!-- \/ Yoast SEO plugin. -->","yoast_head_json":{"title":"Bios 100% Italienisch - Monini","robots":{"index":"noindex","follow":"follow","max-snippet":"max-snippet:-1","max-image-preview":"max-image-preview:large","max-video-preview":"max-video-preview:-1"},"og_locale":"de_DE","og_type":"article","og_title":"Bios 100% Italienisch - Monini","og_description":"Bios Oliven\u00f6l Extra Vierge kommt aus biologischem Olivenanbau und ist offiziell von ICEA zertifiziert, dem italienischen Institut f\u00fcr Ethik- und Umwelt-Zertifizierung. Es wird mit gro\u00dfer Sorgfalt und Leidenschaft gefertigt und ist an alle Verbraucher gerichtet, die im Einklang mit der Natur leben m\u00f6chten.","og_url":"https:\/\/shumans-monini-stage.ccws.it\/de-ch\/product\/bios-100-italienisch\/","og_site_name":"Monini","article_publisher":"https:\/\/www.facebook.com\/MoniniOlio\/","article_modified_time":"2025-08-18T13:26:56+00:00","og_image":[{"width":1024,"height":1280,"url":"https:\/\/shumans-monini-stage.ccws.it\/wp-content\/uploads\/2025\/06\/bios-750ml-2025-mockup-1.png","type":"image\/png"}],"twitter_card":"summary_large_image","twitter_misc":{"Gesch\u00e4tzte Lesezeit":"2\u00a0Minuten"},"schema":{"@context":"https:\/\/schema.org","@graph":[{"@type":"WebPage","@id":"https:\/\/shumans-monini-stage.ccws.it\/de-ch\/product\/bios-100-italienisch\/","url":"https:\/\/shumans-monini-stage.ccws.it\/de-ch\/product\/bios-100-italienisch\/","name":"Bios 100% Italienisch - Monini","isPartOf":{"@id":"https:\/\/shumans-monini-stage.ccws.it\/de-ch\/#website"},"primaryImageOfPage":{"@id":"https:\/\/shumans-monini-stage.ccws.it\/de-ch\/product\/bios-100-italienisch\/#primaryimage"},"image":{"@id":"https:\/\/shumans-monini-stage.ccws.it\/de-ch\/product\/bios-100-italienisch\/#primaryimage"},"thumbnailUrl":"https:\/\/shumans-monini-stage.ccws.it\/wp-content\/uploads\/2025\/06\/bios-750ml-2025-mockup-1.png","datePublished":"2025-06-24T09:17:27+00:00","dateModified":"2025-08-18T13:26:56+00:00","breadcrumb":{"@id":"https:\/\/shumans-monini-stage.ccws.it\/de-ch\/product\/bios-100-italienisch\/#breadcrumb"},"inLanguage":"de-CH","potentialAction":[{"@type":"ReadAction","target":["https:\/\/shumans-monini-stage.ccws.it\/de-ch\/product\/bios-100-italienisch\/"]}]},{"@type":"ImageObject","inLanguage":"de-CH","@id":"https:\/\/shumans-monini-stage.ccws.it\/de-ch\/product\/bios-100-italienisch\/#primaryimage","url":"https:\/\/shumans-monini-stage.ccws.it\/wp-content\/uploads\/2025\/06\/bios-750ml-2025-mockup-1.png","contentUrl":"https:\/\/shumans-monini-stage.ccws.it\/wp-content\/uploads\/2025\/06\/bios-750ml-2025-mockup-1.png","width":1024,"height":1280},{"@type":"BreadcrumbList","@id":"https:\/\/shumans-monini-stage.ccws.it\/de-ch\/product\/bios-100-italienisch\/#breadcrumb","itemListElement":[{"@type":"ListItem","position":1,"name":"Home","item":"https:\/\/shumans-monini-stage.ccws.it\/de-ch\/"},{"@type":"ListItem","position":2,"name":"Produkte","item":"https:\/\/shumans-monini-stage.ccws.it\/de-ch\/product\/"},{"@type":"ListItem","position":3,"name":"Bios 100% Italienisch"}]},{"@type":"WebSite","@id":"https:\/\/shumans-monini-stage.ccws.it\/de-ch\/#website","url":"https:\/\/shumans-monini-stage.ccws.it\/de-ch\/","name":"Monini","description":"Una spremuta di olive","potentialAction":[{"@type":"SearchAction","target":{"@type":"EntryPoint","urlTemplate":"https:\/\/shumans-monini-stage.ccws.it\/de-ch\/?s={search_term_string}"},"query-input":{"@type":"PropertyValueSpecification","valueRequired":true,"valueName":"search_term_string"}}],"inLanguage":"de-CH"}]}},"acf":[],"_links":{"self":[{"href":"https:\/\/shumans-monini-stage.ccws.it\/de-ch\/wp-json\/wp\/v2\/product\/34308","targetHints":{"allow":["GET"]}}],"collection":[{"href":"https:\/\/shumans-monini-stage.ccws.it\/de-ch\/wp-json\/wp\/v2\/product"}],"about":[{"href":"https:\/\/shumans-monini-stage.ccws.it\/de-ch\/wp-json\/wp\/v2\/types\/product"}],"author":[{"embeddable":true,"href":"https:\/\/shumans-monini-stage.ccws.it\/de-ch\/wp-json\/wp\/v2\/users\/3"}],"version-history":[{"count":1,"href":"https:\/\/shumans-monini-stage.ccws.it\/de-ch\/wp-json\/wp\/v2\/product\/34308\/revisions"}],"predecessor-version":[{"id":34371,"href":"https:\/\/shumans-monini-stage.ccws.it\/de-ch\/wp-json\/wp\/v2\/product\/34308\/revisions\/34371"}],"wp:featuredmedia":[{"embeddable":true,"href":"https:\/\/shumans-monini-stage.ccws.it\/de-ch\/wp-json\/wp\/v2\/media\/34312"}],"wp:attachment":[{"href":"https:\/\/shumans-monini-stage.ccws.it\/de-ch\/wp-json\/wp\/v2\/media?parent=34308"}],"wp:term":[{"taxonomy":"post_tag","embeddable":true,"href":"https:\/\/shumans-monini-stage.ccws.it\/de-ch\/wp-json\/wp\/v2\/tags?post=34308"},{"taxonomy":"cat_product","embeddable":true,"href":"https:\/\/shumans-monini-stage.ccws.it\/de-ch\/wp-json\/wp\/v2\/cat_product?post=34308"}],"curies":[{"name":"wp","href":"https:\/\/api.w.org\/{rel}","templated":true}]}}