{"id":34413,"date":"2025-06-25T11:29:19","date_gmt":"2025-06-25T09:29:19","guid":{"rendered":"https:\/\/shumans-monini-stage.ccws.it\/?post_type=product&#038;p=34413"},"modified":"2025-08-18T15:34:46","modified_gmt":"2025-08-18T13:34:46","slug":"olivenoel-extra-vierge-monocultivar-coratina-bio","status":"publish","type":"product","link":"https:\/\/shumans-monini-stage.ccws.it\/de-ch\/product\/olivenoel-extra-vierge-monocultivar-coratina-bio\/","title":{"rendered":"Oliven\u00f6l Extra Vierge Monocultivar Coratina Bio"},"content":{"rendered":"\n<div class=\"wp-block-group is-style-default\"><div class=\"wp-block-group__inner-container\">\n<div style=\"height:0.5em\" aria-hidden=\"true\" class=\"wp-block-spacer\"><\/div>\n\n\n\n<div class=\"wp-block-group is-style-spaced\"><div class=\"wp-block-group__inner-container\">\n<h6 class=\"wp-block-heading\">SERVIERVORSCHL\u00c4GE<\/h6>\n\n\n\n<div style=\"height:0.25em\" aria-hidden=\"true\" class=\"wp-block-spacer\"><\/div>\n\n\n\n<div class=\"wp-block-columns are-vertically-aligned-top is-style-default\">\n<div class=\"wp-block-column is-vertically-aligned-top\"><div class=\"wp-block-image\">\n<figure class=\"aligncenter size-full\"><img loading=\"lazy\" decoding=\"async\" width=\"120\" height=\"120\" src=\"https:\/\/shumans-monini-stage.ccws.it\/wp-content\/uploads\/2025\/06\/icn_molluschi@2X.png\" alt=\"\" class=\"wp-image-2357\"\/><figcaption class=\"wp-element-caption\">Weichtiere<\/figcaption><\/figure>\n<\/div><\/div>\n\n\n\n<div class=\"wp-block-column is-vertically-aligned-top\"><div class=\"wp-block-image\">\n<figure class=\"aligncenter size-full\"><img loading=\"lazy\" decoding=\"async\" width=\"120\" height=\"120\" src=\"https:\/\/shumans-monini-stage.ccws.it\/wp-content\/uploads\/2025\/06\/icn_crostacei@2X.png\" alt=\"\" class=\"wp-image-2359\"\/><figcaption class=\"wp-element-caption\">Krustentiere<\/figcaption><\/figure>\n<\/div><\/div>\n\n\n\n<div class=\"wp-block-column is-vertically-aligned-top\"><div class=\"wp-block-image\">\n<figure class=\"aligncenter size-full\"><img loading=\"lazy\" decoding=\"async\" width=\"120\" height=\"120\" src=\"https:\/\/shumans-monini-stage.ccws.it\/wp-content\/uploads\/2025\/06\/icn_formaggi@2X.png\" alt=\"\" class=\"wp-image-2159\"\/><figcaption class=\"wp-element-caption\">K\u00e4se<\/figcaption><\/figure>\n<\/div><\/div>\n\n\n\n<div class=\"wp-block-column is-vertically-aligned-top\"><div class=\"wp-block-image\">\n<figure class=\"aligncenter size-full\"><img loading=\"lazy\" decoding=\"async\" width=\"120\" height=\"120\" src=\"https:\/\/shumans-monini-stage.ccws.it\/wp-content\/uploads\/2025\/06\/icn_per-utilizzi-a-crudo@2X-1.png\" alt=\"\" class=\"wp-image-2253\"\/><figcaption class=\"wp-element-caption\">Zum Rohverbrauch<\/figcaption><\/figure>\n<\/div><\/div>\n<\/div>\n\n\n\n<div style=\"height:0.1em\" aria-hidden=\"true\" class=\"wp-block-spacer\"><\/div>\n\n\n\n<p>Angezeigt f\u00fcr kr\u00e4ftig schmeckendes Fleisch, Tartar aus Chianina- oder Angus-Rind, Gem\u00fcsesuppen oder Ribollita, Artischocken auf r\u00f6misch Art oder roh in Pinzimonio, reifer K\u00e4se. Ausgezeichnet mit Meeresfr\u00fcchten und Fisch-Carpaccio.<\/p>\n<\/div><\/div>\n\n\n\n<div style=\"height:0.25em\" aria-hidden=\"true\" class=\"wp-block-spacer\"><\/div>\n<\/div><\/div>\n\n\n\n<div style=\"height:100px\" aria-hidden=\"true\" class=\"wp-block-spacer\"><\/div>\n\n\n\n<h2 class=\"wp-block-heading has-text-align-center\">Oli Monocultivar<\/h2>\n\n\n\n<div style=\"height:15px\" aria-hidden=\"true\" class=\"wp-block-spacer\"><\/div>\n\n\n\n<div class=\"wp-block-group is-style-spaced\"><div class=\"wp-block-group__inner-container\">\n<p>Die Philosophie der Familie Monini, makelloses Oliven\u00f6l Extra Vierge von \u00fcberlegener Qualit\u00e4t zu erzeugen, das mit der Zeit best\u00e4ndig bleibt, hat Herrn Monini dazu inspiriert, eine biologische Auswahl aus drei ausgezeichneten Monocultivar Nativen Oliven\u00f6len Extra anzubieten, die vom Anbau bis zur Tafel zertifiziert sind, indem nur die feinsten 100% italienischen und 100% biologischen zertifizierten Zutaten verwendet werden.<\/p>\n\n\n\n<div style=\"height:24px\" aria-hidden=\"true\" class=\"wp-block-spacer\"><\/div>\n\n\n<figure class=\"wp-block-video\"><div class=\"monini_player\" data-plyr-provider=\"youtube\" data-plyr-embed-id=\"https:\/\/www.youtube.com\/watch?v=c9426mmdM3s&#038;list=TLGGk5wgL3faJMoxODA4MjAyNQ\"><\/div><\/figure><\/div><\/div>\n\n\n\n<div style=\"height:60px\" aria-hidden=\"true\" class=\"wp-block-spacer\"><\/div>\n","protected":false},"excerpt":{"rendered":"<p>Die Philosophie der Familie Monini, makelloses Oliven\u00f6l Extra Vierge von \u00fcberlegener Qualit\u00e4t zu erzeugen, das mit der Zeit best\u00e4ndig bleibt, hat Herrn Monini dazu inspiriert, eine biologische Auswahl aus drei ausgezeichneten Monocultivar Nativen Oliven\u00f6len Extra anzubieten, die vom Anbau bis zur Tafel zertifiziert sind, indem nur die feinsten 100% italienischen und 100% biologischen zertifizierten Zutaten verwendet werden.<br \/>\n3 einzelne Olivensorten wurden bestimmt: Coratina, Nocellara und Frantoio, um drei Native Oliven\u00f6le Extra mit beispiellosen und unverkennbaren D\u00fcften und Geschm\u00e4ckern zu erhalten.<br \/>\nVor der Ernte wird jede Cultivar mit innovativen Methoden einer DNA-Analyse durch den Nationalen Forschungs-Rat unterzogen, um den richtigen Reifegrad und die h\u00f6chste Qualit\u00e4t der Oliven zu bestimmen.<br \/>\nKontinuierliche Niedrig-Temperatur-Kontrolle w\u00e4hrend aller Erzeugungsschritte: Ernte, Transport, Lagerbedingungen gew\u00e4hrleisten das Ausbleiben jedes G\u00e4rvorgangs und verhindern die Beeintr\u00e4chtigung der Qualit\u00e4t der \u00d6le.<\/p>\n","protected":false},"author":3,"featured_media":34433,"menu_order":21,"template":"","meta":{"_acf_changed":false,"footnotes":""},"tags":[],"cat_product":[369],"class_list":["post-34413","product","type-product","status-publish","has-post-thumbnail","hentry","cat_product-bio-ole-einer-sorte"],"yoast_head":"<!-- This site is optimized with the Yoast SEO plugin v25.8 - https:\/\/yoast.com\/wordpress\/plugins\/seo\/ -->\n<title>Oliven\u00f6l Extra Vierge Monocultivar Coratina Bio - Monini<\/title>\n<meta name=\"robots\" content=\"noindex, follow, max-snippet:-1, max-image-preview:large, max-video-preview:-1\" \/>\n<meta property=\"og:locale\" content=\"de_DE\" \/>\n<meta property=\"og:type\" content=\"article\" \/>\n<meta property=\"og:title\" content=\"Oliven\u00f6l Extra Vierge Monocultivar Coratina Bio - Monini\" \/>\n<meta property=\"og:description\" content=\"Die Philosophie der Familie Monini, makelloses Oliven\u00f6l Extra Vierge von \u00fcberlegener Qualit\u00e4t zu erzeugen, das mit der Zeit best\u00e4ndig bleibt, hat Herrn Monini dazu inspiriert, eine biologische Auswahl aus drei ausgezeichneten Monocultivar Nativen Oliven\u00f6len Extra anzubieten, die vom Anbau bis zur Tafel zertifiziert sind, indem nur die feinsten 100% italienischen und 100% biologischen zertifizierten Zutaten verwendet werden. 3 einzelne Olivensorten wurden bestimmt: Coratina, Nocellara und Frantoio, um drei Native Oliven\u00f6le Extra mit beispiellosen und unverkennbaren D\u00fcften und Geschm\u00e4ckern zu erhalten. Vor der Ernte wird jede Cultivar mit innovativen Methoden einer DNA-Analyse durch den Nationalen Forschungs-Rat unterzogen, um den richtigen Reifegrad und die h\u00f6chste Qualit\u00e4t der Oliven zu bestimmen. Kontinuierliche Niedrig-Temperatur-Kontrolle w\u00e4hrend aller Erzeugungsschritte: Ernte, Transport, Lagerbedingungen gew\u00e4hrleisten das Ausbleiben jedes G\u00e4rvorgangs und verhindern die Beeintr\u00e4chtigung der Qualit\u00e4t der \u00d6le.\" \/>\n<meta property=\"og:url\" content=\"https:\/\/shumans-monini-stage.ccws.it\/de-ch\/product\/olivenoel-extra-vierge-monocultivar-coratina-bio\/\" \/>\n<meta property=\"og:site_name\" content=\"Monini\" \/>\n<meta property=\"article:publisher\" content=\"https:\/\/www.facebook.com\/MoniniOlio\/\" \/>\n<meta property=\"article:modified_time\" content=\"2025-08-18T13:34:46+00:00\" \/>\n<meta property=\"og:image\" content=\"https:\/\/shumans-monini-stage.ccws.it\/wp-content\/uploads\/2025\/06\/MONOCULTIVAR-CORATINA-2025-mockup-1.png\" \/>\n\t<meta property=\"og:image:width\" content=\"1024\" \/>\n\t<meta property=\"og:image:height\" content=\"1280\" \/>\n\t<meta property=\"og:image:type\" content=\"image\/png\" \/>\n<meta name=\"twitter:card\" content=\"summary_large_image\" \/>\n<meta name=\"twitter:label1\" content=\"Gesch\u00e4tzte Lesezeit\" \/>\n\t<meta name=\"twitter:data1\" content=\"2\u00a0Minuten\" \/>\n<script type=\"application\/ld+json\" class=\"yoast-schema-graph\">{\"@context\":\"https:\/\/schema.org\",\"@graph\":[{\"@type\":\"WebPage\",\"@id\":\"https:\/\/shumans-monini-stage.ccws.it\/de-ch\/product\/olivenoel-extra-vierge-monocultivar-coratina-bio\/\",\"url\":\"https:\/\/shumans-monini-stage.ccws.it\/de-ch\/product\/olivenoel-extra-vierge-monocultivar-coratina-bio\/\",\"name\":\"Oliven\u00f6l Extra Vierge Monocultivar Coratina Bio - Monini\",\"isPartOf\":{\"@id\":\"https:\/\/shumans-monini-stage.ccws.it\/de-ch\/#website\"},\"primaryImageOfPage\":{\"@id\":\"https:\/\/shumans-monini-stage.ccws.it\/de-ch\/product\/olivenoel-extra-vierge-monocultivar-coratina-bio\/#primaryimage\"},\"image\":{\"@id\":\"https:\/\/shumans-monini-stage.ccws.it\/de-ch\/product\/olivenoel-extra-vierge-monocultivar-coratina-bio\/#primaryimage\"},\"thumbnailUrl\":\"https:\/\/shumans-monini-stage.ccws.it\/wp-content\/uploads\/2025\/06\/MONOCULTIVAR-CORATINA-2025-mockup-1.png\",\"datePublished\":\"2025-06-25T09:29:19+00:00\",\"dateModified\":\"2025-08-18T13:34:46+00:00\",\"breadcrumb\":{\"@id\":\"https:\/\/shumans-monini-stage.ccws.it\/de-ch\/product\/olivenoel-extra-vierge-monocultivar-coratina-bio\/#breadcrumb\"},\"inLanguage\":\"de-CH\",\"potentialAction\":[{\"@type\":\"ReadAction\",\"target\":[\"https:\/\/shumans-monini-stage.ccws.it\/de-ch\/product\/olivenoel-extra-vierge-monocultivar-coratina-bio\/\"]}]},{\"@type\":\"ImageObject\",\"inLanguage\":\"de-CH\",\"@id\":\"https:\/\/shumans-monini-stage.ccws.it\/de-ch\/product\/olivenoel-extra-vierge-monocultivar-coratina-bio\/#primaryimage\",\"url\":\"https:\/\/shumans-monini-stage.ccws.it\/wp-content\/uploads\/2025\/06\/MONOCULTIVAR-CORATINA-2025-mockup-1.png\",\"contentUrl\":\"https:\/\/shumans-monini-stage.ccws.it\/wp-content\/uploads\/2025\/06\/MONOCULTIVAR-CORATINA-2025-mockup-1.png\",\"width\":1024,\"height\":1280},{\"@type\":\"BreadcrumbList\",\"@id\":\"https:\/\/shumans-monini-stage.ccws.it\/de-ch\/product\/olivenoel-extra-vierge-monocultivar-coratina-bio\/#breadcrumb\",\"itemListElement\":[{\"@type\":\"ListItem\",\"position\":1,\"name\":\"Home\",\"item\":\"https:\/\/shumans-monini-stage.ccws.it\/de-ch\/\"},{\"@type\":\"ListItem\",\"position\":2,\"name\":\"Produkte\",\"item\":\"https:\/\/shumans-monini-stage.ccws.it\/de-ch\/product\/\"},{\"@type\":\"ListItem\",\"position\":3,\"name\":\"Oliven\u00f6l Extra Vierge Monocultivar Coratina Bio\"}]},{\"@type\":\"WebSite\",\"@id\":\"https:\/\/shumans-monini-stage.ccws.it\/de-ch\/#website\",\"url\":\"https:\/\/shumans-monini-stage.ccws.it\/de-ch\/\",\"name\":\"Monini\",\"description\":\"Una spremuta di olive\",\"potentialAction\":[{\"@type\":\"SearchAction\",\"target\":{\"@type\":\"EntryPoint\",\"urlTemplate\":\"https:\/\/shumans-monini-stage.ccws.it\/de-ch\/?s={search_term_string}\"},\"query-input\":{\"@type\":\"PropertyValueSpecification\",\"valueRequired\":true,\"valueName\":\"search_term_string\"}}],\"inLanguage\":\"de-CH\"}]}<\/script>\n<!-- \/ Yoast SEO plugin. -->","yoast_head_json":{"title":"Oliven\u00f6l Extra Vierge Monocultivar Coratina Bio - Monini","robots":{"index":"noindex","follow":"follow","max-snippet":"max-snippet:-1","max-image-preview":"max-image-preview:large","max-video-preview":"max-video-preview:-1"},"og_locale":"de_DE","og_type":"article","og_title":"Oliven\u00f6l Extra Vierge Monocultivar Coratina Bio - Monini","og_description":"Die Philosophie der Familie Monini, makelloses Oliven\u00f6l Extra Vierge von \u00fcberlegener Qualit\u00e4t zu erzeugen, das mit der Zeit best\u00e4ndig bleibt, hat Herrn Monini dazu inspiriert, eine biologische Auswahl aus drei ausgezeichneten Monocultivar Nativen Oliven\u00f6len Extra anzubieten, die vom Anbau bis zur Tafel zertifiziert sind, indem nur die feinsten 100% italienischen und 100% biologischen zertifizierten Zutaten verwendet werden. 3 einzelne Olivensorten wurden bestimmt: Coratina, Nocellara und Frantoio, um drei Native Oliven\u00f6le Extra mit beispiellosen und unverkennbaren D\u00fcften und Geschm\u00e4ckern zu erhalten. Vor der Ernte wird jede Cultivar mit innovativen Methoden einer DNA-Analyse durch den Nationalen Forschungs-Rat unterzogen, um den richtigen Reifegrad und die h\u00f6chste Qualit\u00e4t der Oliven zu bestimmen. Kontinuierliche Niedrig-Temperatur-Kontrolle w\u00e4hrend aller Erzeugungsschritte: Ernte, Transport, Lagerbedingungen gew\u00e4hrleisten das Ausbleiben jedes G\u00e4rvorgangs und verhindern die Beeintr\u00e4chtigung der Qualit\u00e4t der \u00d6le.","og_url":"https:\/\/shumans-monini-stage.ccws.it\/de-ch\/product\/olivenoel-extra-vierge-monocultivar-coratina-bio\/","og_site_name":"Monini","article_publisher":"https:\/\/www.facebook.com\/MoniniOlio\/","article_modified_time":"2025-08-18T13:34:46+00:00","og_image":[{"width":1024,"height":1280,"url":"https:\/\/shumans-monini-stage.ccws.it\/wp-content\/uploads\/2025\/06\/MONOCULTIVAR-CORATINA-2025-mockup-1.png","type":"image\/png"}],"twitter_card":"summary_large_image","twitter_misc":{"Gesch\u00e4tzte Lesezeit":"2\u00a0Minuten"},"schema":{"@context":"https:\/\/schema.org","@graph":[{"@type":"WebPage","@id":"https:\/\/shumans-monini-stage.ccws.it\/de-ch\/product\/olivenoel-extra-vierge-monocultivar-coratina-bio\/","url":"https:\/\/shumans-monini-stage.ccws.it\/de-ch\/product\/olivenoel-extra-vierge-monocultivar-coratina-bio\/","name":"Oliven\u00f6l Extra Vierge Monocultivar Coratina Bio - Monini","isPartOf":{"@id":"https:\/\/shumans-monini-stage.ccws.it\/de-ch\/#website"},"primaryImageOfPage":{"@id":"https:\/\/shumans-monini-stage.ccws.it\/de-ch\/product\/olivenoel-extra-vierge-monocultivar-coratina-bio\/#primaryimage"},"image":{"@id":"https:\/\/shumans-monini-stage.ccws.it\/de-ch\/product\/olivenoel-extra-vierge-monocultivar-coratina-bio\/#primaryimage"},"thumbnailUrl":"https:\/\/shumans-monini-stage.ccws.it\/wp-content\/uploads\/2025\/06\/MONOCULTIVAR-CORATINA-2025-mockup-1.png","datePublished":"2025-06-25T09:29:19+00:00","dateModified":"2025-08-18T13:34:46+00:00","breadcrumb":{"@id":"https:\/\/shumans-monini-stage.ccws.it\/de-ch\/product\/olivenoel-extra-vierge-monocultivar-coratina-bio\/#breadcrumb"},"inLanguage":"de-CH","potentialAction":[{"@type":"ReadAction","target":["https:\/\/shumans-monini-stage.ccws.it\/de-ch\/product\/olivenoel-extra-vierge-monocultivar-coratina-bio\/"]}]},{"@type":"ImageObject","inLanguage":"de-CH","@id":"https:\/\/shumans-monini-stage.ccws.it\/de-ch\/product\/olivenoel-extra-vierge-monocultivar-coratina-bio\/#primaryimage","url":"https:\/\/shumans-monini-stage.ccws.it\/wp-content\/uploads\/2025\/06\/MONOCULTIVAR-CORATINA-2025-mockup-1.png","contentUrl":"https:\/\/shumans-monini-stage.ccws.it\/wp-content\/uploads\/2025\/06\/MONOCULTIVAR-CORATINA-2025-mockup-1.png","width":1024,"height":1280},{"@type":"BreadcrumbList","@id":"https:\/\/shumans-monini-stage.ccws.it\/de-ch\/product\/olivenoel-extra-vierge-monocultivar-coratina-bio\/#breadcrumb","itemListElement":[{"@type":"ListItem","position":1,"name":"Home","item":"https:\/\/shumans-monini-stage.ccws.it\/de-ch\/"},{"@type":"ListItem","position":2,"name":"Produkte","item":"https:\/\/shumans-monini-stage.ccws.it\/de-ch\/product\/"},{"@type":"ListItem","position":3,"name":"Oliven\u00f6l Extra Vierge Monocultivar Coratina Bio"}]},{"@type":"WebSite","@id":"https:\/\/shumans-monini-stage.ccws.it\/de-ch\/#website","url":"https:\/\/shumans-monini-stage.ccws.it\/de-ch\/","name":"Monini","description":"Una spremuta di olive","potentialAction":[{"@type":"SearchAction","target":{"@type":"EntryPoint","urlTemplate":"https:\/\/shumans-monini-stage.ccws.it\/de-ch\/?s={search_term_string}"},"query-input":{"@type":"PropertyValueSpecification","valueRequired":true,"valueName":"search_term_string"}}],"inLanguage":"de-CH"}]}},"acf":[],"_links":{"self":[{"href":"https:\/\/shumans-monini-stage.ccws.it\/de-ch\/wp-json\/wp\/v2\/product\/34413","targetHints":{"allow":["GET"]}}],"collection":[{"href":"https:\/\/shumans-monini-stage.ccws.it\/de-ch\/wp-json\/wp\/v2\/product"}],"about":[{"href":"https:\/\/shumans-monini-stage.ccws.it\/de-ch\/wp-json\/wp\/v2\/types\/product"}],"author":[{"embeddable":true,"href":"https:\/\/shumans-monini-stage.ccws.it\/de-ch\/wp-json\/wp\/v2\/users\/3"}],"version-history":[{"count":1,"href":"https:\/\/shumans-monini-stage.ccws.it\/de-ch\/wp-json\/wp\/v2\/product\/34413\/revisions"}],"predecessor-version":[{"id":34435,"href":"https:\/\/shumans-monini-stage.ccws.it\/de-ch\/wp-json\/wp\/v2\/product\/34413\/revisions\/34435"}],"wp:featuredmedia":[{"embeddable":true,"href":"https:\/\/shumans-monini-stage.ccws.it\/de-ch\/wp-json\/wp\/v2\/media\/34433"}],"wp:attachment":[{"href":"https:\/\/shumans-monini-stage.ccws.it\/de-ch\/wp-json\/wp\/v2\/media?parent=34413"}],"wp:term":[{"taxonomy":"post_tag","embeddable":true,"href":"https:\/\/shumans-monini-stage.ccws.it\/de-ch\/wp-json\/wp\/v2\/tags?post=34413"},{"taxonomy":"cat_product","embeddable":true,"href":"https:\/\/shumans-monini-stage.ccws.it\/de-ch\/wp-json\/wp\/v2\/cat_product?post=34413"}],"curies":[{"name":"wp","href":"https:\/\/api.w.org\/{rel}","templated":true}]}}