{"id":34436,"date":"2025-08-18T11:45:16","date_gmt":"2025-08-18T09:45:16","guid":{"rendered":"https:\/\/shumans-monini-stage.ccws.it\/?post_type=product&#038;p=34436"},"modified":"2025-08-18T15:39:24","modified_gmt":"2025-08-18T13:39:24","slug":"olivenoel-mit-mediterranen-kraeutern","status":"publish","type":"product","link":"https:\/\/shumans-monini-stage.ccws.it\/de-ch\/product\/olivenoel-mit-mediterranen-kraeutern\/","title":{"rendered":"Oliven\u00f6l mit Mediterranen kr\u00e4utern"},"content":{"rendered":"\n<div class=\"wp-block-group is-style-spaced\"><div class=\"wp-block-group__inner-container\">\n<h6 class=\"wp-block-heading\">SERVIERVORSCHL\u00c4GE<\/h6>\n\n\n\n<div style=\"height:0.25em\" aria-hidden=\"true\" class=\"wp-block-spacer\"><\/div>\n\n\n\n<div class=\"wp-block-columns\">\n<div class=\"wp-block-column\"><div class=\"wp-block-image\">\n<figure class=\"aligncenter size-full\"><img loading=\"lazy\" decoding=\"async\" width=\"120\" height=\"120\" src=\"https:\/\/shumans-monini-stage.ccws.it\/wp-content\/uploads\/2025\/08\/grigliate.jpg\" alt=\"\" class=\"wp-image-33927\"\/><figcaption class=\"wp-element-caption\">gegrilltem Fleisch<\/figcaption><\/figure>\n<\/div><\/div>\n\n\n\n<div class=\"wp-block-column\"><div class=\"wp-block-image\">\n<figure class=\"aligncenter size-full\"><img loading=\"lazy\" decoding=\"async\" width=\"120\" height=\"120\" src=\"https:\/\/shumans-monini-stage.ccws.it\/wp-content\/uploads\/2025\/08\/patateal-fornoCH.jpg\" alt=\"\" class=\"wp-image-33941\"\/><figcaption class=\"wp-element-caption\">Ofenkartoffeln<\/figcaption><\/figure>\n<\/div><\/div>\n\n\n\n<div class=\"wp-block-column\"><div class=\"wp-block-image\">\n<figure class=\"aligncenter size-full\"><img loading=\"lazy\" decoding=\"async\" width=\"120\" height=\"120\" src=\"https:\/\/shumans-monini-stage.ccws.it\/wp-content\/uploads\/2025\/08\/tastingPizzaCH.jpg\" alt=\"\" class=\"wp-image-33955\"\/><figcaption class=\"wp-element-caption\">Pizza<\/figcaption><\/figure>\n<\/div><\/div>\n<\/div>\n\n\n\n<div style=\"height:0.1em\" aria-hidden=\"true\" class=\"wp-block-spacer\"><\/div>\n\n\n\n<p>Eignet\u00a0sich besonders f\u00fcr Pizza, gegrilltem\u00a0Fleisch sowie Ofenkartoffeln.<\/p>\n<\/div><\/div>\n","protected":false},"excerpt":{"rendered":"<p>Die Zubereitung von Oliven\u00f6l extra vergine mit mediterranen kr\u00e4utern eignet sich besonders f\u00fcr Pizza, gegrilltem Fleisch sowie Ofenkartoffeln.<\/p>\n","protected":false},"author":3,"featured_media":33920,"menu_order":0,"template":"","meta":{"_acf_changed":false,"footnotes":""},"tags":[],"cat_product":[370],"class_list":["post-34436","product","type-product","status-publish","has-post-thumbnail","hentry","cat_product-aromatisierte-ole"],"yoast_head":"<!-- This site is optimized with the Yoast SEO plugin v25.8 - https:\/\/yoast.com\/wordpress\/plugins\/seo\/ -->\n<title>Oliven\u00f6l mit Mediterranen kr\u00e4utern - Monini<\/title>\n<meta name=\"robots\" content=\"noindex, follow, max-snippet:-1, max-image-preview:large, max-video-preview:-1\" \/>\n<meta property=\"og:locale\" content=\"de_DE\" \/>\n<meta property=\"og:type\" content=\"article\" \/>\n<meta property=\"og:title\" content=\"Oliven\u00f6l mit Mediterranen kr\u00e4utern - Monini\" \/>\n<meta property=\"og:description\" content=\"Die Zubereitung von Oliven\u00f6l extra vergine mit mediterranen kr\u00e4utern eignet sich besonders f\u00fcr Pizza, gegrilltem Fleisch sowie Ofenkartoffeln.\" \/>\n<meta property=\"og:url\" content=\"https:\/\/shumans-monini-stage.ccws.it\/de-ch\/product\/olivenoel-mit-mediterranen-kraeutern\/\" \/>\n<meta property=\"og:site_name\" content=\"Monini\" \/>\n<meta property=\"article:publisher\" content=\"https:\/\/www.facebook.com\/MoniniOlio\/\" \/>\n<meta property=\"article:modified_time\" content=\"2025-08-18T13:39:24+00:00\" \/>\n<meta property=\"og:image\" content=\"https:\/\/shumans-monini-stage.ccws.it\/wp-content\/uploads\/2025\/08\/erbearoma-itasvi.png\" \/>\n\t<meta property=\"og:image:width\" content=\"1024\" \/>\n\t<meta property=\"og:image:height\" content=\"1280\" \/>\n\t<meta property=\"og:image:type\" content=\"image\/png\" \/>\n<meta name=\"twitter:card\" content=\"summary_large_image\" \/>\n<meta name=\"twitter:label1\" content=\"Gesch\u00e4tzte Lesezeit\" \/>\n\t<meta name=\"twitter:data1\" content=\"1\u00a0Minute\" \/>\n<script type=\"application\/ld+json\" class=\"yoast-schema-graph\">{\"@context\":\"https:\/\/schema.org\",\"@graph\":[{\"@type\":\"WebPage\",\"@id\":\"https:\/\/shumans-monini-stage.ccws.it\/de-ch\/product\/olivenoel-mit-mediterranen-kraeutern\/\",\"url\":\"https:\/\/shumans-monini-stage.ccws.it\/de-ch\/product\/olivenoel-mit-mediterranen-kraeutern\/\",\"name\":\"Oliven\u00f6l mit Mediterranen kr\u00e4utern - Monini\",\"isPartOf\":{\"@id\":\"https:\/\/shumans-monini-stage.ccws.it\/de-ch\/#website\"},\"primaryImageOfPage\":{\"@id\":\"https:\/\/shumans-monini-stage.ccws.it\/de-ch\/product\/olivenoel-mit-mediterranen-kraeutern\/#primaryimage\"},\"image\":{\"@id\":\"https:\/\/shumans-monini-stage.ccws.it\/de-ch\/product\/olivenoel-mit-mediterranen-kraeutern\/#primaryimage\"},\"thumbnailUrl\":\"https:\/\/shumans-monini-stage.ccws.it\/wp-content\/uploads\/2025\/08\/erbearoma-itasvi.png\",\"datePublished\":\"2025-08-18T09:45:16+00:00\",\"dateModified\":\"2025-08-18T13:39:24+00:00\",\"breadcrumb\":{\"@id\":\"https:\/\/shumans-monini-stage.ccws.it\/de-ch\/product\/olivenoel-mit-mediterranen-kraeutern\/#breadcrumb\"},\"inLanguage\":\"de-CH\",\"potentialAction\":[{\"@type\":\"ReadAction\",\"target\":[\"https:\/\/shumans-monini-stage.ccws.it\/de-ch\/product\/olivenoel-mit-mediterranen-kraeutern\/\"]}]},{\"@type\":\"ImageObject\",\"inLanguage\":\"de-CH\",\"@id\":\"https:\/\/shumans-monini-stage.ccws.it\/de-ch\/product\/olivenoel-mit-mediterranen-kraeutern\/#primaryimage\",\"url\":\"https:\/\/shumans-monini-stage.ccws.it\/wp-content\/uploads\/2025\/08\/erbearoma-itasvi.png\",\"contentUrl\":\"https:\/\/shumans-monini-stage.ccws.it\/wp-content\/uploads\/2025\/08\/erbearoma-itasvi.png\",\"width\":1024,\"height\":1280},{\"@type\":\"BreadcrumbList\",\"@id\":\"https:\/\/shumans-monini-stage.ccws.it\/de-ch\/product\/olivenoel-mit-mediterranen-kraeutern\/#breadcrumb\",\"itemListElement\":[{\"@type\":\"ListItem\",\"position\":1,\"name\":\"Home\",\"item\":\"https:\/\/shumans-monini-stage.ccws.it\/de-ch\/\"},{\"@type\":\"ListItem\",\"position\":2,\"name\":\"Produkte\",\"item\":\"https:\/\/shumans-monini-stage.ccws.it\/de-ch\/product\/\"},{\"@type\":\"ListItem\",\"position\":3,\"name\":\"Oliven\u00f6l mit Mediterranen kr\u00e4utern\"}]},{\"@type\":\"WebSite\",\"@id\":\"https:\/\/shumans-monini-stage.ccws.it\/de-ch\/#website\",\"url\":\"https:\/\/shumans-monini-stage.ccws.it\/de-ch\/\",\"name\":\"Monini\",\"description\":\"Una spremuta di olive\",\"potentialAction\":[{\"@type\":\"SearchAction\",\"target\":{\"@type\":\"EntryPoint\",\"urlTemplate\":\"https:\/\/shumans-monini-stage.ccws.it\/de-ch\/?s={search_term_string}\"},\"query-input\":{\"@type\":\"PropertyValueSpecification\",\"valueRequired\":true,\"valueName\":\"search_term_string\"}}],\"inLanguage\":\"de-CH\"}]}<\/script>\n<!-- \/ Yoast SEO plugin. -->","yoast_head_json":{"title":"Oliven\u00f6l mit Mediterranen kr\u00e4utern - Monini","robots":{"index":"noindex","follow":"follow","max-snippet":"max-snippet:-1","max-image-preview":"max-image-preview:large","max-video-preview":"max-video-preview:-1"},"og_locale":"de_DE","og_type":"article","og_title":"Oliven\u00f6l mit Mediterranen kr\u00e4utern - Monini","og_description":"Die Zubereitung von Oliven\u00f6l extra vergine mit mediterranen kr\u00e4utern eignet sich besonders f\u00fcr Pizza, gegrilltem Fleisch sowie Ofenkartoffeln.","og_url":"https:\/\/shumans-monini-stage.ccws.it\/de-ch\/product\/olivenoel-mit-mediterranen-kraeutern\/","og_site_name":"Monini","article_publisher":"https:\/\/www.facebook.com\/MoniniOlio\/","article_modified_time":"2025-08-18T13:39:24+00:00","og_image":[{"width":1024,"height":1280,"url":"https:\/\/shumans-monini-stage.ccws.it\/wp-content\/uploads\/2025\/08\/erbearoma-itasvi.png","type":"image\/png"}],"twitter_card":"summary_large_image","twitter_misc":{"Gesch\u00e4tzte Lesezeit":"1\u00a0Minute"},"schema":{"@context":"https:\/\/schema.org","@graph":[{"@type":"WebPage","@id":"https:\/\/shumans-monini-stage.ccws.it\/de-ch\/product\/olivenoel-mit-mediterranen-kraeutern\/","url":"https:\/\/shumans-monini-stage.ccws.it\/de-ch\/product\/olivenoel-mit-mediterranen-kraeutern\/","name":"Oliven\u00f6l mit Mediterranen kr\u00e4utern - Monini","isPartOf":{"@id":"https:\/\/shumans-monini-stage.ccws.it\/de-ch\/#website"},"primaryImageOfPage":{"@id":"https:\/\/shumans-monini-stage.ccws.it\/de-ch\/product\/olivenoel-mit-mediterranen-kraeutern\/#primaryimage"},"image":{"@id":"https:\/\/shumans-monini-stage.ccws.it\/de-ch\/product\/olivenoel-mit-mediterranen-kraeutern\/#primaryimage"},"thumbnailUrl":"https:\/\/shumans-monini-stage.ccws.it\/wp-content\/uploads\/2025\/08\/erbearoma-itasvi.png","datePublished":"2025-08-18T09:45:16+00:00","dateModified":"2025-08-18T13:39:24+00:00","breadcrumb":{"@id":"https:\/\/shumans-monini-stage.ccws.it\/de-ch\/product\/olivenoel-mit-mediterranen-kraeutern\/#breadcrumb"},"inLanguage":"de-CH","potentialAction":[{"@type":"ReadAction","target":["https:\/\/shumans-monini-stage.ccws.it\/de-ch\/product\/olivenoel-mit-mediterranen-kraeutern\/"]}]},{"@type":"ImageObject","inLanguage":"de-CH","@id":"https:\/\/shumans-monini-stage.ccws.it\/de-ch\/product\/olivenoel-mit-mediterranen-kraeutern\/#primaryimage","url":"https:\/\/shumans-monini-stage.ccws.it\/wp-content\/uploads\/2025\/08\/erbearoma-itasvi.png","contentUrl":"https:\/\/shumans-monini-stage.ccws.it\/wp-content\/uploads\/2025\/08\/erbearoma-itasvi.png","width":1024,"height":1280},{"@type":"BreadcrumbList","@id":"https:\/\/shumans-monini-stage.ccws.it\/de-ch\/product\/olivenoel-mit-mediterranen-kraeutern\/#breadcrumb","itemListElement":[{"@type":"ListItem","position":1,"name":"Home","item":"https:\/\/shumans-monini-stage.ccws.it\/de-ch\/"},{"@type":"ListItem","position":2,"name":"Produkte","item":"https:\/\/shumans-monini-stage.ccws.it\/de-ch\/product\/"},{"@type":"ListItem","position":3,"name":"Oliven\u00f6l mit Mediterranen kr\u00e4utern"}]},{"@type":"WebSite","@id":"https:\/\/shumans-monini-stage.ccws.it\/de-ch\/#website","url":"https:\/\/shumans-monini-stage.ccws.it\/de-ch\/","name":"Monini","description":"Una spremuta di olive","potentialAction":[{"@type":"SearchAction","target":{"@type":"EntryPoint","urlTemplate":"https:\/\/shumans-monini-stage.ccws.it\/de-ch\/?s={search_term_string}"},"query-input":{"@type":"PropertyValueSpecification","valueRequired":true,"valueName":"search_term_string"}}],"inLanguage":"de-CH"}]}},"acf":[],"_links":{"self":[{"href":"https:\/\/shumans-monini-stage.ccws.it\/de-ch\/wp-json\/wp\/v2\/product\/34436","targetHints":{"allow":["GET"]}}],"collection":[{"href":"https:\/\/shumans-monini-stage.ccws.it\/de-ch\/wp-json\/wp\/v2\/product"}],"about":[{"href":"https:\/\/shumans-monini-stage.ccws.it\/de-ch\/wp-json\/wp\/v2\/types\/product"}],"author":[{"embeddable":true,"href":"https:\/\/shumans-monini-stage.ccws.it\/de-ch\/wp-json\/wp\/v2\/users\/3"}],"version-history":[{"count":1,"href":"https:\/\/shumans-monini-stage.ccws.it\/de-ch\/wp-json\/wp\/v2\/product\/34436\/revisions"}],"predecessor-version":[{"id":34437,"href":"https:\/\/shumans-monini-stage.ccws.it\/de-ch\/wp-json\/wp\/v2\/product\/34436\/revisions\/34437"}],"wp:featuredmedia":[{"embeddable":true,"href":"https:\/\/shumans-monini-stage.ccws.it\/de-ch\/wp-json\/wp\/v2\/media\/33920"}],"wp:attachment":[{"href":"https:\/\/shumans-monini-stage.ccws.it\/de-ch\/wp-json\/wp\/v2\/media?parent=34436"}],"wp:term":[{"taxonomy":"post_tag","embeddable":true,"href":"https:\/\/shumans-monini-stage.ccws.it\/de-ch\/wp-json\/wp\/v2\/tags?post=34436"},{"taxonomy":"cat_product","embeddable":true,"href":"https:\/\/shumans-monini-stage.ccws.it\/de-ch\/wp-json\/wp\/v2\/cat_product?post=34436"}],"curies":[{"name":"wp","href":"https:\/\/api.w.org\/{rel}","templated":true}]}}