{"id":35547,"date":"2025-06-25T15:28:12","date_gmt":"2025-06-25T13:28:12","guid":{"rendered":"https:\/\/shumans-monini-stage.ccws.it\/?page_id=35547"},"modified":"2025-08-21T12:50:45","modified_gmt":"2025-08-21T10:50:45","slug":"datenschutzerklaerung","status":"publish","type":"page","link":"https:\/\/shumans-monini-stage.ccws.it\/de\/datenschutzerklaerung\/","title":{"rendered":"Datenschutzerkl\u00e4rung"},"content":{"rendered":"\n<div class=\"wp-block-columns\">\n<div class=\"wp-block-column\">\n<h3 class=\"wp-block-heading\"><strong>Verantwortlich f\u00fcr die Datenverarbeitung&nbsp;<\/strong>&nbsp;<\/h3>\n\n\n\n<p>Verantwortlich f\u00fcr die Verarbeitung personenbezogener Daten im Rahmen dieses Webauftritts gem\u00e4\u00df den Vorschriften der Datenschutzgrundverordnung (DSGVO) ist:&nbsp;<\/p>\n\n\n\n<p><strong>Monini S.p.A.<br>Dr. Zefferino Francesco Monini<br>S.S. Flaminia km 129<br>06049&nbsp;Spoleto<br>Italien<br>Telefon: +39.0743.23261<br>USt.-ID 02625300542<\/strong><strong><\/strong><\/p>\n\n\n\n<p>Mit dieser Datenschutzerkl\u00e4rung informieren wir Sie \u00fcber den Umfang der Verarbeitung Ihrer personenbezogenen Daten (nachfolgend nur noch \u201eDaten\u201c).<\/p>\n\n\n\n<p><strong>Datenverarbeitung&nbsp;<\/strong>&nbsp;<\/p>\n\n\n\n<p>Im Rahmen des Betriebs unserer Webseite verarbeiten wir Daten. Die Verarbeitung der Daten umfasst auch die Offenlegung durch \u00dcbermittlung.&nbsp;<\/p>\n\n\n\n<p>F\u00fcr Daten\u00fcbermittlungen in die USA existiert ein Angemessenheitsbeschluss der EU-Kommission, das EU-US Privacy&nbsp;Shield.&nbsp; In diesem hat die Kommission bescheinigt, dass die Garantien f\u00fcr die \u00dcbermittlung von Daten in die USA auf der Grundlage des EU-US Privacy&nbsp;Shield&nbsp;den Datenschutzstandards in der EU entsprechen. Soweit wir Daten in die USA \u00fcbermitteln, haben wir die Teilnahme unserer Dienstleister am EU-US Privacy&nbsp;Shield&nbsp;gekennzeichnet.&nbsp;<\/p>\n\n\n\n<p>Die im Einzelnen betroffenen Daten, Verarbeitungszwecke, Rechtsgrundlagen, Empf\u00e4nger und \u00dcbermittlungen in Drittstaaten sind in der nachfolgenden Aufstellung aufgef\u00fchrt:<\/p>\n\n\n\n<p><strong>Logdatei<\/strong>&nbsp;<\/p>\n\n\n\n<p>Wir protokollieren Ihren Besuch auf unseren Webseiten. Dabei werden die folgenden Daten verarbeitet: Name der jeweils abgerufenen Webseite, Datum und Uhrzeit des Abrufs, die \u00fcbertragene Datenmenge, der Browsertyp nebst Version, das von Ihnen genutzte Betriebssystem, die&nbsp;Referrer-URL (die zuvor besuchte Webseite), Ihre IP-Adresse und der anfragende Provider. Dies ist notwendig, um die Sicherheit der Webseite zu gew\u00e4hrleisten. Die Daten verarbeiten wir entsprechend auf der Grundlage unserer berechtigten Interessen gem\u00e4\u00df&nbsp;<strong>Art. 6 Abs. 1 f)<\/strong>&nbsp;<strong>DSGVO<\/strong>. Die Logdatei wird nach Ablauf von sieben Tagen gel\u00f6scht, es sei denn, dass diese zur Aufkl\u00e4rung oder zum Nachweis konkreter Rechtsverletzungen, die innerhalb der Aufbewahrungsfrist bekannt geworden sind, ben\u00f6tigt wird.&nbsp;<\/p>\n\n\n\n<p><strong>&nbsp;Hosting<\/strong>&nbsp;<\/p>\n\n\n\n<p>Im Rahmen des Hostings werden s\u00e4mtliche im Zusammenhang mit dem Betrieb dieser Website zu verarbeitenden Daten gespeichert. Dies ist notwendig, um den Betrieb der Webseite zu erm\u00f6glichen. Die Daten verarbeiten wir entsprechend auf der Grundlage unserer berechtigten Interessen gem\u00e4\u00df&nbsp;<strong>Art. 6 Abs. 1 f)<\/strong>&nbsp;<strong>DSGVO<\/strong>. Zur Bereitstellung unseres Onlineauftritts nutzen wir Dienste von Webhosting-Anbietern, denen wir die oben genannten Daten \u00fcbermitteln.&nbsp;<\/p>\n\n\n\n<p><strong>Kontaktaufnahme<\/strong>&nbsp;<\/p>\n\n\n\n<p>Sofern Sie mit uns Kontakt aufnehmen, werden Ihre Daten (Name, Kontaktdaten, sofern von Ihnen angegeben) und Ihre Nachricht ausschlie\u00dflich zum Zwecke der Bearbeitung und Abwicklung Ihrer Anfrage verarbeitet. Diese Daten werden von uns auf der Grundlage des&nbsp;<strong>Art. 6 Abs. 1 b) DSGVO<\/strong>&nbsp;oder des&nbsp;<strong>Art. 6 Abs. 1 f)<\/strong>&nbsp;<strong>DSGVO<\/strong>&nbsp;zur Abwicklung Ihrer Anfrage verarbeitet.&nbsp;<\/p>\n\n\n\n<p><strong>Webseitenanalyse und Marketing<\/strong>&nbsp;<\/p>\n\n\n\n<p>Um die Nutzung bestimmter Funktionen zu erm\u00f6glichen verwenden wir sogenannte Cookies. Hierbei handelt es sich um kurze Datenpakete, die auf Ihrem Endger\u00e4t gespeichert und mit anderen Anbietern ausgetauscht werden. Einige der von uns verwendeten Cookies werden nach dem Schlie\u00dfen Ihres Browsers unmittelbar gel\u00f6scht (sog. Sitzungs-Cookies). Andere Cookies verbleiben auf Ihrem Endger\u00e4t und erm\u00f6glichen es, Ihren Browser beim n\u00e4chsten Besuch wiederzuerkennen (persistente Cookies).&nbsp;&nbsp;<\/p>\n\n\n\n<p>Sie k\u00f6nnen alle auf Ihrem Endger\u00e4t gespeicherten Cookies l\u00f6schen und die g\u00e4ngigen Browser so einstellen, dass das Speichern von Cookies verhindert wird.&nbsp;&nbsp;<\/p>\n\n\n\n<p>In diesem Falle m\u00fcssen Sie m\u00f6glicherweise einige Einstellungen bei jedem Besuch dieser Webseite erneut vornehmen und die Beeintr\u00e4chtigung mancher Funktionen in Kauf nehmen.&nbsp;<\/p>\n\n\n\n<p>Wir verwenden Cookies im Zusammenhang mit den nachfolgenden Funktionalit\u00e4ten:&nbsp;<\/p>\n\n\n\n<p><strong>Google Analytics<\/strong>&nbsp;<\/p>\n\n\n\n<p>Wir verwenden Google Analytics einen Dienst der&nbsp;Google&nbsp;LLC 1600&nbsp;Amphitheatre&nbsp;Parkway&nbsp;Mountain View, CA 94043 USA. Google setzt hierbei bestimmte Cookies ein.&nbsp;Die durch das Cookie erzeugten Informationen \u00fcber Ihre Benutzung dieser Website (einschlie\u00dflich Ihrer IP-Adresse), werden an einen Server von Google in den USA \u00fcbertragen und dort gespeichert. Wir verwenden die gespeicherten Informationen, um Ihre Nutzung der Website auszuwerten, um Reports \u00fcber die Websiteaktivit\u00e4ten f\u00fcr die Websitebetreiber zusammenzustellen und um weitere mit der Websitenutzung verbundene Dienstleistungen zu erbringen. Die so erhaltenen Daten verarbeiten wir aufgrund unseres \u00fcberwiegenden Interesses an der optimalen Vermarktung unseres Onlineangebotes nach<strong>&nbsp;Art.6 Abs. 1 f) DSGVO.<\/strong>Google wird in keinem Fall Ihre IP-Adresse mit anderen Daten von Google in Verbindung bringen.&nbsp;&nbsp;<\/p>\n\n\n\n<p>Wir weisen darauf hin, dass diese Website Google Analytics mit der Erweiterung \u201eanonymizeIp()\u201c verwendet. Dadurch werden IP-Adressen vor der \u00dcbertragung an einen Server in den USA gek\u00fcrzt. Ein direkter Personenbezug im Zusammenhang mit den gespeicherten Daten ist damit in der Regel ausgeschlossen. Nur in Ausnahmef\u00e4llen wird die volle IP-Adresse an einen Server in den USA \u00fcbertragen und dort gek\u00fcrzt.&nbsp;<\/p>\n\n\n\n<p>Sie k\u00f6nnen der Datenerhebung jederzeit mit Wirkung f\u00fcr die Zukunft&nbsp;widersprechen, indem Sie das Deaktivierungs-Add-on f\u00fcr Browser von Google Analytics unter&nbsp;<\/p>\n\n\n\n<p><a href=\"http:\/\/tools.google.com\/dlpage\/gaoptout?hl=de\">http:\/\/tools.google.com\/dlpage\/gaoptout?hl=de<\/a>&nbsp;verwenden.&nbsp;<\/p>\n\n\n\n<p>Bitte beachten Sie erg\u00e4nzend die Hinweise zur Verwendung von Daten von Google im Google-Partner-Netzwerk\u202funter:&nbsp;<\/p>\n\n\n\n<p><a href=\"http:\/\/www.google.com\/intl\/de\/policies\/privacy\/partners\/\">http:\/\/www.google.com\/intl\/de\/policies\/privacy\/partners\/<\/a>&nbsp;<\/p>\n\n\n\n<p><a href=\"http:\/\/www.google.de\/privacy_ads.html\">www.google.de\/privacy_ads.html<\/a>&nbsp;<\/p>\n\n\n\n<p>Google ist zertifiziert unter:&nbsp;&nbsp;<\/p>\n\n\n\n<figure class=\"wp-block-embed\"><div class=\"wp-block-embed__wrapper\">\nhttps:\/\/www.privacyshield.gov\/participant?id=a2zt000000001L5AAI&#038;status=Active\n<\/div><\/figure>\n\n\n\n<p>Weitere Informationen zum Datenschutz finden Sie unter:&nbsp;<a href=\"https:\/\/policies.google.com\/privacy?hl=de&amp;gl=de\">https:\/\/policies.google.com\/privacy?hl=de&amp;gl=de<\/a>&nbsp;<\/p>\n\n\n\n<p><strong>Google&nbsp;<\/strong><strong>Remarketing<\/strong><strong>\/<\/strong><strong>Retargeting<\/strong>&nbsp;<\/p>\n\n\n\n<p>&nbsp;Wir setzen auf unserer Website sogenannte Tracking-Cookies ein. Bei einem Besuch unserer Seite werden in permanenten Cookies Informationen dar\u00fcber gespeichert, welche Produkte Sie bei uns angesehen haben und \u00fcber welche Anzeigen und Seiten von Dritten Nutzer auf unsere&nbsp;Webseite gelangen. Bei einem anschlie\u00dfenden Besuch einer Partnerwebseite, k\u00f6nnen wir auf Basis der bei uns angesehen Artikel personalisierte Werbung f\u00fcr Sie einblenden lassen.&nbsp;<\/p>\n\n\n\n<p>Die so erhaltenen Daten verarbeiten wir aufgrund unseres \u00fcberwiegenden Interesses an der optimalen Vermarktung unseres Onlineangebotes nach<strong>&nbsp;Art.6 Abs. 1 f) DSGVO.&nbsp;<\/strong>Die durch das Cookie erzeugten Informationen \u00fcber Ihre Benutzung dieser Website (einschlie\u00dflich Ihrer IP-Adresse), werden an einen Server von Google in den USA \u00fcbertragen und dort gespeichert.&nbsp;<\/p>\n\n\n\n<p>Google ist zertifiziert unter:&nbsp;&nbsp;<\/p>\n\n\n\n<figure class=\"wp-block-embed\"><div class=\"wp-block-embed__wrapper\">\nhttps:\/\/www.privacyshield.gov\/participant?id=a2zt000000001L5AAI&#038;status=Active\n<\/div><\/figure>\n\n\n\n<p>Weitere Informationen zum Datenschutz finden Sie unter:&nbsp;<a href=\"https:\/\/policies.google.com\/privacy?hl=de&amp;gl=de\">https:\/\/policies.google.com\/privacy?hl=de&amp;gl=de<\/a>&nbsp;<\/p>\n\n\n\n<p><strong>Einbindung von externem Content&nbsp;<\/strong>&nbsp;<\/p>\n\n\n\n<p>Wir verwenden externen dynamischen Content, um die Darstellung und das Angebot unserer Webseite zu optimieren. Beim Besuch der Webseite wird automatisch mittels API eine Anfrage an den Server des jeweiligen Content Providers gestellt, bei der bestimmte&nbsp;Logdaten&nbsp;(z.B. die IP-Adresse der Nutzer) \u00fcbermittelt werden. Der dynamische Content wird anschlie\u00dfend an unsere Website \u00fcbermittelt und dort dargestellt.&nbsp;&nbsp;<\/p>\n\n\n\n<p>Wir verwenden externen Content im Zusammenhang mit den nachfolgenden Funktionalit\u00e4ten:&nbsp;<\/p>\n\n\n\n<p><strong>Einbindung von YouTube Videos<\/strong>&nbsp;<\/p>\n\n\n\n<p>Wir haben auf unserer Website Videos des Portals YouTube der YouTube LLC, 901 Cherry Ave. San Bruno, CA 94066, USA (\u201eYouTube\u201c) eingebunden. Beim Abspielen der Videos werden&nbsp;Logdaten&nbsp;an die Server von YouTube in den USA \u00fcbertragen. Diese Verarbeitung erfolgt aufgrund unseres \u00fcberwiegenden berechtigten Interesses an einer optimalen Vermarktung unseres Angebotes nach&nbsp;<strong>Art. 6 Abs. 1 f) DSGVO<\/strong>.&nbsp;<\/p>\n\n\n\n<p>YouTube ist zertifiziert unter:&nbsp;<a href=\"https:\/\/www.privacyshield.gov\/participant?id=a2zt000000001L5AAI&amp;status=Active\">https:\/\/www.privacyshield.gov\/participant?id=a2zt000000001L5AAI&amp;status=Active<\/a>&nbsp;<\/p>\n\n\n\n<p>Weiterf\u00fchrende Informationen unter:&nbsp;<a href=\"https:\/\/policies.google.com\/privacy?hl=de&amp;gl=de\">https:\/\/policies.google.com\/privacy?hl=de&amp;gl=de<\/a>&nbsp;<\/p>\n\n\n\n<p>&nbsp;<strong>Social-Plugins<\/strong>&nbsp;<\/p>\n\n\n\n<p>Wir verwenden auf unseren Webseiten&nbsp;Plugins&nbsp;von Drittanbietern. Damit k\u00f6nnen Sie Ihre Kontakte dar\u00fcber informieren, ob Ihnen unser Internetangebot gef\u00e4llt, auf Inhalte hinweisen oder Inhalte teilen. Die&nbsp;Plugins&nbsp;sind durch das Logo des jeweiligen Drittanbieters kenntlich gemacht.&nbsp;&nbsp;<\/p>\n\n\n\n<p>Beim Besuch unserer Seite werden Ihre Daten an die jeweiligen Drittanbieter \u00fcbertragen.&nbsp;<\/p>\n\n\n\n<p>Sind Sie auch Nutzer eines Drittanbieters sind, k\u00f6nnen diese Daten dem entsprechenden Nutzerkonto beim Anbieter zugeordnet werden.&nbsp;&nbsp;<\/p>\n\n\n\n<p>Eine \u00dcbertragung dieser Daten an den Drittanbieter erfolgt unter Umst\u00e4nden auch dann, wenn Sie bei den Drittanbietern nicht als Nutzer registriert sind und das&nbsp;Plugin&nbsp;auf unseren Seiten nicht anklicken.&nbsp;&nbsp;<\/p>\n\n\n\n<p>Bei einer \u00dcbermittlung ohne zeitgleiche Anmeldung beim Drittanbieter ist es jedoch nicht unmittelbar m\u00f6glich, einen direkten Personenbezug \u00fcber z.B. die IP-Adresse zu Ihnen herzustellen; dies w\u00e4re nur \u00fcber eine Auskunft Ihres Providers m\u00f6glich.&nbsp;&nbsp;<\/p>\n\n\n\n<p>Zweck und Umfang der Datenverarbeitung durch den Drittanbieter k\u00f6nnen Sie den Datenschutzhinweisen des jeweiligen Anbieters entnehmen.&nbsp;<\/p>\n\n\n\n<p>Die Verarbeitung dieser Daten erfolgt aufgrund unseres \u00fcberwiegenden berechtigten Interesses an einer optimalen Vermarktung unseres Onlineangebotes nach&nbsp;<strong>Art. 6 Abs. 1 f) DSGVO<\/strong>.&nbsp;&nbsp;<\/p>\n\n\n\n<p>Auf unserer Website werden&nbsp;Plugins&nbsp;der folgenden Anbieter verwendet:&nbsp;<\/p>\n\n\n\n<ul class=\"wp-block-list\">\n<li><strong>Facebook-Plugin<\/strong>, der Facebook Ireland Limited, 4 Grand Canal Square, Dublin 2,\u00a0Irland.\u00a0\u00a0<\/li>\n<\/ul>\n\n\n\n<p>Zertifizierung unter:&nbsp;<a href=\"https:\/\/www.privacyshield.gov\/participant?id=a2zt0000000GnywAAC&amp;status=Active\">https:\/\/www.privacyshield.gov\/participant?id=a2zt0000000GnywAAC&amp;status=Active<\/a>&nbsp;<\/p>\n\n\n\n<p>Weiterf\u00fchrende Informationen unter:&nbsp;<a href=\"https:\/\/www.facebook.com\/privacy\/explanation\">https:\/\/www.facebook.com\/privacy\/explanation<\/a>&nbsp;<\/p>\n\n\n\n<ul class=\"wp-block-list\">\n<li><strong>YouTube-<\/strong><strong>Plugin<\/strong><strong>, der<\/strong>\u00a0Google Inc., ans\u00e4ssig in San Bruno\/Kalifornien, USA\u00a0\u00a0<\/li>\n<\/ul>\n\n\n\n<p>Zertifizierung unter:&nbsp;<a href=\"https:\/\/www.privacyshield.gov\/participant?id=a2zt000000001L5AAI&amp;status=Active\">https:\/\/www.privacyshield.gov\/participant?id=a2zt000000001L5AAI&amp;status=Active<\/a>&nbsp;<\/p>\n\n\n\n<p>Weiterf\u00fchrende Informationen unter:&nbsp;<a href=\"https:\/\/policies.google.com\/privacy?hl=de&amp;gl=de\">https:\/\/policies.google.com\/privacy?hl=de&amp;gl=de<\/a>&nbsp;<\/p>\n\n\n\n<ul class=\"wp-block-list\">\n<li><strong>Instagram-<\/strong><strong>Plugin<\/strong>, der\u00a0Instagram LLC, 1601\u00a0Willow\u00a0Rd, Menlo Park CA 94025, USA\u00a0<\/li>\n<\/ul>\n\n\n\n<p>Zertifizierung unter:&nbsp;<a href=\"https:\/\/www.privacyshield.gov\/participant?id=a2zt0000000GnywAAC&amp;status=Active\">https:\/\/www.privacyshield.gov\/participant?id=a2zt0000000GnywAAC&amp;status=Active<\/a>&nbsp;<\/p>\n\n\n\n<p>Weiterf\u00fchrende Informationen unter:&nbsp;<a href=\"https:\/\/help.instagram.com\/155833707900388\">https:\/\/help.instagram.com\/155833707900388<\/a>&nbsp;<\/p>\n\n\n\n<p><strong>Dauer der Datenspeicherung<\/strong>&nbsp;<\/p>\n\n\n\n<p>&nbsp;Wir speichern personenbezogene Daten nur so lange, wie es f\u00fcr die Zwecke, f\u00fcr die sie verarbeitet werden, erforderlich ist oder eine von Ihnen erteilte Einwilligung von Ihnen widerrufen wurde. Soweit gesetzliche Aufbewahrungspflichten zu beachten sind, kann die Speicherdauer zu bestimmten Daten ungeachtet der Verarbeitungszwecke bis zu 10 Jahre betragen.&nbsp;<\/p>\n\n\n\n<p><strong>Ihre Betroffenenrechte<\/strong>&nbsp;<\/p>\n\n\n\n<p>&nbsp;<strong>Auskunft&nbsp;<\/strong>&nbsp;<\/p>\n\n\n\n<p>Auf Wunsch erhalten Sie jederzeit unentgeltlich Auskunft \u00fcber alle personenbezogenen Daten, die wir \u00fcber Sie gespeichert haben.&nbsp;<\/p>\n\n\n\n<p><strong>Berichtigung, L\u00f6schung, Einschr\u00e4nkung der Verarbeitung (Sperrung), Widerspruch&nbsp;<\/strong>&nbsp;<\/p>\n\n\n\n<p>Sollten Sie mit der Speicherung Ihrer personenbezogenen Daten nicht mehr einverstanden oder sollten diese unrichtig geworden sein, werden wir auf eine entsprechende Weisung hin die L\u00f6schung oder Sperrung Ihrer Daten veranlassen oder die notwendigen Korrekturen vornehmen (soweit dies nach dem geltenden Recht m\u00f6glich ist). Gleiches gilt, sofern wir Daten k\u00fcnftig nur noch einschr\u00e4nkend verarbeiten sollen.&nbsp;<\/p>\n\n\n\n<p><strong>Daten\u00fcbertragbarkeit&nbsp;<\/strong>&nbsp;<\/p>\n\n\n\n<p>Auf Antrag stellen wir Ihnen Ihre Daten in einem g\u00e4ngigen, strukturierten und maschinenlesbaren Format bereit, so dass Sie die Daten auf Wunsch einem&nbsp;anderen Verantwortlichen \u00fcbermitteln k\u00f6nnen.&nbsp;<\/p>\n\n\n\n<p><strong>Beschwerderecht<\/strong>&nbsp;<\/p>\n\n\n\n<p>Es besteht ein Beschwerderecht bei der zust\u00e4ndigen Aufsichtsbeh\u00f6rde:&nbsp;<\/p>\n\n\n\n<p>(<a href=\"https:\/\/www.bfdi.bund.de\/DE\/Infothek\/Anschriften_Links\/anschriften_links-node.html\">https:\/\/www.bfdi.bund.de\/DE\/Infothek\/Anschriften_Links\/anschriften_links-node.html<\/a>).&nbsp;<\/p>\n\n\n\n<p><strong>Widerrufsrecht bei Einwilligungen mit Wirkung f\u00fcr die Zukunft<\/strong>&nbsp;<\/p>\n\n\n\n<p>Erteilte Einwilligungen k\u00f6nnen Sie mit Wirkung f\u00fcr die Zukunft jederzeit widerrufen. Durch Ihren Widerruf wird die Rechtm\u00e4\u00dfigkeit der Verarbeitung bis zum Zeitpunkt des Widerrufs nicht ber\u00fchrt.&nbsp;&nbsp;<\/p>\n\n\n\n<p><strong>Einschr\u00e4nkungen<\/strong>&nbsp;<\/p>\n\n\n\n<p>Daten, bei denen wir nicht in der Lage sind die betroffene Person zu identifizieren, bspw. wenn diese zu Analysezwecken anonymisiert wurden, sind nicht von den vorstehenden Rechten umfasst. Auskunft, L\u00f6schung, Sperrung, Korrektur oder \u00dcbertragung an ein anderes Unternehmen sind in Bezug auf diese Daten ggf. m\u00f6glich, wenn Sie uns zus\u00e4tzliche Informationen, die uns eine Identifizierung erlauben, bereitstellen.&nbsp;<\/p>\n\n\n\n<p><strong>Aus\u00fcbung Ihrer Betroffenenrechte&nbsp;<\/strong>&nbsp;<\/p>\n\n\n\n<p>Bei Fragen zur Verarbeitung Ihrer personenbezogenen Daten, bei Ausk\u00fcnften, Berichtigung, Sperrung, Widerspruch oder L\u00f6schung von Daten oder dem Wunsch der \u00dcbertragung der Daten an ein anderes Unternehmen, wenden Sie sich bitte an&nbsp;E-Mail-Adresse.&nbsp;<\/p>\n<\/div>\n<\/div>\n","protected":false},"excerpt":{"rendered":"<p>Verantwortlich f\u00fcr die Datenverarbeitung&nbsp;&nbsp; Verantwortlich f\u00fcr die Verarbeitung personenbezogener Daten im Rahmen dieses Webauftritts gem\u00e4\u00df&#8230;<\/p>\n","protected":false},"author":3,"featured_media":0,"parent":0,"menu_order":0,"comment_status":"closed","ping_status":"closed","template":"","meta":{"_acf_changed":false,"footnotes":""},"class_list":["post-35547","page","type-page","status-publish","hentry"],"yoast_head":"<!-- This site is optimized with the Yoast SEO plugin v25.8 - https:\/\/yoast.com\/wordpress\/plugins\/seo\/ -->\n<title>Datenschutzerkl\u00e4rung - Monini<\/title>\n<meta name=\"robots\" content=\"noindex, follow, max-snippet:-1, max-image-preview:large, max-video-preview:-1\" \/>\n<meta property=\"og:locale\" content=\"de_DE\" \/>\n<meta property=\"og:type\" content=\"article\" \/>\n<meta property=\"og:title\" content=\"Datenschutzerkl\u00e4rung - Monini\" \/>\n<meta property=\"og:description\" content=\"Verantwortlich f\u00fcr die Datenverarbeitung&nbsp;&nbsp; Verantwortlich f\u00fcr die Verarbeitung personenbezogener Daten im Rahmen dieses Webauftritts gem\u00e4\u00df...\" \/>\n<meta property=\"og:url\" content=\"https:\/\/shumans-monini-stage.ccws.it\/de\/datenschutzerklaerung\/\" \/>\n<meta property=\"og:site_name\" content=\"Monini\" \/>\n<meta property=\"article:publisher\" content=\"https:\/\/www.facebook.com\/MoniniOlio\/\" \/>\n<meta property=\"article:modified_time\" content=\"2025-08-21T10:50:45+00:00\" \/>\n<meta name=\"twitter:card\" content=\"summary_large_image\" \/>\n<meta name=\"twitter:label1\" content=\"Gesch\u00e4tzte Lesezeit\" \/>\n\t<meta name=\"twitter:data1\" content=\"9\u00a0Minute\" \/>\n<script type=\"application\/ld+json\" class=\"yoast-schema-graph\">{\"@context\":\"https:\/\/schema.org\",\"@graph\":[{\"@type\":\"WebPage\",\"@id\":\"https:\/\/shumans-monini-stage.ccws.it\/de\/datenschutzerklaerung\/\",\"url\":\"https:\/\/shumans-monini-stage.ccws.it\/de\/datenschutzerklaerung\/\",\"name\":\"Datenschutzerkl\u00e4rung - Monini\",\"isPartOf\":{\"@id\":\"https:\/\/shumans-monini-stage.ccws.it\/de\/#website\"},\"datePublished\":\"2025-06-25T13:28:12+00:00\",\"dateModified\":\"2025-08-21T10:50:45+00:00\",\"breadcrumb\":{\"@id\":\"https:\/\/shumans-monini-stage.ccws.it\/de\/datenschutzerklaerung\/#breadcrumb\"},\"inLanguage\":\"de\",\"potentialAction\":[{\"@type\":\"ReadAction\",\"target\":[\"https:\/\/shumans-monini-stage.ccws.it\/de\/datenschutzerklaerung\/\"]}]},{\"@type\":\"BreadcrumbList\",\"@id\":\"https:\/\/shumans-monini-stage.ccws.it\/de\/datenschutzerklaerung\/#breadcrumb\",\"itemListElement\":[{\"@type\":\"ListItem\",\"position\":1,\"name\":\"Home\",\"item\":\"https:\/\/shumans-monini-stage.ccws.it\/de\/\"},{\"@type\":\"ListItem\",\"position\":2,\"name\":\"Datenschutzerkl\u00e4rung\"}]},{\"@type\":\"WebSite\",\"@id\":\"https:\/\/shumans-monini-stage.ccws.it\/de\/#website\",\"url\":\"https:\/\/shumans-monini-stage.ccws.it\/de\/\",\"name\":\"Monini\",\"description\":\"Una spremuta di olive\",\"potentialAction\":[{\"@type\":\"SearchAction\",\"target\":{\"@type\":\"EntryPoint\",\"urlTemplate\":\"https:\/\/shumans-monini-stage.ccws.it\/de\/?s={search_term_string}\"},\"query-input\":{\"@type\":\"PropertyValueSpecification\",\"valueRequired\":true,\"valueName\":\"search_term_string\"}}],\"inLanguage\":\"de\"}]}<\/script>\n<!-- \/ Yoast SEO plugin. -->","yoast_head_json":{"title":"Datenschutzerkl\u00e4rung - Monini","robots":{"index":"noindex","follow":"follow","max-snippet":"max-snippet:-1","max-image-preview":"max-image-preview:large","max-video-preview":"max-video-preview:-1"},"og_locale":"de_DE","og_type":"article","og_title":"Datenschutzerkl\u00e4rung - Monini","og_description":"Verantwortlich f\u00fcr die Datenverarbeitung&nbsp;&nbsp; Verantwortlich f\u00fcr die Verarbeitung personenbezogener Daten im Rahmen dieses Webauftritts gem\u00e4\u00df...","og_url":"https:\/\/shumans-monini-stage.ccws.it\/de\/datenschutzerklaerung\/","og_site_name":"Monini","article_publisher":"https:\/\/www.facebook.com\/MoniniOlio\/","article_modified_time":"2025-08-21T10:50:45+00:00","twitter_card":"summary_large_image","twitter_misc":{"Gesch\u00e4tzte Lesezeit":"9\u00a0Minute"},"schema":{"@context":"https:\/\/schema.org","@graph":[{"@type":"WebPage","@id":"https:\/\/shumans-monini-stage.ccws.it\/de\/datenschutzerklaerung\/","url":"https:\/\/shumans-monini-stage.ccws.it\/de\/datenschutzerklaerung\/","name":"Datenschutzerkl\u00e4rung - Monini","isPartOf":{"@id":"https:\/\/shumans-monini-stage.ccws.it\/de\/#website"},"datePublished":"2025-06-25T13:28:12+00:00","dateModified":"2025-08-21T10:50:45+00:00","breadcrumb":{"@id":"https:\/\/shumans-monini-stage.ccws.it\/de\/datenschutzerklaerung\/#breadcrumb"},"inLanguage":"de","potentialAction":[{"@type":"ReadAction","target":["https:\/\/shumans-monini-stage.ccws.it\/de\/datenschutzerklaerung\/"]}]},{"@type":"BreadcrumbList","@id":"https:\/\/shumans-monini-stage.ccws.it\/de\/datenschutzerklaerung\/#breadcrumb","itemListElement":[{"@type":"ListItem","position":1,"name":"Home","item":"https:\/\/shumans-monini-stage.ccws.it\/de\/"},{"@type":"ListItem","position":2,"name":"Datenschutzerkl\u00e4rung"}]},{"@type":"WebSite","@id":"https:\/\/shumans-monini-stage.ccws.it\/de\/#website","url":"https:\/\/shumans-monini-stage.ccws.it\/de\/","name":"Monini","description":"Una spremuta di olive","potentialAction":[{"@type":"SearchAction","target":{"@type":"EntryPoint","urlTemplate":"https:\/\/shumans-monini-stage.ccws.it\/de\/?s={search_term_string}"},"query-input":{"@type":"PropertyValueSpecification","valueRequired":true,"valueName":"search_term_string"}}],"inLanguage":"de"}]}},"acf":[],"_links":{"self":[{"href":"https:\/\/shumans-monini-stage.ccws.it\/de\/wp-json\/wp\/v2\/pages\/35547","targetHints":{"allow":["GET"]}}],"collection":[{"href":"https:\/\/shumans-monini-stage.ccws.it\/de\/wp-json\/wp\/v2\/pages"}],"about":[{"href":"https:\/\/shumans-monini-stage.ccws.it\/de\/wp-json\/wp\/v2\/types\/page"}],"author":[{"embeddable":true,"href":"https:\/\/shumans-monini-stage.ccws.it\/de\/wp-json\/wp\/v2\/users\/3"}],"replies":[{"embeddable":true,"href":"https:\/\/shumans-monini-stage.ccws.it\/de\/wp-json\/wp\/v2\/comments?post=35547"}],"version-history":[{"count":1,"href":"https:\/\/shumans-monini-stage.ccws.it\/de\/wp-json\/wp\/v2\/pages\/35547\/revisions"}],"predecessor-version":[{"id":35548,"href":"https:\/\/shumans-monini-stage.ccws.it\/de\/wp-json\/wp\/v2\/pages\/35547\/revisions\/35548"}],"wp:attachment":[{"href":"https:\/\/shumans-monini-stage.ccws.it\/de\/wp-json\/wp\/v2\/media?parent=35547"}],"curies":[{"name":"wp","href":"https:\/\/api.w.org\/{rel}","templated":true}]}}