{"id":35353,"date":"2025-06-30T11:59:38","date_gmt":"2025-06-30T09:59:38","guid":{"rendered":"https:\/\/shumans-monini-stage.ccws.it\/?post_type=product&#038;p=35353"},"modified":"2025-08-21T12:23:02","modified_gmt":"2025-08-21T10:23:02","slug":"i-g-p-toscano","status":"publish","type":"product","link":"https:\/\/shumans-monini-stage.ccws.it\/de\/product\/i-g-p-toscano\/","title":{"rendered":"I.G.P. Toscano"},"content":{"rendered":"\n<div style=\"height:0.5em\" aria-hidden=\"true\" class=\"wp-block-spacer\"><\/div>\n\n\n    <section class=\"banner-link \">\n        <div class=\"banner-wrapper\">\n\t\t\t\t\t<div>\n\t\t\t\t\t    <h6 class=\"banner-category\">Verkostung Von Oliven\u00f6l<\/h6>\n              <h2 class=\"banner-title\">Die sieben goldregeln<\/h2>\t\t\t\t\t\t\n\t\t\t\t\t<\/div>\n\t\t\t\t\t<div>\n\t\t\t\t\t\t<a href=\"https:\/\/shumans-monini-stage.ccws.it\/de\/article\/die-sieben-goldregeln\/\" title=\"Entdecken Sie mehr\" class=\"btn btn-primary\">\n\t\t\t\t\t\t\t<span>Entdecken Sie mehr<\/span>\n\t\t\t\t\t\t<\/a>\n\t\t\t\t\t<\/div>\n        <\/div>\n    <\/section>\n\n\n\n<div style=\"height:1em\" aria-hidden=\"true\" class=\"wp-block-spacer\"><\/div>\n\n\n\n<div class=\"wp-block-group is-style-spaced\"><div class=\"wp-block-group__inner-container\">\n<h6 class=\"wp-block-heading\">SERVIERVORSCHL\u00c4GE<\/h6>\n\n\n\n<div style=\"height:0.25em\" aria-hidden=\"true\" class=\"wp-block-spacer\"><\/div>\n\n\n\n<div class=\"wp-block-columns are-vertically-aligned-top is-style-default\">\n<div class=\"wp-block-column is-vertically-aligned-top\"><div class=\"wp-block-image\">\n<figure class=\"aligncenter size-full\"><img loading=\"lazy\" decoding=\"async\" width=\"120\" height=\"120\" src=\"https:\/\/shumans-monini-stage.ccws.it\/wp-content\/uploads\/2025\/08\/icn_legumi@2X.png\" alt=\"\" class=\"wp-image-34265\"\/><figcaption class=\"wp-element-caption\">H\u00fclsenfr\u00fcchte<\/figcaption><\/figure>\n<\/div><\/div>\n\n\n\n<div class=\"wp-block-column is-vertically-aligned-top\"><div class=\"wp-block-image\">\n<figure class=\"aligncenter size-full\"><img loading=\"lazy\" decoding=\"async\" width=\"120\" height=\"120\" src=\"https:\/\/shumans-monini-stage.ccws.it\/wp-content\/uploads\/2025\/06\/icn_per-utilizzi-a-crudo@2X.png\" alt=\"\" class=\"wp-image-33470\"\/><figcaption class=\"wp-element-caption\">Zum Rohverbrauch<\/figcaption><\/figure>\n<\/div><\/div>\n\n\n\n<div class=\"wp-block-column is-vertically-aligned-top\"><div class=\"wp-block-image\">\n<figure class=\"aligncenter size-full\"><img loading=\"lazy\" decoding=\"async\" width=\"120\" height=\"120\" src=\"https:\/\/shumans-monini-stage.ccws.it\/wp-content\/uploads\/2025\/08\/icn_carnerossa@2X.png\" alt=\"\" class=\"wp-image-34279\"\/><figcaption class=\"wp-element-caption\">Dunkles Fleisch<\/figcaption><\/figure>\n<\/div><\/div>\n<\/div>\n\n\n\n<div style=\"height:0.1em\" aria-hidden=\"true\" class=\"wp-block-spacer\"><\/div>\n\n\n\n<p>Besonders geeignet f\u00fcr gebratenes Fleisch, Wild, H\u00fclsenfr\u00fcchte, Suppen und rohes Gem\u00fcse.<\/p>\n<\/div><\/div>\n\n\n\n<div style=\"height:1em\" aria-hidden=\"true\" class=\"wp-block-spacer\"><\/div>\n\n\n<div class=\"wp-block-image\">\n<figure class=\"aligncenter size-full\"><img loading=\"lazy\" decoding=\"async\" width=\"1600\" height=\"1063\" src=\"https:\/\/shumans-monini-stage.ccws.it\/wp-content\/uploads\/2025\/06\/olive10.jpg\" alt=\"\" class=\"wp-image-723\" style=\"aspect-ratio:16\/9;object-fit:cover\" srcset=\"https:\/\/shumans-monini-stage.ccws.it\/wp-content\/uploads\/2025\/06\/olive10.jpg 1600w, https:\/\/shumans-monini-stage.ccws.it\/wp-content\/uploads\/2025\/06\/olive10-300x199.jpg 300w, https:\/\/shumans-monini-stage.ccws.it\/wp-content\/uploads\/2025\/06\/olive10-1024x680.jpg 1024w, https:\/\/shumans-monini-stage.ccws.it\/wp-content\/uploads\/2025\/06\/olive10-768x510.jpg 768w\" sizes=\"auto, (max-width: 1600px) 100vw, 1600px\" \/><\/figure>\n<\/div>\n\n\n<div style=\"height:1em\" aria-hidden=\"true\" class=\"wp-block-spacer\"><\/div>\n\n\n\n<p><\/p>\n","protected":false},"excerpt":{"rendered":"<p>Ein Oliven\u00f6l aus einem vielseitiges Gebiet, das von den wilden K\u00fcsten der Maremma bis zu den sanften H\u00fcgeln von Siena, von den Gipfeln der Apuanischen Alpen bis zu den Inseln des Archipels reicht. Ein herrlicher Ausdruck f\u00fcr alles, was diese beliebte Urlaubsregion zu bieten hat. Haupts\u00e4chlich gewonnen aus den Olivensorten Frantoio und Leccino.<\/p>\n","protected":false},"author":3,"featured_media":33620,"menu_order":27,"template":"","meta":{"_acf_changed":false,"footnotes":""},"tags":[],"cat_product":[298],"class_list":["post-35353","product","type-product","status-publish","has-post-thumbnail","hentry","cat_product-d-o-p-i-g-p"],"yoast_head":"<!-- This site is optimized with the Yoast SEO plugin v25.8 - https:\/\/yoast.com\/wordpress\/plugins\/seo\/ -->\n<title>I.G.P. Toscano - Monini<\/title>\n<meta name=\"robots\" content=\"noindex, follow, max-snippet:-1, max-image-preview:large, max-video-preview:-1\" \/>\n<meta property=\"og:locale\" content=\"de_DE\" \/>\n<meta property=\"og:type\" content=\"article\" \/>\n<meta property=\"og:title\" content=\"I.G.P. Toscano - Monini\" \/>\n<meta property=\"og:description\" content=\"Ein Oliven\u00f6l aus einem vielseitiges Gebiet, das von den wilden K\u00fcsten der Maremma bis zu den sanften H\u00fcgeln von Siena, von den Gipfeln der Apuanischen Alpen bis zu den Inseln des Archipels reicht. Ein herrlicher Ausdruck f\u00fcr alles, was diese beliebte Urlaubsregion zu bieten hat. Haupts\u00e4chlich gewonnen aus den Olivensorten Frantoio und Leccino.\" \/>\n<meta property=\"og:url\" content=\"https:\/\/shumans-monini-stage.ccws.it\/de\/product\/i-g-p-toscano\/\" \/>\n<meta property=\"og:site_name\" content=\"Monini\" \/>\n<meta property=\"article:publisher\" content=\"https:\/\/www.facebook.com\/MoniniOlio\/\" \/>\n<meta property=\"article:modified_time\" content=\"2025-08-21T10:23:02+00:00\" \/>\n<meta property=\"og:image\" content=\"https:\/\/shumans-monini-stage.ccws.it\/wp-content\/uploads\/2025\/08\/toscanoigp-ita.png\" \/>\n\t<meta property=\"og:image:width\" content=\"1024\" \/>\n\t<meta property=\"og:image:height\" content=\"1280\" \/>\n\t<meta property=\"og:image:type\" content=\"image\/png\" \/>\n<meta name=\"twitter:card\" content=\"summary_large_image\" \/>\n<meta name=\"twitter:label1\" content=\"Gesch\u00e4tzte Lesezeit\" \/>\n\t<meta name=\"twitter:data1\" content=\"1\u00a0Minute\" \/>\n<script type=\"application\/ld+json\" class=\"yoast-schema-graph\">{\"@context\":\"https:\/\/schema.org\",\"@graph\":[{\"@type\":\"WebPage\",\"@id\":\"https:\/\/shumans-monini-stage.ccws.it\/de\/product\/i-g-p-toscano\/\",\"url\":\"https:\/\/shumans-monini-stage.ccws.it\/de\/product\/i-g-p-toscano\/\",\"name\":\"I.G.P. Toscano - Monini\",\"isPartOf\":{\"@id\":\"https:\/\/shumans-monini-stage.ccws.it\/de\/#website\"},\"primaryImageOfPage\":{\"@id\":\"https:\/\/shumans-monini-stage.ccws.it\/de\/product\/i-g-p-toscano\/#primaryimage\"},\"image\":{\"@id\":\"https:\/\/shumans-monini-stage.ccws.it\/de\/product\/i-g-p-toscano\/#primaryimage\"},\"thumbnailUrl\":\"https:\/\/shumans-monini-stage.ccws.it\/wp-content\/uploads\/2025\/08\/toscanoigp-ita.png\",\"datePublished\":\"2025-06-30T09:59:38+00:00\",\"dateModified\":\"2025-08-21T10:23:02+00:00\",\"breadcrumb\":{\"@id\":\"https:\/\/shumans-monini-stage.ccws.it\/de\/product\/i-g-p-toscano\/#breadcrumb\"},\"inLanguage\":\"de\",\"potentialAction\":[{\"@type\":\"ReadAction\",\"target\":[\"https:\/\/shumans-monini-stage.ccws.it\/de\/product\/i-g-p-toscano\/\"]}]},{\"@type\":\"ImageObject\",\"inLanguage\":\"de\",\"@id\":\"https:\/\/shumans-monini-stage.ccws.it\/de\/product\/i-g-p-toscano\/#primaryimage\",\"url\":\"https:\/\/shumans-monini-stage.ccws.it\/wp-content\/uploads\/2025\/08\/toscanoigp-ita.png\",\"contentUrl\":\"https:\/\/shumans-monini-stage.ccws.it\/wp-content\/uploads\/2025\/08\/toscanoigp-ita.png\",\"width\":1024,\"height\":1280},{\"@type\":\"BreadcrumbList\",\"@id\":\"https:\/\/shumans-monini-stage.ccws.it\/de\/product\/i-g-p-toscano\/#breadcrumb\",\"itemListElement\":[{\"@type\":\"ListItem\",\"position\":1,\"name\":\"Home\",\"item\":\"https:\/\/shumans-monini-stage.ccws.it\/de\/\"},{\"@type\":\"ListItem\",\"position\":2,\"name\":\"Produkte\",\"item\":\"https:\/\/shumans-monini-stage.ccws.it\/de\/product\/\"},{\"@type\":\"ListItem\",\"position\":3,\"name\":\"I.G.P. Toscano\"}]},{\"@type\":\"WebSite\",\"@id\":\"https:\/\/shumans-monini-stage.ccws.it\/de\/#website\",\"url\":\"https:\/\/shumans-monini-stage.ccws.it\/de\/\",\"name\":\"Monini\",\"description\":\"Una spremuta di olive\",\"potentialAction\":[{\"@type\":\"SearchAction\",\"target\":{\"@type\":\"EntryPoint\",\"urlTemplate\":\"https:\/\/shumans-monini-stage.ccws.it\/de\/?s={search_term_string}\"},\"query-input\":{\"@type\":\"PropertyValueSpecification\",\"valueRequired\":true,\"valueName\":\"search_term_string\"}}],\"inLanguage\":\"de\"}]}<\/script>\n<!-- \/ Yoast SEO plugin. -->","yoast_head_json":{"title":"I.G.P. Toscano - Monini","robots":{"index":"noindex","follow":"follow","max-snippet":"max-snippet:-1","max-image-preview":"max-image-preview:large","max-video-preview":"max-video-preview:-1"},"og_locale":"de_DE","og_type":"article","og_title":"I.G.P. Toscano - Monini","og_description":"Ein Oliven\u00f6l aus einem vielseitiges Gebiet, das von den wilden K\u00fcsten der Maremma bis zu den sanften H\u00fcgeln von Siena, von den Gipfeln der Apuanischen Alpen bis zu den Inseln des Archipels reicht. Ein herrlicher Ausdruck f\u00fcr alles, was diese beliebte Urlaubsregion zu bieten hat. Haupts\u00e4chlich gewonnen aus den Olivensorten Frantoio und Leccino.","og_url":"https:\/\/shumans-monini-stage.ccws.it\/de\/product\/i-g-p-toscano\/","og_site_name":"Monini","article_publisher":"https:\/\/www.facebook.com\/MoniniOlio\/","article_modified_time":"2025-08-21T10:23:02+00:00","og_image":[{"width":1024,"height":1280,"url":"https:\/\/shumans-monini-stage.ccws.it\/wp-content\/uploads\/2025\/08\/toscanoigp-ita.png","type":"image\/png"}],"twitter_card":"summary_large_image","twitter_misc":{"Gesch\u00e4tzte Lesezeit":"1\u00a0Minute"},"schema":{"@context":"https:\/\/schema.org","@graph":[{"@type":"WebPage","@id":"https:\/\/shumans-monini-stage.ccws.it\/de\/product\/i-g-p-toscano\/","url":"https:\/\/shumans-monini-stage.ccws.it\/de\/product\/i-g-p-toscano\/","name":"I.G.P. Toscano - Monini","isPartOf":{"@id":"https:\/\/shumans-monini-stage.ccws.it\/de\/#website"},"primaryImageOfPage":{"@id":"https:\/\/shumans-monini-stage.ccws.it\/de\/product\/i-g-p-toscano\/#primaryimage"},"image":{"@id":"https:\/\/shumans-monini-stage.ccws.it\/de\/product\/i-g-p-toscano\/#primaryimage"},"thumbnailUrl":"https:\/\/shumans-monini-stage.ccws.it\/wp-content\/uploads\/2025\/08\/toscanoigp-ita.png","datePublished":"2025-06-30T09:59:38+00:00","dateModified":"2025-08-21T10:23:02+00:00","breadcrumb":{"@id":"https:\/\/shumans-monini-stage.ccws.it\/de\/product\/i-g-p-toscano\/#breadcrumb"},"inLanguage":"de","potentialAction":[{"@type":"ReadAction","target":["https:\/\/shumans-monini-stage.ccws.it\/de\/product\/i-g-p-toscano\/"]}]},{"@type":"ImageObject","inLanguage":"de","@id":"https:\/\/shumans-monini-stage.ccws.it\/de\/product\/i-g-p-toscano\/#primaryimage","url":"https:\/\/shumans-monini-stage.ccws.it\/wp-content\/uploads\/2025\/08\/toscanoigp-ita.png","contentUrl":"https:\/\/shumans-monini-stage.ccws.it\/wp-content\/uploads\/2025\/08\/toscanoigp-ita.png","width":1024,"height":1280},{"@type":"BreadcrumbList","@id":"https:\/\/shumans-monini-stage.ccws.it\/de\/product\/i-g-p-toscano\/#breadcrumb","itemListElement":[{"@type":"ListItem","position":1,"name":"Home","item":"https:\/\/shumans-monini-stage.ccws.it\/de\/"},{"@type":"ListItem","position":2,"name":"Produkte","item":"https:\/\/shumans-monini-stage.ccws.it\/de\/product\/"},{"@type":"ListItem","position":3,"name":"I.G.P. Toscano"}]},{"@type":"WebSite","@id":"https:\/\/shumans-monini-stage.ccws.it\/de\/#website","url":"https:\/\/shumans-monini-stage.ccws.it\/de\/","name":"Monini","description":"Una spremuta di olive","potentialAction":[{"@type":"SearchAction","target":{"@type":"EntryPoint","urlTemplate":"https:\/\/shumans-monini-stage.ccws.it\/de\/?s={search_term_string}"},"query-input":{"@type":"PropertyValueSpecification","valueRequired":true,"valueName":"search_term_string"}}],"inLanguage":"de"}]}},"acf":[],"_links":{"self":[{"href":"https:\/\/shumans-monini-stage.ccws.it\/de\/wp-json\/wp\/v2\/product\/35353","targetHints":{"allow":["GET"]}}],"collection":[{"href":"https:\/\/shumans-monini-stage.ccws.it\/de\/wp-json\/wp\/v2\/product"}],"about":[{"href":"https:\/\/shumans-monini-stage.ccws.it\/de\/wp-json\/wp\/v2\/types\/product"}],"author":[{"embeddable":true,"href":"https:\/\/shumans-monini-stage.ccws.it\/de\/wp-json\/wp\/v2\/users\/3"}],"version-history":[{"count":1,"href":"https:\/\/shumans-monini-stage.ccws.it\/de\/wp-json\/wp\/v2\/product\/35353\/revisions"}],"predecessor-version":[{"id":35369,"href":"https:\/\/shumans-monini-stage.ccws.it\/de\/wp-json\/wp\/v2\/product\/35353\/revisions\/35369"}],"wp:featuredmedia":[{"embeddable":true,"href":"https:\/\/shumans-monini-stage.ccws.it\/de\/wp-json\/wp\/v2\/media\/33620"}],"wp:attachment":[{"href":"https:\/\/shumans-monini-stage.ccws.it\/de\/wp-json\/wp\/v2\/media?parent=35353"}],"wp:term":[{"taxonomy":"post_tag","embeddable":true,"href":"https:\/\/shumans-monini-stage.ccws.it\/de\/wp-json\/wp\/v2\/tags?post=35353"},{"taxonomy":"cat_product","embeddable":true,"href":"https:\/\/shumans-monini-stage.ccws.it\/de\/wp-json\/wp\/v2\/cat_product?post=35353"}],"curies":[{"name":"wp","href":"https:\/\/api.w.org\/{rel}","templated":true}]}}