{"id":35370,"date":"2025-06-24T12:54:26","date_gmt":"2025-06-24T10:54:26","guid":{"rendered":"https:\/\/shumans-monini-stage.ccws.it\/?post_type=product&#038;p=35370"},"modified":"2025-08-21T12:26:55","modified_gmt":"2025-08-21T10:26:55","slug":"d-o-p-umbria","status":"publish","type":"product","link":"https:\/\/shumans-monini-stage.ccws.it\/de\/product\/d-o-p-umbria\/","title":{"rendered":"D.O.P. Umbria"},"content":{"rendered":"\n<div style=\"height:0.5em\" aria-hidden=\"true\" class=\"wp-block-spacer\"><\/div>\n\n\n    <section class=\"banner-link \">\n        <div class=\"banner-wrapper\">\n\t\t\t\t\t<div>\n\t\t\t\t\t    <h6 class=\"banner-category\">Auswahl von Oliven\u00f6l<\/h6>\n              <h2 class=\"banner-title\">Klassifizierung von Oliven\u00f6len<\/h2>\t\t\t\t\t\t\n\t\t\t\t\t<\/div>\n\t\t\t\t\t<div>\n\t\t\t\t\t\t<a href=\"https:\/\/shumans-monini-stage.ccws.it\/de\/article\/klassifizierung-von-olivenoelen\/\" title=\"Entdecken Sie mehr\" class=\"btn btn-primary\">\n\t\t\t\t\t\t\t<span>Entdecken Sie mehr<\/span>\n\t\t\t\t\t\t<\/a>\n\t\t\t\t\t<\/div>\n        <\/div>\n    <\/section>\n\n\n\n<div class=\"wp-block-group is-style-spaced\"><div class=\"wp-block-group__inner-container\">\n<h6 class=\"wp-block-heading\">SERVIERVORSCHL\u00c4GE<\/h6>\n\n\n\n<div style=\"height:0.25em\" aria-hidden=\"true\" class=\"wp-block-spacer\"><\/div>\n\n\n\n<div class=\"wp-block-columns\">\n<div class=\"wp-block-column\"><div class=\"wp-block-image\">\n<figure class=\"aligncenter size-full\"><img loading=\"lazy\" decoding=\"async\" width=\"120\" height=\"120\" src=\"https:\/\/shumans-monini-stage.ccws.it\/wp-content\/uploads\/2025\/08\/icn_insalata@2X.png\" alt=\"\" class=\"wp-image-33634\"\/><figcaption class=\"wp-element-caption\">Gem\u00fcse<\/figcaption><\/figure>\n<\/div><\/div>\n\n\n\n<div class=\"wp-block-column\"><div class=\"wp-block-image\">\n<figure class=\"aligncenter size-full\"><img loading=\"lazy\" decoding=\"async\" width=\"120\" height=\"120\" src=\"https:\/\/shumans-monini-stage.ccws.it\/wp-content\/uploads\/2025\/08\/icn_carnibianche@2X.png\" alt=\"\" class=\"wp-image-34320\"\/><figcaption class=\"wp-element-caption\">Helles Fleisch<\/figcaption><\/figure>\n<\/div><\/div>\n\n\n\n<div class=\"wp-block-column\"><div class=\"wp-block-image\">\n<figure class=\"aligncenter size-full\"><img loading=\"lazy\" decoding=\"async\" width=\"120\" height=\"120\" src=\"https:\/\/shumans-monini-stage.ccws.it\/wp-content\/uploads\/2025\/08\/icn_legumi@2X.png\" alt=\"\" class=\"wp-image-34271\"\/><figcaption class=\"wp-element-caption\">H\u00fclsenfr\u00fcchte<\/figcaption><\/figure>\n<\/div><\/div>\n\n\n\n<div class=\"wp-block-column\"><div class=\"wp-block-image\">\n<figure class=\"aligncenter size-full\"><img loading=\"lazy\" decoding=\"async\" width=\"120\" height=\"120\" src=\"https:\/\/shumans-monini-stage.ccws.it\/wp-content\/uploads\/2025\/08\/icn_per-utilizzi-a-crudo@2X.png\" alt=\"\" class=\"wp-image-35014\"\/><figcaption class=\"wp-element-caption\">Zum Rohverbrauch<\/figcaption><\/figure>\n<\/div><\/div>\n<\/div>\n\n\n\n<p>Besonders geeignet zu Grillfleisch oder \u2013 fisch, Wild, H\u00fclsenfr\u00fcchten und deftigen Suppen oder Eint\u00f6pfen.<\/p>\n<\/div><\/div>\n\n\n\n<div style=\"height:1em\" aria-hidden=\"true\" class=\"wp-block-spacer\"><\/div>\n\n\n<div class=\"wp-block-image\">\n<figure class=\"aligncenter size-full\"><img loading=\"lazy\" decoding=\"async\" width=\"1600\" height=\"1063\" src=\"https:\/\/shumans-monini-stage.ccws.it\/wp-content\/uploads\/2025\/06\/olive10.jpg\" alt=\"\" class=\"wp-image-723\" style=\"aspect-ratio:16\/9;object-fit:cover\" srcset=\"https:\/\/shumans-monini-stage.ccws.it\/wp-content\/uploads\/2025\/06\/olive10.jpg 1600w, https:\/\/shumans-monini-stage.ccws.it\/wp-content\/uploads\/2025\/06\/olive10-300x199.jpg 300w, https:\/\/shumans-monini-stage.ccws.it\/wp-content\/uploads\/2025\/06\/olive10-1024x680.jpg 1024w, https:\/\/shumans-monini-stage.ccws.it\/wp-content\/uploads\/2025\/06\/olive10-768x510.jpg 768w\" sizes=\"auto, (max-width: 1600px) 100vw, 1600px\" \/><\/figure>\n<\/div>\n\n\n<div style=\"height:1em\" aria-hidden=\"true\" class=\"wp-block-spacer\"><\/div>\n\n\n\n<p><\/p>\n","protected":false},"excerpt":{"rendered":"<p>Kommt aus Umbrien, der kleinen Region, die das gr\u00fcne Herz Italiens genannt wird. Dort befindet sich auch der Hauptsitz von Monini. Die wellige Landschaft der Natur ist \u00fcberzogen von dem Silbergr\u00fcn der Olivenhaine, vorwiegend der Sorten Moraiolo, Frantoio und Leccino, die diesem \u00d6l seine typischen reichen und authentischen Merkmale verleihen.<\/p>\n","protected":false},"author":3,"featured_media":4036,"menu_order":29,"template":"","meta":{"_acf_changed":false,"footnotes":""},"tags":[],"cat_product":[298],"class_list":["post-35370","product","type-product","status-publish","has-post-thumbnail","hentry","cat_product-d-o-p-i-g-p"],"yoast_head":"<!-- This site is optimized with the Yoast SEO plugin v25.8 - https:\/\/yoast.com\/wordpress\/plugins\/seo\/ -->\n<title>D.O.P. Umbria - Monini<\/title>\n<meta name=\"robots\" content=\"noindex, follow, max-snippet:-1, max-image-preview:large, max-video-preview:-1\" \/>\n<meta property=\"og:locale\" content=\"de_DE\" \/>\n<meta property=\"og:type\" content=\"article\" \/>\n<meta property=\"og:title\" content=\"D.O.P. Umbria - Monini\" \/>\n<meta property=\"og:description\" content=\"Kommt aus Umbrien, der kleinen Region, die das gr\u00fcne Herz Italiens genannt wird. Dort befindet sich auch der Hauptsitz von Monini. Die wellige Landschaft der Natur ist \u00fcberzogen von dem Silbergr\u00fcn der Olivenhaine, vorwiegend der Sorten Moraiolo, Frantoio und Leccino, die diesem \u00d6l seine typischen reichen und authentischen Merkmale verleihen.\" \/>\n<meta property=\"og:url\" content=\"https:\/\/shumans-monini-stage.ccws.it\/de\/product\/d-o-p-umbria\/\" \/>\n<meta property=\"og:site_name\" content=\"Monini\" \/>\n<meta property=\"article:publisher\" content=\"https:\/\/www.facebook.com\/MoniniOlio\/\" \/>\n<meta property=\"article:modified_time\" content=\"2025-08-21T10:26:55+00:00\" \/>\n<meta property=\"og:image\" content=\"https:\/\/shumans-monini-stage.ccws.it\/wp-content\/uploads\/2025\/06\/UMBRIA-DOP.png\" \/>\n\t<meta property=\"og:image:width\" content=\"1024\" \/>\n\t<meta property=\"og:image:height\" content=\"1280\" \/>\n\t<meta property=\"og:image:type\" content=\"image\/png\" \/>\n<meta name=\"twitter:card\" content=\"summary_large_image\" \/>\n<meta name=\"twitter:label1\" content=\"Gesch\u00e4tzte Lesezeit\" \/>\n\t<meta name=\"twitter:data1\" content=\"2\u00a0Minute\" \/>\n<script type=\"application\/ld+json\" class=\"yoast-schema-graph\">{\"@context\":\"https:\/\/schema.org\",\"@graph\":[{\"@type\":\"WebPage\",\"@id\":\"https:\/\/shumans-monini-stage.ccws.it\/de\/product\/d-o-p-umbria\/\",\"url\":\"https:\/\/shumans-monini-stage.ccws.it\/de\/product\/d-o-p-umbria\/\",\"name\":\"D.O.P. Umbria - Monini\",\"isPartOf\":{\"@id\":\"https:\/\/shumans-monini-stage.ccws.it\/de\/#website\"},\"primaryImageOfPage\":{\"@id\":\"https:\/\/shumans-monini-stage.ccws.it\/de\/product\/d-o-p-umbria\/#primaryimage\"},\"image\":{\"@id\":\"https:\/\/shumans-monini-stage.ccws.it\/de\/product\/d-o-p-umbria\/#primaryimage\"},\"thumbnailUrl\":\"https:\/\/shumans-monini-stage.ccws.it\/wp-content\/uploads\/2025\/06\/UMBRIA-DOP.png\",\"datePublished\":\"2025-06-24T10:54:26+00:00\",\"dateModified\":\"2025-08-21T10:26:55+00:00\",\"breadcrumb\":{\"@id\":\"https:\/\/shumans-monini-stage.ccws.it\/de\/product\/d-o-p-umbria\/#breadcrumb\"},\"inLanguage\":\"de\",\"potentialAction\":[{\"@type\":\"ReadAction\",\"target\":[\"https:\/\/shumans-monini-stage.ccws.it\/de\/product\/d-o-p-umbria\/\"]}]},{\"@type\":\"ImageObject\",\"inLanguage\":\"de\",\"@id\":\"https:\/\/shumans-monini-stage.ccws.it\/de\/product\/d-o-p-umbria\/#primaryimage\",\"url\":\"https:\/\/shumans-monini-stage.ccws.it\/wp-content\/uploads\/2025\/06\/UMBRIA-DOP.png\",\"contentUrl\":\"https:\/\/shumans-monini-stage.ccws.it\/wp-content\/uploads\/2025\/06\/UMBRIA-DOP.png\",\"width\":1024,\"height\":1280},{\"@type\":\"BreadcrumbList\",\"@id\":\"https:\/\/shumans-monini-stage.ccws.it\/de\/product\/d-o-p-umbria\/#breadcrumb\",\"itemListElement\":[{\"@type\":\"ListItem\",\"position\":1,\"name\":\"Home\",\"item\":\"https:\/\/shumans-monini-stage.ccws.it\/de\/\"},{\"@type\":\"ListItem\",\"position\":2,\"name\":\"Produkte\",\"item\":\"https:\/\/shumans-monini-stage.ccws.it\/de\/product\/\"},{\"@type\":\"ListItem\",\"position\":3,\"name\":\"D.O.P. Umbria\"}]},{\"@type\":\"WebSite\",\"@id\":\"https:\/\/shumans-monini-stage.ccws.it\/de\/#website\",\"url\":\"https:\/\/shumans-monini-stage.ccws.it\/de\/\",\"name\":\"Monini\",\"description\":\"Una spremuta di olive\",\"potentialAction\":[{\"@type\":\"SearchAction\",\"target\":{\"@type\":\"EntryPoint\",\"urlTemplate\":\"https:\/\/shumans-monini-stage.ccws.it\/de\/?s={search_term_string}\"},\"query-input\":{\"@type\":\"PropertyValueSpecification\",\"valueRequired\":true,\"valueName\":\"search_term_string\"}}],\"inLanguage\":\"de\"}]}<\/script>\n<!-- \/ Yoast SEO plugin. -->","yoast_head_json":{"title":"D.O.P. Umbria - Monini","robots":{"index":"noindex","follow":"follow","max-snippet":"max-snippet:-1","max-image-preview":"max-image-preview:large","max-video-preview":"max-video-preview:-1"},"og_locale":"de_DE","og_type":"article","og_title":"D.O.P. Umbria - Monini","og_description":"Kommt aus Umbrien, der kleinen Region, die das gr\u00fcne Herz Italiens genannt wird. Dort befindet sich auch der Hauptsitz von Monini. Die wellige Landschaft der Natur ist \u00fcberzogen von dem Silbergr\u00fcn der Olivenhaine, vorwiegend der Sorten Moraiolo, Frantoio und Leccino, die diesem \u00d6l seine typischen reichen und authentischen Merkmale verleihen.","og_url":"https:\/\/shumans-monini-stage.ccws.it\/de\/product\/d-o-p-umbria\/","og_site_name":"Monini","article_publisher":"https:\/\/www.facebook.com\/MoniniOlio\/","article_modified_time":"2025-08-21T10:26:55+00:00","og_image":[{"width":1024,"height":1280,"url":"https:\/\/shumans-monini-stage.ccws.it\/wp-content\/uploads\/2025\/06\/UMBRIA-DOP.png","type":"image\/png"}],"twitter_card":"summary_large_image","twitter_misc":{"Gesch\u00e4tzte Lesezeit":"2\u00a0Minute"},"schema":{"@context":"https:\/\/schema.org","@graph":[{"@type":"WebPage","@id":"https:\/\/shumans-monini-stage.ccws.it\/de\/product\/d-o-p-umbria\/","url":"https:\/\/shumans-monini-stage.ccws.it\/de\/product\/d-o-p-umbria\/","name":"D.O.P. Umbria - Monini","isPartOf":{"@id":"https:\/\/shumans-monini-stage.ccws.it\/de\/#website"},"primaryImageOfPage":{"@id":"https:\/\/shumans-monini-stage.ccws.it\/de\/product\/d-o-p-umbria\/#primaryimage"},"image":{"@id":"https:\/\/shumans-monini-stage.ccws.it\/de\/product\/d-o-p-umbria\/#primaryimage"},"thumbnailUrl":"https:\/\/shumans-monini-stage.ccws.it\/wp-content\/uploads\/2025\/06\/UMBRIA-DOP.png","datePublished":"2025-06-24T10:54:26+00:00","dateModified":"2025-08-21T10:26:55+00:00","breadcrumb":{"@id":"https:\/\/shumans-monini-stage.ccws.it\/de\/product\/d-o-p-umbria\/#breadcrumb"},"inLanguage":"de","potentialAction":[{"@type":"ReadAction","target":["https:\/\/shumans-monini-stage.ccws.it\/de\/product\/d-o-p-umbria\/"]}]},{"@type":"ImageObject","inLanguage":"de","@id":"https:\/\/shumans-monini-stage.ccws.it\/de\/product\/d-o-p-umbria\/#primaryimage","url":"https:\/\/shumans-monini-stage.ccws.it\/wp-content\/uploads\/2025\/06\/UMBRIA-DOP.png","contentUrl":"https:\/\/shumans-monini-stage.ccws.it\/wp-content\/uploads\/2025\/06\/UMBRIA-DOP.png","width":1024,"height":1280},{"@type":"BreadcrumbList","@id":"https:\/\/shumans-monini-stage.ccws.it\/de\/product\/d-o-p-umbria\/#breadcrumb","itemListElement":[{"@type":"ListItem","position":1,"name":"Home","item":"https:\/\/shumans-monini-stage.ccws.it\/de\/"},{"@type":"ListItem","position":2,"name":"Produkte","item":"https:\/\/shumans-monini-stage.ccws.it\/de\/product\/"},{"@type":"ListItem","position":3,"name":"D.O.P. Umbria"}]},{"@type":"WebSite","@id":"https:\/\/shumans-monini-stage.ccws.it\/de\/#website","url":"https:\/\/shumans-monini-stage.ccws.it\/de\/","name":"Monini","description":"Una spremuta di olive","potentialAction":[{"@type":"SearchAction","target":{"@type":"EntryPoint","urlTemplate":"https:\/\/shumans-monini-stage.ccws.it\/de\/?s={search_term_string}"},"query-input":{"@type":"PropertyValueSpecification","valueRequired":true,"valueName":"search_term_string"}}],"inLanguage":"de"}]}},"acf":[],"_links":{"self":[{"href":"https:\/\/shumans-monini-stage.ccws.it\/de\/wp-json\/wp\/v2\/product\/35370","targetHints":{"allow":["GET"]}}],"collection":[{"href":"https:\/\/shumans-monini-stage.ccws.it\/de\/wp-json\/wp\/v2\/product"}],"about":[{"href":"https:\/\/shumans-monini-stage.ccws.it\/de\/wp-json\/wp\/v2\/types\/product"}],"author":[{"embeddable":true,"href":"https:\/\/shumans-monini-stage.ccws.it\/de\/wp-json\/wp\/v2\/users\/3"}],"version-history":[{"count":1,"href":"https:\/\/shumans-monini-stage.ccws.it\/de\/wp-json\/wp\/v2\/product\/35370\/revisions"}],"predecessor-version":[{"id":35386,"href":"https:\/\/shumans-monini-stage.ccws.it\/de\/wp-json\/wp\/v2\/product\/35370\/revisions\/35386"}],"wp:featuredmedia":[{"embeddable":true,"href":"https:\/\/shumans-monini-stage.ccws.it\/de\/wp-json\/wp\/v2\/media\/4036"}],"wp:attachment":[{"href":"https:\/\/shumans-monini-stage.ccws.it\/de\/wp-json\/wp\/v2\/media?parent=35370"}],"wp:term":[{"taxonomy":"post_tag","embeddable":true,"href":"https:\/\/shumans-monini-stage.ccws.it\/de\/wp-json\/wp\/v2\/tags?post=35370"},{"taxonomy":"cat_product","embeddable":true,"href":"https:\/\/shumans-monini-stage.ccws.it\/de\/wp-json\/wp\/v2\/cat_product?post=35370"}],"curies":[{"name":"wp","href":"https:\/\/api.w.org\/{rel}","templated":true}]}}