{"id":35390,"date":"2025-08-21T12:32:24","date_gmt":"2025-08-21T10:32:24","guid":{"rendered":"https:\/\/shumans-monini-stage.ccws.it\/?post_type=product&#038;p=35390"},"modified":"2025-08-21T12:32:31","modified_gmt":"2025-08-21T10:32:31","slug":"d-o-p-dauno-gargano","status":"publish","type":"product","link":"https:\/\/shumans-monini-stage.ccws.it\/de\/product\/d-o-p-dauno-gargano\/","title":{"rendered":"D.O.P. Dauno Gargano"},"content":{"rendered":"    <section class=\"banner-link \">\n        <div class=\"banner-wrapper\">\n\t\t\t\t\t<div>\n\t\t\t\t\t    <h6 class=\"banner-category\">Auswahl von Oliven\u00f6l<\/h6>\n              <h2 class=\"banner-title\">N\u00e4hrwerte in Nativem Oliven\u00f6l Extra<\/h2>\t\t\t\t\t\t\n\t\t\t\t\t<\/div>\n\t\t\t\t\t<div>\n\t\t\t\t\t\t<a href=\"https:\/\/shumans-monini-stage.ccws.it\/de\/article\/naehrwerte-in-nativem-olivenoel-extra\/\" title=\"Entdecken Sie mehr\" class=\"btn btn-primary\">\n\t\t\t\t\t\t\t<span>Entdecken Sie mehr<\/span>\n\t\t\t\t\t\t<\/a>\n\t\t\t\t\t<\/div>\n        <\/div>\n    <\/section>\n\n\n\n<div class=\"wp-block-group is-style-spaced\"><div class=\"wp-block-group__inner-container\">\n<h6 class=\"wp-block-heading\">SERVIERVORSCHL\u00c4GE<\/h6>\n\n\n\n<div style=\"height:0.25em\" aria-hidden=\"true\" class=\"wp-block-spacer\"><\/div>\n\n\n\n<div class=\"wp-block-columns\">\n<div class=\"wp-block-column\"><div class=\"wp-block-image\">\n<figure class=\"aligncenter size-full\"><img loading=\"lazy\" decoding=\"async\" width=\"120\" height=\"120\" src=\"https:\/\/shumans-monini-stage.ccws.it\/wp-content\/uploads\/2025\/08\/icn_insalata@2X.png\" alt=\"\" class=\"wp-image-33634\"\/><figcaption class=\"wp-element-caption\">Gem\u00fcse<\/figcaption><\/figure>\n<\/div><\/div>\n\n\n\n<div class=\"wp-block-column\"><div class=\"wp-block-image\">\n<figure class=\"aligncenter size-full\"><img loading=\"lazy\" decoding=\"async\" width=\"120\" height=\"120\" src=\"https:\/\/shumans-monini-stage.ccws.it\/wp-content\/uploads\/2025\/08\/icn_carnibianche@2X.png\" alt=\"\" class=\"wp-image-34320\"\/><figcaption class=\"wp-element-caption\">Helles Fleisch<\/figcaption><\/figure>\n<\/div><\/div>\n\n\n\n<div class=\"wp-block-column\"><div class=\"wp-block-image\">\n<figure class=\"aligncenter size-full is-resized\"><img loading=\"lazy\" decoding=\"async\" width=\"120\" height=\"120\" src=\"https:\/\/shumans-monini-stage.ccws.it\/wp-content\/uploads\/2025\/08\/icn_legumi@2X.png\" alt=\"\" class=\"wp-image-34271\" style=\"width:120px;height:auto\"\/><figcaption class=\"wp-element-caption\">H\u00fclsenfr\u00fcchte<\/figcaption><\/figure>\n<\/div><\/div>\n\n\n\n<div class=\"wp-block-column\"><div class=\"wp-block-image\">\n<figure class=\"aligncenter size-full\"><img loading=\"lazy\" decoding=\"async\" width=\"120\" height=\"120\" src=\"https:\/\/shumans-monini-stage.ccws.it\/wp-content\/uploads\/2025\/08\/icn_per-utilizzi-a-crudo@2X.png\" alt=\"\" class=\"wp-image-35014\"\/><figcaption class=\"wp-element-caption\">Zum Rohverbrauch<\/figcaption><\/figure>\n<\/div><\/div>\n<\/div>\n\n\n\n<p>Passt hervorragend zu Gem\u00fcse, Salaten und feinen Suppen sowie zu frischem Brot und leichten Fischgerichten.<\/p>\n<\/div><\/div>\n","protected":false},"excerpt":{"rendered":"<p>Dieses \u00d6l wird haupts\u00e4chlich aus der Sorte Ogliarola Garganica gewonnen, die ausschlie\u00dflich aus dem Gargano (Apulien) stammt. Das Gebiet ist ein Nationalpark, ein Bergzug, der sich fast 70 km entlang der Adria erstreckt. In Apulien ist die Landschaft der Olivenb\u00e4ume faszinierend, gekennzeichnet von majest\u00e4tischen und gro\u00dfen Pflanzen mit unregelm\u00e4\u00dfigen St\u00e4mmen.<\/p>\n","protected":false},"author":3,"featured_media":35405,"menu_order":0,"template":"","meta":{"_acf_changed":false,"footnotes":""},"tags":[],"cat_product":[298],"class_list":["post-35390","product","type-product","status-publish","has-post-thumbnail","hentry","cat_product-d-o-p-i-g-p"],"yoast_head":"<!-- This site is optimized with the Yoast SEO plugin v25.8 - https:\/\/yoast.com\/wordpress\/plugins\/seo\/ -->\n<title>D.O.P. Dauno Gargano - Monini<\/title>\n<meta name=\"robots\" content=\"noindex, follow, max-snippet:-1, max-image-preview:large, max-video-preview:-1\" \/>\n<meta property=\"og:locale\" content=\"de_DE\" \/>\n<meta property=\"og:type\" content=\"article\" \/>\n<meta property=\"og:title\" content=\"D.O.P. Dauno Gargano - Monini\" \/>\n<meta property=\"og:description\" content=\"Dieses \u00d6l wird haupts\u00e4chlich aus der Sorte Ogliarola Garganica gewonnen, die ausschlie\u00dflich aus dem Gargano (Apulien) stammt. Das Gebiet ist ein Nationalpark, ein Bergzug, der sich fast 70 km entlang der Adria erstreckt. In Apulien ist die Landschaft der Olivenb\u00e4ume faszinierend, gekennzeichnet von majest\u00e4tischen und gro\u00dfen Pflanzen mit unregelm\u00e4\u00dfigen St\u00e4mmen.\" \/>\n<meta property=\"og:url\" content=\"https:\/\/shumans-monini-stage.ccws.it\/de\/product\/d-o-p-dauno-gargano\/\" \/>\n<meta property=\"og:site_name\" content=\"Monini\" \/>\n<meta property=\"article:publisher\" content=\"https:\/\/www.facebook.com\/MoniniOlio\/\" \/>\n<meta property=\"article:modified_time\" content=\"2025-08-21T10:32:31+00:00\" \/>\n<meta property=\"og:image\" content=\"https:\/\/shumans-monini-stage.ccws.it\/wp-content\/uploads\/2025\/08\/garganodop-deu.png\" \/>\n\t<meta property=\"og:image:width\" content=\"1024\" \/>\n\t<meta property=\"og:image:height\" content=\"1280\" \/>\n\t<meta property=\"og:image:type\" content=\"image\/png\" \/>\n<meta name=\"twitter:card\" content=\"summary_large_image\" \/>\n<meta name=\"twitter:label1\" content=\"Gesch\u00e4tzte Lesezeit\" \/>\n\t<meta name=\"twitter:data1\" content=\"2\u00a0Minute\" \/>\n<script type=\"application\/ld+json\" class=\"yoast-schema-graph\">{\"@context\":\"https:\/\/schema.org\",\"@graph\":[{\"@type\":\"WebPage\",\"@id\":\"https:\/\/shumans-monini-stage.ccws.it\/de\/product\/d-o-p-dauno-gargano\/\",\"url\":\"https:\/\/shumans-monini-stage.ccws.it\/de\/product\/d-o-p-dauno-gargano\/\",\"name\":\"D.O.P. Dauno Gargano - Monini\",\"isPartOf\":{\"@id\":\"https:\/\/shumans-monini-stage.ccws.it\/de\/#website\"},\"primaryImageOfPage\":{\"@id\":\"https:\/\/shumans-monini-stage.ccws.it\/de\/product\/d-o-p-dauno-gargano\/#primaryimage\"},\"image\":{\"@id\":\"https:\/\/shumans-monini-stage.ccws.it\/de\/product\/d-o-p-dauno-gargano\/#primaryimage\"},\"thumbnailUrl\":\"https:\/\/shumans-monini-stage.ccws.it\/wp-content\/uploads\/2025\/08\/garganodop-deu.png\",\"datePublished\":\"2025-08-21T10:32:24+00:00\",\"dateModified\":\"2025-08-21T10:32:31+00:00\",\"breadcrumb\":{\"@id\":\"https:\/\/shumans-monini-stage.ccws.it\/de\/product\/d-o-p-dauno-gargano\/#breadcrumb\"},\"inLanguage\":\"de\",\"potentialAction\":[{\"@type\":\"ReadAction\",\"target\":[\"https:\/\/shumans-monini-stage.ccws.it\/de\/product\/d-o-p-dauno-gargano\/\"]}]},{\"@type\":\"ImageObject\",\"inLanguage\":\"de\",\"@id\":\"https:\/\/shumans-monini-stage.ccws.it\/de\/product\/d-o-p-dauno-gargano\/#primaryimage\",\"url\":\"https:\/\/shumans-monini-stage.ccws.it\/wp-content\/uploads\/2025\/08\/garganodop-deu.png\",\"contentUrl\":\"https:\/\/shumans-monini-stage.ccws.it\/wp-content\/uploads\/2025\/08\/garganodop-deu.png\",\"width\":1024,\"height\":1280},{\"@type\":\"BreadcrumbList\",\"@id\":\"https:\/\/shumans-monini-stage.ccws.it\/de\/product\/d-o-p-dauno-gargano\/#breadcrumb\",\"itemListElement\":[{\"@type\":\"ListItem\",\"position\":1,\"name\":\"Home\",\"item\":\"https:\/\/shumans-monini-stage.ccws.it\/de\/\"},{\"@type\":\"ListItem\",\"position\":2,\"name\":\"Produkte\",\"item\":\"https:\/\/shumans-monini-stage.ccws.it\/de\/product\/\"},{\"@type\":\"ListItem\",\"position\":3,\"name\":\"D.O.P. Dauno Gargano\"}]},{\"@type\":\"WebSite\",\"@id\":\"https:\/\/shumans-monini-stage.ccws.it\/de\/#website\",\"url\":\"https:\/\/shumans-monini-stage.ccws.it\/de\/\",\"name\":\"Monini\",\"description\":\"Una spremuta di olive\",\"potentialAction\":[{\"@type\":\"SearchAction\",\"target\":{\"@type\":\"EntryPoint\",\"urlTemplate\":\"https:\/\/shumans-monini-stage.ccws.it\/de\/?s={search_term_string}\"},\"query-input\":{\"@type\":\"PropertyValueSpecification\",\"valueRequired\":true,\"valueName\":\"search_term_string\"}}],\"inLanguage\":\"de\"}]}<\/script>\n<!-- \/ Yoast SEO plugin. -->","yoast_head_json":{"title":"D.O.P. Dauno Gargano - Monini","robots":{"index":"noindex","follow":"follow","max-snippet":"max-snippet:-1","max-image-preview":"max-image-preview:large","max-video-preview":"max-video-preview:-1"},"og_locale":"de_DE","og_type":"article","og_title":"D.O.P. Dauno Gargano - Monini","og_description":"Dieses \u00d6l wird haupts\u00e4chlich aus der Sorte Ogliarola Garganica gewonnen, die ausschlie\u00dflich aus dem Gargano (Apulien) stammt. Das Gebiet ist ein Nationalpark, ein Bergzug, der sich fast 70 km entlang der Adria erstreckt. In Apulien ist die Landschaft der Olivenb\u00e4ume faszinierend, gekennzeichnet von majest\u00e4tischen und gro\u00dfen Pflanzen mit unregelm\u00e4\u00dfigen St\u00e4mmen.","og_url":"https:\/\/shumans-monini-stage.ccws.it\/de\/product\/d-o-p-dauno-gargano\/","og_site_name":"Monini","article_publisher":"https:\/\/www.facebook.com\/MoniniOlio\/","article_modified_time":"2025-08-21T10:32:31+00:00","og_image":[{"width":1024,"height":1280,"url":"https:\/\/shumans-monini-stage.ccws.it\/wp-content\/uploads\/2025\/08\/garganodop-deu.png","type":"image\/png"}],"twitter_card":"summary_large_image","twitter_misc":{"Gesch\u00e4tzte Lesezeit":"2\u00a0Minute"},"schema":{"@context":"https:\/\/schema.org","@graph":[{"@type":"WebPage","@id":"https:\/\/shumans-monini-stage.ccws.it\/de\/product\/d-o-p-dauno-gargano\/","url":"https:\/\/shumans-monini-stage.ccws.it\/de\/product\/d-o-p-dauno-gargano\/","name":"D.O.P. Dauno Gargano - Monini","isPartOf":{"@id":"https:\/\/shumans-monini-stage.ccws.it\/de\/#website"},"primaryImageOfPage":{"@id":"https:\/\/shumans-monini-stage.ccws.it\/de\/product\/d-o-p-dauno-gargano\/#primaryimage"},"image":{"@id":"https:\/\/shumans-monini-stage.ccws.it\/de\/product\/d-o-p-dauno-gargano\/#primaryimage"},"thumbnailUrl":"https:\/\/shumans-monini-stage.ccws.it\/wp-content\/uploads\/2025\/08\/garganodop-deu.png","datePublished":"2025-08-21T10:32:24+00:00","dateModified":"2025-08-21T10:32:31+00:00","breadcrumb":{"@id":"https:\/\/shumans-monini-stage.ccws.it\/de\/product\/d-o-p-dauno-gargano\/#breadcrumb"},"inLanguage":"de","potentialAction":[{"@type":"ReadAction","target":["https:\/\/shumans-monini-stage.ccws.it\/de\/product\/d-o-p-dauno-gargano\/"]}]},{"@type":"ImageObject","inLanguage":"de","@id":"https:\/\/shumans-monini-stage.ccws.it\/de\/product\/d-o-p-dauno-gargano\/#primaryimage","url":"https:\/\/shumans-monini-stage.ccws.it\/wp-content\/uploads\/2025\/08\/garganodop-deu.png","contentUrl":"https:\/\/shumans-monini-stage.ccws.it\/wp-content\/uploads\/2025\/08\/garganodop-deu.png","width":1024,"height":1280},{"@type":"BreadcrumbList","@id":"https:\/\/shumans-monini-stage.ccws.it\/de\/product\/d-o-p-dauno-gargano\/#breadcrumb","itemListElement":[{"@type":"ListItem","position":1,"name":"Home","item":"https:\/\/shumans-monini-stage.ccws.it\/de\/"},{"@type":"ListItem","position":2,"name":"Produkte","item":"https:\/\/shumans-monini-stage.ccws.it\/de\/product\/"},{"@type":"ListItem","position":3,"name":"D.O.P. Dauno Gargano"}]},{"@type":"WebSite","@id":"https:\/\/shumans-monini-stage.ccws.it\/de\/#website","url":"https:\/\/shumans-monini-stage.ccws.it\/de\/","name":"Monini","description":"Una spremuta di olive","potentialAction":[{"@type":"SearchAction","target":{"@type":"EntryPoint","urlTemplate":"https:\/\/shumans-monini-stage.ccws.it\/de\/?s={search_term_string}"},"query-input":{"@type":"PropertyValueSpecification","valueRequired":true,"valueName":"search_term_string"}}],"inLanguage":"de"}]}},"acf":[],"_links":{"self":[{"href":"https:\/\/shumans-monini-stage.ccws.it\/de\/wp-json\/wp\/v2\/product\/35390","targetHints":{"allow":["GET"]}}],"collection":[{"href":"https:\/\/shumans-monini-stage.ccws.it\/de\/wp-json\/wp\/v2\/product"}],"about":[{"href":"https:\/\/shumans-monini-stage.ccws.it\/de\/wp-json\/wp\/v2\/types\/product"}],"author":[{"embeddable":true,"href":"https:\/\/shumans-monini-stage.ccws.it\/de\/wp-json\/wp\/v2\/users\/3"}],"version-history":[{"count":1,"href":"https:\/\/shumans-monini-stage.ccws.it\/de\/wp-json\/wp\/v2\/product\/35390\/revisions"}],"predecessor-version":[{"id":35421,"href":"https:\/\/shumans-monini-stage.ccws.it\/de\/wp-json\/wp\/v2\/product\/35390\/revisions\/35421"}],"wp:featuredmedia":[{"embeddable":true,"href":"https:\/\/shumans-monini-stage.ccws.it\/de\/wp-json\/wp\/v2\/media\/35405"}],"wp:attachment":[{"href":"https:\/\/shumans-monini-stage.ccws.it\/de\/wp-json\/wp\/v2\/media?parent=35390"}],"wp:term":[{"taxonomy":"post_tag","embeddable":true,"href":"https:\/\/shumans-monini-stage.ccws.it\/de\/wp-json\/wp\/v2\/tags?post=35390"},{"taxonomy":"cat_product","embeddable":true,"href":"https:\/\/shumans-monini-stage.ccws.it\/de\/wp-json\/wp\/v2\/cat_product?post=35390"}],"curies":[{"name":"wp","href":"https:\/\/api.w.org\/{rel}","templated":true}]}}