{"id":35481,"date":"2025-06-24T16:37:31","date_gmt":"2025-06-24T14:37:31","guid":{"rendered":"https:\/\/shumans-monini-stage.ccws.it\/?post_type=product&#038;p=35481"},"modified":"2025-08-21T12:40:54","modified_gmt":"2025-08-21T10:40:54","slug":"oliva-leccino","status":"publish","type":"product","link":"https:\/\/shumans-monini-stage.ccws.it\/de\/product\/oliva-leccino\/","title":{"rendered":"Oliva Leccino"},"content":{"rendered":"\n<div class=\"wp-block-group is-style-spaced\"><div class=\"wp-block-group__inner-container\">\n<h6 class=\"wp-block-heading\">Die besten italienischen Sorten<\/h6>\n\n\n\n<div style=\"height:0.1em\" aria-hidden=\"true\" class=\"wp-block-spacer\"><\/div>\n\n\n\n<p>F\u00fcr die Auswahl der Sorten in unserem Sortiment L\u2019OLIVA MONINI haben wir uns das Ziel gesetzt, ein wahres \u201eErlebnis\u201c durch die Geschm\u00e4cker, Texturen und Aromen zu bieten, die das vielf\u00e4ltige Erbe Italiens zu bieten hat. Diese Reise beginnt mit einigen der bekanntesten italienischen Sorten weltweit und f\u00fchrt weiter zu weniger bekannten, aber ebenso k\u00f6stlichen und qualitativ erstklassigen Variet\u00e4ten.<\/p>\n<\/div><\/div>\n\n\n\n<div style=\"height:0.5em\" aria-hidden=\"true\" class=\"wp-block-spacer\"><\/div>\n\n\n    <section class=\"banner-link \">\n        <div class=\"banner-wrapper\">\n\t\t\t\t\t<div>\n\t\t\t\t\t    <h6 class=\"banner-category\">Verkostung Von Oliven\u00f6l<\/h6>\n              <h2 class=\"banner-title\">So erkennt man gutes oliven\u00f6l<\/h2>\t\t\t\t\t\t\n\t\t\t\t\t<\/div>\n\t\t\t\t\t<div>\n\t\t\t\t\t\t<a href=\"https:\/\/shumans-monini-stage.ccws.it\/de\/article\/so-erkennt-man-gutes-olivenoel\/\" title=\"Entdecken Sie mehr\" class=\"btn btn-primary\">\n\t\t\t\t\t\t\t<span>Entdecken Sie mehr<\/span>\n\t\t\t\t\t\t<\/a>\n\t\t\t\t\t<\/div>\n        <\/div>\n    <\/section>\n\n\n\n<div class=\"wp-block-group is-style-spaced\"><div class=\"wp-block-group__inner-container\">\n<h6 class=\"wp-block-heading\">SERVIERVORSCHL\u00c4GE<\/h6>\n\n\n\n<div style=\"height:0.25em\" aria-hidden=\"true\" class=\"wp-block-spacer\"><\/div>\n\n\n\n<div class=\"wp-block-columns\">\n<div class=\"wp-block-column\"><div class=\"wp-block-image\">\n<figure class=\"aligncenter size-full\"><img loading=\"lazy\" decoding=\"async\" width=\"120\" height=\"120\" src=\"https:\/\/shumans-monini-stage.ccws.it\/wp-content\/uploads\/2025\/08\/icn_paste@2X-1.png\" alt=\"\" class=\"wp-image-35482\"\/><figcaption class=\"wp-element-caption\">Vorspeisen<\/figcaption><\/figure>\n<\/div><\/div>\n\n\n\n<div class=\"wp-block-column\"><div class=\"wp-block-image\">\n<figure class=\"aligncenter size-full\"><img loading=\"lazy\" decoding=\"async\" width=\"100\" height=\"100\" src=\"https:\/\/shumans-monini-stage.ccws.it\/wp-content\/uploads\/2025\/08\/icn_condimpesce2X-100x100-1.png\" alt=\"\" class=\"wp-image-35496\"\/><figcaption class=\"wp-element-caption\">Fischsaucen<\/figcaption><\/figure>\n<\/div><\/div>\n<\/div>\n\n\n\n<p><strong>GESCHMACK<\/strong>: Leicht ger\u00f6stete und holzige Aromen.<\/p>\n\n\n\n<p><strong>IDEAL F\u00dcR<\/strong>: Aperitifs, Hauptgerichte, Fischgerichte.<\/p>\n<\/div><\/div>\n\n\n\n<div style=\"height:1em\" aria-hidden=\"true\" class=\"wp-block-spacer\"><\/div>\n\n\n\n<figure class=\"wp-block-image size-full\"><img loading=\"lazy\" decoding=\"async\" width=\"1600\" height=\"1063\" src=\"https:\/\/shumans-monini-stage.ccws.it\/wp-content\/uploads\/2025\/06\/olive10.jpg\" alt=\"\" class=\"wp-image-723\" style=\"aspect-ratio:16\/9;object-fit:cover\" srcset=\"https:\/\/shumans-monini-stage.ccws.it\/wp-content\/uploads\/2025\/06\/olive10.jpg 1600w, https:\/\/shumans-monini-stage.ccws.it\/wp-content\/uploads\/2025\/06\/olive10-300x199.jpg 300w, https:\/\/shumans-monini-stage.ccws.it\/wp-content\/uploads\/2025\/06\/olive10-1024x680.jpg 1024w, https:\/\/shumans-monini-stage.ccws.it\/wp-content\/uploads\/2025\/06\/olive10-768x510.jpg 768w\" sizes=\"auto, (max-width: 1600px) 100vw, 1600px\" \/><\/figure>\n","protected":false},"excerpt":{"rendered":"<p>Die Leccino-Olive z\u00e4hlt zu den bekanntesten und gesch\u00e4tztesten Sorten Italiens. Ihre typischen, leicht ger\u00f6steten und holzigen Aromen machen sie zu einer vielseitigen Wahl: ob allein, in einer Sauce f\u00fcr ein k\u00f6stliches Hauptgericht oder als W\u00fcrze f\u00fcr Fischgerichte.<\/p>\n","protected":false},"author":3,"featured_media":8038,"menu_order":37,"template":"","meta":{"_acf_changed":false,"footnotes":""},"tags":[],"cat_product":[299],"class_list":["post-35481","product","type-product","status-publish","has-post-thumbnail","hentry","cat_product-oliva-monini-de"],"yoast_head":"<!-- This site is optimized with the Yoast SEO plugin v25.8 - https:\/\/yoast.com\/wordpress\/plugins\/seo\/ -->\n<title>Oliva Leccino - Monini<\/title>\n<meta name=\"robots\" content=\"noindex, follow, max-snippet:-1, max-image-preview:large, max-video-preview:-1\" \/>\n<meta property=\"og:locale\" content=\"de_DE\" \/>\n<meta property=\"og:type\" content=\"article\" \/>\n<meta property=\"og:title\" content=\"Oliva Leccino - Monini\" \/>\n<meta property=\"og:description\" content=\"Die Leccino-Olive z\u00e4hlt zu den bekanntesten und gesch\u00e4tztesten Sorten Italiens. Ihre typischen, leicht ger\u00f6steten und holzigen Aromen machen sie zu einer vielseitigen Wahl: ob allein, in einer Sauce f\u00fcr ein k\u00f6stliches Hauptgericht oder als W\u00fcrze f\u00fcr Fischgerichte.\" \/>\n<meta property=\"og:url\" content=\"https:\/\/shumans-monini-stage.ccws.it\/de\/product\/oliva-leccino\/\" \/>\n<meta property=\"og:site_name\" content=\"Monini\" \/>\n<meta property=\"article:publisher\" content=\"https:\/\/www.facebook.com\/MoniniOlio\/\" \/>\n<meta property=\"article:modified_time\" content=\"2025-08-21T10:40:54+00:00\" \/>\n<meta property=\"og:image\" content=\"https:\/\/shumans-monini-stage.ccws.it\/wp-content\/uploads\/2025\/06\/Oliva-LECCINO-fronte-1024x1024.png\" \/>\n\t<meta property=\"og:image:width\" content=\"1024\" \/>\n\t<meta property=\"og:image:height\" content=\"1024\" \/>\n\t<meta property=\"og:image:type\" content=\"image\/png\" \/>\n<meta name=\"twitter:card\" content=\"summary_large_image\" \/>\n<meta name=\"twitter:label1\" content=\"Gesch\u00e4tzte Lesezeit\" \/>\n\t<meta name=\"twitter:data1\" content=\"2\u00a0Minute\" \/>\n<script type=\"application\/ld+json\" class=\"yoast-schema-graph\">{\"@context\":\"https:\/\/schema.org\",\"@graph\":[{\"@type\":\"WebPage\",\"@id\":\"https:\/\/shumans-monini-stage.ccws.it\/de\/product\/oliva-leccino\/\",\"url\":\"https:\/\/shumans-monini-stage.ccws.it\/de\/product\/oliva-leccino\/\",\"name\":\"Oliva Leccino - Monini\",\"isPartOf\":{\"@id\":\"https:\/\/shumans-monini-stage.ccws.it\/de\/#website\"},\"primaryImageOfPage\":{\"@id\":\"https:\/\/shumans-monini-stage.ccws.it\/de\/product\/oliva-leccino\/#primaryimage\"},\"image\":{\"@id\":\"https:\/\/shumans-monini-stage.ccws.it\/de\/product\/oliva-leccino\/#primaryimage\"},\"thumbnailUrl\":\"https:\/\/shumans-monini-stage.ccws.it\/wp-content\/uploads\/2025\/06\/Oliva-LECCINO-fronte.png\",\"datePublished\":\"2025-06-24T14:37:31+00:00\",\"dateModified\":\"2025-08-21T10:40:54+00:00\",\"breadcrumb\":{\"@id\":\"https:\/\/shumans-monini-stage.ccws.it\/de\/product\/oliva-leccino\/#breadcrumb\"},\"inLanguage\":\"de\",\"potentialAction\":[{\"@type\":\"ReadAction\",\"target\":[\"https:\/\/shumans-monini-stage.ccws.it\/de\/product\/oliva-leccino\/\"]}]},{\"@type\":\"ImageObject\",\"inLanguage\":\"de\",\"@id\":\"https:\/\/shumans-monini-stage.ccws.it\/de\/product\/oliva-leccino\/#primaryimage\",\"url\":\"https:\/\/shumans-monini-stage.ccws.it\/wp-content\/uploads\/2025\/06\/Oliva-LECCINO-fronte.png\",\"contentUrl\":\"https:\/\/shumans-monini-stage.ccws.it\/wp-content\/uploads\/2025\/06\/Oliva-LECCINO-fronte.png\",\"width\":2000,\"height\":2000},{\"@type\":\"BreadcrumbList\",\"@id\":\"https:\/\/shumans-monini-stage.ccws.it\/de\/product\/oliva-leccino\/#breadcrumb\",\"itemListElement\":[{\"@type\":\"ListItem\",\"position\":1,\"name\":\"Home\",\"item\":\"https:\/\/shumans-monini-stage.ccws.it\/de\/\"},{\"@type\":\"ListItem\",\"position\":2,\"name\":\"Produkte\",\"item\":\"https:\/\/shumans-monini-stage.ccws.it\/de\/product\/\"},{\"@type\":\"ListItem\",\"position\":3,\"name\":\"Oliva Leccino\"}]},{\"@type\":\"WebSite\",\"@id\":\"https:\/\/shumans-monini-stage.ccws.it\/de\/#website\",\"url\":\"https:\/\/shumans-monini-stage.ccws.it\/de\/\",\"name\":\"Monini\",\"description\":\"Una spremuta di olive\",\"potentialAction\":[{\"@type\":\"SearchAction\",\"target\":{\"@type\":\"EntryPoint\",\"urlTemplate\":\"https:\/\/shumans-monini-stage.ccws.it\/de\/?s={search_term_string}\"},\"query-input\":{\"@type\":\"PropertyValueSpecification\",\"valueRequired\":true,\"valueName\":\"search_term_string\"}}],\"inLanguage\":\"de\"}]}<\/script>\n<!-- \/ Yoast SEO plugin. -->","yoast_head_json":{"title":"Oliva Leccino - Monini","robots":{"index":"noindex","follow":"follow","max-snippet":"max-snippet:-1","max-image-preview":"max-image-preview:large","max-video-preview":"max-video-preview:-1"},"og_locale":"de_DE","og_type":"article","og_title":"Oliva Leccino - Monini","og_description":"Die Leccino-Olive z\u00e4hlt zu den bekanntesten und gesch\u00e4tztesten Sorten Italiens. Ihre typischen, leicht ger\u00f6steten und holzigen Aromen machen sie zu einer vielseitigen Wahl: ob allein, in einer Sauce f\u00fcr ein k\u00f6stliches Hauptgericht oder als W\u00fcrze f\u00fcr Fischgerichte.","og_url":"https:\/\/shumans-monini-stage.ccws.it\/de\/product\/oliva-leccino\/","og_site_name":"Monini","article_publisher":"https:\/\/www.facebook.com\/MoniniOlio\/","article_modified_time":"2025-08-21T10:40:54+00:00","og_image":[{"width":1024,"height":1024,"url":"https:\/\/shumans-monini-stage.ccws.it\/wp-content\/uploads\/2025\/06\/Oliva-LECCINO-fronte-1024x1024.png","type":"image\/png"}],"twitter_card":"summary_large_image","twitter_misc":{"Gesch\u00e4tzte Lesezeit":"2\u00a0Minute"},"schema":{"@context":"https:\/\/schema.org","@graph":[{"@type":"WebPage","@id":"https:\/\/shumans-monini-stage.ccws.it\/de\/product\/oliva-leccino\/","url":"https:\/\/shumans-monini-stage.ccws.it\/de\/product\/oliva-leccino\/","name":"Oliva Leccino - Monini","isPartOf":{"@id":"https:\/\/shumans-monini-stage.ccws.it\/de\/#website"},"primaryImageOfPage":{"@id":"https:\/\/shumans-monini-stage.ccws.it\/de\/product\/oliva-leccino\/#primaryimage"},"image":{"@id":"https:\/\/shumans-monini-stage.ccws.it\/de\/product\/oliva-leccino\/#primaryimage"},"thumbnailUrl":"https:\/\/shumans-monini-stage.ccws.it\/wp-content\/uploads\/2025\/06\/Oliva-LECCINO-fronte.png","datePublished":"2025-06-24T14:37:31+00:00","dateModified":"2025-08-21T10:40:54+00:00","breadcrumb":{"@id":"https:\/\/shumans-monini-stage.ccws.it\/de\/product\/oliva-leccino\/#breadcrumb"},"inLanguage":"de","potentialAction":[{"@type":"ReadAction","target":["https:\/\/shumans-monini-stage.ccws.it\/de\/product\/oliva-leccino\/"]}]},{"@type":"ImageObject","inLanguage":"de","@id":"https:\/\/shumans-monini-stage.ccws.it\/de\/product\/oliva-leccino\/#primaryimage","url":"https:\/\/shumans-monini-stage.ccws.it\/wp-content\/uploads\/2025\/06\/Oliva-LECCINO-fronte.png","contentUrl":"https:\/\/shumans-monini-stage.ccws.it\/wp-content\/uploads\/2025\/06\/Oliva-LECCINO-fronte.png","width":2000,"height":2000},{"@type":"BreadcrumbList","@id":"https:\/\/shumans-monini-stage.ccws.it\/de\/product\/oliva-leccino\/#breadcrumb","itemListElement":[{"@type":"ListItem","position":1,"name":"Home","item":"https:\/\/shumans-monini-stage.ccws.it\/de\/"},{"@type":"ListItem","position":2,"name":"Produkte","item":"https:\/\/shumans-monini-stage.ccws.it\/de\/product\/"},{"@type":"ListItem","position":3,"name":"Oliva Leccino"}]},{"@type":"WebSite","@id":"https:\/\/shumans-monini-stage.ccws.it\/de\/#website","url":"https:\/\/shumans-monini-stage.ccws.it\/de\/","name":"Monini","description":"Una spremuta di olive","potentialAction":[{"@type":"SearchAction","target":{"@type":"EntryPoint","urlTemplate":"https:\/\/shumans-monini-stage.ccws.it\/de\/?s={search_term_string}"},"query-input":{"@type":"PropertyValueSpecification","valueRequired":true,"valueName":"search_term_string"}}],"inLanguage":"de"}]}},"acf":[],"_links":{"self":[{"href":"https:\/\/shumans-monini-stage.ccws.it\/de\/wp-json\/wp\/v2\/product\/35481","targetHints":{"allow":["GET"]}}],"collection":[{"href":"https:\/\/shumans-monini-stage.ccws.it\/de\/wp-json\/wp\/v2\/product"}],"about":[{"href":"https:\/\/shumans-monini-stage.ccws.it\/de\/wp-json\/wp\/v2\/types\/product"}],"author":[{"embeddable":true,"href":"https:\/\/shumans-monini-stage.ccws.it\/de\/wp-json\/wp\/v2\/users\/3"}],"version-history":[{"count":1,"href":"https:\/\/shumans-monini-stage.ccws.it\/de\/wp-json\/wp\/v2\/product\/35481\/revisions"}],"predecessor-version":[{"id":35510,"href":"https:\/\/shumans-monini-stage.ccws.it\/de\/wp-json\/wp\/v2\/product\/35481\/revisions\/35510"}],"wp:featuredmedia":[{"embeddable":true,"href":"https:\/\/shumans-monini-stage.ccws.it\/de\/wp-json\/wp\/v2\/media\/8038"}],"wp:attachment":[{"href":"https:\/\/shumans-monini-stage.ccws.it\/de\/wp-json\/wp\/v2\/media?parent=35481"}],"wp:term":[{"taxonomy":"post_tag","embeddable":true,"href":"https:\/\/shumans-monini-stage.ccws.it\/de\/wp-json\/wp\/v2\/tags?post=35481"},{"taxonomy":"cat_product","embeddable":true,"href":"https:\/\/shumans-monini-stage.ccws.it\/de\/wp-json\/wp\/v2\/cat_product?post=35481"}],"curies":[{"name":"wp","href":"https:\/\/api.w.org\/{rel}","templated":true}]}}