{"id":34897,"date":"2025-06-20T17:39:45","date_gmt":"2025-06-20T15:39:45","guid":{"rendered":"https:\/\/shumans-monini-stage.ccws.it\/?page_id=34897"},"modified":"2025-08-19T11:39:21","modified_gmt":"2025-08-19T09:39:21","slug":"frantoio-del-poggiolo","status":"publish","type":"page","link":"https:\/\/shumans-monini-stage.ccws.it\/fr-ch\/frantoio-del-poggiolo\/","title":{"rendered":"Frantoio del Poggiolo"},"content":{"rendered":"\n<div class=\"wp-block-columns\">\n<div class=\"wp-block-column\" style=\"flex-basis:100%\">\n<figure class=\"wp-block-image size-large\"><img loading=\"lazy\" decoding=\"async\" width=\"1024\" height=\"485\" src=\"https:\/\/shumans-monini-stage.ccws.it\/wp-content\/uploads\/2025\/06\/Frantoio_del_poggiolo-1024x485.png\" alt=\"\" class=\"wp-image-791\" srcset=\"https:\/\/shumans-monini-stage.ccws.it\/wp-content\/uploads\/2025\/06\/Frantoio_del_poggiolo-1024x485.png 1024w, https:\/\/shumans-monini-stage.ccws.it\/wp-content\/uploads\/2025\/06\/Frantoio_del_poggiolo-300x142.png 300w, https:\/\/shumans-monini-stage.ccws.it\/wp-content\/uploads\/2025\/06\/Frantoio_del_poggiolo-768x364.png 768w, https:\/\/shumans-monini-stage.ccws.it\/wp-content\/uploads\/2025\/06\/Frantoio_del_poggiolo.png 1540w\" sizes=\"auto, (max-width: 1024px) 100vw, 1024px\" \/><\/figure>\n\n\n\n<div style=\"height:0.25em\" aria-hidden=\"true\" class=\"wp-block-spacer\"><\/div>\n\n\n\n<div class=\"wp-block-columns\">\n<div class=\"wp-block-column\" style=\"flex-basis:100%\">\n<p>Frantoio del Poggiolo qui se trouve \u00e0 mi-hauteur d\u2019une colline parmi les oliviers est le centre multifonctionnel o\u00f9 une partie importante de notre travail a lieu&nbsp;: d\u2019une part nous avons travaill\u00e9 dur pour atteindre une qualit\u00e9 sup\u00e9rieure et d\u2019autre part pour diffuser la connaissance de l\u2019huile d\u2019olive vierge extra.<\/p>\n\n\n\n<p>En 2001, nous avons d\u00e9cider d\u2019am\u00e9liorer la s\u00e9lection des mati\u00e8res premi\u00e8res en augmentant les contr\u00f4les d\u2019analyse sur toute la cha\u00eene de production&nbsp;: s\u00e9lection des cultivars, optimisation des m\u00e9thodes de r\u00e9colte et de pressage.<\/p>\n\n\n\n<p>Il s\u2019agit d\u2019une t\u00e2che de s\u00e9lection que nous effectuons avec un grand d\u00e9vouement pour obtenir un produit de qualit\u00e9 sup\u00e9rieure avec notre nom.<\/p>\n\n\n\n<p>Nous avons toujours \u00e9t\u00e9 engag\u00e9s pour r\u00e9pandre la culture de l\u2019huile d\u2019olive vierge extra. C\u2019est la raison pour laquelle nous ouvrons notre Frantoio del Poggiolo aux amateurs d\u2019huile d\u2019olive et aux experts en alimentation qui veulent en savoir plus sur les secrets de l\u2019huile d\u2019olive et les meilleures techniques de production. R\u00e9unions, conf\u00e9rences, ateliers et cours de cuisine cr\u00e9ent des occasions de partager des connaissances avec des chefs c\u00e9l\u00e8bres de diff\u00e9rents pays.<\/p>\n<\/div>\n<\/div>\n\n\n\n<figure class=\"wp-block-image size-large is-style-default\"><img loading=\"lazy\" decoding=\"async\" width=\"1024\" height=\"485\" src=\"https:\/\/shumans-monini-stage.ccws.it\/wp-content\/uploads\/2025\/06\/Il_frantoio-1024x485.jpg\" alt=\"\" class=\"wp-image-795\" srcset=\"https:\/\/shumans-monini-stage.ccws.it\/wp-content\/uploads\/2025\/06\/Il_frantoio-1024x485.jpg 1024w, https:\/\/shumans-monini-stage.ccws.it\/wp-content\/uploads\/2025\/06\/Il_frantoio-300x142.jpg 300w, https:\/\/shumans-monini-stage.ccws.it\/wp-content\/uploads\/2025\/06\/Il_frantoio-768x364.jpg 768w, https:\/\/shumans-monini-stage.ccws.it\/wp-content\/uploads\/2025\/06\/Il_frantoio.jpg 1540w\" sizes=\"auto, (max-width: 1024px) 100vw, 1024px\" \/><\/figure>\n\n\n\n<div style=\"height:0.25em\" aria-hidden=\"true\" class=\"wp-block-spacer\"><\/div>\n<\/div>\n<\/div>\n\n\n\n<div class=\"wp-block-columns is-style-formatted\">\n<div class=\"wp-block-column\">\n<figure class=\"wp-block-image size-full\"><img loading=\"lazy\" decoding=\"async\" width=\"742\" height=\"730\" src=\"https:\/\/shumans-monini-stage.ccws.it\/wp-content\/uploads\/2025\/06\/La_casa.jpg\" alt=\"\" class=\"wp-image-797\" srcset=\"https:\/\/shumans-monini-stage.ccws.it\/wp-content\/uploads\/2025\/06\/La_casa.jpg 742w, https:\/\/shumans-monini-stage.ccws.it\/wp-content\/uploads\/2025\/06\/La_casa-300x295.jpg 300w\" sizes=\"auto, (max-width: 742px) 100vw, 742px\" \/><\/figure>\n<\/div>\n\n\n\n<div class=\"wp-block-column\">\n<h6 class=\"wp-block-heading\">MAISON DES INVIT\u00c9S<\/h6>\n\n\n\n<p>Notre Frantoio del Poggiolo combine des machines agricoles modernes avec des espaces r\u00e9sidentiels \u00e9l\u00e9gants qui accueillent les participants aux s\u00e9minaires et conf\u00e9rences.<\/p>\n<\/div>\n<\/div>\n\n\n\n<div class=\"wp-block-columns is-style-formatted\">\n<div class=\"wp-block-column\">\n<h6 class=\"wp-block-heading\">DESIGN<\/h6>\n\n\n\n<p>L\u2019harmonie avec laquelle les diff\u00e9rents \u00e9l\u00e9ments et meubles ont \u00e9t\u00e9 combin\u00e9s g\u00e9n\u00e8re l\u2019atmosph\u00e8re confortable, \u00e9l\u00e9gante et famili\u00e8re.<\/p>\n\n\n\n<p>Au rez-de-chauss\u00e9e se trouve l\u2019olivier, le portique pour le d\u00e9chargement des olives et d\u2019autres espaces agricoles. Le premier \u00e9tage est la zone r\u00e9sidentielle avec des plafonds aux poutres apparentes, des poutres en bois, des sols en terre cuite, des murs en pl\u00e2tre blanchis \u00e0 la chaux, des balustrades d\u2019Art Nouveau et des abat-jour en verre.<\/p>\n<\/div>\n\n\n\n<div class=\"wp-block-column is-style-default\">\n<figure class=\"wp-block-image size-full\"><img loading=\"lazy\" decoding=\"async\" width=\"742\" height=\"730\" src=\"https:\/\/shumans-monini-stage.ccws.it\/wp-content\/uploads\/2025\/06\/Il_design.jpg\" alt=\"\" class=\"wp-image-794\" srcset=\"https:\/\/shumans-monini-stage.ccws.it\/wp-content\/uploads\/2025\/06\/Il_design.jpg 742w, https:\/\/shumans-monini-stage.ccws.it\/wp-content\/uploads\/2025\/06\/Il_design-300x295.jpg 300w\" sizes=\"auto, (max-width: 742px) 100vw, 742px\" \/><\/figure>\n<\/div>\n<\/div>\n\n\n\n<div class=\"wp-block-columns is-style-formatted\">\n<div class=\"wp-block-column\">\n<figure class=\"wp-block-image size-full\"><img loading=\"lazy\" decoding=\"async\" width=\"729\" height=\"718\" src=\"https:\/\/shumans-monini-stage.ccws.it\/wp-content\/uploads\/2025\/06\/Gli_ambienti.jpg\" alt=\"\" class=\"wp-image-792\" srcset=\"https:\/\/shumans-monini-stage.ccws.it\/wp-content\/uploads\/2025\/06\/Gli_ambienti.jpg 729w, https:\/\/shumans-monini-stage.ccws.it\/wp-content\/uploads\/2025\/06\/Gli_ambienti-300x295.jpg 300w\" sizes=\"auto, (max-width: 729px) 100vw, 729px\" \/><\/figure>\n<\/div>\n\n\n\n<div class=\"wp-block-column\">\n<h6 class=\"wp-block-heading\">LES CHAMBRES<\/h6>\n\n\n\n<p>Le hall d\u2019accueil m\u00e8ne \u00e0 une petite biblioth\u00e8que en bois remplie de livres sur les techniques de culture et d\u2019ol\u00e9iculture. Continuer le long du couloir m\u00e8ne \u00e0 une grande cuisine moderne qui s\u2019ouvre sur un salon comme une grande sc\u00e8ne, source d\u2019inspiration pour les cr\u00e9ations culinaires que notre chef fait avec nos produits. La maison d\u2019h\u00f4tes dispose de sept&nbsp;chambres \u00e9l\u00e9gantes avec salle de bain priv\u00e9e.&nbsp;<br><\/p>\n<\/div>\n<\/div>\n\n\n\n<div style=\"height:0.25em\" aria-hidden=\"true\" class=\"wp-block-spacer\"><\/div>\n\n\n\n<div class=\"wp-block-columns\">\n<div class=\"wp-block-column\">\n<h2 class=\"wp-block-heading has-text-align-center\">L\u2019OLIVERAIE<\/h2>\n\n\n\n<div style=\"height:0em\" aria-hidden=\"true\" class=\"wp-block-spacer\"><\/div>\n<\/div>\n<\/div>\n\n\n\n<div class=\"wp-block-columns is-style-formatted\">\n<div class=\"wp-block-column\">\n<figure class=\"wp-block-image size-full\"><img loading=\"lazy\" decoding=\"async\" width=\"742\" height=\"730\" src=\"https:\/\/shumans-monini-stage.ccws.it\/wp-content\/uploads\/2025\/06\/Le_colline_degli_olivi.jpg\" alt=\"\" class=\"wp-image-798\" srcset=\"https:\/\/shumans-monini-stage.ccws.it\/wp-content\/uploads\/2025\/06\/Le_colline_degli_olivi.jpg 742w, https:\/\/shumans-monini-stage.ccws.it\/wp-content\/uploads\/2025\/06\/Le_colline_degli_olivi-300x295.jpg 300w\" sizes=\"auto, (max-width: 742px) 100vw, 742px\" \/><\/figure>\n<\/div>\n\n\n\n<div class=\"wp-block-column\">\n<h6 class=\"wp-block-heading\">LE COLLINE DEGLI OLIVI<\/h6>\n\n\n\n<p>Frantoio del Poggiolo est situ\u00e9 au sommet d\u2019une colline qui s\u2019\u00e9tend sur quarante hectares plant\u00e9s d\u2019oliviers face \u00e0 la vall\u00e9e de Spoleto&nbsp;<\/p>\n\n\n\n<p>C\u2019est le site de notre oliveraie avec ses 5&nbsp;500&nbsp;oliviers historiques et 1&nbsp;500&nbsp;nouveaux arbres r\u00e9partis sur vingt-cinq hectares.<\/p>\n<\/div>\n<\/div>\n\n\n\n<div class=\"wp-block-columns is-style-formatted\">\n<div class=\"wp-block-column\">\n<h6 class=\"wp-block-heading\">CULTIVARS D&#8217;OLIVES<\/h6>\n\n\n\n<p>Certaines vari\u00e9t\u00e9s d\u2019olives que nous avons choisies sont indig\u00e8nes, certaines sont import\u00e9es&nbsp;: cela nous permet d\u2019\u00e9tudier toutes les variables et les phases de croissance, de r\u00e9colte et de travail.<\/p>\n\n\n\n<p>Environ 80&nbsp;% de nos olives sont Moraiolo, une vari\u00e9t\u00e9 presque exclusivement ombrienne qui est une caract\u00e9ristique distinctive des huiles d\u2019Assise-Spoleto. Un autre 12&nbsp;% est Frantoio et 4,5&nbsp;% est Leccino, deux cultivars nobles typiques de l\u2019Italie centrale avec 3,5&nbsp;% d\u2019autres vari\u00e9t\u00e9s.<\/p>\n<\/div>\n\n\n\n<div class=\"wp-block-column\">\n<figure class=\"wp-block-image size-full\"><img loading=\"lazy\" decoding=\"async\" width=\"740\" height=\"1128\" src=\"https:\/\/shumans-monini-stage.ccws.it\/wp-content\/uploads\/2025\/06\/Le_cultivar.jpg\" alt=\"\" class=\"wp-image-799\" style=\"aspect-ratio:1;object-fit:cover\" srcset=\"https:\/\/shumans-monini-stage.ccws.it\/wp-content\/uploads\/2025\/06\/Le_cultivar.jpg 740w, https:\/\/shumans-monini-stage.ccws.it\/wp-content\/uploads\/2025\/06\/Le_cultivar-197x300.jpg 197w, https:\/\/shumans-monini-stage.ccws.it\/wp-content\/uploads\/2025\/06\/Le_cultivar-672x1024.jpg 672w\" sizes=\"auto, (max-width: 740px) 100vw, 740px\" \/><\/figure>\n<\/div>\n<\/div>\n\n\n\n<div style=\"height:0.25em\" aria-hidden=\"true\" class=\"wp-block-spacer\"><\/div>\n\n\n\n<div class=\"wp-block-columns\">\n<div class=\"wp-block-column\">\n<h2 class=\"wp-block-heading\">LE LABORATOIRE<\/h2>\n\n\n\n<div style=\"height:0em\" aria-hidden=\"true\" class=\"wp-block-spacer\"><\/div>\n<\/div>\n<\/div>\n\n\n\n<div class=\"wp-block-columns is-style-formatted\">\n<div class=\"wp-block-column\">\n<figure class=\"wp-block-image size-full\"><img loading=\"lazy\" decoding=\"async\" width=\"1137\" height=\"758\" src=\"https:\/\/shumans-monini-stage.ccws.it\/wp-content\/uploads\/2025\/06\/Il_laboratorio.png\" alt=\"\" class=\"wp-image-796\" srcset=\"https:\/\/shumans-monini-stage.ccws.it\/wp-content\/uploads\/2025\/06\/Il_laboratorio.png 1137w, https:\/\/shumans-monini-stage.ccws.it\/wp-content\/uploads\/2025\/06\/Il_laboratorio-700x467.png 700w, https:\/\/shumans-monini-stage.ccws.it\/wp-content\/uploads\/2025\/06\/Il_laboratorio-1024x683.png 1024w, https:\/\/shumans-monini-stage.ccws.it\/wp-content\/uploads\/2025\/06\/Il_laboratorio-768x512.png 768w\" sizes=\"auto, (max-width: 1137px) 100vw, 1137px\" \/><\/figure>\n<\/div>\n\n\n\n<div class=\"wp-block-column\">\n<p>La machinerie d\u2019avant-garde dont nous avons besoin pour les prochaines \u00e9tapes de l\u2019ol\u00e9iculture est \u00e9galement importante. Frantoio del Poggiolo est un centre de technologie absolument performant qui garantit une production de qualit\u00e9 sup\u00e9rieure. Notre niche Novello, une huile d\u2019olive vierge extra non filtr\u00e9e est \u00e9galement produite ici en quantit\u00e9s infimes.<\/p>\n<\/div>\n<\/div>\n\n\n\n<div style=\"height:0.25em\" aria-hidden=\"true\" class=\"wp-block-spacer\"><\/div>\n\n\n\n<div class=\"wp-block-columns is-style-formatted\">\n<div class=\"wp-block-column\">\n<h6 class=\"wp-block-heading\"><strong>AGRICULTUR<\/strong>E<\/h6>\n\n\n\n<p>\u00c9quilibrer les ar\u00f4mes extra vierges et lui donner une saveur noble signifie choisir les bons cultivars.&nbsp;<\/p>\n\n\n\n<p>Chaque cultivar a ses propres caract\u00e9ristiques et chaque ann\u00e9e, le climat, le sol et les changements de saison font la diff\u00e9rence.&nbsp;<\/p>\n\n\n\n<p>Le m\u00e9lange id\u00e9al est une question de recettes combinant les meilleures huiles d\u2019une r\u00e9colte donn\u00e9e.<\/p>\n<\/div>\n\n\n\n<div class=\"wp-block-column\">\n<h6 class=\"wp-block-heading\"><strong>TRAVAIL<\/strong><\/h6>\n\n\n\n<p>La qualit\u00e9 n\u2019est pas simplement une question de bonnes mati\u00e8res premi\u00e8res, mais aussi de proc\u00e9dures correctes sans n\u00e9gliger des \u00e9l\u00e9ments tels que la p\u00e9riode de r\u00e9colte, les m\u00e9thodes et le stockage qui peuvent avoir un impact sur le go\u00fbt du produit final.<\/p>\n\n\n\n<p>L\u2019irrigation et les diff\u00e9rents temps de travail sont d\u00e9cid\u00e9s sur la base de l\u2019olive, du cultivar et des conditions m\u00e9t\u00e9orologiques.<\/p>\n<\/div>\n<\/div>\n","protected":false},"excerpt":{"rendered":"<p>L&#8217;essence du travail constant et prudent qui a toujours \u00e9t\u00e9 notre trait distinctif.<\/p>\n","protected":false},"author":3,"featured_media":6150,"parent":0,"menu_order":0,"comment_status":"closed","ping_status":"closed","template":"","meta":{"_acf_changed":false,"footnotes":""},"class_list":["post-34897","page","type-page","status-publish","has-post-thumbnail","hentry"],"yoast_head":"<!-- This site is optimized with the Yoast SEO plugin v25.8 - https:\/\/yoast.com\/wordpress\/plugins\/seo\/ -->\n<title>Frantoio del Poggiolo - Monini<\/title>\n<meta name=\"robots\" content=\"noindex, follow, max-snippet:-1, max-image-preview:large, max-video-preview:-1\" \/>\n<meta property=\"og:locale\" content=\"fr_FR\" \/>\n<meta property=\"og:type\" content=\"article\" \/>\n<meta property=\"og:title\" content=\"Frantoio del Poggiolo - Monini\" \/>\n<meta property=\"og:description\" content=\"L&#039;essence du travail constant et prudent qui a toujours \u00e9t\u00e9 notre trait distinctif.\" \/>\n<meta property=\"og:url\" content=\"https:\/\/shumans-monini-stage.ccws.it\/fr-ch\/frantoio-del-poggiolo\/\" \/>\n<meta property=\"og:site_name\" content=\"Monini\" \/>\n<meta property=\"article:publisher\" content=\"https:\/\/www.facebook.com\/MoniniOlio\/\" \/>\n<meta property=\"article:modified_time\" content=\"2025-08-19T09:39:21+00:00\" \/>\n<meta property=\"og:image\" content=\"https:\/\/shumans-monini-stage.ccws.it\/wp-content\/uploads\/2025\/06\/frantoio-1.jpg\" \/>\n\t<meta property=\"og:image:width\" content=\"700\" \/>\n\t<meta property=\"og:image:height\" content=\"467\" \/>\n\t<meta property=\"og:image:type\" content=\"image\/jpeg\" \/>\n<meta name=\"twitter:card\" content=\"summary_large_image\" \/>\n<meta name=\"twitter:label1\" content=\"Est. reading time\" \/>\n\t<meta name=\"twitter:data1\" content=\"5 minutes\" \/>\n<script type=\"application\/ld+json\" class=\"yoast-schema-graph\">{\"@context\":\"https:\/\/schema.org\",\"@graph\":[{\"@type\":\"WebPage\",\"@id\":\"https:\/\/shumans-monini-stage.ccws.it\/fr-ch\/frantoio-del-poggiolo\/\",\"url\":\"https:\/\/shumans-monini-stage.ccws.it\/fr-ch\/frantoio-del-poggiolo\/\",\"name\":\"Frantoio del Poggiolo - Monini\",\"isPartOf\":{\"@id\":\"https:\/\/shumans-monini-stage.ccws.it\/fr-ch\/#website\"},\"primaryImageOfPage\":{\"@id\":\"https:\/\/shumans-monini-stage.ccws.it\/fr-ch\/frantoio-del-poggiolo\/#primaryimage\"},\"image\":{\"@id\":\"https:\/\/shumans-monini-stage.ccws.it\/fr-ch\/frantoio-del-poggiolo\/#primaryimage\"},\"thumbnailUrl\":\"https:\/\/shumans-monini-stage.ccws.it\/wp-content\/uploads\/2025\/06\/frantoio-1.jpg\",\"datePublished\":\"2025-06-20T15:39:45+00:00\",\"dateModified\":\"2025-08-19T09:39:21+00:00\",\"breadcrumb\":{\"@id\":\"https:\/\/shumans-monini-stage.ccws.it\/fr-ch\/frantoio-del-poggiolo\/#breadcrumb\"},\"inLanguage\":\"fr-CH\",\"potentialAction\":[{\"@type\":\"ReadAction\",\"target\":[\"https:\/\/shumans-monini-stage.ccws.it\/fr-ch\/frantoio-del-poggiolo\/\"]}]},{\"@type\":\"ImageObject\",\"inLanguage\":\"fr-CH\",\"@id\":\"https:\/\/shumans-monini-stage.ccws.it\/fr-ch\/frantoio-del-poggiolo\/#primaryimage\",\"url\":\"https:\/\/shumans-monini-stage.ccws.it\/wp-content\/uploads\/2025\/06\/frantoio-1.jpg\",\"contentUrl\":\"https:\/\/shumans-monini-stage.ccws.it\/wp-content\/uploads\/2025\/06\/frantoio-1.jpg\",\"width\":700,\"height\":467},{\"@type\":\"BreadcrumbList\",\"@id\":\"https:\/\/shumans-monini-stage.ccws.it\/fr-ch\/frantoio-del-poggiolo\/#breadcrumb\",\"itemListElement\":[{\"@type\":\"ListItem\",\"position\":1,\"name\":\"Home\",\"item\":\"https:\/\/shumans-monini-stage.ccws.it\/fr-ch\/\"},{\"@type\":\"ListItem\",\"position\":2,\"name\":\"Frantoio del Poggiolo\"}]},{\"@type\":\"WebSite\",\"@id\":\"https:\/\/shumans-monini-stage.ccws.it\/fr-ch\/#website\",\"url\":\"https:\/\/shumans-monini-stage.ccws.it\/fr-ch\/\",\"name\":\"Monini\",\"description\":\"Una spremuta di olive\",\"potentialAction\":[{\"@type\":\"SearchAction\",\"target\":{\"@type\":\"EntryPoint\",\"urlTemplate\":\"https:\/\/shumans-monini-stage.ccws.it\/fr-ch\/?s={search_term_string}\"},\"query-input\":{\"@type\":\"PropertyValueSpecification\",\"valueRequired\":true,\"valueName\":\"search_term_string\"}}],\"inLanguage\":\"fr-CH\"}]}<\/script>\n<!-- \/ Yoast SEO plugin. -->","yoast_head_json":{"title":"Frantoio del Poggiolo - Monini","robots":{"index":"noindex","follow":"follow","max-snippet":"max-snippet:-1","max-image-preview":"max-image-preview:large","max-video-preview":"max-video-preview:-1"},"og_locale":"fr_FR","og_type":"article","og_title":"Frantoio del Poggiolo - Monini","og_description":"L'essence du travail constant et prudent qui a toujours \u00e9t\u00e9 notre trait distinctif.","og_url":"https:\/\/shumans-monini-stage.ccws.it\/fr-ch\/frantoio-del-poggiolo\/","og_site_name":"Monini","article_publisher":"https:\/\/www.facebook.com\/MoniniOlio\/","article_modified_time":"2025-08-19T09:39:21+00:00","og_image":[{"width":700,"height":467,"url":"https:\/\/shumans-monini-stage.ccws.it\/wp-content\/uploads\/2025\/06\/frantoio-1.jpg","type":"image\/jpeg"}],"twitter_card":"summary_large_image","twitter_misc":{"Est. reading time":"5 minutes"},"schema":{"@context":"https:\/\/schema.org","@graph":[{"@type":"WebPage","@id":"https:\/\/shumans-monini-stage.ccws.it\/fr-ch\/frantoio-del-poggiolo\/","url":"https:\/\/shumans-monini-stage.ccws.it\/fr-ch\/frantoio-del-poggiolo\/","name":"Frantoio del Poggiolo - Monini","isPartOf":{"@id":"https:\/\/shumans-monini-stage.ccws.it\/fr-ch\/#website"},"primaryImageOfPage":{"@id":"https:\/\/shumans-monini-stage.ccws.it\/fr-ch\/frantoio-del-poggiolo\/#primaryimage"},"image":{"@id":"https:\/\/shumans-monini-stage.ccws.it\/fr-ch\/frantoio-del-poggiolo\/#primaryimage"},"thumbnailUrl":"https:\/\/shumans-monini-stage.ccws.it\/wp-content\/uploads\/2025\/06\/frantoio-1.jpg","datePublished":"2025-06-20T15:39:45+00:00","dateModified":"2025-08-19T09:39:21+00:00","breadcrumb":{"@id":"https:\/\/shumans-monini-stage.ccws.it\/fr-ch\/frantoio-del-poggiolo\/#breadcrumb"},"inLanguage":"fr-CH","potentialAction":[{"@type":"ReadAction","target":["https:\/\/shumans-monini-stage.ccws.it\/fr-ch\/frantoio-del-poggiolo\/"]}]},{"@type":"ImageObject","inLanguage":"fr-CH","@id":"https:\/\/shumans-monini-stage.ccws.it\/fr-ch\/frantoio-del-poggiolo\/#primaryimage","url":"https:\/\/shumans-monini-stage.ccws.it\/wp-content\/uploads\/2025\/06\/frantoio-1.jpg","contentUrl":"https:\/\/shumans-monini-stage.ccws.it\/wp-content\/uploads\/2025\/06\/frantoio-1.jpg","width":700,"height":467},{"@type":"BreadcrumbList","@id":"https:\/\/shumans-monini-stage.ccws.it\/fr-ch\/frantoio-del-poggiolo\/#breadcrumb","itemListElement":[{"@type":"ListItem","position":1,"name":"Home","item":"https:\/\/shumans-monini-stage.ccws.it\/fr-ch\/"},{"@type":"ListItem","position":2,"name":"Frantoio del Poggiolo"}]},{"@type":"WebSite","@id":"https:\/\/shumans-monini-stage.ccws.it\/fr-ch\/#website","url":"https:\/\/shumans-monini-stage.ccws.it\/fr-ch\/","name":"Monini","description":"Una spremuta di olive","potentialAction":[{"@type":"SearchAction","target":{"@type":"EntryPoint","urlTemplate":"https:\/\/shumans-monini-stage.ccws.it\/fr-ch\/?s={search_term_string}"},"query-input":{"@type":"PropertyValueSpecification","valueRequired":true,"valueName":"search_term_string"}}],"inLanguage":"fr-CH"}]}},"acf":[],"_links":{"self":[{"href":"https:\/\/shumans-monini-stage.ccws.it\/fr-ch\/wp-json\/wp\/v2\/pages\/34897","targetHints":{"allow":["GET"]}}],"collection":[{"href":"https:\/\/shumans-monini-stage.ccws.it\/fr-ch\/wp-json\/wp\/v2\/pages"}],"about":[{"href":"https:\/\/shumans-monini-stage.ccws.it\/fr-ch\/wp-json\/wp\/v2\/types\/page"}],"author":[{"embeddable":true,"href":"https:\/\/shumans-monini-stage.ccws.it\/fr-ch\/wp-json\/wp\/v2\/users\/3"}],"replies":[{"embeddable":true,"href":"https:\/\/shumans-monini-stage.ccws.it\/fr-ch\/wp-json\/wp\/v2\/comments?post=34897"}],"version-history":[{"count":1,"href":"https:\/\/shumans-monini-stage.ccws.it\/fr-ch\/wp-json\/wp\/v2\/pages\/34897\/revisions"}],"predecessor-version":[{"id":34898,"href":"https:\/\/shumans-monini-stage.ccws.it\/fr-ch\/wp-json\/wp\/v2\/pages\/34897\/revisions\/34898"}],"wp:featuredmedia":[{"embeddable":true,"href":"https:\/\/shumans-monini-stage.ccws.it\/fr-ch\/wp-json\/wp\/v2\/media\/6150"}],"wp:attachment":[{"href":"https:\/\/shumans-monini-stage.ccws.it\/fr-ch\/wp-json\/wp\/v2\/media?parent=34897"}],"curies":[{"name":"wp","href":"https:\/\/api.w.org\/{rel}","templated":true}]}}