{"id":34899,"date":"2025-06-20T16:42:00","date_gmt":"2025-06-20T14:42:00","guid":{"rendered":"https:\/\/shumans-monini-stage.ccws.it\/?page_id=34899"},"modified":"2025-08-19T11:39:51","modified_gmt":"2025-08-19T09:39:51","slug":"notre-philosophie","status":"publish","type":"page","link":"https:\/\/shumans-monini-stage.ccws.it\/fr-ch\/notre-philosophie\/","title":{"rendered":"Notre Philosophie"},"content":{"rendered":"\n<div class=\"wp-block-columns is-style-formatted\">\n<div class=\"wp-block-column\">\n<figure class=\"wp-block-image size-large\"><img loading=\"lazy\" decoding=\"async\" width=\"672\" height=\"1024\" src=\"https:\/\/shumans-monini-stage.ccws.it\/wp-content\/uploads\/2025\/06\/La_nostra_mission-672x1024.jpg\" alt=\"\" class=\"wp-image-751\" style=\"aspect-ratio:1;object-fit:cover\" srcset=\"https:\/\/shumans-monini-stage.ccws.it\/wp-content\/uploads\/2025\/06\/La_nostra_mission-672x1024.jpg 672w, https:\/\/shumans-monini-stage.ccws.it\/wp-content\/uploads\/2025\/06\/La_nostra_mission-197x300.jpg 197w, https:\/\/shumans-monini-stage.ccws.it\/wp-content\/uploads\/2025\/06\/La_nostra_mission.jpg 740w\" sizes=\"auto, (max-width: 672px) 100vw, 672px\" \/><\/figure>\n<\/div>\n\n\n\n<div class=\"wp-block-column is-vertically-aligned-center\">\n<h6 class=\"wp-block-heading\">notre mission<\/h6>\n\n\n\n<p><em>Notre objectif est de partager notre amour pour l\u2019huile d\u2019olive vierge extra sous la forme de produits de qualit\u00e9 sup\u00e9rieure avec notre saveur incomparable et immuable dans la conviction que seules les bonnes choses persistent et se distinguent.<\/em><\/p>\n\n\n\n<p>Le secret de qualit\u00e9 de nos huiles d\u2019olive extra vierge est pr\u00e9cis\u00e9ment leur saveur. C\u2019est pour cette raison qu\u2019en plus des r\u00e9sultats des tests de laboratoire, Zefferino Monini et son \u00e9quipe de confiance go\u00fbtent quotidiennement les huiles pour s\u00e9lectionner de bonnes huiles fra\u00eeches avec un go\u00fbt incomparable.<\/p>\n<\/div>\n<\/div>\n\n\n\n<div style=\"height:0.25em\" aria-hidden=\"true\" class=\"wp-block-spacer\"><\/div>\n\n\n\n<div class=\"wp-block-group is-style-spaced\"><div class=\"wp-block-group__inner-container\">\n<div class=\"wp-block-media-text has-media-on-the-right is-stacked-on-mobile\"><div class=\"wp-block-media-text__content\">\n<h6 class=\"wp-block-heading\">NOTRE MOD\u00c8LE D\u2019ORGANISATION<\/h6>\n\n\n\n<p>La soci\u00e9t\u00e9 Monini est engag\u00e9e \u00e0 appliquer des principes professionnels stricts de fiabilit\u00e9 et d\u2019authenticit\u00e9.<\/p>\n\n\n\n<p>L\u2019\u00e9thique est fondamentale et importante pour notre pratique commerciale et la preuve en est le Code Ethique que nous avons \u00e9labor\u00e9 en tant qu\u2019outil de bonne pratique de l\u2019entreprise con\u00e7u pour diffuser nos valeurs et les normes de comportement qui sous-tendent notre travail.<\/p>\n<\/div><figure class=\"wp-block-media-text__media\"><img loading=\"lazy\" decoding=\"async\" width=\"674\" height=\"1024\" src=\"https:\/\/shumans-monini-stage.ccws.it\/wp-content\/uploads\/2025\/07\/02@2x-6-1-674x1024.jpg\" alt=\"\" class=\"wp-image-20063 size-full\" srcset=\"https:\/\/shumans-monini-stage.ccws.it\/wp-content\/uploads\/2025\/07\/02@2x-6-1-674x1024.jpg 674w, https:\/\/shumans-monini-stage.ccws.it\/wp-content\/uploads\/2025\/07\/02@2x-6-1-460x700.jpg 460w, https:\/\/shumans-monini-stage.ccws.it\/wp-content\/uploads\/2025\/07\/02@2x-6-1.jpg 742w\" sizes=\"auto, (max-width: 674px) 100vw, 674px\" \/><\/figure><\/div>\n<\/div><\/div>\n","protected":false},"excerpt":{"rendered":"<p>La qualit\u00e9 qui a \u00e9t\u00e9 notre objectif depuis trois g\u00e9n\u00e9rations.<\/p>\n","protected":false},"author":3,"featured_media":6143,"parent":0,"menu_order":0,"comment_status":"closed","ping_status":"closed","template":"","meta":{"_acf_changed":false,"footnotes":""},"class_list":["post-34899","page","type-page","status-publish","has-post-thumbnail","hentry"],"yoast_head":"<!-- This site is optimized with the Yoast SEO plugin v25.8 - https:\/\/yoast.com\/wordpress\/plugins\/seo\/ -->\n<title>Notre Philosophie - Monini<\/title>\n<meta name=\"robots\" content=\"noindex, follow, max-snippet:-1, max-image-preview:large, max-video-preview:-1\" \/>\n<meta property=\"og:locale\" content=\"fr_FR\" \/>\n<meta property=\"og:type\" content=\"article\" \/>\n<meta property=\"og:title\" content=\"Notre Philosophie - Monini\" \/>\n<meta property=\"og:description\" content=\"La qualit\u00e9 qui a \u00e9t\u00e9 notre objectif depuis trois g\u00e9n\u00e9rations.\" \/>\n<meta property=\"og:url\" content=\"https:\/\/shumans-monini-stage.ccws.it\/fr-ch\/notre-philosophie\/\" \/>\n<meta property=\"og:site_name\" content=\"Monini\" \/>\n<meta property=\"article:publisher\" content=\"https:\/\/www.facebook.com\/MoniniOlio\/\" \/>\n<meta property=\"article:modified_time\" content=\"2025-08-19T09:39:51+00:00\" \/>\n<meta property=\"og:image\" content=\"https:\/\/shumans-monini-stage.ccws.it\/wp-content\/uploads\/2025\/06\/Header.jpg\" \/>\n\t<meta property=\"og:image:width\" content=\"1138\" \/>\n\t<meta property=\"og:image:height\" content=\"758\" \/>\n\t<meta property=\"og:image:type\" content=\"image\/jpeg\" \/>\n<meta name=\"twitter:card\" content=\"summary_large_image\" \/>\n<meta name=\"twitter:label1\" content=\"Est. reading time\" \/>\n\t<meta name=\"twitter:data1\" content=\"2 minutes\" \/>\n<script type=\"application\/ld+json\" class=\"yoast-schema-graph\">{\"@context\":\"https:\/\/schema.org\",\"@graph\":[{\"@type\":\"WebPage\",\"@id\":\"https:\/\/shumans-monini-stage.ccws.it\/fr-ch\/notre-philosophie\/\",\"url\":\"https:\/\/shumans-monini-stage.ccws.it\/fr-ch\/notre-philosophie\/\",\"name\":\"Notre Philosophie - Monini\",\"isPartOf\":{\"@id\":\"https:\/\/shumans-monini-stage.ccws.it\/fr-ch\/#website\"},\"primaryImageOfPage\":{\"@id\":\"https:\/\/shumans-monini-stage.ccws.it\/fr-ch\/notre-philosophie\/#primaryimage\"},\"image\":{\"@id\":\"https:\/\/shumans-monini-stage.ccws.it\/fr-ch\/notre-philosophie\/#primaryimage\"},\"thumbnailUrl\":\"https:\/\/shumans-monini-stage.ccws.it\/wp-content\/uploads\/2025\/06\/Header.jpg\",\"datePublished\":\"2025-06-20T14:42:00+00:00\",\"dateModified\":\"2025-08-19T09:39:51+00:00\",\"breadcrumb\":{\"@id\":\"https:\/\/shumans-monini-stage.ccws.it\/fr-ch\/notre-philosophie\/#breadcrumb\"},\"inLanguage\":\"fr-CH\",\"potentialAction\":[{\"@type\":\"ReadAction\",\"target\":[\"https:\/\/shumans-monini-stage.ccws.it\/fr-ch\/notre-philosophie\/\"]}]},{\"@type\":\"ImageObject\",\"inLanguage\":\"fr-CH\",\"@id\":\"https:\/\/shumans-monini-stage.ccws.it\/fr-ch\/notre-philosophie\/#primaryimage\",\"url\":\"https:\/\/shumans-monini-stage.ccws.it\/wp-content\/uploads\/2025\/06\/Header.jpg\",\"contentUrl\":\"https:\/\/shumans-monini-stage.ccws.it\/wp-content\/uploads\/2025\/06\/Header.jpg\",\"width\":1138,\"height\":758},{\"@type\":\"BreadcrumbList\",\"@id\":\"https:\/\/shumans-monini-stage.ccws.it\/fr-ch\/notre-philosophie\/#breadcrumb\",\"itemListElement\":[{\"@type\":\"ListItem\",\"position\":1,\"name\":\"Home\",\"item\":\"https:\/\/shumans-monini-stage.ccws.it\/fr-ch\/\"},{\"@type\":\"ListItem\",\"position\":2,\"name\":\"Notre Philosophie\"}]},{\"@type\":\"WebSite\",\"@id\":\"https:\/\/shumans-monini-stage.ccws.it\/fr-ch\/#website\",\"url\":\"https:\/\/shumans-monini-stage.ccws.it\/fr-ch\/\",\"name\":\"Monini\",\"description\":\"Una spremuta di olive\",\"potentialAction\":[{\"@type\":\"SearchAction\",\"target\":{\"@type\":\"EntryPoint\",\"urlTemplate\":\"https:\/\/shumans-monini-stage.ccws.it\/fr-ch\/?s={search_term_string}\"},\"query-input\":{\"@type\":\"PropertyValueSpecification\",\"valueRequired\":true,\"valueName\":\"search_term_string\"}}],\"inLanguage\":\"fr-CH\"}]}<\/script>\n<!-- \/ Yoast SEO plugin. -->","yoast_head_json":{"title":"Notre Philosophie - Monini","robots":{"index":"noindex","follow":"follow","max-snippet":"max-snippet:-1","max-image-preview":"max-image-preview:large","max-video-preview":"max-video-preview:-1"},"og_locale":"fr_FR","og_type":"article","og_title":"Notre Philosophie - Monini","og_description":"La qualit\u00e9 qui a \u00e9t\u00e9 notre objectif depuis trois g\u00e9n\u00e9rations.","og_url":"https:\/\/shumans-monini-stage.ccws.it\/fr-ch\/notre-philosophie\/","og_site_name":"Monini","article_publisher":"https:\/\/www.facebook.com\/MoniniOlio\/","article_modified_time":"2025-08-19T09:39:51+00:00","og_image":[{"width":1138,"height":758,"url":"https:\/\/shumans-monini-stage.ccws.it\/wp-content\/uploads\/2025\/06\/Header.jpg","type":"image\/jpeg"}],"twitter_card":"summary_large_image","twitter_misc":{"Est. reading time":"2 minutes"},"schema":{"@context":"https:\/\/schema.org","@graph":[{"@type":"WebPage","@id":"https:\/\/shumans-monini-stage.ccws.it\/fr-ch\/notre-philosophie\/","url":"https:\/\/shumans-monini-stage.ccws.it\/fr-ch\/notre-philosophie\/","name":"Notre Philosophie - Monini","isPartOf":{"@id":"https:\/\/shumans-monini-stage.ccws.it\/fr-ch\/#website"},"primaryImageOfPage":{"@id":"https:\/\/shumans-monini-stage.ccws.it\/fr-ch\/notre-philosophie\/#primaryimage"},"image":{"@id":"https:\/\/shumans-monini-stage.ccws.it\/fr-ch\/notre-philosophie\/#primaryimage"},"thumbnailUrl":"https:\/\/shumans-monini-stage.ccws.it\/wp-content\/uploads\/2025\/06\/Header.jpg","datePublished":"2025-06-20T14:42:00+00:00","dateModified":"2025-08-19T09:39:51+00:00","breadcrumb":{"@id":"https:\/\/shumans-monini-stage.ccws.it\/fr-ch\/notre-philosophie\/#breadcrumb"},"inLanguage":"fr-CH","potentialAction":[{"@type":"ReadAction","target":["https:\/\/shumans-monini-stage.ccws.it\/fr-ch\/notre-philosophie\/"]}]},{"@type":"ImageObject","inLanguage":"fr-CH","@id":"https:\/\/shumans-monini-stage.ccws.it\/fr-ch\/notre-philosophie\/#primaryimage","url":"https:\/\/shumans-monini-stage.ccws.it\/wp-content\/uploads\/2025\/06\/Header.jpg","contentUrl":"https:\/\/shumans-monini-stage.ccws.it\/wp-content\/uploads\/2025\/06\/Header.jpg","width":1138,"height":758},{"@type":"BreadcrumbList","@id":"https:\/\/shumans-monini-stage.ccws.it\/fr-ch\/notre-philosophie\/#breadcrumb","itemListElement":[{"@type":"ListItem","position":1,"name":"Home","item":"https:\/\/shumans-monini-stage.ccws.it\/fr-ch\/"},{"@type":"ListItem","position":2,"name":"Notre Philosophie"}]},{"@type":"WebSite","@id":"https:\/\/shumans-monini-stage.ccws.it\/fr-ch\/#website","url":"https:\/\/shumans-monini-stage.ccws.it\/fr-ch\/","name":"Monini","description":"Una spremuta di olive","potentialAction":[{"@type":"SearchAction","target":{"@type":"EntryPoint","urlTemplate":"https:\/\/shumans-monini-stage.ccws.it\/fr-ch\/?s={search_term_string}"},"query-input":{"@type":"PropertyValueSpecification","valueRequired":true,"valueName":"search_term_string"}}],"inLanguage":"fr-CH"}]}},"acf":[],"_links":{"self":[{"href":"https:\/\/shumans-monini-stage.ccws.it\/fr-ch\/wp-json\/wp\/v2\/pages\/34899","targetHints":{"allow":["GET"]}}],"collection":[{"href":"https:\/\/shumans-monini-stage.ccws.it\/fr-ch\/wp-json\/wp\/v2\/pages"}],"about":[{"href":"https:\/\/shumans-monini-stage.ccws.it\/fr-ch\/wp-json\/wp\/v2\/types\/page"}],"author":[{"embeddable":true,"href":"https:\/\/shumans-monini-stage.ccws.it\/fr-ch\/wp-json\/wp\/v2\/users\/3"}],"replies":[{"embeddable":true,"href":"https:\/\/shumans-monini-stage.ccws.it\/fr-ch\/wp-json\/wp\/v2\/comments?post=34899"}],"version-history":[{"count":1,"href":"https:\/\/shumans-monini-stage.ccws.it\/fr-ch\/wp-json\/wp\/v2\/pages\/34899\/revisions"}],"predecessor-version":[{"id":34900,"href":"https:\/\/shumans-monini-stage.ccws.it\/fr-ch\/wp-json\/wp\/v2\/pages\/34899\/revisions\/34900"}],"wp:featuredmedia":[{"embeddable":true,"href":"https:\/\/shumans-monini-stage.ccws.it\/fr-ch\/wp-json\/wp\/v2\/media\/6143"}],"wp:attachment":[{"href":"https:\/\/shumans-monini-stage.ccws.it\/fr-ch\/wp-json\/wp\/v2\/media?parent=34899"}],"curies":[{"name":"wp","href":"https:\/\/api.w.org\/{rel}","templated":true}]}}