{"id":20155,"date":"2025-05-28T17:50:13","date_gmt":"2025-05-28T15:50:13","guid":{"rendered":"https:\/\/shumans-monini-stage.ccws.it\/?post_type=product&#038;p=20155"},"modified":"2025-08-19T11:47:48","modified_gmt":"2025-08-19T09:47:48","slug":"classico","status":"publish","type":"product","link":"https:\/\/shumans-monini-stage.ccws.it\/fr-ch\/product\/classico\/","title":{"rendered":"Classico"},"content":{"rendered":"\n<div class=\"wp-block-group is-style-spaced\"><div class=\"wp-block-group__inner-container\">\n<h6 class=\"wp-block-heading\">Natives Oliven\u00f6l Extra<\/h6>\n\n\n\n<div style=\"height:0.1em\" aria-hidden=\"true\" class=\"wp-block-spacer\"><\/div>\n\n\n\n<p>Monini Classico \u2013&nbsp;Natives Oliven\u00f6l Extra ist eine Auslese von reifen Oliven mit einem ausgewogenen Charakter. Classico ist dank seiner ausgewogenen und harmonischen Geschmacksmerkmale und seinem intensiven, vielschichtigen Aroma leicht zu erkennen. So erg\u00e4nzt es jedes Gericht optimal. &nbsp;Daher ist Classico das meistverkaufte Native Oliven\u00f6l Extra in Italien. Ein echter Spitzenreiter (Quelle: Nielsen Italy, Dez. 2017).<\/p>\n<\/div><\/div>\n\n\n\n<div style=\"height:0.5em\" aria-hidden=\"true\" class=\"wp-block-spacer\"><\/div>\n\n\n    <section class=\"banner-link \">\n        <div class=\"banner-wrapper\">\n\t\t\t\t\t<div>\n\t\t\t\t\t    <h6 class=\"banner-category\">Guide de degustation<\/h6>\n              <h2 class=\"banner-title\">Les sept r\u00e8gles d&#8217;or<\/h2>\t\t\t\t\t\t\n\t\t\t\t\t<\/div>\n\t\t\t\t\t<div>\n\t\t\t\t\t\t<a href=\"https:\/\/shumans-monini-stage.ccws.it\/fr-ch\/article\/les-sept-regles-dor\/\" title=\"En savoir plus\" class=\"btn btn-primary\">\n\t\t\t\t\t\t\t<span>En savoir plus<\/span>\n\t\t\t\t\t\t<\/a>\n\t\t\t\t\t<\/div>\n        <\/div>\n    <\/section>\n\n\n\n<div style=\"height:1em\" aria-hidden=\"true\" class=\"wp-block-spacer\"><\/div>\n\n\n\n<figure class=\"wp-block-image size-full\"><img loading=\"lazy\" decoding=\"async\" width=\"1500\" height=\"844\" src=\"https:\/\/shumans-monini-stage.ccws.it\/wp-content\/uploads\/2025\/06\/olive8.jpg\" alt=\"\" class=\"wp-image-721\" style=\"aspect-ratio:16\/9;object-fit:cover\" srcset=\"https:\/\/shumans-monini-stage.ccws.it\/wp-content\/uploads\/2025\/06\/olive8.jpg 1500w, https:\/\/shumans-monini-stage.ccws.it\/wp-content\/uploads\/2025\/06\/olive8-300x169.jpg 300w, https:\/\/shumans-monini-stage.ccws.it\/wp-content\/uploads\/2025\/06\/olive8-1024x576.jpg 1024w, https:\/\/shumans-monini-stage.ccws.it\/wp-content\/uploads\/2025\/06\/olive8-768x432.jpg 768w\" sizes=\"auto, (max-width: 1500px) 100vw, 1500px\" \/><\/figure>\n\n\n\n<div style=\"height:1em\" aria-hidden=\"true\" class=\"wp-block-spacer\"><\/div>\n\n\n\n<p><\/p>\n","protected":false},"excerpt":{"rendered":"<p>Classico, huile d\u2019olive vierge extra 100% italienne. Avec une saveur vraiment \u00e9quilibr\u00e9e, elle compl\u00e8te vraiment n\u2019importe quel plat et est toujours un favori des consommateurs.  Classico est l\u2019huile d\u2019olive vierge extra la plus vendue sur le march\u00e9 italien. Un vrai num\u00e9ro 1* !<\/p>\n<p>*source : Nielsen Italy \u2013 D\u00e9c. 2018<\/p>\n","protected":false},"author":5,"featured_media":3844,"menu_order":0,"template":"","meta":{"_acf_changed":false,"footnotes":""},"tags":[],"cat_product":[396],"class_list":["post-20155","product","type-product","status-publish","has-post-thumbnail","hentry","cat_product-huiles-dolive-vierge-extra-fr-ch"],"yoast_head":"<!-- This site is optimized with the Yoast SEO plugin v25.8 - https:\/\/yoast.com\/wordpress\/plugins\/seo\/ -->\n<title>Classico - Monini<\/title>\n<meta name=\"robots\" content=\"noindex, follow, max-snippet:-1, max-image-preview:large, max-video-preview:-1\" \/>\n<meta property=\"og:locale\" content=\"fr_FR\" \/>\n<meta property=\"og:type\" content=\"article\" \/>\n<meta property=\"og:title\" content=\"Classico - Monini\" \/>\n<meta property=\"og:description\" content=\"Classico, huile d\u2019olive vierge extra 100% italienne. Avec une saveur vraiment \u00e9quilibr\u00e9e, elle compl\u00e8te vraiment n\u2019importe quel plat et est toujours un favori des consommateurs. Classico est l\u2019huile d\u2019olive vierge extra la plus vendue sur le march\u00e9 italien. Un vrai num\u00e9ro 1* ! *source : Nielsen Italy \u2013 D\u00e9c. 2018\" \/>\n<meta property=\"og:url\" content=\"https:\/\/shumans-monini-stage.ccws.it\/fr-ch\/product\/classico\/\" \/>\n<meta property=\"og:site_name\" content=\"Monini\" \/>\n<meta property=\"article:publisher\" content=\"https:\/\/www.facebook.com\/MoniniOlio\/\" \/>\n<meta property=\"article:modified_time\" content=\"2025-08-19T09:47:48+00:00\" \/>\n<meta property=\"og:image\" content=\"https:\/\/shumans-monini-stage.ccws.it\/wp-content\/uploads\/2025\/05\/classico-1.png\" \/>\n\t<meta property=\"og:image:width\" content=\"1024\" \/>\n\t<meta property=\"og:image:height\" content=\"1280\" \/>\n\t<meta property=\"og:image:type\" content=\"image\/png\" \/>\n<meta name=\"twitter:card\" content=\"summary_large_image\" \/>\n<meta name=\"twitter:label1\" content=\"Est. reading time\" \/>\n\t<meta name=\"twitter:data1\" content=\"1 minute\" \/>\n<script type=\"application\/ld+json\" class=\"yoast-schema-graph\">{\"@context\":\"https:\/\/schema.org\",\"@graph\":[{\"@type\":\"WebPage\",\"@id\":\"https:\/\/shumans-monini-stage.ccws.it\/fr-ch\/product\/classico\/\",\"url\":\"https:\/\/shumans-monini-stage.ccws.it\/fr-ch\/product\/classico\/\",\"name\":\"Classico - Monini\",\"isPartOf\":{\"@id\":\"https:\/\/shumans-monini-stage.ccws.it\/fr-ch\/#website\"},\"primaryImageOfPage\":{\"@id\":\"https:\/\/shumans-monini-stage.ccws.it\/fr-ch\/product\/classico\/#primaryimage\"},\"image\":{\"@id\":\"https:\/\/shumans-monini-stage.ccws.it\/fr-ch\/product\/classico\/#primaryimage\"},\"thumbnailUrl\":\"https:\/\/shumans-monini-stage.ccws.it\/wp-content\/uploads\/2025\/05\/classico-1.png\",\"datePublished\":\"2025-05-28T15:50:13+00:00\",\"dateModified\":\"2025-08-19T09:47:48+00:00\",\"breadcrumb\":{\"@id\":\"https:\/\/shumans-monini-stage.ccws.it\/fr-ch\/product\/classico\/#breadcrumb\"},\"inLanguage\":\"fr-CH\",\"potentialAction\":[{\"@type\":\"ReadAction\",\"target\":[\"https:\/\/shumans-monini-stage.ccws.it\/fr-ch\/product\/classico\/\"]}]},{\"@type\":\"ImageObject\",\"inLanguage\":\"fr-CH\",\"@id\":\"https:\/\/shumans-monini-stage.ccws.it\/fr-ch\/product\/classico\/#primaryimage\",\"url\":\"https:\/\/shumans-monini-stage.ccws.it\/wp-content\/uploads\/2025\/05\/classico-1.png\",\"contentUrl\":\"https:\/\/shumans-monini-stage.ccws.it\/wp-content\/uploads\/2025\/05\/classico-1.png\",\"width\":1024,\"height\":1280},{\"@type\":\"BreadcrumbList\",\"@id\":\"https:\/\/shumans-monini-stage.ccws.it\/fr-ch\/product\/classico\/#breadcrumb\",\"itemListElement\":[{\"@type\":\"ListItem\",\"position\":1,\"name\":\"Home\",\"item\":\"https:\/\/shumans-monini-stage.ccws.it\/fr-ch\/\"},{\"@type\":\"ListItem\",\"position\":2,\"name\":\"Produits\",\"item\":\"https:\/\/shumans-monini-stage.ccws.it\/fr-ch\/product\/\"},{\"@type\":\"ListItem\",\"position\":3,\"name\":\"Classico\"}]},{\"@type\":\"WebSite\",\"@id\":\"https:\/\/shumans-monini-stage.ccws.it\/fr-ch\/#website\",\"url\":\"https:\/\/shumans-monini-stage.ccws.it\/fr-ch\/\",\"name\":\"Monini\",\"description\":\"Una spremuta di olive\",\"potentialAction\":[{\"@type\":\"SearchAction\",\"target\":{\"@type\":\"EntryPoint\",\"urlTemplate\":\"https:\/\/shumans-monini-stage.ccws.it\/fr-ch\/?s={search_term_string}\"},\"query-input\":{\"@type\":\"PropertyValueSpecification\",\"valueRequired\":true,\"valueName\":\"search_term_string\"}}],\"inLanguage\":\"fr-CH\"}]}<\/script>\n<!-- \/ Yoast SEO plugin. -->","yoast_head_json":{"title":"Classico - Monini","robots":{"index":"noindex","follow":"follow","max-snippet":"max-snippet:-1","max-image-preview":"max-image-preview:large","max-video-preview":"max-video-preview:-1"},"og_locale":"fr_FR","og_type":"article","og_title":"Classico - Monini","og_description":"Classico, huile d\u2019olive vierge extra 100% italienne. Avec une saveur vraiment \u00e9quilibr\u00e9e, elle compl\u00e8te vraiment n\u2019importe quel plat et est toujours un favori des consommateurs. Classico est l\u2019huile d\u2019olive vierge extra la plus vendue sur le march\u00e9 italien. Un vrai num\u00e9ro 1* ! *source : Nielsen Italy \u2013 D\u00e9c. 2018","og_url":"https:\/\/shumans-monini-stage.ccws.it\/fr-ch\/product\/classico\/","og_site_name":"Monini","article_publisher":"https:\/\/www.facebook.com\/MoniniOlio\/","article_modified_time":"2025-08-19T09:47:48+00:00","og_image":[{"width":1024,"height":1280,"url":"https:\/\/shumans-monini-stage.ccws.it\/wp-content\/uploads\/2025\/05\/classico-1.png","type":"image\/png"}],"twitter_card":"summary_large_image","twitter_misc":{"Est. reading time":"1 minute"},"schema":{"@context":"https:\/\/schema.org","@graph":[{"@type":"WebPage","@id":"https:\/\/shumans-monini-stage.ccws.it\/fr-ch\/product\/classico\/","url":"https:\/\/shumans-monini-stage.ccws.it\/fr-ch\/product\/classico\/","name":"Classico - Monini","isPartOf":{"@id":"https:\/\/shumans-monini-stage.ccws.it\/fr-ch\/#website"},"primaryImageOfPage":{"@id":"https:\/\/shumans-monini-stage.ccws.it\/fr-ch\/product\/classico\/#primaryimage"},"image":{"@id":"https:\/\/shumans-monini-stage.ccws.it\/fr-ch\/product\/classico\/#primaryimage"},"thumbnailUrl":"https:\/\/shumans-monini-stage.ccws.it\/wp-content\/uploads\/2025\/05\/classico-1.png","datePublished":"2025-05-28T15:50:13+00:00","dateModified":"2025-08-19T09:47:48+00:00","breadcrumb":{"@id":"https:\/\/shumans-monini-stage.ccws.it\/fr-ch\/product\/classico\/#breadcrumb"},"inLanguage":"fr-CH","potentialAction":[{"@type":"ReadAction","target":["https:\/\/shumans-monini-stage.ccws.it\/fr-ch\/product\/classico\/"]}]},{"@type":"ImageObject","inLanguage":"fr-CH","@id":"https:\/\/shumans-monini-stage.ccws.it\/fr-ch\/product\/classico\/#primaryimage","url":"https:\/\/shumans-monini-stage.ccws.it\/wp-content\/uploads\/2025\/05\/classico-1.png","contentUrl":"https:\/\/shumans-monini-stage.ccws.it\/wp-content\/uploads\/2025\/05\/classico-1.png","width":1024,"height":1280},{"@type":"BreadcrumbList","@id":"https:\/\/shumans-monini-stage.ccws.it\/fr-ch\/product\/classico\/#breadcrumb","itemListElement":[{"@type":"ListItem","position":1,"name":"Home","item":"https:\/\/shumans-monini-stage.ccws.it\/fr-ch\/"},{"@type":"ListItem","position":2,"name":"Produits","item":"https:\/\/shumans-monini-stage.ccws.it\/fr-ch\/product\/"},{"@type":"ListItem","position":3,"name":"Classico"}]},{"@type":"WebSite","@id":"https:\/\/shumans-monini-stage.ccws.it\/fr-ch\/#website","url":"https:\/\/shumans-monini-stage.ccws.it\/fr-ch\/","name":"Monini","description":"Una spremuta di olive","potentialAction":[{"@type":"SearchAction","target":{"@type":"EntryPoint","urlTemplate":"https:\/\/shumans-monini-stage.ccws.it\/fr-ch\/?s={search_term_string}"},"query-input":{"@type":"PropertyValueSpecification","valueRequired":true,"valueName":"search_term_string"}}],"inLanguage":"fr-CH"}]}},"acf":[],"_links":{"self":[{"href":"https:\/\/shumans-monini-stage.ccws.it\/fr-ch\/wp-json\/wp\/v2\/product\/20155","targetHints":{"allow":["GET"]}}],"collection":[{"href":"https:\/\/shumans-monini-stage.ccws.it\/fr-ch\/wp-json\/wp\/v2\/product"}],"about":[{"href":"https:\/\/shumans-monini-stage.ccws.it\/fr-ch\/wp-json\/wp\/v2\/types\/product"}],"author":[{"embeddable":true,"href":"https:\/\/shumans-monini-stage.ccws.it\/fr-ch\/wp-json\/wp\/v2\/users\/5"}],"version-history":[{"count":1,"href":"https:\/\/shumans-monini-stage.ccws.it\/fr-ch\/wp-json\/wp\/v2\/product\/20155\/revisions"}],"predecessor-version":[{"id":34911,"href":"https:\/\/shumans-monini-stage.ccws.it\/fr-ch\/wp-json\/wp\/v2\/product\/20155\/revisions\/34911"}],"wp:featuredmedia":[{"embeddable":true,"href":"https:\/\/shumans-monini-stage.ccws.it\/fr-ch\/wp-json\/wp\/v2\/media\/3844"}],"wp:attachment":[{"href":"https:\/\/shumans-monini-stage.ccws.it\/fr-ch\/wp-json\/wp\/v2\/media?parent=20155"}],"wp:term":[{"taxonomy":"post_tag","embeddable":true,"href":"https:\/\/shumans-monini-stage.ccws.it\/fr-ch\/wp-json\/wp\/v2\/tags?post=20155"},{"taxonomy":"cat_product","embeddable":true,"href":"https:\/\/shumans-monini-stage.ccws.it\/fr-ch\/wp-json\/wp\/v2\/cat_product?post=20155"}],"curies":[{"name":"wp","href":"https:\/\/api.w.org\/{rel}","templated":true}]}}