{"id":34930,"date":"2025-06-05T09:25:43","date_gmt":"2025-06-05T07:25:43","guid":{"rendered":"https:\/\/shumans-monini-stage.ccws.it\/?post_type=product&#038;p=34930"},"modified":"2025-08-19T11:56:47","modified_gmt":"2025-08-19T09:56:47","slug":"granfruttato","status":"publish","type":"product","link":"https:\/\/shumans-monini-stage.ccws.it\/fr-ch\/product\/granfruttato\/","title":{"rendered":"Granfruttato"},"content":{"rendered":"\n<div class=\"wp-block-group is-style-spaced\"><div class=\"wp-block-group__inner-container\">\n<h6 class=\"wp-block-heading\">LA RECETTE POUR UN GO\u00dbT EXTRAORDINAIRE<\/h6>\n\n\n\n<p>L\u2019huile d\u2019olive vierge extra GranFruttato est la fiert\u00e9 de la production de Monini. Elle est d\u00e9di\u00e9 aux consommateurs les plus exigeants qui pr\u00e9f\u00e8rent une saveur intense et forte.<\/p>\n\n\n\n<p>Le go\u00fbt piquant distinct est d\u00fb \u00e0 la teneur riche en polyph\u00e9nols, puissants antioxydants naturels auxquels la m\u00e9decine moderne attribue un r\u00f4le fondamental dans la d\u00e9fense&nbsp;de l\u2019organisme contre l\u2019oxydation et donc contre le vieillissement cellulaire.<\/p>\n\n\n\n<p>Pour ses caract\u00e9ristiques exceptionnelles, elle devrait \u00eatre utilis\u00e9 cru, o\u00f9 seules quelques gouttes peuvent enrichir les aliments. Un produit dans lequel l\u2019art de l\u2019huile d\u2019olive trouve son expression maximale.<\/p>\n\n\n\n<p>Id\u00e9ale \u00e0 froid en assaisonnement ou en filet sur un plat chaud.<\/p>\n<\/div><\/div>\n\n\n\n<div style=\"height:50px\" aria-hidden=\"true\" class=\"wp-block-spacer\"><\/div>\n\n\n\n<div class=\"wp-block-group is-style-spaced\"><div class=\"wp-block-group__inner-container\">\n<h6 class=\"wp-block-heading\">SUGGESTIONS DE SERVICE<\/h6>\n\n\n\n<div style=\"height:0.25em\" aria-hidden=\"true\" class=\"wp-block-spacer\"><\/div>\n\n\n\n<div class=\"wp-block-columns are-vertically-aligned-top is-style-default\">\n<div class=\"wp-block-column is-vertically-aligned-top\"><div class=\"wp-block-image\">\n<figure class=\"aligncenter size-full\"><img loading=\"lazy\" decoding=\"async\" width=\"120\" height=\"120\" src=\"https:\/\/shumans-monini-stage.ccws.it\/wp-content\/uploads\/2025\/06\/icn_insalata@2X.png\" alt=\"\" class=\"wp-image-2310\"\/><figcaption class=\"wp-element-caption\">L\u00e9gumes<\/figcaption><\/figure>\n<\/div><\/div>\n\n\n\n<div class=\"wp-block-column is-vertically-aligned-top\"><div class=\"wp-block-image\">\n<figure class=\"aligncenter size-full\"><img loading=\"lazy\" decoding=\"async\" width=\"120\" height=\"120\" src=\"https:\/\/shumans-monini-stage.ccws.it\/wp-content\/uploads\/2025\/06\/icn_legumi@2X-1.png\" alt=\"\" class=\"wp-image-2249\"\/><figcaption class=\"wp-element-caption\">L\u00e9gumineuses<\/figcaption><\/figure>\n<\/div><\/div>\n\n\n\n<div class=\"wp-block-column is-vertically-aligned-top\"><div class=\"wp-block-image\">\n<figure class=\"aligncenter size-full\"><img loading=\"lazy\" decoding=\"async\" width=\"120\" height=\"120\" src=\"https:\/\/shumans-monini-stage.ccws.it\/wp-content\/uploads\/2025\/06\/icn_per-vapore@2X.png\" alt=\"\" class=\"wp-image-2329\"\/><figcaption class=\"wp-element-caption\">Pour des aliments \u00e0 la vapeur<\/figcaption><\/figure>\n<\/div><\/div>\n\n\n\n<div class=\"wp-block-column is-vertically-aligned-top\"><div class=\"wp-block-image\">\n<figure class=\"aligncenter size-full\"><img loading=\"lazy\" decoding=\"async\" width=\"120\" height=\"120\" src=\"https:\/\/shumans-monini-stage.ccws.it\/wp-content\/uploads\/2025\/08\/icn_carnerossa@2X.png\" alt=\"\" class=\"wp-image-34284\"\/><figcaption class=\"wp-element-caption\">Viandes rouges<\/figcaption><\/figure>\n<\/div><\/div>\n<\/div>\n\n\n\n<div style=\"height:0.1em\" aria-hidden=\"true\" class=\"wp-block-spacer\"><\/div>\n\n\n\n<p>Tr\u00e8s parfum\u00e9 lorsqu\u2019elle est utilis\u00e9 crue et c\u2019est un compl\u00e9ment parfait pour enrichir le go\u00fbt de vos recettes.Elle est tr\u00e8s savoureux sur des bruschetta (pain grill\u00e9), des salades, des l\u00e9gumes crus et cuits, des rago\u00fbts et o\u00f9 un riche go\u00fbt d\u2019olive s\u2019impose.<\/p>\n<\/div><\/div>\n\n\n\n<div class=\"wp-block-group is-style-spaced\"><div class=\"wp-block-group__inner-container\">\n<div style=\"height:0.25em\" aria-hidden=\"true\" class=\"wp-block-spacer\"><\/div>\n<\/div><\/div>\n\n\n    <section class=\"banner-link \">\n        <div class=\"banner-wrapper\">\n\t\t\t\t\t<div>\n\t\t\t\t\t    <h6 class=\"banner-category\">Savoir comment choisir l&#039;huile<\/h6>\n              <h2 class=\"banner-title\">Le bien-\u00eatre dans l&#8217;huile vierge extra<\/h2>\t\t\t\t\t\t\n\t\t\t\t\t<\/div>\n\t\t\t\t\t<div>\n\t\t\t\t\t\t<a href=\"https:\/\/shumans-monini-stage.ccws.it\/fr-ch\/article\/le-bien-etre-dans-lhuile-vierge-extra\/\" title=\"En savoir plus\" class=\"btn btn-primary\">\n\t\t\t\t\t\t\t<span>En savoir plus<\/span>\n\t\t\t\t\t\t<\/a>\n\t\t\t\t\t<\/div>\n        <\/div>\n    <\/section>\n","protected":false},"excerpt":{"rendered":"<p>GranFruttato est une huile d\u2019olive vierge extra 100 % italienne.<br \/>\nL\u2019huile d\u2019olive vierge extra GranFruttato est la fiert\u00e9 de la production de Monini. Elle est d\u00e9di\u00e9 aux consommateurs les plus exigeants qui pr\u00e9f\u00e8rent une saveur intense et forte. Le go\u00fbt piquant distinct est d\u00fb \u00e0 la teneur riche en polyph\u00e9nols, puissants antioxydants naturels auxquels la m\u00e9decine moderne attribue un r\u00f4le fondamental dans la d\u00e9fense<br \/>\nde l\u2019organisme contre l\u2019oxydation et donc contre le vieillissement cellulaire.<br \/>\nPour ses caract\u00e9ristiques exceptionnelles, elle devrait \u00eatre utilis\u00e9 cru, o\u00f9 seules quelques gouttes peuvent enrichir les aliments. Un produit dans lequel l\u2019art de l\u2019huile d\u2019olive trouve son expression maximale.<\/p>\n","protected":false},"author":3,"featured_media":13142,"menu_order":1,"template":"","meta":{"_acf_changed":false,"footnotes":""},"tags":[],"cat_product":[396],"class_list":["post-34930","product","type-product","status-publish","has-post-thumbnail","hentry","cat_product-huiles-dolive-vierge-extra-fr-ch"],"yoast_head":"<!-- This site is optimized with the Yoast SEO plugin v25.8 - https:\/\/yoast.com\/wordpress\/plugins\/seo\/ -->\n<title>Granfruttato - Monini<\/title>\n<meta name=\"robots\" content=\"noindex, follow, max-snippet:-1, max-image-preview:large, max-video-preview:-1\" \/>\n<meta property=\"og:locale\" content=\"fr_FR\" \/>\n<meta property=\"og:type\" content=\"article\" \/>\n<meta property=\"og:title\" content=\"Granfruttato - Monini\" \/>\n<meta property=\"og:description\" content=\"GranFruttato est une huile d\u2019olive vierge extra 100 % italienne. L\u2019huile d\u2019olive vierge extra GranFruttato est la fiert\u00e9 de la production de Monini. Elle est d\u00e9di\u00e9 aux consommateurs les plus exigeants qui pr\u00e9f\u00e8rent une saveur intense et forte. Le go\u00fbt piquant distinct est d\u00fb \u00e0 la teneur riche en polyph\u00e9nols, puissants antioxydants naturels auxquels la m\u00e9decine moderne attribue un r\u00f4le fondamental dans la d\u00e9fense de l\u2019organisme contre l\u2019oxydation et donc contre le vieillissement cellulaire. Pour ses caract\u00e9ristiques exceptionnelles, elle devrait \u00eatre utilis\u00e9 cru, o\u00f9 seules quelques gouttes peuvent enrichir les aliments. Un produit dans lequel l\u2019art de l\u2019huile d\u2019olive trouve son expression maximale.\" \/>\n<meta property=\"og:url\" content=\"https:\/\/shumans-monini-stage.ccws.it\/fr-ch\/product\/granfruttato\/\" \/>\n<meta property=\"og:site_name\" content=\"Monini\" \/>\n<meta property=\"article:publisher\" content=\"https:\/\/www.facebook.com\/MoniniOlio\/\" \/>\n<meta property=\"article:modified_time\" content=\"2025-08-19T09:56:47+00:00\" \/>\n<meta property=\"og:image\" content=\"https:\/\/shumans-monini-stage.ccws.it\/wp-content\/uploads\/2025\/06\/gf-fra.png\" \/>\n\t<meta property=\"og:image:width\" content=\"1024\" \/>\n\t<meta property=\"og:image:height\" content=\"1280\" \/>\n\t<meta property=\"og:image:type\" content=\"image\/png\" \/>\n<meta name=\"twitter:card\" content=\"summary_large_image\" \/>\n<meta name=\"twitter:label1\" content=\"Est. reading time\" \/>\n\t<meta name=\"twitter:data1\" content=\"2 minutes\" \/>\n<script type=\"application\/ld+json\" class=\"yoast-schema-graph\">{\"@context\":\"https:\/\/schema.org\",\"@graph\":[{\"@type\":\"WebPage\",\"@id\":\"https:\/\/shumans-monini-stage.ccws.it\/fr-ch\/product\/granfruttato\/\",\"url\":\"https:\/\/shumans-monini-stage.ccws.it\/fr-ch\/product\/granfruttato\/\",\"name\":\"Granfruttato - Monini\",\"isPartOf\":{\"@id\":\"https:\/\/shumans-monini-stage.ccws.it\/fr-ch\/#website\"},\"primaryImageOfPage\":{\"@id\":\"https:\/\/shumans-monini-stage.ccws.it\/fr-ch\/product\/granfruttato\/#primaryimage\"},\"image\":{\"@id\":\"https:\/\/shumans-monini-stage.ccws.it\/fr-ch\/product\/granfruttato\/#primaryimage\"},\"thumbnailUrl\":\"https:\/\/shumans-monini-stage.ccws.it\/wp-content\/uploads\/2025\/06\/gf-fra.png\",\"datePublished\":\"2025-06-05T07:25:43+00:00\",\"dateModified\":\"2025-08-19T09:56:47+00:00\",\"breadcrumb\":{\"@id\":\"https:\/\/shumans-monini-stage.ccws.it\/fr-ch\/product\/granfruttato\/#breadcrumb\"},\"inLanguage\":\"fr-CH\",\"potentialAction\":[{\"@type\":\"ReadAction\",\"target\":[\"https:\/\/shumans-monini-stage.ccws.it\/fr-ch\/product\/granfruttato\/\"]}]},{\"@type\":\"ImageObject\",\"inLanguage\":\"fr-CH\",\"@id\":\"https:\/\/shumans-monini-stage.ccws.it\/fr-ch\/product\/granfruttato\/#primaryimage\",\"url\":\"https:\/\/shumans-monini-stage.ccws.it\/wp-content\/uploads\/2025\/06\/gf-fra.png\",\"contentUrl\":\"https:\/\/shumans-monini-stage.ccws.it\/wp-content\/uploads\/2025\/06\/gf-fra.png\",\"width\":1024,\"height\":1280},{\"@type\":\"BreadcrumbList\",\"@id\":\"https:\/\/shumans-monini-stage.ccws.it\/fr-ch\/product\/granfruttato\/#breadcrumb\",\"itemListElement\":[{\"@type\":\"ListItem\",\"position\":1,\"name\":\"Home\",\"item\":\"https:\/\/shumans-monini-stage.ccws.it\/fr-ch\/\"},{\"@type\":\"ListItem\",\"position\":2,\"name\":\"Produits\",\"item\":\"https:\/\/shumans-monini-stage.ccws.it\/fr-ch\/product\/\"},{\"@type\":\"ListItem\",\"position\":3,\"name\":\"Granfruttato\"}]},{\"@type\":\"WebSite\",\"@id\":\"https:\/\/shumans-monini-stage.ccws.it\/fr-ch\/#website\",\"url\":\"https:\/\/shumans-monini-stage.ccws.it\/fr-ch\/\",\"name\":\"Monini\",\"description\":\"Una spremuta di olive\",\"potentialAction\":[{\"@type\":\"SearchAction\",\"target\":{\"@type\":\"EntryPoint\",\"urlTemplate\":\"https:\/\/shumans-monini-stage.ccws.it\/fr-ch\/?s={search_term_string}\"},\"query-input\":{\"@type\":\"PropertyValueSpecification\",\"valueRequired\":true,\"valueName\":\"search_term_string\"}}],\"inLanguage\":\"fr-CH\"}]}<\/script>\n<!-- \/ Yoast SEO plugin. -->","yoast_head_json":{"title":"Granfruttato - Monini","robots":{"index":"noindex","follow":"follow","max-snippet":"max-snippet:-1","max-image-preview":"max-image-preview:large","max-video-preview":"max-video-preview:-1"},"og_locale":"fr_FR","og_type":"article","og_title":"Granfruttato - Monini","og_description":"GranFruttato est une huile d\u2019olive vierge extra 100 % italienne. L\u2019huile d\u2019olive vierge extra GranFruttato est la fiert\u00e9 de la production de Monini. Elle est d\u00e9di\u00e9 aux consommateurs les plus exigeants qui pr\u00e9f\u00e8rent une saveur intense et forte. Le go\u00fbt piquant distinct est d\u00fb \u00e0 la teneur riche en polyph\u00e9nols, puissants antioxydants naturels auxquels la m\u00e9decine moderne attribue un r\u00f4le fondamental dans la d\u00e9fense de l\u2019organisme contre l\u2019oxydation et donc contre le vieillissement cellulaire. Pour ses caract\u00e9ristiques exceptionnelles, elle devrait \u00eatre utilis\u00e9 cru, o\u00f9 seules quelques gouttes peuvent enrichir les aliments. Un produit dans lequel l\u2019art de l\u2019huile d\u2019olive trouve son expression maximale.","og_url":"https:\/\/shumans-monini-stage.ccws.it\/fr-ch\/product\/granfruttato\/","og_site_name":"Monini","article_publisher":"https:\/\/www.facebook.com\/MoniniOlio\/","article_modified_time":"2025-08-19T09:56:47+00:00","og_image":[{"width":1024,"height":1280,"url":"https:\/\/shumans-monini-stage.ccws.it\/wp-content\/uploads\/2025\/06\/gf-fra.png","type":"image\/png"}],"twitter_card":"summary_large_image","twitter_misc":{"Est. reading time":"2 minutes"},"schema":{"@context":"https:\/\/schema.org","@graph":[{"@type":"WebPage","@id":"https:\/\/shumans-monini-stage.ccws.it\/fr-ch\/product\/granfruttato\/","url":"https:\/\/shumans-monini-stage.ccws.it\/fr-ch\/product\/granfruttato\/","name":"Granfruttato - Monini","isPartOf":{"@id":"https:\/\/shumans-monini-stage.ccws.it\/fr-ch\/#website"},"primaryImageOfPage":{"@id":"https:\/\/shumans-monini-stage.ccws.it\/fr-ch\/product\/granfruttato\/#primaryimage"},"image":{"@id":"https:\/\/shumans-monini-stage.ccws.it\/fr-ch\/product\/granfruttato\/#primaryimage"},"thumbnailUrl":"https:\/\/shumans-monini-stage.ccws.it\/wp-content\/uploads\/2025\/06\/gf-fra.png","datePublished":"2025-06-05T07:25:43+00:00","dateModified":"2025-08-19T09:56:47+00:00","breadcrumb":{"@id":"https:\/\/shumans-monini-stage.ccws.it\/fr-ch\/product\/granfruttato\/#breadcrumb"},"inLanguage":"fr-CH","potentialAction":[{"@type":"ReadAction","target":["https:\/\/shumans-monini-stage.ccws.it\/fr-ch\/product\/granfruttato\/"]}]},{"@type":"ImageObject","inLanguage":"fr-CH","@id":"https:\/\/shumans-monini-stage.ccws.it\/fr-ch\/product\/granfruttato\/#primaryimage","url":"https:\/\/shumans-monini-stage.ccws.it\/wp-content\/uploads\/2025\/06\/gf-fra.png","contentUrl":"https:\/\/shumans-monini-stage.ccws.it\/wp-content\/uploads\/2025\/06\/gf-fra.png","width":1024,"height":1280},{"@type":"BreadcrumbList","@id":"https:\/\/shumans-monini-stage.ccws.it\/fr-ch\/product\/granfruttato\/#breadcrumb","itemListElement":[{"@type":"ListItem","position":1,"name":"Home","item":"https:\/\/shumans-monini-stage.ccws.it\/fr-ch\/"},{"@type":"ListItem","position":2,"name":"Produits","item":"https:\/\/shumans-monini-stage.ccws.it\/fr-ch\/product\/"},{"@type":"ListItem","position":3,"name":"Granfruttato"}]},{"@type":"WebSite","@id":"https:\/\/shumans-monini-stage.ccws.it\/fr-ch\/#website","url":"https:\/\/shumans-monini-stage.ccws.it\/fr-ch\/","name":"Monini","description":"Una spremuta di olive","potentialAction":[{"@type":"SearchAction","target":{"@type":"EntryPoint","urlTemplate":"https:\/\/shumans-monini-stage.ccws.it\/fr-ch\/?s={search_term_string}"},"query-input":{"@type":"PropertyValueSpecification","valueRequired":true,"valueName":"search_term_string"}}],"inLanguage":"fr-CH"}]}},"acf":[],"_links":{"self":[{"href":"https:\/\/shumans-monini-stage.ccws.it\/fr-ch\/wp-json\/wp\/v2\/product\/34930","targetHints":{"allow":["GET"]}}],"collection":[{"href":"https:\/\/shumans-monini-stage.ccws.it\/fr-ch\/wp-json\/wp\/v2\/product"}],"about":[{"href":"https:\/\/shumans-monini-stage.ccws.it\/fr-ch\/wp-json\/wp\/v2\/types\/product"}],"author":[{"embeddable":true,"href":"https:\/\/shumans-monini-stage.ccws.it\/fr-ch\/wp-json\/wp\/v2\/users\/3"}],"version-history":[{"count":1,"href":"https:\/\/shumans-monini-stage.ccws.it\/fr-ch\/wp-json\/wp\/v2\/product\/34930\/revisions"}],"predecessor-version":[{"id":34931,"href":"https:\/\/shumans-monini-stage.ccws.it\/fr-ch\/wp-json\/wp\/v2\/product\/34930\/revisions\/34931"}],"wp:featuredmedia":[{"embeddable":true,"href":"https:\/\/shumans-monini-stage.ccws.it\/fr-ch\/wp-json\/wp\/v2\/media\/13142"}],"wp:attachment":[{"href":"https:\/\/shumans-monini-stage.ccws.it\/fr-ch\/wp-json\/wp\/v2\/media?parent=34930"}],"wp:term":[{"taxonomy":"post_tag","embeddable":true,"href":"https:\/\/shumans-monini-stage.ccws.it\/fr-ch\/wp-json\/wp\/v2\/tags?post=34930"},{"taxonomy":"cat_product","embeddable":true,"href":"https:\/\/shumans-monini-stage.ccws.it\/fr-ch\/wp-json\/wp\/v2\/cat_product?post=34930"}],"curies":[{"name":"wp","href":"https:\/\/api.w.org\/{rel}","templated":true}]}}