{"id":35070,"date":"2025-06-30T11:59:38","date_gmt":"2025-06-30T09:59:38","guid":{"rendered":"https:\/\/shumans-monini-stage.ccws.it\/?post_type=product&#038;p=35070"},"modified":"2025-08-19T12:07:59","modified_gmt":"2025-08-19T10:07:59","slug":"huile-dolive-vierge-extra-toscano-igp","status":"publish","type":"product","link":"https:\/\/shumans-monini-stage.ccws.it\/fr-ch\/product\/huile-dolive-vierge-extra-toscano-igp\/","title":{"rendered":"Huile d&#8217;Olive Vierge Extra Toscano IGP"},"content":{"rendered":"\n<div style=\"height:0.5em\" aria-hidden=\"true\" class=\"wp-block-spacer\"><\/div>\n\n\n    <section class=\"banner-link \">\n        <div class=\"banner-wrapper\">\n\t\t\t\t\t<div>\n\t\t\t\t\t    <h6 class=\"banner-category\">Guide de degustation<\/h6>\n              <h2 class=\"banner-title\">Les sept r\u00e8gles d&#8217;or<\/h2>\t\t\t\t\t\t\n\t\t\t\t\t<\/div>\n\t\t\t\t\t<div>\n\t\t\t\t\t\t<a href=\"https:\/\/shumans-monini-stage.ccws.it\/fr-ch\/article\/les-sept-regles-dor\/\" title=\"En savoir plus\" class=\"btn btn-primary\">\n\t\t\t\t\t\t\t<span>En savoir plus<\/span>\n\t\t\t\t\t\t<\/a>\n\t\t\t\t\t<\/div>\n        <\/div>\n    <\/section>\n\n\n\n<div style=\"height:1em\" aria-hidden=\"true\" class=\"wp-block-spacer\"><\/div>\n\n\n\n<div class=\"wp-block-group is-style-spaced\"><div class=\"wp-block-group__inner-container\">\n<h6 class=\"wp-block-heading\">SERVIERVORSCHL\u00c4GE<\/h6>\n\n\n\n<div style=\"height:0.25em\" aria-hidden=\"true\" class=\"wp-block-spacer\"><\/div>\n\n\n\n<div class=\"wp-block-columns are-vertically-aligned-top is-style-default\">\n<div class=\"wp-block-column is-vertically-aligned-top\"><div class=\"wp-block-image\">\n<figure class=\"aligncenter size-full\"><img loading=\"lazy\" decoding=\"async\" width=\"120\" height=\"120\" src=\"https:\/\/shumans-monini-stage.ccws.it\/wp-content\/uploads\/2025\/08\/icn_legumi@2X.png\" alt=\"\" class=\"wp-image-34265\"\/><figcaption class=\"wp-element-caption\">L\u00e9gumes<\/figcaption><\/figure>\n<\/div><\/div>\n\n\n\n<div class=\"wp-block-column is-vertically-aligned-top\"><div class=\"wp-block-image\">\n<figure class=\"aligncenter size-full\"><img loading=\"lazy\" decoding=\"async\" width=\"120\" height=\"120\" src=\"https:\/\/shumans-monini-stage.ccws.it\/wp-content\/uploads\/2025\/06\/icn_per-utilizzi-a-crudo@2X.png\" alt=\"\" class=\"wp-image-33470\"\/><figcaption class=\"wp-element-caption\">Pour des utilisations \u00e0 cru<\/figcaption><\/figure>\n<\/div><\/div>\n\n\n\n<div class=\"wp-block-column is-vertically-aligned-top\"><div class=\"wp-block-image\">\n<figure class=\"aligncenter size-full\"><img loading=\"lazy\" decoding=\"async\" width=\"120\" height=\"120\" src=\"https:\/\/shumans-monini-stage.ccws.it\/wp-content\/uploads\/2025\/08\/icn_carnerossa@2X.png\" alt=\"\" class=\"wp-image-34279\"\/><figcaption class=\"wp-element-caption\">Viandes rouges<\/figcaption><\/figure>\n<\/div><\/div>\n<\/div>\n\n\n\n<div style=\"height:0.1em\" aria-hidden=\"true\" class=\"wp-block-spacer\"><\/div>\n\n\n\n<p>Particuli\u00e8rement adapt\u00e9e pour la viande r\u00f4tie, le gibier, les l\u00e9gumineuses, les soupes et les crudit\u00e9s.<\/p>\n<\/div><\/div>\n\n\n\n<div style=\"height:1em\" aria-hidden=\"true\" class=\"wp-block-spacer\"><\/div>\n\n\n<div class=\"wp-block-image\">\n<figure class=\"aligncenter size-full\"><img loading=\"lazy\" decoding=\"async\" width=\"1600\" height=\"1063\" src=\"https:\/\/shumans-monini-stage.ccws.it\/wp-content\/uploads\/2025\/06\/olive10.jpg\" alt=\"\" class=\"wp-image-723\" style=\"aspect-ratio:16\/9;object-fit:cover\" srcset=\"https:\/\/shumans-monini-stage.ccws.it\/wp-content\/uploads\/2025\/06\/olive10.jpg 1600w, https:\/\/shumans-monini-stage.ccws.it\/wp-content\/uploads\/2025\/06\/olive10-300x199.jpg 300w, https:\/\/shumans-monini-stage.ccws.it\/wp-content\/uploads\/2025\/06\/olive10-1024x680.jpg 1024w, https:\/\/shumans-monini-stage.ccws.it\/wp-content\/uploads\/2025\/06\/olive10-768x510.jpg 768w\" sizes=\"auto, (max-width: 1600px) 100vw, 1600px\" \/><\/figure>\n<\/div>\n\n\n<div style=\"height:1em\" aria-hidden=\"true\" class=\"wp-block-spacer\"><\/div>\n\n\n\n<p><\/p>\n","protected":false},"excerpt":{"rendered":"<p>L\u2019IGP (Indication G\u00e9ographique Prot\u00e9g\u00e9e) est utilis\u00e9e pour les produits pour lesquels au moins une \u00e9tape de production a lieu dans une zone g\u00e9ographique sp\u00e9cifique. Gr\u00e2ce \u00e0 la r\u00e9glementation europ\u00e9enne, les produits ayant des caract\u00e9ristiques uniques li\u00e9es \u00e0 un territoire sont prot\u00e9g\u00e9s contre l\u2019imitation tandis que les consommateurs sont garantis pour la qualit\u00e9 \u00e9lev\u00e9e. Un territoire diversifi\u00e9 qui varie des c\u00f4tes sauvages de la Maremme aux collines suaves de Sienne, les sommets des montagnes Apuane aux \u00eeles de l\u2019archipel. L\u2019huile d\u2019olive vierge extra Toscane IGP est une belle expression de tout ce que la r\u00e9gion a \u00e0 offrir. <\/p>\n","protected":false},"author":3,"featured_media":33619,"menu_order":27,"template":"","meta":{"_acf_changed":false,"footnotes":""},"tags":[],"cat_product":[396],"class_list":["post-35070","product","type-product","status-publish","has-post-thumbnail","hentry","cat_product-huiles-dolive-vierge-extra-fr-ch"],"yoast_head":"<!-- This site is optimized with the Yoast SEO plugin v25.8 - https:\/\/yoast.com\/wordpress\/plugins\/seo\/ -->\n<title>Huile d&#039;Olive Vierge Extra Toscano IGP - Monini<\/title>\n<meta name=\"robots\" content=\"noindex, follow, max-snippet:-1, max-image-preview:large, max-video-preview:-1\" \/>\n<meta property=\"og:locale\" content=\"fr_FR\" \/>\n<meta property=\"og:type\" content=\"article\" \/>\n<meta property=\"og:title\" content=\"Huile d&#039;Olive Vierge Extra Toscano IGP - Monini\" \/>\n<meta property=\"og:description\" content=\"L\u2019IGP (Indication G\u00e9ographique Prot\u00e9g\u00e9e) est utilis\u00e9e pour les produits pour lesquels au moins une \u00e9tape de production a lieu dans une zone g\u00e9ographique sp\u00e9cifique. Gr\u00e2ce \u00e0 la r\u00e9glementation europ\u00e9enne, les produits ayant des caract\u00e9ristiques uniques li\u00e9es \u00e0 un territoire sont prot\u00e9g\u00e9s contre l\u2019imitation tandis que les consommateurs sont garantis pour la qualit\u00e9 \u00e9lev\u00e9e. Un territoire diversifi\u00e9 qui varie des c\u00f4tes sauvages de la Maremme aux collines suaves de Sienne, les sommets des montagnes Apuane aux \u00eeles de l\u2019archipel. L\u2019huile d\u2019olive vierge extra Toscane IGP est une belle expression de tout ce que la r\u00e9gion a \u00e0 offrir.\" \/>\n<meta property=\"og:url\" content=\"https:\/\/shumans-monini-stage.ccws.it\/fr-ch\/product\/huile-dolive-vierge-extra-toscano-igp\/\" \/>\n<meta property=\"og:site_name\" content=\"Monini\" \/>\n<meta property=\"article:publisher\" content=\"https:\/\/www.facebook.com\/MoniniOlio\/\" \/>\n<meta property=\"article:modified_time\" content=\"2025-08-19T10:07:59+00:00\" \/>\n<meta property=\"og:image\" content=\"https:\/\/shumans-monini-stage.ccws.it\/wp-content\/uploads\/2025\/08\/toscanoigp-ita.png\" \/>\n\t<meta property=\"og:image:width\" content=\"1024\" \/>\n\t<meta property=\"og:image:height\" content=\"1280\" \/>\n\t<meta property=\"og:image:type\" content=\"image\/png\" \/>\n<meta name=\"twitter:card\" content=\"summary_large_image\" \/>\n<meta name=\"twitter:label1\" content=\"Est. reading time\" \/>\n\t<meta name=\"twitter:data1\" content=\"1 minute\" \/>\n<script type=\"application\/ld+json\" class=\"yoast-schema-graph\">{\"@context\":\"https:\/\/schema.org\",\"@graph\":[{\"@type\":\"WebPage\",\"@id\":\"https:\/\/shumans-monini-stage.ccws.it\/fr-ch\/product\/huile-dolive-vierge-extra-toscano-igp\/\",\"url\":\"https:\/\/shumans-monini-stage.ccws.it\/fr-ch\/product\/huile-dolive-vierge-extra-toscano-igp\/\",\"name\":\"Huile d'Olive Vierge Extra Toscano IGP - Monini\",\"isPartOf\":{\"@id\":\"https:\/\/shumans-monini-stage.ccws.it\/fr-ch\/#website\"},\"primaryImageOfPage\":{\"@id\":\"https:\/\/shumans-monini-stage.ccws.it\/fr-ch\/product\/huile-dolive-vierge-extra-toscano-igp\/#primaryimage\"},\"image\":{\"@id\":\"https:\/\/shumans-monini-stage.ccws.it\/fr-ch\/product\/huile-dolive-vierge-extra-toscano-igp\/#primaryimage\"},\"thumbnailUrl\":\"https:\/\/shumans-monini-stage.ccws.it\/wp-content\/uploads\/2025\/08\/toscanoigp-ita.png\",\"datePublished\":\"2025-06-30T09:59:38+00:00\",\"dateModified\":\"2025-08-19T10:07:59+00:00\",\"breadcrumb\":{\"@id\":\"https:\/\/shumans-monini-stage.ccws.it\/fr-ch\/product\/huile-dolive-vierge-extra-toscano-igp\/#breadcrumb\"},\"inLanguage\":\"fr-CH\",\"potentialAction\":[{\"@type\":\"ReadAction\",\"target\":[\"https:\/\/shumans-monini-stage.ccws.it\/fr-ch\/product\/huile-dolive-vierge-extra-toscano-igp\/\"]}]},{\"@type\":\"ImageObject\",\"inLanguage\":\"fr-CH\",\"@id\":\"https:\/\/shumans-monini-stage.ccws.it\/fr-ch\/product\/huile-dolive-vierge-extra-toscano-igp\/#primaryimage\",\"url\":\"https:\/\/shumans-monini-stage.ccws.it\/wp-content\/uploads\/2025\/08\/toscanoigp-ita.png\",\"contentUrl\":\"https:\/\/shumans-monini-stage.ccws.it\/wp-content\/uploads\/2025\/08\/toscanoigp-ita.png\",\"width\":1024,\"height\":1280},{\"@type\":\"BreadcrumbList\",\"@id\":\"https:\/\/shumans-monini-stage.ccws.it\/fr-ch\/product\/huile-dolive-vierge-extra-toscano-igp\/#breadcrumb\",\"itemListElement\":[{\"@type\":\"ListItem\",\"position\":1,\"name\":\"Home\",\"item\":\"https:\/\/shumans-monini-stage.ccws.it\/fr-ch\/\"},{\"@type\":\"ListItem\",\"position\":2,\"name\":\"Produits\",\"item\":\"https:\/\/shumans-monini-stage.ccws.it\/fr-ch\/product\/\"},{\"@type\":\"ListItem\",\"position\":3,\"name\":\"Huile d&#8217;Olive Vierge Extra Toscano IGP\"}]},{\"@type\":\"WebSite\",\"@id\":\"https:\/\/shumans-monini-stage.ccws.it\/fr-ch\/#website\",\"url\":\"https:\/\/shumans-monini-stage.ccws.it\/fr-ch\/\",\"name\":\"Monini\",\"description\":\"Una spremuta di olive\",\"potentialAction\":[{\"@type\":\"SearchAction\",\"target\":{\"@type\":\"EntryPoint\",\"urlTemplate\":\"https:\/\/shumans-monini-stage.ccws.it\/fr-ch\/?s={search_term_string}\"},\"query-input\":{\"@type\":\"PropertyValueSpecification\",\"valueRequired\":true,\"valueName\":\"search_term_string\"}}],\"inLanguage\":\"fr-CH\"}]}<\/script>\n<!-- \/ Yoast SEO plugin. -->","yoast_head_json":{"title":"Huile d'Olive Vierge Extra Toscano IGP - Monini","robots":{"index":"noindex","follow":"follow","max-snippet":"max-snippet:-1","max-image-preview":"max-image-preview:large","max-video-preview":"max-video-preview:-1"},"og_locale":"fr_FR","og_type":"article","og_title":"Huile d'Olive Vierge Extra Toscano IGP - Monini","og_description":"L\u2019IGP (Indication G\u00e9ographique Prot\u00e9g\u00e9e) est utilis\u00e9e pour les produits pour lesquels au moins une \u00e9tape de production a lieu dans une zone g\u00e9ographique sp\u00e9cifique. Gr\u00e2ce \u00e0 la r\u00e9glementation europ\u00e9enne, les produits ayant des caract\u00e9ristiques uniques li\u00e9es \u00e0 un territoire sont prot\u00e9g\u00e9s contre l\u2019imitation tandis que les consommateurs sont garantis pour la qualit\u00e9 \u00e9lev\u00e9e. Un territoire diversifi\u00e9 qui varie des c\u00f4tes sauvages de la Maremme aux collines suaves de Sienne, les sommets des montagnes Apuane aux \u00eeles de l\u2019archipel. L\u2019huile d\u2019olive vierge extra Toscane IGP est une belle expression de tout ce que la r\u00e9gion a \u00e0 offrir.","og_url":"https:\/\/shumans-monini-stage.ccws.it\/fr-ch\/product\/huile-dolive-vierge-extra-toscano-igp\/","og_site_name":"Monini","article_publisher":"https:\/\/www.facebook.com\/MoniniOlio\/","article_modified_time":"2025-08-19T10:07:59+00:00","og_image":[{"width":1024,"height":1280,"url":"https:\/\/shumans-monini-stage.ccws.it\/wp-content\/uploads\/2025\/08\/toscanoigp-ita.png","type":"image\/png"}],"twitter_card":"summary_large_image","twitter_misc":{"Est. reading time":"1 minute"},"schema":{"@context":"https:\/\/schema.org","@graph":[{"@type":"WebPage","@id":"https:\/\/shumans-monini-stage.ccws.it\/fr-ch\/product\/huile-dolive-vierge-extra-toscano-igp\/","url":"https:\/\/shumans-monini-stage.ccws.it\/fr-ch\/product\/huile-dolive-vierge-extra-toscano-igp\/","name":"Huile d'Olive Vierge Extra Toscano IGP - Monini","isPartOf":{"@id":"https:\/\/shumans-monini-stage.ccws.it\/fr-ch\/#website"},"primaryImageOfPage":{"@id":"https:\/\/shumans-monini-stage.ccws.it\/fr-ch\/product\/huile-dolive-vierge-extra-toscano-igp\/#primaryimage"},"image":{"@id":"https:\/\/shumans-monini-stage.ccws.it\/fr-ch\/product\/huile-dolive-vierge-extra-toscano-igp\/#primaryimage"},"thumbnailUrl":"https:\/\/shumans-monini-stage.ccws.it\/wp-content\/uploads\/2025\/08\/toscanoigp-ita.png","datePublished":"2025-06-30T09:59:38+00:00","dateModified":"2025-08-19T10:07:59+00:00","breadcrumb":{"@id":"https:\/\/shumans-monini-stage.ccws.it\/fr-ch\/product\/huile-dolive-vierge-extra-toscano-igp\/#breadcrumb"},"inLanguage":"fr-CH","potentialAction":[{"@type":"ReadAction","target":["https:\/\/shumans-monini-stage.ccws.it\/fr-ch\/product\/huile-dolive-vierge-extra-toscano-igp\/"]}]},{"@type":"ImageObject","inLanguage":"fr-CH","@id":"https:\/\/shumans-monini-stage.ccws.it\/fr-ch\/product\/huile-dolive-vierge-extra-toscano-igp\/#primaryimage","url":"https:\/\/shumans-monini-stage.ccws.it\/wp-content\/uploads\/2025\/08\/toscanoigp-ita.png","contentUrl":"https:\/\/shumans-monini-stage.ccws.it\/wp-content\/uploads\/2025\/08\/toscanoigp-ita.png","width":1024,"height":1280},{"@type":"BreadcrumbList","@id":"https:\/\/shumans-monini-stage.ccws.it\/fr-ch\/product\/huile-dolive-vierge-extra-toscano-igp\/#breadcrumb","itemListElement":[{"@type":"ListItem","position":1,"name":"Home","item":"https:\/\/shumans-monini-stage.ccws.it\/fr-ch\/"},{"@type":"ListItem","position":2,"name":"Produits","item":"https:\/\/shumans-monini-stage.ccws.it\/fr-ch\/product\/"},{"@type":"ListItem","position":3,"name":"Huile d&#8217;Olive Vierge Extra Toscano IGP"}]},{"@type":"WebSite","@id":"https:\/\/shumans-monini-stage.ccws.it\/fr-ch\/#website","url":"https:\/\/shumans-monini-stage.ccws.it\/fr-ch\/","name":"Monini","description":"Una spremuta di olive","potentialAction":[{"@type":"SearchAction","target":{"@type":"EntryPoint","urlTemplate":"https:\/\/shumans-monini-stage.ccws.it\/fr-ch\/?s={search_term_string}"},"query-input":{"@type":"PropertyValueSpecification","valueRequired":true,"valueName":"search_term_string"}}],"inLanguage":"fr-CH"}]}},"acf":[],"_links":{"self":[{"href":"https:\/\/shumans-monini-stage.ccws.it\/fr-ch\/wp-json\/wp\/v2\/product\/35070","targetHints":{"allow":["GET"]}}],"collection":[{"href":"https:\/\/shumans-monini-stage.ccws.it\/fr-ch\/wp-json\/wp\/v2\/product"}],"about":[{"href":"https:\/\/shumans-monini-stage.ccws.it\/fr-ch\/wp-json\/wp\/v2\/types\/product"}],"author":[{"embeddable":true,"href":"https:\/\/shumans-monini-stage.ccws.it\/fr-ch\/wp-json\/wp\/v2\/users\/3"}],"version-history":[{"count":1,"href":"https:\/\/shumans-monini-stage.ccws.it\/fr-ch\/wp-json\/wp\/v2\/product\/35070\/revisions"}],"predecessor-version":[{"id":35071,"href":"https:\/\/shumans-monini-stage.ccws.it\/fr-ch\/wp-json\/wp\/v2\/product\/35070\/revisions\/35071"}],"wp:featuredmedia":[{"embeddable":true,"href":"https:\/\/shumans-monini-stage.ccws.it\/fr-ch\/wp-json\/wp\/v2\/media\/33619"}],"wp:attachment":[{"href":"https:\/\/shumans-monini-stage.ccws.it\/fr-ch\/wp-json\/wp\/v2\/media?parent=35070"}],"wp:term":[{"taxonomy":"post_tag","embeddable":true,"href":"https:\/\/shumans-monini-stage.ccws.it\/fr-ch\/wp-json\/wp\/v2\/tags?post=35070"},{"taxonomy":"cat_product","embeddable":true,"href":"https:\/\/shumans-monini-stage.ccws.it\/fr-ch\/wp-json\/wp\/v2\/cat_product?post=35070"}],"curies":[{"name":"wp","href":"https:\/\/api.w.org\/{rel}","templated":true}]}}