{"id":35073,"date":"2025-06-30T12:13:49","date_gmt":"2025-06-30T10:13:49","guid":{"rendered":"https:\/\/shumans-monini-stage.ccws.it\/?post_type=product&#038;p=35073"},"modified":"2025-08-19T12:10:28","modified_gmt":"2025-08-19T10:10:28","slug":"huiles-dolive-vierge-extra-igp-sicilia","status":"publish","type":"product","link":"https:\/\/shumans-monini-stage.ccws.it\/fr-ch\/product\/huiles-dolive-vierge-extra-igp-sicilia\/","title":{"rendered":"Huiles d&#8217;Olive Vierge Extra IGP Sicilia"},"content":{"rendered":"\n<div class=\"wp-block-group is-style-spaced\"><div class=\"wp-block-group__inner-container\">\n<p><\/p>\n<\/div><\/div>\n\n\n\n<div style=\"height:0.5em\" aria-hidden=\"true\" class=\"wp-block-spacer\"><\/div>\n\n\n    <section class=\"banner-link \">\n        <div class=\"banner-wrapper\">\n\t\t\t\t\t<div>\n\t\t\t\t\t    <h6 class=\"banner-category\">Guide de degustation<\/h6>\n              <h2 class=\"banner-title\">Les sept r\u00e8gles d&#8217;or<\/h2>\t\t\t\t\t\t\n\t\t\t\t\t<\/div>\n\t\t\t\t\t<div>\n\t\t\t\t\t\t<a href=\"https:\/\/shumans-monini-stage.ccws.it\/fr-ch\/article\/les-sept-regles-dor\/\" title=\"En savoir plus\" class=\"btn btn-primary\">\n\t\t\t\t\t\t\t<span>En savoir plus<\/span>\n\t\t\t\t\t\t<\/a>\n\t\t\t\t\t<\/div>\n        <\/div>\n    <\/section>\n\n\n\n<div style=\"height:1em\" aria-hidden=\"true\" class=\"wp-block-spacer\"><\/div>\n\n\n\n<div class=\"wp-block-group is-style-spaced\"><div class=\"wp-block-group__inner-container\">\n<h6 class=\"wp-block-heading\">SERVING SUGGESTIONS<\/h6>\n\n\n\n<div style=\"height:0.25em\" aria-hidden=\"true\" class=\"wp-block-spacer\"><\/div>\n\n\n\n<div class=\"wp-block-columns are-vertically-aligned-top is-style-default\">\n<div class=\"wp-block-column is-vertically-aligned-top\"><div class=\"wp-block-image\">\n<figure class=\"aligncenter size-full is-resized\"><img loading=\"lazy\" decoding=\"async\" width=\"120\" height=\"120\" src=\"https:\/\/shumans-monini-stage.ccws.it\/wp-content\/uploads\/2025\/06\/icn_insalata@2X.png\" alt=\"\" class=\"wp-image-4670\" style=\"width:121px;height:auto\"\/><figcaption class=\"wp-element-caption\">L\u00e9gumes<\/figcaption><\/figure>\n<\/div><\/div>\n\n\n\n<div class=\"wp-block-column is-vertically-aligned-top\"><div class=\"wp-block-image\">\n<figure class=\"aligncenter size-full is-resized\"><img loading=\"lazy\" decoding=\"async\" width=\"120\" height=\"120\" src=\"https:\/\/shumans-monini-stage.ccws.it\/wp-content\/uploads\/2025\/08\/icn_molluschi@2X.png\" alt=\"\" class=\"wp-image-34333\" style=\"width:125px;height:auto\"\/><figcaption class=\"wp-element-caption\">Mollusques<\/figcaption><\/figure>\n<\/div><\/div>\n\n\n\n<div class=\"wp-block-column is-vertically-aligned-top\"><div class=\"wp-block-image\">\n<figure class=\"aligncenter size-full\"><img loading=\"lazy\" decoding=\"async\" width=\"120\" height=\"120\" src=\"https:\/\/shumans-monini-stage.ccws.it\/wp-content\/uploads\/2025\/06\/icn_crostacei@2X.png\" alt=\"\" class=\"wp-image-4724\"\/><figcaption class=\"wp-element-caption\">Crustac\u00e9s<\/figcaption><\/figure>\n<\/div><\/div>\n\n\n\n<div class=\"wp-block-column is-vertically-aligned-top\"><div class=\"wp-block-image\">\n<figure class=\"aligncenter size-full\"><img loading=\"lazy\" decoding=\"async\" width=\"120\" height=\"120\" src=\"https:\/\/shumans-monini-stage.ccws.it\/wp-content\/uploads\/2025\/06\/icn_per-utilizzi-a-crudo@2X-2.png\" alt=\"\" class=\"wp-image-4682\"\/><figcaption class=\"wp-element-caption\">Pour des utilisations \u00e0 cru<\/figcaption><\/figure>\n<\/div><\/div>\n<\/div>\n\n\n\n<div style=\"height:0.1em\" aria-hidden=\"true\" class=\"wp-block-spacer\"><\/div>\n\n\n\n<p>Son go\u00fbt d\u00e9licat la rend particuli\u00e8rement indiqu\u00e9e pour les l\u00e9gumes frais et les poissons grill\u00e9s.<\/p>\n<\/div><\/div>\n\n\n\n<div style=\"height:1em\" aria-hidden=\"true\" class=\"wp-block-spacer\"><\/div>\n\n\n<div class=\"wp-block-image\">\n<figure class=\"aligncenter size-full\"><img loading=\"lazy\" decoding=\"async\" width=\"1600\" height=\"1063\" src=\"https:\/\/shumans-monini-stage.ccws.it\/wp-content\/uploads\/2025\/06\/olive10.jpg\" alt=\"\" class=\"wp-image-723\" style=\"aspect-ratio:16\/9;object-fit:cover\" srcset=\"https:\/\/shumans-monini-stage.ccws.it\/wp-content\/uploads\/2025\/06\/olive10.jpg 1600w, https:\/\/shumans-monini-stage.ccws.it\/wp-content\/uploads\/2025\/06\/olive10-300x199.jpg 300w, https:\/\/shumans-monini-stage.ccws.it\/wp-content\/uploads\/2025\/06\/olive10-1024x680.jpg 1024w, https:\/\/shumans-monini-stage.ccws.it\/wp-content\/uploads\/2025\/06\/olive10-768x510.jpg 768w\" sizes=\"auto, (max-width: 1600px) 100vw, 1600px\" \/><\/figure>\n<\/div>\n\n\n<div style=\"height:1em\" aria-hidden=\"true\" class=\"wp-block-spacer\"><\/div>\n\n\n\n<p><\/p>\n","protected":false},"excerpt":{"rendered":"<p>L\u2019IGP (Indication G\u00e9ographique Prot\u00e9g\u00e9e) est utilis\u00e9e pour les produits pour lesquels au moins une \u00e9tape de production a lieu dans une zone g\u00e9ographique sp\u00e9cifique. Gr\u00e2ce \u00e0 la r\u00e9glementation europ\u00e9enne, les produits ayant des caract\u00e9ristiques uniques li\u00e9es \u00e0 un territoire sont prot\u00e9g\u00e9s contre l\u2019imitation tandis que les consommateurs sont garantis pour la qualit\u00e9 \u00e9lev\u00e9e. C\u2019est l\u2019un des produits d\u2019excellence de cette belle \u00eele m\u00e9diterran\u00e9enne, d\u2019o\u00f9 proviennent les origines ol\u00e9icoles de l\u2019\u00e9poque grecque et romaine. M\u00eame aujourd\u2019hui, cette forte vocation ol\u00e9icole est vivante et elle est rendue \u00e9vidente par le grand nombre de plantes cultiv\u00e9es et une grande vari\u00e9t\u00e9 d\u2019olives, principalement Biancolilla, Nocellara del Belice et Cerasuola.<\/p>\n","protected":false},"author":3,"featured_media":9923,"menu_order":25,"template":"","meta":{"_acf_changed":false,"footnotes":""},"tags":[],"cat_product":[396],"class_list":["post-35073","product","type-product","status-publish","has-post-thumbnail","hentry","cat_product-huiles-dolive-vierge-extra-fr-ch"],"yoast_head":"<!-- This site is optimized with the Yoast SEO plugin v25.8 - https:\/\/yoast.com\/wordpress\/plugins\/seo\/ -->\n<title>Huiles d&#039;Olive Vierge Extra IGP Sicilia - Monini<\/title>\n<meta name=\"robots\" content=\"noindex, follow, max-snippet:-1, max-image-preview:large, max-video-preview:-1\" \/>\n<meta property=\"og:locale\" content=\"fr_FR\" \/>\n<meta property=\"og:type\" content=\"article\" \/>\n<meta property=\"og:title\" content=\"Huiles d&#039;Olive Vierge Extra IGP Sicilia - Monini\" \/>\n<meta property=\"og:description\" content=\"L\u2019IGP (Indication G\u00e9ographique Prot\u00e9g\u00e9e) est utilis\u00e9e pour les produits pour lesquels au moins une \u00e9tape de production a lieu dans une zone g\u00e9ographique sp\u00e9cifique. Gr\u00e2ce \u00e0 la r\u00e9glementation europ\u00e9enne, les produits ayant des caract\u00e9ristiques uniques li\u00e9es \u00e0 un territoire sont prot\u00e9g\u00e9s contre l\u2019imitation tandis que les consommateurs sont garantis pour la qualit\u00e9 \u00e9lev\u00e9e. C\u2019est l\u2019un des produits d\u2019excellence de cette belle \u00eele m\u00e9diterran\u00e9enne, d\u2019o\u00f9 proviennent les origines ol\u00e9icoles de l\u2019\u00e9poque grecque et romaine. M\u00eame aujourd\u2019hui, cette forte vocation ol\u00e9icole est vivante et elle est rendue \u00e9vidente par le grand nombre de plantes cultiv\u00e9es et une grande vari\u00e9t\u00e9 d\u2019olives, principalement Biancolilla, Nocellara del Belice et Cerasuola.\" \/>\n<meta property=\"og:url\" content=\"https:\/\/shumans-monini-stage.ccws.it\/fr-ch\/product\/huiles-dolive-vierge-extra-igp-sicilia\/\" \/>\n<meta property=\"og:site_name\" content=\"Monini\" \/>\n<meta property=\"article:publisher\" content=\"https:\/\/www.facebook.com\/MoniniOlio\/\" \/>\n<meta property=\"article:modified_time\" content=\"2025-08-19T10:10:28+00:00\" \/>\n<meta property=\"og:image\" content=\"https:\/\/shumans-monini-stage.ccws.it\/wp-content\/uploads\/2025\/06\/sicilia-usa.png\" \/>\n\t<meta property=\"og:image:width\" content=\"1024\" \/>\n\t<meta property=\"og:image:height\" content=\"1280\" \/>\n\t<meta property=\"og:image:type\" content=\"image\/png\" \/>\n<meta name=\"twitter:card\" content=\"summary_large_image\" \/>\n<meta name=\"twitter:label1\" content=\"Est. reading time\" \/>\n\t<meta name=\"twitter:data1\" content=\"2 minutes\" \/>\n<script type=\"application\/ld+json\" class=\"yoast-schema-graph\">{\"@context\":\"https:\/\/schema.org\",\"@graph\":[{\"@type\":\"WebPage\",\"@id\":\"https:\/\/shumans-monini-stage.ccws.it\/fr-ch\/product\/huiles-dolive-vierge-extra-igp-sicilia\/\",\"url\":\"https:\/\/shumans-monini-stage.ccws.it\/fr-ch\/product\/huiles-dolive-vierge-extra-igp-sicilia\/\",\"name\":\"Huiles d'Olive Vierge Extra IGP Sicilia - Monini\",\"isPartOf\":{\"@id\":\"https:\/\/shumans-monini-stage.ccws.it\/fr-ch\/#website\"},\"primaryImageOfPage\":{\"@id\":\"https:\/\/shumans-monini-stage.ccws.it\/fr-ch\/product\/huiles-dolive-vierge-extra-igp-sicilia\/#primaryimage\"},\"image\":{\"@id\":\"https:\/\/shumans-monini-stage.ccws.it\/fr-ch\/product\/huiles-dolive-vierge-extra-igp-sicilia\/#primaryimage\"},\"thumbnailUrl\":\"https:\/\/shumans-monini-stage.ccws.it\/wp-content\/uploads\/2025\/06\/sicilia-usa.png\",\"datePublished\":\"2025-06-30T10:13:49+00:00\",\"dateModified\":\"2025-08-19T10:10:28+00:00\",\"breadcrumb\":{\"@id\":\"https:\/\/shumans-monini-stage.ccws.it\/fr-ch\/product\/huiles-dolive-vierge-extra-igp-sicilia\/#breadcrumb\"},\"inLanguage\":\"fr-CH\",\"potentialAction\":[{\"@type\":\"ReadAction\",\"target\":[\"https:\/\/shumans-monini-stage.ccws.it\/fr-ch\/product\/huiles-dolive-vierge-extra-igp-sicilia\/\"]}]},{\"@type\":\"ImageObject\",\"inLanguage\":\"fr-CH\",\"@id\":\"https:\/\/shumans-monini-stage.ccws.it\/fr-ch\/product\/huiles-dolive-vierge-extra-igp-sicilia\/#primaryimage\",\"url\":\"https:\/\/shumans-monini-stage.ccws.it\/wp-content\/uploads\/2025\/06\/sicilia-usa.png\",\"contentUrl\":\"https:\/\/shumans-monini-stage.ccws.it\/wp-content\/uploads\/2025\/06\/sicilia-usa.png\",\"width\":1024,\"height\":1280},{\"@type\":\"BreadcrumbList\",\"@id\":\"https:\/\/shumans-monini-stage.ccws.it\/fr-ch\/product\/huiles-dolive-vierge-extra-igp-sicilia\/#breadcrumb\",\"itemListElement\":[{\"@type\":\"ListItem\",\"position\":1,\"name\":\"Home\",\"item\":\"https:\/\/shumans-monini-stage.ccws.it\/fr-ch\/\"},{\"@type\":\"ListItem\",\"position\":2,\"name\":\"Produits\",\"item\":\"https:\/\/shumans-monini-stage.ccws.it\/fr-ch\/product\/\"},{\"@type\":\"ListItem\",\"position\":3,\"name\":\"Huiles d&#8217;Olive Vierge Extra IGP Sicilia\"}]},{\"@type\":\"WebSite\",\"@id\":\"https:\/\/shumans-monini-stage.ccws.it\/fr-ch\/#website\",\"url\":\"https:\/\/shumans-monini-stage.ccws.it\/fr-ch\/\",\"name\":\"Monini\",\"description\":\"Una spremuta di olive\",\"potentialAction\":[{\"@type\":\"SearchAction\",\"target\":{\"@type\":\"EntryPoint\",\"urlTemplate\":\"https:\/\/shumans-monini-stage.ccws.it\/fr-ch\/?s={search_term_string}\"},\"query-input\":{\"@type\":\"PropertyValueSpecification\",\"valueRequired\":true,\"valueName\":\"search_term_string\"}}],\"inLanguage\":\"fr-CH\"}]}<\/script>\n<!-- \/ Yoast SEO plugin. -->","yoast_head_json":{"title":"Huiles d'Olive Vierge Extra IGP Sicilia - Monini","robots":{"index":"noindex","follow":"follow","max-snippet":"max-snippet:-1","max-image-preview":"max-image-preview:large","max-video-preview":"max-video-preview:-1"},"og_locale":"fr_FR","og_type":"article","og_title":"Huiles d'Olive Vierge Extra IGP Sicilia - Monini","og_description":"L\u2019IGP (Indication G\u00e9ographique Prot\u00e9g\u00e9e) est utilis\u00e9e pour les produits pour lesquels au moins une \u00e9tape de production a lieu dans une zone g\u00e9ographique sp\u00e9cifique. Gr\u00e2ce \u00e0 la r\u00e9glementation europ\u00e9enne, les produits ayant des caract\u00e9ristiques uniques li\u00e9es \u00e0 un territoire sont prot\u00e9g\u00e9s contre l\u2019imitation tandis que les consommateurs sont garantis pour la qualit\u00e9 \u00e9lev\u00e9e. C\u2019est l\u2019un des produits d\u2019excellence de cette belle \u00eele m\u00e9diterran\u00e9enne, d\u2019o\u00f9 proviennent les origines ol\u00e9icoles de l\u2019\u00e9poque grecque et romaine. M\u00eame aujourd\u2019hui, cette forte vocation ol\u00e9icole est vivante et elle est rendue \u00e9vidente par le grand nombre de plantes cultiv\u00e9es et une grande vari\u00e9t\u00e9 d\u2019olives, principalement Biancolilla, Nocellara del Belice et Cerasuola.","og_url":"https:\/\/shumans-monini-stage.ccws.it\/fr-ch\/product\/huiles-dolive-vierge-extra-igp-sicilia\/","og_site_name":"Monini","article_publisher":"https:\/\/www.facebook.com\/MoniniOlio\/","article_modified_time":"2025-08-19T10:10:28+00:00","og_image":[{"width":1024,"height":1280,"url":"https:\/\/shumans-monini-stage.ccws.it\/wp-content\/uploads\/2025\/06\/sicilia-usa.png","type":"image\/png"}],"twitter_card":"summary_large_image","twitter_misc":{"Est. reading time":"2 minutes"},"schema":{"@context":"https:\/\/schema.org","@graph":[{"@type":"WebPage","@id":"https:\/\/shumans-monini-stage.ccws.it\/fr-ch\/product\/huiles-dolive-vierge-extra-igp-sicilia\/","url":"https:\/\/shumans-monini-stage.ccws.it\/fr-ch\/product\/huiles-dolive-vierge-extra-igp-sicilia\/","name":"Huiles d'Olive Vierge Extra IGP Sicilia - Monini","isPartOf":{"@id":"https:\/\/shumans-monini-stage.ccws.it\/fr-ch\/#website"},"primaryImageOfPage":{"@id":"https:\/\/shumans-monini-stage.ccws.it\/fr-ch\/product\/huiles-dolive-vierge-extra-igp-sicilia\/#primaryimage"},"image":{"@id":"https:\/\/shumans-monini-stage.ccws.it\/fr-ch\/product\/huiles-dolive-vierge-extra-igp-sicilia\/#primaryimage"},"thumbnailUrl":"https:\/\/shumans-monini-stage.ccws.it\/wp-content\/uploads\/2025\/06\/sicilia-usa.png","datePublished":"2025-06-30T10:13:49+00:00","dateModified":"2025-08-19T10:10:28+00:00","breadcrumb":{"@id":"https:\/\/shumans-monini-stage.ccws.it\/fr-ch\/product\/huiles-dolive-vierge-extra-igp-sicilia\/#breadcrumb"},"inLanguage":"fr-CH","potentialAction":[{"@type":"ReadAction","target":["https:\/\/shumans-monini-stage.ccws.it\/fr-ch\/product\/huiles-dolive-vierge-extra-igp-sicilia\/"]}]},{"@type":"ImageObject","inLanguage":"fr-CH","@id":"https:\/\/shumans-monini-stage.ccws.it\/fr-ch\/product\/huiles-dolive-vierge-extra-igp-sicilia\/#primaryimage","url":"https:\/\/shumans-monini-stage.ccws.it\/wp-content\/uploads\/2025\/06\/sicilia-usa.png","contentUrl":"https:\/\/shumans-monini-stage.ccws.it\/wp-content\/uploads\/2025\/06\/sicilia-usa.png","width":1024,"height":1280},{"@type":"BreadcrumbList","@id":"https:\/\/shumans-monini-stage.ccws.it\/fr-ch\/product\/huiles-dolive-vierge-extra-igp-sicilia\/#breadcrumb","itemListElement":[{"@type":"ListItem","position":1,"name":"Home","item":"https:\/\/shumans-monini-stage.ccws.it\/fr-ch\/"},{"@type":"ListItem","position":2,"name":"Produits","item":"https:\/\/shumans-monini-stage.ccws.it\/fr-ch\/product\/"},{"@type":"ListItem","position":3,"name":"Huiles d&#8217;Olive Vierge Extra IGP Sicilia"}]},{"@type":"WebSite","@id":"https:\/\/shumans-monini-stage.ccws.it\/fr-ch\/#website","url":"https:\/\/shumans-monini-stage.ccws.it\/fr-ch\/","name":"Monini","description":"Una spremuta di olive","potentialAction":[{"@type":"SearchAction","target":{"@type":"EntryPoint","urlTemplate":"https:\/\/shumans-monini-stage.ccws.it\/fr-ch\/?s={search_term_string}"},"query-input":{"@type":"PropertyValueSpecification","valueRequired":true,"valueName":"search_term_string"}}],"inLanguage":"fr-CH"}]}},"acf":[],"_links":{"self":[{"href":"https:\/\/shumans-monini-stage.ccws.it\/fr-ch\/wp-json\/wp\/v2\/product\/35073","targetHints":{"allow":["GET"]}}],"collection":[{"href":"https:\/\/shumans-monini-stage.ccws.it\/fr-ch\/wp-json\/wp\/v2\/product"}],"about":[{"href":"https:\/\/shumans-monini-stage.ccws.it\/fr-ch\/wp-json\/wp\/v2\/types\/product"}],"author":[{"embeddable":true,"href":"https:\/\/shumans-monini-stage.ccws.it\/fr-ch\/wp-json\/wp\/v2\/users\/3"}],"version-history":[{"count":1,"href":"https:\/\/shumans-monini-stage.ccws.it\/fr-ch\/wp-json\/wp\/v2\/product\/35073\/revisions"}],"predecessor-version":[{"id":35074,"href":"https:\/\/shumans-monini-stage.ccws.it\/fr-ch\/wp-json\/wp\/v2\/product\/35073\/revisions\/35074"}],"wp:featuredmedia":[{"embeddable":true,"href":"https:\/\/shumans-monini-stage.ccws.it\/fr-ch\/wp-json\/wp\/v2\/media\/9923"}],"wp:attachment":[{"href":"https:\/\/shumans-monini-stage.ccws.it\/fr-ch\/wp-json\/wp\/v2\/media?parent=35073"}],"wp:term":[{"taxonomy":"post_tag","embeddable":true,"href":"https:\/\/shumans-monini-stage.ccws.it\/fr-ch\/wp-json\/wp\/v2\/tags?post=35073"},{"taxonomy":"cat_product","embeddable":true,"href":"https:\/\/shumans-monini-stage.ccws.it\/fr-ch\/wp-json\/wp\/v2\/cat_product?post=35073"}],"curies":[{"name":"wp","href":"https:\/\/api.w.org\/{rel}","templated":true}]}}