{"id":35094,"date":"2025-06-25T11:29:19","date_gmt":"2025-06-25T09:29:19","guid":{"rendered":"https:\/\/shumans-monini-stage.ccws.it\/?post_type=product&#038;p=35094"},"modified":"2025-08-19T12:18:37","modified_gmt":"2025-08-19T10:18:37","slug":"olivenol-extra-vierge-monocultivar-coratina-bio","status":"publish","type":"product","link":"https:\/\/shumans-monini-stage.ccws.it\/fr-ch\/product\/olivenol-extra-vierge-monocultivar-coratina-bio\/","title":{"rendered":"Monocultivar Coratina"},"content":{"rendered":"\n<div class=\"wp-block-group is-style-default\"><div class=\"wp-block-group__inner-container\">\n<div style=\"height:0.5em\" aria-hidden=\"true\" class=\"wp-block-spacer\"><\/div>\n\n\n\n<div class=\"wp-block-group is-style-spaced\"><div class=\"wp-block-group__inner-container\">\n<h6 class=\"wp-block-heading\">SUGGESTIONS DE SERVICE<\/h6>\n\n\n\n<div style=\"height:0.25em\" aria-hidden=\"true\" class=\"wp-block-spacer\"><\/div>\n\n\n\n<div class=\"wp-block-columns are-vertically-aligned-top is-style-default\">\n<div class=\"wp-block-column is-vertically-aligned-top\"><div class=\"wp-block-image\">\n<figure class=\"aligncenter size-full\"><img loading=\"lazy\" decoding=\"async\" width=\"120\" height=\"120\" src=\"https:\/\/shumans-monini-stage.ccws.it\/wp-content\/uploads\/2025\/06\/icn_molluschi@2X.png\" alt=\"\" class=\"wp-image-2357\"\/><figcaption class=\"wp-element-caption\">Mollusques<\/figcaption><\/figure>\n<\/div>\n\n<div class=\"wp-block-image\">\n<figure class=\"aligncenter size-full\"><img loading=\"lazy\" decoding=\"async\" width=\"120\" height=\"120\" src=\"https:\/\/shumans-monini-stage.ccws.it\/wp-content\/uploads\/2025\/08\/icn_insalata@2X.png\" alt=\"\" class=\"wp-image-33633\"\/><figcaption class=\"wp-element-caption\">L\u00e9gumes<\/figcaption><\/figure>\n<\/div><\/div>\n\n\n\n<div class=\"wp-block-column is-vertically-aligned-top\"><div class=\"wp-block-image\">\n<figure class=\"aligncenter size-full\"><img loading=\"lazy\" decoding=\"async\" width=\"120\" height=\"120\" src=\"https:\/\/shumans-monini-stage.ccws.it\/wp-content\/uploads\/2025\/06\/icn_crostacei@2X.png\" alt=\"\" class=\"wp-image-2359\"\/><figcaption class=\"wp-element-caption\">Crustac\u00e9s<\/figcaption><\/figure>\n<\/div>\n\n<div class=\"wp-block-image\">\n<figure class=\"aligncenter size-full\"><img loading=\"lazy\" decoding=\"async\" width=\"120\" height=\"120\" src=\"https:\/\/shumans-monini-stage.ccws.it\/wp-content\/uploads\/2025\/08\/icn_carnerossa@2X.png\" alt=\"\" class=\"wp-image-34284\"\/><figcaption class=\"wp-element-caption\">Viandes rouges<\/figcaption><\/figure>\n<\/div><\/div>\n\n\n\n<div class=\"wp-block-column is-vertically-aligned-top\"><div class=\"wp-block-image\">\n<figure class=\"aligncenter size-full\"><img loading=\"lazy\" decoding=\"async\" width=\"120\" height=\"120\" src=\"https:\/\/shumans-monini-stage.ccws.it\/wp-content\/uploads\/2025\/06\/icn_formaggi@2X.png\" alt=\"\" class=\"wp-image-2159\"\/><figcaption class=\"wp-element-caption\">Fromages<\/figcaption><\/figure>\n<\/div>\n\n<div class=\"wp-block-image\">\n<figure class=\"aligncenter size-full\"><img loading=\"lazy\" decoding=\"async\" width=\"120\" height=\"120\" src=\"https:\/\/shumans-monini-stage.ccws.it\/wp-content\/uploads\/2025\/08\/icn_carnibianche@2X.png\" alt=\"\" class=\"wp-image-34319\"\/><figcaption class=\"wp-element-caption\">Viandes blanches<\/figcaption><\/figure>\n<\/div><\/div>\n\n\n\n<div class=\"wp-block-column is-vertically-aligned-top\"><div class=\"wp-block-image\">\n<figure class=\"aligncenter size-full\"><img loading=\"lazy\" decoding=\"async\" width=\"120\" height=\"120\" src=\"https:\/\/shumans-monini-stage.ccws.it\/wp-content\/uploads\/2025\/06\/icn_per-utilizzi-a-crudo@2X-1.png\" alt=\"\" class=\"wp-image-2253\"\/><figcaption class=\"wp-element-caption\">Pour des utilisations \u00e0 cru<\/figcaption><\/figure>\n<\/div><\/div>\n<\/div>\n\n\n\n<div style=\"height:0.1em\" aria-hidden=\"true\" class=\"wp-block-spacer\"><\/div>\n\n\n\n<p>Indiqu\u00e9e sur les viandes avec une saveur intense, tartare de chianina ou d\u2019angus, l\u00e9gumes ou soupes ribollita, artichauts alla romana ou cru en vinaigrette, fromages affin\u00e9s. Excellent avec des fruits de mer et carpaccio de poisson.<\/p>\n<\/div><\/div>\n\n\n\n<div style=\"height:0.25em\" aria-hidden=\"true\" class=\"wp-block-spacer\"><\/div>\n<\/div><\/div>\n\n\n\n<div style=\"height:100px\" aria-hidden=\"true\" class=\"wp-block-spacer\"><\/div>\n\n\n\n<h2 class=\"wp-block-heading has-text-align-center\">Huiles Mono-Vari\u00e9tales Bio<\/h2>\n\n\n\n<div style=\"height:15px\" aria-hidden=\"true\" class=\"wp-block-spacer\"><\/div>\n\n\n\n<div class=\"wp-block-group is-style-spaced\"><div class=\"wp-block-group__inner-container\">\n<p>La philosophie de la famille Monini de produire des huiles d\u2019olive vierge extra impeccables de qualit\u00e9 sup\u00e9rieure qui reste constante dans le temps a inspir\u00e9 M. Monini \u00e0 offrir une gamme organique de trois excellentes huiles d\u2019olive VIERGE EXTRA Monocultivar, certifi\u00e9es de l\u2019oliveraie \u00e0 la table, en utilisant seulement les meilleurs ingr\u00e9dients biologiques 100 % italiens et 100 % certifi\u00e9s.<\/p>\n\n\n\n<div style=\"height:24px\" aria-hidden=\"true\" class=\"wp-block-spacer\"><\/div>\n\n\n<figure class=\"wp-block-video\"><div class=\"monini_player\" data-plyr-provider=\"youtube\" data-plyr-embed-id=\"https:\/\/www.youtube.com\/watch?v=c9426mmdM3s&#038;list=TLGGk5wgL3faJMoxODA4MjAyNQ\"><\/div><\/figure><\/div><\/div>\n\n\n\n<div style=\"height:60px\" aria-hidden=\"true\" class=\"wp-block-spacer\"><\/div>\n","protected":false},"excerpt":{"rendered":"<p>La philosophie de la famille Monini de produire des huiles d\u2019olive vierge extra impeccables de qualit\u00e9 sup\u00e9rieure qui reste constante dans le temps a inspir\u00e9 M. Monini \u00e0 offrir une gamme organique de trois excellentes huiles d\u2019olive VIERGE EXTRA Monocultivar, certifi\u00e9es de l\u2019oliveraie \u00e0 la table, en utilisant seulement les meilleurs ingr\u00e9dients biologiques 100 % italiens et 100 % certifi\u00e9s.<br \/>\n3 vari\u00e9t\u00e9s uniques d\u2019olives ont \u00e9t\u00e9 identifi\u00e9es : Coratina, Nocellara et Frantoio pour obtenir trois huiles d\u2019olive vierges extra avec des parfums et des go\u00fbts uniques et incomparables.<br \/>\nAvant la r\u00e9colte, gr\u00e2ce \u00e0 des m\u00e9thodes innovantes, chaque cultivar a fait l\u2019objet d\u2019une analyse d\u2019ADN effectu\u00e9e par le Conseil national de la recherche pour choisir le bon stade de maturation et la meilleure qualit\u00e9 des olives.<br \/>\nContr\u00f4le continu \u00e0 basse temp\u00e9rature \u00e0 chaque \u00e9tape de la production : les conditions de r\u00e9colte, de transport, de stockage garantissent l\u2019absence de processus de fermentation, \u00e9vitant ainsi de nuire \u00e0 la qualit\u00e9 des huiles.<\/p>\n","protected":false},"author":3,"featured_media":35098,"menu_order":21,"template":"","meta":{"_acf_changed":false,"footnotes":""},"tags":[],"cat_product":[397],"class_list":["post-35094","product","type-product","status-publish","has-post-thumbnail","hentry","cat_product-huiles-mono-varietales-bio"],"yoast_head":"<!-- This site is optimized with the Yoast SEO plugin v25.8 - https:\/\/yoast.com\/wordpress\/plugins\/seo\/ -->\n<title>Monocultivar Coratina - Monini<\/title>\n<meta name=\"robots\" content=\"noindex, follow, max-snippet:-1, max-image-preview:large, max-video-preview:-1\" \/>\n<meta property=\"og:locale\" content=\"fr_FR\" \/>\n<meta property=\"og:type\" content=\"article\" \/>\n<meta property=\"og:title\" content=\"Monocultivar Coratina - Monini\" \/>\n<meta property=\"og:description\" content=\"La philosophie de la famille Monini de produire des huiles d\u2019olive vierge extra impeccables de qualit\u00e9 sup\u00e9rieure qui reste constante dans le temps a inspir\u00e9 M. Monini \u00e0 offrir une gamme organique de trois excellentes huiles d\u2019olive VIERGE EXTRA Monocultivar, certifi\u00e9es de l\u2019oliveraie \u00e0 la table, en utilisant seulement les meilleurs ingr\u00e9dients biologiques 100 % italiens et 100 % certifi\u00e9s. 3 vari\u00e9t\u00e9s uniques d\u2019olives ont \u00e9t\u00e9 identifi\u00e9es : Coratina, Nocellara et Frantoio pour obtenir trois huiles d\u2019olive vierges extra avec des parfums et des go\u00fbts uniques et incomparables. Avant la r\u00e9colte, gr\u00e2ce \u00e0 des m\u00e9thodes innovantes, chaque cultivar a fait l\u2019objet d\u2019une analyse d\u2019ADN effectu\u00e9e par le Conseil national de la recherche pour choisir le bon stade de maturation et la meilleure qualit\u00e9 des olives. Contr\u00f4le continu \u00e0 basse temp\u00e9rature \u00e0 chaque \u00e9tape de la production : les conditions de r\u00e9colte, de transport, de stockage garantissent l\u2019absence de processus de fermentation, \u00e9vitant ainsi de nuire \u00e0 la qualit\u00e9 des huiles.\" \/>\n<meta property=\"og:url\" content=\"https:\/\/shumans-monini-stage.ccws.it\/fr-ch\/product\/olivenol-extra-vierge-monocultivar-coratina-bio\/\" \/>\n<meta property=\"og:site_name\" content=\"Monini\" \/>\n<meta property=\"article:publisher\" content=\"https:\/\/www.facebook.com\/MoniniOlio\/\" \/>\n<meta property=\"article:modified_time\" content=\"2025-08-19T10:18:37+00:00\" \/>\n<meta property=\"og:image\" content=\"https:\/\/shumans-monini-stage.ccws.it\/wp-content\/uploads\/2025\/06\/MONOCULTIVAR-CORATINA-2025-mockup-1.png\" \/>\n\t<meta property=\"og:image:width\" content=\"1024\" \/>\n\t<meta property=\"og:image:height\" content=\"1280\" \/>\n\t<meta property=\"og:image:type\" content=\"image\/png\" \/>\n<meta name=\"twitter:card\" content=\"summary_large_image\" \/>\n<meta name=\"twitter:label1\" content=\"Est. reading time\" \/>\n\t<meta name=\"twitter:data1\" content=\"3 minutes\" \/>\n<script type=\"application\/ld+json\" class=\"yoast-schema-graph\">{\"@context\":\"https:\/\/schema.org\",\"@graph\":[{\"@type\":\"WebPage\",\"@id\":\"https:\/\/shumans-monini-stage.ccws.it\/fr-ch\/product\/olivenol-extra-vierge-monocultivar-coratina-bio\/\",\"url\":\"https:\/\/shumans-monini-stage.ccws.it\/fr-ch\/product\/olivenol-extra-vierge-monocultivar-coratina-bio\/\",\"name\":\"Monocultivar Coratina - Monini\",\"isPartOf\":{\"@id\":\"https:\/\/shumans-monini-stage.ccws.it\/fr-ch\/#website\"},\"primaryImageOfPage\":{\"@id\":\"https:\/\/shumans-monini-stage.ccws.it\/fr-ch\/product\/olivenol-extra-vierge-monocultivar-coratina-bio\/#primaryimage\"},\"image\":{\"@id\":\"https:\/\/shumans-monini-stage.ccws.it\/fr-ch\/product\/olivenol-extra-vierge-monocultivar-coratina-bio\/#primaryimage\"},\"thumbnailUrl\":\"https:\/\/shumans-monini-stage.ccws.it\/wp-content\/uploads\/2025\/06\/MONOCULTIVAR-CORATINA-2025-mockup-1.png\",\"datePublished\":\"2025-06-25T09:29:19+00:00\",\"dateModified\":\"2025-08-19T10:18:37+00:00\",\"breadcrumb\":{\"@id\":\"https:\/\/shumans-monini-stage.ccws.it\/fr-ch\/product\/olivenol-extra-vierge-monocultivar-coratina-bio\/#breadcrumb\"},\"inLanguage\":\"fr-CH\",\"potentialAction\":[{\"@type\":\"ReadAction\",\"target\":[\"https:\/\/shumans-monini-stage.ccws.it\/fr-ch\/product\/olivenol-extra-vierge-monocultivar-coratina-bio\/\"]}]},{\"@type\":\"ImageObject\",\"inLanguage\":\"fr-CH\",\"@id\":\"https:\/\/shumans-monini-stage.ccws.it\/fr-ch\/product\/olivenol-extra-vierge-monocultivar-coratina-bio\/#primaryimage\",\"url\":\"https:\/\/shumans-monini-stage.ccws.it\/wp-content\/uploads\/2025\/06\/MONOCULTIVAR-CORATINA-2025-mockup-1.png\",\"contentUrl\":\"https:\/\/shumans-monini-stage.ccws.it\/wp-content\/uploads\/2025\/06\/MONOCULTIVAR-CORATINA-2025-mockup-1.png\",\"width\":1024,\"height\":1280},{\"@type\":\"BreadcrumbList\",\"@id\":\"https:\/\/shumans-monini-stage.ccws.it\/fr-ch\/product\/olivenol-extra-vierge-monocultivar-coratina-bio\/#breadcrumb\",\"itemListElement\":[{\"@type\":\"ListItem\",\"position\":1,\"name\":\"Home\",\"item\":\"https:\/\/shumans-monini-stage.ccws.it\/fr-ch\/\"},{\"@type\":\"ListItem\",\"position\":2,\"name\":\"Produits\",\"item\":\"https:\/\/shumans-monini-stage.ccws.it\/fr-ch\/product\/\"},{\"@type\":\"ListItem\",\"position\":3,\"name\":\"Monocultivar Coratina\"}]},{\"@type\":\"WebSite\",\"@id\":\"https:\/\/shumans-monini-stage.ccws.it\/fr-ch\/#website\",\"url\":\"https:\/\/shumans-monini-stage.ccws.it\/fr-ch\/\",\"name\":\"Monini\",\"description\":\"Una spremuta di olive\",\"potentialAction\":[{\"@type\":\"SearchAction\",\"target\":{\"@type\":\"EntryPoint\",\"urlTemplate\":\"https:\/\/shumans-monini-stage.ccws.it\/fr-ch\/?s={search_term_string}\"},\"query-input\":{\"@type\":\"PropertyValueSpecification\",\"valueRequired\":true,\"valueName\":\"search_term_string\"}}],\"inLanguage\":\"fr-CH\"}]}<\/script>\n<!-- \/ Yoast SEO plugin. -->","yoast_head_json":{"title":"Monocultivar Coratina - Monini","robots":{"index":"noindex","follow":"follow","max-snippet":"max-snippet:-1","max-image-preview":"max-image-preview:large","max-video-preview":"max-video-preview:-1"},"og_locale":"fr_FR","og_type":"article","og_title":"Monocultivar Coratina - Monini","og_description":"La philosophie de la famille Monini de produire des huiles d\u2019olive vierge extra impeccables de qualit\u00e9 sup\u00e9rieure qui reste constante dans le temps a inspir\u00e9 M. Monini \u00e0 offrir une gamme organique de trois excellentes huiles d\u2019olive VIERGE EXTRA Monocultivar, certifi\u00e9es de l\u2019oliveraie \u00e0 la table, en utilisant seulement les meilleurs ingr\u00e9dients biologiques 100 % italiens et 100 % certifi\u00e9s. 3 vari\u00e9t\u00e9s uniques d\u2019olives ont \u00e9t\u00e9 identifi\u00e9es : Coratina, Nocellara et Frantoio pour obtenir trois huiles d\u2019olive vierges extra avec des parfums et des go\u00fbts uniques et incomparables. Avant la r\u00e9colte, gr\u00e2ce \u00e0 des m\u00e9thodes innovantes, chaque cultivar a fait l\u2019objet d\u2019une analyse d\u2019ADN effectu\u00e9e par le Conseil national de la recherche pour choisir le bon stade de maturation et la meilleure qualit\u00e9 des olives. Contr\u00f4le continu \u00e0 basse temp\u00e9rature \u00e0 chaque \u00e9tape de la production : les conditions de r\u00e9colte, de transport, de stockage garantissent l\u2019absence de processus de fermentation, \u00e9vitant ainsi de nuire \u00e0 la qualit\u00e9 des huiles.","og_url":"https:\/\/shumans-monini-stage.ccws.it\/fr-ch\/product\/olivenol-extra-vierge-monocultivar-coratina-bio\/","og_site_name":"Monini","article_publisher":"https:\/\/www.facebook.com\/MoniniOlio\/","article_modified_time":"2025-08-19T10:18:37+00:00","og_image":[{"width":1024,"height":1280,"url":"https:\/\/shumans-monini-stage.ccws.it\/wp-content\/uploads\/2025\/06\/MONOCULTIVAR-CORATINA-2025-mockup-1.png","type":"image\/png"}],"twitter_card":"summary_large_image","twitter_misc":{"Est. reading time":"3 minutes"},"schema":{"@context":"https:\/\/schema.org","@graph":[{"@type":"WebPage","@id":"https:\/\/shumans-monini-stage.ccws.it\/fr-ch\/product\/olivenol-extra-vierge-monocultivar-coratina-bio\/","url":"https:\/\/shumans-monini-stage.ccws.it\/fr-ch\/product\/olivenol-extra-vierge-monocultivar-coratina-bio\/","name":"Monocultivar Coratina - Monini","isPartOf":{"@id":"https:\/\/shumans-monini-stage.ccws.it\/fr-ch\/#website"},"primaryImageOfPage":{"@id":"https:\/\/shumans-monini-stage.ccws.it\/fr-ch\/product\/olivenol-extra-vierge-monocultivar-coratina-bio\/#primaryimage"},"image":{"@id":"https:\/\/shumans-monini-stage.ccws.it\/fr-ch\/product\/olivenol-extra-vierge-monocultivar-coratina-bio\/#primaryimage"},"thumbnailUrl":"https:\/\/shumans-monini-stage.ccws.it\/wp-content\/uploads\/2025\/06\/MONOCULTIVAR-CORATINA-2025-mockup-1.png","datePublished":"2025-06-25T09:29:19+00:00","dateModified":"2025-08-19T10:18:37+00:00","breadcrumb":{"@id":"https:\/\/shumans-monini-stage.ccws.it\/fr-ch\/product\/olivenol-extra-vierge-monocultivar-coratina-bio\/#breadcrumb"},"inLanguage":"fr-CH","potentialAction":[{"@type":"ReadAction","target":["https:\/\/shumans-monini-stage.ccws.it\/fr-ch\/product\/olivenol-extra-vierge-monocultivar-coratina-bio\/"]}]},{"@type":"ImageObject","inLanguage":"fr-CH","@id":"https:\/\/shumans-monini-stage.ccws.it\/fr-ch\/product\/olivenol-extra-vierge-monocultivar-coratina-bio\/#primaryimage","url":"https:\/\/shumans-monini-stage.ccws.it\/wp-content\/uploads\/2025\/06\/MONOCULTIVAR-CORATINA-2025-mockup-1.png","contentUrl":"https:\/\/shumans-monini-stage.ccws.it\/wp-content\/uploads\/2025\/06\/MONOCULTIVAR-CORATINA-2025-mockup-1.png","width":1024,"height":1280},{"@type":"BreadcrumbList","@id":"https:\/\/shumans-monini-stage.ccws.it\/fr-ch\/product\/olivenol-extra-vierge-monocultivar-coratina-bio\/#breadcrumb","itemListElement":[{"@type":"ListItem","position":1,"name":"Home","item":"https:\/\/shumans-monini-stage.ccws.it\/fr-ch\/"},{"@type":"ListItem","position":2,"name":"Produits","item":"https:\/\/shumans-monini-stage.ccws.it\/fr-ch\/product\/"},{"@type":"ListItem","position":3,"name":"Monocultivar Coratina"}]},{"@type":"WebSite","@id":"https:\/\/shumans-monini-stage.ccws.it\/fr-ch\/#website","url":"https:\/\/shumans-monini-stage.ccws.it\/fr-ch\/","name":"Monini","description":"Una spremuta di olive","potentialAction":[{"@type":"SearchAction","target":{"@type":"EntryPoint","urlTemplate":"https:\/\/shumans-monini-stage.ccws.it\/fr-ch\/?s={search_term_string}"},"query-input":{"@type":"PropertyValueSpecification","valueRequired":true,"valueName":"search_term_string"}}],"inLanguage":"fr-CH"}]}},"acf":[],"_links":{"self":[{"href":"https:\/\/shumans-monini-stage.ccws.it\/fr-ch\/wp-json\/wp\/v2\/product\/35094","targetHints":{"allow":["GET"]}}],"collection":[{"href":"https:\/\/shumans-monini-stage.ccws.it\/fr-ch\/wp-json\/wp\/v2\/product"}],"about":[{"href":"https:\/\/shumans-monini-stage.ccws.it\/fr-ch\/wp-json\/wp\/v2\/types\/product"}],"author":[{"embeddable":true,"href":"https:\/\/shumans-monini-stage.ccws.it\/fr-ch\/wp-json\/wp\/v2\/users\/3"}],"version-history":[{"count":2,"href":"https:\/\/shumans-monini-stage.ccws.it\/fr-ch\/wp-json\/wp\/v2\/product\/35094\/revisions"}],"predecessor-version":[{"id":35101,"href":"https:\/\/shumans-monini-stage.ccws.it\/fr-ch\/wp-json\/wp\/v2\/product\/35094\/revisions\/35101"}],"wp:featuredmedia":[{"embeddable":true,"href":"https:\/\/shumans-monini-stage.ccws.it\/fr-ch\/wp-json\/wp\/v2\/media\/35098"}],"wp:attachment":[{"href":"https:\/\/shumans-monini-stage.ccws.it\/fr-ch\/wp-json\/wp\/v2\/media?parent=35094"}],"wp:term":[{"taxonomy":"post_tag","embeddable":true,"href":"https:\/\/shumans-monini-stage.ccws.it\/fr-ch\/wp-json\/wp\/v2\/tags?post=35094"},{"taxonomy":"cat_product","embeddable":true,"href":"https:\/\/shumans-monini-stage.ccws.it\/fr-ch\/wp-json\/wp\/v2\/cat_product?post=35094"}],"curies":[{"name":"wp","href":"https:\/\/api.w.org\/{rel}","templated":true}]}}