{"id":35102,"date":"2025-08-18T11:45:16","date_gmt":"2025-08-18T09:45:16","guid":{"rendered":"https:\/\/shumans-monini-stage.ccws.it\/?post_type=product&#038;p=35102"},"modified":"2025-08-19T12:20:18","modified_gmt":"2025-08-19T10:20:18","slug":"huile-aromatisee-aux-herbes-mediterraneennes","status":"publish","type":"product","link":"https:\/\/shumans-monini-stage.ccws.it\/fr-ch\/product\/huile-aromatisee-aux-herbes-mediterraneennes\/","title":{"rendered":"Huile aromatis\u00e9e aux Herbes M\u00e9diterran\u00e8ennes"},"content":{"rendered":"\n<div class=\"wp-block-group is-style-spaced\"><div class=\"wp-block-group__inner-container\">\n<h6 class=\"wp-block-heading\">SUGGESTIONS DE SERVICE<\/h6>\n\n\n\n<div style=\"height:0.25em\" aria-hidden=\"true\" class=\"wp-block-spacer\"><\/div>\n\n\n\n<div class=\"wp-block-columns\">\n<div class=\"wp-block-column\"><div class=\"wp-block-image\">\n<figure class=\"aligncenter size-full\"><img loading=\"lazy\" decoding=\"async\" width=\"120\" height=\"120\" src=\"https:\/\/shumans-monini-stage.ccws.it\/wp-content\/uploads\/2025\/08\/grigliate.jpg\" alt=\"\" class=\"wp-image-33927\"\/><figcaption class=\"wp-element-caption\">Viandes grill\u00e9es<\/figcaption><\/figure>\n<\/div><\/div>\n\n\n\n<div class=\"wp-block-column\"><div class=\"wp-block-image\">\n<figure class=\"aligncenter size-full\"><img loading=\"lazy\" decoding=\"async\" width=\"120\" height=\"120\" src=\"https:\/\/shumans-monini-stage.ccws.it\/wp-content\/uploads\/2025\/08\/patateal-fornoCH.jpg\" alt=\"\" class=\"wp-image-33941\"\/><figcaption class=\"wp-element-caption\">Pommes de terre au four<\/figcaption><\/figure>\n<\/div><\/div>\n\n\n\n<div class=\"wp-block-column\"><div class=\"wp-block-image\">\n<figure class=\"aligncenter size-full\"><img loading=\"lazy\" decoding=\"async\" width=\"120\" height=\"120\" src=\"https:\/\/shumans-monini-stage.ccws.it\/wp-content\/uploads\/2025\/08\/tastingPizzaCH.jpg\" alt=\"\" class=\"wp-image-33955\"\/><figcaption class=\"wp-element-caption\">Pizza<\/figcaption><\/figure>\n<\/div><\/div>\n<\/div>\n\n\n\n<div style=\"height:0.1em\" aria-hidden=\"true\" class=\"wp-block-spacer\"><\/div>\n\n\n\n<p>Parfait pour assaisonner\u00a0les pizzas, les viandes grill\u00e9es aussi bien\u00a0que les pommes de terre au four.<\/p>\n<\/div><\/div>\n","protected":false},"excerpt":{"rendered":"<p>Ce condiment \u00e9pic\u00e9 aux herbes m\u00e9diterran\u00e9ennes avec l\u2019huile d\u2019olive vierge extra est parfait pour assaisonner les pizzas, les viandes grill\u00e9es aussi bien que les pommes de terre au four.<\/p>\n","protected":false},"author":3,"featured_media":33918,"menu_order":0,"template":"","meta":{"_acf_changed":false,"footnotes":""},"tags":[],"cat_product":[398],"class_list":["post-35102","product","type-product","status-publish","has-post-thumbnail","hentry","cat_product-huiles-aromatisees"],"yoast_head":"<!-- This site is optimized with the Yoast SEO plugin v25.8 - https:\/\/yoast.com\/wordpress\/plugins\/seo\/ -->\n<title>Huile aromatis\u00e9e aux Herbes M\u00e9diterran\u00e8ennes - Monini<\/title>\n<meta name=\"robots\" content=\"noindex, follow, max-snippet:-1, max-image-preview:large, max-video-preview:-1\" \/>\n<meta property=\"og:locale\" content=\"fr_FR\" \/>\n<meta property=\"og:type\" content=\"article\" \/>\n<meta property=\"og:title\" content=\"Huile aromatis\u00e9e aux Herbes M\u00e9diterran\u00e8ennes - Monini\" \/>\n<meta property=\"og:description\" content=\"Ce condiment \u00e9pic\u00e9 aux herbes m\u00e9diterran\u00e9ennes avec l\u2019huile d\u2019olive vierge extra est parfait pour assaisonner les pizzas, les viandes grill\u00e9es aussi bien que les pommes de terre au four.\" \/>\n<meta property=\"og:url\" content=\"https:\/\/shumans-monini-stage.ccws.it\/fr-ch\/product\/huile-aromatisee-aux-herbes-mediterraneennes\/\" \/>\n<meta property=\"og:site_name\" content=\"Monini\" \/>\n<meta property=\"article:publisher\" content=\"https:\/\/www.facebook.com\/MoniniOlio\/\" \/>\n<meta property=\"article:modified_time\" content=\"2025-08-19T10:20:18+00:00\" \/>\n<meta property=\"og:image\" content=\"https:\/\/shumans-monini-stage.ccws.it\/wp-content\/uploads\/2025\/08\/erbearoma-itasvi.png\" \/>\n\t<meta property=\"og:image:width\" content=\"1024\" \/>\n\t<meta property=\"og:image:height\" content=\"1280\" \/>\n\t<meta property=\"og:image:type\" content=\"image\/png\" \/>\n<meta name=\"twitter:card\" content=\"summary_large_image\" \/>\n<meta name=\"twitter:label1\" content=\"Est. reading time\" \/>\n\t<meta name=\"twitter:data1\" content=\"1 minute\" \/>\n<script type=\"application\/ld+json\" class=\"yoast-schema-graph\">{\"@context\":\"https:\/\/schema.org\",\"@graph\":[{\"@type\":\"WebPage\",\"@id\":\"https:\/\/shumans-monini-stage.ccws.it\/fr-ch\/product\/huile-aromatisee-aux-herbes-mediterraneennes\/\",\"url\":\"https:\/\/shumans-monini-stage.ccws.it\/fr-ch\/product\/huile-aromatisee-aux-herbes-mediterraneennes\/\",\"name\":\"Huile aromatis\u00e9e aux Herbes M\u00e9diterran\u00e8ennes - Monini\",\"isPartOf\":{\"@id\":\"https:\/\/shumans-monini-stage.ccws.it\/fr-ch\/#website\"},\"primaryImageOfPage\":{\"@id\":\"https:\/\/shumans-monini-stage.ccws.it\/fr-ch\/product\/huile-aromatisee-aux-herbes-mediterraneennes\/#primaryimage\"},\"image\":{\"@id\":\"https:\/\/shumans-monini-stage.ccws.it\/fr-ch\/product\/huile-aromatisee-aux-herbes-mediterraneennes\/#primaryimage\"},\"thumbnailUrl\":\"https:\/\/shumans-monini-stage.ccws.it\/wp-content\/uploads\/2025\/08\/erbearoma-itasvi.png\",\"datePublished\":\"2025-08-18T09:45:16+00:00\",\"dateModified\":\"2025-08-19T10:20:18+00:00\",\"breadcrumb\":{\"@id\":\"https:\/\/shumans-monini-stage.ccws.it\/fr-ch\/product\/huile-aromatisee-aux-herbes-mediterraneennes\/#breadcrumb\"},\"inLanguage\":\"fr-CH\",\"potentialAction\":[{\"@type\":\"ReadAction\",\"target\":[\"https:\/\/shumans-monini-stage.ccws.it\/fr-ch\/product\/huile-aromatisee-aux-herbes-mediterraneennes\/\"]}]},{\"@type\":\"ImageObject\",\"inLanguage\":\"fr-CH\",\"@id\":\"https:\/\/shumans-monini-stage.ccws.it\/fr-ch\/product\/huile-aromatisee-aux-herbes-mediterraneennes\/#primaryimage\",\"url\":\"https:\/\/shumans-monini-stage.ccws.it\/wp-content\/uploads\/2025\/08\/erbearoma-itasvi.png\",\"contentUrl\":\"https:\/\/shumans-monini-stage.ccws.it\/wp-content\/uploads\/2025\/08\/erbearoma-itasvi.png\",\"width\":1024,\"height\":1280},{\"@type\":\"BreadcrumbList\",\"@id\":\"https:\/\/shumans-monini-stage.ccws.it\/fr-ch\/product\/huile-aromatisee-aux-herbes-mediterraneennes\/#breadcrumb\",\"itemListElement\":[{\"@type\":\"ListItem\",\"position\":1,\"name\":\"Home\",\"item\":\"https:\/\/shumans-monini-stage.ccws.it\/fr-ch\/\"},{\"@type\":\"ListItem\",\"position\":2,\"name\":\"Produits\",\"item\":\"https:\/\/shumans-monini-stage.ccws.it\/fr-ch\/product\/\"},{\"@type\":\"ListItem\",\"position\":3,\"name\":\"Huile aromatis\u00e9e aux Herbes M\u00e9diterran\u00e8ennes\"}]},{\"@type\":\"WebSite\",\"@id\":\"https:\/\/shumans-monini-stage.ccws.it\/fr-ch\/#website\",\"url\":\"https:\/\/shumans-monini-stage.ccws.it\/fr-ch\/\",\"name\":\"Monini\",\"description\":\"Una spremuta di olive\",\"potentialAction\":[{\"@type\":\"SearchAction\",\"target\":{\"@type\":\"EntryPoint\",\"urlTemplate\":\"https:\/\/shumans-monini-stage.ccws.it\/fr-ch\/?s={search_term_string}\"},\"query-input\":{\"@type\":\"PropertyValueSpecification\",\"valueRequired\":true,\"valueName\":\"search_term_string\"}}],\"inLanguage\":\"fr-CH\"}]}<\/script>\n<!-- \/ Yoast SEO plugin. -->","yoast_head_json":{"title":"Huile aromatis\u00e9e aux Herbes M\u00e9diterran\u00e8ennes - Monini","robots":{"index":"noindex","follow":"follow","max-snippet":"max-snippet:-1","max-image-preview":"max-image-preview:large","max-video-preview":"max-video-preview:-1"},"og_locale":"fr_FR","og_type":"article","og_title":"Huile aromatis\u00e9e aux Herbes M\u00e9diterran\u00e8ennes - Monini","og_description":"Ce condiment \u00e9pic\u00e9 aux herbes m\u00e9diterran\u00e9ennes avec l\u2019huile d\u2019olive vierge extra est parfait pour assaisonner les pizzas, les viandes grill\u00e9es aussi bien que les pommes de terre au four.","og_url":"https:\/\/shumans-monini-stage.ccws.it\/fr-ch\/product\/huile-aromatisee-aux-herbes-mediterraneennes\/","og_site_name":"Monini","article_publisher":"https:\/\/www.facebook.com\/MoniniOlio\/","article_modified_time":"2025-08-19T10:20:18+00:00","og_image":[{"width":1024,"height":1280,"url":"https:\/\/shumans-monini-stage.ccws.it\/wp-content\/uploads\/2025\/08\/erbearoma-itasvi.png","type":"image\/png"}],"twitter_card":"summary_large_image","twitter_misc":{"Est. reading time":"1 minute"},"schema":{"@context":"https:\/\/schema.org","@graph":[{"@type":"WebPage","@id":"https:\/\/shumans-monini-stage.ccws.it\/fr-ch\/product\/huile-aromatisee-aux-herbes-mediterraneennes\/","url":"https:\/\/shumans-monini-stage.ccws.it\/fr-ch\/product\/huile-aromatisee-aux-herbes-mediterraneennes\/","name":"Huile aromatis\u00e9e aux Herbes M\u00e9diterran\u00e8ennes - Monini","isPartOf":{"@id":"https:\/\/shumans-monini-stage.ccws.it\/fr-ch\/#website"},"primaryImageOfPage":{"@id":"https:\/\/shumans-monini-stage.ccws.it\/fr-ch\/product\/huile-aromatisee-aux-herbes-mediterraneennes\/#primaryimage"},"image":{"@id":"https:\/\/shumans-monini-stage.ccws.it\/fr-ch\/product\/huile-aromatisee-aux-herbes-mediterraneennes\/#primaryimage"},"thumbnailUrl":"https:\/\/shumans-monini-stage.ccws.it\/wp-content\/uploads\/2025\/08\/erbearoma-itasvi.png","datePublished":"2025-08-18T09:45:16+00:00","dateModified":"2025-08-19T10:20:18+00:00","breadcrumb":{"@id":"https:\/\/shumans-monini-stage.ccws.it\/fr-ch\/product\/huile-aromatisee-aux-herbes-mediterraneennes\/#breadcrumb"},"inLanguage":"fr-CH","potentialAction":[{"@type":"ReadAction","target":["https:\/\/shumans-monini-stage.ccws.it\/fr-ch\/product\/huile-aromatisee-aux-herbes-mediterraneennes\/"]}]},{"@type":"ImageObject","inLanguage":"fr-CH","@id":"https:\/\/shumans-monini-stage.ccws.it\/fr-ch\/product\/huile-aromatisee-aux-herbes-mediterraneennes\/#primaryimage","url":"https:\/\/shumans-monini-stage.ccws.it\/wp-content\/uploads\/2025\/08\/erbearoma-itasvi.png","contentUrl":"https:\/\/shumans-monini-stage.ccws.it\/wp-content\/uploads\/2025\/08\/erbearoma-itasvi.png","width":1024,"height":1280},{"@type":"BreadcrumbList","@id":"https:\/\/shumans-monini-stage.ccws.it\/fr-ch\/product\/huile-aromatisee-aux-herbes-mediterraneennes\/#breadcrumb","itemListElement":[{"@type":"ListItem","position":1,"name":"Home","item":"https:\/\/shumans-monini-stage.ccws.it\/fr-ch\/"},{"@type":"ListItem","position":2,"name":"Produits","item":"https:\/\/shumans-monini-stage.ccws.it\/fr-ch\/product\/"},{"@type":"ListItem","position":3,"name":"Huile aromatis\u00e9e aux Herbes M\u00e9diterran\u00e8ennes"}]},{"@type":"WebSite","@id":"https:\/\/shumans-monini-stage.ccws.it\/fr-ch\/#website","url":"https:\/\/shumans-monini-stage.ccws.it\/fr-ch\/","name":"Monini","description":"Una spremuta di olive","potentialAction":[{"@type":"SearchAction","target":{"@type":"EntryPoint","urlTemplate":"https:\/\/shumans-monini-stage.ccws.it\/fr-ch\/?s={search_term_string}"},"query-input":{"@type":"PropertyValueSpecification","valueRequired":true,"valueName":"search_term_string"}}],"inLanguage":"fr-CH"}]}},"acf":[],"_links":{"self":[{"href":"https:\/\/shumans-monini-stage.ccws.it\/fr-ch\/wp-json\/wp\/v2\/product\/35102","targetHints":{"allow":["GET"]}}],"collection":[{"href":"https:\/\/shumans-monini-stage.ccws.it\/fr-ch\/wp-json\/wp\/v2\/product"}],"about":[{"href":"https:\/\/shumans-monini-stage.ccws.it\/fr-ch\/wp-json\/wp\/v2\/types\/product"}],"author":[{"embeddable":true,"href":"https:\/\/shumans-monini-stage.ccws.it\/fr-ch\/wp-json\/wp\/v2\/users\/3"}],"version-history":[{"count":1,"href":"https:\/\/shumans-monini-stage.ccws.it\/fr-ch\/wp-json\/wp\/v2\/product\/35102\/revisions"}],"predecessor-version":[{"id":35103,"href":"https:\/\/shumans-monini-stage.ccws.it\/fr-ch\/wp-json\/wp\/v2\/product\/35102\/revisions\/35103"}],"wp:featuredmedia":[{"embeddable":true,"href":"https:\/\/shumans-monini-stage.ccws.it\/fr-ch\/wp-json\/wp\/v2\/media\/33918"}],"wp:attachment":[{"href":"https:\/\/shumans-monini-stage.ccws.it\/fr-ch\/wp-json\/wp\/v2\/media?parent=35102"}],"wp:term":[{"taxonomy":"post_tag","embeddable":true,"href":"https:\/\/shumans-monini-stage.ccws.it\/fr-ch\/wp-json\/wp\/v2\/tags?post=35102"},{"taxonomy":"cat_product","embeddable":true,"href":"https:\/\/shumans-monini-stage.ccws.it\/fr-ch\/wp-json\/wp\/v2\/cat_product?post=35102"}],"curies":[{"name":"wp","href":"https:\/\/api.w.org\/{rel}","templated":true}]}}