{"id":15248,"date":"2025-06-25T15:28:12","date_gmt":"2025-06-25T13:28:12","guid":{"rendered":"https:\/\/shumans-monini-stage.ccws.it\/?page_id=15248"},"modified":"2025-07-08T16:50:01","modified_gmt":"2025-07-08T14:50:01","slug":"confidentialite","status":"publish","type":"page","link":"https:\/\/shumans-monini-stage.ccws.it\/fr\/confidentialite\/","title":{"rendered":"CONFIDENTIALIT\u00c9"},"content":{"rendered":"\n<div class=\"wp-block-columns\">\n<div class=\"wp-block-column\">\n<h6 class=\"wp-block-heading\"><strong>NOTICE (\u00ab\u202fC\u202f\u00bb)<\/strong>\u202f\u00a0<\/h6>\n\n\n\n<p><strong>En vertu de l\u2019article 13 du d\u00e9cret l\u00e9gislatif italien n\u00b0196 du 30\u202fjuin\u202f2003,<\/strong>\u202f&nbsp;<\/p>\n\n\n\n<p><strong>Le code de protection des donn\u00e9es personnelles (d\u00e9sormais le \u00ab\u202fcode de confidentialit\u00e9\u202f\u00bb)<\/strong>\u202f&nbsp;<\/p>\n\n\n\n<p>En vertu de l\u2019article 13 du Code de confidentialit\u00e9, et en relation avec les donn\u00e9es personnelles et juridiques vous concernant, susceptibles d\u2019\u00eatre trait\u00e9es dans le but de n\u00e9gocier et de stipuler un contrat avec MONINI&nbsp;S.p.A.\u202f&nbsp;<\/p>\n\n\n\n<p>(ci-apr\u00e8s d\u00e9nomm\u00e9s respectivement \u00ab\u202f<strong>Donn\u00e9es<\/strong>\u202f\u00bb et \u00ab\u202f<strong>Contrat<\/strong>\u202f\u00bb), prendre connaissance des \u00e9l\u00e9ments suivants\u202f:\u202f&nbsp;<\/p>\n\n\n\n<p><strong>1 \u2013 CONTR\u00d4LEUR DE DONN\u00c9ES<\/strong>\u202f&nbsp;<\/p>\n\n\n\n<p>Le contr\u00f4leur des donn\u00e9es est&nbsp;Monini&nbsp;S.p.A., ayant son si\u00e8ge social \u00e0 Spoleto (PG) Italie, S.S. 3&nbsp;Flaminia, Km 129, en la personne de M.&nbsp;Zefferino&nbsp;Francesco&nbsp;Monini, PDG et repr\u00e9sentant l\u00e9gal pro&nbsp;tempore&nbsp;(d\u00e9sormais le \u00ab\u202f<strong>Contr\u00f4leur<\/strong>\u202f\u00bb).\u202f&nbsp;<\/p>\n\n\n\n<p><strong>2 \u2013 OBJET DU TRAITEMENT DES DONN\u00c9ES<\/strong>\u202f&nbsp;<\/p>\n\n\n\n<p>Le traitement des donn\u00e9es\u202f:\u202f&nbsp;<\/p>\n\n\n\n<p>a) vise \u00e0 permettre au contr\u00f4leur de mener \u00e0 bien les activit\u00e9s n\u00e9cessaires \u00e0 la conclusion du contrat\u202f;<br>b) est r\u00e9alis\u00e9 \u00e0 des fins li\u00e9es aux obligations impos\u00e9es par la l\u00e9gislation ou la r\u00e9glementation applicable, et par les dispositions \u00e9mises par les autorit\u00e9s comp\u00e9tentes\u202f\/\u202fles organes de contr\u00f4le et de surveillance.<\/p>\n\n\n\n<p><strong>3 \u2013 M\u00c9THODES DE TRAITEMENT DES DONN\u00c9ES<\/strong>\u202f&nbsp;<\/p>\n\n\n\n<p>Le traitement des donn\u00e9es\u202f:\u202f&nbsp;<\/p>\n\n\n\n<p>a) est effectu\u00e9 en utilisant des m\u00e9thodes et des proc\u00e9dures strictement n\u00e9cessaires \u00e0 l\u2019exercice de l\u2019activit\u00e9 d\u00e9crite au sous-paragraphe (a) de l\u2019article 2 ci-dessus, et en utilisant les op\u00e9rations ou combinaisons d\u2019op\u00e9rations indiqu\u00e9es au paragraphe 1 de l\u2019article 4, sous-paragraphe a) du Code de confidentialit\u00e9 ;<\/p>\n\n\n\n<p>(b) est \u00e9galement effectu\u00e9 \u00e0 l\u2019aide de moyens \u00e9lectroniques ou automatis\u00e9s. \u00c0 cet \u00e9gard, il convient de noter que les donn\u00e9es sont stock\u00e9es dans des archives \u00e9lectroniques et sur papier situ\u00e9es au si\u00e8ge du contr\u00f4leur\u202f;\u202f&nbsp;<\/p>\n\n\n\n<p>(c) est \u00e9galement effectu\u00e9e par&nbsp;<em>fax<\/em>, e-mail et\/ou d\u2019autres techniques de communication \u00e0 distance. Le Contr\u00f4leur utilise \u00e9galement les m\u00eames m\u00e9thodes lorsqu\u2019il communique les donn\u00e9es \u00e0 des tiers \u00e0 ces fins, comme indiqu\u00e9 aux points 6 et 8 ci-dessous.\u202f&nbsp;<\/p>\n\n\n\n<p><strong>4 \u2013 FOURNITURE DE DONN\u00c9ES<\/strong>\u202f&nbsp;<\/p>\n\n\n\n<p>Sans pr\u00e9judice de l\u2019autonomie personnelle de la partie concern\u00e9e, la fourniture des donn\u00e9es personnelles aux fins mentionn\u00e9es au point 2 ci-dessus est obligatoire en vertu des lois ou r\u00e8glements en vigueur.\u202f&nbsp;<\/p>\n\n\n\n<p><em>MONINI&nbsp;<\/em><em>S.p.A<\/em><em>.\u2013 r\u00e9v. 0<\/em>\u202f&nbsp;<\/p>\n\n\n\n<p><strong>5 \u2013 REFUS DE FOURNIR LES DONN\u00c9ES<\/strong>\u202f&nbsp;<\/p>\n\n\n\n<p>Tout refus par la partie concern\u00e9e de fournir les Donn\u00e9es ou de consentir \u00e0 leur traitement rendra impossible pour le Contr\u00f4leur de n\u00e9gocier et \u00e9ventuellement de conclure le Contrat.\u202f&nbsp;<\/p>\n\n\n\n<p><strong>6 \u2013 DIVULGATION DES DONN\u00c9ES<\/strong>\u202f&nbsp;<\/p>\n\n\n\n<p>Les donn\u00e9es peuvent \u00eatre divulgu\u00e9es \u00e0 d\u2019autres sujets aux fins indiqu\u00e9es au point 2 et, en particulier, peuvent \u00eatre divulgu\u00e9es \u00e0\u202f:\u202f&nbsp;<\/p>\n\n\n\n<p>_ des consultants qui aident le contr\u00f4leur \u00e0 ex\u00e9cuter l\u2019activit\u00e9 en r\u00e9f\u00e9rence au sous-paragraphe (a) de l\u2019article 2 ci-dessous (par exemple les consultants juridiques et fiscaux)\u202f;\u202f&nbsp;<\/p>\n\n\n\n<p>_ tous les gestionnaires externes de traitement de donn\u00e9es \u00e9ventuellement nomm\u00e9s \u00e0 cette fin.\u202f&nbsp;<\/p>\n\n\n\n<p><strong>7 \u2013 DIFFUSION DES DONN\u00c9ES<\/strong>\u202f&nbsp;<\/p>\n\n\n\n<p>Les donn\u00e9es ne sont pas sujettes \u00e0 diffusion.\u202f&nbsp;<\/p>\n\n\n\n<p><strong>8 \u2013 TRANSFERT DES DONN\u00c9ES \u00c0 L\u2019\u00c9TRANGER<\/strong>\u202f&nbsp;<\/p>\n\n\n\n<p>En ce qui concerne les finalit\u00e9s indiqu\u00e9es \u00e0 l\u2019article 2, les Donn\u00e9es ne seront pas transf\u00e9r\u00e9es \u00e0 l\u2019\u00e9tranger.\u202f&nbsp;<\/p>\n\n\n\n<p><strong>9 \u2013 DROITS DE LA PARTIE CONCERN\u00c9E<\/strong>\u202f&nbsp;<\/p>\n\n\n\n<p>L\u2019article 7 du Code accorde des droits sp\u00e9cifiques \u00e0 la partie concern\u00e9e, y compris le droit de confirmer l\u2019existence des donn\u00e9es personnelles les concernant, de transmettre les donn\u00e9es dans un format intelligible, d\u2019obtenir des informations sur les origines et la logique de leurs donn\u00e9es personnelles, les buts et les m\u00e9thodes du traitement des donn\u00e9es, pour obtenir la suppression, l\u2019anonymisation ou le blocage de toute donn\u00e9e ill\u00e9galement trait\u00e9e, ainsi que la mise \u00e0 jour, la correction ou l\u2019int\u00e9gration des donn\u00e9es, ou pour s\u2019opposer \u00e0 leur traitement pour des raisons l\u00e9gitimes.&nbsp;<\/p>\n\n\n\n<p><strong>10 \u2013 GESTIONNAIRE DE TRAITEMENT DES DONN\u00c9ES<\/strong>&nbsp;<\/p>\n\n\n\n<p>Le responsable des fonctions informatiques a \u00e9t\u00e9 d\u00e9sign\u00e9 par MONINI&nbsp;S.p.A. comme Traitement des donn\u00e9es (dor\u00e9navant \u00ab\u202f<strong>Gestionnaire<\/strong>\u202f\u00bb).\u202fLa partie concern\u00e9e peut contacter le Gestionnaire afin d\u2019exercer les droits indiqu\u00e9s au point 9 ci-dessus, ainsi que pour obtenir une liste mise \u00e0 jour des autres responsables d\u00e9sign\u00e9s, en \u00e9crivant \u00e0 l\u2019adresse e-mail&nbsp;privacy&nbsp;(at)&nbsp;monini&nbsp;(dot) com&nbsp;<\/p>\n<\/div>\n<\/div>\n","protected":false},"excerpt":{"rendered":"<p>NOTICE (\u00ab\u202fC\u202f\u00bb)\u202f\u00a0 En vertu de l\u2019article 13 du d\u00e9cret l\u00e9gislatif italien n\u00b0196 du 30\u202fjuin\u202f2003,\u202f&nbsp; Le&#8230;<\/p>\n","protected":false},"author":3,"featured_media":0,"parent":0,"menu_order":0,"comment_status":"closed","ping_status":"closed","template":"","meta":{"_acf_changed":false,"footnotes":""},"class_list":["post-15248","page","type-page","status-publish","hentry"],"yoast_head":"<!-- This site is optimized with the Yoast SEO plugin v25.8 - https:\/\/yoast.com\/wordpress\/plugins\/seo\/ -->\n<title>CONFIDENTIALIT\u00c9 - Monini<\/title>\n<meta name=\"robots\" content=\"noindex, follow, max-snippet:-1, max-image-preview:large, max-video-preview:-1\" \/>\n<meta property=\"og:locale\" content=\"fr_FR\" \/>\n<meta property=\"og:type\" content=\"article\" \/>\n<meta property=\"og:title\" content=\"CONFIDENTIALIT\u00c9 - Monini\" \/>\n<meta property=\"og:description\" content=\"NOTICE (\u00ab\u202fC\u202f\u00bb)\u202f\u00a0 En vertu de l\u2019article 13 du d\u00e9cret l\u00e9gislatif italien n\u00b0196 du 30\u202fjuin\u202f2003,\u202f&nbsp; Le...\" \/>\n<meta property=\"og:url\" content=\"https:\/\/shumans-monini-stage.ccws.it\/fr\/confidentialite\/\" \/>\n<meta property=\"og:site_name\" content=\"Monini\" \/>\n<meta property=\"article:publisher\" content=\"https:\/\/www.facebook.com\/MoniniOlio\/\" \/>\n<meta property=\"article:modified_time\" content=\"2025-07-08T14:50:01+00:00\" \/>\n<meta name=\"twitter:card\" content=\"summary_large_image\" \/>\n<meta name=\"twitter:label1\" content=\"Dur\u00e9e de lecture estim\u00e9e\" \/>\n\t<meta name=\"twitter:data1\" content=\"4 minutes\" \/>\n<script type=\"application\/ld+json\" class=\"yoast-schema-graph\">{\"@context\":\"https:\/\/schema.org\",\"@graph\":[{\"@type\":\"WebPage\",\"@id\":\"https:\/\/shumans-monini-stage.ccws.it\/fr\/confidentialite\/\",\"url\":\"https:\/\/shumans-monini-stage.ccws.it\/fr\/confidentialite\/\",\"name\":\"CONFIDENTIALIT\u00c9 - Monini\",\"isPartOf\":{\"@id\":\"https:\/\/shumans-monini-stage.ccws.it\/fr\/#website\"},\"datePublished\":\"2025-06-25T13:28:12+00:00\",\"dateModified\":\"2025-07-08T14:50:01+00:00\",\"breadcrumb\":{\"@id\":\"https:\/\/shumans-monini-stage.ccws.it\/fr\/confidentialite\/#breadcrumb\"},\"inLanguage\":\"fr-FR\",\"potentialAction\":[{\"@type\":\"ReadAction\",\"target\":[\"https:\/\/shumans-monini-stage.ccws.it\/fr\/confidentialite\/\"]}]},{\"@type\":\"BreadcrumbList\",\"@id\":\"https:\/\/shumans-monini-stage.ccws.it\/fr\/confidentialite\/#breadcrumb\",\"itemListElement\":[{\"@type\":\"ListItem\",\"position\":1,\"name\":\"Home\",\"item\":\"https:\/\/shumans-monini-stage.ccws.it\/fr\/\"},{\"@type\":\"ListItem\",\"position\":2,\"name\":\"CONFIDENTIALIT\u00c9\"}]},{\"@type\":\"WebSite\",\"@id\":\"https:\/\/shumans-monini-stage.ccws.it\/fr\/#website\",\"url\":\"https:\/\/shumans-monini-stage.ccws.it\/fr\/\",\"name\":\"Monini\",\"description\":\"Una spremuta di olive\",\"potentialAction\":[{\"@type\":\"SearchAction\",\"target\":{\"@type\":\"EntryPoint\",\"urlTemplate\":\"https:\/\/shumans-monini-stage.ccws.it\/fr\/?s={search_term_string}\"},\"query-input\":{\"@type\":\"PropertyValueSpecification\",\"valueRequired\":true,\"valueName\":\"search_term_string\"}}],\"inLanguage\":\"fr-FR\"}]}<\/script>\n<!-- \/ Yoast SEO plugin. -->","yoast_head_json":{"title":"CONFIDENTIALIT\u00c9 - Monini","robots":{"index":"noindex","follow":"follow","max-snippet":"max-snippet:-1","max-image-preview":"max-image-preview:large","max-video-preview":"max-video-preview:-1"},"og_locale":"fr_FR","og_type":"article","og_title":"CONFIDENTIALIT\u00c9 - Monini","og_description":"NOTICE (\u00ab\u202fC\u202f\u00bb)\u202f\u00a0 En vertu de l\u2019article 13 du d\u00e9cret l\u00e9gislatif italien n\u00b0196 du 30\u202fjuin\u202f2003,\u202f&nbsp; Le...","og_url":"https:\/\/shumans-monini-stage.ccws.it\/fr\/confidentialite\/","og_site_name":"Monini","article_publisher":"https:\/\/www.facebook.com\/MoniniOlio\/","article_modified_time":"2025-07-08T14:50:01+00:00","twitter_card":"summary_large_image","twitter_misc":{"Dur\u00e9e de lecture estim\u00e9e":"4 minutes"},"schema":{"@context":"https:\/\/schema.org","@graph":[{"@type":"WebPage","@id":"https:\/\/shumans-monini-stage.ccws.it\/fr\/confidentialite\/","url":"https:\/\/shumans-monini-stage.ccws.it\/fr\/confidentialite\/","name":"CONFIDENTIALIT\u00c9 - Monini","isPartOf":{"@id":"https:\/\/shumans-monini-stage.ccws.it\/fr\/#website"},"datePublished":"2025-06-25T13:28:12+00:00","dateModified":"2025-07-08T14:50:01+00:00","breadcrumb":{"@id":"https:\/\/shumans-monini-stage.ccws.it\/fr\/confidentialite\/#breadcrumb"},"inLanguage":"fr-FR","potentialAction":[{"@type":"ReadAction","target":["https:\/\/shumans-monini-stage.ccws.it\/fr\/confidentialite\/"]}]},{"@type":"BreadcrumbList","@id":"https:\/\/shumans-monini-stage.ccws.it\/fr\/confidentialite\/#breadcrumb","itemListElement":[{"@type":"ListItem","position":1,"name":"Home","item":"https:\/\/shumans-monini-stage.ccws.it\/fr\/"},{"@type":"ListItem","position":2,"name":"CONFIDENTIALIT\u00c9"}]},{"@type":"WebSite","@id":"https:\/\/shumans-monini-stage.ccws.it\/fr\/#website","url":"https:\/\/shumans-monini-stage.ccws.it\/fr\/","name":"Monini","description":"Una spremuta di olive","potentialAction":[{"@type":"SearchAction","target":{"@type":"EntryPoint","urlTemplate":"https:\/\/shumans-monini-stage.ccws.it\/fr\/?s={search_term_string}"},"query-input":{"@type":"PropertyValueSpecification","valueRequired":true,"valueName":"search_term_string"}}],"inLanguage":"fr-FR"}]}},"acf":[],"_links":{"self":[{"href":"https:\/\/shumans-monini-stage.ccws.it\/fr\/wp-json\/wp\/v2\/pages\/15248","targetHints":{"allow":["GET"]}}],"collection":[{"href":"https:\/\/shumans-monini-stage.ccws.it\/fr\/wp-json\/wp\/v2\/pages"}],"about":[{"href":"https:\/\/shumans-monini-stage.ccws.it\/fr\/wp-json\/wp\/v2\/types\/page"}],"author":[{"embeddable":true,"href":"https:\/\/shumans-monini-stage.ccws.it\/fr\/wp-json\/wp\/v2\/users\/3"}],"replies":[{"embeddable":true,"href":"https:\/\/shumans-monini-stage.ccws.it\/fr\/wp-json\/wp\/v2\/comments?post=15248"}],"version-history":[{"count":1,"href":"https:\/\/shumans-monini-stage.ccws.it\/fr\/wp-json\/wp\/v2\/pages\/15248\/revisions"}],"predecessor-version":[{"id":15249,"href":"https:\/\/shumans-monini-stage.ccws.it\/fr\/wp-json\/wp\/v2\/pages\/15248\/revisions\/15249"}],"wp:attachment":[{"href":"https:\/\/shumans-monini-stage.ccws.it\/fr\/wp-json\/wp\/v2\/media?parent=15248"}],"curies":[{"name":"wp","href":"https:\/\/api.w.org\/{rel}","templated":true}]}}