{"id":6402,"date":"2025-06-23T12:26:57","date_gmt":"2025-06-23T10:26:57","guid":{"rendered":"https:\/\/shumans-monini-stage.ccws.it\/?page_id=6402"},"modified":"2025-06-27T12:18:38","modified_gmt":"2025-06-27T10:18:38","slug":"zefferino-doro","status":"publish","type":"page","link":"https:\/\/shumans-monini-stage.ccws.it\/fr\/zefferino-doro\/","title":{"rendered":"Zefferino d&rsquo;Oro"},"content":{"rendered":"\n<div class=\"wp-block-group is-style-spaced\"><div class=\"wp-block-group__inner-container\">\n<h3 class=\"wp-block-heading\">Ecco i frantoiani che, la sera del 30 Maggio, sono stati celebrati con lo Zefferino D&rsquo;Oro III\u00b0 Edizione<\/h3>\n<\/div><\/div>\n\n\n\n<div style=\"height:0.5em\" aria-hidden=\"true\" class=\"wp-block-spacer\"><\/div>\n\n\n\n<div class=\"wp-block-columns\">\n<div class=\"wp-block-column is-style-default\">\n<figure class=\"wp-block-image size-full\"><img loading=\"lazy\" decoding=\"async\" width=\"1600\" height=\"1067\" src=\"https:\/\/shumans-monini-stage.ccws.it\/wp-content\/uploads\/2025\/06\/ZEFFERINO-D-ORO-2025-011.jpg\" alt=\"\" class=\"wp-image-994\" style=\"aspect-ratio:4\/3;object-fit:cover\" srcset=\"https:\/\/shumans-monini-stage.ccws.it\/wp-content\/uploads\/2025\/06\/ZEFFERINO-D-ORO-2025-011.jpg 1600w, https:\/\/shumans-monini-stage.ccws.it\/wp-content\/uploads\/2025\/06\/ZEFFERINO-D-ORO-2025-011-700x467.jpg 700w, https:\/\/shumans-monini-stage.ccws.it\/wp-content\/uploads\/2025\/06\/ZEFFERINO-D-ORO-2025-011-1024x683.jpg 1024w, https:\/\/shumans-monini-stage.ccws.it\/wp-content\/uploads\/2025\/06\/ZEFFERINO-D-ORO-2025-011-768x512.jpg 768w\" sizes=\"auto, (max-width: 1600px) 100vw, 1600px\" \/><\/figure>\n<\/div>\n\n\n\n<div class=\"wp-block-column\">\n<h6 class=\"wp-block-heading\">categoria FRUTTATO LEGGERO<\/h6>\n\n\n\n<h4 class=\"wp-block-heading\">Fr. Oleario Carone<\/h4>\n<\/div>\n<\/div>\n\n\n\n<div class=\"wp-block-columns\">\n<div class=\"wp-block-column\">\n<figure class=\"wp-block-image size-full\"><img loading=\"lazy\" decoding=\"async\" width=\"1600\" height=\"1067\" src=\"https:\/\/shumans-monini-stage.ccws.it\/wp-content\/uploads\/2025\/06\/ZEFFERINO-D-ORO-2025-016.jpg\" alt=\"\" class=\"wp-image-995\" style=\"aspect-ratio:4\/3;object-fit:cover\" srcset=\"https:\/\/shumans-monini-stage.ccws.it\/wp-content\/uploads\/2025\/06\/ZEFFERINO-D-ORO-2025-016.jpg 1600w, https:\/\/shumans-monini-stage.ccws.it\/wp-content\/uploads\/2025\/06\/ZEFFERINO-D-ORO-2025-016-700x467.jpg 700w, https:\/\/shumans-monini-stage.ccws.it\/wp-content\/uploads\/2025\/06\/ZEFFERINO-D-ORO-2025-016-1024x683.jpg 1024w, https:\/\/shumans-monini-stage.ccws.it\/wp-content\/uploads\/2025\/06\/ZEFFERINO-D-ORO-2025-016-768x512.jpg 768w\" sizes=\"auto, (max-width: 1600px) 100vw, 1600px\" \/><\/figure>\n<\/div>\n\n\n\n<div class=\"wp-block-column\">\n<h6 class=\"wp-block-heading\">categoria FRUTTATO MEDIO<\/h6>\n\n\n\n<h4 class=\"wp-block-heading\">Fr. Oleario Canino<\/h4>\n<\/div>\n<\/div>\n\n\n\n<div class=\"wp-block-columns\">\n<div class=\"wp-block-column\">\n<figure class=\"wp-block-image size-full\"><img loading=\"lazy\" decoding=\"async\" width=\"1600\" height=\"1067\" src=\"https:\/\/shumans-monini-stage.ccws.it\/wp-content\/uploads\/2025\/06\/ZEFFERINO-D-ORO-2025-021.jpg\" alt=\"\" class=\"wp-image-996\" style=\"aspect-ratio:4\/3;object-fit:cover\" srcset=\"https:\/\/shumans-monini-stage.ccws.it\/wp-content\/uploads\/2025\/06\/ZEFFERINO-D-ORO-2025-021.jpg 1600w, https:\/\/shumans-monini-stage.ccws.it\/wp-content\/uploads\/2025\/06\/ZEFFERINO-D-ORO-2025-021-700x467.jpg 700w, https:\/\/shumans-monini-stage.ccws.it\/wp-content\/uploads\/2025\/06\/ZEFFERINO-D-ORO-2025-021-1024x683.jpg 1024w, https:\/\/shumans-monini-stage.ccws.it\/wp-content\/uploads\/2025\/06\/ZEFFERINO-D-ORO-2025-021-768x512.jpg 768w\" sizes=\"auto, (max-width: 1600px) 100vw, 1600px\" \/><\/figure>\n<\/div>\n\n\n\n<div class=\"wp-block-column\">\n<h6 class=\"wp-block-heading\">categoria FRUTTATO INTENSO<\/h6>\n\n\n\n<h4 class=\"wp-block-heading\">Fr. Oleario Paparella<\/h4>\n<\/div>\n<\/div>\n\n\n\n<div class=\"wp-block-columns\">\n<div class=\"wp-block-column\">\n<figure class=\"wp-block-image size-full\"><img loading=\"lazy\" decoding=\"async\" width=\"1600\" height=\"1067\" src=\"https:\/\/shumans-monini-stage.ccws.it\/wp-content\/uploads\/2025\/06\/ZEFFERINO-D-ORO-2025-006.jpg\" alt=\"\" class=\"wp-image-993\" style=\"aspect-ratio:4\/3;object-fit:cover\" srcset=\"https:\/\/shumans-monini-stage.ccws.it\/wp-content\/uploads\/2025\/06\/ZEFFERINO-D-ORO-2025-006.jpg 1600w, https:\/\/shumans-monini-stage.ccws.it\/wp-content\/uploads\/2025\/06\/ZEFFERINO-D-ORO-2025-006-700x467.jpg 700w, https:\/\/shumans-monini-stage.ccws.it\/wp-content\/uploads\/2025\/06\/ZEFFERINO-D-ORO-2025-006-1024x683.jpg 1024w, https:\/\/shumans-monini-stage.ccws.it\/wp-content\/uploads\/2025\/06\/ZEFFERINO-D-ORO-2025-006-768x512.jpg 768w\" sizes=\"auto, (max-width: 1600px) 100vw, 1600px\" \/><\/figure>\n<\/div>\n\n\n\n<div class=\"wp-block-column\">\n<h6 class=\"wp-block-heading\">categoria BIOLOGICO<\/h6>\n\n\n\n<h4 class=\"wp-block-heading\">Societ\u00e0 Agricola Biorussi SNC<\/h4>\n<\/div>\n<\/div>\n\n\n\n<div style=\"height:0.25em\" aria-hidden=\"true\" class=\"wp-block-spacer\"><\/div>\n\n\n\n<div class=\"wp-block-group is-style-spaced\"><div class=\"wp-block-group__inner-container\">\n<h2 class=\"wp-block-heading\">Zefferino d&rsquo;Oro 2025<\/h2>\n\n\n\n<div style=\"height:0.25em\" aria-hidden=\"true\" class=\"wp-block-spacer\"><\/div>\n\n\n<figure class=\"wp-block-video\"><div class=\"monini_player\" data-plyr-provider=\"youtube\" data-plyr-embed-id=\"https:\/\/www.youtube.com\/watch?v=Q6T7Ng9UPMY&#038;list=TLGGP5XMby8qBkUyMzA2MjAyNQ\"><\/div><\/figure>\n\n\n<div style=\"height:0.25em\" aria-hidden=\"true\" class=\"wp-block-spacer\"><\/div>\n\n\n\n<div style=\"height:0.25em\" aria-hidden=\"true\" class=\"wp-block-spacer\"><\/div>\n\n\n\n<h6 class=\"wp-block-heading\">CELEBRIAMO LA FILIERA ITALIANA DELL&rsquo;OLIO EXTRA VERGINE DI OLIVA<\/h6>\n\n\n\n<p>La storia di Monini \u00e8 una storia di famiglia. Una storia iniziata nel 1920, grazie ad un\u2019intuizione di Zefferino Monini, che continua ancora oggi con i nipoti Maria Flora e Zefferino.<\/p>\n\n\n\n<p>In onore del fondatore dell\u2019azienda Monini, e in occasione della campagna olearia 2023\/2024, presentiamo la seconda edizione dello Zefferino d\u2019Oro, la celebrazione attraverso cui vogliamo valorizzare l\u2019impegno, la dedizione e la competenza dei nostri fornitori di materia prima 100% italiana, con l\u2019obiettivo di sensibilizzare e coinvolgere i frantoiani nella creazione di rapporti solidi e orientati alla valorizzazione dell\u2019intera filiera olearia.<\/p>\n\n\n\n<div style=\"height:0.25em\" aria-hidden=\"true\" class=\"wp-block-spacer\"><\/div>\n\n\n\n<figure class=\"wp-block-image size-large\"><img loading=\"lazy\" decoding=\"async\" width=\"1024\" height=\"736\" src=\"https:\/\/shumans-monini-stage.ccws.it\/wp-content\/uploads\/2025\/06\/Famiglia_Monini-1024x736.jpg\" alt=\"\" class=\"wp-image-695\" srcset=\"https:\/\/shumans-monini-stage.ccws.it\/wp-content\/uploads\/2025\/06\/Famiglia_Monini-1024x736.jpg 1024w, https:\/\/shumans-monini-stage.ccws.it\/wp-content\/uploads\/2025\/06\/Famiglia_Monini-300x216.jpg 300w, https:\/\/shumans-monini-stage.ccws.it\/wp-content\/uploads\/2025\/06\/Famiglia_Monini-768x552.jpg 768w, https:\/\/shumans-monini-stage.ccws.it\/wp-content\/uploads\/2025\/06\/Famiglia_Monini.jpg 1703w\" sizes=\"auto, (max-width: 1024px) 100vw, 1024px\" \/><\/figure>\n\n\n\n<div style=\"height:0.25em\" aria-hidden=\"true\" class=\"wp-block-spacer\"><\/div>\n\n\n\n<h6 class=\"wp-block-heading\">RICONOSCERE IL VALORE PER CREARE VALORE<\/h6>\n\n\n\n<p>Il nostro lavoro, da sempre, si costruisce nel saper riconoscere: un olio di qualit\u00e0, frutto di un frantoio e di un frantoiano di qualit\u00e0. Il nostro impegno, oggi, \u00e8 rivolto a voler riconoscere il valore della filiera da cui ha origine un prodotto eccellente, che oggi pi\u00f9 che mai necessita di essere valorizzata, affinch\u00e9 possa crescere ed evolvere in un sistema di cura, etica e progettualit\u00e0, con l\u2019obiettivo pi\u00f9 ampio di costruire valore per il futuro.<\/p>\n\n\n\n<div style=\"height:0.25em\" aria-hidden=\"true\" class=\"wp-block-spacer\"><\/div>\n\n\n\n<h2 class=\"wp-block-heading\"><strong>I parametri di selezione<\/strong><\/h2>\n\n\n\n<p>I parametri di selezione dello Zefferino d\u2019Oro non rappresentano un\u2019eccezione o un\u2019esclusiva per l\u2019iniziativa stessa, bens\u00ec testimoniano la qualit\u00e0 garantita in tutti i blend che quotidianamente vengono realizzati in Monini.<\/p>\n\n\n\n<div style=\"height:0.25em\" aria-hidden=\"true\" class=\"wp-block-spacer\"><\/div>\n<\/div><\/div>\n\n\n\n<section class=\"slider-step \">\n\t<div class=\"container-wrapper\">\n\t\t<div class=\"swiper swiperStep swiperSlides\">\n\t\t\t<div class=\"swiper-wrapper\">\n\t\t\t\t\t\n\n<div class=\"card-slider-step\">\n\t<div class=\"card-body\">\n\t\t\n\n<h6 class=\"wp-block-heading\">DIGLICERIDI<\/h6>\n\n\n\n<p>Rapporto 1,2 Digliceridi \/ 1,3 digliceridi maggiore o uguale al 90%: \u00e8 un parametro che restituisce la freschezza del prodotto, un olio appena franto ed al massimo della sua espressivit\u00e0 sensoriale<\/p>\n\n\n\t<\/div>\n<\/div>\n\n\n\n<div class=\"card-slider-step\">\n\t<div class=\"card-body\">\n\t\t\n\n<h6 class=\"wp-block-heading\">ACIDIT\u00e0<\/h6>\n\n\n\n<p>Tenore massimo di acidit\u00e0 minore dello 0,40%: il livello di acidit\u00e0 minimo (tenendo conto anche delle annate peggiori) che un olio deve avere per poter partecipare allo Zefferino D\u2019oro \u00e8 un valore del 50% inferiore al limite stabilito dalla legge. Perch\u00e9 un olio con bassa acidit\u00e0 \u00e8 sintomo di un frutto sano e franto velocemente.<\/p>\n\n\n\t<\/div>\n<\/div>\n\n\n\n<div class=\"card-slider-step\">\n\t<div class=\"card-body\">\n\t\t\n\n<h6 class=\"wp-block-heading\">ETIL ESTERI<\/h6>\n\n\n\n<p>tenore massimo di Etil Esteri minore di 15,0 mg\/kg: Un olio derivante da olive sane, frante velocemente ed un frantoio che segue le regole di pulizia e sanit\u00e0 restituisce un valore con un tenore di etil esteri molto basso. Il valore minimo per partecipare allo Zefferino d\u2019oro \u00e8 inferiore di pi\u00f9 del 50% al limite massimo consentito dalla legge per un olio extravergine.<\/p>\n\n\n\t<\/div>\n<\/div>\n\n\n\n<div class=\"card-slider-step\">\n\t<div class=\"card-body\">\n\t\t\n\n<h6 class=\"wp-block-heading\">RESIDUI ANTIPARASSITARIE<\/h6>\n\n\n\n<p>numero massimo di residui antiparassitari ammessi pari a 4: perch\u00e9 una materia prima di qualit\u00e0 non \u00e8 solamente buona, ma anche salutare. L\u2019impiego di molte sostanze e\/o l\u2019utilizzo di antiparassitari per preservare le olive da attacchi parassitari non \u00e8 una via corretta e perseguibile, anche se i limiti rientrano nella apposita legge. Gli oli che partecipano allo Zefferino d\u2019oro devono aver ricevuto trattamenti contenuti, corretti e pianificati.<\/p>\n\n\n\t<\/div>\n<\/div>\n\n\n\n<div class=\"card-slider-step\">\n\t<div class=\"card-body\">\n\t\t\n\n<h6 class=\"wp-block-heading\">POLIFENOLI<\/h6>\n\n\n\n<p>Il campione deve contenere una concentrazione di polifenoli di almeno 250 mg\/kg. I polifenoli, sostanze antiossidanti contenute negli oli extra vergine di oliva, non solo rappresentano un fondamentale contributo benefico per la salute, ma sono diretti testimoni della bont\u00e0 e della freschezza di olive colte in anticipo di maturazione, quando la concentrazione delle sostanze nutraceutiche \u00e8 alla loro massima espressione.<\/p>\n\n\n\t<\/div>\n<\/div>\n\n\n\t\t\t<\/div>\n\t\t\t<div class=\"swiper-buttons\">\n\t\t\t\t<div class=\"swiper-button swiper-gallery-prev\">\n\t\t\t\t\t<svg class=\"icon\" style=\"rotate: 180deg\"><use xlink:href=\"https:\/\/shumans-monini-stage.ccws.it\/wp-content\/themes\/monini\/assets\/dist\/svg\/sprite-default.svg#icon-arrow\"><\/use><\/svg>\n\t\t\t\t<\/div>\n\t\t\t\t<div class=\"swiper-button swiper-gallery-next\">\n\t\t\t\t\t<svg class=\"icon\"><use xlink:href=\"https:\/\/shumans-monini-stage.ccws.it\/wp-content\/themes\/monini\/assets\/dist\/svg\/sprite-default.svg#icon-arrow\"><\/use><\/svg>\n\t\t\t\t<\/div>\n\t\t\t<\/div>\n\t\t<\/div>\n\t<\/div>\n<\/section>\n\n\n\n<div style=\"height:0.5em\" aria-hidden=\"true\" class=\"wp-block-spacer\"><\/div>\n\n\n\n<div style=\"height:0.25em\" aria-hidden=\"true\" class=\"wp-block-spacer\"><\/div>\n\n\n\n<div class=\"wp-block-group is-style-spaced\"><div class=\"wp-block-group__inner-container\">\n<blockquote class=\"wp-block-quote is-layout-flow wp-block-quote-is-layout-flow\">\n<p>\u201cL\u2019auspicio \u00e8 che questa scelta possa rappresentare un primo passo di filiera verso un olio extravergine italiano che sia sempre pi\u00f9 di qualit\u00e0 e verso un sistema che protegga la ricchezza del nostro territorio. L\u2019olivicoltura italiana non sta vivendo un momento semplice: c\u2019\u00e8 bisogno di un cambio di rotta, di un\u2019evoluzione verso una produzione moderna e sostenibile sotto il profilo ambientale, economico e ovviamente sociale. Un cambiamento a nostro avviso non pi\u00f9 demandabile, che richiede uno sforzo congiunto di tutti gli attori della filiera. Noi, come impresa, cerchiamo di dare il buon esempio e siamo orgogliosi di poter contare sulla collaborazione di produttori che condividono i nostri valori, mettendoli in pratica ogni giorno, e con i quali si \u00e8 instaurato un rapporto di reciproca fiducia.\u201d<\/p>\n\n\n\n<h6 class=\"wp-block-heading\">Zefferino Monini, AD e Presidente Monini Spa<\/h6>\n<\/blockquote>\n\n\n\n<div style=\"height:0.25em\" aria-hidden=\"true\" class=\"wp-block-spacer\"><\/div>\n\n\n<div class=\"wp-block-image\">\n<figure class=\"aligncenter size-full\"><img loading=\"lazy\" decoding=\"async\" width=\"640\" height=\"1014\" src=\"https:\/\/shumans-monini-stage.ccws.it\/wp-content\/uploads\/2025\/06\/Zafferino_doro_premio.jpg\" alt=\"\" class=\"wp-image-698\" style=\"aspect-ratio:3\/4;object-fit:cover\" srcset=\"https:\/\/shumans-monini-stage.ccws.it\/wp-content\/uploads\/2025\/06\/Zafferino_doro_premio.jpg 640w, https:\/\/shumans-monini-stage.ccws.it\/wp-content\/uploads\/2025\/06\/Zafferino_doro_premio-189x300.jpg 189w\" sizes=\"auto, (max-width: 640px) 100vw, 640px\" \/><\/figure>\n<\/div>\n\n\n<div style=\"height:0.5em\" aria-hidden=\"true\" class=\"wp-block-spacer\"><\/div>\n\n\n\n<h2 class=\"wp-block-heading\"><strong>A Hand for the Future<\/strong><\/h2>\n\n\n\n<p>Nel 2020, in occasione del nostro centenario, abbiamo presentato il nostro Piano di Sostenibilit\u00e0 A Hand For The Future: un piano sfidante, con l\u2019impegno di prenderci cura della nostra terra e la volont\u00e0 di preservarne i preziosi frutti per le generazioni future.<\/p>\n\n\n\n<p>Per definire gli orizzonti al 2030 non abbiamo solo ripensato la nostra operativit\u00e0, ma abbiamo anche identificato azioni che contribuiscano a un cambiamento culturale diffuso e profondo. Vogliamo offrire un prodotto di qualit\u00e0 superiore, buono per la salute e dal gusto inconfondibile a tutti i nostri consumatori, non solo in Italia ma anche nel resto del mondo, creando valore per tutta la filiera olivicola italiana.<\/p>\n\n\n\n<p>L\u2019olio extravergine d\u2019oliva \u00e8 la nostra passione e per questo vogliamo renderlo patrimonio di tutti, ripartendo proprio da chi insieme a noi si impegna ogni giorno per realizzare un prodotto di eccellenza, con passione vocazione e competenza: i nostri frantoiani.<\/p>\n\n\n\n<div style=\"height:0.25em\" aria-hidden=\"true\" class=\"wp-block-spacer\"><\/div>\n\n\n<div class=\"wp-block-image\">\n<figure class=\"aligncenter size-full\"><img loading=\"lazy\" decoding=\"async\" width=\"390\" height=\"250\" src=\"https:\/\/shumans-monini-stage.ccws.it\/wp-content\/uploads\/2025\/06\/Logo_A_hand_for_the_future.png\" alt=\"\" class=\"wp-image-696\" srcset=\"https:\/\/shumans-monini-stage.ccws.it\/wp-content\/uploads\/2025\/06\/Logo_A_hand_for_the_future.png 390w, https:\/\/shumans-monini-stage.ccws.it\/wp-content\/uploads\/2025\/06\/Logo_A_hand_for_the_future-300x192.png 300w\" sizes=\"auto, (max-width: 390px) 100vw, 390px\" \/><\/figure>\n<\/div>\n\n\n<div style=\"height:0.25em\" aria-hidden=\"true\" class=\"wp-block-spacer\"><\/div>\n\n\n\n<div style=\"height:0.25em\" aria-hidden=\"true\" class=\"wp-block-spacer\"><\/div>\n\n\n\n<div style=\"height:0.5em\" aria-hidden=\"true\" class=\"wp-block-spacer\"><\/div>\n<\/div><\/div>\n\n\n\n<div class=\"wp-block-columns are-vertically-aligned-center is-style-banner\">\n<div class=\"wp-block-column is-vertically-aligned-center\">\n<figure class=\"wp-block-image size-full\"><img loading=\"lazy\" decoding=\"async\" width=\"1137\" height=\"758\" src=\"https:\/\/shumans-monini-stage.ccws.it\/wp-content\/uploads\/2025\/06\/Il_laboratorio.png\" alt=\"\" class=\"wp-image-796\" style=\"aspect-ratio:4\/3;object-fit:cover\" srcset=\"https:\/\/shumans-monini-stage.ccws.it\/wp-content\/uploads\/2025\/06\/Il_laboratorio.png 1137w, https:\/\/shumans-monini-stage.ccws.it\/wp-content\/uploads\/2025\/06\/Il_laboratorio-700x467.png 700w, https:\/\/shumans-monini-stage.ccws.it\/wp-content\/uploads\/2025\/06\/Il_laboratorio-1024x683.png 1024w, https:\/\/shumans-monini-stage.ccws.it\/wp-content\/uploads\/2025\/06\/Il_laboratorio-768x512.png 768w\" sizes=\"auto, (max-width: 1137px) 100vw, 1137px\" \/><\/figure>\n<\/div>\n\n\n\n<div class=\"wp-block-column is-vertically-aligned-center\">\n<h6 class=\"wp-block-heading\">I valori di monini<\/h6>\n\n\n\n<h2 class=\"wp-block-heading\">Le nostre certificazioni<\/h2>\n\n\n\n<p>Dotarsi di un sistema di qualit\u00e0 certificato significa stabilire degli standard da rispettare sulla base delle norme volontarie internazionali.<\/p>\n\n\n\n<div class=\"wp-block-buttons is-layout-flex wp-block-buttons-is-layout-flex\">\n<div class=\"wp-block-button\"><a class=\"btn btn-primary\" href=\"https:\/\/shumans-monini-stage.ccws.it\/it\/le-nostre-certificazioni\/\"><span>Scopri di pi\u00f9<\/span><\/a><\/div>\n<\/div>\n<\/div>\n<\/div>\n\n\n\n<div style=\"height:0.25em\" aria-hidden=\"true\" class=\"wp-block-spacer\"><\/div>\n\n\n\n<p><\/p>\n","protected":false},"excerpt":{"rendered":"<p>Ecco i frantoiani che, la sera del 30 Maggio, sono stati celebrati con lo Zefferino&#8230;<\/p>\n","protected":false},"author":5,"featured_media":3399,"parent":0,"menu_order":0,"comment_status":"closed","ping_status":"closed","template":"","meta":{"_acf_changed":false,"footnotes":""},"class_list":["post-6402","page","type-page","status-publish","has-post-thumbnail","hentry"],"yoast_head":"<!-- This site is optimized with the Yoast SEO plugin v25.8 - https:\/\/yoast.com\/wordpress\/plugins\/seo\/ -->\n<title>Zefferino d&#039;Oro - Monini<\/title>\n<meta name=\"robots\" content=\"noindex, follow, max-snippet:-1, max-image-preview:large, max-video-preview:-1\" \/>\n<meta property=\"og:locale\" content=\"fr_FR\" \/>\n<meta property=\"og:type\" content=\"article\" \/>\n<meta property=\"og:title\" content=\"Zefferino d&#039;Oro - Monini\" \/>\n<meta property=\"og:description\" content=\"Ecco i frantoiani che, la sera del 30 Maggio, sono stati celebrati con lo Zefferino...\" \/>\n<meta property=\"og:url\" content=\"https:\/\/shumans-monini-stage.ccws.it\/fr\/zefferino-doro\/\" \/>\n<meta property=\"og:site_name\" content=\"Monini\" \/>\n<meta property=\"article:publisher\" content=\"https:\/\/www.facebook.com\/MoniniOlio\/\" \/>\n<meta property=\"article:modified_time\" content=\"2025-06-27T10:18:38+00:00\" \/>\n<meta property=\"og:image\" content=\"https:\/\/shumans-monini-stage.ccws.it\/wp-content\/uploads\/2025\/06\/Logo_Sfondo_Bianco.png\" \/>\n\t<meta property=\"og:image:width\" content=\"640\" \/>\n\t<meta property=\"og:image:height\" content=\"226\" \/>\n\t<meta property=\"og:image:type\" content=\"image\/png\" \/>\n<meta name=\"twitter:card\" content=\"summary_large_image\" \/>\n<meta name=\"twitter:label1\" content=\"Dur\u00e9e de lecture estim\u00e9e\" \/>\n\t<meta name=\"twitter:data1\" content=\"6 minutes\" \/>\n<script type=\"application\/ld+json\" class=\"yoast-schema-graph\">{\"@context\":\"https:\/\/schema.org\",\"@graph\":[{\"@type\":\"WebPage\",\"@id\":\"https:\/\/shumans-monini-stage.ccws.it\/fr\/zefferino-doro\/\",\"url\":\"https:\/\/shumans-monini-stage.ccws.it\/fr\/zefferino-doro\/\",\"name\":\"Zefferino d'Oro - Monini\",\"isPartOf\":{\"@id\":\"https:\/\/shumans-monini-stage.ccws.it\/fr\/#website\"},\"primaryImageOfPage\":{\"@id\":\"https:\/\/shumans-monini-stage.ccws.it\/fr\/zefferino-doro\/#primaryimage\"},\"image\":{\"@id\":\"https:\/\/shumans-monini-stage.ccws.it\/fr\/zefferino-doro\/#primaryimage\"},\"thumbnailUrl\":\"https:\/\/shumans-monini-stage.ccws.it\/wp-content\/uploads\/2025\/06\/Logo_Sfondo_Bianco.png\",\"datePublished\":\"2025-06-23T10:26:57+00:00\",\"dateModified\":\"2025-06-27T10:18:38+00:00\",\"breadcrumb\":{\"@id\":\"https:\/\/shumans-monini-stage.ccws.it\/fr\/zefferino-doro\/#breadcrumb\"},\"inLanguage\":\"fr-FR\",\"potentialAction\":[{\"@type\":\"ReadAction\",\"target\":[\"https:\/\/shumans-monini-stage.ccws.it\/fr\/zefferino-doro\/\"]}]},{\"@type\":\"ImageObject\",\"inLanguage\":\"fr-FR\",\"@id\":\"https:\/\/shumans-monini-stage.ccws.it\/fr\/zefferino-doro\/#primaryimage\",\"url\":\"https:\/\/shumans-monini-stage.ccws.it\/wp-content\/uploads\/2025\/06\/Logo_Sfondo_Bianco.png\",\"contentUrl\":\"https:\/\/shumans-monini-stage.ccws.it\/wp-content\/uploads\/2025\/06\/Logo_Sfondo_Bianco.png\",\"width\":640,\"height\":226},{\"@type\":\"BreadcrumbList\",\"@id\":\"https:\/\/shumans-monini-stage.ccws.it\/fr\/zefferino-doro\/#breadcrumb\",\"itemListElement\":[{\"@type\":\"ListItem\",\"position\":1,\"name\":\"Home\",\"item\":\"https:\/\/shumans-monini-stage.ccws.it\/fr\/\"},{\"@type\":\"ListItem\",\"position\":2,\"name\":\"Zefferino d&rsquo;Oro\"}]},{\"@type\":\"WebSite\",\"@id\":\"https:\/\/shumans-monini-stage.ccws.it\/fr\/#website\",\"url\":\"https:\/\/shumans-monini-stage.ccws.it\/fr\/\",\"name\":\"Monini\",\"description\":\"Una spremuta di olive\",\"potentialAction\":[{\"@type\":\"SearchAction\",\"target\":{\"@type\":\"EntryPoint\",\"urlTemplate\":\"https:\/\/shumans-monini-stage.ccws.it\/fr\/?s={search_term_string}\"},\"query-input\":{\"@type\":\"PropertyValueSpecification\",\"valueRequired\":true,\"valueName\":\"search_term_string\"}}],\"inLanguage\":\"fr-FR\"}]}<\/script>\n<!-- \/ Yoast SEO plugin. -->","yoast_head_json":{"title":"Zefferino d'Oro - Monini","robots":{"index":"noindex","follow":"follow","max-snippet":"max-snippet:-1","max-image-preview":"max-image-preview:large","max-video-preview":"max-video-preview:-1"},"og_locale":"fr_FR","og_type":"article","og_title":"Zefferino d'Oro - Monini","og_description":"Ecco i frantoiani che, la sera del 30 Maggio, sono stati celebrati con lo Zefferino...","og_url":"https:\/\/shumans-monini-stage.ccws.it\/fr\/zefferino-doro\/","og_site_name":"Monini","article_publisher":"https:\/\/www.facebook.com\/MoniniOlio\/","article_modified_time":"2025-06-27T10:18:38+00:00","og_image":[{"width":640,"height":226,"url":"https:\/\/shumans-monini-stage.ccws.it\/wp-content\/uploads\/2025\/06\/Logo_Sfondo_Bianco.png","type":"image\/png"}],"twitter_card":"summary_large_image","twitter_misc":{"Dur\u00e9e de lecture estim\u00e9e":"6 minutes"},"schema":{"@context":"https:\/\/schema.org","@graph":[{"@type":"WebPage","@id":"https:\/\/shumans-monini-stage.ccws.it\/fr\/zefferino-doro\/","url":"https:\/\/shumans-monini-stage.ccws.it\/fr\/zefferino-doro\/","name":"Zefferino d'Oro - Monini","isPartOf":{"@id":"https:\/\/shumans-monini-stage.ccws.it\/fr\/#website"},"primaryImageOfPage":{"@id":"https:\/\/shumans-monini-stage.ccws.it\/fr\/zefferino-doro\/#primaryimage"},"image":{"@id":"https:\/\/shumans-monini-stage.ccws.it\/fr\/zefferino-doro\/#primaryimage"},"thumbnailUrl":"https:\/\/shumans-monini-stage.ccws.it\/wp-content\/uploads\/2025\/06\/Logo_Sfondo_Bianco.png","datePublished":"2025-06-23T10:26:57+00:00","dateModified":"2025-06-27T10:18:38+00:00","breadcrumb":{"@id":"https:\/\/shumans-monini-stage.ccws.it\/fr\/zefferino-doro\/#breadcrumb"},"inLanguage":"fr-FR","potentialAction":[{"@type":"ReadAction","target":["https:\/\/shumans-monini-stage.ccws.it\/fr\/zefferino-doro\/"]}]},{"@type":"ImageObject","inLanguage":"fr-FR","@id":"https:\/\/shumans-monini-stage.ccws.it\/fr\/zefferino-doro\/#primaryimage","url":"https:\/\/shumans-monini-stage.ccws.it\/wp-content\/uploads\/2025\/06\/Logo_Sfondo_Bianco.png","contentUrl":"https:\/\/shumans-monini-stage.ccws.it\/wp-content\/uploads\/2025\/06\/Logo_Sfondo_Bianco.png","width":640,"height":226},{"@type":"BreadcrumbList","@id":"https:\/\/shumans-monini-stage.ccws.it\/fr\/zefferino-doro\/#breadcrumb","itemListElement":[{"@type":"ListItem","position":1,"name":"Home","item":"https:\/\/shumans-monini-stage.ccws.it\/fr\/"},{"@type":"ListItem","position":2,"name":"Zefferino d&rsquo;Oro"}]},{"@type":"WebSite","@id":"https:\/\/shumans-monini-stage.ccws.it\/fr\/#website","url":"https:\/\/shumans-monini-stage.ccws.it\/fr\/","name":"Monini","description":"Una spremuta di olive","potentialAction":[{"@type":"SearchAction","target":{"@type":"EntryPoint","urlTemplate":"https:\/\/shumans-monini-stage.ccws.it\/fr\/?s={search_term_string}"},"query-input":{"@type":"PropertyValueSpecification","valueRequired":true,"valueName":"search_term_string"}}],"inLanguage":"fr-FR"}]}},"acf":[],"_links":{"self":[{"href":"https:\/\/shumans-monini-stage.ccws.it\/fr\/wp-json\/wp\/v2\/pages\/6402","targetHints":{"allow":["GET"]}}],"collection":[{"href":"https:\/\/shumans-monini-stage.ccws.it\/fr\/wp-json\/wp\/v2\/pages"}],"about":[{"href":"https:\/\/shumans-monini-stage.ccws.it\/fr\/wp-json\/wp\/v2\/types\/page"}],"author":[{"embeddable":true,"href":"https:\/\/shumans-monini-stage.ccws.it\/fr\/wp-json\/wp\/v2\/users\/5"}],"replies":[{"embeddable":true,"href":"https:\/\/shumans-monini-stage.ccws.it\/fr\/wp-json\/wp\/v2\/comments?post=6402"}],"version-history":[{"count":1,"href":"https:\/\/shumans-monini-stage.ccws.it\/fr\/wp-json\/wp\/v2\/pages\/6402\/revisions"}],"predecessor-version":[{"id":6403,"href":"https:\/\/shumans-monini-stage.ccws.it\/fr\/wp-json\/wp\/v2\/pages\/6402\/revisions\/6403"}],"wp:featuredmedia":[{"embeddable":true,"href":"https:\/\/shumans-monini-stage.ccws.it\/fr\/wp-json\/wp\/v2\/media\/3399"}],"wp:attachment":[{"href":"https:\/\/shumans-monini-stage.ccws.it\/fr\/wp-json\/wp\/v2\/media?parent=6402"}],"curies":[{"name":"wp","href":"https:\/\/api.w.org\/{rel}","templated":true}]}}