{"id":11369,"date":"2025-07-01T02:01:55","date_gmt":"2025-07-01T00:01:55","guid":{"rendered":"https:\/\/shumans-monini-stage.ccws.it\/?post_type=product&#038;p=11369"},"modified":"2025-07-01T03:57:53","modified_gmt":"2025-07-01T01:57:53","slug":"granfruttato-100-italienne-bio","status":"publish","type":"product","link":"https:\/\/shumans-monini-stage.ccws.it\/fr\/product\/granfruttato-100-italienne-bio\/","title":{"rendered":"Granfruttato 100% Italienne Bio"},"content":{"rendered":"\n<div class=\"wp-block-group is-style-spaced\"><div class=\"wp-block-group__inner-container\">\n<p>100% Italienne, issue de l\u2019agriculture biologique, cette huile d\u2019olive vierge extra est obtenue par des olives r\u00e9colt\u00e9es en l\u00e9g\u00e8re avance de maturation.<\/p>\n\n\n\n<p>La GranFruttato BIO est Riche et puissante, gr\u00e2ce \u00e0 la pr\u00e9sence des polyph\u00e9nols, antioxydants naturels auxquels la m\u00e9decine moderne attribue un r\u00f4le fondamental dans la d\u00e9fense de l\u2019organisme contre l\u2019oxydation et donc contre le vieillissement cellulaire.<\/p>\n\n\n\n<p>Id\u00e9ale \u00e0 froid en assaisonnement ou en filet sur un plat chaud.<\/p>\n\n\n\n<div style=\"height:50px\" aria-hidden=\"true\" class=\"wp-block-spacer\"><\/div>\n\n\n\n<hr class=\"wp-block-separator has-alpha-channel-opacity\"\/>\n\n\n\n<div style=\"height:0.25em\" aria-hidden=\"true\" class=\"wp-block-spacer\"><\/div>\n\n\n\n<div style=\"height:50px\" aria-hidden=\"true\" class=\"wp-block-spacer\"><\/div>\n<\/div><\/div>\n\n\n\n<div class=\"wp-block-group is-style-spaced\"><div class=\"wp-block-group__inner-container\">\n<h6 class=\"wp-block-heading\">SUGGESTIONS DE SERVICE<\/h6>\n\n\n\n<div style=\"height:0.25em\" aria-hidden=\"true\" class=\"wp-block-spacer\"><\/div>\n\n\n\n<div class=\"wp-block-columns are-vertically-aligned-top is-style-default\">\n<div class=\"wp-block-column is-vertically-aligned-top\"><div class=\"wp-block-image\">\n<figure class=\"aligncenter size-full is-resized\"><img loading=\"lazy\" decoding=\"async\" width=\"120\" height=\"120\" src=\"https:\/\/shumans-monini-stage.ccws.it\/wp-content\/uploads\/2025\/06\/icn_insalata@2X.png\" alt=\"\" class=\"wp-image-4670\" style=\"width:121px;height:auto\"\/><figcaption class=\"wp-element-caption\">L\u00e9gumes et salades<\/figcaption><\/figure>\n<\/div><\/div>\n\n\n\n<div class=\"wp-block-column is-vertically-aligned-top\"><div class=\"wp-block-image\">\n<figure class=\"aligncenter size-full is-resized\"><img loading=\"lazy\" decoding=\"async\" width=\"120\" height=\"120\" src=\"https:\/\/shumans-monini-stage.ccws.it\/wp-content\/uploads\/2025\/06\/icn_carnerossa@2X.png\" alt=\"\" class=\"wp-image-4521\" style=\"width:125px;height:auto\"\/><figcaption class=\"wp-element-caption\">Viandes rouges<\/figcaption><\/figure>\n<\/div><\/div>\n\n\n\n<div class=\"wp-block-column is-vertically-aligned-top\"><div class=\"wp-block-image\">\n<figure class=\"aligncenter size-full\"><img loading=\"lazy\" decoding=\"async\" width=\"120\" height=\"120\" src=\"https:\/\/shumans-monini-stage.ccws.it\/wp-content\/uploads\/2025\/06\/icn_per-grigliate@2X.png\" alt=\"\" class=\"wp-image-4449\"\/><figcaption class=\"wp-element-caption\">Pour des barbecue<\/figcaption><\/figure>\n<\/div><\/div>\n\n\n\n<div class=\"wp-block-column is-vertically-aligned-top\"><div class=\"wp-block-image\">\n<figure class=\"aligncenter size-full\"><img loading=\"lazy\" decoding=\"async\" width=\"120\" height=\"120\" src=\"https:\/\/shumans-monini-stage.ccws.it\/wp-content\/uploads\/2025\/06\/icn_per-utilizzi-a-crudo@2X-2.png\" alt=\"\" class=\"wp-image-4682\"\/><figcaption class=\"wp-element-caption\">Pour des utilisations \u00e0 cru<\/figcaption><\/figure>\n<\/div><\/div>\n<\/div>\n\n\n\n<div style=\"height:0.1em\" aria-hidden=\"true\" class=\"wp-block-spacer\"><\/div>\n\n\n\n<p>Tr\u00e8s parfum\u00e9 lorsqu\u2019elle est utilis\u00e9 crue et c\u2019est un compl\u00e9ment parfait pour enrichir le go\u00fbt de vos recettes.Elle est tr\u00e8s savoureuse sur des bruschetta (pain grill\u00e9), des salades, des l\u00e9gumes crus et cuits, des rago\u00fbts et o\u00f9 un riche go\u00fbt d\u2019olive s\u2019impose.<\/p>\n<\/div><\/div>\n\n\n    <section class=\"banner-link \">\n        <div class=\"banner-wrapper\">\n\t\t\t\t\t<div>\n\t\t\t\t\t    <h6 class=\"banner-category\">Guide de degustation<\/h6>\n              <h2 class=\"banner-title\">Reconna\u00eetre une bonne huile<\/h2>\t\t\t\t\t\t\n\t\t\t\t\t<\/div>\n\t\t\t\t\t<div>\n\t\t\t\t\t\t<a href=\"https:\/\/shumans-monini-stage.ccws.it\/fr\/article\/reconnaitre-une-bonne-huile\/\" title=\"En savoir plus\" class=\"btn btn-primary\">\n\t\t\t\t\t\t\t<span>En savoir plus<\/span>\n\t\t\t\t\t\t<\/a>\n\t\t\t\t\t<\/div>\n        <\/div>\n    <\/section>\n","protected":false},"excerpt":{"rendered":"<p>GranFruttato, fiert\u00e9 de la production de Monini, \u00e0 partir d\u2019aujourd\u2019hui \u00e9galement en version BIO.<\/p>\n","protected":false},"author":5,"featured_media":11371,"menu_order":2,"template":"","meta":{"_acf_changed":false,"footnotes":""},"tags":[],"cat_product":[196],"class_list":["post-11369","product","type-product","status-publish","has-post-thumbnail","hentry","cat_product-huiles-dolive-vierge-extra-100-italiennes"],"yoast_head":"<!-- This site is optimized with the Yoast SEO plugin v25.8 - https:\/\/yoast.com\/wordpress\/plugins\/seo\/ -->\n<title>Granfruttato 100% Italienne Bio - Monini<\/title>\n<meta name=\"robots\" content=\"noindex, follow, max-snippet:-1, max-image-preview:large, max-video-preview:-1\" \/>\n<meta property=\"og:locale\" content=\"fr_FR\" \/>\n<meta property=\"og:type\" content=\"article\" \/>\n<meta property=\"og:title\" content=\"Granfruttato 100% Italienne Bio - Monini\" \/>\n<meta property=\"og:description\" content=\"GranFruttato, fiert\u00e9 de la production de Monini, \u00e0 partir d\u2019aujourd\u2019hui \u00e9galement en version BIO.\" \/>\n<meta property=\"og:url\" content=\"https:\/\/shumans-monini-stage.ccws.it\/fr\/product\/granfruttato-100-italienne-bio\/\" \/>\n<meta property=\"og:site_name\" content=\"Monini\" \/>\n<meta property=\"article:publisher\" content=\"https:\/\/www.facebook.com\/MoniniOlio\/\" \/>\n<meta property=\"article:modified_time\" content=\"2025-07-01T01:57:53+00:00\" \/>\n<meta property=\"og:image\" content=\"https:\/\/shumans-monini-stage.ccws.it\/wp-content\/uploads\/2025\/07\/granf-bio-fra.png\" \/>\n\t<meta property=\"og:image:width\" content=\"1024\" \/>\n\t<meta property=\"og:image:height\" content=\"1280\" \/>\n\t<meta property=\"og:image:type\" content=\"image\/png\" \/>\n<meta name=\"twitter:card\" content=\"summary_large_image\" \/>\n<meta name=\"twitter:label1\" content=\"Dur\u00e9e de lecture estim\u00e9e\" \/>\n\t<meta name=\"twitter:data1\" content=\"2 minutes\" \/>\n<script type=\"application\/ld+json\" class=\"yoast-schema-graph\">{\"@context\":\"https:\/\/schema.org\",\"@graph\":[{\"@type\":\"WebPage\",\"@id\":\"https:\/\/shumans-monini-stage.ccws.it\/fr\/product\/granfruttato-100-italienne-bio\/\",\"url\":\"https:\/\/shumans-monini-stage.ccws.it\/fr\/product\/granfruttato-100-italienne-bio\/\",\"name\":\"Granfruttato 100% Italienne Bio - Monini\",\"isPartOf\":{\"@id\":\"https:\/\/shumans-monini-stage.ccws.it\/fr\/#website\"},\"primaryImageOfPage\":{\"@id\":\"https:\/\/shumans-monini-stage.ccws.it\/fr\/product\/granfruttato-100-italienne-bio\/#primaryimage\"},\"image\":{\"@id\":\"https:\/\/shumans-monini-stage.ccws.it\/fr\/product\/granfruttato-100-italienne-bio\/#primaryimage\"},\"thumbnailUrl\":\"https:\/\/shumans-monini-stage.ccws.it\/wp-content\/uploads\/2025\/07\/granf-bio-fra.png\",\"datePublished\":\"2025-07-01T00:01:55+00:00\",\"dateModified\":\"2025-07-01T01:57:53+00:00\",\"breadcrumb\":{\"@id\":\"https:\/\/shumans-monini-stage.ccws.it\/fr\/product\/granfruttato-100-italienne-bio\/#breadcrumb\"},\"inLanguage\":\"fr-FR\",\"potentialAction\":[{\"@type\":\"ReadAction\",\"target\":[\"https:\/\/shumans-monini-stage.ccws.it\/fr\/product\/granfruttato-100-italienne-bio\/\"]}]},{\"@type\":\"ImageObject\",\"inLanguage\":\"fr-FR\",\"@id\":\"https:\/\/shumans-monini-stage.ccws.it\/fr\/product\/granfruttato-100-italienne-bio\/#primaryimage\",\"url\":\"https:\/\/shumans-monini-stage.ccws.it\/wp-content\/uploads\/2025\/07\/granf-bio-fra.png\",\"contentUrl\":\"https:\/\/shumans-monini-stage.ccws.it\/wp-content\/uploads\/2025\/07\/granf-bio-fra.png\",\"width\":1024,\"height\":1280},{\"@type\":\"BreadcrumbList\",\"@id\":\"https:\/\/shumans-monini-stage.ccws.it\/fr\/product\/granfruttato-100-italienne-bio\/#breadcrumb\",\"itemListElement\":[{\"@type\":\"ListItem\",\"position\":1,\"name\":\"Home\",\"item\":\"https:\/\/shumans-monini-stage.ccws.it\/fr\/\"},{\"@type\":\"ListItem\",\"position\":2,\"name\":\"Produits\",\"item\":\"https:\/\/shumans-monini-stage.ccws.it\/fr\/product\/\"},{\"@type\":\"ListItem\",\"position\":3,\"name\":\"Granfruttato 100% Italienne Bio\"}]},{\"@type\":\"WebSite\",\"@id\":\"https:\/\/shumans-monini-stage.ccws.it\/fr\/#website\",\"url\":\"https:\/\/shumans-monini-stage.ccws.it\/fr\/\",\"name\":\"Monini\",\"description\":\"Una spremuta di olive\",\"potentialAction\":[{\"@type\":\"SearchAction\",\"target\":{\"@type\":\"EntryPoint\",\"urlTemplate\":\"https:\/\/shumans-monini-stage.ccws.it\/fr\/?s={search_term_string}\"},\"query-input\":{\"@type\":\"PropertyValueSpecification\",\"valueRequired\":true,\"valueName\":\"search_term_string\"}}],\"inLanguage\":\"fr-FR\"}]}<\/script>\n<!-- \/ Yoast SEO plugin. -->","yoast_head_json":{"title":"Granfruttato 100% Italienne Bio - Monini","robots":{"index":"noindex","follow":"follow","max-snippet":"max-snippet:-1","max-image-preview":"max-image-preview:large","max-video-preview":"max-video-preview:-1"},"og_locale":"fr_FR","og_type":"article","og_title":"Granfruttato 100% Italienne Bio - Monini","og_description":"GranFruttato, fiert\u00e9 de la production de Monini, \u00e0 partir d\u2019aujourd\u2019hui \u00e9galement en version BIO.","og_url":"https:\/\/shumans-monini-stage.ccws.it\/fr\/product\/granfruttato-100-italienne-bio\/","og_site_name":"Monini","article_publisher":"https:\/\/www.facebook.com\/MoniniOlio\/","article_modified_time":"2025-07-01T01:57:53+00:00","og_image":[{"width":1024,"height":1280,"url":"https:\/\/shumans-monini-stage.ccws.it\/wp-content\/uploads\/2025\/07\/granf-bio-fra.png","type":"image\/png"}],"twitter_card":"summary_large_image","twitter_misc":{"Dur\u00e9e de lecture estim\u00e9e":"2 minutes"},"schema":{"@context":"https:\/\/schema.org","@graph":[{"@type":"WebPage","@id":"https:\/\/shumans-monini-stage.ccws.it\/fr\/product\/granfruttato-100-italienne-bio\/","url":"https:\/\/shumans-monini-stage.ccws.it\/fr\/product\/granfruttato-100-italienne-bio\/","name":"Granfruttato 100% Italienne Bio - Monini","isPartOf":{"@id":"https:\/\/shumans-monini-stage.ccws.it\/fr\/#website"},"primaryImageOfPage":{"@id":"https:\/\/shumans-monini-stage.ccws.it\/fr\/product\/granfruttato-100-italienne-bio\/#primaryimage"},"image":{"@id":"https:\/\/shumans-monini-stage.ccws.it\/fr\/product\/granfruttato-100-italienne-bio\/#primaryimage"},"thumbnailUrl":"https:\/\/shumans-monini-stage.ccws.it\/wp-content\/uploads\/2025\/07\/granf-bio-fra.png","datePublished":"2025-07-01T00:01:55+00:00","dateModified":"2025-07-01T01:57:53+00:00","breadcrumb":{"@id":"https:\/\/shumans-monini-stage.ccws.it\/fr\/product\/granfruttato-100-italienne-bio\/#breadcrumb"},"inLanguage":"fr-FR","potentialAction":[{"@type":"ReadAction","target":["https:\/\/shumans-monini-stage.ccws.it\/fr\/product\/granfruttato-100-italienne-bio\/"]}]},{"@type":"ImageObject","inLanguage":"fr-FR","@id":"https:\/\/shumans-monini-stage.ccws.it\/fr\/product\/granfruttato-100-italienne-bio\/#primaryimage","url":"https:\/\/shumans-monini-stage.ccws.it\/wp-content\/uploads\/2025\/07\/granf-bio-fra.png","contentUrl":"https:\/\/shumans-monini-stage.ccws.it\/wp-content\/uploads\/2025\/07\/granf-bio-fra.png","width":1024,"height":1280},{"@type":"BreadcrumbList","@id":"https:\/\/shumans-monini-stage.ccws.it\/fr\/product\/granfruttato-100-italienne-bio\/#breadcrumb","itemListElement":[{"@type":"ListItem","position":1,"name":"Home","item":"https:\/\/shumans-monini-stage.ccws.it\/fr\/"},{"@type":"ListItem","position":2,"name":"Produits","item":"https:\/\/shumans-monini-stage.ccws.it\/fr\/product\/"},{"@type":"ListItem","position":3,"name":"Granfruttato 100% Italienne Bio"}]},{"@type":"WebSite","@id":"https:\/\/shumans-monini-stage.ccws.it\/fr\/#website","url":"https:\/\/shumans-monini-stage.ccws.it\/fr\/","name":"Monini","description":"Una spremuta di olive","potentialAction":[{"@type":"SearchAction","target":{"@type":"EntryPoint","urlTemplate":"https:\/\/shumans-monini-stage.ccws.it\/fr\/?s={search_term_string}"},"query-input":{"@type":"PropertyValueSpecification","valueRequired":true,"valueName":"search_term_string"}}],"inLanguage":"fr-FR"}]}},"acf":[],"_links":{"self":[{"href":"https:\/\/shumans-monini-stage.ccws.it\/fr\/wp-json\/wp\/v2\/product\/11369","targetHints":{"allow":["GET"]}}],"collection":[{"href":"https:\/\/shumans-monini-stage.ccws.it\/fr\/wp-json\/wp\/v2\/product"}],"about":[{"href":"https:\/\/shumans-monini-stage.ccws.it\/fr\/wp-json\/wp\/v2\/types\/product"}],"author":[{"embeddable":true,"href":"https:\/\/shumans-monini-stage.ccws.it\/fr\/wp-json\/wp\/v2\/users\/5"}],"version-history":[{"count":6,"href":"https:\/\/shumans-monini-stage.ccws.it\/fr\/wp-json\/wp\/v2\/product\/11369\/revisions"}],"predecessor-version":[{"id":11735,"href":"https:\/\/shumans-monini-stage.ccws.it\/fr\/wp-json\/wp\/v2\/product\/11369\/revisions\/11735"}],"wp:featuredmedia":[{"embeddable":true,"href":"https:\/\/shumans-monini-stage.ccws.it\/fr\/wp-json\/wp\/v2\/media\/11371"}],"wp:attachment":[{"href":"https:\/\/shumans-monini-stage.ccws.it\/fr\/wp-json\/wp\/v2\/media?parent=11369"}],"wp:term":[{"taxonomy":"post_tag","embeddable":true,"href":"https:\/\/shumans-monini-stage.ccws.it\/fr\/wp-json\/wp\/v2\/tags?post=11369"},{"taxonomy":"cat_product","embeddable":true,"href":"https:\/\/shumans-monini-stage.ccws.it\/fr\/wp-json\/wp\/v2\/cat_product?post=11369"}],"curies":[{"name":"wp","href":"https:\/\/api.w.org\/{rel}","templated":true}]}}