{"id":7229,"date":"2025-06-05T09:25:43","date_gmt":"2025-06-05T07:25:43","guid":{"rendered":"https:\/\/shumans-monini-stage.ccws.it\/?post_type=product&#038;p=7229"},"modified":"2025-07-22T13:12:11","modified_gmt":"2025-07-22T11:12:11","slug":"granfruttato-100-italienne","status":"publish","type":"product","link":"https:\/\/shumans-monini-stage.ccws.it\/fr\/product\/granfruttato-100-italienne\/","title":{"rendered":"Granfruttato 100% Italienne"},"content":{"rendered":"\n<div class=\"wp-block-group is-style-spaced\"><div class=\"wp-block-group__inner-container\">\n<h6 class=\"wp-block-heading\">LA RECETTE POUR UN GO\u00dbT EXTRAORDINAIRE<\/h6>\n\n\n\n<p>L\u2019huile d\u2019olive vierge extra GranFruttato est la fiert\u00e9 de la production de Monini. Elle est d\u00e9di\u00e9 aux consommateurs les plus exigeants qui pr\u00e9f\u00e8rent une saveur intense et forte.<\/p>\n\n\n\n<p>Le go\u00fbt piquant distinct est d\u00fb \u00e0 la teneur riche en polyph\u00e9nols, puissants antioxydants naturels auxquels la m\u00e9decine moderne attribue un r\u00f4le fondamental dans la d\u00e9fense&nbsp;de l\u2019organisme contre l\u2019oxydation et donc contre le vieillissement cellulaire.<\/p>\n\n\n\n<p>Pour ses caract\u00e9ristiques exceptionnelles, elle devrait \u00eatre utilis\u00e9 cru, o\u00f9 seules quelques gouttes peuvent enrichir les aliments. Un produit dans lequel l\u2019art de l\u2019huile d\u2019olive trouve son expression maximale.<\/p>\n\n\n\n<p>Id\u00e9ale \u00e0 froid en assaisonnement ou en filet sur un plat chaud.<\/p>\n\n\n\n<div style=\"height:0.25em\" aria-hidden=\"true\" class=\"wp-block-spacer\"><\/div>\n<\/div><\/div>\n\n\n    <section class=\"banner-link \">\n        <div class=\"banner-wrapper\">\n\t\t\t\t\t<div>\n\t\t\t\t\t    <h6 class=\"banner-category\">Guide de degustation<\/h6>\n              <h2 class=\"banner-title\">Reconna\u00eetre une bonne huile<\/h2>\t\t\t\t\t\t\n\t\t\t\t\t<\/div>\n\t\t\t\t\t<div>\n\t\t\t\t\t\t<a href=\"https:\/\/shumans-monini-stage.ccws.it\/fr\/article\/reconnaitre-une-bonne-huile\/\" title=\"En savoir plus\" class=\"btn btn-primary\">\n\t\t\t\t\t\t\t<span>En savoir plus<\/span>\n\t\t\t\t\t\t<\/a>\n\t\t\t\t\t<\/div>\n        <\/div>\n    <\/section>\n","protected":false},"excerpt":{"rendered":"<p>GranFruttato est une huile d\u2019olive vierge extra 100\u00a0% italienne.<\/p>\n","protected":false},"author":5,"featured_media":13138,"menu_order":1,"template":"","meta":{"_acf_changed":false,"footnotes":""},"tags":[],"cat_product":[194,196],"class_list":["post-7229","product","type-product","status-publish","has-post-thumbnail","hentry","cat_product-huiles-dolive-vierge-extra","cat_product-huiles-dolive-vierge-extra-100-italiennes"],"yoast_head":"<!-- This site is optimized with the Yoast SEO plugin v25.8 - https:\/\/yoast.com\/wordpress\/plugins\/seo\/ -->\n<title>Granfruttato 100% Italienne - Monini<\/title>\n<meta name=\"robots\" content=\"noindex, follow, max-snippet:-1, max-image-preview:large, max-video-preview:-1\" \/>\n<meta property=\"og:locale\" content=\"fr_FR\" \/>\n<meta property=\"og:type\" content=\"article\" \/>\n<meta property=\"og:title\" content=\"Granfruttato 100% Italienne - Monini\" \/>\n<meta property=\"og:description\" content=\"GranFruttato est une huile d\u2019olive vierge extra 100\u00a0% italienne.\" \/>\n<meta property=\"og:url\" content=\"https:\/\/shumans-monini-stage.ccws.it\/fr\/product\/granfruttato-100-italienne\/\" \/>\n<meta property=\"og:site_name\" content=\"Monini\" \/>\n<meta property=\"article:publisher\" content=\"https:\/\/www.facebook.com\/MoniniOlio\/\" \/>\n<meta property=\"article:modified_time\" content=\"2025-07-22T11:12:11+00:00\" \/>\n<meta property=\"og:image\" content=\"https:\/\/shumans-monini-stage.ccws.it\/wp-content\/uploads\/2025\/06\/gf-fra.png\" \/>\n\t<meta property=\"og:image:width\" content=\"1024\" \/>\n\t<meta property=\"og:image:height\" content=\"1280\" \/>\n\t<meta property=\"og:image:type\" content=\"image\/png\" \/>\n<meta name=\"twitter:card\" content=\"summary_large_image\" \/>\n<meta name=\"twitter:label1\" content=\"Dur\u00e9e de lecture estim\u00e9e\" \/>\n\t<meta name=\"twitter:data1\" content=\"1 minute\" \/>\n<script type=\"application\/ld+json\" class=\"yoast-schema-graph\">{\"@context\":\"https:\/\/schema.org\",\"@graph\":[{\"@type\":\"WebPage\",\"@id\":\"https:\/\/shumans-monini-stage.ccws.it\/fr\/product\/granfruttato-100-italienne\/\",\"url\":\"https:\/\/shumans-monini-stage.ccws.it\/fr\/product\/granfruttato-100-italienne\/\",\"name\":\"Granfruttato 100% Italienne - Monini\",\"isPartOf\":{\"@id\":\"https:\/\/shumans-monini-stage.ccws.it\/fr\/#website\"},\"primaryImageOfPage\":{\"@id\":\"https:\/\/shumans-monini-stage.ccws.it\/fr\/product\/granfruttato-100-italienne\/#primaryimage\"},\"image\":{\"@id\":\"https:\/\/shumans-monini-stage.ccws.it\/fr\/product\/granfruttato-100-italienne\/#primaryimage\"},\"thumbnailUrl\":\"https:\/\/shumans-monini-stage.ccws.it\/wp-content\/uploads\/2025\/06\/gf-fra.png\",\"datePublished\":\"2025-06-05T07:25:43+00:00\",\"dateModified\":\"2025-07-22T11:12:11+00:00\",\"breadcrumb\":{\"@id\":\"https:\/\/shumans-monini-stage.ccws.it\/fr\/product\/granfruttato-100-italienne\/#breadcrumb\"},\"inLanguage\":\"fr-FR\",\"potentialAction\":[{\"@type\":\"ReadAction\",\"target\":[\"https:\/\/shumans-monini-stage.ccws.it\/fr\/product\/granfruttato-100-italienne\/\"]}]},{\"@type\":\"ImageObject\",\"inLanguage\":\"fr-FR\",\"@id\":\"https:\/\/shumans-monini-stage.ccws.it\/fr\/product\/granfruttato-100-italienne\/#primaryimage\",\"url\":\"https:\/\/shumans-monini-stage.ccws.it\/wp-content\/uploads\/2025\/06\/gf-fra.png\",\"contentUrl\":\"https:\/\/shumans-monini-stage.ccws.it\/wp-content\/uploads\/2025\/06\/gf-fra.png\",\"width\":1024,\"height\":1280},{\"@type\":\"BreadcrumbList\",\"@id\":\"https:\/\/shumans-monini-stage.ccws.it\/fr\/product\/granfruttato-100-italienne\/#breadcrumb\",\"itemListElement\":[{\"@type\":\"ListItem\",\"position\":1,\"name\":\"Home\",\"item\":\"https:\/\/shumans-monini-stage.ccws.it\/fr\/\"},{\"@type\":\"ListItem\",\"position\":2,\"name\":\"Produits\",\"item\":\"https:\/\/shumans-monini-stage.ccws.it\/fr\/product\/\"},{\"@type\":\"ListItem\",\"position\":3,\"name\":\"Granfruttato 100% Italienne\"}]},{\"@type\":\"WebSite\",\"@id\":\"https:\/\/shumans-monini-stage.ccws.it\/fr\/#website\",\"url\":\"https:\/\/shumans-monini-stage.ccws.it\/fr\/\",\"name\":\"Monini\",\"description\":\"Una spremuta di olive\",\"potentialAction\":[{\"@type\":\"SearchAction\",\"target\":{\"@type\":\"EntryPoint\",\"urlTemplate\":\"https:\/\/shumans-monini-stage.ccws.it\/fr\/?s={search_term_string}\"},\"query-input\":{\"@type\":\"PropertyValueSpecification\",\"valueRequired\":true,\"valueName\":\"search_term_string\"}}],\"inLanguage\":\"fr-FR\"}]}<\/script>\n<!-- \/ Yoast SEO plugin. -->","yoast_head_json":{"title":"Granfruttato 100% Italienne - Monini","robots":{"index":"noindex","follow":"follow","max-snippet":"max-snippet:-1","max-image-preview":"max-image-preview:large","max-video-preview":"max-video-preview:-1"},"og_locale":"fr_FR","og_type":"article","og_title":"Granfruttato 100% Italienne - Monini","og_description":"GranFruttato est une huile d\u2019olive vierge extra 100\u00a0% italienne.","og_url":"https:\/\/shumans-monini-stage.ccws.it\/fr\/product\/granfruttato-100-italienne\/","og_site_name":"Monini","article_publisher":"https:\/\/www.facebook.com\/MoniniOlio\/","article_modified_time":"2025-07-22T11:12:11+00:00","og_image":[{"width":1024,"height":1280,"url":"https:\/\/shumans-monini-stage.ccws.it\/wp-content\/uploads\/2025\/06\/gf-fra.png","type":"image\/png"}],"twitter_card":"summary_large_image","twitter_misc":{"Dur\u00e9e de lecture estim\u00e9e":"1 minute"},"schema":{"@context":"https:\/\/schema.org","@graph":[{"@type":"WebPage","@id":"https:\/\/shumans-monini-stage.ccws.it\/fr\/product\/granfruttato-100-italienne\/","url":"https:\/\/shumans-monini-stage.ccws.it\/fr\/product\/granfruttato-100-italienne\/","name":"Granfruttato 100% Italienne - Monini","isPartOf":{"@id":"https:\/\/shumans-monini-stage.ccws.it\/fr\/#website"},"primaryImageOfPage":{"@id":"https:\/\/shumans-monini-stage.ccws.it\/fr\/product\/granfruttato-100-italienne\/#primaryimage"},"image":{"@id":"https:\/\/shumans-monini-stage.ccws.it\/fr\/product\/granfruttato-100-italienne\/#primaryimage"},"thumbnailUrl":"https:\/\/shumans-monini-stage.ccws.it\/wp-content\/uploads\/2025\/06\/gf-fra.png","datePublished":"2025-06-05T07:25:43+00:00","dateModified":"2025-07-22T11:12:11+00:00","breadcrumb":{"@id":"https:\/\/shumans-monini-stage.ccws.it\/fr\/product\/granfruttato-100-italienne\/#breadcrumb"},"inLanguage":"fr-FR","potentialAction":[{"@type":"ReadAction","target":["https:\/\/shumans-monini-stage.ccws.it\/fr\/product\/granfruttato-100-italienne\/"]}]},{"@type":"ImageObject","inLanguage":"fr-FR","@id":"https:\/\/shumans-monini-stage.ccws.it\/fr\/product\/granfruttato-100-italienne\/#primaryimage","url":"https:\/\/shumans-monini-stage.ccws.it\/wp-content\/uploads\/2025\/06\/gf-fra.png","contentUrl":"https:\/\/shumans-monini-stage.ccws.it\/wp-content\/uploads\/2025\/06\/gf-fra.png","width":1024,"height":1280},{"@type":"BreadcrumbList","@id":"https:\/\/shumans-monini-stage.ccws.it\/fr\/product\/granfruttato-100-italienne\/#breadcrumb","itemListElement":[{"@type":"ListItem","position":1,"name":"Home","item":"https:\/\/shumans-monini-stage.ccws.it\/fr\/"},{"@type":"ListItem","position":2,"name":"Produits","item":"https:\/\/shumans-monini-stage.ccws.it\/fr\/product\/"},{"@type":"ListItem","position":3,"name":"Granfruttato 100% Italienne"}]},{"@type":"WebSite","@id":"https:\/\/shumans-monini-stage.ccws.it\/fr\/#website","url":"https:\/\/shumans-monini-stage.ccws.it\/fr\/","name":"Monini","description":"Una spremuta di olive","potentialAction":[{"@type":"SearchAction","target":{"@type":"EntryPoint","urlTemplate":"https:\/\/shumans-monini-stage.ccws.it\/fr\/?s={search_term_string}"},"query-input":{"@type":"PropertyValueSpecification","valueRequired":true,"valueName":"search_term_string"}}],"inLanguage":"fr-FR"}]}},"acf":[],"_links":{"self":[{"href":"https:\/\/shumans-monini-stage.ccws.it\/fr\/wp-json\/wp\/v2\/product\/7229","targetHints":{"allow":["GET"]}}],"collection":[{"href":"https:\/\/shumans-monini-stage.ccws.it\/fr\/wp-json\/wp\/v2\/product"}],"about":[{"href":"https:\/\/shumans-monini-stage.ccws.it\/fr\/wp-json\/wp\/v2\/types\/product"}],"author":[{"embeddable":true,"href":"https:\/\/shumans-monini-stage.ccws.it\/fr\/wp-json\/wp\/v2\/users\/5"}],"version-history":[{"count":10,"href":"https:\/\/shumans-monini-stage.ccws.it\/fr\/wp-json\/wp\/v2\/product\/7229\/revisions"}],"predecessor-version":[{"id":11736,"href":"https:\/\/shumans-monini-stage.ccws.it\/fr\/wp-json\/wp\/v2\/product\/7229\/revisions\/11736"}],"wp:featuredmedia":[{"embeddable":true,"href":"https:\/\/shumans-monini-stage.ccws.it\/fr\/wp-json\/wp\/v2\/media\/13138"}],"wp:attachment":[{"href":"https:\/\/shumans-monini-stage.ccws.it\/fr\/wp-json\/wp\/v2\/media?parent=7229"}],"wp:term":[{"taxonomy":"post_tag","embeddable":true,"href":"https:\/\/shumans-monini-stage.ccws.it\/fr\/wp-json\/wp\/v2\/tags?post=7229"},{"taxonomy":"cat_product","embeddable":true,"href":"https:\/\/shumans-monini-stage.ccws.it\/fr\/wp-json\/wp\/v2\/cat_product?post=7229"}],"curies":[{"name":"wp","href":"https:\/\/api.w.org\/{rel}","templated":true}]}}