{"id":33549,"date":"2025-06-10T16:18:56","date_gmt":"2025-06-10T14:18:56","guid":{"rendered":"https:\/\/shumans-monini-stage.ccws.it\/?page_id=33549"},"modified":"2025-08-18T14:53:42","modified_gmt":"2025-08-18T12:53:42","slug":"sostenibilita","status":"publish","type":"page","link":"https:\/\/shumans-monini-stage.ccws.it\/it-ch\/sostenibilita\/","title":{"rendered":"Sostenibilit\u00e0"},"content":{"rendered":"\n<div class=\"wp-block-group is-style-spaced\"><div class=\"wp-block-group__inner-container\">\n<h2 class=\"wp-block-heading has-text-align-center\">Monini 2030<\/h2>\n\n\n\n<p class=\"has-text-align-center\">100 anni di storia, 10 per costruire un nuovo futuro.<\/p>\n\n\n<figure class=\"wp-block-video\"><div class=\"monini_player\" data-plyr-provider=\"youtube\" data-plyr-embed-id=\"https:\/\/www.youtube.com\/watch?v=44Zghmbpy20&#038;list=TLGGqTEalgvVIFsxODA4MjAyNQ\"><\/div><\/figure>\n\n\n<div style=\"height:50px\" aria-hidden=\"true\" class=\"wp-block-spacer\"><\/div>\n\n\n\n<h2 class=\"wp-block-heading has-text-align-center\">IL PERCORSO VERSO LA SOSTENIBILIT\u00c0<\/h2>\n\n\n\n<div class=\"wp-block-columns\">\n<div class=\"wp-block-column\">\n<p>Oggi il mondo della nutrizione si trova ad affrontare sfide sempre pi\u00f9 complesse e sfaccettate. Lo&nbsp;<strong>sviluppo sostenibile<\/strong>&nbsp;non riguarda solo la dimensione ambientale ma ha anche un importante risvolto socio-economico, sia dal punto di vista della produzione che del consumo. Stili di vita non equilibrati e minori garanzie di sicurezza alimentare minano la salute e il benessere individuale e collettivo.<\/p>\n\n\n\n<p>La&nbsp;<strong>passione per la qualit\u00e0 e l\u2019attenzione alla tutela e alla cura del territorio<\/strong>&nbsp;da sempre guidano la nostra operativit\u00e0, azienda famigliare con una vocazione naturale alla sostenibilit\u00e0.<\/p>\n<\/div>\n\n\n\n<div class=\"wp-block-column\">\n<p>L\u2019esperienza accumulata con una storia centenaria oggi diventa uno strumento fondamentale per rispondere in modo strategico a queste sfide, affrontando le conseguenze ambientali della crisi climatica,&nbsp;<strong>sostenendo l\u2019eccellenza della produzione italiana e tutelando il valore sociale del settore<\/strong>.<\/p>\n\n\n\n<p>Le scelte compiute nel corso degli anni ci hanno portato a identificare di volta in volta nuovi percorsi che garantissero una maggiore resilienza ai cambiamenti del settore agricolo, sfruttando le potenzialit\u00e0 offerte dall\u2019avanzamento tecnologico per&nbsp;<strong>ridurre l\u2019impatto sull\u2019ambiente, e un consumo pi\u00f9 sicuro.<\/strong><\/p>\n<\/div>\n<\/div>\n\n\n\n<blockquote class=\"wp-block-quote is-layout-flow wp-block-quote-is-layout-flow\">\n<p>Il Piano al 2030 si inserisce in questo percorso proiettando al futuro il nostro impegno per la sostenibilit\u00e0.<\/p>\n<\/blockquote>\n\n\n\n<div style=\"height:50px\" aria-hidden=\"true\" class=\"wp-block-spacer\"><\/div>\n\n\n\n<h2 class=\"wp-block-heading has-text-align-center\">OBIETTIVI DEL PROGETTO<\/h2>\n\n\n\n<div class=\"wp-block-media-text is-stacked-on-mobile\"><figure class=\"wp-block-media-text__media\"><img loading=\"lazy\" decoding=\"async\" width=\"548\" height=\"730\" src=\"https:\/\/shumans-monini-stage.ccws.it\/wp-content\/uploads\/2025\/06\/mfm_zm_742x730-1-edited.jpg\" alt=\"\" class=\"wp-image-8613 size-full\" srcset=\"https:\/\/shumans-monini-stage.ccws.it\/wp-content\/uploads\/2025\/06\/mfm_zm_742x730-1-edited.jpg 548w, https:\/\/shumans-monini-stage.ccws.it\/wp-content\/uploads\/2025\/06\/mfm_zm_742x730-1-edited-525x700.jpg 525w\" sizes=\"auto, (max-width: 548px) 100vw, 548px\" \/><\/figure><div class=\"wp-block-media-text__content\">\n<hr class=\"wp-block-separator has-alpha-channel-opacity\"\/>\n\n\n\n<p>Il nostro&nbsp;<strong>primo Piano di Sostenibilit\u00e0&nbsp;<\/strong>nasce con la volont\u00e0 di essere uno strumento per comunicare, in modo semplice e a tutti i nostri interlocutori, la strategia che intendiamo adottare per contribuire al benessere di questa generazione e di quelle che verranno da qui ai prossimi dieci anni.<\/p>\n\n\n\n<p><strong>Sviluppare un piano strategico con un orizzonte di lungo periodo<\/strong>\u00a0implica innanzitutto lo sforzo di immaginare l\u2019evoluzione degli scenari futuri. Per farlo, \u00e8 stato fondamentale comprendere i principali trend demografici, economici, climatici e ambientali a livello globale, e identificare i temi sui quali focalizzeremo il nostro impegno e le relative aree di impatto.<\/p>\n\n\n\n<hr class=\"wp-block-separator has-alpha-channel-opacity\"\/>\n<\/div><\/div>\n\n\n\n<div class=\"wp-block-media-text has-media-on-the-right is-stacked-on-mobile\"><div class=\"wp-block-media-text__content\">\n<hr class=\"wp-block-separator has-alpha-channel-opacity\"\/>\n\n\n\n<p>Ci siamo quindi posti l\u2019obiettivo di definire le linee d\u2019azione in grado di rispondere alle sfide attuali e anticipare i bisogni futuri, partecipando allo sviluppo del settore e delle regioni in cui siamo attualmente presenti.&nbsp;<strong>Lo studio delle pratiche di eccellenza del settore oleario e alimentare<\/strong>&nbsp;ha permesso l\u2019implementazione di soluzioni di sostenibilit\u00e0 ispirate al modello dei migliori esempi internazionali.<br>La volont\u00e0 di creare valore condiviso \u00e8 il filo rosso che lega le nostre diverse ambizioni: il valore economico generato deve portare benefici non solo all\u2019azienda ma anche ai portatori di interesse e al territorio in cui opera.<\/p>\n\n\n\n<p>Gli obiettivi e le azioni definite all\u2019interno del Piano sono il frutto di un percorso condiviso con tutte le direzioni aziendali. Il processo di costruzione ha visto il coinvolgimento di stakeholder chiave che hanno contribuito concretamente a definire l\u2019Orizzonte 2030 sui temi ambientali, sana alimentazione, salute ed educazione alimentare.<\/p>\n\n\n\n<hr class=\"wp-block-separator has-alpha-channel-opacity\"\/>\n<\/div><figure class=\"wp-block-media-text__media\"><img loading=\"lazy\" decoding=\"async\" width=\"740\" height=\"987\" src=\"https:\/\/shumans-monini-stage.ccws.it\/wp-content\/uploads\/2025\/06\/oliva_740x1128-edited.jpg\" alt=\"\" class=\"wp-image-8628 size-full\" srcset=\"https:\/\/shumans-monini-stage.ccws.it\/wp-content\/uploads\/2025\/06\/oliva_740x1128-edited.jpg 740w, https:\/\/shumans-monini-stage.ccws.it\/wp-content\/uploads\/2025\/06\/oliva_740x1128-edited-525x700.jpg 525w\" sizes=\"auto, (max-width: 740px) 100vw, 740px\" \/><\/figure><\/div>\n\n\n\n<blockquote class=\"wp-block-quote is-layout-flow wp-block-quote-is-layout-flow\">\n<p>Il Piano disegna un viaggio lungo dieci anni per promuovere e costruire un futuro pi\u00f9 sostenibile, giusto e consapevole. L\u2019impegno si delinea lungo TRE MACROAREE di intervento, arrivando a tracciare un percorso verso la sostenibilit\u00e0 che comincia dal campo e arriva fino alla tavola.<\/p>\n<\/blockquote>\n\n\n\n<div style=\"height:50px\" aria-hidden=\"true\" class=\"wp-block-spacer\"><\/div>\n\n\n\n<div class=\"wp-block-media-text is-stacked-on-mobile\"><figure class=\"wp-block-media-text__media\"><img loading=\"lazy\" decoding=\"async\" width=\"753\" height=\"755\" src=\"https:\/\/shumans-monini-stage.ccws.it\/wp-content\/uploads\/2025\/08\/INCAMPO.jpg\" alt=\"\" class=\"wp-image-34129 size-full\" srcset=\"https:\/\/shumans-monini-stage.ccws.it\/wp-content\/uploads\/2025\/08\/INCAMPO.jpg 753w, https:\/\/shumans-monini-stage.ccws.it\/wp-content\/uploads\/2025\/08\/INCAMPO-698x700.jpg 698w, https:\/\/shumans-monini-stage.ccws.it\/wp-content\/uploads\/2025\/08\/INCAMPO-125x125.jpg 125w\" sizes=\"auto, (max-width: 753px) 100vw, 753px\" \/><\/figure><div class=\"wp-block-media-text__content\">\n<p>Proseguiremo e rafforzeremo l\u2019impegno nella lotta ai cambiamenti climatici e nella tutela delle risorse naturali, a partire dal campo. La tecnologia diventa una preziosa alleata non solo per affinare le tecniche di trasformazione ma anche per ridurre i consumi, abilitando un uso pi\u00f9 responsabile di acqua e suolo.\u00a0<strong>100% degli oliveti coltivati ad agricoltura integrata o biologica<\/strong>\u00a0in ecosistemi vocati all\u2019olio e irrigati goccia a goccia,\u00a0<strong>1 milione di nuovi alberi piantati<\/strong>\u00a0e oltre\u00a0<strong>50 mila tonnellate di CO2 sequestrate:<\/strong>\u00a0questi gli obiettivi che ci diamo per realizzare un modello agricolo in armonia con l\u2019ambiente e sicuro, in grado di preservare tutto il valore della biodiversit\u00e0.<\/p>\n<\/div><\/div>\n\n\n\n<div class=\"wp-block-media-text is-stacked-on-mobile\"><figure class=\"wp-block-media-text__media\"><img loading=\"lazy\" decoding=\"async\" width=\"754\" height=\"754\" src=\"https:\/\/shumans-monini-stage.ccws.it\/wp-content\/uploads\/2025\/08\/DENTROLABOTTIGLIA.jpg\" alt=\"\" class=\"wp-image-34143 size-full\" srcset=\"https:\/\/shumans-monini-stage.ccws.it\/wp-content\/uploads\/2025\/08\/DENTROLABOTTIGLIA.jpg 754w, https:\/\/shumans-monini-stage.ccws.it\/wp-content\/uploads\/2025\/08\/DENTROLABOTTIGLIA-700x700.jpg 700w, https:\/\/shumans-monini-stage.ccws.it\/wp-content\/uploads\/2025\/08\/DENTROLABOTTIGLIA-125x125.jpg 125w\" sizes=\"auto, (max-width: 754px) 100vw, 754px\" \/><\/figure><div class=\"wp-block-media-text__content\">\n<p>La qualit\u00e0 dell\u2019olio extravergine d\u2019oliva, la tradizione della sua produzione e la cura in tutte le sue fasi rappresentano il grande patrimonio che siamo costantemente impegnati a difendere e valorizzare.<\/p>\n\n\n\n<p>Per questo intendiamo&nbsp;<strong>certificare il 100% dei nostri prodotti di origine italiana<\/strong>&nbsp;con il marchio del<strong>&nbsp;Consorzio Extravergine di Qualit\u00e0<\/strong>, aumentare la&nbsp;<strong>tracciabilit\u00e0<\/strong>&nbsp;tramite la tecnologia blockchain e utilizzare un packaging sempre pi\u00f9 leggero, che preveda l\u2019utilizzo di&nbsp;<strong>materiali riciclati<\/strong>&nbsp;e il design di una nuova bottiglia sostenibile.<\/p>\n<\/div><\/div>\n\n\n\n<div class=\"wp-block-media-text is-stacked-on-mobile\"><figure class=\"wp-block-media-text__media\"><img loading=\"lazy\" decoding=\"async\" width=\"754\" height=\"754\" src=\"https:\/\/shumans-monini-stage.ccws.it\/wp-content\/uploads\/2025\/08\/SULLATUATAVOLA.jpg\" alt=\"\" class=\"wp-image-34157 size-full\" srcset=\"https:\/\/shumans-monini-stage.ccws.it\/wp-content\/uploads\/2025\/08\/SULLATUATAVOLA.jpg 754w, https:\/\/shumans-monini-stage.ccws.it\/wp-content\/uploads\/2025\/08\/SULLATUATAVOLA-700x700.jpg 700w, https:\/\/shumans-monini-stage.ccws.it\/wp-content\/uploads\/2025\/08\/SULLATUATAVOLA-125x125.jpg 125w\" sizes=\"auto, (max-width: 754px) 100vw, 754px\" \/><\/figure><div class=\"wp-block-media-text__content\">\n<p>Investendo sulla&nbsp;<strong>salute e sul benessere delle generazioni future<\/strong>, intendiamo garantire dieci anni di sostegno alla ricerca scientifica in merito alle propriet\u00e0 nutraceutiche e nutrigenomiche dell\u2019olio extravergine d\u2019oliva, portando avanti&nbsp;<strong>progetti sperimentali e di divulgazione scientifica<\/strong>&nbsp;anche in collaborazione con la&nbsp;<strong>Fondazione Umberto Veronesi<\/strong>.<\/p>\n\n\n\n<p>Supporteremo inoltre&nbsp;<strong>l\u2019educazione alimentare di 1 milione di ragazzi<\/strong>, appartenenti a 14 .000 scuole, e al fine di promuovere uno stile di vita sano prevediamo il&nbsp;<strong>supporto a una serie di grandi eventi sportivi<\/strong>, con l\u2019obiettivo di incontrare 200 mila persone ogni anno.<\/p>\n<\/div><\/div>\n\n\n\n<blockquote class=\"wp-block-quote is-layout-flow wp-block-quote-is-layout-flow\">\n<p>In Monini guardiamo al futuro con fiducia e competenza, con la promessa di rimanere fedeli alla nostra filosofia: non togliere nulla alla natura e al territorio, con l\u2019impegno di offrire sempre ai consumatori un prodotto di qualit\u00e0 superiore, buono per la salute e dal gusto inconfondibile, non solo in Italia ma anche nel resto del mondo. Per rendere l\u2019olio extravergine d\u2019oliva PATRIMONIO DI TUTTI.<\/p>\n<\/blockquote>\n<\/div><\/div>\n\n\n\n<div style=\"height:0.7em\" aria-hidden=\"true\" class=\"wp-block-spacer\"><\/div>\n\n\n<div class=\"wp-block-image\">\n<figure class=\"aligncenter size-large\"><img loading=\"lazy\" decoding=\"async\" width=\"1024\" height=\"598\" src=\"https:\/\/shumans-monini-stage.ccws.it\/wp-content\/uploads\/2025\/08\/tavolata_1540x900-1-1024x598.jpg\" alt=\"\" class=\"wp-image-34105\" srcset=\"https:\/\/shumans-monini-stage.ccws.it\/wp-content\/uploads\/2025\/08\/tavolata_1540x900-1-1024x598.jpg 1024w, https:\/\/shumans-monini-stage.ccws.it\/wp-content\/uploads\/2025\/08\/tavolata_1540x900-1-700x409.jpg 700w, https:\/\/shumans-monini-stage.ccws.it\/wp-content\/uploads\/2025\/08\/tavolata_1540x900-1-768x449.jpg 768w, https:\/\/shumans-monini-stage.ccws.it\/wp-content\/uploads\/2025\/08\/tavolata_1540x900-1.jpg 1540w\" sizes=\"auto, (max-width: 1024px) 100vw, 1024px\" \/><\/figure>\n<\/div>","protected":false},"excerpt":{"rendered":"<p>100 anni di storia, 10 per costruire un nuovo futuro.<\/p>\n","protected":false},"author":3,"featured_media":33551,"parent":0,"menu_order":0,"comment_status":"closed","ping_status":"closed","template":"page-sustainability.php","meta":{"_acf_changed":false,"footnotes":""},"class_list":["post-33549","page","type-page","status-publish","has-post-thumbnail","hentry"],"yoast_head":"<!-- This site is optimized with the Yoast SEO plugin v25.8 - https:\/\/yoast.com\/wordpress\/plugins\/seo\/ -->\n<title>Sostenibilit\u00e0 - Monini<\/title>\n<meta name=\"robots\" content=\"noindex, follow, max-snippet:-1, max-image-preview:large, max-video-preview:-1\" \/>\n<meta property=\"og:locale\" content=\"it_IT\" \/>\n<meta property=\"og:type\" content=\"article\" \/>\n<meta property=\"og:title\" content=\"Sostenibilit\u00e0 - Monini\" \/>\n<meta property=\"og:description\" content=\"100 anni di storia, 10 per costruire un nuovo futuro.\" \/>\n<meta property=\"og:url\" content=\"https:\/\/shumans-monini-stage.ccws.it\/it-ch\/sostenibilita\/\" \/>\n<meta property=\"og:site_name\" content=\"Monini\" \/>\n<meta property=\"article:publisher\" content=\"https:\/\/www.facebook.com\/MoniniOlio\/\" \/>\n<meta property=\"article:modified_time\" content=\"2025-08-18T12:53:42+00:00\" \/>\n<meta property=\"og:image\" content=\"https:\/\/shumans-monini-stage.ccws.it\/wp-content\/uploads\/2025\/06\/sustainability-banner.jpg\" \/>\n\t<meta property=\"og:image:width\" content=\"1440\" \/>\n\t<meta property=\"og:image:height\" content=\"597\" \/>\n\t<meta property=\"og:image:type\" content=\"image\/jpeg\" \/>\n<meta name=\"twitter:card\" content=\"summary_large_image\" \/>\n<meta name=\"twitter:label1\" content=\"Est. reading time\" \/>\n\t<meta name=\"twitter:data1\" content=\"6 minutes\" \/>\n<script type=\"application\/ld+json\" class=\"yoast-schema-graph\">{\"@context\":\"https:\/\/schema.org\",\"@graph\":[{\"@type\":\"WebPage\",\"@id\":\"https:\/\/shumans-monini-stage.ccws.it\/it-ch\/sostenibilita\/\",\"url\":\"https:\/\/shumans-monini-stage.ccws.it\/it-ch\/sostenibilita\/\",\"name\":\"Sostenibilit\u00e0 - Monini\",\"isPartOf\":{\"@id\":\"https:\/\/shumans-monini-stage.ccws.it\/it-ch\/#website\"},\"primaryImageOfPage\":{\"@id\":\"https:\/\/shumans-monini-stage.ccws.it\/it-ch\/sostenibilita\/#primaryimage\"},\"image\":{\"@id\":\"https:\/\/shumans-monini-stage.ccws.it\/it-ch\/sostenibilita\/#primaryimage\"},\"thumbnailUrl\":\"https:\/\/shumans-monini-stage.ccws.it\/wp-content\/uploads\/2025\/06\/sustainability-banner.jpg\",\"datePublished\":\"2025-06-10T14:18:56+00:00\",\"dateModified\":\"2025-08-18T12:53:42+00:00\",\"breadcrumb\":{\"@id\":\"https:\/\/shumans-monini-stage.ccws.it\/it-ch\/sostenibilita\/#breadcrumb\"},\"inLanguage\":\"it-CH\",\"potentialAction\":[{\"@type\":\"ReadAction\",\"target\":[\"https:\/\/shumans-monini-stage.ccws.it\/it-ch\/sostenibilita\/\"]}]},{\"@type\":\"ImageObject\",\"inLanguage\":\"it-CH\",\"@id\":\"https:\/\/shumans-monini-stage.ccws.it\/it-ch\/sostenibilita\/#primaryimage\",\"url\":\"https:\/\/shumans-monini-stage.ccws.it\/wp-content\/uploads\/2025\/06\/sustainability-banner.jpg\",\"contentUrl\":\"https:\/\/shumans-monini-stage.ccws.it\/wp-content\/uploads\/2025\/06\/sustainability-banner.jpg\",\"width\":1440,\"height\":597},{\"@type\":\"BreadcrumbList\",\"@id\":\"https:\/\/shumans-monini-stage.ccws.it\/it-ch\/sostenibilita\/#breadcrumb\",\"itemListElement\":[{\"@type\":\"ListItem\",\"position\":1,\"name\":\"Home\",\"item\":\"https:\/\/shumans-monini-stage.ccws.it\/it-ch\/\"},{\"@type\":\"ListItem\",\"position\":2,\"name\":\"Sostenibilit\u00e0\"}]},{\"@type\":\"WebSite\",\"@id\":\"https:\/\/shumans-monini-stage.ccws.it\/it-ch\/#website\",\"url\":\"https:\/\/shumans-monini-stage.ccws.it\/it-ch\/\",\"name\":\"Monini\",\"description\":\"Una spremuta di olive\",\"potentialAction\":[{\"@type\":\"SearchAction\",\"target\":{\"@type\":\"EntryPoint\",\"urlTemplate\":\"https:\/\/shumans-monini-stage.ccws.it\/it-ch\/?s={search_term_string}\"},\"query-input\":{\"@type\":\"PropertyValueSpecification\",\"valueRequired\":true,\"valueName\":\"search_term_string\"}}],\"inLanguage\":\"it-CH\"}]}<\/script>\n<!-- \/ Yoast SEO plugin. -->","yoast_head_json":{"title":"Sostenibilit\u00e0 - Monini","robots":{"index":"noindex","follow":"follow","max-snippet":"max-snippet:-1","max-image-preview":"max-image-preview:large","max-video-preview":"max-video-preview:-1"},"og_locale":"it_IT","og_type":"article","og_title":"Sostenibilit\u00e0 - Monini","og_description":"100 anni di storia, 10 per costruire un nuovo futuro.","og_url":"https:\/\/shumans-monini-stage.ccws.it\/it-ch\/sostenibilita\/","og_site_name":"Monini","article_publisher":"https:\/\/www.facebook.com\/MoniniOlio\/","article_modified_time":"2025-08-18T12:53:42+00:00","og_image":[{"width":1440,"height":597,"url":"https:\/\/shumans-monini-stage.ccws.it\/wp-content\/uploads\/2025\/06\/sustainability-banner.jpg","type":"image\/jpeg"}],"twitter_card":"summary_large_image","twitter_misc":{"Est. reading time":"6 minutes"},"schema":{"@context":"https:\/\/schema.org","@graph":[{"@type":"WebPage","@id":"https:\/\/shumans-monini-stage.ccws.it\/it-ch\/sostenibilita\/","url":"https:\/\/shumans-monini-stage.ccws.it\/it-ch\/sostenibilita\/","name":"Sostenibilit\u00e0 - Monini","isPartOf":{"@id":"https:\/\/shumans-monini-stage.ccws.it\/it-ch\/#website"},"primaryImageOfPage":{"@id":"https:\/\/shumans-monini-stage.ccws.it\/it-ch\/sostenibilita\/#primaryimage"},"image":{"@id":"https:\/\/shumans-monini-stage.ccws.it\/it-ch\/sostenibilita\/#primaryimage"},"thumbnailUrl":"https:\/\/shumans-monini-stage.ccws.it\/wp-content\/uploads\/2025\/06\/sustainability-banner.jpg","datePublished":"2025-06-10T14:18:56+00:00","dateModified":"2025-08-18T12:53:42+00:00","breadcrumb":{"@id":"https:\/\/shumans-monini-stage.ccws.it\/it-ch\/sostenibilita\/#breadcrumb"},"inLanguage":"it-CH","potentialAction":[{"@type":"ReadAction","target":["https:\/\/shumans-monini-stage.ccws.it\/it-ch\/sostenibilita\/"]}]},{"@type":"ImageObject","inLanguage":"it-CH","@id":"https:\/\/shumans-monini-stage.ccws.it\/it-ch\/sostenibilita\/#primaryimage","url":"https:\/\/shumans-monini-stage.ccws.it\/wp-content\/uploads\/2025\/06\/sustainability-banner.jpg","contentUrl":"https:\/\/shumans-monini-stage.ccws.it\/wp-content\/uploads\/2025\/06\/sustainability-banner.jpg","width":1440,"height":597},{"@type":"BreadcrumbList","@id":"https:\/\/shumans-monini-stage.ccws.it\/it-ch\/sostenibilita\/#breadcrumb","itemListElement":[{"@type":"ListItem","position":1,"name":"Home","item":"https:\/\/shumans-monini-stage.ccws.it\/it-ch\/"},{"@type":"ListItem","position":2,"name":"Sostenibilit\u00e0"}]},{"@type":"WebSite","@id":"https:\/\/shumans-monini-stage.ccws.it\/it-ch\/#website","url":"https:\/\/shumans-monini-stage.ccws.it\/it-ch\/","name":"Monini","description":"Una spremuta di olive","potentialAction":[{"@type":"SearchAction","target":{"@type":"EntryPoint","urlTemplate":"https:\/\/shumans-monini-stage.ccws.it\/it-ch\/?s={search_term_string}"},"query-input":{"@type":"PropertyValueSpecification","valueRequired":true,"valueName":"search_term_string"}}],"inLanguage":"it-CH"}]}},"acf":[],"_links":{"self":[{"href":"https:\/\/shumans-monini-stage.ccws.it\/it-ch\/wp-json\/wp\/v2\/pages\/33549","targetHints":{"allow":["GET"]}}],"collection":[{"href":"https:\/\/shumans-monini-stage.ccws.it\/it-ch\/wp-json\/wp\/v2\/pages"}],"about":[{"href":"https:\/\/shumans-monini-stage.ccws.it\/it-ch\/wp-json\/wp\/v2\/types\/page"}],"author":[{"embeddable":true,"href":"https:\/\/shumans-monini-stage.ccws.it\/it-ch\/wp-json\/wp\/v2\/users\/3"}],"replies":[{"embeddable":true,"href":"https:\/\/shumans-monini-stage.ccws.it\/it-ch\/wp-json\/wp\/v2\/comments?post=33549"}],"version-history":[{"count":3,"href":"https:\/\/shumans-monini-stage.ccws.it\/it-ch\/wp-json\/wp\/v2\/pages\/33549\/revisions"}],"predecessor-version":[{"id":34173,"href":"https:\/\/shumans-monini-stage.ccws.it\/it-ch\/wp-json\/wp\/v2\/pages\/33549\/revisions\/34173"}],"wp:featuredmedia":[{"embeddable":true,"href":"https:\/\/shumans-monini-stage.ccws.it\/it-ch\/wp-json\/wp\/v2\/media\/33551"}],"wp:attachment":[{"href":"https:\/\/shumans-monini-stage.ccws.it\/it-ch\/wp-json\/wp\/v2\/media?parent=33549"}],"curies":[{"name":"wp","href":"https:\/\/api.w.org\/{rel}","templated":true}]}}