{"id":33422,"date":"2025-06-25T10:47:28","date_gmt":"2025-06-25T08:47:28","guid":{"rendered":"https:\/\/shumans-monini-stage.ccws.it\/?post_type=product&#038;p=33422"},"modified":"2025-08-16T16:22:44","modified_gmt":"2025-08-16T14:22:44","slug":"monocultivar-nocellara","status":"publish","type":"product","link":"https:\/\/shumans-monini-stage.ccws.it\/it-ch\/product\/monocultivar-nocellara\/","title":{"rendered":"Monocultivar Nocellara"},"content":{"rendered":"\n<div class=\"wp-block-group is-style-default\"><div class=\"wp-block-group__inner-container\">\n<div class=\"wp-block-columns is-style-formatted\">\n<div class=\"wp-block-column\">\n<figure class=\"wp-block-image size-full\"><img loading=\"lazy\" decoding=\"async\" width=\"1138\" height=\"814\" src=\"https:\/\/shumans-monini-stage.ccws.it\/wp-content\/uploads\/2025\/06\/product-nocellara-insight01@2.jpg\" alt=\"\" class=\"wp-image-2276\" srcset=\"https:\/\/shumans-monini-stage.ccws.it\/wp-content\/uploads\/2025\/06\/product-nocellara-insight01@2.jpg 1138w, https:\/\/shumans-monini-stage.ccws.it\/wp-content\/uploads\/2025\/06\/product-nocellara-insight01@2-700x501.jpg 700w, https:\/\/shumans-monini-stage.ccws.it\/wp-content\/uploads\/2025\/06\/product-nocellara-insight01@2-1024x732.jpg 1024w, https:\/\/shumans-monini-stage.ccws.it\/wp-content\/uploads\/2025\/06\/product-nocellara-insight01@2-768x549.jpg 768w\" sizes=\"auto, (max-width: 1138px) 100vw, 1138px\" \/><\/figure>\n<\/div>\n\n\n\n<div class=\"wp-block-column is-vertically-aligned-center\">\n<h6 class=\"wp-block-heading\">UN EXTRAVERGINE DALL\u2019ANIMA SICULA<\/h6>\n\n\n\n<p>Un extravergine purissimo, naturale, che racchiude i sapori mediterranei di un\u2019isola baciata dal sole, dove l\u2019olio \u00e8 una tradizione millenaria. La qualit\u00e0 di quest\u2019olio \u00e8 il frutto di un lavoro attento e costante, importante quanto il terreno da cui nascono i suoi oliveti.<\/p>\n<\/div>\n<\/div>\n\n\n\n<div style=\"height:0.5em\" aria-hidden=\"true\" class=\"wp-block-spacer\"><\/div>\n\n\n\n<div class=\"wp-block-group is-style-spaced\"><div class=\"wp-block-group__inner-container\">\n<h6 class=\"wp-block-heading\">Consigli di degustazione<\/h6>\n\n\n\n<div style=\"height:0.25em\" aria-hidden=\"true\" class=\"wp-block-spacer\"><\/div>\n\n\n\n<div class=\"wp-block-columns are-vertically-aligned-top is-style-default\">\n<div class=\"wp-block-column is-vertically-aligned-top\"><div class=\"wp-block-image\">\n<figure class=\"aligncenter size-full\"><img loading=\"lazy\" decoding=\"async\" width=\"120\" height=\"120\" src=\"https:\/\/shumans-monini-stage.ccws.it\/wp-content\/uploads\/2025\/06\/icn_carnibianche@2X.png\" alt=\"\" class=\"wp-image-2238\"\/><figcaption class=\"wp-element-caption\">Carni bianche<\/figcaption><\/figure>\n<\/div><\/div>\n\n\n\n<div class=\"wp-block-column is-vertically-aligned-top\"><div class=\"wp-block-image\">\n<figure class=\"aligncenter size-full\"><img loading=\"lazy\" decoding=\"async\" width=\"120\" height=\"120\" src=\"https:\/\/shumans-monini-stage.ccws.it\/wp-content\/uploads\/2025\/06\/icn_dolci-gelati@2X.png\" alt=\"\" class=\"wp-image-2246\"\/><figcaption class=\"wp-element-caption\">Dolci e gelati<\/figcaption><\/figure>\n<\/div><\/div>\n\n\n\n<div class=\"wp-block-column is-vertically-aligned-top\"><div class=\"wp-block-image\">\n<figure class=\"aligncenter size-full\"><img loading=\"lazy\" decoding=\"async\" width=\"120\" height=\"120\" src=\"https:\/\/shumans-monini-stage.ccws.it\/wp-content\/uploads\/2025\/06\/icn_per-utilizzi-a-crudo@2X.png\" alt=\"\" class=\"wp-image-2160\"\/><figcaption class=\"wp-element-caption\">Per utilizzi a crudo<\/figcaption><\/figure>\n<\/div><\/div>\n\n\n\n<div class=\"wp-block-column is-vertically-aligned-top\"><div class=\"wp-block-image\">\n<figure class=\"aligncenter size-full\"><img loading=\"lazy\" decoding=\"async\" width=\"120\" height=\"120\" src=\"https:\/\/shumans-monini-stage.ccws.it\/wp-content\/uploads\/2025\/06\/icn_per-utilizzi-in-cottura@2X.png\" alt=\"\" class=\"wp-image-2252\"\/><figcaption class=\"wp-element-caption\">Per utilizzi in cottura<\/figcaption><\/figure>\n<\/div><\/div>\n<\/div>\n\n\n\n<div style=\"height:0.1em\" aria-hidden=\"true\" class=\"wp-block-spacer\"><\/div>\n\n\n\n<p>Grazie al suo sapore fruttato, l\u2019olio Extra Vergine Monocultivar Nocellara si abbina alla perfezione con le carni bianche e tutti i tipi di pesce, crudi e cotti. Anche le insalate dal sapore delicato e i formaggi freschi si prestano molto bene alle sue note aromatiche, ma la vera scoperta \u00e8 il tocco speciale che quest\u2019olio conferisce a dolci e gelati.<\/p>\n<\/div><\/div>\n\n\n\n<div style=\"height:0.25em\" aria-hidden=\"true\" class=\"wp-block-spacer\"><\/div>\n<\/div><\/div>\n\n\n\n<div style=\"height:100px\" aria-hidden=\"true\" class=\"wp-block-spacer\"><\/div>\n\n\n\n<h2 class=\"wp-block-heading has-text-align-center\">Oli Monocultivar<\/h2>\n\n\n\n<div style=\"height:15px\" aria-hidden=\"true\" class=\"wp-block-spacer\"><\/div>\n\n\n\n<div class=\"wp-block-group is-style-spaced\"><div class=\"wp-block-group__inner-container\">\n<p>La filosofia della famiglia Monini \u00e8 da sempre quella di produrre Oli Extravergini di oliva ineccepibili, di qualit\u00e0 superiore e costante nel tempo.<br>La stessa filosofia ci ha portato a voler offrire una linea di prodotti biologici, certificati lungo tutta la filiera, dalla terra alla tavola.<\/p>\n\n\n\n<p>In questo video vi raccontiamo quanto impegno e quanta passione abbiamo impiegato per ottenere la linea di Monocultivar 100% italiani e biologici del Frantoio del Poggiolo Monini.<\/p>\n\n\n\n<div style=\"height:24px\" aria-hidden=\"true\" class=\"wp-block-spacer\"><\/div>\n\n\n<figure class=\"wp-block-video\"><div class=\"monini_player\" data-plyr-provider=\"youtube\" data-plyr-embed-id=\"https:\/\/youtu.be\/a0VLsuNgY5E?si=-aPx48fgxWOMPv2L\"><\/div><\/figure><\/div><\/div>\n\n\n\n<div style=\"height:60px\" aria-hidden=\"true\" class=\"wp-block-spacer\"><\/div>\n\n\n\n<div class=\"wp-block-group is-style-spaced\"><div class=\"wp-block-group__inner-container\">\n<p>Anche nel 2021 Monini ha trionfato con i suoi oli Monocultivar nelle pi\u00f9 prestigiose competizioni internazionali. Numerosi i riconoscimenti durante il concorso Evooleum Evoo Awards 2021,&nbsp;<a href=\"https:\/\/www.monini.com\/it\/n\/evooleum_awards_2021\">vai alle nostre news per saperne di pi\u00f9<\/a>.<\/p>\n\n\n\n<p>Inoltre le Monocultivar sono state premiate con medaglie GOLD ed EXTRA GOLD anche al&nbsp;<a href=\"https:\/\/www.monini.com\/it\/n\/biol-2021\" target=\"_blank\" rel=\"noreferrer noopener\">prestigioso Premio Biol 2021<\/a>. Questi risultati ci hanno molto onorato perch\u00e9 testimoniano la capacit\u00e0 di Monini di produrre oli eccellenti di alta qualit\u00e0.<\/p>\n<\/div><\/div>\n","protected":false},"excerpt":{"rendered":"<p>L\u2019extravergine di Nocellara, cultivar originaria della Sicilia, si presenta con profumi che richiamano la foglia di pomodoro, l\u2019erba falciata, la menta e la mandorla dolce. In bocca \u00e8 un fresco equilibrio, com\u2019\u00e8 l\u2019olio appena spre.muto, e si accosta a molteplici sapori.<\/p>\n","protected":false},"author":3,"featured_media":33423,"menu_order":23,"template":"","meta":{"_acf_changed":false,"footnotes":""},"tags":[],"cat_product":[350],"class_list":["post-33422","product","type-product","status-publish","has-post-thumbnail","hentry","cat_product-olii-monocultivar-it-ch"],"yoast_head":"<!-- This site is optimized with the Yoast SEO plugin v25.8 - https:\/\/yoast.com\/wordpress\/plugins\/seo\/ -->\n<title>Monocultivar Nocellara - Monini<\/title>\n<meta name=\"robots\" content=\"noindex, follow, max-snippet:-1, max-image-preview:large, max-video-preview:-1\" \/>\n<meta property=\"og:locale\" content=\"it_IT\" \/>\n<meta property=\"og:type\" content=\"article\" \/>\n<meta property=\"og:title\" content=\"Monocultivar Nocellara - Monini\" \/>\n<meta property=\"og:description\" content=\"L\u2019extravergine di Nocellara, cultivar originaria della Sicilia, si presenta con profumi che richiamano la foglia di pomodoro, l\u2019erba falciata, la menta e la mandorla dolce. In bocca \u00e8 un fresco equilibrio, com\u2019\u00e8 l\u2019olio appena spre.muto, e si accosta a molteplici sapori.\" \/>\n<meta property=\"og:url\" content=\"https:\/\/shumans-monini-stage.ccws.it\/it-ch\/product\/monocultivar-nocellara\/\" \/>\n<meta property=\"og:site_name\" content=\"Monini\" \/>\n<meta property=\"article:publisher\" content=\"https:\/\/www.facebook.com\/MoniniOlio\/\" \/>\n<meta property=\"article:modified_time\" content=\"2025-08-16T14:22:44+00:00\" \/>\n<meta property=\"og:image\" content=\"https:\/\/shumans-monini-stage.ccws.it\/wp-content\/uploads\/2025\/08\/nocellara-ita.png\" \/>\n\t<meta property=\"og:image:width\" content=\"1024\" \/>\n\t<meta property=\"og:image:height\" content=\"1280\" \/>\n\t<meta property=\"og:image:type\" content=\"image\/png\" \/>\n<meta name=\"twitter:card\" content=\"summary_large_image\" \/>\n<meta name=\"twitter:label1\" content=\"Est. reading time\" \/>\n\t<meta name=\"twitter:data1\" content=\"3 minutes\" \/>\n<script type=\"application\/ld+json\" class=\"yoast-schema-graph\">{\"@context\":\"https:\/\/schema.org\",\"@graph\":[{\"@type\":\"WebPage\",\"@id\":\"https:\/\/shumans-monini-stage.ccws.it\/it-ch\/product\/monocultivar-nocellara\/\",\"url\":\"https:\/\/shumans-monini-stage.ccws.it\/it-ch\/product\/monocultivar-nocellara\/\",\"name\":\"Monocultivar Nocellara - Monini\",\"isPartOf\":{\"@id\":\"https:\/\/shumans-monini-stage.ccws.it\/it-ch\/#website\"},\"primaryImageOfPage\":{\"@id\":\"https:\/\/shumans-monini-stage.ccws.it\/it-ch\/product\/monocultivar-nocellara\/#primaryimage\"},\"image\":{\"@id\":\"https:\/\/shumans-monini-stage.ccws.it\/it-ch\/product\/monocultivar-nocellara\/#primaryimage\"},\"thumbnailUrl\":\"https:\/\/shumans-monini-stage.ccws.it\/wp-content\/uploads\/2025\/08\/nocellara-ita.png\",\"datePublished\":\"2025-06-25T08:47:28+00:00\",\"dateModified\":\"2025-08-16T14:22:44+00:00\",\"breadcrumb\":{\"@id\":\"https:\/\/shumans-monini-stage.ccws.it\/it-ch\/product\/monocultivar-nocellara\/#breadcrumb\"},\"inLanguage\":\"it-CH\",\"potentialAction\":[{\"@type\":\"ReadAction\",\"target\":[\"https:\/\/shumans-monini-stage.ccws.it\/it-ch\/product\/monocultivar-nocellara\/\"]}]},{\"@type\":\"ImageObject\",\"inLanguage\":\"it-CH\",\"@id\":\"https:\/\/shumans-monini-stage.ccws.it\/it-ch\/product\/monocultivar-nocellara\/#primaryimage\",\"url\":\"https:\/\/shumans-monini-stage.ccws.it\/wp-content\/uploads\/2025\/08\/nocellara-ita.png\",\"contentUrl\":\"https:\/\/shumans-monini-stage.ccws.it\/wp-content\/uploads\/2025\/08\/nocellara-ita.png\",\"width\":1024,\"height\":1280},{\"@type\":\"BreadcrumbList\",\"@id\":\"https:\/\/shumans-monini-stage.ccws.it\/it-ch\/product\/monocultivar-nocellara\/#breadcrumb\",\"itemListElement\":[{\"@type\":\"ListItem\",\"position\":1,\"name\":\"Home\",\"item\":\"https:\/\/shumans-monini-stage.ccws.it\/it-ch\/\"},{\"@type\":\"ListItem\",\"position\":2,\"name\":\"Prodotti\",\"item\":\"https:\/\/shumans-monini-stage.ccws.it\/it-ch\/product\/\"},{\"@type\":\"ListItem\",\"position\":3,\"name\":\"Monocultivar Nocellara\"}]},{\"@type\":\"WebSite\",\"@id\":\"https:\/\/shumans-monini-stage.ccws.it\/it-ch\/#website\",\"url\":\"https:\/\/shumans-monini-stage.ccws.it\/it-ch\/\",\"name\":\"Monini\",\"description\":\"Una spremuta di olive\",\"potentialAction\":[{\"@type\":\"SearchAction\",\"target\":{\"@type\":\"EntryPoint\",\"urlTemplate\":\"https:\/\/shumans-monini-stage.ccws.it\/it-ch\/?s={search_term_string}\"},\"query-input\":{\"@type\":\"PropertyValueSpecification\",\"valueRequired\":true,\"valueName\":\"search_term_string\"}}],\"inLanguage\":\"it-CH\"}]}<\/script>\n<!-- \/ Yoast SEO plugin. -->","yoast_head_json":{"title":"Monocultivar Nocellara - Monini","robots":{"index":"noindex","follow":"follow","max-snippet":"max-snippet:-1","max-image-preview":"max-image-preview:large","max-video-preview":"max-video-preview:-1"},"og_locale":"it_IT","og_type":"article","og_title":"Monocultivar Nocellara - Monini","og_description":"L\u2019extravergine di Nocellara, cultivar originaria della Sicilia, si presenta con profumi che richiamano la foglia di pomodoro, l\u2019erba falciata, la menta e la mandorla dolce. In bocca \u00e8 un fresco equilibrio, com\u2019\u00e8 l\u2019olio appena spre.muto, e si accosta a molteplici sapori.","og_url":"https:\/\/shumans-monini-stage.ccws.it\/it-ch\/product\/monocultivar-nocellara\/","og_site_name":"Monini","article_publisher":"https:\/\/www.facebook.com\/MoniniOlio\/","article_modified_time":"2025-08-16T14:22:44+00:00","og_image":[{"width":1024,"height":1280,"url":"https:\/\/shumans-monini-stage.ccws.it\/wp-content\/uploads\/2025\/08\/nocellara-ita.png","type":"image\/png"}],"twitter_card":"summary_large_image","twitter_misc":{"Est. reading time":"3 minutes"},"schema":{"@context":"https:\/\/schema.org","@graph":[{"@type":"WebPage","@id":"https:\/\/shumans-monini-stage.ccws.it\/it-ch\/product\/monocultivar-nocellara\/","url":"https:\/\/shumans-monini-stage.ccws.it\/it-ch\/product\/monocultivar-nocellara\/","name":"Monocultivar Nocellara - Monini","isPartOf":{"@id":"https:\/\/shumans-monini-stage.ccws.it\/it-ch\/#website"},"primaryImageOfPage":{"@id":"https:\/\/shumans-monini-stage.ccws.it\/it-ch\/product\/monocultivar-nocellara\/#primaryimage"},"image":{"@id":"https:\/\/shumans-monini-stage.ccws.it\/it-ch\/product\/monocultivar-nocellara\/#primaryimage"},"thumbnailUrl":"https:\/\/shumans-monini-stage.ccws.it\/wp-content\/uploads\/2025\/08\/nocellara-ita.png","datePublished":"2025-06-25T08:47:28+00:00","dateModified":"2025-08-16T14:22:44+00:00","breadcrumb":{"@id":"https:\/\/shumans-monini-stage.ccws.it\/it-ch\/product\/monocultivar-nocellara\/#breadcrumb"},"inLanguage":"it-CH","potentialAction":[{"@type":"ReadAction","target":["https:\/\/shumans-monini-stage.ccws.it\/it-ch\/product\/monocultivar-nocellara\/"]}]},{"@type":"ImageObject","inLanguage":"it-CH","@id":"https:\/\/shumans-monini-stage.ccws.it\/it-ch\/product\/monocultivar-nocellara\/#primaryimage","url":"https:\/\/shumans-monini-stage.ccws.it\/wp-content\/uploads\/2025\/08\/nocellara-ita.png","contentUrl":"https:\/\/shumans-monini-stage.ccws.it\/wp-content\/uploads\/2025\/08\/nocellara-ita.png","width":1024,"height":1280},{"@type":"BreadcrumbList","@id":"https:\/\/shumans-monini-stage.ccws.it\/it-ch\/product\/monocultivar-nocellara\/#breadcrumb","itemListElement":[{"@type":"ListItem","position":1,"name":"Home","item":"https:\/\/shumans-monini-stage.ccws.it\/it-ch\/"},{"@type":"ListItem","position":2,"name":"Prodotti","item":"https:\/\/shumans-monini-stage.ccws.it\/it-ch\/product\/"},{"@type":"ListItem","position":3,"name":"Monocultivar Nocellara"}]},{"@type":"WebSite","@id":"https:\/\/shumans-monini-stage.ccws.it\/it-ch\/#website","url":"https:\/\/shumans-monini-stage.ccws.it\/it-ch\/","name":"Monini","description":"Una spremuta di olive","potentialAction":[{"@type":"SearchAction","target":{"@type":"EntryPoint","urlTemplate":"https:\/\/shumans-monini-stage.ccws.it\/it-ch\/?s={search_term_string}"},"query-input":{"@type":"PropertyValueSpecification","valueRequired":true,"valueName":"search_term_string"}}],"inLanguage":"it-CH"}]}},"acf":[],"_links":{"self":[{"href":"https:\/\/shumans-monini-stage.ccws.it\/it-ch\/wp-json\/wp\/v2\/product\/33422","targetHints":{"allow":["GET"]}}],"collection":[{"href":"https:\/\/shumans-monini-stage.ccws.it\/it-ch\/wp-json\/wp\/v2\/product"}],"about":[{"href":"https:\/\/shumans-monini-stage.ccws.it\/it-ch\/wp-json\/wp\/v2\/types\/product"}],"author":[{"embeddable":true,"href":"https:\/\/shumans-monini-stage.ccws.it\/it-ch\/wp-json\/wp\/v2\/users\/3"}],"version-history":[{"count":1,"href":"https:\/\/shumans-monini-stage.ccws.it\/it-ch\/wp-json\/wp\/v2\/product\/33422\/revisions"}],"predecessor-version":[{"id":33449,"href":"https:\/\/shumans-monini-stage.ccws.it\/it-ch\/wp-json\/wp\/v2\/product\/33422\/revisions\/33449"}],"wp:featuredmedia":[{"embeddable":true,"href":"https:\/\/shumans-monini-stage.ccws.it\/it-ch\/wp-json\/wp\/v2\/media\/33423"}],"wp:attachment":[{"href":"https:\/\/shumans-monini-stage.ccws.it\/it-ch\/wp-json\/wp\/v2\/media?parent=33422"}],"wp:term":[{"taxonomy":"post_tag","embeddable":true,"href":"https:\/\/shumans-monini-stage.ccws.it\/it-ch\/wp-json\/wp\/v2\/tags?post=33422"},{"taxonomy":"cat_product","embeddable":true,"href":"https:\/\/shumans-monini-stage.ccws.it\/it-ch\/wp-json\/wp\/v2\/cat_product?post=33422"}],"curies":[{"name":"wp","href":"https:\/\/api.w.org\/{rel}","templated":true}]}}