{"id":33893,"date":"2025-06-24T11:17:27","date_gmt":"2025-06-24T09:17:27","guid":{"rendered":"https:\/\/shumans-monini-stage.ccws.it\/?post_type=product&#038;p=33893"},"modified":"2025-08-18T10:23:49","modified_gmt":"2025-08-18T08:23:49","slug":"bios","status":"publish","type":"product","link":"https:\/\/shumans-monini-stage.ccws.it\/it-ch\/product\/bios\/","title":{"rendered":"Bios"},"content":{"rendered":"\n<div class=\"wp-block-group is-style-spaced\"><div class=\"wp-block-group__inner-container\">\n<h6 class=\"wp-block-heading\">LA PUREZZA SI SPOSA CON LA QUALIT\u00c0<\/h6>\n\n\n\n<p>L\u2019Extra Vergine BIOS \u00e8 un olio pregiato, prodotto con grande cura: dai terreni alle coltivazioni, dai sistemi di raccolta all\u2019estrazione in frantoio, tutto avviene nel rispetto dei principi dell\u2019agricoltura biologica. Con quest\u2019olio porterai in tavola la voglia di mangiare e di stare insieme, dando sapore a ogni tuo piatto.<\/p>\n<\/div><\/div>\n\n\n\n<div style=\"height:0.5em\" aria-hidden=\"true\" class=\"wp-block-spacer\"><\/div>\n\n\n    <section class=\"banner-link \">\n        <div class=\"banner-wrapper\">\n\t\t\t\t\t<div>\n\t\t\t\t\t    <h6 class=\"banner-category\">Guida alla degustazione<\/h6>\n              <h2 class=\"banner-title\">Le sette regole d&#8217;oro<\/h2>\t\t\t\t\t\t\n\t\t\t\t\t<\/div>\n\t\t\t\t\t<div>\n\t\t\t\t\t\t<a href=\"https:\/\/shumans-monini-stage.ccws.it\/it\/editorial\/le-sette-regole-doro\/\" title=\"Scopri di pi\u00f9\" class=\"btn btn-primary\">\n\t\t\t\t\t\t\t<span>Scopri di pi\u00f9<\/span>\n\t\t\t\t\t\t<\/a>\n\t\t\t\t\t<\/div>\n        <\/div>\n    <\/section>\n\n\n\n<div style=\"height:1em\" aria-hidden=\"true\" class=\"wp-block-spacer\"><\/div>\n\n\n<div class=\"wp-block-image\">\n<figure class=\"aligncenter size-full\"><img loading=\"lazy\" decoding=\"async\" width=\"1138\" height=\"814\" src=\"https:\/\/shumans-monini-stage.ccws.it\/wp-content\/uploads\/2025\/06\/product-bios-insight01@2.jpg\" alt=\"\" class=\"wp-image-1441\" style=\"aspect-ratio:16\/9;object-fit:cover\" srcset=\"https:\/\/shumans-monini-stage.ccws.it\/wp-content\/uploads\/2025\/06\/product-bios-insight01@2.jpg 1138w, https:\/\/shumans-monini-stage.ccws.it\/wp-content\/uploads\/2025\/06\/product-bios-insight01@2-700x501.jpg 700w, https:\/\/shumans-monini-stage.ccws.it\/wp-content\/uploads\/2025\/06\/product-bios-insight01@2-1024x732.jpg 1024w, https:\/\/shumans-monini-stage.ccws.it\/wp-content\/uploads\/2025\/06\/product-bios-insight01@2-768x549.jpg 768w\" sizes=\"auto, (max-width: 1138px) 100vw, 1138px\" \/><\/figure>\n<\/div>\n\n\n<div style=\"height:0.5em\" aria-hidden=\"true\" class=\"wp-block-spacer\"><\/div>\n\n\n\n<div class=\"wp-block-group is-style-spaced\"><div class=\"wp-block-group__inner-container\">\n<div style=\"height:0.5em\" aria-hidden=\"true\" class=\"wp-block-spacer\"><\/div>\n\n\n\n<h6 class=\"wp-block-heading\">La tracciabilit\u00e0<\/h6>\n\n\n\n<p>Il vero valore \u00e8 conoscere le origini.<\/p>\n\n\n\n<p>Abbiamo introdotto la tracciabilit\u00e0 dei nostri Oli Extra Vergine di oliva 100% italiani. Tecnologia e geo-localizzazione consentono di farvi conoscere l\u2019intero percorso di ciascun prodotto della Linea.<\/p>\n\n\n\n<p>Inserendo il numero di lotto potete conoscere la provenienza delle materie prime utilizzata per dare vita all\u2019olio Extra Vergine contenuto nella bottiglia. Una vera e propria dichiarazione di identit\u00e0, di origine e di processo.<\/p>\n\n\n\n<div style=\"height:0.25em\" aria-hidden=\"true\" class=\"wp-block-spacer\"><\/div>\n<\/div><\/div>\n\n\n\n<section class=\"slider-step \">\n\t<div class=\"container-wrapper\">\n\t\t<div class=\"swiper swiperStep swiperSlides\">\n\t\t\t<div class=\"swiper-wrapper\">\n\t\t\t\t\t\n\n<figure class=\"wp-block-image size-full\"><img loading=\"lazy\" decoding=\"async\" width=\"1024\" height=\"1024\" src=\"https:\/\/shumans-monini-stage.ccws.it\/wp-content\/uploads\/2025\/06\/bureau.png\" alt=\"\" class=\"wp-image-1614\" srcset=\"https:\/\/shumans-monini-stage.ccws.it\/wp-content\/uploads\/2025\/06\/bureau.png 1024w, https:\/\/shumans-monini-stage.ccws.it\/wp-content\/uploads\/2025\/06\/bureau-700x700.png 700w, https:\/\/shumans-monini-stage.ccws.it\/wp-content\/uploads\/2025\/06\/bureau-768x768.png 768w, https:\/\/shumans-monini-stage.ccws.it\/wp-content\/uploads\/2025\/06\/bureau-125x125.png 125w\" sizes=\"auto, (max-width: 1024px) 100vw, 1024px\" \/><\/figure>\n\n\n\n<div class=\"card-slider-step\">\n\t<div class=\"card-body\">\n\t\t\n\n<p>Bureau Veritas \u00e8 leader a livello mondiale nei servizi di ispezione, verifica di conformit\u00e0 e certificazione.<\/p>\n\n\n\n<p>Dal 1828 Bureau Veritas supporta i clienti nel raggiungimento dell\u2019obiettivo del miglioramento delle performance attraverso servizi e soluzioni innovative, finalizzate ad attestare che i loro prodotti, strutture e processi rispondono a standard e regolamenti in ambito qualit\u00e0, salute e sicurezza, ambiente e responsabilit\u00e0 sociale (QHSE-SA). Una ricca gamma di servizi che vanno al di l\u00e0 della semplice verifica di conformit\u00e0 normativa per consentire il raggiungimento degli obiettivi della riduzione del rischio, del miglioramento delle performance e della promozione dello sviluppo sostenibile.<\/p>\n\n\n\n<p>www.bureauveritas.it<\/p>\n\n\n\t<\/div>\n<\/div>\n\n\n\t\t\t<\/div>\n\t\t\t<div class=\"swiper-buttons\">\n\t\t\t\t<div class=\"swiper-button swiper-gallery-prev\">\n\t\t\t\t\t<svg class=\"icon\" style=\"rotate: 180deg\"><use xlink:href=\"https:\/\/shumans-monini-stage.ccws.it\/wp-content\/themes\/monini\/assets\/dist\/svg\/sprite-default.svg#icon-arrow\"><\/use><\/svg>\n\t\t\t\t<\/div>\n\t\t\t\t<div class=\"swiper-button swiper-gallery-next\">\n\t\t\t\t\t<svg class=\"icon\"><use xlink:href=\"https:\/\/shumans-monini-stage.ccws.it\/wp-content\/themes\/monini\/assets\/dist\/svg\/sprite-default.svg#icon-arrow\"><\/use><\/svg>\n\t\t\t\t<\/div>\n\t\t\t<\/div>\n\t\t<\/div>\n\t<\/div>\n<\/section>\n\n\n\n<section class=\"slider-step \">\n\t<div class=\"container-wrapper\">\n\t\t<div class=\"swiper swiperStep swiperSlides\">\n\t\t\t<div class=\"swiper-wrapper\">\n\t\t\t\t\t\n\n<figure class=\"wp-block-image size-full\"><img loading=\"lazy\" decoding=\"async\" width=\"1024\" height=\"1024\" src=\"https:\/\/shumans-monini-stage.ccws.it\/wp-content\/uploads\/2025\/06\/bollino_CEQ.png\" alt=\"\" class=\"wp-image-1613\" srcset=\"https:\/\/shumans-monini-stage.ccws.it\/wp-content\/uploads\/2025\/06\/bollino_CEQ.png 1024w, https:\/\/shumans-monini-stage.ccws.it\/wp-content\/uploads\/2025\/06\/bollino_CEQ-700x700.png 700w, https:\/\/shumans-monini-stage.ccws.it\/wp-content\/uploads\/2025\/06\/bollino_CEQ-768x768.png 768w, https:\/\/shumans-monini-stage.ccws.it\/wp-content\/uploads\/2025\/06\/bollino_CEQ-125x125.png 125w\" sizes=\"auto, (max-width: 1024px) 100vw, 1024px\" \/><\/figure>\n\n\n\n<div class=\"card-slider-step\">\n\t<div class=\"card-body\">\n\t\t\n\n<p>Il Consorzio promuove una \u201cqualit\u00e0 di filiera\u201d, che nasce dall\u2019integrazione delle professionalit\u00e0 di tutti coloro che operano nelle diverse fasi del processo produttivo, poich\u00e9 la qualit\u00e0 va garantita dalla stretta collaborazione tra produttori, confezionatori e distributori.<br>Il Consorzio si adopera per stimolare la ricerca, acquisire le conoscenze e renderle disponibili a tutti gli operatori della filiera, nella convinzione che ci\u00f2 contribuisca a mantenere l\u2019elevata qualit\u00e0 del prodotto e a migliorarla ulteriormente. Un prodotto di qualit\u00e0 infatti, va seguito con cura in ogni fase produttiva, conservato in condizioni ottimali e scelto con attenzione.<\/p>\n\n\n\n<p>www.ceqitalia.com<\/p>\n\n\n\t<\/div>\n<\/div>\n\n\n\t\t\t<\/div>\n\t\t\t<div class=\"swiper-buttons\">\n\t\t\t\t<div class=\"swiper-button swiper-gallery-prev\">\n\t\t\t\t\t<svg class=\"icon\" style=\"rotate: 180deg\"><use xlink:href=\"https:\/\/shumans-monini-stage.ccws.it\/wp-content\/themes\/monini\/assets\/dist\/svg\/sprite-default.svg#icon-arrow\"><\/use><\/svg>\n\t\t\t\t<\/div>\n\t\t\t\t<div class=\"swiper-button swiper-gallery-next\">\n\t\t\t\t\t<svg class=\"icon\"><use xlink:href=\"https:\/\/shumans-monini-stage.ccws.it\/wp-content\/themes\/monini\/assets\/dist\/svg\/sprite-default.svg#icon-arrow\"><\/use><\/svg>\n\t\t\t\t<\/div>\n\t\t\t<\/div>\n\t\t<\/div>\n\t<\/div>\n<\/section>\n","protected":false},"excerpt":{"rendered":"<p>Monini produce il \u201cBios\u201d, un olio extra vergine di oliva 100% italiano con grande cura e passione. Dai terreni alle coltivazioni, dai sistemi di raccolta all\u2019estrazione al frantoio, tutto avviene nel rispetto dei principi dell\u2019agricoltura biologica e dell\u2019eccellenza nella qualit\u00e0. \u201cBios\u201d \u00e8 un olio garantito biologico dall\u2019inizio alla fine, dalla prima oliva fino all\u2019ultima goccia nella bottiglia. \u00c8 certificato da ICEA, la maggiore autorit\u00e0 italiana di certificazione biologica.<\/p>\n","protected":false},"author":3,"featured_media":33896,"menu_order":4,"template":"","meta":{"_acf_changed":false,"footnotes":""},"tags":[],"cat_product":[347],"class_list":["post-33893","product","type-product","status-publish","has-post-thumbnail","hentry","cat_product-olio-extra-vergine-di-oliva-it-ch"],"yoast_head":"<!-- This site is optimized with the Yoast SEO plugin v25.8 - https:\/\/yoast.com\/wordpress\/plugins\/seo\/ -->\n<title>Bios - Monini<\/title>\n<meta name=\"robots\" content=\"noindex, follow, max-snippet:-1, max-image-preview:large, max-video-preview:-1\" \/>\n<meta property=\"og:locale\" content=\"it_IT\" \/>\n<meta property=\"og:type\" content=\"article\" \/>\n<meta property=\"og:title\" content=\"Bios - Monini\" \/>\n<meta property=\"og:description\" content=\"Monini produce il \u201cBios\u201d, un olio extra vergine di oliva 100% italiano con grande cura e passione. Dai terreni alle coltivazioni, dai sistemi di raccolta all\u2019estrazione al frantoio, tutto avviene nel rispetto dei principi dell\u2019agricoltura biologica e dell\u2019eccellenza nella qualit\u00e0. \u201cBios\u201d \u00e8 un olio garantito biologico dall\u2019inizio alla fine, dalla prima oliva fino all\u2019ultima goccia nella bottiglia. \u00c8 certificato da ICEA, la maggiore autorit\u00e0 italiana di certificazione biologica.\" \/>\n<meta property=\"og:url\" content=\"https:\/\/shumans-monini-stage.ccws.it\/it-ch\/product\/bios\/\" \/>\n<meta property=\"og:site_name\" content=\"Monini\" \/>\n<meta property=\"article:publisher\" content=\"https:\/\/www.facebook.com\/MoniniOlio\/\" \/>\n<meta property=\"article:modified_time\" content=\"2025-08-18T08:23:49+00:00\" \/>\n<meta property=\"og:image\" content=\"https:\/\/shumans-monini-stage.ccws.it\/wp-content\/uploads\/2025\/06\/bios-750ml-2025-mockup-1.png\" \/>\n\t<meta property=\"og:image:width\" content=\"1024\" \/>\n\t<meta property=\"og:image:height\" content=\"1280\" \/>\n\t<meta property=\"og:image:type\" content=\"image\/png\" \/>\n<meta name=\"twitter:card\" content=\"summary_large_image\" \/>\n<meta name=\"twitter:label1\" content=\"Est. reading time\" \/>\n\t<meta name=\"twitter:data1\" content=\"3 minutes\" \/>\n<script type=\"application\/ld+json\" class=\"yoast-schema-graph\">{\"@context\":\"https:\/\/schema.org\",\"@graph\":[{\"@type\":\"WebPage\",\"@id\":\"https:\/\/shumans-monini-stage.ccws.it\/it-ch\/product\/bios\/\",\"url\":\"https:\/\/shumans-monini-stage.ccws.it\/it-ch\/product\/bios\/\",\"name\":\"Bios - Monini\",\"isPartOf\":{\"@id\":\"https:\/\/shumans-monini-stage.ccws.it\/it-ch\/#website\"},\"primaryImageOfPage\":{\"@id\":\"https:\/\/shumans-monini-stage.ccws.it\/it-ch\/product\/bios\/#primaryimage\"},\"image\":{\"@id\":\"https:\/\/shumans-monini-stage.ccws.it\/it-ch\/product\/bios\/#primaryimage\"},\"thumbnailUrl\":\"https:\/\/shumans-monini-stage.ccws.it\/wp-content\/uploads\/2025\/06\/bios-750ml-2025-mockup-1.png\",\"datePublished\":\"2025-06-24T09:17:27+00:00\",\"dateModified\":\"2025-08-18T08:23:49+00:00\",\"breadcrumb\":{\"@id\":\"https:\/\/shumans-monini-stage.ccws.it\/it-ch\/product\/bios\/#breadcrumb\"},\"inLanguage\":\"it-CH\",\"potentialAction\":[{\"@type\":\"ReadAction\",\"target\":[\"https:\/\/shumans-monini-stage.ccws.it\/it-ch\/product\/bios\/\"]}]},{\"@type\":\"ImageObject\",\"inLanguage\":\"it-CH\",\"@id\":\"https:\/\/shumans-monini-stage.ccws.it\/it-ch\/product\/bios\/#primaryimage\",\"url\":\"https:\/\/shumans-monini-stage.ccws.it\/wp-content\/uploads\/2025\/06\/bios-750ml-2025-mockup-1.png\",\"contentUrl\":\"https:\/\/shumans-monini-stage.ccws.it\/wp-content\/uploads\/2025\/06\/bios-750ml-2025-mockup-1.png\",\"width\":1024,\"height\":1280},{\"@type\":\"BreadcrumbList\",\"@id\":\"https:\/\/shumans-monini-stage.ccws.it\/it-ch\/product\/bios\/#breadcrumb\",\"itemListElement\":[{\"@type\":\"ListItem\",\"position\":1,\"name\":\"Home\",\"item\":\"https:\/\/shumans-monini-stage.ccws.it\/it-ch\/\"},{\"@type\":\"ListItem\",\"position\":2,\"name\":\"Prodotti\",\"item\":\"https:\/\/shumans-monini-stage.ccws.it\/it-ch\/product\/\"},{\"@type\":\"ListItem\",\"position\":3,\"name\":\"Bios\"}]},{\"@type\":\"WebSite\",\"@id\":\"https:\/\/shumans-monini-stage.ccws.it\/it-ch\/#website\",\"url\":\"https:\/\/shumans-monini-stage.ccws.it\/it-ch\/\",\"name\":\"Monini\",\"description\":\"Una spremuta di olive\",\"potentialAction\":[{\"@type\":\"SearchAction\",\"target\":{\"@type\":\"EntryPoint\",\"urlTemplate\":\"https:\/\/shumans-monini-stage.ccws.it\/it-ch\/?s={search_term_string}\"},\"query-input\":{\"@type\":\"PropertyValueSpecification\",\"valueRequired\":true,\"valueName\":\"search_term_string\"}}],\"inLanguage\":\"it-CH\"}]}<\/script>\n<!-- \/ Yoast SEO plugin. -->","yoast_head_json":{"title":"Bios - Monini","robots":{"index":"noindex","follow":"follow","max-snippet":"max-snippet:-1","max-image-preview":"max-image-preview:large","max-video-preview":"max-video-preview:-1"},"og_locale":"it_IT","og_type":"article","og_title":"Bios - Monini","og_description":"Monini produce il \u201cBios\u201d, un olio extra vergine di oliva 100% italiano con grande cura e passione. Dai terreni alle coltivazioni, dai sistemi di raccolta all\u2019estrazione al frantoio, tutto avviene nel rispetto dei principi dell\u2019agricoltura biologica e dell\u2019eccellenza nella qualit\u00e0. \u201cBios\u201d \u00e8 un olio garantito biologico dall\u2019inizio alla fine, dalla prima oliva fino all\u2019ultima goccia nella bottiglia. \u00c8 certificato da ICEA, la maggiore autorit\u00e0 italiana di certificazione biologica.","og_url":"https:\/\/shumans-monini-stage.ccws.it\/it-ch\/product\/bios\/","og_site_name":"Monini","article_publisher":"https:\/\/www.facebook.com\/MoniniOlio\/","article_modified_time":"2025-08-18T08:23:49+00:00","og_image":[{"width":1024,"height":1280,"url":"https:\/\/shumans-monini-stage.ccws.it\/wp-content\/uploads\/2025\/06\/bios-750ml-2025-mockup-1.png","type":"image\/png"}],"twitter_card":"summary_large_image","twitter_misc":{"Est. reading time":"3 minutes"},"schema":{"@context":"https:\/\/schema.org","@graph":[{"@type":"WebPage","@id":"https:\/\/shumans-monini-stage.ccws.it\/it-ch\/product\/bios\/","url":"https:\/\/shumans-monini-stage.ccws.it\/it-ch\/product\/bios\/","name":"Bios - Monini","isPartOf":{"@id":"https:\/\/shumans-monini-stage.ccws.it\/it-ch\/#website"},"primaryImageOfPage":{"@id":"https:\/\/shumans-monini-stage.ccws.it\/it-ch\/product\/bios\/#primaryimage"},"image":{"@id":"https:\/\/shumans-monini-stage.ccws.it\/it-ch\/product\/bios\/#primaryimage"},"thumbnailUrl":"https:\/\/shumans-monini-stage.ccws.it\/wp-content\/uploads\/2025\/06\/bios-750ml-2025-mockup-1.png","datePublished":"2025-06-24T09:17:27+00:00","dateModified":"2025-08-18T08:23:49+00:00","breadcrumb":{"@id":"https:\/\/shumans-monini-stage.ccws.it\/it-ch\/product\/bios\/#breadcrumb"},"inLanguage":"it-CH","potentialAction":[{"@type":"ReadAction","target":["https:\/\/shumans-monini-stage.ccws.it\/it-ch\/product\/bios\/"]}]},{"@type":"ImageObject","inLanguage":"it-CH","@id":"https:\/\/shumans-monini-stage.ccws.it\/it-ch\/product\/bios\/#primaryimage","url":"https:\/\/shumans-monini-stage.ccws.it\/wp-content\/uploads\/2025\/06\/bios-750ml-2025-mockup-1.png","contentUrl":"https:\/\/shumans-monini-stage.ccws.it\/wp-content\/uploads\/2025\/06\/bios-750ml-2025-mockup-1.png","width":1024,"height":1280},{"@type":"BreadcrumbList","@id":"https:\/\/shumans-monini-stage.ccws.it\/it-ch\/product\/bios\/#breadcrumb","itemListElement":[{"@type":"ListItem","position":1,"name":"Home","item":"https:\/\/shumans-monini-stage.ccws.it\/it-ch\/"},{"@type":"ListItem","position":2,"name":"Prodotti","item":"https:\/\/shumans-monini-stage.ccws.it\/it-ch\/product\/"},{"@type":"ListItem","position":3,"name":"Bios"}]},{"@type":"WebSite","@id":"https:\/\/shumans-monini-stage.ccws.it\/it-ch\/#website","url":"https:\/\/shumans-monini-stage.ccws.it\/it-ch\/","name":"Monini","description":"Una spremuta di olive","potentialAction":[{"@type":"SearchAction","target":{"@type":"EntryPoint","urlTemplate":"https:\/\/shumans-monini-stage.ccws.it\/it-ch\/?s={search_term_string}"},"query-input":{"@type":"PropertyValueSpecification","valueRequired":true,"valueName":"search_term_string"}}],"inLanguage":"it-CH"}]}},"acf":[],"_links":{"self":[{"href":"https:\/\/shumans-monini-stage.ccws.it\/it-ch\/wp-json\/wp\/v2\/product\/33893","targetHints":{"allow":["GET"]}}],"collection":[{"href":"https:\/\/shumans-monini-stage.ccws.it\/it-ch\/wp-json\/wp\/v2\/product"}],"about":[{"href":"https:\/\/shumans-monini-stage.ccws.it\/it-ch\/wp-json\/wp\/v2\/types\/product"}],"author":[{"embeddable":true,"href":"https:\/\/shumans-monini-stage.ccws.it\/it-ch\/wp-json\/wp\/v2\/users\/3"}],"version-history":[{"count":2,"href":"https:\/\/shumans-monini-stage.ccws.it\/it-ch\/wp-json\/wp\/v2\/product\/33893\/revisions"}],"predecessor-version":[{"id":33898,"href":"https:\/\/shumans-monini-stage.ccws.it\/it-ch\/wp-json\/wp\/v2\/product\/33893\/revisions\/33898"}],"wp:featuredmedia":[{"embeddable":true,"href":"https:\/\/shumans-monini-stage.ccws.it\/it-ch\/wp-json\/wp\/v2\/media\/33896"}],"wp:attachment":[{"href":"https:\/\/shumans-monini-stage.ccws.it\/it-ch\/wp-json\/wp\/v2\/media?parent=33893"}],"wp:term":[{"taxonomy":"post_tag","embeddable":true,"href":"https:\/\/shumans-monini-stage.ccws.it\/it-ch\/wp-json\/wp\/v2\/tags?post=33893"},{"taxonomy":"cat_product","embeddable":true,"href":"https:\/\/shumans-monini-stage.ccws.it\/it-ch\/wp-json\/wp\/v2\/cat_product?post=33893"}],"curies":[{"name":"wp","href":"https:\/\/api.w.org\/{rel}","templated":true}]}}