{"id":33899,"date":"2025-06-25T11:29:19","date_gmt":"2025-06-25T09:29:19","guid":{"rendered":"https:\/\/shumans-monini-stage.ccws.it\/?post_type=product&#038;p=33899"},"modified":"2025-08-18T10:26:49","modified_gmt":"2025-08-18T08:26:49","slug":"monocultivar-coratina","status":"publish","type":"product","link":"https:\/\/shumans-monini-stage.ccws.it\/it-ch\/product\/monocultivar-coratina\/","title":{"rendered":"Monocultivar Coratina"},"content":{"rendered":"\n<div class=\"wp-block-group is-style-default\"><div class=\"wp-block-group__inner-container\">\n<div class=\"wp-block-columns is-style-formatted\">\n<div class=\"wp-block-column\">\n<figure class=\"wp-block-image size-full\"><img loading=\"lazy\" decoding=\"async\" width=\"1138\" height=\"814\" src=\"https:\/\/shumans-monini-stage.ccws.it\/wp-content\/uploads\/2025\/06\/product-coratina-insight01@2.jpg\" alt=\"\" class=\"wp-image-2352\" srcset=\"https:\/\/shumans-monini-stage.ccws.it\/wp-content\/uploads\/2025\/06\/product-coratina-insight01@2.jpg 1138w, https:\/\/shumans-monini-stage.ccws.it\/wp-content\/uploads\/2025\/06\/product-coratina-insight01@2-700x501.jpg 700w, https:\/\/shumans-monini-stage.ccws.it\/wp-content\/uploads\/2025\/06\/product-coratina-insight01@2-1024x732.jpg 1024w, https:\/\/shumans-monini-stage.ccws.it\/wp-content\/uploads\/2025\/06\/product-coratina-insight01@2-768x549.jpg 768w\" sizes=\"auto, (max-width: 1138px) 100vw, 1138px\" \/><\/figure>\n<\/div>\n\n\n\n<div class=\"wp-block-column is-vertically-aligned-center\">\n<h6 class=\"wp-block-heading\">ALLA SCOPERTA DI UN\u2019ECCELLENZA PUGLIESE<\/h6>\n\n\n\n<p>Alla base di quest\u2019olio c\u2019\u00e8 una delle migliori cultivar del territorio pugliese, che gli conferisce un sapore caratteristico e genuino, con punte vivaci di amaro e piccante. Grazie all\u2019alto contenuto di antiossidanti naturali e all\u2019essenza mediterranea, sapr\u00e0 portare in tavola l\u2019allegria e regalarti pasti ricchi di gusto.<\/p>\n<\/div>\n<\/div>\n\n\n\n<div style=\"height:0.5em\" aria-hidden=\"true\" class=\"wp-block-spacer\"><\/div>\n\n\n\n<div class=\"wp-block-group is-style-spaced\"><div class=\"wp-block-group__inner-container\">\n<h6 class=\"wp-block-heading\">Consigli di degustazione<\/h6>\n\n\n\n<div style=\"height:0.25em\" aria-hidden=\"true\" class=\"wp-block-spacer\"><\/div>\n\n\n\n<div class=\"wp-block-columns are-vertically-aligned-top is-style-default\">\n<div class=\"wp-block-column is-vertically-aligned-top\"><div class=\"wp-block-image\">\n<figure class=\"aligncenter size-full\"><img loading=\"lazy\" decoding=\"async\" width=\"120\" height=\"120\" src=\"https:\/\/shumans-monini-stage.ccws.it\/wp-content\/uploads\/2025\/06\/icn_molluschi@2X.png\" alt=\"\" class=\"wp-image-2357\"\/><figcaption class=\"wp-element-caption\">Molluschi<\/figcaption><\/figure>\n<\/div><\/div>\n\n\n\n<div class=\"wp-block-column is-vertically-aligned-top\"><div class=\"wp-block-image\">\n<figure class=\"aligncenter size-full\"><img loading=\"lazy\" decoding=\"async\" width=\"120\" height=\"120\" src=\"https:\/\/shumans-monini-stage.ccws.it\/wp-content\/uploads\/2025\/06\/icn_crostacei@2X.png\" alt=\"\" class=\"wp-image-2359\"\/><figcaption class=\"wp-element-caption\">Crostacei<\/figcaption><\/figure>\n<\/div><\/div>\n\n\n\n<div class=\"wp-block-column is-vertically-aligned-top\"><div class=\"wp-block-image\">\n<figure class=\"aligncenter size-full\"><img loading=\"lazy\" decoding=\"async\" width=\"120\" height=\"120\" src=\"https:\/\/shumans-monini-stage.ccws.it\/wp-content\/uploads\/2025\/06\/icn_formaggi@2X.png\" alt=\"\" class=\"wp-image-2159\"\/><figcaption class=\"wp-element-caption\">Formaggi<\/figcaption><\/figure>\n<\/div><\/div>\n\n\n\n<div class=\"wp-block-column is-vertically-aligned-top\"><div class=\"wp-block-image\">\n<figure class=\"aligncenter size-full\"><img loading=\"lazy\" decoding=\"async\" width=\"120\" height=\"120\" src=\"https:\/\/shumans-monini-stage.ccws.it\/wp-content\/uploads\/2025\/06\/icn_per-utilizzi-a-crudo@2X-1.png\" alt=\"\" class=\"wp-image-2253\"\/><figcaption class=\"wp-element-caption\">Per utilizzi a crudo<\/figcaption><\/figure>\n<\/div><\/div>\n<\/div>\n\n\n\n<div style=\"height:0.1em\" aria-hidden=\"true\" class=\"wp-block-spacer\"><\/div>\n\n\n\n<p>Fresco e vegetale, con&nbsp;intense&nbsp;note&nbsp;pungenti,&nbsp;l\u2019olio Extra&nbsp;Vergine&nbsp;Monocultivar&nbsp;Coratina \u00e8 il tocco&nbsp;in pi\u00f9&nbsp;che puoi&nbsp;dare alle zuppe di&nbsp;verdure&nbsp;o alle carni&nbsp;dal sapore&nbsp;deciso, come una&nbsp;tart\u00e0re&nbsp;di Chianina o di Angus. Provalo anche&nbsp;sui carciofi alla romana, sul carpaccio di pesce,&nbsp;sulle&nbsp;crudit\u00e9&nbsp;di ortaggi,&nbsp;sui formaggi stagionati&nbsp;o per il pinzimonio: scoprirai&nbsp;che sapore ha&nbsp;l\u2019eccellenza!<\/p>\n<\/div><\/div>\n\n\n\n<div style=\"height:0.25em\" aria-hidden=\"true\" class=\"wp-block-spacer\"><\/div>\n<\/div><\/div>\n\n\n\n<div style=\"height:100px\" aria-hidden=\"true\" class=\"wp-block-spacer\"><\/div>\n\n\n\n<h2 class=\"wp-block-heading has-text-align-center\">Oli Monocultivar<\/h2>\n\n\n\n<div style=\"height:15px\" aria-hidden=\"true\" class=\"wp-block-spacer\"><\/div>\n\n\n\n<div class=\"wp-block-group is-style-spaced\"><div class=\"wp-block-group__inner-container\">\n<p>La filosofia della famiglia Monini \u00e8 da sempre quella di produrre Oli Extravergini di oliva ineccepibili, di qualit\u00e0 superiore e costante nel tempo.<br>La stessa filosofia ci ha portato a voler offrire una linea di prodotti biologici, certificati lungo tutta la filiera, dalla terra alla tavola.<\/p>\n\n\n\n<p>In questo video vi raccontiamo quanto impegno e quanta passione abbiamo impiegato per ottenere la linea di Monocultivar 100% italiani e biologici del Frantoio del Poggiolo Monini.<\/p>\n\n\n\n<div style=\"height:24px\" aria-hidden=\"true\" class=\"wp-block-spacer\"><\/div>\n\n\n<figure class=\"wp-block-video\"><div class=\"monini_player\" data-plyr-provider=\"youtube\" data-plyr-embed-id=\"https:\/\/youtu.be\/a0VLsuNgY5E?si=-aPx48fgxWOMPv2L\"><\/div><\/figure><\/div><\/div>\n\n\n\n<div style=\"height:60px\" aria-hidden=\"true\" class=\"wp-block-spacer\"><\/div>\n\n\n\n<div class=\"wp-block-group is-style-spaced\"><div class=\"wp-block-group__inner-container\">\n<p>Anche nel 2021 Monini ha trionfato con i suoi oli Monocultivar nelle pi\u00f9 prestigiose competizioni internazionali. Numerosi i riconoscimenti durante il concorso Evooleum Evoo Awards 2021,&nbsp;<a href=\"https:\/\/www.monini.com\/it\/n\/evooleum_awards_2021\">vai alle nostre news per saperne di pi\u00f9<\/a>.<\/p>\n\n\n\n<p>Inoltre le Monocultivar sono state premiate con medaglie GOLD ed EXTRA GOLD anche al&nbsp;<a href=\"https:\/\/www.monini.com\/it\/n\/biol-2021\" target=\"_blank\" rel=\"noreferrer noopener\">prestigioso Premio Biol 2021<\/a>. Questi risultati ci hanno molto onorato perch\u00e9 testimoniano la capacit\u00e0 di Monini di produrre oli eccellenti di alta qualit\u00e0.<\/p>\n<\/div><\/div>\n","protected":false},"excerpt":{"rendered":"<p>La filosofia della famiglia Monini di produrre impeccabili oli extra vergini di oliva di qualit\u00e0 superiore che rimangano costanti nel tempo ha ispirato il sig. Monini ad offrire una gamma di tre eccellenti oli extra vergini d\u2019oliva, monocultivar biologici, certificati dall\u2019 uliveto alla tavola, utilizzando solo i migliori ingredienti certificati: 100% biologici e 100% italiani.<\/p>\n","protected":false},"author":3,"featured_media":33904,"menu_order":21,"template":"","meta":{"_acf_changed":false,"footnotes":""},"tags":[],"cat_product":[350],"class_list":["post-33899","product","type-product","status-publish","has-post-thumbnail","hentry","cat_product-olii-monocultivar-it-ch"],"yoast_head":"<!-- This site is optimized with the Yoast SEO plugin v25.8 - https:\/\/yoast.com\/wordpress\/plugins\/seo\/ -->\n<title>Monocultivar Coratina - Monini<\/title>\n<meta name=\"robots\" content=\"noindex, follow, max-snippet:-1, max-image-preview:large, max-video-preview:-1\" \/>\n<meta property=\"og:locale\" content=\"it_IT\" \/>\n<meta property=\"og:type\" content=\"article\" \/>\n<meta property=\"og:title\" content=\"Monocultivar Coratina - Monini\" \/>\n<meta property=\"og:description\" content=\"La filosofia della famiglia Monini di produrre impeccabili oli extra vergini di oliva di qualit\u00e0 superiore che rimangano costanti nel tempo ha ispirato il sig. Monini ad offrire una gamma di tre eccellenti oli extra vergini d\u2019oliva, monocultivar biologici, certificati dall\u2019 uliveto alla tavola, utilizzando solo i migliori ingredienti certificati: 100% biologici e 100% italiani.\" \/>\n<meta property=\"og:url\" content=\"https:\/\/shumans-monini-stage.ccws.it\/it-ch\/product\/monocultivar-coratina\/\" \/>\n<meta property=\"og:site_name\" content=\"Monini\" \/>\n<meta property=\"article:publisher\" content=\"https:\/\/www.facebook.com\/MoniniOlio\/\" \/>\n<meta property=\"article:modified_time\" content=\"2025-08-18T08:26:49+00:00\" \/>\n<meta property=\"og:image\" content=\"https:\/\/shumans-monini-stage.ccws.it\/wp-content\/uploads\/2025\/06\/MONOCULTIVAR-CORATINA-2025-mockup-1.png\" \/>\n\t<meta property=\"og:image:width\" content=\"1024\" \/>\n\t<meta property=\"og:image:height\" content=\"1280\" \/>\n\t<meta property=\"og:image:type\" content=\"image\/png\" \/>\n<meta name=\"twitter:card\" content=\"summary_large_image\" \/>\n<meta name=\"twitter:label1\" content=\"Est. reading time\" \/>\n\t<meta name=\"twitter:data1\" content=\"3 minutes\" \/>\n<script type=\"application\/ld+json\" class=\"yoast-schema-graph\">{\"@context\":\"https:\/\/schema.org\",\"@graph\":[{\"@type\":\"WebPage\",\"@id\":\"https:\/\/shumans-monini-stage.ccws.it\/it-ch\/product\/monocultivar-coratina\/\",\"url\":\"https:\/\/shumans-monini-stage.ccws.it\/it-ch\/product\/monocultivar-coratina\/\",\"name\":\"Monocultivar Coratina - Monini\",\"isPartOf\":{\"@id\":\"https:\/\/shumans-monini-stage.ccws.it\/it-ch\/#website\"},\"primaryImageOfPage\":{\"@id\":\"https:\/\/shumans-monini-stage.ccws.it\/it-ch\/product\/monocultivar-coratina\/#primaryimage\"},\"image\":{\"@id\":\"https:\/\/shumans-monini-stage.ccws.it\/it-ch\/product\/monocultivar-coratina\/#primaryimage\"},\"thumbnailUrl\":\"https:\/\/shumans-monini-stage.ccws.it\/wp-content\/uploads\/2025\/06\/MONOCULTIVAR-CORATINA-2025-mockup-1.png\",\"datePublished\":\"2025-06-25T09:29:19+00:00\",\"dateModified\":\"2025-08-18T08:26:49+00:00\",\"breadcrumb\":{\"@id\":\"https:\/\/shumans-monini-stage.ccws.it\/it-ch\/product\/monocultivar-coratina\/#breadcrumb\"},\"inLanguage\":\"it-CH\",\"potentialAction\":[{\"@type\":\"ReadAction\",\"target\":[\"https:\/\/shumans-monini-stage.ccws.it\/it-ch\/product\/monocultivar-coratina\/\"]}]},{\"@type\":\"ImageObject\",\"inLanguage\":\"it-CH\",\"@id\":\"https:\/\/shumans-monini-stage.ccws.it\/it-ch\/product\/monocultivar-coratina\/#primaryimage\",\"url\":\"https:\/\/shumans-monini-stage.ccws.it\/wp-content\/uploads\/2025\/06\/MONOCULTIVAR-CORATINA-2025-mockup-1.png\",\"contentUrl\":\"https:\/\/shumans-monini-stage.ccws.it\/wp-content\/uploads\/2025\/06\/MONOCULTIVAR-CORATINA-2025-mockup-1.png\",\"width\":1024,\"height\":1280},{\"@type\":\"BreadcrumbList\",\"@id\":\"https:\/\/shumans-monini-stage.ccws.it\/it-ch\/product\/monocultivar-coratina\/#breadcrumb\",\"itemListElement\":[{\"@type\":\"ListItem\",\"position\":1,\"name\":\"Home\",\"item\":\"https:\/\/shumans-monini-stage.ccws.it\/it-ch\/\"},{\"@type\":\"ListItem\",\"position\":2,\"name\":\"Prodotti\",\"item\":\"https:\/\/shumans-monini-stage.ccws.it\/it-ch\/product\/\"},{\"@type\":\"ListItem\",\"position\":3,\"name\":\"Monocultivar Coratina\"}]},{\"@type\":\"WebSite\",\"@id\":\"https:\/\/shumans-monini-stage.ccws.it\/it-ch\/#website\",\"url\":\"https:\/\/shumans-monini-stage.ccws.it\/it-ch\/\",\"name\":\"Monini\",\"description\":\"Una spremuta di olive\",\"potentialAction\":[{\"@type\":\"SearchAction\",\"target\":{\"@type\":\"EntryPoint\",\"urlTemplate\":\"https:\/\/shumans-monini-stage.ccws.it\/it-ch\/?s={search_term_string}\"},\"query-input\":{\"@type\":\"PropertyValueSpecification\",\"valueRequired\":true,\"valueName\":\"search_term_string\"}}],\"inLanguage\":\"it-CH\"}]}<\/script>\n<!-- \/ Yoast SEO plugin. -->","yoast_head_json":{"title":"Monocultivar Coratina - Monini","robots":{"index":"noindex","follow":"follow","max-snippet":"max-snippet:-1","max-image-preview":"max-image-preview:large","max-video-preview":"max-video-preview:-1"},"og_locale":"it_IT","og_type":"article","og_title":"Monocultivar Coratina - Monini","og_description":"La filosofia della famiglia Monini di produrre impeccabili oli extra vergini di oliva di qualit\u00e0 superiore che rimangano costanti nel tempo ha ispirato il sig. Monini ad offrire una gamma di tre eccellenti oli extra vergini d\u2019oliva, monocultivar biologici, certificati dall\u2019 uliveto alla tavola, utilizzando solo i migliori ingredienti certificati: 100% biologici e 100% italiani.","og_url":"https:\/\/shumans-monini-stage.ccws.it\/it-ch\/product\/monocultivar-coratina\/","og_site_name":"Monini","article_publisher":"https:\/\/www.facebook.com\/MoniniOlio\/","article_modified_time":"2025-08-18T08:26:49+00:00","og_image":[{"width":1024,"height":1280,"url":"https:\/\/shumans-monini-stage.ccws.it\/wp-content\/uploads\/2025\/06\/MONOCULTIVAR-CORATINA-2025-mockup-1.png","type":"image\/png"}],"twitter_card":"summary_large_image","twitter_misc":{"Est. reading time":"3 minutes"},"schema":{"@context":"https:\/\/schema.org","@graph":[{"@type":"WebPage","@id":"https:\/\/shumans-monini-stage.ccws.it\/it-ch\/product\/monocultivar-coratina\/","url":"https:\/\/shumans-monini-stage.ccws.it\/it-ch\/product\/monocultivar-coratina\/","name":"Monocultivar Coratina - Monini","isPartOf":{"@id":"https:\/\/shumans-monini-stage.ccws.it\/it-ch\/#website"},"primaryImageOfPage":{"@id":"https:\/\/shumans-monini-stage.ccws.it\/it-ch\/product\/monocultivar-coratina\/#primaryimage"},"image":{"@id":"https:\/\/shumans-monini-stage.ccws.it\/it-ch\/product\/monocultivar-coratina\/#primaryimage"},"thumbnailUrl":"https:\/\/shumans-monini-stage.ccws.it\/wp-content\/uploads\/2025\/06\/MONOCULTIVAR-CORATINA-2025-mockup-1.png","datePublished":"2025-06-25T09:29:19+00:00","dateModified":"2025-08-18T08:26:49+00:00","breadcrumb":{"@id":"https:\/\/shumans-monini-stage.ccws.it\/it-ch\/product\/monocultivar-coratina\/#breadcrumb"},"inLanguage":"it-CH","potentialAction":[{"@type":"ReadAction","target":["https:\/\/shumans-monini-stage.ccws.it\/it-ch\/product\/monocultivar-coratina\/"]}]},{"@type":"ImageObject","inLanguage":"it-CH","@id":"https:\/\/shumans-monini-stage.ccws.it\/it-ch\/product\/monocultivar-coratina\/#primaryimage","url":"https:\/\/shumans-monini-stage.ccws.it\/wp-content\/uploads\/2025\/06\/MONOCULTIVAR-CORATINA-2025-mockup-1.png","contentUrl":"https:\/\/shumans-monini-stage.ccws.it\/wp-content\/uploads\/2025\/06\/MONOCULTIVAR-CORATINA-2025-mockup-1.png","width":1024,"height":1280},{"@type":"BreadcrumbList","@id":"https:\/\/shumans-monini-stage.ccws.it\/it-ch\/product\/monocultivar-coratina\/#breadcrumb","itemListElement":[{"@type":"ListItem","position":1,"name":"Home","item":"https:\/\/shumans-monini-stage.ccws.it\/it-ch\/"},{"@type":"ListItem","position":2,"name":"Prodotti","item":"https:\/\/shumans-monini-stage.ccws.it\/it-ch\/product\/"},{"@type":"ListItem","position":3,"name":"Monocultivar Coratina"}]},{"@type":"WebSite","@id":"https:\/\/shumans-monini-stage.ccws.it\/it-ch\/#website","url":"https:\/\/shumans-monini-stage.ccws.it\/it-ch\/","name":"Monini","description":"Una spremuta di olive","potentialAction":[{"@type":"SearchAction","target":{"@type":"EntryPoint","urlTemplate":"https:\/\/shumans-monini-stage.ccws.it\/it-ch\/?s={search_term_string}"},"query-input":{"@type":"PropertyValueSpecification","valueRequired":true,"valueName":"search_term_string"}}],"inLanguage":"it-CH"}]}},"acf":[],"_links":{"self":[{"href":"https:\/\/shumans-monini-stage.ccws.it\/it-ch\/wp-json\/wp\/v2\/product\/33899","targetHints":{"allow":["GET"]}}],"collection":[{"href":"https:\/\/shumans-monini-stage.ccws.it\/it-ch\/wp-json\/wp\/v2\/product"}],"about":[{"href":"https:\/\/shumans-monini-stage.ccws.it\/it-ch\/wp-json\/wp\/v2\/types\/product"}],"author":[{"embeddable":true,"href":"https:\/\/shumans-monini-stage.ccws.it\/it-ch\/wp-json\/wp\/v2\/users\/3"}],"version-history":[{"count":2,"href":"https:\/\/shumans-monini-stage.ccws.it\/it-ch\/wp-json\/wp\/v2\/product\/33899\/revisions"}],"predecessor-version":[{"id":33911,"href":"https:\/\/shumans-monini-stage.ccws.it\/it-ch\/wp-json\/wp\/v2\/product\/33899\/revisions\/33911"}],"wp:featuredmedia":[{"embeddable":true,"href":"https:\/\/shumans-monini-stage.ccws.it\/it-ch\/wp-json\/wp\/v2\/media\/33904"}],"wp:attachment":[{"href":"https:\/\/shumans-monini-stage.ccws.it\/it-ch\/wp-json\/wp\/v2\/media?parent=33899"}],"wp:term":[{"taxonomy":"post_tag","embeddable":true,"href":"https:\/\/shumans-monini-stage.ccws.it\/it-ch\/wp-json\/wp\/v2\/tags?post=33899"},{"taxonomy":"cat_product","embeddable":true,"href":"https:\/\/shumans-monini-stage.ccws.it\/it-ch\/wp-json\/wp\/v2\/cat_product?post=33899"}],"curies":[{"name":"wp","href":"https:\/\/api.w.org\/{rel}","templated":true}]}}