{"id":33972,"date":"2025-06-25T11:09:14","date_gmt":"2025-06-25T09:09:14","guid":{"rendered":"https:\/\/shumans-monini-stage.ccws.it\/?post_type=product&#038;p=33972"},"modified":"2025-08-18T11:48:28","modified_gmt":"2025-08-18T09:48:28","slug":"aglio-e-peperoncino","status":"publish","type":"product","link":"https:\/\/shumans-monini-stage.ccws.it\/it-ch\/product\/aglio-e-peperoncino\/","title":{"rendered":"Olio aromatizzato all&#8217;Aglio e Peperoncino"},"content":{"rendered":"\n<div class=\"wp-block-group is-style-spaced\"><div class=\"wp-block-group__inner-container\">\n<h6 class=\"wp-block-heading\">Consigli di degustazione<\/h6>\n\n\n\n<div style=\"height:0.25em\" aria-hidden=\"true\" class=\"wp-block-spacer\"><\/div>\n\n\n\n<div class=\"wp-block-columns\">\n<div class=\"wp-block-column\"><div class=\"wp-block-image\">\n<figure class=\"aligncenter size-full\"><img loading=\"lazy\" decoding=\"async\" width=\"120\" height=\"120\" src=\"https:\/\/shumans-monini-stage.ccws.it\/wp-content\/uploads\/2025\/06\/icn_legumi@2X-1.png\" alt=\"\" class=\"wp-image-2249\"\/><figcaption class=\"wp-element-caption\">Legumi<\/figcaption><\/figure>\n<\/div><\/div>\n\n\n\n<div class=\"wp-block-column\"><div class=\"wp-block-image\">\n<figure class=\"aligncenter size-full\"><img loading=\"lazy\" decoding=\"async\" width=\"120\" height=\"120\" src=\"https:\/\/shumans-monini-stage.ccws.it\/wp-content\/uploads\/2025\/06\/icn_pane@2X-1.png\" alt=\"\" class=\"wp-image-2250\"\/><figcaption class=\"wp-element-caption\">Pane, focacce e pizze<\/figcaption><\/figure>\n<\/div><\/div>\n\n\n\n<div class=\"wp-block-column\"><div class=\"wp-block-image\">\n<figure class=\"aligncenter size-full\"><img loading=\"lazy\" decoding=\"async\" width=\"120\" height=\"120\" src=\"https:\/\/shumans-monini-stage.ccws.it\/wp-content\/uploads\/2025\/06\/icn_per-utilizzi-in-cottura@2X.png\" alt=\"\" class=\"wp-image-2252\"\/><figcaption class=\"wp-element-caption\">Per utilizzi in cottura<\/figcaption><\/figure>\n<\/div><\/div>\n<\/div>\n\n\n\n<div style=\"height:0.1em\" aria-hidden=\"true\" class=\"wp-block-spacer\"><\/div>\n\n\n\n<p>L\u2019olio Extra Vergine di Oliva aromatizzato all\u2019aglio e al peperoncino \u00e8 il condimento ideale da tenere sulla tavola per conferire un gusto pi\u00f9 deciso a primi piatti e soffritti o per esaltare un contorno di erbette saltate o verdure gratinate. Vivace e piccante, questa fragranza si sposa alla perfezione con la pasta aglio, olio e peperoncino, il risotto ai frutti di mare e le zuppe. Sentirai che differenza!<\/p>\n<\/div><\/div>\n\n\n\n<div style=\"height:0.5em\" aria-hidden=\"true\" class=\"wp-block-spacer\"><\/div>\n\n\n    <section class=\"banner-link \">\n        <div class=\"banner-wrapper\">\n\t\t\t\t\t<div>\n\t\t\t\t\t    <h6 class=\"banner-category\">Guida alla degustazione<\/h6>\n              <h2 class=\"banner-title\">Le sette regole d&#8217;oro<\/h2>\t\t\t\t\t\t\n\t\t\t\t\t<\/div>\n\t\t\t\t\t<div>\n\t\t\t\t\t\t<a href=\"https:\/\/shumans-monini-stage.ccws.it\/it\/editorial\/le-sette-regole-doro\/\" title=\"Scopri di pi\u00f9\" class=\"btn btn-primary\">\n\t\t\t\t\t\t\t<span>Scopri di pi\u00f9<\/span>\n\t\t\t\t\t\t<\/a>\n\t\t\t\t\t<\/div>\n        <\/div>\n    <\/section>\n","protected":false},"excerpt":{"rendered":"<p>L\u2019olio extra vergine di oliva aromatizzato all\u2019aglio e peperoncino \u00e8 particolarmente adatto per insalate, verdure cotte, spaghetti, cozze e bruschetta. Utilizzane solo poche gocce sui piatti gi\u00e0 preparati per un sapore intenso. Nella gamma di prodotti Monini \u00e8 possibile trovare i sapori pi\u00f9 autentici della cucina tradizionale italiana.<\/p>\n","protected":false},"author":3,"featured_media":33973,"menu_order":48,"template":"","meta":{"_acf_changed":false,"footnotes":""},"tags":[],"cat_product":[348],"class_list":["post-33972","product","type-product","status-publish","has-post-thumbnail","hentry","cat_product-olii-aromatizzati"],"yoast_head":"<!-- This site is optimized with the Yoast SEO plugin v25.8 - https:\/\/yoast.com\/wordpress\/plugins\/seo\/ -->\n<title>Olio aromatizzato all&#039;Aglio e Peperoncino - Monini<\/title>\n<meta name=\"robots\" content=\"noindex, follow, max-snippet:-1, max-image-preview:large, max-video-preview:-1\" \/>\n<meta property=\"og:locale\" content=\"it_IT\" \/>\n<meta property=\"og:type\" content=\"article\" \/>\n<meta property=\"og:title\" content=\"Olio aromatizzato all&#039;Aglio e Peperoncino - Monini\" \/>\n<meta property=\"og:description\" content=\"L\u2019olio extra vergine di oliva aromatizzato all\u2019aglio e peperoncino \u00e8 particolarmente adatto per insalate, verdure cotte, spaghetti, cozze e bruschetta. Utilizzane solo poche gocce sui piatti gi\u00e0 preparati per un sapore intenso. Nella gamma di prodotti Monini \u00e8 possibile trovare i sapori pi\u00f9 autentici della cucina tradizionale italiana.\" \/>\n<meta property=\"og:url\" content=\"https:\/\/shumans-monini-stage.ccws.it\/it-ch\/product\/aglio-e-peperoncino\/\" \/>\n<meta property=\"og:site_name\" content=\"Monini\" \/>\n<meta property=\"article:publisher\" content=\"https:\/\/www.facebook.com\/MoniniOlio\/\" \/>\n<meta property=\"article:modified_time\" content=\"2025-08-18T09:48:28+00:00\" \/>\n<meta property=\"og:image\" content=\"https:\/\/shumans-monini-stage.ccws.it\/wp-content\/uploads\/2025\/06\/aromatizzati-aglio-e-peperoncino.png\" \/>\n\t<meta property=\"og:image:width\" content=\"1024\" \/>\n\t<meta property=\"og:image:height\" content=\"1280\" \/>\n\t<meta property=\"og:image:type\" content=\"image\/png\" \/>\n<meta name=\"twitter:card\" content=\"summary_large_image\" \/>\n<meta name=\"twitter:label1\" content=\"Est. reading time\" \/>\n\t<meta name=\"twitter:data1\" content=\"2 minutes\" \/>\n<script type=\"application\/ld+json\" class=\"yoast-schema-graph\">{\"@context\":\"https:\/\/schema.org\",\"@graph\":[{\"@type\":\"WebPage\",\"@id\":\"https:\/\/shumans-monini-stage.ccws.it\/it-ch\/product\/aglio-e-peperoncino\/\",\"url\":\"https:\/\/shumans-monini-stage.ccws.it\/it-ch\/product\/aglio-e-peperoncino\/\",\"name\":\"Olio aromatizzato all'Aglio e Peperoncino - Monini\",\"isPartOf\":{\"@id\":\"https:\/\/shumans-monini-stage.ccws.it\/it-ch\/#website\"},\"primaryImageOfPage\":{\"@id\":\"https:\/\/shumans-monini-stage.ccws.it\/it-ch\/product\/aglio-e-peperoncino\/#primaryimage\"},\"image\":{\"@id\":\"https:\/\/shumans-monini-stage.ccws.it\/it-ch\/product\/aglio-e-peperoncino\/#primaryimage\"},\"thumbnailUrl\":\"https:\/\/shumans-monini-stage.ccws.it\/wp-content\/uploads\/2025\/06\/aromatizzati-aglio-e-peperoncino.png\",\"datePublished\":\"2025-06-25T09:09:14+00:00\",\"dateModified\":\"2025-08-18T09:48:28+00:00\",\"breadcrumb\":{\"@id\":\"https:\/\/shumans-monini-stage.ccws.it\/it-ch\/product\/aglio-e-peperoncino\/#breadcrumb\"},\"inLanguage\":\"it-CH\",\"potentialAction\":[{\"@type\":\"ReadAction\",\"target\":[\"https:\/\/shumans-monini-stage.ccws.it\/it-ch\/product\/aglio-e-peperoncino\/\"]}]},{\"@type\":\"ImageObject\",\"inLanguage\":\"it-CH\",\"@id\":\"https:\/\/shumans-monini-stage.ccws.it\/it-ch\/product\/aglio-e-peperoncino\/#primaryimage\",\"url\":\"https:\/\/shumans-monini-stage.ccws.it\/wp-content\/uploads\/2025\/06\/aromatizzati-aglio-e-peperoncino.png\",\"contentUrl\":\"https:\/\/shumans-monini-stage.ccws.it\/wp-content\/uploads\/2025\/06\/aromatizzati-aglio-e-peperoncino.png\",\"width\":1024,\"height\":1280},{\"@type\":\"BreadcrumbList\",\"@id\":\"https:\/\/shumans-monini-stage.ccws.it\/it-ch\/product\/aglio-e-peperoncino\/#breadcrumb\",\"itemListElement\":[{\"@type\":\"ListItem\",\"position\":1,\"name\":\"Home\",\"item\":\"https:\/\/shumans-monini-stage.ccws.it\/it-ch\/\"},{\"@type\":\"ListItem\",\"position\":2,\"name\":\"Prodotti\",\"item\":\"https:\/\/shumans-monini-stage.ccws.it\/it-ch\/product\/\"},{\"@type\":\"ListItem\",\"position\":3,\"name\":\"Olio aromatizzato all&#8217;Aglio e Peperoncino\"}]},{\"@type\":\"WebSite\",\"@id\":\"https:\/\/shumans-monini-stage.ccws.it\/it-ch\/#website\",\"url\":\"https:\/\/shumans-monini-stage.ccws.it\/it-ch\/\",\"name\":\"Monini\",\"description\":\"Una spremuta di olive\",\"potentialAction\":[{\"@type\":\"SearchAction\",\"target\":{\"@type\":\"EntryPoint\",\"urlTemplate\":\"https:\/\/shumans-monini-stage.ccws.it\/it-ch\/?s={search_term_string}\"},\"query-input\":{\"@type\":\"PropertyValueSpecification\",\"valueRequired\":true,\"valueName\":\"search_term_string\"}}],\"inLanguage\":\"it-CH\"}]}<\/script>\n<!-- \/ Yoast SEO plugin. -->","yoast_head_json":{"title":"Olio aromatizzato all'Aglio e Peperoncino - Monini","robots":{"index":"noindex","follow":"follow","max-snippet":"max-snippet:-1","max-image-preview":"max-image-preview:large","max-video-preview":"max-video-preview:-1"},"og_locale":"it_IT","og_type":"article","og_title":"Olio aromatizzato all'Aglio e Peperoncino - Monini","og_description":"L\u2019olio extra vergine di oliva aromatizzato all\u2019aglio e peperoncino \u00e8 particolarmente adatto per insalate, verdure cotte, spaghetti, cozze e bruschetta. Utilizzane solo poche gocce sui piatti gi\u00e0 preparati per un sapore intenso. Nella gamma di prodotti Monini \u00e8 possibile trovare i sapori pi\u00f9 autentici della cucina tradizionale italiana.","og_url":"https:\/\/shumans-monini-stage.ccws.it\/it-ch\/product\/aglio-e-peperoncino\/","og_site_name":"Monini","article_publisher":"https:\/\/www.facebook.com\/MoniniOlio\/","article_modified_time":"2025-08-18T09:48:28+00:00","og_image":[{"width":1024,"height":1280,"url":"https:\/\/shumans-monini-stage.ccws.it\/wp-content\/uploads\/2025\/06\/aromatizzati-aglio-e-peperoncino.png","type":"image\/png"}],"twitter_card":"summary_large_image","twitter_misc":{"Est. reading time":"2 minutes"},"schema":{"@context":"https:\/\/schema.org","@graph":[{"@type":"WebPage","@id":"https:\/\/shumans-monini-stage.ccws.it\/it-ch\/product\/aglio-e-peperoncino\/","url":"https:\/\/shumans-monini-stage.ccws.it\/it-ch\/product\/aglio-e-peperoncino\/","name":"Olio aromatizzato all'Aglio e Peperoncino - Monini","isPartOf":{"@id":"https:\/\/shumans-monini-stage.ccws.it\/it-ch\/#website"},"primaryImageOfPage":{"@id":"https:\/\/shumans-monini-stage.ccws.it\/it-ch\/product\/aglio-e-peperoncino\/#primaryimage"},"image":{"@id":"https:\/\/shumans-monini-stage.ccws.it\/it-ch\/product\/aglio-e-peperoncino\/#primaryimage"},"thumbnailUrl":"https:\/\/shumans-monini-stage.ccws.it\/wp-content\/uploads\/2025\/06\/aromatizzati-aglio-e-peperoncino.png","datePublished":"2025-06-25T09:09:14+00:00","dateModified":"2025-08-18T09:48:28+00:00","breadcrumb":{"@id":"https:\/\/shumans-monini-stage.ccws.it\/it-ch\/product\/aglio-e-peperoncino\/#breadcrumb"},"inLanguage":"it-CH","potentialAction":[{"@type":"ReadAction","target":["https:\/\/shumans-monini-stage.ccws.it\/it-ch\/product\/aglio-e-peperoncino\/"]}]},{"@type":"ImageObject","inLanguage":"it-CH","@id":"https:\/\/shumans-monini-stage.ccws.it\/it-ch\/product\/aglio-e-peperoncino\/#primaryimage","url":"https:\/\/shumans-monini-stage.ccws.it\/wp-content\/uploads\/2025\/06\/aromatizzati-aglio-e-peperoncino.png","contentUrl":"https:\/\/shumans-monini-stage.ccws.it\/wp-content\/uploads\/2025\/06\/aromatizzati-aglio-e-peperoncino.png","width":1024,"height":1280},{"@type":"BreadcrumbList","@id":"https:\/\/shumans-monini-stage.ccws.it\/it-ch\/product\/aglio-e-peperoncino\/#breadcrumb","itemListElement":[{"@type":"ListItem","position":1,"name":"Home","item":"https:\/\/shumans-monini-stage.ccws.it\/it-ch\/"},{"@type":"ListItem","position":2,"name":"Prodotti","item":"https:\/\/shumans-monini-stage.ccws.it\/it-ch\/product\/"},{"@type":"ListItem","position":3,"name":"Olio aromatizzato all&#8217;Aglio e Peperoncino"}]},{"@type":"WebSite","@id":"https:\/\/shumans-monini-stage.ccws.it\/it-ch\/#website","url":"https:\/\/shumans-monini-stage.ccws.it\/it-ch\/","name":"Monini","description":"Una spremuta di olive","potentialAction":[{"@type":"SearchAction","target":{"@type":"EntryPoint","urlTemplate":"https:\/\/shumans-monini-stage.ccws.it\/it-ch\/?s={search_term_string}"},"query-input":{"@type":"PropertyValueSpecification","valueRequired":true,"valueName":"search_term_string"}}],"inLanguage":"it-CH"}]}},"acf":[],"_links":{"self":[{"href":"https:\/\/shumans-monini-stage.ccws.it\/it-ch\/wp-json\/wp\/v2\/product\/33972","targetHints":{"allow":["GET"]}}],"collection":[{"href":"https:\/\/shumans-monini-stage.ccws.it\/it-ch\/wp-json\/wp\/v2\/product"}],"about":[{"href":"https:\/\/shumans-monini-stage.ccws.it\/it-ch\/wp-json\/wp\/v2\/types\/product"}],"author":[{"embeddable":true,"href":"https:\/\/shumans-monini-stage.ccws.it\/it-ch\/wp-json\/wp\/v2\/users\/3"}],"version-history":[{"count":2,"href":"https:\/\/shumans-monini-stage.ccws.it\/it-ch\/wp-json\/wp\/v2\/product\/33972\/revisions"}],"predecessor-version":[{"id":33975,"href":"https:\/\/shumans-monini-stage.ccws.it\/it-ch\/wp-json\/wp\/v2\/product\/33972\/revisions\/33975"}],"wp:featuredmedia":[{"embeddable":true,"href":"https:\/\/shumans-monini-stage.ccws.it\/it-ch\/wp-json\/wp\/v2\/media\/33973"}],"wp:attachment":[{"href":"https:\/\/shumans-monini-stage.ccws.it\/it-ch\/wp-json\/wp\/v2\/media?parent=33972"}],"wp:term":[{"taxonomy":"post_tag","embeddable":true,"href":"https:\/\/shumans-monini-stage.ccws.it\/it-ch\/wp-json\/wp\/v2\/tags?post=33972"},{"taxonomy":"cat_product","embeddable":true,"href":"https:\/\/shumans-monini-stage.ccws.it\/it-ch\/wp-json\/wp\/v2\/cat_product?post=33972"}],"curies":[{"name":"wp","href":"https:\/\/api.w.org\/{rel}","templated":true}]}}