{"id":236,"date":"2025-06-10T16:18:56","date_gmt":"2025-06-10T14:18:56","guid":{"rendered":"https:\/\/shumans-monini-stage.ccws.it\/?page_id=236"},"modified":"2025-06-27T13:10:58","modified_gmt":"2025-06-27T11:10:58","slug":"sostenibilita","status":"publish","type":"page","link":"https:\/\/shumans-monini-stage.ccws.it\/it\/sostenibilita\/","title":{"rendered":"Sostenibilit\u00e0"},"content":{"rendered":"\n<div class=\"wp-block-group is-style-spaced\"><div class=\"wp-block-group__inner-container\">\n<p class=\"has-text-align-center\">Oggi il mondo ci parla di sostenibilit\u00e0: le sfide per il domani sono molte e le nuove generazioni, verso cui abbiamo una grande responsabilit\u00e0, ci chiedono a gran voce di agire per rendere il mondo un posto migliore.<\/p>\n\n\n\n<p class=\"has-text-align-center\">Per rispondere a queste sfide e offrire il nostro contributo abbiamo quindi definito 3 pilastri.<\/p>\n<\/div><\/div>\n\n\n\n<div style=\"height:0.5em\" aria-hidden=\"true\" class=\"wp-block-spacer\"><\/div>\n\n\n\t\t<section class=\"cat-project-terms\">\n\t\t\t\t\t\t\t\t\t\n<div class=\"card card-cat-project\" style=\"border-top: 1.6rem solid #e28f26;\">\n\t<div class=\"card-body\">\n\t\t<div class=\"row\">\n\t\t\t<div class=\"col-lg-6 order-2 order-lg-0\">\n\t\t\t\t<div class=\"card-inner\">\n\t\t\t\t\t<h3 class=\"h2 card-title\">In campo<\/h3>\n\t\t\t\t\t<p class=\"card-text\"><span style=\"font-weight: 400\">Partendo dal campo, vogliamo proseguire e rafforzare l\u2019impegno nella lotta ai cambiamenti climatici e nella tutela delle risorse naturali. La tecnologia diventa una preziosa alleata, non solo per affinare le tecniche ma anche per ridurre i consumi, adottando un uso pi\u00f9 responsabile di acqua e suolo. 100% degli oliveti coltivati ad agricoltura integrata o biologica in ecosistemi vocati all\u2019olio e irrigati goccia a goccia, 1 milione di nuovi alberi piantati e oltre 50 mila tonnellate di CO2 sequestrate: questi gli obiettivi che ci diamo per realizzare un modello agricolo in armonia con l\u2019ambiente e sicuro, in grado di preservare tutto il valore della biodiversit\u00e0.<\/span><\/p>\n\t\t\t\t\t<a class=\"btn btn-primary\" title=\"Continua a leggere\" href=\"https:\/\/shumans-monini-stage.ccws.it\/it\/cat_project\/in-campo\/\">\n\t\t\t\t\t\t<span>Continua a leggere<\/span>\n\t\t\t\t\t<\/a>\n\t\t\t\t<\/div>\n\t\t\t<\/div>\n\t\t\t<div class=\"col-lg-6\">\n\t\t\t\t\t\t\t\t\t<img loading=\"lazy\" decoding=\"async\" width=\"681\" height=\"1024\" src=\"https:\/\/shumans-monini-stage.ccws.it\/wp-content\/uploads\/2025\/06\/incampo-681x1024.jpg\" class=\"attachment-large size-large\" alt=\"Sostenibilit\u00e0\" srcset=\"https:\/\/shumans-monini-stage.ccws.it\/wp-content\/uploads\/2025\/06\/incampo-681x1024.jpg 681w, https:\/\/shumans-monini-stage.ccws.it\/wp-content\/uploads\/2025\/06\/incampo-213x320.jpg 213w, https:\/\/shumans-monini-stage.ccws.it\/wp-content\/uploads\/2025\/06\/incampo-199x300.jpg 199w, https:\/\/shumans-monini-stage.ccws.it\/wp-content\/uploads\/2025\/06\/incampo-768x1156.jpg 768w, https:\/\/shumans-monini-stage.ccws.it\/wp-content\/uploads\/2025\/06\/incampo-479x720.jpg 479w, https:\/\/shumans-monini-stage.ccws.it\/wp-content\/uploads\/2025\/06\/incampo.jpg 957w\" sizes=\"auto, (max-width: 681px) 100vw, 681px\" \/>\t\t\t\t\t\t\t<\/div>\n\t\t<\/div>\n\t<\/div>\n<\/div>\t\t\t\t\t\t\t\t\t\n<div class=\"card card-cat-project\" style=\"border-top: 1.6rem solid #007350;\">\n\t<div class=\"card-body\">\n\t\t<div class=\"row\">\n\t\t\t<div class=\"col-lg-6 order-2 order-lg-0\">\n\t\t\t\t<div class=\"card-inner\">\n\t\t\t\t\t<h3 class=\"h2 card-title\">Dentro la bottiglia<\/h3>\n\t\t\t\t\t<p class=\"card-text\"><span style=\"font-weight: 400\">La qualit\u00e0 dell\u2019olio extravergine d\u2019oliva, la tradizione \u2013 insieme all\u2019innovazione \u2013 della sua produzione e la cura in tutte le sue fasi rappresentano il grande patrimonio che siamo costantemente impegnati a difendere e valorizzare.<\/span>\r\n\r\n<span style=\"font-weight: 400\">Per questo intendiamo certificare il 100% dei nostri prodotti di origine italiana con il marchio Consorzio Extravergine di Qualit\u00e0, aumentare la tracciabilit\u00e0 tramite la tecnologia blockchain e utilizzare packaging e imballaggi sempre pi\u00f9 sostenibili, trasportati su mezzi a minor impatto ambientale.<\/span><\/p>\n\t\t\t\t\t<a class=\"btn btn-primary\" title=\"Continua a leggere\" href=\"https:\/\/shumans-monini-stage.ccws.it\/it\/cat_project\/dentro-la-bottiglia\/\">\n\t\t\t\t\t\t<span>Continua a leggere<\/span>\n\t\t\t\t\t<\/a>\n\t\t\t\t<\/div>\n\t\t\t<\/div>\n\t\t\t<div class=\"col-lg-6\">\n\t\t\t\t\t\t\t\t\t<img loading=\"lazy\" decoding=\"async\" width=\"1024\" height=\"768\" src=\"https:\/\/shumans-monini-stage.ccws.it\/wp-content\/uploads\/2025\/06\/dentrolabottiglia-1024x768.jpg\" class=\"attachment-large size-large\" alt=\"Sostenibilit\u00e0\" srcset=\"https:\/\/shumans-monini-stage.ccws.it\/wp-content\/uploads\/2025\/06\/dentrolabottiglia-1024x768.jpg 1024w, https:\/\/shumans-monini-stage.ccws.it\/wp-content\/uploads\/2025\/06\/dentrolabottiglia-300x225.jpg 300w, https:\/\/shumans-monini-stage.ccws.it\/wp-content\/uploads\/2025\/06\/dentrolabottiglia-768x576.jpg 768w, https:\/\/shumans-monini-stage.ccws.it\/wp-content\/uploads\/2025\/06\/dentrolabottiglia.jpg 1440w\" sizes=\"auto, (max-width: 1024px) 100vw, 1024px\" \/>\t\t\t\t\t\t\t<\/div>\n\t\t<\/div>\n\t<\/div>\n<\/div>\t\t\t\t\t\t\t\t\t\n<div class=\"card card-cat-project\" style=\"border-top: 1.6rem solid #4aa147;\">\n\t<div class=\"card-body\">\n\t\t<div class=\"row\">\n\t\t\t<div class=\"col-lg-6 order-2 order-lg-0\">\n\t\t\t\t<div class=\"card-inner\">\n\t\t\t\t\t<h3 class=\"h2 card-title\">Sulla tua tavola<\/h3>\n\t\t\t\t\t<p class=\"card-text\">Investendo sulla salute e sul benessere delle generazioni future, intendiamo garantire dieci anni di sostegno alla ricerca scientifica in merito alle propriet\u00e0 nutraceutiche e nutrigenomiche dell\u2019olio extravergine d\u2019oliva, portando avanti progetti sperimentali e di divulgazione scientifica anche in collaborazione con Fondazione Umberto Veronesi.\r\n\r\nAlla ricerca scientifica si affianca l\u2019impegno per diffondere la cultura dell\u2019extravergine e della sana alimentazione, che uniti allo sport e al movimento rappresentano il modello per uno stile di vita sano. Lo facciamo attraverso il programma didattico \u00abMonini per la Scuola\u00bb con il quale raggiungeremo 1 milione di ragazzi, e in occasione di una serie di grandi eventi sportivi, in cui entreremo in contatto con 200 mila persone<\/p>\n\t\t\t\t\t<a class=\"btn btn-primary\" title=\"Continua a leggere\" href=\"https:\/\/shumans-monini-stage.ccws.it\/it\/cat_project\/sulla-tua-tavola\/\">\n\t\t\t\t\t\t<span>Continua a leggere<\/span>\n\t\t\t\t\t<\/a>\n\t\t\t\t<\/div>\n\t\t\t<\/div>\n\t\t\t<div class=\"col-lg-6\">\n\t\t\t\t\t\t\t\t\t<img loading=\"lazy\" decoding=\"async\" width=\"500\" height=\"440\" src=\"https:\/\/shumans-monini-stage.ccws.it\/wp-content\/uploads\/2025\/06\/sullatuatavola.jpg\" class=\"attachment-large size-large\" alt=\"Sostenibilit\u00e0\" srcset=\"https:\/\/shumans-monini-stage.ccws.it\/wp-content\/uploads\/2025\/06\/sullatuatavola.jpg 500w, https:\/\/shumans-monini-stage.ccws.it\/wp-content\/uploads\/2025\/06\/sullatuatavola-300x264.jpg 300w\" sizes=\"auto, (max-width: 500px) 100vw, 500px\" \/>\t\t\t\t\t\t\t<\/div>\n\t\t<\/div>\n\t<\/div>\n<\/div>\t\t\t\t\t\t<\/section>\n\t\n\n\n<div style=\"height:0.7em\" aria-hidden=\"true\" class=\"wp-block-spacer\"><\/div>\n\n\n\n<div class=\"wp-block-columns are-vertically-aligned-center is-style-spaced is-style-banner\">\n<div class=\"wp-block-column is-vertically-aligned-center\">\n<figure class=\"wp-block-image size-full\"><img loading=\"lazy\" decoding=\"async\" width=\"1178\" height=\"943\" src=\"https:\/\/shumans-monini-stage.ccws.it\/wp-content\/uploads\/2025\/06\/HERO-ZDO-2025.jpg\" alt=\"\" class=\"wp-image-2912\" srcset=\"https:\/\/shumans-monini-stage.ccws.it\/wp-content\/uploads\/2025\/06\/HERO-ZDO-2025.jpg 1178w, https:\/\/shumans-monini-stage.ccws.it\/wp-content\/uploads\/2025\/06\/HERO-ZDO-2025-700x560.jpg 700w, https:\/\/shumans-monini-stage.ccws.it\/wp-content\/uploads\/2025\/06\/HERO-ZDO-2025-1024x820.jpg 1024w, https:\/\/shumans-monini-stage.ccws.it\/wp-content\/uploads\/2025\/06\/HERO-ZDO-2025-768x615.jpg 768w\" sizes=\"auto, (max-width: 1178px) 100vw, 1178px\" \/><\/figure>\n<\/div>\n\n\n\n<div class=\"wp-block-column is-vertically-aligned-center\">\n<h6 class=\"wp-block-heading\">Il nostro premio<\/h6>\n\n\n\n<h2 class=\"wp-block-heading\">Zefferino d&#8217;Oro<\/h2>\n\n\n\n<p>Celebriamo la filiera italiana dell&#8217;olio extra vergine di oliva.<\/p>\n\n\n\n<div class=\"wp-block-buttons is-layout-flex wp-block-buttons-is-layout-flex\">\n<div class=\"wp-block-button\"><a class=\"btn btn-primary\" href=\"https:\/\/shumans-monini-stage.ccws.it\/it\/zefferino-doro\/\"><span>Scopri di pi\u00f9<\/span><\/a><\/div>\n<\/div>\n<\/div>\n<\/div>\n\n\n\n<p><\/p>\n","protected":false},"excerpt":{"rendered":"<p>Oggi il mondo ci parla di sostenibilit\u00e0: le sfide per il domani sono molte e&#8230;<\/p>\n","protected":false},"author":1,"featured_media":237,"parent":0,"menu_order":0,"comment_status":"closed","ping_status":"closed","template":"page-sustainability.php","meta":{"_acf_changed":false,"footnotes":""},"class_list":["post-236","page","type-page","status-publish","has-post-thumbnail","hentry"],"yoast_head":"<!-- This site is optimized with the Yoast SEO plugin v25.8 - https:\/\/yoast.com\/wordpress\/plugins\/seo\/ -->\n<title>Sostenibilit\u00e0 - Monini<\/title>\n<meta name=\"robots\" content=\"noindex, follow, max-snippet:-1, max-image-preview:large, max-video-preview:-1\" \/>\n<meta property=\"og:locale\" content=\"it_IT\" \/>\n<meta property=\"og:type\" content=\"article\" \/>\n<meta property=\"og:title\" content=\"Sostenibilit\u00e0 - Monini\" \/>\n<meta property=\"og:description\" content=\"Oggi il mondo ci parla di sostenibilit\u00e0: le sfide per il domani sono molte e...\" \/>\n<meta property=\"og:url\" content=\"https:\/\/shumans-monini-stage.ccws.it\/it\/sostenibilita\/\" \/>\n<meta property=\"og:site_name\" content=\"Monini\" \/>\n<meta property=\"article:publisher\" content=\"https:\/\/www.facebook.com\/MoniniOlio\/\" \/>\n<meta property=\"article:modified_time\" content=\"2025-06-27T11:10:58+00:00\" \/>\n<meta property=\"og:image\" content=\"https:\/\/shumans-monini-stage.ccws.it\/wp-content\/uploads\/2025\/06\/sustainability-banner.jpg\" \/>\n\t<meta property=\"og:image:width\" content=\"1440\" \/>\n\t<meta property=\"og:image:height\" content=\"597\" \/>\n\t<meta property=\"og:image:type\" content=\"image\/jpeg\" \/>\n<meta name=\"twitter:card\" content=\"summary_large_image\" \/>\n<meta name=\"twitter:label1\" content=\"Tempo di lettura stimato\" \/>\n\t<meta name=\"twitter:data1\" content=\"1 minuto\" \/>\n<script type=\"application\/ld+json\" class=\"yoast-schema-graph\">{\"@context\":\"https:\/\/schema.org\",\"@graph\":[{\"@type\":\"WebPage\",\"@id\":\"https:\/\/shumans-monini-stage.ccws.it\/it\/sostenibilita\/\",\"url\":\"https:\/\/shumans-monini-stage.ccws.it\/it\/sostenibilita\/\",\"name\":\"Sostenibilit\u00e0 - Monini\",\"isPartOf\":{\"@id\":\"https:\/\/shumans-monini-stage.ccws.it\/it\/#website\"},\"primaryImageOfPage\":{\"@id\":\"https:\/\/shumans-monini-stage.ccws.it\/it\/sostenibilita\/#primaryimage\"},\"image\":{\"@id\":\"https:\/\/shumans-monini-stage.ccws.it\/it\/sostenibilita\/#primaryimage\"},\"thumbnailUrl\":\"https:\/\/shumans-monini-stage.ccws.it\/wp-content\/uploads\/2025\/06\/sustainability-banner.jpg\",\"datePublished\":\"2025-06-10T14:18:56+00:00\",\"dateModified\":\"2025-06-27T11:10:58+00:00\",\"breadcrumb\":{\"@id\":\"https:\/\/shumans-monini-stage.ccws.it\/it\/sostenibilita\/#breadcrumb\"},\"inLanguage\":\"it-IT\",\"potentialAction\":[{\"@type\":\"ReadAction\",\"target\":[\"https:\/\/shumans-monini-stage.ccws.it\/it\/sostenibilita\/\"]}]},{\"@type\":\"ImageObject\",\"inLanguage\":\"it-IT\",\"@id\":\"https:\/\/shumans-monini-stage.ccws.it\/it\/sostenibilita\/#primaryimage\",\"url\":\"https:\/\/shumans-monini-stage.ccws.it\/wp-content\/uploads\/2025\/06\/sustainability-banner.jpg\",\"contentUrl\":\"https:\/\/shumans-monini-stage.ccws.it\/wp-content\/uploads\/2025\/06\/sustainability-banner.jpg\",\"width\":1440,\"height\":597},{\"@type\":\"BreadcrumbList\",\"@id\":\"https:\/\/shumans-monini-stage.ccws.it\/it\/sostenibilita\/#breadcrumb\",\"itemListElement\":[{\"@type\":\"ListItem\",\"position\":1,\"name\":\"Home\",\"item\":\"https:\/\/shumans-monini-stage.ccws.it\/it\/\"},{\"@type\":\"ListItem\",\"position\":2,\"name\":\"Sostenibilit\u00e0\"}]},{\"@type\":\"WebSite\",\"@id\":\"https:\/\/shumans-monini-stage.ccws.it\/it\/#website\",\"url\":\"https:\/\/shumans-monini-stage.ccws.it\/it\/\",\"name\":\"Monini\",\"description\":\"Una spremuta di olive\",\"potentialAction\":[{\"@type\":\"SearchAction\",\"target\":{\"@type\":\"EntryPoint\",\"urlTemplate\":\"https:\/\/shumans-monini-stage.ccws.it\/it\/?s={search_term_string}\"},\"query-input\":{\"@type\":\"PropertyValueSpecification\",\"valueRequired\":true,\"valueName\":\"search_term_string\"}}],\"inLanguage\":\"it-IT\"}]}<\/script>\n<!-- \/ Yoast SEO plugin. -->","yoast_head_json":{"title":"Sostenibilit\u00e0 - Monini","robots":{"index":"noindex","follow":"follow","max-snippet":"max-snippet:-1","max-image-preview":"max-image-preview:large","max-video-preview":"max-video-preview:-1"},"og_locale":"it_IT","og_type":"article","og_title":"Sostenibilit\u00e0 - Monini","og_description":"Oggi il mondo ci parla di sostenibilit\u00e0: le sfide per il domani sono molte e...","og_url":"https:\/\/shumans-monini-stage.ccws.it\/it\/sostenibilita\/","og_site_name":"Monini","article_publisher":"https:\/\/www.facebook.com\/MoniniOlio\/","article_modified_time":"2025-06-27T11:10:58+00:00","og_image":[{"width":1440,"height":597,"url":"https:\/\/shumans-monini-stage.ccws.it\/wp-content\/uploads\/2025\/06\/sustainability-banner.jpg","type":"image\/jpeg"}],"twitter_card":"summary_large_image","twitter_misc":{"Tempo di lettura stimato":"1 minuto"},"schema":{"@context":"https:\/\/schema.org","@graph":[{"@type":"WebPage","@id":"https:\/\/shumans-monini-stage.ccws.it\/it\/sostenibilita\/","url":"https:\/\/shumans-monini-stage.ccws.it\/it\/sostenibilita\/","name":"Sostenibilit\u00e0 - Monini","isPartOf":{"@id":"https:\/\/shumans-monini-stage.ccws.it\/it\/#website"},"primaryImageOfPage":{"@id":"https:\/\/shumans-monini-stage.ccws.it\/it\/sostenibilita\/#primaryimage"},"image":{"@id":"https:\/\/shumans-monini-stage.ccws.it\/it\/sostenibilita\/#primaryimage"},"thumbnailUrl":"https:\/\/shumans-monini-stage.ccws.it\/wp-content\/uploads\/2025\/06\/sustainability-banner.jpg","datePublished":"2025-06-10T14:18:56+00:00","dateModified":"2025-06-27T11:10:58+00:00","breadcrumb":{"@id":"https:\/\/shumans-monini-stage.ccws.it\/it\/sostenibilita\/#breadcrumb"},"inLanguage":"it-IT","potentialAction":[{"@type":"ReadAction","target":["https:\/\/shumans-monini-stage.ccws.it\/it\/sostenibilita\/"]}]},{"@type":"ImageObject","inLanguage":"it-IT","@id":"https:\/\/shumans-monini-stage.ccws.it\/it\/sostenibilita\/#primaryimage","url":"https:\/\/shumans-monini-stage.ccws.it\/wp-content\/uploads\/2025\/06\/sustainability-banner.jpg","contentUrl":"https:\/\/shumans-monini-stage.ccws.it\/wp-content\/uploads\/2025\/06\/sustainability-banner.jpg","width":1440,"height":597},{"@type":"BreadcrumbList","@id":"https:\/\/shumans-monini-stage.ccws.it\/it\/sostenibilita\/#breadcrumb","itemListElement":[{"@type":"ListItem","position":1,"name":"Home","item":"https:\/\/shumans-monini-stage.ccws.it\/it\/"},{"@type":"ListItem","position":2,"name":"Sostenibilit\u00e0"}]},{"@type":"WebSite","@id":"https:\/\/shumans-monini-stage.ccws.it\/it\/#website","url":"https:\/\/shumans-monini-stage.ccws.it\/it\/","name":"Monini","description":"Una spremuta di olive","potentialAction":[{"@type":"SearchAction","target":{"@type":"EntryPoint","urlTemplate":"https:\/\/shumans-monini-stage.ccws.it\/it\/?s={search_term_string}"},"query-input":{"@type":"PropertyValueSpecification","valueRequired":true,"valueName":"search_term_string"}}],"inLanguage":"it-IT"}]}},"acf":[],"_links":{"self":[{"href":"https:\/\/shumans-monini-stage.ccws.it\/it\/wp-json\/wp\/v2\/pages\/236","targetHints":{"allow":["GET"]}}],"collection":[{"href":"https:\/\/shumans-monini-stage.ccws.it\/it\/wp-json\/wp\/v2\/pages"}],"about":[{"href":"https:\/\/shumans-monini-stage.ccws.it\/it\/wp-json\/wp\/v2\/types\/page"}],"author":[{"embeddable":true,"href":"https:\/\/shumans-monini-stage.ccws.it\/it\/wp-json\/wp\/v2\/users\/1"}],"replies":[{"embeddable":true,"href":"https:\/\/shumans-monini-stage.ccws.it\/it\/wp-json\/wp\/v2\/comments?post=236"}],"version-history":[{"count":12,"href":"https:\/\/shumans-monini-stage.ccws.it\/it\/wp-json\/wp\/v2\/pages\/236\/revisions"}],"predecessor-version":[{"id":6526,"href":"https:\/\/shumans-monini-stage.ccws.it\/it\/wp-json\/wp\/v2\/pages\/236\/revisions\/6526"}],"wp:featuredmedia":[{"embeddable":true,"href":"https:\/\/shumans-monini-stage.ccws.it\/it\/wp-json\/wp\/v2\/media\/237"}],"wp:attachment":[{"href":"https:\/\/shumans-monini-stage.ccws.it\/it\/wp-json\/wp\/v2\/media?parent=236"}],"curies":[{"name":"wp","href":"https:\/\/api.w.org\/{rel}","templated":true}]}}