{"id":2666,"date":"2025-06-25T15:28:12","date_gmt":"2025-06-25T13:28:12","guid":{"rendered":"https:\/\/shumans-monini-stage.ccws.it\/?page_id=2666"},"modified":"2025-08-01T15:28:54","modified_gmt":"2025-08-01T13:28:54","slug":"privacy-policy","status":"publish","type":"page","link":"https:\/\/shumans-monini-stage.ccws.it\/it\/privacy-policy\/","title":{"rendered":"Privacy Policy"},"content":{"rendered":"\n<div class=\"wp-block-columns\">\n<div class=\"wp-block-column\">\n<h3 class=\"wp-block-heading\">Informativa per utenti e clienti (\u201cA\u201d) ai sensi dell\u2019Articolo 13, Regolamento (UE) 2016\/679 (\u201cGDPR\u201d)<\/h3>\n\n\n\n<p>Ai sensi dell\u2019articolo 13, GDPR, ed in relazione ai dati personali che Vi riguardano e che formeranno oggetto di trattamento per la negoziazione e l\u2019eventuale stipulazione del contratto con MONINI S.p.A. di cui Lei potrebbe essere parte (rispettivamente i \u201cDati\u201d ed il \u201cContratto\u201d), Vi informiamo di quanto segue:<\/p>\n\n\n\n<div style=\"height:42px\" aria-hidden=\"true\" class=\"wp-block-spacer\"><\/div>\n\n\n\n<h6 class=\"wp-block-heading\">TITOLARE DEL TRATTAMENTO<\/h6>\n\n\n\n<p>Titolare del trattamento \u00e8 Monini S.p.A., con sede legale in Spoleto (PG), S.S. 3 Flaminia, Km 129, in persona del Dott. Zefferino Francesco Monini, amministratore delegato e legale rappresentante pro tempore (il \u201cTitolare\u201d).<\/p>\n\n\n\n<div style=\"height:42px\" aria-hidden=\"true\" class=\"wp-block-spacer\"><\/div>\n\n\n\n<h6 class=\"wp-block-heading\">FINALIT\u00e0 DEL TRATTAMENTO DEI DATI<br><\/h6>\n\n\n\n<p>Il trattamento dei Dati:<\/p>\n\n\n\n<p>(a) \u00e8 finalizzato all\u2019espletamento da parte del Titolare delle attivit\u00e0 necessarie prodromiche alla stipulazione del Contratto;<\/p>\n\n\n\n<p>(b) posto in essere per finalit\u00e0 connesse agli obblighi previsti da leggi o regolamenti applicabili, nonch\u00e9 da disposizioni impartite dalle competenti autorit\u00e0\/organi di vigilanza e controllo.<\/p>\n\n\n\n<div style=\"height:42px\" aria-hidden=\"true\" class=\"wp-block-spacer\"><\/div>\n\n\n\n<h6 class=\"wp-block-heading\">CONFERIMENTO DEI DATI<\/h6>\n\n\n\n<p>Il trattamento dei Dati:<\/p>\n\n\n\n<p>(a) avviene con modalit\u00e0 e procedure strettamente necessarie per lo svolgimento dell\u2019attivit\u00e0 di cui al precedente articolo 2, lettera (a) ed \u00e8 realizzato per mezzo delle operazioni o complessi di operazioni consentite ai sensi del GDPR;<\/p>\n\n\n\n<p>(b) \u00e8 effettuato anche con l\u2019ausilio di mezzi elettronici o comunque automatizzati. A questo riguardo, si segnala che i Dati sono conservati in archivi cartacei localizzati presso la sede del Titolare ed in archivi elettronici localizzati presso territori all\u2019interno dell\u2019Unione Europea;<\/p>\n\n\n\n<p>(c) \u00e8 svolto anche mediante l\u2019uso del fax, della posta elettronica o di altre tecniche di comunicazione a distanza. Il Titolare utilizza le medesime modalit\u00e0 anche quando comunica, per tali fini, i Dati a soggetti terzi, come meglio specificato ai successivi punti 6 e 8.<\/p>\n\n\n\n<div style=\"height:42px\" aria-hidden=\"true\" class=\"wp-block-spacer\"><\/div>\n\n\n\n<h6 class=\"wp-block-heading\">MODALITA\u2019 DEL TRATTAMENTO DEI DATI<\/h6>\n\n\n\n<p>Ferma l\u2019autonomia personale dell\u2019interessato, il conferimento dei dati personali \u00e8 obbligatorio in base a Legge o Regolamento con riferimento alle finalit\u00e0 di cui al precedente punto 2.<\/p>\n\n\n\n<div style=\"height:42px\" aria-hidden=\"true\" class=\"wp-block-spacer\"><\/div>\n\n\n\n<h6 class=\"wp-block-heading\">RIFIUTO DI CONFERIMENTO DEI DATI<\/h6>\n\n\n\n<p>L\u2019eventuale rifiuto dell\u2019interessato di conferire i Dati o di prestare, ove richiesto, il consenso al trattamento comporta l\u2019impossibilit\u00e0 per il Titolare di negoziare l\u2019eventuale stipulazione del Contratto.<\/p>\n\n\n\n<div style=\"height:42px\" aria-hidden=\"true\" class=\"wp-block-spacer\"><\/div>\n\n\n\n<h6 class=\"wp-block-heading\">COMUNICAZIONE DEI DATI<\/h6>\n\n\n\n<p>I Dati possono essere comunicati \u2013 per finalit\u00e0 di cui al punto 2 \u2013 ad altri soggetti ed in particolare a:<\/p>\n\n\n\n<ul class=\"wp-block-list\">\n<li>consulenti che assistono il Titolare nello svolgimento dell\u2019attivit\u00e0 di cui al precedente articolo 2, lettera (a) (ad esempio, studi legali e fiscali);<\/li>\n\n\n\n<li>responsabili esterni del trattamento dei Dati eventualmente designati.<\/li>\n<\/ul>\n\n\n\n<div style=\"height:42px\" aria-hidden=\"true\" class=\"wp-block-spacer\"><\/div>\n\n\n\n<h6 class=\"wp-block-heading\">DIFFUSIONE DEI DATi<\/h6>\n\n\n\n<p>I dati non sono soggetti a diffusione.<\/p>\n\n\n\n<div style=\"height:42px\" aria-hidden=\"true\" class=\"wp-block-spacer\"><\/div>\n\n\n\n<h6 class=\"wp-block-heading\">TRASFERIMENTO DEI DATI ALL\u2019ESTERO<\/h6>\n\n\n\n<p>Con riferimento alle finalit\u00e0 di cui all\u2019articolo 2, i dati non sono trasferiti all\u2019estero.<\/p>\n\n\n\n<div style=\"height:42px\" aria-hidden=\"true\" class=\"wp-block-spacer\"><\/div>\n\n\n\n<h6 class=\"wp-block-heading\">PERIODO DI CONSERVAZIONE<\/h6>\n\n\n\n<p>Qualora venisse formalizzato un rapporto contrattuale con la Societ\u00e0, i Suoi Dati saranno trattati da Monini per tutta la durata del rapporto stesso e saranno conservati per un periodo di 11 anni dopo la cessazione di quest\u2019ultimo, esclusivamente per finalit\u00e0 connesse all\u2019adempimento di obblighi di legge o alla difesa di diritti di Monini in sede giudiziaria.<br>Nel caso in cui non si addivenisse alla formalizzazione di un rapporto contrattuale, Monini tratter\u00e0 i Suoi Dati per i 24 mesi successivi alla ricezione; successivamente gli stessi saranno definitivamente cancellati.<\/p>\n\n\n\n<div style=\"height:42px\" aria-hidden=\"true\" class=\"wp-block-spacer\"><\/div>\n\n\n\n<h6 class=\"wp-block-heading\">I SUOI DIRITTI IN QUALIT\u00e0 DI INTERESSATO DEL TRATTAMENTO<\/h6>\n\n\n\n<p>Durante il periodo in cui Monini \u00e8 in possesso o effettua il trattamento dei Suoi Dati e, se del caso, dei Suoi Dati Giudiziari, Lei, in qualit\u00e0 di interessato del trattamento, pu\u00f2, in qualsiasi momento, esercitare i seguenti diritti:<\/p>\n\n\n\n<ul class=\"wp-block-list\">\n<li>Diritto di accesso \u2013 Lei ha il diritto di ottenere la conferma circa l\u2019esistenza o meno di un trattamento concernente i Suoi dati personali nonch\u00e9 il diritto di ricevere ogni informazione relativa al medesimo trattamento;<\/li>\n\n\n\n<li>Diritto alla rettifica \u2013 Lei ha il diritto di ottenere la rettifica dei Suoi dati personali in nostro possesso, qualora gli stessi siano incompleti o inesatti;<\/li>\n\n\n\n<li>Diritto alla cancellazione \u2013 in talune circostanze, Lei ha il diritto di ottenere la cancellazione dei Suoi dati personali presenti all\u2019interno dei nostri archivi qualora non rilevanti ai fini della prosecuzione del rapporto di lavoro o necessari per obbligo di legge;<\/li>\n\n\n\n<li>Diritto alla limitazione del trattamento \u2013 al verificarsi di talune condizioni, Lei ha il diritto di ottenere la limitazione del trattamento concernente i Suoi dati personali, qualora non rilevante ai fini della prosecuzione del rapporto di lavoro o necessario per obbligo di legge;<\/li>\n\n\n\n<li>Diritto alla portabilit\u00e0 \u2013 Lei ha il diritto di ottenere il trasferimento dei Suoi dati personali in nostro possesso in favore di un diverso Titolare;<\/li>\n\n\n\n<li>Diritto di proporre reclamo all\u2019Autorit\u00e0 di controllo \u2013 nel caso in cui Monini rifiuti di soddisfare le Sue richieste di accesso, verranno fornite le ragioni del relativo rifiuto. Se del caso, Lei ha il diritto di proporre reclamo cos\u00ec come descritto nel seguente paragrafo 11.<\/li>\n<\/ul>\n\n\n\n<p>Tali richieste potranno essere indirizzate a Monini esclusivamente al seguente indirizzo e-mail:&nbsp;<em>privacy (at) monini . com<\/em><br><\/p>\n\n\n\n<div style=\"height:42px\" aria-hidden=\"true\" class=\"wp-block-spacer\"><\/div>\n\n\n\n<h6 class=\"wp-block-heading\">RECLAMI<\/h6>\n\n\n\n<p>Qualora Lei desideri proporre un reclamo in merito alle modalit\u00e0 attraverso cui i Suoi Dati e, se del caso, i Suoi Dati Giudiziari sono trattati da Monini, ovvero in merito alla gestione di un reclamo da Lei proposto, Lei ha il diritto di presentare un\u2019istanza direttamente all\u2019Autorit\u00e0 di controllo.<\/p>\n\n\n\n<div style=\"height:42px\" aria-hidden=\"true\" class=\"wp-block-spacer\"><\/div>\n\n\n\n<h6 class=\"wp-block-heading\">RESPONSABILE DEL TRATTAMENTO<\/h6>\n\n\n\n<p>Il responsabile delle funzioni IT \u00e8 designato da MONINI S.p.A. quale responsabile del trattamento dei Dati (il \u201cResponsabile\u201d). Potr\u00e0 rivolgersi al Responsabile per l\u2019esercizio dei diritti di cui al precedente punto 9, nonch\u00e9 per conoscere l\u2019elenco aggiornato degli ulteriori responsabili designati, inviando una e-mail all\u2019indirizzo&nbsp;<em>privacy&nbsp;(at) monini . com<\/em><\/p>\n\n\n\n<div style=\"height:42px\" aria-hidden=\"true\" class=\"wp-block-spacer\"><\/div>\n\n\n\n<h3 class=\"wp-block-heading\">Informativa per i fornitori (\u201cC\u201d) ai sensi dell\u2019Articolo 13, Regolamento (UE) 2016\/679 (\u201cGDPR\u201d).<\/h3>\n\n\n\n<p>Ai sensi dell\u2019articolo 13, Codice Privacy, ed in relazione ai dati personali e giudiziari che Vi riguardano e che formeranno oggetto di trattamento per la negoziazione e l\u2019eventuale stipulazione del contratto con MONINI S.p.A. di cui Lei potrebbe essere parte (rispettivamente i \u201cDati\u201d ed il \u201cContratto\u201d), Vi informiamo di quanto segue:<\/p>\n\n\n\n<div style=\"height:42px\" aria-hidden=\"true\" class=\"wp-block-spacer\"><\/div>\n\n\n\n<h6 class=\"wp-block-heading\">TITOLARE DEL TRATTAMENTO<\/h6>\n\n\n\n<p>Titolare del trattamento \u00e8 Monini S.p.A., con sede legale in Spoleto (PG), S.S. 3 Flaminia, Km 129, in persona del Dott. Zefferino Francesco Monini, amministratore delegato e legale rappresentante pro tempore (il \u201cTitolare\u201d).<\/p>\n\n\n\n<div style=\"height:42px\" aria-hidden=\"true\" class=\"wp-block-spacer\"><\/div>\n\n\n\n<h6 class=\"wp-block-heading\">FINALIT\u00e0 DEL TRATTAMENTO DEI DATI<\/h6>\n\n\n\n<p>Il trattamento dei Dati:<\/p>\n\n\n\n<p>(a) \u00e8 finalizzato all\u2019espletamento da parte del Titolare delle attivit\u00e0 necessarie prodromiche alla stipulazione del Contratto;<\/p>\n\n\n\n<p>(b) posto in essere per finalit\u00e0 connesse agli obblighi previsti da leggi o regolamenti applicabili, nonch\u00e9 da disposizioni impartite dalle competenti autorit\u00e0\/organi di vigilanza e controllo.<\/p>\n\n\n\n<div style=\"height:42px\" aria-hidden=\"true\" class=\"wp-block-spacer\"><\/div>\n\n\n\n<h6 class=\"wp-block-heading\">MODALIT\u00e0 DEL TRATTAMENTO DEI DATI<\/h6>\n\n\n\n<p>Il trattamento dei Dati:<\/p>\n\n\n\n<p>(a) avviene con modalit\u00e0 e procedure strettamente necessarie per lo svolgimento dell\u2019attivit\u00e0 di cui al precedente articolo 2, lettera (a) ed \u00e8 realizzato per mezzo delle operazioni o complessi di operazioni consentite ai sensi del GDPR;<\/p>\n\n\n\n<p>(b) \u00e8 effettuato anche con l\u2019ausilio di mezzi elettronici o comunque automatizzati. A questo riguardo, si segnala che i Dati sono conservati in archivi cartacei localizzati presso la sede del Titolare ed in archivi elettronici localizzati presso territori all\u2019interno dell\u2019Unione Europea;;<\/p>\n\n\n\n<p>(c) \u00e8 svolto anche mediante l\u2019uso del fax, della posta elettronica o di altre tecniche di comunicazione a distanza. Il Titolare utilizza le medesime modalit\u00e0 anche quando comunica, per tali fini, i Dati a soggetti terzi, come meglio specificato ai successivi punti 6 e 8.<\/p>\n\n\n\n<div style=\"height:42px\" aria-hidden=\"true\" class=\"wp-block-spacer\"><\/div>\n\n\n\n<h6 class=\"wp-block-heading\"><br>CONFERIMENTO DEI DATI<\/h6>\n\n\n\n<p>Ferma l\u2019autonomia personale dell\u2019interessato, il conferimento dei dati personali \u00e8 obbligatorio in base a Legge o Regolamento con riferimento alle finalit\u00e0 di cui al precedente punto 2.<\/p>\n\n\n\n<div style=\"height:42px\" aria-hidden=\"true\" class=\"wp-block-spacer\"><\/div>\n\n\n\n<h6 class=\"wp-block-heading\">RIFIUTO DI CONFERIMENTO DEI DATI<\/h6>\n\n\n\n<p>L\u2019eventuale rifiuto dell\u2019interessato di conferire i Dati o di prestare, ove richiesto, il consenso al trattamento comporta l\u2019impossibilit\u00e0 per il Titolare di negoziare l\u2019eventuale stipulazione del Contratto.<\/p>\n\n\n\n<div style=\"height:42px\" aria-hidden=\"true\" class=\"wp-block-spacer\"><\/div>\n\n\n\n<h6 class=\"wp-block-heading\">COMUNICAZIONE DEI DATI<\/h6>\n\n\n\n<p>I Dati possono essere comunicati per finalit\u00e0 di cui al punto 2 ad altri soggetti ed in particolare a:<\/p>\n\n\n\n<ul class=\"wp-block-list\">\n<li>consulenti che assistono il Titolare nello svolgimento dell\u2019attivit\u00e0 di cui al precedente articolo 2, lettera (a) (ad esempio, studi legali e fiscali);<\/li>\n\n\n\n<li>responsabili esterni del trattamento dei Dati eventualmente designati.<\/li>\n<\/ul>\n\n\n\n<div style=\"height:42px\" aria-hidden=\"true\" class=\"wp-block-spacer\"><\/div>\n\n\n\n<h6 class=\"wp-block-heading\">DIFFUSIONE DEI DATI<\/h6>\n\n\n\n<p>I Dati non sono soggetti a diffusione.<\/p>\n\n\n\n<div style=\"height:42px\" aria-hidden=\"true\" class=\"wp-block-spacer\"><\/div>\n\n\n\n<h6 class=\"wp-block-heading\">TRASFERIMENTO DEI DATI ALL\u2019ESTERO<\/h6>\n\n\n\n<p>Con riferimento alle finalit\u00e0 di cui all\u2019articolo 2, i Dati non sono trasferiti all\u2019estero.<\/p>\n\n\n\n<div style=\"height:42px\" aria-hidden=\"true\" class=\"wp-block-spacer\"><\/div>\n\n\n\n<h6 class=\"wp-block-heading\">PERIODO DI CONSERVAZIONE<\/h6>\n\n\n\n<p>I Dati a Lei riferibili saranno trattati da Monini per tutta la durata del rapporto contrattuale e saranno conservati per un periodo di 11 anni dopo la cessazione di detto rapporto esclusivamente per finalit\u00e0 connesse all\u2019adempimento di obblighi di legge o alla difesa di diritti di Monini in sede giudiziaria.<\/p>\n\n\n\n<p>I Dati Giudiziari che la riguardano saranno trattati da Monini per un periodo di 12 mesi dalla conclusione del contratto, decorso il quale saranno definitivamente cancellati.<\/p>\n\n\n\n<div style=\"height:42px\" aria-hidden=\"true\" class=\"wp-block-spacer\"><\/div>\n\n\n\n<h6 class=\"wp-block-heading\">I SUOI DIRITTI IN QUALIT\u00c0 DI INTERESSATO DEL TRATTAMENTO<\/h6>\n\n\n\n<p>Durante il periodo in cui Monini \u00e8 in possesso o effettua il trattamento dei Suoi Dati e, se del caso, dei Suoi Dati Giudiziari, Lei, in qualit\u00e0 di interessato del trattamento, pu\u00f2, in qualsiasi momento, esercitare i seguenti diritti:<\/p>\n\n\n\n<ul class=\"wp-block-list\">\n<li>Diritto di accesso \u2013 Lei ha il diritto di ottenere la conferma circa l\u2019esistenza o meno di un trattamento concernente i Suoi dati personali nonch\u00e9 il diritto di ricevere ogni informazione relativa al medesimo trattamento;<\/li>\n\n\n\n<li>Diritto alla rettifica \u2013 Lei ha il diritto di ottenere la rettifica dei Suoi dati personali in nostro possesso, qualora gli stessi siano incompleti o inesatti;<\/li>\n\n\n\n<li>Diritto alla cancellazione \u2013 in talune circostanze, Lei ha il diritto di ottenere la cancellazione dei Suoi dati personali presenti all\u2019interno dei nostri archivi qualora non rilevanti ai fini della prosecuzione del rapporto di lavoro o necessari per obbligo di legge;<\/li>\n\n\n\n<li>Diritto alla limitazione del trattamento \u2013 al verificarsi di talune condizioni, Lei ha il diritto di ottenere la limitazione del trattamento concernente i Suoi dati personali, qualora non rilevante ai fini della prosecuzione del rapporto di lavoro o necessario per obbligo di legge;<\/li>\n\n\n\n<li>Diritto alla portabilit\u00e0 \u2013 Lei ha il diritto di ottenere il trasferimento dei Suoi dati personali in nostro possesso in favore di un diverso Titolare;<\/li>\n\n\n\n<li>Diritto di proporre reclamo all\u2019Autorit\u00e0 di controllo \u2013 nel caso in cui Monini rifiuti di soddisfare le Sue richieste di accesso, verranno fornite le ragioni del relativo rifiuto. Se del caso, Lei ha il diritto di proporre reclamo cos\u00ec come descritto nel seguente paragrafo 11.<\/li>\n<\/ul>\n\n\n\n<p>Tali richieste potranno essere indirizzate a Monini esclusivamente al seguente indirizzo e-mail:&nbsp;<em>privacy (at) monini . com<\/em><\/p>\n\n\n\n<div style=\"height:42px\" aria-hidden=\"true\" class=\"wp-block-spacer\"><\/div>\n\n\n\n<h6 class=\"wp-block-heading\">RECLAMI<\/h6>\n\n\n\n<p>Qualora Lei desideri proporre un reclamo in merito alle modalit\u00e0 attraverso cui i Suoi Dati e, se del caso, i Suoi Dati Giudiziari sono trattati da Monini, ovvero in merito alla gestione di un reclamo da Lei proposto, Lei ha il diritto di presentare un\u2019istanza direttamente all\u2019Autorit\u00e0 di controllo.<\/p>\n\n\n\n<div style=\"height:42px\" aria-hidden=\"true\" class=\"wp-block-spacer\"><\/div>\n\n\n\n<h6 class=\"wp-block-heading\">RESPONSABILE DEL TRATTAMENTO<\/h6>\n\n\n\n<p>Il responsabile delle funzioni IT \u00e8 designato da MONINI S.p.A. quale responsabile del trattamento dei Dati (il \u201cResponsabile\u201d). Potr\u00e0 rivolgersi al Responsabile per l\u2019esercizio dei diritti di cui al precedente punto 9, nonch\u00e9 per conoscere l\u2019elenco aggiornato degli ulteriori responsabili designati, inviando una e-mail all\u2019indirizzo&nbsp;<em>privacy (at) monini.com.<\/em><\/p>\n<\/div>\n<\/div>\n\n\n\n<p><\/p>\n","protected":false},"excerpt":{"rendered":"<p>Informativa per utenti e clienti (\u201cA\u201d) ai sensi dell\u2019Articolo 13, Regolamento (UE) 2016\/679 (\u201cGDPR\u201d) Ai&#8230;<\/p>\n","protected":false},"author":1,"featured_media":0,"parent":0,"menu_order":0,"comment_status":"closed","ping_status":"closed","template":"","meta":{"_acf_changed":false,"footnotes":""},"class_list":["post-2666","page","type-page","status-publish","hentry"],"yoast_head":"<!-- This site is optimized with the Yoast SEO plugin v25.8 - https:\/\/yoast.com\/wordpress\/plugins\/seo\/ -->\n<title>Privacy Policy - Monini<\/title>\n<meta name=\"robots\" content=\"noindex, follow, max-snippet:-1, max-image-preview:large, max-video-preview:-1\" \/>\n<meta property=\"og:locale\" content=\"it_IT\" \/>\n<meta property=\"og:type\" content=\"article\" \/>\n<meta property=\"og:title\" content=\"Privacy Policy - Monini\" \/>\n<meta property=\"og:description\" content=\"Informativa per utenti e clienti (\u201cA\u201d) ai sensi dell\u2019Articolo 13, Regolamento (UE) 2016\/679 (\u201cGDPR\u201d) Ai...\" \/>\n<meta property=\"og:url\" content=\"https:\/\/shumans-monini-stage.ccws.it\/it\/privacy-policy\/\" \/>\n<meta property=\"og:site_name\" content=\"Monini\" \/>\n<meta property=\"article:publisher\" content=\"https:\/\/www.facebook.com\/MoniniOlio\/\" \/>\n<meta property=\"article:modified_time\" content=\"2025-08-01T13:28:54+00:00\" \/>\n<meta name=\"twitter:card\" content=\"summary_large_image\" \/>\n<meta name=\"twitter:label1\" content=\"Tempo di lettura stimato\" \/>\n\t<meta name=\"twitter:data1\" content=\"10 minuto\" \/>\n<script type=\"application\/ld+json\" class=\"yoast-schema-graph\">{\"@context\":\"https:\/\/schema.org\",\"@graph\":[{\"@type\":\"WebPage\",\"@id\":\"https:\/\/shumans-monini-stage.ccws.it\/it\/privacy-policy\/\",\"url\":\"https:\/\/shumans-monini-stage.ccws.it\/it\/privacy-policy\/\",\"name\":\"Privacy Policy - Monini\",\"isPartOf\":{\"@id\":\"https:\/\/shumans-monini-stage.ccws.it\/it\/#website\"},\"datePublished\":\"2025-06-25T13:28:12+00:00\",\"dateModified\":\"2025-08-01T13:28:54+00:00\",\"breadcrumb\":{\"@id\":\"https:\/\/shumans-monini-stage.ccws.it\/it\/privacy-policy\/#breadcrumb\"},\"inLanguage\":\"it-IT\",\"potentialAction\":[{\"@type\":\"ReadAction\",\"target\":[\"https:\/\/shumans-monini-stage.ccws.it\/it\/privacy-policy\/\"]}]},{\"@type\":\"BreadcrumbList\",\"@id\":\"https:\/\/shumans-monini-stage.ccws.it\/it\/privacy-policy\/#breadcrumb\",\"itemListElement\":[{\"@type\":\"ListItem\",\"position\":1,\"name\":\"Home\",\"item\":\"https:\/\/shumans-monini-stage.ccws.it\/it\/\"},{\"@type\":\"ListItem\",\"position\":2,\"name\":\"Privacy Policy\"}]},{\"@type\":\"WebSite\",\"@id\":\"https:\/\/shumans-monini-stage.ccws.it\/it\/#website\",\"url\":\"https:\/\/shumans-monini-stage.ccws.it\/it\/\",\"name\":\"Monini\",\"description\":\"Una spremuta di olive\",\"potentialAction\":[{\"@type\":\"SearchAction\",\"target\":{\"@type\":\"EntryPoint\",\"urlTemplate\":\"https:\/\/shumans-monini-stage.ccws.it\/it\/?s={search_term_string}\"},\"query-input\":{\"@type\":\"PropertyValueSpecification\",\"valueRequired\":true,\"valueName\":\"search_term_string\"}}],\"inLanguage\":\"it-IT\"}]}<\/script>\n<!-- \/ Yoast SEO plugin. -->","yoast_head_json":{"title":"Privacy Policy - Monini","robots":{"index":"noindex","follow":"follow","max-snippet":"max-snippet:-1","max-image-preview":"max-image-preview:large","max-video-preview":"max-video-preview:-1"},"og_locale":"it_IT","og_type":"article","og_title":"Privacy Policy - Monini","og_description":"Informativa per utenti e clienti (\u201cA\u201d) ai sensi dell\u2019Articolo 13, Regolamento (UE) 2016\/679 (\u201cGDPR\u201d) Ai...","og_url":"https:\/\/shumans-monini-stage.ccws.it\/it\/privacy-policy\/","og_site_name":"Monini","article_publisher":"https:\/\/www.facebook.com\/MoniniOlio\/","article_modified_time":"2025-08-01T13:28:54+00:00","twitter_card":"summary_large_image","twitter_misc":{"Tempo di lettura stimato":"10 minuto"},"schema":{"@context":"https:\/\/schema.org","@graph":[{"@type":"WebPage","@id":"https:\/\/shumans-monini-stage.ccws.it\/it\/privacy-policy\/","url":"https:\/\/shumans-monini-stage.ccws.it\/it\/privacy-policy\/","name":"Privacy Policy - Monini","isPartOf":{"@id":"https:\/\/shumans-monini-stage.ccws.it\/it\/#website"},"datePublished":"2025-06-25T13:28:12+00:00","dateModified":"2025-08-01T13:28:54+00:00","breadcrumb":{"@id":"https:\/\/shumans-monini-stage.ccws.it\/it\/privacy-policy\/#breadcrumb"},"inLanguage":"it-IT","potentialAction":[{"@type":"ReadAction","target":["https:\/\/shumans-monini-stage.ccws.it\/it\/privacy-policy\/"]}]},{"@type":"BreadcrumbList","@id":"https:\/\/shumans-monini-stage.ccws.it\/it\/privacy-policy\/#breadcrumb","itemListElement":[{"@type":"ListItem","position":1,"name":"Home","item":"https:\/\/shumans-monini-stage.ccws.it\/it\/"},{"@type":"ListItem","position":2,"name":"Privacy Policy"}]},{"@type":"WebSite","@id":"https:\/\/shumans-monini-stage.ccws.it\/it\/#website","url":"https:\/\/shumans-monini-stage.ccws.it\/it\/","name":"Monini","description":"Una spremuta di olive","potentialAction":[{"@type":"SearchAction","target":{"@type":"EntryPoint","urlTemplate":"https:\/\/shumans-monini-stage.ccws.it\/it\/?s={search_term_string}"},"query-input":{"@type":"PropertyValueSpecification","valueRequired":true,"valueName":"search_term_string"}}],"inLanguage":"it-IT"}]}},"acf":[],"_links":{"self":[{"href":"https:\/\/shumans-monini-stage.ccws.it\/it\/wp-json\/wp\/v2\/pages\/2666","targetHints":{"allow":["GET"]}}],"collection":[{"href":"https:\/\/shumans-monini-stage.ccws.it\/it\/wp-json\/wp\/v2\/pages"}],"about":[{"href":"https:\/\/shumans-monini-stage.ccws.it\/it\/wp-json\/wp\/v2\/types\/page"}],"author":[{"embeddable":true,"href":"https:\/\/shumans-monini-stage.ccws.it\/it\/wp-json\/wp\/v2\/users\/1"}],"replies":[{"embeddable":true,"href":"https:\/\/shumans-monini-stage.ccws.it\/it\/wp-json\/wp\/v2\/comments?post=2666"}],"version-history":[{"count":25,"href":"https:\/\/shumans-monini-stage.ccws.it\/it\/wp-json\/wp\/v2\/pages\/2666\/revisions"}],"predecessor-version":[{"id":31543,"href":"https:\/\/shumans-monini-stage.ccws.it\/it\/wp-json\/wp\/v2\/pages\/2666\/revisions\/31543"}],"wp:attachment":[{"href":"https:\/\/shumans-monini-stage.ccws.it\/it\/wp-json\/wp\/v2\/media?parent=2666"}],"curies":[{"name":"wp","href":"https:\/\/api.w.org\/{rel}","templated":true}]}}