{"id":2711,"date":"2025-06-25T15:48:51","date_gmt":"2025-06-25T13:48:51","guid":{"rendered":"https:\/\/shumans-monini-stage.ccws.it\/?page_id=2711"},"modified":"2025-06-27T10:35:44","modified_gmt":"2025-06-27T08:35:44","slug":"termini-di-utilizzo","status":"publish","type":"page","link":"https:\/\/shumans-monini-stage.ccws.it\/it\/termini-di-utilizzo\/","title":{"rendered":"Termini di utilizzo"},"content":{"rendered":"\n<div class=\"wp-block-columns\">\n<div class=\"wp-block-column\">\n<h6 class=\"wp-block-heading\">CONDIZIONI GENERALI D\u2019USO<\/h6>\n\n\n\n<p>Informazioni introduttive sulle condizioni d\u2019uso di questo sito<\/p>\n\n\n\n<p>Questo sito \u00e8 messo a vostra disposizione da MONINI S.p.A. che ha sede legale in S.S. Flaminia km 129, 06049 Spoleto (di seguito denominata Monini). Le informazioni presenti riguardo Monini S.p.A., le sue affiliate e terzi sono state raccolte con la massima cura. In ogni caso, non siamo in grado di garantire che le informazioni siano complete o corrette. Monini declina qualsiasi responsabilit\u00e0 per errori sui contenuti presenti sui siti.<\/p>\n\n\n\n<p>Utilizzando i nostri siti, accettate, senza eccezioni o riserve, le seguenti condizioni generali d\u2019uso (di seguito definite le Condizioni) che potete stampare o estrarre in file in formato .pdf.<\/p>\n\n\n\n<p>Le informazioni contenute nei nostri siti web non sono destinate, n\u00e9 approvate per l\u2019uso all\u2019interno degli Stati Uniti D\u2019America, per i cittadini statunitensi o per persone residenti negli U.S.A.. Queste categorie di utenti sono pregate di contattare il sito Monini o delle affiliate di riferimento nazionale.<\/p>\n\n\n\n<p>Condizioni generali d\u2019uso del sito\/Informazioni legali<\/p>\n\n\n\n<div style=\"height:42px\" aria-hidden=\"true\" class=\"wp-block-spacer\"><\/div>\n\n\n\n<h6 class=\"wp-block-heading\">1. PROPRIET\u00c0 INTELLETTUALE \u2013 DIRITTO D\u2019AUTORE<\/h6>\n\n\n\n<p>Le pagine di questo sito sono protette dal diritto d\u2019autore (copyright). In particolare a norma della legge 633\/1941 (Legge sul diritto d\u2019autore) il contenuto dei siti \u00e8 protetto contro duplicazioni, traduzioni, inserimento o trasformazione dello stesso in altri media, incluso l\u2019inserimento o la trasformazione con mezzi elettronici. La riproduzione e lo sfruttamento economico di tutto o di parte del contenuto di questo sito sono consentite solo a seguito del consenso scritto di Monini. Sia il contenuto che la struttura dei siti sono protetti dal diritto d\u2019autore. In particolare, la duplicazione di informazioni o dati, l\u2019uso dei testi o di parte di essi o delle immagini contenute nel sito (eccetto per le foto di Monini ad uso stampa) \u00e8 consentita solo previo consenso scritto di Monini. Anche le illustrazioni, a norma dell\u2019art. 1 della legge 633\/1941, sono protette dal diritto d\u2019autore. Il diritto di pubblicazione e riproduzione di questi disegni \u00e8 di titolarit\u00e0 di Monini. Il diritto d\u2019autore sui disegni rimane in vigore anche per i disegni automaticamente o manualmente aggiunti a un archivio.<\/p>\n\n\n\n<p>Le fotografie di Monini destinate alla stampa possono essere utilizzate dalla stampa solo per scopi editoriali. Tutte le riproduzioni, ritrasmissioni, modificazioni o utilizzazioni delle foto contenute di questo sito per fini giornalistici, devono essere accompagnate dalla seguente dicitura:<\/p>\n\n\n\n<p>Copyright \u00a9 (2018) Monini S.p.A Tutti i diritti riservati.<\/p>\n\n\n\n<p>Anche se tale riproduzione \u00e8 gratuita ne richiediamo una copia per i nostri archivi.<\/p>\n\n\n\n<div style=\"height:42px\" aria-hidden=\"true\" class=\"wp-block-spacer\"><\/div>\n\n\n\n<h6 class=\"wp-block-heading\">2. MARCHI<\/h6>\n\n\n\n<p>I nomi dei prodotti presenti su questo sito sono marchi registrati di Monini S.p.A. e sono protetti dalla legge sui marchi (Dlgs. 30\/2005 e successive modifiche) e dalle norme in tema di concorrenza sleale.<\/p>\n\n\n\n<div style=\"height:42px\" aria-hidden=\"true\" class=\"wp-block-spacer\"><\/div>\n\n\n\n<h6 class=\"wp-block-heading\">3. ESCLUSIONE DI RESPONSABILIT\u00c0 \u2013 DIRITTO DI TERZI<\/h6>\n\n\n\n<p>a) Questo sito pu\u00f2 contenere links ad altri siti non appartenenti a Monini. Si precisa che il contenuto di tali siti non pu\u00f2 essere controllato da parte di Monini e pertanto Monini non sar\u00e0 responsabile delle conseguenze derivanti dall\u2019uso degli stessi. Resta inteso che il link non comporta alcun avallo da parte di Monini in merito al contenuto di tali siti ai quali \u00e8 fornito un collegamento. Ci\u00f2, al solo scopo di facilitare la vostra navigazione in Internet. In particolare Monini non \u00e8 responsabile di qualsiasi violazione di legge o di diritti di terzi derivante dal contenuto dei siti citati.<\/p>\n\n\n\n<p>b) Solo i terzi titolari dei siti per i quali il sito Monini fornisce un link, saranno i responsabili del contenuto di questi siti cos\u00ec come della vendita on line di prodotti e delle relative condizioni di vendita, gestione degli ordini e\/o conseguenze derivanti dall\u2019acquisto di tali prodotti.<\/p>\n\n\n\n<p>c) Monini non \u00e8 responsabile per alcuna violazione di diritto d\u2019autore, marchio o diritto alla privacy che consegua dall\u2019accesso a un sito collegato a questo sito.<\/p>\n\n\n\n<p>d) Nel caso di ordini o di altre dichiarazioni aventi valore legale riguardo a una transazione, il contratto entrer\u00e0 in vigore solamente tra l\u2019utilizzatore del sito e il suo proprietario o gestore, comunque, in nessun caso, tra Monini e l\u2019utilizzatore. A tale scopo vi preghiamo di consultare le specifiche condizioni di vendita presenti sul sito collegato.<\/p>\n\n\n\n<div style=\"height:42px\" aria-hidden=\"true\" class=\"wp-block-spacer\"><\/div>\n\n\n\n<h6 class=\"wp-block-heading\">4. ESCLUSIONE DELLA RESPONSABILIT\u00c0<\/h6>\n\n\n\n<p>Monini \u00e8 responsabile per i danni derivanti dall\u2019uso di questo sito esclusivamente in caso di dolo o colpa grave. Ci\u00f2 non comporta alcuna limitazione di responsabilit\u00e0 di Monini in merito alle responsabilit\u00e0 del produttore o alle relative garanzie fornite sui prodotti. Tali limitazioni di responsabilit\u00e0 non si applicano neppure in caso di pericolo di vita, lesioni personali o danni alla salute.<\/p>\n\n\n\n<p>Monini fa il possibile per mantenere i siti di sua titolarit\u00e0 privi di virus. Tuttavia, non \u00e8 in grado di garantire che essi effettivamente lo siano. Per tale ragione, vi raccomandiamo la massima attenzione e di dotarvi dell\u2019adeguata protezione contro i virus (per esempio installate sul vostro PC programmi anti-virus).<\/p>\n\n\n\n<p>Monini non garantisce l\u2019assenza di errori e la disponibilit\u00e0 dei servizi offerti su questo sito.<\/p>\n\n\n\n<div style=\"height:42px\" aria-hidden=\"true\" class=\"wp-block-spacer\"><\/div>\n\n\n\n<h6 class=\"wp-block-heading\">5. PREVISIONI E DICHIARAZIONI D\u2019INTENTO<\/h6>\n\n\n\n<p>Le dichiarazioni d\u2019intento e\/o previsioni contenute in questo sito sono state formulate sulla base delle nostre conoscenze e convinzioni. Resta inteso che i risultati realmente raggiunti da Monini potrebbero differire notevolmente in quanto essi dipendono da numerosi fattori di natura concorrenziale ed economica che non sono sotto il controllo di Monini. Monini non si assume la responsabilit\u00e0 di aggiornare tali dichiarazioni o previsioni fatti salvi specifici obblighi di legge in tal senso.<\/p>\n\n\n\n<div style=\"height:42px\" aria-hidden=\"true\" class=\"wp-block-spacer\"><\/div>\n\n\n\n<h6 class=\"wp-block-heading\">6. PRODOTTI MONINI<\/h6>\n\n\n\n<p>I prodotti del Gruppo delle Societ\u00e0 Monini sono disponibili in numerosi Paesi del mondo. Questo sito \u00e8 rivolto unicamente agli utilizzatori residenti o domiciliati in Italia. Le descrizioni dei prodotti presenti nel sito sono rilasciate unicamente a titolo informativo e non implicano che tali prodotti e marchi siano disponibili al di fuori dell\u2019Italia.<\/p>\n\n\n\n<p>Qualora volesse essere creato un link di collegamento al presente Sito, sar\u00e0&nbsp;necessario inviare un\u2019apposita richiesta a mezzo e-mail all\u2019indirizzo info [at] monini [punto] com nella quale indicare:&nbsp;(i) i dati relativi alla persona responsabile degli aspetti tecnici di gestione dei link di collegamento; (ii) i dati della societ\u00e0 richiedente; (iii) l\u2019indicazione dell\u2019indirizzo web del sito in cui verr\u00e0 creato il link di collegamento con il presente Sito.<\/p>\n\n\n\n<p>Monini si riserva di valutare insindacabilmente le richieste pervenute facendo pervenire apposito riscontro. In caso di mancata risposta da parte di Monini, la richiesta deve intendersi respinta.<\/p>\n\n\n\n<p>Diversamente non \u00e8 consentito creare dei link di collegamento al presente Sito, con la conseguenza che la violazione di quanto poc\u2019anzi indicato sar\u00e0 perseguito ai sensi della normativa a quella data vigente.<\/p>\n\n\n\n<div style=\"height:42px\" aria-hidden=\"true\" class=\"wp-block-spacer\"><\/div>\n\n\n\n<h6 class=\"wp-block-heading\">VARIE<\/h6>\n\n\n\n<p>Queste condizioni generali d\u2019uso sono disciplinate e predisposte in conformit\u00e0 alle leggi vigenti in Italia senza tenere conto della Convenzione Internazionale sui contratti per la vendita dei prodotti la cui applicazione \u00e8 espressamente esclusa a queste condizioni d\u2019uso. Nei limiti previsti dalla legge applicabile il Foro di competenza per qualsiasi disputa relativa a questo sito sar\u00e0 Spoleto. Qualora una o pi\u00f9 clausole di queste condizioni generali d\u2019uso siano o divengano inefficaci, non verr\u00e0 meno la validit\u00e0 delle altre clausole di queste condizioni d\u2019uso.<\/p>\n\n\n\n<div style=\"height:42px\" aria-hidden=\"true\" class=\"wp-block-spacer\"><\/div>\n\n\n<div class=\"wp-block-image\">\n<figure class=\"aligncenter size-large\"><img loading=\"lazy\" decoding=\"async\" width=\"1024\" height=\"264\" src=\"https:\/\/shumans-monini-stage.ccws.it\/wp-content\/uploads\/2025\/06\/loghi-1-1024x264.png\" alt=\"\" class=\"wp-image-2737\" srcset=\"https:\/\/shumans-monini-stage.ccws.it\/wp-content\/uploads\/2025\/06\/loghi-1-1024x264.png 1024w, https:\/\/shumans-monini-stage.ccws.it\/wp-content\/uploads\/2025\/06\/loghi-1-700x181.png 700w, https:\/\/shumans-monini-stage.ccws.it\/wp-content\/uploads\/2025\/06\/loghi-1-768x198.png 768w, https:\/\/shumans-monini-stage.ccws.it\/wp-content\/uploads\/2025\/06\/loghi-1.png 1635w\" sizes=\"auto, (max-width: 1024px) 100vw, 1024px\" \/><\/figure>\n<\/div>\n\n\n<div style=\"height:42px\" aria-hidden=\"true\" class=\"wp-block-spacer\"><\/div>\n\n\n\n<p>L\u2019azienda ha beneficiato degli aiuti previsti dal P.S.R. Umbria 2014\/2020 mis. 4 \u2013 sottomisura 4.2. \u2013 tipologia di intervento 4.2.1. \u201cSostegno agli investimenti per la trasformazione, commercializzazione e\/o sviluppo di prodotti agricoli\u201d, finalizzati alla realizzazione di una nuova linea di imbottigliamento da integrare nell\u2019attuale layout produttivo in un\u2019ottica di industria 4.0. L\u2019importo di spesa accordato ammonta ad \u20ac 3.015.118,40 cui corrisponde un sostegno pari ad \u20ac 1.206.047,36.<\/p>\n\n\n\n<div style=\"height:42px\" aria-hidden=\"true\" class=\"wp-block-spacer\"><\/div>\n<\/div>\n<\/div>\n","protected":false},"excerpt":{"rendered":"<p>CONDIZIONI GENERALI D\u2019USO Informazioni introduttive sulle condizioni d\u2019uso di questo sito Questo sito \u00e8 messo&#8230;<\/p>\n","protected":false},"author":1,"featured_media":0,"parent":0,"menu_order":0,"comment_status":"closed","ping_status":"closed","template":"","meta":{"_acf_changed":false,"footnotes":""},"class_list":["post-2711","page","type-page","status-publish","hentry"],"yoast_head":"<!-- This site is optimized with the Yoast SEO plugin v25.8 - https:\/\/yoast.com\/wordpress\/plugins\/seo\/ -->\n<title>Termini di utilizzo - Monini<\/title>\n<meta name=\"robots\" content=\"noindex, follow, max-snippet:-1, max-image-preview:large, max-video-preview:-1\" \/>\n<meta property=\"og:locale\" content=\"it_IT\" \/>\n<meta property=\"og:type\" content=\"article\" \/>\n<meta property=\"og:title\" content=\"Termini di utilizzo - Monini\" \/>\n<meta property=\"og:description\" content=\"CONDIZIONI GENERALI D\u2019USO Informazioni introduttive sulle condizioni d\u2019uso di questo sito Questo sito \u00e8 messo...\" \/>\n<meta property=\"og:url\" content=\"https:\/\/shumans-monini-stage.ccws.it\/it\/termini-di-utilizzo\/\" \/>\n<meta property=\"og:site_name\" content=\"Monini\" \/>\n<meta property=\"article:publisher\" content=\"https:\/\/www.facebook.com\/MoniniOlio\/\" \/>\n<meta property=\"article:modified_time\" content=\"2025-06-27T08:35:44+00:00\" \/>\n<meta property=\"og:image\" content=\"https:\/\/shumans-monini-stage.ccws.it\/wp-content\/uploads\/2025\/06\/loghi-1.png\" \/>\n\t<meta property=\"og:image:width\" content=\"1635\" \/>\n\t<meta property=\"og:image:height\" content=\"422\" \/>\n\t<meta property=\"og:image:type\" content=\"image\/png\" \/>\n<meta name=\"twitter:card\" content=\"summary_large_image\" \/>\n<meta name=\"twitter:label1\" content=\"Tempo di lettura stimato\" \/>\n\t<meta name=\"twitter:data1\" content=\"1 minuto\" \/>\n<script type=\"application\/ld+json\" class=\"yoast-schema-graph\">{\"@context\":\"https:\/\/schema.org\",\"@graph\":[{\"@type\":\"WebPage\",\"@id\":\"https:\/\/shumans-monini-stage.ccws.it\/it\/termini-di-utilizzo\/\",\"url\":\"https:\/\/shumans-monini-stage.ccws.it\/it\/termini-di-utilizzo\/\",\"name\":\"Termini di utilizzo - Monini\",\"isPartOf\":{\"@id\":\"https:\/\/shumans-monini-stage.ccws.it\/it\/#website\"},\"primaryImageOfPage\":{\"@id\":\"https:\/\/shumans-monini-stage.ccws.it\/it\/termini-di-utilizzo\/#primaryimage\"},\"image\":{\"@id\":\"https:\/\/shumans-monini-stage.ccws.it\/it\/termini-di-utilizzo\/#primaryimage\"},\"thumbnailUrl\":\"https:\/\/shumans-monini-stage.ccws.it\/wp-content\/uploads\/2025\/06\/loghi-1-1024x264.png\",\"datePublished\":\"2025-06-25T13:48:51+00:00\",\"dateModified\":\"2025-06-27T08:35:44+00:00\",\"breadcrumb\":{\"@id\":\"https:\/\/shumans-monini-stage.ccws.it\/it\/termini-di-utilizzo\/#breadcrumb\"},\"inLanguage\":\"it-IT\",\"potentialAction\":[{\"@type\":\"ReadAction\",\"target\":[\"https:\/\/shumans-monini-stage.ccws.it\/it\/termini-di-utilizzo\/\"]}]},{\"@type\":\"ImageObject\",\"inLanguage\":\"it-IT\",\"@id\":\"https:\/\/shumans-monini-stage.ccws.it\/it\/termini-di-utilizzo\/#primaryimage\",\"url\":\"https:\/\/shumans-monini-stage.ccws.it\/wp-content\/uploads\/2025\/06\/loghi-1-1024x264.png\",\"contentUrl\":\"https:\/\/shumans-monini-stage.ccws.it\/wp-content\/uploads\/2025\/06\/loghi-1-1024x264.png\"},{\"@type\":\"BreadcrumbList\",\"@id\":\"https:\/\/shumans-monini-stage.ccws.it\/it\/termini-di-utilizzo\/#breadcrumb\",\"itemListElement\":[{\"@type\":\"ListItem\",\"position\":1,\"name\":\"Home\",\"item\":\"https:\/\/shumans-monini-stage.ccws.it\/it\/\"},{\"@type\":\"ListItem\",\"position\":2,\"name\":\"Termini di utilizzo\"}]},{\"@type\":\"WebSite\",\"@id\":\"https:\/\/shumans-monini-stage.ccws.it\/it\/#website\",\"url\":\"https:\/\/shumans-monini-stage.ccws.it\/it\/\",\"name\":\"Monini\",\"description\":\"Una spremuta di olive\",\"potentialAction\":[{\"@type\":\"SearchAction\",\"target\":{\"@type\":\"EntryPoint\",\"urlTemplate\":\"https:\/\/shumans-monini-stage.ccws.it\/it\/?s={search_term_string}\"},\"query-input\":{\"@type\":\"PropertyValueSpecification\",\"valueRequired\":true,\"valueName\":\"search_term_string\"}}],\"inLanguage\":\"it-IT\"}]}<\/script>\n<!-- \/ Yoast SEO plugin. -->","yoast_head_json":{"title":"Termini di utilizzo - Monini","robots":{"index":"noindex","follow":"follow","max-snippet":"max-snippet:-1","max-image-preview":"max-image-preview:large","max-video-preview":"max-video-preview:-1"},"og_locale":"it_IT","og_type":"article","og_title":"Termini di utilizzo - Monini","og_description":"CONDIZIONI GENERALI D\u2019USO Informazioni introduttive sulle condizioni d\u2019uso di questo sito Questo sito \u00e8 messo...","og_url":"https:\/\/shumans-monini-stage.ccws.it\/it\/termini-di-utilizzo\/","og_site_name":"Monini","article_publisher":"https:\/\/www.facebook.com\/MoniniOlio\/","article_modified_time":"2025-06-27T08:35:44+00:00","og_image":[{"width":1635,"height":422,"url":"https:\/\/shumans-monini-stage.ccws.it\/wp-content\/uploads\/2025\/06\/loghi-1.png","type":"image\/png"}],"twitter_card":"summary_large_image","twitter_misc":{"Tempo di lettura stimato":"1 minuto"},"schema":{"@context":"https:\/\/schema.org","@graph":[{"@type":"WebPage","@id":"https:\/\/shumans-monini-stage.ccws.it\/it\/termini-di-utilizzo\/","url":"https:\/\/shumans-monini-stage.ccws.it\/it\/termini-di-utilizzo\/","name":"Termini di utilizzo - Monini","isPartOf":{"@id":"https:\/\/shumans-monini-stage.ccws.it\/it\/#website"},"primaryImageOfPage":{"@id":"https:\/\/shumans-monini-stage.ccws.it\/it\/termini-di-utilizzo\/#primaryimage"},"image":{"@id":"https:\/\/shumans-monini-stage.ccws.it\/it\/termini-di-utilizzo\/#primaryimage"},"thumbnailUrl":"https:\/\/shumans-monini-stage.ccws.it\/wp-content\/uploads\/2025\/06\/loghi-1-1024x264.png","datePublished":"2025-06-25T13:48:51+00:00","dateModified":"2025-06-27T08:35:44+00:00","breadcrumb":{"@id":"https:\/\/shumans-monini-stage.ccws.it\/it\/termini-di-utilizzo\/#breadcrumb"},"inLanguage":"it-IT","potentialAction":[{"@type":"ReadAction","target":["https:\/\/shumans-monini-stage.ccws.it\/it\/termini-di-utilizzo\/"]}]},{"@type":"ImageObject","inLanguage":"it-IT","@id":"https:\/\/shumans-monini-stage.ccws.it\/it\/termini-di-utilizzo\/#primaryimage","url":"https:\/\/shumans-monini-stage.ccws.it\/wp-content\/uploads\/2025\/06\/loghi-1-1024x264.png","contentUrl":"https:\/\/shumans-monini-stage.ccws.it\/wp-content\/uploads\/2025\/06\/loghi-1-1024x264.png"},{"@type":"BreadcrumbList","@id":"https:\/\/shumans-monini-stage.ccws.it\/it\/termini-di-utilizzo\/#breadcrumb","itemListElement":[{"@type":"ListItem","position":1,"name":"Home","item":"https:\/\/shumans-monini-stage.ccws.it\/it\/"},{"@type":"ListItem","position":2,"name":"Termini di utilizzo"}]},{"@type":"WebSite","@id":"https:\/\/shumans-monini-stage.ccws.it\/it\/#website","url":"https:\/\/shumans-monini-stage.ccws.it\/it\/","name":"Monini","description":"Una spremuta di olive","potentialAction":[{"@type":"SearchAction","target":{"@type":"EntryPoint","urlTemplate":"https:\/\/shumans-monini-stage.ccws.it\/it\/?s={search_term_string}"},"query-input":{"@type":"PropertyValueSpecification","valueRequired":true,"valueName":"search_term_string"}}],"inLanguage":"it-IT"}]}},"acf":[],"_links":{"self":[{"href":"https:\/\/shumans-monini-stage.ccws.it\/it\/wp-json\/wp\/v2\/pages\/2711","targetHints":{"allow":["GET"]}}],"collection":[{"href":"https:\/\/shumans-monini-stage.ccws.it\/it\/wp-json\/wp\/v2\/pages"}],"about":[{"href":"https:\/\/shumans-monini-stage.ccws.it\/it\/wp-json\/wp\/v2\/types\/page"}],"author":[{"embeddable":true,"href":"https:\/\/shumans-monini-stage.ccws.it\/it\/wp-json\/wp\/v2\/users\/1"}],"replies":[{"embeddable":true,"href":"https:\/\/shumans-monini-stage.ccws.it\/it\/wp-json\/wp\/v2\/comments?post=2711"}],"version-history":[{"count":7,"href":"https:\/\/shumans-monini-stage.ccws.it\/it\/wp-json\/wp\/v2\/pages\/2711\/revisions"}],"predecessor-version":[{"id":2741,"href":"https:\/\/shumans-monini-stage.ccws.it\/it\/wp-json\/wp\/v2\/pages\/2711\/revisions\/2741"}],"wp:attachment":[{"href":"https:\/\/shumans-monini-stage.ccws.it\/it\/wp-json\/wp\/v2\/media?parent=2711"}],"curies":[{"name":"wp","href":"https:\/\/api.w.org\/{rel}","templated":true}]}}