{"id":2761,"date":"2025-06-25T16:01:06","date_gmt":"2025-06-25T14:01:06","guid":{"rendered":"https:\/\/shumans-monini-stage.ccws.it\/?page_id=2761"},"modified":"2025-06-27T10:35:59","modified_gmt":"2025-06-27T08:35:59","slug":"whistleblowing","status":"publish","type":"page","link":"https:\/\/shumans-monini-stage.ccws.it\/it\/whistleblowing\/","title":{"rendered":"Whistleblowing"},"content":{"rendered":"\n<div class=\"wp-block-columns\">\n<div class=\"wp-block-column\">\n<p><strong>MONINI SPA<\/strong>&nbsp;si impegna costantemente a condurre la propria attivit\u00e0 nel pieno rispetto di una cultura aziendale improntata all\u2019etica, all\u2019integrit\u00e0, alla responsabilit\u00e0 e alla conformit\u00e0 alle leggi vigenti e norme aziendali.<\/p>\n\n\n\n<p>Questo impegno \u00e8 testimoniato dai valori richiamati nel Modello di organizzazione, gestione e controllo ex D.Lgs. 231\/2001, nel Codice Etico e nelle procedure aziendali adottate.<\/p>\n\n\n\n<p>Va tuttavia riconosciuto il fatto che ciascun ente possa essere soggetto al rischio di azioni scorrette o di comportamenti illeciti. A tal proposito, \u00e8 dovere della societ\u00e0 adottare misure adeguate a prevenire tali situazioni e a porvi rimedio laddove vengano identificate, ma \u00e8 altres\u00ec dovere di ciascun destinatario osservare le procedure adottate dalla societ\u00e0 e segnalare qualsiasi comportamento che non rispetti i principi fondamentali in esse contenute.<\/p>\n\n\n\n<p>A tal fine&nbsp;<strong>MONINI SPA<\/strong>&nbsp;ha implementato dei sistemi interni di segnalazione delle violazioni per consentire ai soggetti individuati dalla legge di segnalare violazioni di disposizioni normative nazionali o dell\u2019Unione europea che possano ledere l\u2019interesse pubblico o l\u2019integrit\u00e0 dell\u2019azienda, di cui siano venuti a conoscenza nel contesto lavorativo ivi incluse le violazioni del Codice Etico ovvero del Modello di Organizzazione, Gestione e Controllo ai sensi del D.Lgs. 231\/2001.<\/p>\n\n\n\n<p>Grazie alla partecipazione attiva e responsabile dei dipendenti e di terze parti, segnalando eventuali comportamenti non conformi, si consente all\u2019azienda di individuare eventuali irregolarit\u00e0 e adottare tempestivamente i dovuti correttivi, prevenendo eventuali danni di tipo economico o reputazionale.<\/p>\n\n\n\n<div style=\"height:42px\" aria-hidden=\"true\" class=\"wp-block-spacer\"><\/div>\n\n\n\n<p><a href=\"https:\/\/monini.segnalazioni.net\/\" target=\"_blank\" rel=\"noreferrer noopener\">INVIA UNA SEGNALAZIONE<\/a><\/p>\n\n\n\n<p><a href=\"https:\/\/www.monini.com\/it\/privacy\" target=\"_blank\" rel=\"noreferrer noopener\">LEGGI L\u2019INFORMATIVA SUL TRATTAMENTO DATI PERSONALI<\/a><\/p>\n\n\n\n<p><a href=\"https:\/\/www.monini.com\/content\/wp-content\/uploads\/2023\/12\/MONINI-INFORMATIVA-_D_-WHISTLEBLOWING-dati-personali-Utenti-e-Clienti-rev-0-.pdf\" target=\"_blank\" rel=\"noreferrer noopener\">LEGGI L\u2019INFORMATIVA SUL WHISTLEBLOWING<\/a><\/p>\n<\/div>\n<\/div>\n","protected":false},"excerpt":{"rendered":"<p>MONINI SPA&nbsp;si impegna costantemente a condurre la propria attivit\u00e0 nel pieno rispetto di una cultura&#8230;<\/p>\n","protected":false},"author":1,"featured_media":0,"parent":0,"menu_order":0,"comment_status":"closed","ping_status":"closed","template":"","meta":{"_acf_changed":false,"footnotes":""},"class_list":["post-2761","page","type-page","status-publish","hentry"],"yoast_head":"<!-- This site is optimized with the Yoast SEO plugin v25.8 - https:\/\/yoast.com\/wordpress\/plugins\/seo\/ -->\n<title>Whistleblowing - Monini<\/title>\n<meta name=\"robots\" content=\"noindex, follow, max-snippet:-1, max-image-preview:large, max-video-preview:-1\" \/>\n<meta property=\"og:locale\" content=\"it_IT\" \/>\n<meta property=\"og:type\" content=\"article\" \/>\n<meta property=\"og:title\" content=\"Whistleblowing - Monini\" \/>\n<meta property=\"og:description\" content=\"MONINI SPA&nbsp;si impegna costantemente a condurre la propria attivit\u00e0 nel pieno rispetto di una cultura...\" \/>\n<meta property=\"og:url\" content=\"https:\/\/shumans-monini-stage.ccws.it\/it\/whistleblowing\/\" \/>\n<meta property=\"og:site_name\" content=\"Monini\" \/>\n<meta property=\"article:publisher\" content=\"https:\/\/www.facebook.com\/MoniniOlio\/\" \/>\n<meta property=\"article:modified_time\" content=\"2025-06-27T08:35:59+00:00\" \/>\n<meta name=\"twitter:card\" content=\"summary_large_image\" \/>\n<meta name=\"twitter:label1\" content=\"Tempo di lettura stimato\" \/>\n\t<meta name=\"twitter:data1\" content=\"1 minuto\" \/>\n<script type=\"application\/ld+json\" class=\"yoast-schema-graph\">{\"@context\":\"https:\/\/schema.org\",\"@graph\":[{\"@type\":\"WebPage\",\"@id\":\"https:\/\/shumans-monini-stage.ccws.it\/it\/whistleblowing\/\",\"url\":\"https:\/\/shumans-monini-stage.ccws.it\/it\/whistleblowing\/\",\"name\":\"Whistleblowing - Monini\",\"isPartOf\":{\"@id\":\"https:\/\/shumans-monini-stage.ccws.it\/it\/#website\"},\"datePublished\":\"2025-06-25T14:01:06+00:00\",\"dateModified\":\"2025-06-27T08:35:59+00:00\",\"breadcrumb\":{\"@id\":\"https:\/\/shumans-monini-stage.ccws.it\/it\/whistleblowing\/#breadcrumb\"},\"inLanguage\":\"it-IT\",\"potentialAction\":[{\"@type\":\"ReadAction\",\"target\":[\"https:\/\/shumans-monini-stage.ccws.it\/it\/whistleblowing\/\"]}]},{\"@type\":\"BreadcrumbList\",\"@id\":\"https:\/\/shumans-monini-stage.ccws.it\/it\/whistleblowing\/#breadcrumb\",\"itemListElement\":[{\"@type\":\"ListItem\",\"position\":1,\"name\":\"Home\",\"item\":\"https:\/\/shumans-monini-stage.ccws.it\/it\/\"},{\"@type\":\"ListItem\",\"position\":2,\"name\":\"Whistleblowing\"}]},{\"@type\":\"WebSite\",\"@id\":\"https:\/\/shumans-monini-stage.ccws.it\/it\/#website\",\"url\":\"https:\/\/shumans-monini-stage.ccws.it\/it\/\",\"name\":\"Monini\",\"description\":\"Una spremuta di olive\",\"potentialAction\":[{\"@type\":\"SearchAction\",\"target\":{\"@type\":\"EntryPoint\",\"urlTemplate\":\"https:\/\/shumans-monini-stage.ccws.it\/it\/?s={search_term_string}\"},\"query-input\":{\"@type\":\"PropertyValueSpecification\",\"valueRequired\":true,\"valueName\":\"search_term_string\"}}],\"inLanguage\":\"it-IT\"}]}<\/script>\n<!-- \/ Yoast SEO plugin. -->","yoast_head_json":{"title":"Whistleblowing - Monini","robots":{"index":"noindex","follow":"follow","max-snippet":"max-snippet:-1","max-image-preview":"max-image-preview:large","max-video-preview":"max-video-preview:-1"},"og_locale":"it_IT","og_type":"article","og_title":"Whistleblowing - Monini","og_description":"MONINI SPA&nbsp;si impegna costantemente a condurre la propria attivit\u00e0 nel pieno rispetto di una cultura...","og_url":"https:\/\/shumans-monini-stage.ccws.it\/it\/whistleblowing\/","og_site_name":"Monini","article_publisher":"https:\/\/www.facebook.com\/MoniniOlio\/","article_modified_time":"2025-06-27T08:35:59+00:00","twitter_card":"summary_large_image","twitter_misc":{"Tempo di lettura stimato":"1 minuto"},"schema":{"@context":"https:\/\/schema.org","@graph":[{"@type":"WebPage","@id":"https:\/\/shumans-monini-stage.ccws.it\/it\/whistleblowing\/","url":"https:\/\/shumans-monini-stage.ccws.it\/it\/whistleblowing\/","name":"Whistleblowing - Monini","isPartOf":{"@id":"https:\/\/shumans-monini-stage.ccws.it\/it\/#website"},"datePublished":"2025-06-25T14:01:06+00:00","dateModified":"2025-06-27T08:35:59+00:00","breadcrumb":{"@id":"https:\/\/shumans-monini-stage.ccws.it\/it\/whistleblowing\/#breadcrumb"},"inLanguage":"it-IT","potentialAction":[{"@type":"ReadAction","target":["https:\/\/shumans-monini-stage.ccws.it\/it\/whistleblowing\/"]}]},{"@type":"BreadcrumbList","@id":"https:\/\/shumans-monini-stage.ccws.it\/it\/whistleblowing\/#breadcrumb","itemListElement":[{"@type":"ListItem","position":1,"name":"Home","item":"https:\/\/shumans-monini-stage.ccws.it\/it\/"},{"@type":"ListItem","position":2,"name":"Whistleblowing"}]},{"@type":"WebSite","@id":"https:\/\/shumans-monini-stage.ccws.it\/it\/#website","url":"https:\/\/shumans-monini-stage.ccws.it\/it\/","name":"Monini","description":"Una spremuta di olive","potentialAction":[{"@type":"SearchAction","target":{"@type":"EntryPoint","urlTemplate":"https:\/\/shumans-monini-stage.ccws.it\/it\/?s={search_term_string}"},"query-input":{"@type":"PropertyValueSpecification","valueRequired":true,"valueName":"search_term_string"}}],"inLanguage":"it-IT"}]}},"acf":[],"_links":{"self":[{"href":"https:\/\/shumans-monini-stage.ccws.it\/it\/wp-json\/wp\/v2\/pages\/2761","targetHints":{"allow":["GET"]}}],"collection":[{"href":"https:\/\/shumans-monini-stage.ccws.it\/it\/wp-json\/wp\/v2\/pages"}],"about":[{"href":"https:\/\/shumans-monini-stage.ccws.it\/it\/wp-json\/wp\/v2\/types\/page"}],"author":[{"embeddable":true,"href":"https:\/\/shumans-monini-stage.ccws.it\/it\/wp-json\/wp\/v2\/users\/1"}],"replies":[{"embeddable":true,"href":"https:\/\/shumans-monini-stage.ccws.it\/it\/wp-json\/wp\/v2\/comments?post=2761"}],"version-history":[{"count":2,"href":"https:\/\/shumans-monini-stage.ccws.it\/it\/wp-json\/wp\/v2\/pages\/2761\/revisions"}],"predecessor-version":[{"id":2767,"href":"https:\/\/shumans-monini-stage.ccws.it\/it\/wp-json\/wp\/v2\/pages\/2761\/revisions\/2767"}],"wp:attachment":[{"href":"https:\/\/shumans-monini-stage.ccws.it\/it\/wp-json\/wp\/v2\/media?parent=2761"}],"curies":[{"name":"wp","href":"https:\/\/api.w.org\/{rel}","templated":true}]}}