{"id":897,"date":"2025-06-23T10:09:01","date_gmt":"2025-06-23T08:09:01","guid":{"rendered":"https:\/\/shumans-monini-stage.ccws.it\/?page_id=897"},"modified":"2026-04-17T15:17:19","modified_gmt":"2026-04-17T13:17:19","slug":"il-nostro-modello-organizzativo","status":"publish","type":"page","link":"https:\/\/shumans-monini-stage.ccws.it\/it\/il-nostro-modello-organizzativo\/","title":{"rendered":"Il Nostro Codice Etico"},"content":{"rendered":"\n<div class=\"wp-block-columns is-style-default\">\n<div class=\"wp-block-column\" style=\"flex-basis:100%\">\n<p>Il Gruppo Monini svolge le proprie attivit\u00e0 impegnandosi ad applicare e osservare rigorosi principi con seriet\u00e0, affidabilit\u00e0 e professionalit\u00e0.<\/p>\n\n\n\n<p>L\u2019etica riveste un\u2019importanza fondamentale nel nostro agire imprenditoriale e per dimostrarlo \u00e8 stato definito un Codice Etico come strumento di deontologia aziendale, che ha l\u2019obiettivo di diffondere i nostri valori e gli standard comportamentali alla base delle nostre attivit\u00e0.<\/p>\n\n\n\n<p><a href=\"https:\/\/www.monini.com\/content\/wp-content\/uploads\/2024\/10\/CODICE-ETICO_REV_200924.pdf\" target=\"_blank\" rel=\"noreferrer noopener\">Scarica e leggi il Codice Etico (ITA)<\/a><\/p>\n\n\n\n<p>Per ogni domanda o dubbio, potete scrivere una email all\u2019indirizzo\u202flegge231 AT monini punto com\u202f(leggi&nbsp;<a href=\"https:\/\/www.monini.com\/privacy\" target=\"_blank\" rel=\"noreferrer noopener\">l\u2019informativa per la privacy<\/a>).<\/p>\n\n\n\n<div style=\"height:0.25em\" aria-hidden=\"true\" class=\"wp-block-spacer\"><\/div>\n\n\n\n<figure class=\"wp-block-image size-full is-style-out\"><img loading=\"lazy\" decoding=\"async\" width=\"1500\" height=\"1000\" src=\"https:\/\/shumans-monini-stage.ccws.it\/wp-content\/uploads\/2025\/06\/tavola.jpg\" alt=\"\" class=\"wp-image-740\" srcset=\"https:\/\/shumans-monini-stage.ccws.it\/wp-content\/uploads\/2025\/06\/tavola.jpg 1500w, https:\/\/shumans-monini-stage.ccws.it\/wp-content\/uploads\/2025\/06\/tavola-300x200.jpg 300w, https:\/\/shumans-monini-stage.ccws.it\/wp-content\/uploads\/2025\/06\/tavola-1024x683.jpg 1024w, https:\/\/shumans-monini-stage.ccws.it\/wp-content\/uploads\/2025\/06\/tavola-768x512.jpg 768w\" sizes=\"auto, (max-width: 1500px) 100vw, 1500px\" \/><\/figure>\n\n\n\n<div style=\"height:0.25em\" aria-hidden=\"true\" class=\"wp-block-spacer\"><\/div>\n<\/div>\n<\/div>\n\n\n\n<div class=\"wp-block-cover\"><div class=\"wp-block-cover-inner\"><img loading=\"lazy\" decoding=\"async\" width=\"1024\" height=\"768\" class=\"wp-block-cover__image-background wp-image-727 size-large\" alt=\"\" src=\"https:\/\/shumans-monini-stage.ccws.it\/wp-content\/uploads\/2025\/06\/paesaggio4-1024x768.jpg\" data-object-fit=\"cover\" srcset=\"https:\/\/shumans-monini-stage.ccws.it\/wp-content\/uploads\/2025\/06\/paesaggio4-1024x768.jpg 1024w, https:\/\/shumans-monini-stage.ccws.it\/wp-content\/uploads\/2025\/06\/paesaggio4-300x225.jpg 300w, https:\/\/shumans-monini-stage.ccws.it\/wp-content\/uploads\/2025\/06\/paesaggio4-768x576.jpg 768w, https:\/\/shumans-monini-stage.ccws.it\/wp-content\/uploads\/2025\/06\/paesaggio4.jpg 1500w\" sizes=\"auto, (max-width: 1024px) 100vw, 1024px\" \/><span aria-hidden=\"true\" class=\"wp-block-cover__background has-background-dim\" style=\"background-color:#4b491f\"><\/span><div class=\"wp-block-cover__inner-container\">\n<h6 class=\"wp-block-heading has-text-align-center\">Continua a esplorare il mondo monini<\/h6>\n\n\n\n<h2 class=\"wp-block-heading has-text-align-center\">I nostri prodotti<\/h2>\n\n\n\n<div class=\"wp-block-buttons is-content-justification-center is-layout-flex wp-container-core-buttons-is-layout-16018d1d wp-block-buttons-is-layout-flex\">\n<div class=\"wp-block-button is-style-u-secondary\"><a class=\"btn btn-outline-secondary\" href=\"https:\/\/shumans-monini-stage.ccws.it\/editorials\/\"><span>Scopri di pi\u00f9<\/span><\/a><\/div><\/div>\n<\/div>\n<\/div><\/div>\n","protected":false},"excerpt":{"rendered":"<p>Il Gruppo Monini svolge le proprie attivit\u00e0 impegnandosi ad applicare e osservare rigorosi principi con&#8230;<\/p>\n","protected":false},"author":1,"featured_media":740,"parent":0,"menu_order":0,"comment_status":"closed","ping_status":"closed","template":"","meta":{"_acf_changed":false,"footnotes":""},"class_list":["post-897","page","type-page","status-publish","has-post-thumbnail","hentry"],"yoast_head":"<!-- This site is optimized with the Yoast SEO plugin v25.8 - https:\/\/yoast.com\/wordpress\/plugins\/seo\/ -->\n<title>Il Nostro Codice Etico - Monini<\/title>\n<meta name=\"robots\" content=\"noindex, follow, max-snippet:-1, max-image-preview:large, max-video-preview:-1\" \/>\n<meta property=\"og:locale\" content=\"it_IT\" \/>\n<meta property=\"og:type\" content=\"article\" \/>\n<meta property=\"og:title\" content=\"Il Nostro Codice Etico - Monini\" \/>\n<meta property=\"og:description\" content=\"Il Gruppo Monini svolge le proprie attivit\u00e0 impegnandosi ad applicare e osservare rigorosi principi con...\" \/>\n<meta property=\"og:url\" content=\"https:\/\/shumans-monini-stage.ccws.it\/it\/il-nostro-modello-organizzativo\/\" \/>\n<meta property=\"og:site_name\" content=\"Monini\" \/>\n<meta property=\"article:publisher\" content=\"https:\/\/www.facebook.com\/MoniniOlio\/\" \/>\n<meta property=\"article:modified_time\" content=\"2026-04-17T13:17:19+00:00\" \/>\n<meta property=\"og:image\" content=\"https:\/\/shumans-monini-stage.ccws.it\/wp-content\/uploads\/2025\/06\/tavola.jpg\" \/>\n\t<meta property=\"og:image:width\" content=\"1500\" \/>\n\t<meta property=\"og:image:height\" content=\"1000\" \/>\n\t<meta property=\"og:image:type\" content=\"image\/jpeg\" \/>\n<meta name=\"twitter:card\" content=\"summary_large_image\" \/>\n<meta name=\"twitter:label1\" content=\"Tempo di lettura stimato\" \/>\n\t<meta name=\"twitter:data1\" content=\"2 minuto\" \/>\n<script type=\"application\/ld+json\" class=\"yoast-schema-graph\">{\"@context\":\"https:\/\/schema.org\",\"@graph\":[{\"@type\":\"WebPage\",\"@id\":\"https:\/\/shumans-monini-stage.ccws.it\/it\/il-nostro-modello-organizzativo\/\",\"url\":\"https:\/\/shumans-monini-stage.ccws.it\/it\/il-nostro-modello-organizzativo\/\",\"name\":\"Il Nostro Codice Etico - Monini\",\"isPartOf\":{\"@id\":\"https:\/\/shumans-monini-stage.ccws.it\/it\/#website\"},\"primaryImageOfPage\":{\"@id\":\"https:\/\/shumans-monini-stage.ccws.it\/it\/il-nostro-modello-organizzativo\/#primaryimage\"},\"image\":{\"@id\":\"https:\/\/shumans-monini-stage.ccws.it\/it\/il-nostro-modello-organizzativo\/#primaryimage\"},\"thumbnailUrl\":\"https:\/\/shumans-monini-stage.ccws.it\/wp-content\/uploads\/2025\/06\/tavola.jpg\",\"datePublished\":\"2025-06-23T08:09:01+00:00\",\"dateModified\":\"2026-04-17T13:17:19+00:00\",\"breadcrumb\":{\"@id\":\"https:\/\/shumans-monini-stage.ccws.it\/it\/il-nostro-modello-organizzativo\/#breadcrumb\"},\"inLanguage\":\"it-IT\",\"potentialAction\":[{\"@type\":\"ReadAction\",\"target\":[\"https:\/\/shumans-monini-stage.ccws.it\/it\/il-nostro-modello-organizzativo\/\"]}]},{\"@type\":\"ImageObject\",\"inLanguage\":\"it-IT\",\"@id\":\"https:\/\/shumans-monini-stage.ccws.it\/it\/il-nostro-modello-organizzativo\/#primaryimage\",\"url\":\"https:\/\/shumans-monini-stage.ccws.it\/wp-content\/uploads\/2025\/06\/tavola.jpg\",\"contentUrl\":\"https:\/\/shumans-monini-stage.ccws.it\/wp-content\/uploads\/2025\/06\/tavola.jpg\",\"width\":1500,\"height\":1000},{\"@type\":\"BreadcrumbList\",\"@id\":\"https:\/\/shumans-monini-stage.ccws.it\/it\/il-nostro-modello-organizzativo\/#breadcrumb\",\"itemListElement\":[{\"@type\":\"ListItem\",\"position\":1,\"name\":\"Home\",\"item\":\"https:\/\/shumans-monini-stage.ccws.it\/it\/\"},{\"@type\":\"ListItem\",\"position\":2,\"name\":\"Il Nostro Codice Etico\"}]},{\"@type\":\"WebSite\",\"@id\":\"https:\/\/shumans-monini-stage.ccws.it\/it\/#website\",\"url\":\"https:\/\/shumans-monini-stage.ccws.it\/it\/\",\"name\":\"Monini\",\"description\":\"Una spremuta di olive\",\"potentialAction\":[{\"@type\":\"SearchAction\",\"target\":{\"@type\":\"EntryPoint\",\"urlTemplate\":\"https:\/\/shumans-monini-stage.ccws.it\/it\/?s={search_term_string}\"},\"query-input\":{\"@type\":\"PropertyValueSpecification\",\"valueRequired\":true,\"valueName\":\"search_term_string\"}}],\"inLanguage\":\"it-IT\"}]}<\/script>\n<!-- \/ Yoast SEO plugin. -->","yoast_head_json":{"title":"Il Nostro Codice Etico - Monini","robots":{"index":"noindex","follow":"follow","max-snippet":"max-snippet:-1","max-image-preview":"max-image-preview:large","max-video-preview":"max-video-preview:-1"},"og_locale":"it_IT","og_type":"article","og_title":"Il Nostro Codice Etico - Monini","og_description":"Il Gruppo Monini svolge le proprie attivit\u00e0 impegnandosi ad applicare e osservare rigorosi principi con...","og_url":"https:\/\/shumans-monini-stage.ccws.it\/it\/il-nostro-modello-organizzativo\/","og_site_name":"Monini","article_publisher":"https:\/\/www.facebook.com\/MoniniOlio\/","article_modified_time":"2026-04-17T13:17:19+00:00","og_image":[{"width":1500,"height":1000,"url":"https:\/\/shumans-monini-stage.ccws.it\/wp-content\/uploads\/2025\/06\/tavola.jpg","type":"image\/jpeg"}],"twitter_card":"summary_large_image","twitter_misc":{"Tempo di lettura stimato":"2 minuto"},"schema":{"@context":"https:\/\/schema.org","@graph":[{"@type":"WebPage","@id":"https:\/\/shumans-monini-stage.ccws.it\/it\/il-nostro-modello-organizzativo\/","url":"https:\/\/shumans-monini-stage.ccws.it\/it\/il-nostro-modello-organizzativo\/","name":"Il Nostro Codice Etico - Monini","isPartOf":{"@id":"https:\/\/shumans-monini-stage.ccws.it\/it\/#website"},"primaryImageOfPage":{"@id":"https:\/\/shumans-monini-stage.ccws.it\/it\/il-nostro-modello-organizzativo\/#primaryimage"},"image":{"@id":"https:\/\/shumans-monini-stage.ccws.it\/it\/il-nostro-modello-organizzativo\/#primaryimage"},"thumbnailUrl":"https:\/\/shumans-monini-stage.ccws.it\/wp-content\/uploads\/2025\/06\/tavola.jpg","datePublished":"2025-06-23T08:09:01+00:00","dateModified":"2026-04-17T13:17:19+00:00","breadcrumb":{"@id":"https:\/\/shumans-monini-stage.ccws.it\/it\/il-nostro-modello-organizzativo\/#breadcrumb"},"inLanguage":"it-IT","potentialAction":[{"@type":"ReadAction","target":["https:\/\/shumans-monini-stage.ccws.it\/it\/il-nostro-modello-organizzativo\/"]}]},{"@type":"ImageObject","inLanguage":"it-IT","@id":"https:\/\/shumans-monini-stage.ccws.it\/it\/il-nostro-modello-organizzativo\/#primaryimage","url":"https:\/\/shumans-monini-stage.ccws.it\/wp-content\/uploads\/2025\/06\/tavola.jpg","contentUrl":"https:\/\/shumans-monini-stage.ccws.it\/wp-content\/uploads\/2025\/06\/tavola.jpg","width":1500,"height":1000},{"@type":"BreadcrumbList","@id":"https:\/\/shumans-monini-stage.ccws.it\/it\/il-nostro-modello-organizzativo\/#breadcrumb","itemListElement":[{"@type":"ListItem","position":1,"name":"Home","item":"https:\/\/shumans-monini-stage.ccws.it\/it\/"},{"@type":"ListItem","position":2,"name":"Il Nostro Codice Etico"}]},{"@type":"WebSite","@id":"https:\/\/shumans-monini-stage.ccws.it\/it\/#website","url":"https:\/\/shumans-monini-stage.ccws.it\/it\/","name":"Monini","description":"Una spremuta di olive","potentialAction":[{"@type":"SearchAction","target":{"@type":"EntryPoint","urlTemplate":"https:\/\/shumans-monini-stage.ccws.it\/it\/?s={search_term_string}"},"query-input":{"@type":"PropertyValueSpecification","valueRequired":true,"valueName":"search_term_string"}}],"inLanguage":"it-IT"}]}},"acf":[],"_links":{"self":[{"href":"https:\/\/shumans-monini-stage.ccws.it\/it\/wp-json\/wp\/v2\/pages\/897","targetHints":{"allow":["GET"]}}],"collection":[{"href":"https:\/\/shumans-monini-stage.ccws.it\/it\/wp-json\/wp\/v2\/pages"}],"about":[{"href":"https:\/\/shumans-monini-stage.ccws.it\/it\/wp-json\/wp\/v2\/types\/page"}],"author":[{"embeddable":true,"href":"https:\/\/shumans-monini-stage.ccws.it\/it\/wp-json\/wp\/v2\/users\/1"}],"replies":[{"embeddable":true,"href":"https:\/\/shumans-monini-stage.ccws.it\/it\/wp-json\/wp\/v2\/comments?post=897"}],"version-history":[{"count":22,"href":"https:\/\/shumans-monini-stage.ccws.it\/it\/wp-json\/wp\/v2\/pages\/897\/revisions"}],"predecessor-version":[{"id":39752,"href":"https:\/\/shumans-monini-stage.ccws.it\/it\/wp-json\/wp\/v2\/pages\/897\/revisions\/39752"}],"wp:featuredmedia":[{"embeddable":true,"href":"https:\/\/shumans-monini-stage.ccws.it\/it\/wp-json\/wp\/v2\/media\/740"}],"wp:attachment":[{"href":"https:\/\/shumans-monini-stage.ccws.it\/it\/wp-json\/wp\/v2\/media?parent=897"}],"curies":[{"name":"wp","href":"https:\/\/api.w.org\/{rel}","templated":true}]}}