{"id":1415,"date":"2025-06-24T10:29:20","date_gmt":"2025-06-24T08:29:20","guid":{"rendered":"https:\/\/shumans-monini-stage.ccws.it\/?post_type=product&#038;p=1415"},"modified":"2025-07-04T16:49:20","modified_gmt":"2025-07-04T14:49:20","slug":"decantato-per-ricette-dal-sapore-delicato","status":"publish","type":"product","link":"https:\/\/shumans-monini-stage.ccws.it\/it\/prodotto\/decantato-per-ricette-dal-sapore-delicato\/","title":{"rendered":"Decantato"},"content":{"rendered":"\n<div class=\"wp-block-group is-style-spaced\"><div class=\"wp-block-group__inner-container\">\n<h6 class=\"wp-block-heading\">DA UNA TECNICA ANTICHISSIMA, un EXTRAVERGINE SORPRENDENTE<\/h6>\n\n\n\n<p>Ancora oggi, molti consumatori acquistano il primo olio della stagione direttamente al frantoio e vorrebbero ritrovare le stesse caratteristiche di torbidit\u00e0 e artigianalit\u00e0 anche negli oli che trovano sullo scaffale nel resto dell\u2019anno. Per questo abbiamo creato una nuova linea di Oli Extravergini di Oliva, ottenuti da materie prime non filtrate con l\u2019antichissimo processo della Decantazione, l\u2019unico modo per decantare l\u2019olio.<\/p>\n\n\n\n<p>\u201cIl Decantato\u201d Monini \u00e8 l\u2019espressione del perfetto equilibrio tra materie prime di qualit\u00e0, artigianalit\u00e0 nella lavorazione e conservabilit\u00e0 nel tempo.<\/p>\n\n\n\n<p>E\u2019 il nuovo non filtrato!<\/p>\n\n\n\n<div style=\"height:0.25em\" aria-hidden=\"true\" class=\"wp-block-spacer\"><\/div>\n\n\n\n<p>La decantazione \u00e8 un processo naturale di separazione degli oli dagli eccessi di acqua vegetale ed impurit\u00e0 pi\u00f9 grossolane che naturalmente si accumulano sul fondo del serbatoio.<\/p>\n\n\n\n<p>In Monini dopo la decantazione viene utilizzato soltanto l\u2019olio presente nella parte superiore del serbatoio, eliminando i sedimenti e garantendo un olio delicatamente velato.<\/p>\n\n\n\n<div style=\"height:0.25em\" aria-hidden=\"true\" class=\"wp-block-spacer\"><\/div>\n\n\n<figure class=\"wp-block-video\"><div class=\"monini_player\" data-plyr-provider=\"youtube\" data-plyr-embed-id=\"https:\/\/www.youtube.com\/watch?v=gsl38cYJht4&#038;list=TLGGEQt6rT73NjsyNDA2MjAyNQ\"><\/div><\/figure>\n\n\n<div style=\"height:0.5em\" aria-hidden=\"true\" class=\"wp-block-spacer\"><\/div>\n\n\n\n<h3 class=\"wp-block-heading\">Consigli di degustazione<\/h3>\n\n\n\n<div style=\"height:0.25em\" aria-hidden=\"true\" class=\"wp-block-spacer\"><\/div>\n<\/div><\/div>\n\n\n\n<section class=\"slider-step \">\n\t<div class=\"container-wrapper\">\n\t\t<div class=\"swiper swiperStep swiperSlides\">\n\t\t\t<div class=\"swiper-wrapper\">\n\t\t\t\t\t\n\n<figure class=\"wp-block-image size-large\"><img loading=\"lazy\" decoding=\"async\" width=\"1024\" height=\"684\" src=\"https:\/\/shumans-monini-stage.ccws.it\/wp-content\/uploads\/2025\/06\/primi_piatti_delicati-1024x684.jpg\" alt=\"\" class=\"wp-image-1430\" srcset=\"https:\/\/shumans-monini-stage.ccws.it\/wp-content\/uploads\/2025\/06\/primi_piatti_delicati-1024x684.jpg 1024w, https:\/\/shumans-monini-stage.ccws.it\/wp-content\/uploads\/2025\/06\/primi_piatti_delicati-700x467.jpg 700w, https:\/\/shumans-monini-stage.ccws.it\/wp-content\/uploads\/2025\/06\/primi_piatti_delicati-768x513.jpg 768w, https:\/\/shumans-monini-stage.ccws.it\/wp-content\/uploads\/2025\/06\/primi_piatti_delicati.jpg 1583w\" sizes=\"auto, (max-width: 1024px) 100vw, 1024px\" \/><\/figure>\n\n\n\n<div class=\"card-slider-step\">\n\t<div class=\"card-body\">\n\t\t\n\n<h6 class=\"wp-block-heading\">PRIMI PIATTI DELICATI<\/h6>\n\n\n\n<p>Dai tradizionali pasta e riso ai pi\u00f9 esotici cous cous, quinoa e taboul\u00e8, \u201cIl Decantato\u201d per ricette dal sapore delicato rappresenta la finitura ideale per ogni ricetta.<\/p>\n\n\n\t<\/div>\n<\/div>\n\n\n\n<figure class=\"wp-block-image size-large\"><img loading=\"lazy\" decoding=\"async\" width=\"1024\" height=\"683\" src=\"https:\/\/shumans-monini-stage.ccws.it\/wp-content\/uploads\/2025\/06\/salse_e_pesti-1024x683.jpg\" alt=\"\" class=\"wp-image-1431\" srcset=\"https:\/\/shumans-monini-stage.ccws.it\/wp-content\/uploads\/2025\/06\/salse_e_pesti-1024x683.jpg 1024w, https:\/\/shumans-monini-stage.ccws.it\/wp-content\/uploads\/2025\/06\/salse_e_pesti-700x467.jpg 700w, https:\/\/shumans-monini-stage.ccws.it\/wp-content\/uploads\/2025\/06\/salse_e_pesti-768x512.jpg 768w, https:\/\/shumans-monini-stage.ccws.it\/wp-content\/uploads\/2025\/06\/salse_e_pesti.jpg 1584w\" sizes=\"auto, (max-width: 1024px) 100vw, 1024px\" \/><\/figure>\n\n\n\n<div class=\"card-slider-step\">\n\t<div class=\"card-body\">\n\t\t\n\n<h6 class=\"wp-block-heading\">SALSE E PESTI<\/h6>\n\n\n\n<p>Per un\u2019emulsione perfetta nella preparazione di maionese, pesto e molte altre salse, \u201cIl Decantato\u201d per ricette dal sapore delicato garantisce la giusta struttura senza essere invasivo nel gusto.<\/p>\n\n\n\t<\/div>\n<\/div>\n\n\n\n<figure class=\"wp-block-image size-large\"><img loading=\"lazy\" decoding=\"async\" width=\"683\" height=\"1024\" src=\"https:\/\/shumans-monini-stage.ccws.it\/wp-content\/uploads\/2025\/06\/verdure_vapore-683x1024.jpg\" alt=\"\" class=\"wp-image-1432\" srcset=\"https:\/\/shumans-monini-stage.ccws.it\/wp-content\/uploads\/2025\/06\/verdure_vapore-683x1024.jpg 683w, https:\/\/shumans-monini-stage.ccws.it\/wp-content\/uploads\/2025\/06\/verdure_vapore-467x700.jpg 467w, https:\/\/shumans-monini-stage.ccws.it\/wp-content\/uploads\/2025\/06\/verdure_vapore-213x320.jpg 213w, https:\/\/shumans-monini-stage.ccws.it\/wp-content\/uploads\/2025\/06\/verdure_vapore-768x1152.jpg 768w, https:\/\/shumans-monini-stage.ccws.it\/wp-content\/uploads\/2025\/06\/verdure_vapore.jpg 1597w\" sizes=\"auto, (max-width: 683px) 100vw, 683px\" \/><\/figure>\n\n\n\n<div class=\"card-slider-step\">\n\t<div class=\"card-body\">\n\t\t\n\n<h6 class=\"wp-block-heading\">VERDURE A VAPORE<\/h6>\n\n\n\n<p>La preparazione pi\u00f9 leggera per eccellenza per le tue verdure merita una nota di gusto che non risulti per\u00f2 coprente\u2026 esattamente \u201cIl Decantato\u201d per ricette dal sapore delicato!<\/p>\n\n\n\t<\/div>\n<\/div>\n\n\n\n<figure class=\"wp-block-image size-large\"><img loading=\"lazy\" decoding=\"async\" width=\"1024\" height=\"678\" src=\"https:\/\/shumans-monini-stage.ccws.it\/wp-content\/uploads\/2025\/06\/carni_bianche-1-1024x678.jpg\" alt=\"\" class=\"wp-image-1429\" srcset=\"https:\/\/shumans-monini-stage.ccws.it\/wp-content\/uploads\/2025\/06\/carni_bianche-1-1024x678.jpg 1024w, https:\/\/shumans-monini-stage.ccws.it\/wp-content\/uploads\/2025\/06\/carni_bianche-1-700x463.jpg 700w, https:\/\/shumans-monini-stage.ccws.it\/wp-content\/uploads\/2025\/06\/carni_bianche-1-768x508.jpg 768w, https:\/\/shumans-monini-stage.ccws.it\/wp-content\/uploads\/2025\/06\/carni_bianche-1.jpg 1577w\" sizes=\"auto, (max-width: 1024px) 100vw, 1024px\" \/><\/figure>\n\n\n\n<div class=\"card-slider-step\">\n\t<div class=\"card-body\">\n\t\t\n\n<h6 class=\"wp-block-heading\">CARNI BIANCHE<\/h6>\n\n\n\n<p>Pollo, maiale, coniglio, tacchino\u2026 le carni meno grasse e pi\u00f9 delicate nel gusto si arricchiscono con equilibrio grazie a \u201cIl Decantato\u201d per ricette dal sapore delicato.<\/p>\n\n\n\t<\/div>\n<\/div>\n\n\n\t\t\t<\/div>\n\t\t\t<div class=\"swiper-buttons\">\n\t\t\t\t<div class=\"swiper-button swiper-gallery-prev\">\n\t\t\t\t\t<svg class=\"icon\" style=\"rotate: 180deg\"><use xlink:href=\"https:\/\/shumans-monini-stage.ccws.it\/wp-content\/themes\/monini\/assets\/dist\/svg\/sprite-default.svg#icon-arrow\"><\/use><\/svg>\n\t\t\t\t<\/div>\n\t\t\t\t<div class=\"swiper-button swiper-gallery-next\">\n\t\t\t\t\t<svg class=\"icon\"><use xlink:href=\"https:\/\/shumans-monini-stage.ccws.it\/wp-content\/themes\/monini\/assets\/dist\/svg\/sprite-default.svg#icon-arrow\"><\/use><\/svg>\n\t\t\t\t<\/div>\n\t\t\t<\/div>\n\t\t<\/div>\n\t<\/div>\n<\/section>\n\n\n\n<p><\/p>\n","protected":false},"excerpt":{"rendered":"<p>L\u2019olio Extra Vergine Il Decantato per ricette dal sapore delicato nasce dall\u2019accurata selezione dei migliori oli estratti a freddo.<br \/>\nLa Decantazione \u00e8 la tecnica pi\u00f9 antica utilizzata per liberare gli oli dagli eccessi di acqua vegetale ed impurit\u00e0 che naturalmente rimangono dopo la lavorazione delle olive e che, nel tempo tenderebbero a rovinare l\u2019olio. In Monini utilizziamo la stessa tecnica per separare i sedimenti pi\u00f9 grossolani e garantire a quest\u2019olio un aspetto gradevolmente velato.<br \/>\nIl suo gusto \u00e8 perfetto per condire piatti delicati come verdure, insalate, pesce e salse bianche.<\/p>\n","protected":false},"author":1,"featured_media":1364,"menu_order":5,"template":"","meta":{"_acf_changed":false,"footnotes":""},"tags":[],"cat_product":[4],"class_list":["post-1415","product","type-product","status-publish","has-post-thumbnail","hentry","cat_product-olio-extra-vergine-di-oliva"],"yoast_head":"<!-- This site is optimized with the Yoast SEO plugin v25.8 - https:\/\/yoast.com\/wordpress\/plugins\/seo\/ -->\n<title>Decantato - Monini<\/title>\n<meta name=\"robots\" content=\"noindex, follow, max-snippet:-1, max-image-preview:large, max-video-preview:-1\" \/>\n<meta property=\"og:locale\" content=\"it_IT\" \/>\n<meta property=\"og:type\" content=\"article\" \/>\n<meta property=\"og:title\" content=\"Decantato - Monini\" \/>\n<meta property=\"og:description\" content=\"L\u2019olio Extra Vergine Il Decantato per ricette dal sapore delicato nasce dall\u2019accurata selezione dei migliori oli estratti a freddo. La Decantazione \u00e8 la tecnica pi\u00f9 antica utilizzata per liberare gli oli dagli eccessi di acqua vegetale ed impurit\u00e0 che naturalmente rimangono dopo la lavorazione delle olive e che, nel tempo tenderebbero a rovinare l\u2019olio. In Monini utilizziamo la stessa tecnica per separare i sedimenti pi\u00f9 grossolani e garantire a quest\u2019olio un aspetto gradevolmente velato. Il suo gusto \u00e8 perfetto per condire piatti delicati come verdure, insalate, pesce e salse bianche.\" \/>\n<meta property=\"og:url\" content=\"https:\/\/shumans-monini-stage.ccws.it\/it\/prodotto\/decantato-per-ricette-dal-sapore-delicato\/\" \/>\n<meta property=\"og:site_name\" content=\"Monini\" \/>\n<meta property=\"article:publisher\" content=\"https:\/\/www.facebook.com\/MoniniOlio\/\" \/>\n<meta property=\"article:modified_time\" content=\"2025-07-04T14:49:20+00:00\" \/>\n<meta property=\"og:image\" content=\"https:\/\/shumans-monini-stage.ccws.it\/wp-content\/uploads\/2025\/06\/IL-DECANTATO-DELICATO-1L-2023.png\" \/>\n\t<meta property=\"og:image:width\" content=\"1024\" \/>\n\t<meta property=\"og:image:height\" content=\"1280\" \/>\n\t<meta property=\"og:image:type\" content=\"image\/png\" \/>\n<meta name=\"twitter:card\" content=\"summary_large_image\" \/>\n<meta name=\"twitter:label1\" content=\"Tempo di lettura stimato\" \/>\n\t<meta name=\"twitter:data1\" content=\"3 minuto\" \/>\n<script type=\"application\/ld+json\" class=\"yoast-schema-graph\">{\"@context\":\"https:\/\/schema.org\",\"@graph\":[{\"@type\":\"WebPage\",\"@id\":\"https:\/\/shumans-monini-stage.ccws.it\/it\/prodotto\/decantato-per-ricette-dal-sapore-delicato\/\",\"url\":\"https:\/\/shumans-monini-stage.ccws.it\/it\/prodotto\/decantato-per-ricette-dal-sapore-delicato\/\",\"name\":\"Decantato - Monini\",\"isPartOf\":{\"@id\":\"https:\/\/shumans-monini-stage.ccws.it\/it\/#website\"},\"primaryImageOfPage\":{\"@id\":\"https:\/\/shumans-monini-stage.ccws.it\/it\/prodotto\/decantato-per-ricette-dal-sapore-delicato\/#primaryimage\"},\"image\":{\"@id\":\"https:\/\/shumans-monini-stage.ccws.it\/it\/prodotto\/decantato-per-ricette-dal-sapore-delicato\/#primaryimage\"},\"thumbnailUrl\":\"https:\/\/shumans-monini-stage.ccws.it\/wp-content\/uploads\/2025\/06\/IL-DECANTATO-DELICATO-1L-2023.png\",\"datePublished\":\"2025-06-24T08:29:20+00:00\",\"dateModified\":\"2025-07-04T14:49:20+00:00\",\"breadcrumb\":{\"@id\":\"https:\/\/shumans-monini-stage.ccws.it\/it\/prodotto\/decantato-per-ricette-dal-sapore-delicato\/#breadcrumb\"},\"inLanguage\":\"it-IT\",\"potentialAction\":[{\"@type\":\"ReadAction\",\"target\":[\"https:\/\/shumans-monini-stage.ccws.it\/it\/prodotto\/decantato-per-ricette-dal-sapore-delicato\/\"]}]},{\"@type\":\"ImageObject\",\"inLanguage\":\"it-IT\",\"@id\":\"https:\/\/shumans-monini-stage.ccws.it\/it\/prodotto\/decantato-per-ricette-dal-sapore-delicato\/#primaryimage\",\"url\":\"https:\/\/shumans-monini-stage.ccws.it\/wp-content\/uploads\/2025\/06\/IL-DECANTATO-DELICATO-1L-2023.png\",\"contentUrl\":\"https:\/\/shumans-monini-stage.ccws.it\/wp-content\/uploads\/2025\/06\/IL-DECANTATO-DELICATO-1L-2023.png\",\"width\":1024,\"height\":1280},{\"@type\":\"BreadcrumbList\",\"@id\":\"https:\/\/shumans-monini-stage.ccws.it\/it\/prodotto\/decantato-per-ricette-dal-sapore-delicato\/#breadcrumb\",\"itemListElement\":[{\"@type\":\"ListItem\",\"position\":1,\"name\":\"Home\",\"item\":\"https:\/\/shumans-monini-stage.ccws.it\/it\/\"},{\"@type\":\"ListItem\",\"position\":2,\"name\":\"Prodotti\",\"item\":\"https:\/\/shumans-monini-stage.ccws.it\/it\/prodotto\/\"},{\"@type\":\"ListItem\",\"position\":3,\"name\":\"Decantato\"}]},{\"@type\":\"WebSite\",\"@id\":\"https:\/\/shumans-monini-stage.ccws.it\/it\/#website\",\"url\":\"https:\/\/shumans-monini-stage.ccws.it\/it\/\",\"name\":\"Monini\",\"description\":\"Una spremuta di olive\",\"potentialAction\":[{\"@type\":\"SearchAction\",\"target\":{\"@type\":\"EntryPoint\",\"urlTemplate\":\"https:\/\/shumans-monini-stage.ccws.it\/it\/?s={search_term_string}\"},\"query-input\":{\"@type\":\"PropertyValueSpecification\",\"valueRequired\":true,\"valueName\":\"search_term_string\"}}],\"inLanguage\":\"it-IT\"}]}<\/script>\n<!-- \/ Yoast SEO plugin. -->","yoast_head_json":{"title":"Decantato - Monini","robots":{"index":"noindex","follow":"follow","max-snippet":"max-snippet:-1","max-image-preview":"max-image-preview:large","max-video-preview":"max-video-preview:-1"},"og_locale":"it_IT","og_type":"article","og_title":"Decantato - Monini","og_description":"L\u2019olio Extra Vergine Il Decantato per ricette dal sapore delicato nasce dall\u2019accurata selezione dei migliori oli estratti a freddo. La Decantazione \u00e8 la tecnica pi\u00f9 antica utilizzata per liberare gli oli dagli eccessi di acqua vegetale ed impurit\u00e0 che naturalmente rimangono dopo la lavorazione delle olive e che, nel tempo tenderebbero a rovinare l\u2019olio. In Monini utilizziamo la stessa tecnica per separare i sedimenti pi\u00f9 grossolani e garantire a quest\u2019olio un aspetto gradevolmente velato. Il suo gusto \u00e8 perfetto per condire piatti delicati come verdure, insalate, pesce e salse bianche.","og_url":"https:\/\/shumans-monini-stage.ccws.it\/it\/prodotto\/decantato-per-ricette-dal-sapore-delicato\/","og_site_name":"Monini","article_publisher":"https:\/\/www.facebook.com\/MoniniOlio\/","article_modified_time":"2025-07-04T14:49:20+00:00","og_image":[{"width":1024,"height":1280,"url":"https:\/\/shumans-monini-stage.ccws.it\/wp-content\/uploads\/2025\/06\/IL-DECANTATO-DELICATO-1L-2023.png","type":"image\/png"}],"twitter_card":"summary_large_image","twitter_misc":{"Tempo di lettura stimato":"3 minuto"},"schema":{"@context":"https:\/\/schema.org","@graph":[{"@type":"WebPage","@id":"https:\/\/shumans-monini-stage.ccws.it\/it\/prodotto\/decantato-per-ricette-dal-sapore-delicato\/","url":"https:\/\/shumans-monini-stage.ccws.it\/it\/prodotto\/decantato-per-ricette-dal-sapore-delicato\/","name":"Decantato - Monini","isPartOf":{"@id":"https:\/\/shumans-monini-stage.ccws.it\/it\/#website"},"primaryImageOfPage":{"@id":"https:\/\/shumans-monini-stage.ccws.it\/it\/prodotto\/decantato-per-ricette-dal-sapore-delicato\/#primaryimage"},"image":{"@id":"https:\/\/shumans-monini-stage.ccws.it\/it\/prodotto\/decantato-per-ricette-dal-sapore-delicato\/#primaryimage"},"thumbnailUrl":"https:\/\/shumans-monini-stage.ccws.it\/wp-content\/uploads\/2025\/06\/IL-DECANTATO-DELICATO-1L-2023.png","datePublished":"2025-06-24T08:29:20+00:00","dateModified":"2025-07-04T14:49:20+00:00","breadcrumb":{"@id":"https:\/\/shumans-monini-stage.ccws.it\/it\/prodotto\/decantato-per-ricette-dal-sapore-delicato\/#breadcrumb"},"inLanguage":"it-IT","potentialAction":[{"@type":"ReadAction","target":["https:\/\/shumans-monini-stage.ccws.it\/it\/prodotto\/decantato-per-ricette-dal-sapore-delicato\/"]}]},{"@type":"ImageObject","inLanguage":"it-IT","@id":"https:\/\/shumans-monini-stage.ccws.it\/it\/prodotto\/decantato-per-ricette-dal-sapore-delicato\/#primaryimage","url":"https:\/\/shumans-monini-stage.ccws.it\/wp-content\/uploads\/2025\/06\/IL-DECANTATO-DELICATO-1L-2023.png","contentUrl":"https:\/\/shumans-monini-stage.ccws.it\/wp-content\/uploads\/2025\/06\/IL-DECANTATO-DELICATO-1L-2023.png","width":1024,"height":1280},{"@type":"BreadcrumbList","@id":"https:\/\/shumans-monini-stage.ccws.it\/it\/prodotto\/decantato-per-ricette-dal-sapore-delicato\/#breadcrumb","itemListElement":[{"@type":"ListItem","position":1,"name":"Home","item":"https:\/\/shumans-monini-stage.ccws.it\/it\/"},{"@type":"ListItem","position":2,"name":"Prodotti","item":"https:\/\/shumans-monini-stage.ccws.it\/it\/prodotto\/"},{"@type":"ListItem","position":3,"name":"Decantato"}]},{"@type":"WebSite","@id":"https:\/\/shumans-monini-stage.ccws.it\/it\/#website","url":"https:\/\/shumans-monini-stage.ccws.it\/it\/","name":"Monini","description":"Una spremuta di olive","potentialAction":[{"@type":"SearchAction","target":{"@type":"EntryPoint","urlTemplate":"https:\/\/shumans-monini-stage.ccws.it\/it\/?s={search_term_string}"},"query-input":{"@type":"PropertyValueSpecification","valueRequired":true,"valueName":"search_term_string"}}],"inLanguage":"it-IT"}]}},"acf":[],"_links":{"self":[{"href":"https:\/\/shumans-monini-stage.ccws.it\/it\/wp-json\/wp\/v2\/product\/1415","targetHints":{"allow":["GET"]}}],"collection":[{"href":"https:\/\/shumans-monini-stage.ccws.it\/it\/wp-json\/wp\/v2\/product"}],"about":[{"href":"https:\/\/shumans-monini-stage.ccws.it\/it\/wp-json\/wp\/v2\/types\/product"}],"author":[{"embeddable":true,"href":"https:\/\/shumans-monini-stage.ccws.it\/it\/wp-json\/wp\/v2\/users\/1"}],"version-history":[{"count":20,"href":"https:\/\/shumans-monini-stage.ccws.it\/it\/wp-json\/wp\/v2\/product\/1415\/revisions"}],"predecessor-version":[{"id":14938,"href":"https:\/\/shumans-monini-stage.ccws.it\/it\/wp-json\/wp\/v2\/product\/1415\/revisions\/14938"}],"wp:featuredmedia":[{"embeddable":true,"href":"https:\/\/shumans-monini-stage.ccws.it\/it\/wp-json\/wp\/v2\/media\/1364"}],"wp:attachment":[{"href":"https:\/\/shumans-monini-stage.ccws.it\/it\/wp-json\/wp\/v2\/media?parent=1415"}],"wp:term":[{"taxonomy":"post_tag","embeddable":true,"href":"https:\/\/shumans-monini-stage.ccws.it\/it\/wp-json\/wp\/v2\/tags?post=1415"},{"taxonomy":"cat_product","embeddable":true,"href":"https:\/\/shumans-monini-stage.ccws.it\/it\/wp-json\/wp\/v2\/cat_product?post=1415"}],"curies":[{"name":"wp","href":"https:\/\/api.w.org\/{rel}","templated":true}]}}