{"id":2322,"date":"2025-06-25T11:22:25","date_gmt":"2025-06-25T09:22:25","guid":{"rendered":"https:\/\/shumans-monini-stage.ccws.it\/?post_type=product&#038;p=2322"},"modified":"2026-01-22T12:44:41","modified_gmt":"2026-01-22T11:44:41","slug":"monocultivar-frantoio","status":"publish","type":"product","link":"https:\/\/shumans-monini-stage.ccws.it\/it\/prodotto\/monocultivar-frantoio\/","title":{"rendered":"Monocultivar Frantoio"},"content":{"rendered":"\n<div class=\"wp-block-group is-style-default\"><div class=\"wp-block-group__inner-container\">\n<div class=\"wp-block-columns is-style-formatted\">\n<div class=\"wp-block-column\">\n<figure class=\"wp-block-image size-full\"><img loading=\"lazy\" decoding=\"async\" width=\"1138\" height=\"814\" src=\"https:\/\/shumans-monini-stage.ccws.it\/wp-content\/uploads\/2025\/06\/product-frantoio-insight01@2.jpg\" alt=\"\" class=\"wp-image-2337\" srcset=\"https:\/\/shumans-monini-stage.ccws.it\/wp-content\/uploads\/2025\/06\/product-frantoio-insight01@2.jpg 1138w, https:\/\/shumans-monini-stage.ccws.it\/wp-content\/uploads\/2025\/06\/product-frantoio-insight01@2-700x501.jpg 700w, https:\/\/shumans-monini-stage.ccws.it\/wp-content\/uploads\/2025\/06\/product-frantoio-insight01@2-1024x732.jpg 1024w, https:\/\/shumans-monini-stage.ccws.it\/wp-content\/uploads\/2025\/06\/product-frantoio-insight01@2-768x549.jpg 768w\" sizes=\"auto, (max-width: 1138px) 100vw, 1138px\" \/><\/figure>\n<\/div>\n\n\n\n<div class=\"wp-block-column is-vertically-aligned-center\">\n<h6 class=\"wp-block-heading\">UN TESORO DEL CENTRO ITALIA<\/h6>\n\n\n\n<p>L\u2019oliva frantoiana, tipica dei territori del centro Italia, mantiene il suo caratteristico colore verde fino al momento della raccolta. Una volta franta assume una struttura corposa, che avvolge il palato di note amare e piccanti, decise e persistenti.<\/p>\n<\/div>\n<\/div>\n\n\n\n<div style=\"height:0.5em\" aria-hidden=\"true\" class=\"wp-block-spacer\"><\/div>\n\n\n\n<div class=\"wp-block-group is-style-spaced\"><div class=\"wp-block-group__inner-container\">\n<h6 class=\"wp-block-heading\">Consigli di degustazione<\/h6>\n\n\n\n<div style=\"height:0.25em\" aria-hidden=\"true\" class=\"wp-block-spacer\"><\/div>\n\n\n\n<div class=\"wp-block-columns are-vertically-aligned-top is-style-default\">\n<div class=\"wp-block-column is-vertically-aligned-top\"><div class=\"wp-block-image\">\n<figure class=\"aligncenter size-full\"><img loading=\"lazy\" decoding=\"async\" width=\"120\" height=\"120\" src=\"https:\/\/shumans-monini-stage.ccws.it\/wp-content\/uploads\/2025\/06\/icn_insalata@2X.png\" alt=\"\" class=\"wp-image-2310\"\/><figcaption class=\"wp-element-caption\">Verdure<\/figcaption><\/figure>\n<\/div><\/div>\n\n\n\n<div class=\"wp-block-column is-vertically-aligned-top\"><div class=\"wp-block-image\">\n<figure class=\"aligncenter size-full\"><img loading=\"lazy\" decoding=\"async\" width=\"120\" height=\"120\" src=\"https:\/\/shumans-monini-stage.ccws.it\/wp-content\/uploads\/2025\/06\/icn_legumi@2X-1.png\" alt=\"\" class=\"wp-image-2249\"\/><figcaption class=\"wp-element-caption\">Legumi<\/figcaption><\/figure>\n<\/div><\/div>\n\n\n\n<div class=\"wp-block-column is-vertically-aligned-top\"><div class=\"wp-block-image\">\n<figure class=\"aligncenter size-full\"><img loading=\"lazy\" decoding=\"async\" width=\"120\" height=\"120\" src=\"https:\/\/shumans-monini-stage.ccws.it\/wp-content\/uploads\/2025\/06\/icn_per-vapore@2X.png\" alt=\"\" class=\"wp-image-2329\"\/><figcaption class=\"wp-element-caption\">Per cibi al vapore<\/figcaption><\/figure>\n<\/div><\/div>\n\n\n\n<div class=\"wp-block-column is-vertically-aligned-top\"><div class=\"wp-block-image\">\n<figure class=\"aligncenter size-full\"><img loading=\"lazy\" decoding=\"async\" width=\"120\" height=\"120\" src=\"https:\/\/shumans-monini-stage.ccws.it\/wp-content\/uploads\/2025\/06\/icn_per-sughi-condimenti@2X-1.png\" alt=\"\" class=\"wp-image-2311\"\/><figcaption class=\"wp-element-caption\">Per sughi e condimenti<\/figcaption><\/figure>\n<\/div><\/div>\n<\/div>\n\n\n\n<div style=\"height:0.1em\" aria-hidden=\"true\" class=\"wp-block-spacer\"><\/div>\n\n\n\n<p>Il sapore caratteristico&nbsp;dell\u2019olio Extra Vergine&nbsp;Monocultivar&nbsp;Frantoio \u00e8&nbsp;ideale per&nbsp;realizzare&nbsp;le&nbsp;ricette pi\u00f9 fantasiose&nbsp;sia a base di&nbsp;carne rossa alla brace&nbsp;e&nbsp;cruda,&nbsp;sia di pesce,&nbsp;in particolare&nbsp;tonno e&nbsp;pesce&nbsp;spada. Si&nbsp;presta&nbsp;molto bene sui&nbsp;formaggi di media stagionatura&nbsp;e sulla bruschetta della tradizione umbra,&nbsp;ed&nbsp;\u00e8 indicato sulle&nbsp;zuppe&nbsp;dal sapore&nbsp;deciso.<\/p>\n<\/div><\/div>\n\n\n\n<div style=\"height:0.25em\" aria-hidden=\"true\" class=\"wp-block-spacer\"><\/div>\n<\/div><\/div>\n\n\n\n<div style=\"height:100px\" aria-hidden=\"true\" class=\"wp-block-spacer\"><\/div>\n\n\n\n<h2 class=\"wp-block-heading has-text-align-center\">Oli Monocultivar<\/h2>\n\n\n\n<div style=\"height:15px\" aria-hidden=\"true\" class=\"wp-block-spacer\"><\/div>\n\n\n\n<div class=\"wp-block-group is-style-spaced\"><div class=\"wp-block-group__inner-container\">\n<p>La filosofia della famiglia Monini \u00e8 da sempre quella di produrre Oli Extravergini di oliva ineccepibili, di qualit\u00e0 superiore e costante nel tempo.<br>La stessa filosofia ci ha portato a voler offrire una linea di prodotti biologici, certificati lungo tutta la filiera, dalla terra alla tavola.<\/p>\n\n\n\n<p>In questo video vi raccontiamo quanto impegno e quanta passione abbiamo impiegato per ottenere la linea di Monocultivar 100% italiani e biologici del Frantoio del Poggiolo Monini.<\/p>\n\n\n\n<div style=\"height:24px\" aria-hidden=\"true\" class=\"wp-block-spacer\"><\/div>\n\n\n<figure class=\"wp-block-video\"><div class=\"monini_player\" data-plyr-provider=\"youtube\" data-plyr-embed-id=\"https:\/\/youtu.be\/a0VLsuNgY5E?si=-aPx48fgxWOMPv2L\"><\/div><\/figure><\/div><\/div>\n\n\n\n<div style=\"height:60px\" aria-hidden=\"true\" class=\"wp-block-spacer\"><\/div>\n\n\n\n<div class=\"wp-block-group is-style-spaced\"><div class=\"wp-block-group__inner-container\">\n<p>Anche nel 2021 Monini ha trionfato con i suoi oli Monocultivar nelle pi\u00f9 prestigiose competizioni internazionali. Numerosi i riconoscimenti durante il concorso Evooleum Evoo Awards 2021,&nbsp;<a href=\"https:\/\/www.monini.com\/it\/n\/evooleum_awards_2021\">vai alle nostre news per saperne di pi\u00f9<\/a>.<\/p>\n\n\n\n<p>Inoltre le Monocultivar sono state premiate con medaglie GOLD ed EXTRA GOLD anche al&nbsp;<a href=\"https:\/\/www.monini.com\/it\/n\/biol-2021\" target=\"_blank\" rel=\"noreferrer noopener\">prestigioso Premio Biol 2021<\/a>. Questi risultati ci hanno molto onorato perch\u00e9 testimoniano la capacit\u00e0 di Monini di produrre oli eccellenti di alta qualit\u00e0.<\/p>\n<\/div><\/div>\n","protected":false},"excerpt":{"rendered":"<p>Dal colore verde intenso, con riflessi dorati, quest\u2019olio rivela il suo valore non appena lo si assaggia. Percepirai intensi aromi vegetali di carciofo e di cardo, insieme a note di mandorla verde. Un retrogusto dalla chiara pungenza finale, arriver\u00e0 a completare il suo sapore raffinato e armonico.<\/p>\n","protected":false},"author":1,"featured_media":2441,"menu_order":7,"template":"","meta":{"_acf_changed":false,"footnotes":""},"tags":[],"cat_product":[4],"class_list":["post-2322","product","type-product","status-publish","has-post-thumbnail","hentry","cat_product-olio-extra-vergine-di-oliva"],"yoast_head":"<!-- This site is optimized with the Yoast SEO plugin v25.8 - https:\/\/yoast.com\/wordpress\/plugins\/seo\/ -->\n<title>Monocultivar Frantoio - Monini<\/title>\n<meta name=\"robots\" content=\"noindex, follow, max-snippet:-1, max-image-preview:large, max-video-preview:-1\" \/>\n<meta property=\"og:locale\" content=\"it_IT\" \/>\n<meta property=\"og:type\" content=\"article\" \/>\n<meta property=\"og:title\" content=\"Monocultivar Frantoio - Monini\" \/>\n<meta property=\"og:description\" content=\"Dal colore verde intenso, con riflessi dorati, quest\u2019olio rivela il suo valore non appena lo si assaggia. Percepirai intensi aromi vegetali di carciofo e di cardo, insieme a note di mandorla verde. Un retrogusto dalla chiara pungenza finale, arriver\u00e0 a completare il suo sapore raffinato e armonico.\" \/>\n<meta property=\"og:url\" content=\"https:\/\/shumans-monini-stage.ccws.it\/it\/prodotto\/monocultivar-frantoio\/\" \/>\n<meta property=\"og:site_name\" content=\"Monini\" \/>\n<meta property=\"article:publisher\" content=\"https:\/\/www.facebook.com\/MoniniOlio\/\" \/>\n<meta property=\"article:modified_time\" content=\"2026-01-22T11:44:41+00:00\" \/>\n<meta property=\"og:image\" content=\"https:\/\/shumans-monini-stage.ccws.it\/wp-content\/uploads\/2025\/06\/MONOCULTIVAR-FRANTOIO-2025-mockup-1.png\" \/>\n\t<meta property=\"og:image:width\" content=\"1024\" \/>\n\t<meta property=\"og:image:height\" content=\"1280\" \/>\n\t<meta property=\"og:image:type\" content=\"image\/png\" \/>\n<meta name=\"twitter:card\" content=\"summary_large_image\" \/>\n<meta name=\"twitter:label1\" content=\"Tempo di lettura stimato\" \/>\n\t<meta name=\"twitter:data1\" content=\"3 minuto\" \/>\n<script type=\"application\/ld+json\" class=\"yoast-schema-graph\">{\"@context\":\"https:\/\/schema.org\",\"@graph\":[{\"@type\":\"WebPage\",\"@id\":\"https:\/\/shumans-monini-stage.ccws.it\/it\/prodotto\/monocultivar-frantoio\/\",\"url\":\"https:\/\/shumans-monini-stage.ccws.it\/it\/prodotto\/monocultivar-frantoio\/\",\"name\":\"Monocultivar Frantoio - Monini\",\"isPartOf\":{\"@id\":\"https:\/\/shumans-monini-stage.ccws.it\/it\/#website\"},\"primaryImageOfPage\":{\"@id\":\"https:\/\/shumans-monini-stage.ccws.it\/it\/prodotto\/monocultivar-frantoio\/#primaryimage\"},\"image\":{\"@id\":\"https:\/\/shumans-monini-stage.ccws.it\/it\/prodotto\/monocultivar-frantoio\/#primaryimage\"},\"thumbnailUrl\":\"https:\/\/shumans-monini-stage.ccws.it\/wp-content\/uploads\/2025\/06\/MONOCULTIVAR-FRANTOIO-2025-mockup-1.png\",\"datePublished\":\"2025-06-25T09:22:25+00:00\",\"dateModified\":\"2026-01-22T11:44:41+00:00\",\"breadcrumb\":{\"@id\":\"https:\/\/shumans-monini-stage.ccws.it\/it\/prodotto\/monocultivar-frantoio\/#breadcrumb\"},\"inLanguage\":\"it-IT\",\"potentialAction\":[{\"@type\":\"ReadAction\",\"target\":[\"https:\/\/shumans-monini-stage.ccws.it\/it\/prodotto\/monocultivar-frantoio\/\"]}]},{\"@type\":\"ImageObject\",\"inLanguage\":\"it-IT\",\"@id\":\"https:\/\/shumans-monini-stage.ccws.it\/it\/prodotto\/monocultivar-frantoio\/#primaryimage\",\"url\":\"https:\/\/shumans-monini-stage.ccws.it\/wp-content\/uploads\/2025\/06\/MONOCULTIVAR-FRANTOIO-2025-mockup-1.png\",\"contentUrl\":\"https:\/\/shumans-monini-stage.ccws.it\/wp-content\/uploads\/2025\/06\/MONOCULTIVAR-FRANTOIO-2025-mockup-1.png\",\"width\":1024,\"height\":1280},{\"@type\":\"BreadcrumbList\",\"@id\":\"https:\/\/shumans-monini-stage.ccws.it\/it\/prodotto\/monocultivar-frantoio\/#breadcrumb\",\"itemListElement\":[{\"@type\":\"ListItem\",\"position\":1,\"name\":\"Home\",\"item\":\"https:\/\/shumans-monini-stage.ccws.it\/it\/\"},{\"@type\":\"ListItem\",\"position\":2,\"name\":\"Prodotti\",\"item\":\"https:\/\/shumans-monini-stage.ccws.it\/it\/prodotto\/\"},{\"@type\":\"ListItem\",\"position\":3,\"name\":\"Monocultivar Frantoio\"}]},{\"@type\":\"WebSite\",\"@id\":\"https:\/\/shumans-monini-stage.ccws.it\/it\/#website\",\"url\":\"https:\/\/shumans-monini-stage.ccws.it\/it\/\",\"name\":\"Monini\",\"description\":\"Una spremuta di olive\",\"potentialAction\":[{\"@type\":\"SearchAction\",\"target\":{\"@type\":\"EntryPoint\",\"urlTemplate\":\"https:\/\/shumans-monini-stage.ccws.it\/it\/?s={search_term_string}\"},\"query-input\":{\"@type\":\"PropertyValueSpecification\",\"valueRequired\":true,\"valueName\":\"search_term_string\"}}],\"inLanguage\":\"it-IT\"}]}<\/script>\n<!-- \/ Yoast SEO plugin. -->","yoast_head_json":{"title":"Monocultivar Frantoio - Monini","robots":{"index":"noindex","follow":"follow","max-snippet":"max-snippet:-1","max-image-preview":"max-image-preview:large","max-video-preview":"max-video-preview:-1"},"og_locale":"it_IT","og_type":"article","og_title":"Monocultivar Frantoio - Monini","og_description":"Dal colore verde intenso, con riflessi dorati, quest\u2019olio rivela il suo valore non appena lo si assaggia. Percepirai intensi aromi vegetali di carciofo e di cardo, insieme a note di mandorla verde. Un retrogusto dalla chiara pungenza finale, arriver\u00e0 a completare il suo sapore raffinato e armonico.","og_url":"https:\/\/shumans-monini-stage.ccws.it\/it\/prodotto\/monocultivar-frantoio\/","og_site_name":"Monini","article_publisher":"https:\/\/www.facebook.com\/MoniniOlio\/","article_modified_time":"2026-01-22T11:44:41+00:00","og_image":[{"width":1024,"height":1280,"url":"https:\/\/shumans-monini-stage.ccws.it\/wp-content\/uploads\/2025\/06\/MONOCULTIVAR-FRANTOIO-2025-mockup-1.png","type":"image\/png"}],"twitter_card":"summary_large_image","twitter_misc":{"Tempo di lettura stimato":"3 minuto"},"schema":{"@context":"https:\/\/schema.org","@graph":[{"@type":"WebPage","@id":"https:\/\/shumans-monini-stage.ccws.it\/it\/prodotto\/monocultivar-frantoio\/","url":"https:\/\/shumans-monini-stage.ccws.it\/it\/prodotto\/monocultivar-frantoio\/","name":"Monocultivar Frantoio - Monini","isPartOf":{"@id":"https:\/\/shumans-monini-stage.ccws.it\/it\/#website"},"primaryImageOfPage":{"@id":"https:\/\/shumans-monini-stage.ccws.it\/it\/prodotto\/monocultivar-frantoio\/#primaryimage"},"image":{"@id":"https:\/\/shumans-monini-stage.ccws.it\/it\/prodotto\/monocultivar-frantoio\/#primaryimage"},"thumbnailUrl":"https:\/\/shumans-monini-stage.ccws.it\/wp-content\/uploads\/2025\/06\/MONOCULTIVAR-FRANTOIO-2025-mockup-1.png","datePublished":"2025-06-25T09:22:25+00:00","dateModified":"2026-01-22T11:44:41+00:00","breadcrumb":{"@id":"https:\/\/shumans-monini-stage.ccws.it\/it\/prodotto\/monocultivar-frantoio\/#breadcrumb"},"inLanguage":"it-IT","potentialAction":[{"@type":"ReadAction","target":["https:\/\/shumans-monini-stage.ccws.it\/it\/prodotto\/monocultivar-frantoio\/"]}]},{"@type":"ImageObject","inLanguage":"it-IT","@id":"https:\/\/shumans-monini-stage.ccws.it\/it\/prodotto\/monocultivar-frantoio\/#primaryimage","url":"https:\/\/shumans-monini-stage.ccws.it\/wp-content\/uploads\/2025\/06\/MONOCULTIVAR-FRANTOIO-2025-mockup-1.png","contentUrl":"https:\/\/shumans-monini-stage.ccws.it\/wp-content\/uploads\/2025\/06\/MONOCULTIVAR-FRANTOIO-2025-mockup-1.png","width":1024,"height":1280},{"@type":"BreadcrumbList","@id":"https:\/\/shumans-monini-stage.ccws.it\/it\/prodotto\/monocultivar-frantoio\/#breadcrumb","itemListElement":[{"@type":"ListItem","position":1,"name":"Home","item":"https:\/\/shumans-monini-stage.ccws.it\/it\/"},{"@type":"ListItem","position":2,"name":"Prodotti","item":"https:\/\/shumans-monini-stage.ccws.it\/it\/prodotto\/"},{"@type":"ListItem","position":3,"name":"Monocultivar Frantoio"}]},{"@type":"WebSite","@id":"https:\/\/shumans-monini-stage.ccws.it\/it\/#website","url":"https:\/\/shumans-monini-stage.ccws.it\/it\/","name":"Monini","description":"Una spremuta di olive","potentialAction":[{"@type":"SearchAction","target":{"@type":"EntryPoint","urlTemplate":"https:\/\/shumans-monini-stage.ccws.it\/it\/?s={search_term_string}"},"query-input":{"@type":"PropertyValueSpecification","valueRequired":true,"valueName":"search_term_string"}}],"inLanguage":"it-IT"}]}},"acf":[],"_links":{"self":[{"href":"https:\/\/shumans-monini-stage.ccws.it\/it\/wp-json\/wp\/v2\/product\/2322","targetHints":{"allow":["GET"]}}],"collection":[{"href":"https:\/\/shumans-monini-stage.ccws.it\/it\/wp-json\/wp\/v2\/product"}],"about":[{"href":"https:\/\/shumans-monini-stage.ccws.it\/it\/wp-json\/wp\/v2\/types\/product"}],"author":[{"embeddable":true,"href":"https:\/\/shumans-monini-stage.ccws.it\/it\/wp-json\/wp\/v2\/users\/1"}],"version-history":[{"count":24,"href":"https:\/\/shumans-monini-stage.ccws.it\/it\/wp-json\/wp\/v2\/product\/2322\/revisions"}],"predecessor-version":[{"id":39345,"href":"https:\/\/shumans-monini-stage.ccws.it\/it\/wp-json\/wp\/v2\/product\/2322\/revisions\/39345"}],"wp:featuredmedia":[{"embeddable":true,"href":"https:\/\/shumans-monini-stage.ccws.it\/it\/wp-json\/wp\/v2\/media\/2441"}],"wp:attachment":[{"href":"https:\/\/shumans-monini-stage.ccws.it\/it\/wp-json\/wp\/v2\/media?parent=2322"}],"wp:term":[{"taxonomy":"post_tag","embeddable":true,"href":"https:\/\/shumans-monini-stage.ccws.it\/it\/wp-json\/wp\/v2\/tags?post=2322"},{"taxonomy":"cat_product","embeddable":true,"href":"https:\/\/shumans-monini-stage.ccws.it\/it\/wp-json\/wp\/v2\/cat_product?post=2322"}],"curies":[{"name":"wp","href":"https:\/\/api.w.org\/{rel}","templated":true}]}}