{"id":44,"date":"2025-06-05T09:25:43","date_gmt":"2025-06-05T07:25:43","guid":{"rendered":"https:\/\/shumans-monini-stage.ccws.it\/?post_type=product&#038;p=44"},"modified":"2025-09-22T11:16:20","modified_gmt":"2025-09-22T09:16:20","slug":"granfruttato","status":"publish","type":"product","link":"https:\/\/shumans-monini-stage.ccws.it\/it\/prodotto\/granfruttato\/","title":{"rendered":"GranFruttato"},"content":{"rendered":"\n<div class=\"wp-block-group is-style-spaced\"><div class=\"wp-block-group__inner-container\">\n<h6 class=\"wp-block-heading\">LA RICETTA PER UN GUSTO STRAORDINARIO<\/h6>\n\n\n\n<p>GranFruttato nasce dalla passione di Zefferino Monini e deve la sua fragranza inconfondibile al sapiente blend di oli selezionati tra i migliori uliveti italiani. Solo le olive colte in leggero anticipo, da cui si estrae una minore percentuale di olio ma ricchissima di antiossidanti e polifenoli, diventano GranFruttato, a cui conferiscono la tipica vivacit\u00e0 di profumo e fragranza.<\/p>\n\n\n\n<div style=\"height:0.25em\" aria-hidden=\"true\" class=\"wp-block-spacer\"><\/div>\n<\/div><\/div>\n\n\n    <section class=\"banner-link \">\n        <div class=\"banner-wrapper\">\n\t\t\t\t\t<div>\n\t\t\t\t\t    <h6 class=\"banner-category\">Guida alla degustazione<\/h6>\n              <h2 class=\"banner-title\">Riconoscere un buon olio<\/h2>\t\t\t\t\t\t\n\t\t\t\t\t<\/div>\n\t\t\t\t\t<div>\n\t\t\t\t\t\t<a href=\"https:\/\/shumans-monini-stage.ccws.it\/it\/editorial\/riconoscere-un-buon-olio\/\" title=\"Scopri di pi\u00f9\" class=\"btn btn-primary\">\n\t\t\t\t\t\t\t<span>Scopri di pi\u00f9<\/span>\n\t\t\t\t\t\t<\/a>\n\t\t\t\t\t<\/div>\n        <\/div>\n    <\/section>\n\n\n\n<div style=\"height:0.25em\" aria-hidden=\"true\" class=\"wp-block-spacer\"><\/div>\n\n\n\n<div style=\"height:0.25em\" aria-hidden=\"true\" class=\"wp-block-spacer\"><\/div>\n\n\n\n<div class=\"wp-block-group is-style-spaced\"><div class=\"wp-block-group__inner-container\"><div class=\"wp-block-image\">\n<figure class=\"aligncenter size-large\"><img loading=\"lazy\" decoding=\"async\" width=\"1024\" height=\"732\" src=\"https:\/\/shumans-monini-stage.ccws.it\/wp-content\/uploads\/2025\/06\/product-gf-insight01_v2@2-1024x732.jpg\" alt=\"\" class=\"wp-image-1260\" srcset=\"https:\/\/shumans-monini-stage.ccws.it\/wp-content\/uploads\/2025\/06\/product-gf-insight01_v2@2-1024x732.jpg 1024w, https:\/\/shumans-monini-stage.ccws.it\/wp-content\/uploads\/2025\/06\/product-gf-insight01_v2@2-700x501.jpg 700w, https:\/\/shumans-monini-stage.ccws.it\/wp-content\/uploads\/2025\/06\/product-gf-insight01_v2@2-768x549.jpg 768w, https:\/\/shumans-monini-stage.ccws.it\/wp-content\/uploads\/2025\/06\/product-gf-insight01_v2@2.jpg 1138w\" sizes=\"auto, (max-width: 1024px) 100vw, 1024px\" \/><\/figure>\n<\/div>\n\n\n<div style=\"height:0.5em\" aria-hidden=\"true\" class=\"wp-block-spacer\"><\/div>\n\n\n\n<h6 class=\"wp-block-heading\">La tracciabilit\u00e0<\/h6>\n\n\n\n<p>Il vero valore \u00e8 conoscere le origini.<\/p>\n\n\n\n<p>Abbiamo introdotto la tracciabilit\u00e0 dei nostri Oli Extra Vergine di oliva 100% italiani. Tecnologia e geo-localizzazione consentono di farvi conoscere l\u2019intero percorso di ciascun prodotto della Linea.<\/p>\n\n\n\n<p>Inserendo il numero di lotto potete conoscere la provenienza delle materie prime utilizzata per dare vita all\u2019olio Extra Vergine contenuto nella bottiglia. Una vera e propria dichiarazione di identit\u00e0, di origine e di processo.<\/p>\n\n\n\n<div style=\"height:0.25em\" aria-hidden=\"true\" class=\"wp-block-spacer\"><\/div>\n<\/div><\/div>\n\n\n\n<section class=\"slider-step \">\n\t<div class=\"container-wrapper\">\n\t\t<div class=\"swiper swiperStep swiperSlides\">\n\t\t\t<div class=\"swiper-wrapper\">\n\t\t\t\t\t\n\n<figure class=\"wp-block-image size-full\"><img loading=\"lazy\" decoding=\"async\" width=\"1024\" height=\"1024\" src=\"https:\/\/shumans-monini-stage.ccws.it\/wp-content\/uploads\/2025\/06\/bureau.png\" alt=\"\" class=\"wp-image-1614\" srcset=\"https:\/\/shumans-monini-stage.ccws.it\/wp-content\/uploads\/2025\/06\/bureau.png 1024w, https:\/\/shumans-monini-stage.ccws.it\/wp-content\/uploads\/2025\/06\/bureau-700x700.png 700w, https:\/\/shumans-monini-stage.ccws.it\/wp-content\/uploads\/2025\/06\/bureau-768x768.png 768w, https:\/\/shumans-monini-stage.ccws.it\/wp-content\/uploads\/2025\/06\/bureau-125x125.png 125w\" sizes=\"auto, (max-width: 1024px) 100vw, 1024px\" \/><\/figure>\n\n\n\n<div class=\"card-slider-step\">\n\t<div class=\"card-body\">\n\t\t\n\n<p>Bureau Veritas \u00e8 leader a livello mondiale nei servizi di ispezione, verifica di conformit\u00e0 e certificazione.<\/p>\n\n\n\n<p>Dal 1828 Bureau Veritas supporta i clienti nel raggiungimento dell\u2019obiettivo del miglioramento delle performance attraverso servizi e soluzioni innovative, finalizzate ad attestare che i loro prodotti, strutture e processi rispondono a standard e regolamenti in ambito qualit\u00e0, salute e sicurezza, ambiente e responsabilit\u00e0 sociale (QHSE-SA). Una ricca gamma di servizi che vanno al di l\u00e0 della semplice verifica di conformit\u00e0 normativa per consentire il raggiungimento degli obiettivi della riduzione del rischio, del miglioramento delle performance e della promozione dello sviluppo sostenibile.<\/p>\n\n\n\n<p>www.bureauveritas.it<\/p>\n\n\n\t<\/div>\n<\/div>\n\n\n\t\t\t<\/div>\n\t\t\t<div class=\"swiper-buttons\">\n\t\t\t\t<div class=\"swiper-button swiper-gallery-prev\">\n\t\t\t\t\t<svg class=\"icon\" style=\"rotate: 180deg\"><use xlink:href=\"https:\/\/shumans-monini-stage.ccws.it\/wp-content\/themes\/monini\/assets\/dist\/svg\/sprite-default.svg#icon-arrow\"><\/use><\/svg>\n\t\t\t\t<\/div>\n\t\t\t\t<div class=\"swiper-button swiper-gallery-next\">\n\t\t\t\t\t<svg class=\"icon\"><use xlink:href=\"https:\/\/shumans-monini-stage.ccws.it\/wp-content\/themes\/monini\/assets\/dist\/svg\/sprite-default.svg#icon-arrow\"><\/use><\/svg>\n\t\t\t\t<\/div>\n\t\t\t<\/div>\n\t\t<\/div>\n\t<\/div>\n<\/section>\n\n\n\n<section class=\"slider-step \">\n\t<div class=\"container-wrapper\">\n\t\t<div class=\"swiper swiperStep swiperSlides\">\n\t\t\t<div class=\"swiper-wrapper\">\n\t\t\t\t\t\n\n<figure class=\"wp-block-image size-full\"><img loading=\"lazy\" decoding=\"async\" width=\"1024\" height=\"1024\" src=\"https:\/\/shumans-monini-stage.ccws.it\/wp-content\/uploads\/2025\/06\/bollino_CEQ.png\" alt=\"\" class=\"wp-image-1613\" srcset=\"https:\/\/shumans-monini-stage.ccws.it\/wp-content\/uploads\/2025\/06\/bollino_CEQ.png 1024w, https:\/\/shumans-monini-stage.ccws.it\/wp-content\/uploads\/2025\/06\/bollino_CEQ-700x700.png 700w, https:\/\/shumans-monini-stage.ccws.it\/wp-content\/uploads\/2025\/06\/bollino_CEQ-768x768.png 768w, https:\/\/shumans-monini-stage.ccws.it\/wp-content\/uploads\/2025\/06\/bollino_CEQ-125x125.png 125w\" sizes=\"auto, (max-width: 1024px) 100vw, 1024px\" \/><\/figure>\n\n\n\n<div class=\"card-slider-step\">\n\t<div class=\"card-body\">\n\t\t\n\n<p>Il Consorzio promuove una \u201cqualit\u00e0 di filiera\u201d, che nasce dall\u2019integrazione delle professionalit\u00e0 di tutti coloro che operano nelle diverse fasi del processo produttivo, poich\u00e9 la qualit\u00e0 va garantita dalla stretta collaborazione tra produttori, confezionatori e distributori.<br>Il Consorzio si adopera per stimolare la ricerca, acquisire le conoscenze e renderle disponibili a tutti gli operatori della filiera, nella convinzione che ci\u00f2 contribuisca a mantenere l\u2019elevata qualit\u00e0 del prodotto e a migliorarla ulteriormente. Un prodotto di qualit\u00e0 infatti, va seguito con cura in ogni fase produttiva, conservato in condizioni ottimali e scelto con attenzione.<\/p>\n\n\n\n<p>www.ceqitalia.com<\/p>\n\n\n\t<\/div>\n<\/div>\n\n\n\t\t\t<\/div>\n\t\t\t<div class=\"swiper-buttons\">\n\t\t\t\t<div class=\"swiper-button swiper-gallery-prev\">\n\t\t\t\t\t<svg class=\"icon\" style=\"rotate: 180deg\"><use xlink:href=\"https:\/\/shumans-monini-stage.ccws.it\/wp-content\/themes\/monini\/assets\/dist\/svg\/sprite-default.svg#icon-arrow\"><\/use><\/svg>\n\t\t\t\t<\/div>\n\t\t\t\t<div class=\"swiper-button swiper-gallery-next\">\n\t\t\t\t\t<svg class=\"icon\"><use xlink:href=\"https:\/\/shumans-monini-stage.ccws.it\/wp-content\/themes\/monini\/assets\/dist\/svg\/sprite-default.svg#icon-arrow\"><\/use><\/svg>\n\t\t\t\t<\/div>\n\t\t\t<\/div>\n\t\t<\/div>\n\t<\/div>\n<\/section>\n","protected":false},"excerpt":{"rendered":"<p>\u00c8 il prodotto in cui l\u2019arte olearia Monini trova la sua massima espressione. Per produrre quest\u2019olio extravergine 100% Italiano, Zefferino Monini seleziona solo oli prodotti con olive raccolte e frante in Italia in lieve anticipo di maturazione che gli conferiscono eleganza e complessit\u00e0.<\/p>\n","protected":false},"author":1,"featured_media":1208,"menu_order":1,"template":"","meta":{"_acf_changed":false,"footnotes":""},"tags":[],"cat_product":[4],"class_list":["post-44","product","type-product","status-publish","has-post-thumbnail","hentry","cat_product-olio-extra-vergine-di-oliva"],"yoast_head":"<!-- This site is optimized with the Yoast SEO plugin v25.8 - https:\/\/yoast.com\/wordpress\/plugins\/seo\/ -->\n<title>GranFruttato - Monini<\/title>\n<meta name=\"robots\" content=\"noindex, follow, max-snippet:-1, max-image-preview:large, max-video-preview:-1\" \/>\n<meta property=\"og:locale\" content=\"it_IT\" \/>\n<meta property=\"og:type\" content=\"article\" \/>\n<meta property=\"og:title\" content=\"GranFruttato - Monini\" \/>\n<meta property=\"og:description\" content=\"\u00c8 il prodotto in cui l\u2019arte olearia Monini trova la sua massima espressione. Per produrre quest\u2019olio extravergine 100% Italiano, Zefferino Monini seleziona solo oli prodotti con olive raccolte e frante in Italia in lieve anticipo di maturazione che gli conferiscono eleganza e complessit\u00e0.\" \/>\n<meta property=\"og:url\" content=\"https:\/\/shumans-monini-stage.ccws.it\/it\/prodotto\/granfruttato\/\" \/>\n<meta property=\"og:site_name\" content=\"Monini\" \/>\n<meta property=\"article:publisher\" content=\"https:\/\/www.facebook.com\/MoniniOlio\/\" \/>\n<meta property=\"article:modified_time\" content=\"2025-09-22T09:16:20+00:00\" \/>\n<meta property=\"og:image\" content=\"https:\/\/shumans-monini-stage.ccws.it\/wp-content\/uploads\/2025\/06\/granfruttato-3.png\" \/>\n\t<meta property=\"og:image:width\" content=\"1024\" \/>\n\t<meta property=\"og:image:height\" content=\"1280\" \/>\n\t<meta property=\"og:image:type\" content=\"image\/png\" \/>\n<meta name=\"twitter:card\" content=\"summary_large_image\" \/>\n<meta name=\"twitter:label1\" content=\"Tempo di lettura stimato\" \/>\n\t<meta name=\"twitter:data1\" content=\"3 minuto\" \/>\n<script type=\"application\/ld+json\" class=\"yoast-schema-graph\">{\"@context\":\"https:\/\/schema.org\",\"@graph\":[{\"@type\":\"WebPage\",\"@id\":\"https:\/\/shumans-monini-stage.ccws.it\/it\/prodotto\/granfruttato\/\",\"url\":\"https:\/\/shumans-monini-stage.ccws.it\/it\/prodotto\/granfruttato\/\",\"name\":\"GranFruttato - Monini\",\"isPartOf\":{\"@id\":\"https:\/\/shumans-monini-stage.ccws.it\/it\/#website\"},\"primaryImageOfPage\":{\"@id\":\"https:\/\/shumans-monini-stage.ccws.it\/it\/prodotto\/granfruttato\/#primaryimage\"},\"image\":{\"@id\":\"https:\/\/shumans-monini-stage.ccws.it\/it\/prodotto\/granfruttato\/#primaryimage\"},\"thumbnailUrl\":\"https:\/\/shumans-monini-stage.ccws.it\/wp-content\/uploads\/2025\/06\/granfruttato-3.png\",\"datePublished\":\"2025-06-05T07:25:43+00:00\",\"dateModified\":\"2025-09-22T09:16:20+00:00\",\"breadcrumb\":{\"@id\":\"https:\/\/shumans-monini-stage.ccws.it\/it\/prodotto\/granfruttato\/#breadcrumb\"},\"inLanguage\":\"it-IT\",\"potentialAction\":[{\"@type\":\"ReadAction\",\"target\":[\"https:\/\/shumans-monini-stage.ccws.it\/it\/prodotto\/granfruttato\/\"]}]},{\"@type\":\"ImageObject\",\"inLanguage\":\"it-IT\",\"@id\":\"https:\/\/shumans-monini-stage.ccws.it\/it\/prodotto\/granfruttato\/#primaryimage\",\"url\":\"https:\/\/shumans-monini-stage.ccws.it\/wp-content\/uploads\/2025\/06\/granfruttato-3.png\",\"contentUrl\":\"https:\/\/shumans-monini-stage.ccws.it\/wp-content\/uploads\/2025\/06\/granfruttato-3.png\",\"width\":1024,\"height\":1280},{\"@type\":\"BreadcrumbList\",\"@id\":\"https:\/\/shumans-monini-stage.ccws.it\/it\/prodotto\/granfruttato\/#breadcrumb\",\"itemListElement\":[{\"@type\":\"ListItem\",\"position\":1,\"name\":\"Home\",\"item\":\"https:\/\/shumans-monini-stage.ccws.it\/it\/\"},{\"@type\":\"ListItem\",\"position\":2,\"name\":\"Prodotti\",\"item\":\"https:\/\/shumans-monini-stage.ccws.it\/it\/prodotto\/\"},{\"@type\":\"ListItem\",\"position\":3,\"name\":\"GranFruttato\"}]},{\"@type\":\"WebSite\",\"@id\":\"https:\/\/shumans-monini-stage.ccws.it\/it\/#website\",\"url\":\"https:\/\/shumans-monini-stage.ccws.it\/it\/\",\"name\":\"Monini\",\"description\":\"Una spremuta di olive\",\"potentialAction\":[{\"@type\":\"SearchAction\",\"target\":{\"@type\":\"EntryPoint\",\"urlTemplate\":\"https:\/\/shumans-monini-stage.ccws.it\/it\/?s={search_term_string}\"},\"query-input\":{\"@type\":\"PropertyValueSpecification\",\"valueRequired\":true,\"valueName\":\"search_term_string\"}}],\"inLanguage\":\"it-IT\"}]}<\/script>\n<!-- \/ Yoast SEO plugin. -->","yoast_head_json":{"title":"GranFruttato - Monini","robots":{"index":"noindex","follow":"follow","max-snippet":"max-snippet:-1","max-image-preview":"max-image-preview:large","max-video-preview":"max-video-preview:-1"},"og_locale":"it_IT","og_type":"article","og_title":"GranFruttato - Monini","og_description":"\u00c8 il prodotto in cui l\u2019arte olearia Monini trova la sua massima espressione. Per produrre quest\u2019olio extravergine 100% Italiano, Zefferino Monini seleziona solo oli prodotti con olive raccolte e frante in Italia in lieve anticipo di maturazione che gli conferiscono eleganza e complessit\u00e0.","og_url":"https:\/\/shumans-monini-stage.ccws.it\/it\/prodotto\/granfruttato\/","og_site_name":"Monini","article_publisher":"https:\/\/www.facebook.com\/MoniniOlio\/","article_modified_time":"2025-09-22T09:16:20+00:00","og_image":[{"width":1024,"height":1280,"url":"https:\/\/shumans-monini-stage.ccws.it\/wp-content\/uploads\/2025\/06\/granfruttato-3.png","type":"image\/png"}],"twitter_card":"summary_large_image","twitter_misc":{"Tempo di lettura stimato":"3 minuto"},"schema":{"@context":"https:\/\/schema.org","@graph":[{"@type":"WebPage","@id":"https:\/\/shumans-monini-stage.ccws.it\/it\/prodotto\/granfruttato\/","url":"https:\/\/shumans-monini-stage.ccws.it\/it\/prodotto\/granfruttato\/","name":"GranFruttato - Monini","isPartOf":{"@id":"https:\/\/shumans-monini-stage.ccws.it\/it\/#website"},"primaryImageOfPage":{"@id":"https:\/\/shumans-monini-stage.ccws.it\/it\/prodotto\/granfruttato\/#primaryimage"},"image":{"@id":"https:\/\/shumans-monini-stage.ccws.it\/it\/prodotto\/granfruttato\/#primaryimage"},"thumbnailUrl":"https:\/\/shumans-monini-stage.ccws.it\/wp-content\/uploads\/2025\/06\/granfruttato-3.png","datePublished":"2025-06-05T07:25:43+00:00","dateModified":"2025-09-22T09:16:20+00:00","breadcrumb":{"@id":"https:\/\/shumans-monini-stage.ccws.it\/it\/prodotto\/granfruttato\/#breadcrumb"},"inLanguage":"it-IT","potentialAction":[{"@type":"ReadAction","target":["https:\/\/shumans-monini-stage.ccws.it\/it\/prodotto\/granfruttato\/"]}]},{"@type":"ImageObject","inLanguage":"it-IT","@id":"https:\/\/shumans-monini-stage.ccws.it\/it\/prodotto\/granfruttato\/#primaryimage","url":"https:\/\/shumans-monini-stage.ccws.it\/wp-content\/uploads\/2025\/06\/granfruttato-3.png","contentUrl":"https:\/\/shumans-monini-stage.ccws.it\/wp-content\/uploads\/2025\/06\/granfruttato-3.png","width":1024,"height":1280},{"@type":"BreadcrumbList","@id":"https:\/\/shumans-monini-stage.ccws.it\/it\/prodotto\/granfruttato\/#breadcrumb","itemListElement":[{"@type":"ListItem","position":1,"name":"Home","item":"https:\/\/shumans-monini-stage.ccws.it\/it\/"},{"@type":"ListItem","position":2,"name":"Prodotti","item":"https:\/\/shumans-monini-stage.ccws.it\/it\/prodotto\/"},{"@type":"ListItem","position":3,"name":"GranFruttato"}]},{"@type":"WebSite","@id":"https:\/\/shumans-monini-stage.ccws.it\/it\/#website","url":"https:\/\/shumans-monini-stage.ccws.it\/it\/","name":"Monini","description":"Una spremuta di olive","potentialAction":[{"@type":"SearchAction","target":{"@type":"EntryPoint","urlTemplate":"https:\/\/shumans-monini-stage.ccws.it\/it\/?s={search_term_string}"},"query-input":{"@type":"PropertyValueSpecification","valueRequired":true,"valueName":"search_term_string"}}],"inLanguage":"it-IT"}]}},"acf":[],"_links":{"self":[{"href":"https:\/\/shumans-monini-stage.ccws.it\/it\/wp-json\/wp\/v2\/product\/44","targetHints":{"allow":["GET"]}}],"collection":[{"href":"https:\/\/shumans-monini-stage.ccws.it\/it\/wp-json\/wp\/v2\/product"}],"about":[{"href":"https:\/\/shumans-monini-stage.ccws.it\/it\/wp-json\/wp\/v2\/types\/product"}],"author":[{"embeddable":true,"href":"https:\/\/shumans-monini-stage.ccws.it\/it\/wp-json\/wp\/v2\/users\/1"}],"version-history":[{"count":59,"href":"https:\/\/shumans-monini-stage.ccws.it\/it\/wp-json\/wp\/v2\/product\/44\/revisions"}],"predecessor-version":[{"id":38715,"href":"https:\/\/shumans-monini-stage.ccws.it\/it\/wp-json\/wp\/v2\/product\/44\/revisions\/38715"}],"wp:featuredmedia":[{"embeddable":true,"href":"https:\/\/shumans-monini-stage.ccws.it\/it\/wp-json\/wp\/v2\/media\/1208"}],"wp:attachment":[{"href":"https:\/\/shumans-monini-stage.ccws.it\/it\/wp-json\/wp\/v2\/media?parent=44"}],"wp:term":[{"taxonomy":"post_tag","embeddable":true,"href":"https:\/\/shumans-monini-stage.ccws.it\/it\/wp-json\/wp\/v2\/tags?post=44"},{"taxonomy":"cat_product","embeddable":true,"href":"https:\/\/shumans-monini-stage.ccws.it\/it\/wp-json\/wp\/v2\/cat_product?post=44"}],"curies":[{"name":"wp","href":"https:\/\/api.w.org\/{rel}","templated":true}]}}