{"id":12061,"date":"2025-06-10T16:18:56","date_gmt":"2025-06-10T14:18:56","guid":{"rendered":"https:\/\/shumans-monini-stage.ccws.it\/?page_id=12061"},"modified":"2025-07-01T12:05:49","modified_gmt":"2025-07-01T10:05:49","slug":"w-trosce-o-przyszlosc","status":"publish","type":"page","link":"https:\/\/shumans-monini-stage.ccws.it\/pl\/w-trosce-o-przyszlosc\/","title":{"rendered":"W Trosce O Przysz\u0142o\u015b\u0107"},"content":{"rendered":"\n<div class=\"wp-block-group is-style-spaced\"><div class=\"wp-block-group__inner-container\"><figure class=\"wp-block-video\"><div class=\"monini_player\" data-plyr-provider=\"youtube\" data-plyr-embed-id=\"https:\/\/www.youtube.com\/watch?v=pIs3p-BJXZc&#038;list=TLGGi4t8eFAdmwYwMTA3MjAyNQ\"><\/div><\/figure>\n\n\n<div style=\"height:50px\" aria-hidden=\"true\" class=\"wp-block-spacer\"><\/div>\n\n\n\n<h2 class=\"wp-block-heading has-text-align-center\">DROGA DO ZR\u00d3WNOWA\u017bONEGO ROZWOJU<\/h2>\n\n\n\n<p class=\"has-text-align-left\">Bran\u017ca spo\u017cywcza staje dzisiaj wobec wyzwa\u0144 coraz bardziej z\u0142o\u017conych i wieloaspektowych.&nbsp;<strong>Zr\u00f3wnowa\u017cony rozw\u00f3j<\/strong>&nbsp;dotyczy nie tylko wymiaru \u015brodowiska naturalnego, ale niesie ze sob\u0105 bardzo istotne konsekwencje spo\u0142eczno-gospodarcze, tak od strony produkcji jak i konsumpcji. Niezdrowy styl \u017cycia i mniejsze gwarancje bezpiecze\u0144stwa \u017cywno\u015bci zagra\u017caj\u0105 zdrowiu i dobru cz\u0142owieka i ca\u0142ych spo\u0142ecze\u0144stw.<\/p>\n\n\n\n<p class=\"has-text-align-left\"><strong>Przywi\u0105zanie do wysokiej jako\u015bci i szczeg\u00f3lna uwaga po\u015bwi\u0119cona tematom ochrony i dba\u0142o\u015bci o nasze terytorium<\/strong>&nbsp;od zawsze nadaj\u0105 kierunek naszej dzia\u0142alno\u015bci \u2013 jeste\u015bmy bowiem firma rodzinn\u0105, z naturalnym powo\u0142aniem do zr\u00f3wnowa\u017conego rozwoju.<\/p>\n\n\n\n<p class=\"has-text-align-left\">Do\u015bwiadczenie zgromadzone przez sto lat naszej historii staje si\u0119 dzisiaj podstawowym narz\u0119dziem, aby w spos\u00f3b strategiczny odpowiedzie\u0107 na te wyzwania, stawiaj\u0105c czo\u0142a skutkom kryzysu klimatycznego,&nbsp;<strong>kontynuuj\u0105c doskona\u0142e osi\u0105gni\u0119cia w\u0142oskiej produkcji i chroni\u0105c spo\u0142eczne aspekty naszej bran\u017cy.<\/strong><br>Wybory, jakich dokonywali\u015bmy przez te wszystkie lata, pozwoli\u0142y nam okre\u015bli\u0107 nowe \u015bcie\u017cki rozwoju, kt\u00f3re zapewni\u0105 wi\u0119ksz\u0105 odporno\u015b\u0107 na zmiany w bran\u017cy rolnej poprzez wykorzystanie nowych technologii i w konsekwencji&nbsp;<strong>zmniejszenie negatywnego wp\u0142ywu na \u015brodowisko.<\/strong><\/p>\n\n\n\n<div style=\"height:50px\" aria-hidden=\"true\" class=\"wp-block-spacer\"><\/div>\n\n\n\n<hr class=\"wp-block-separator has-alpha-channel-opacity\"\/>\n\n\n\n<h6 class=\"wp-block-heading has-text-align-center\">Plan dzia\u0142a\u0144 do 2030 roku wpisuje si\u0119 w t\u0119 drog\u0119, osadzaj\u0105c w przysz\u0142o\u015bci nasze zaanga\u017cowanie na rzecz zr\u00f3wnowa\u017conego rozwoju.<\/h6>\n\n\n\n<hr class=\"wp-block-separator has-alpha-channel-opacity\"\/>\n\n\n\n<div style=\"height:50px\" aria-hidden=\"true\" class=\"wp-block-spacer\"><\/div>\n\n\n\n<h2 class=\"wp-block-heading has-text-align-center\">CELE PROJEKTU<\/h2>\n\n\n\n<div style=\"height:30px\" aria-hidden=\"true\" class=\"wp-block-spacer\"><\/div>\n\n\n\n<div class=\"wp-block-media-text is-stacked-on-mobile\"><figure class=\"wp-block-media-text__media\"><img loading=\"lazy\" decoding=\"async\" width=\"742\" height=\"730\" src=\"https:\/\/shumans-monini-stage.ccws.it\/wp-content\/uploads\/2025\/06\/mfm_zm_742x730-1.jpg\" alt=\"\" class=\"wp-image-8599 size-full\" srcset=\"https:\/\/shumans-monini-stage.ccws.it\/wp-content\/uploads\/2025\/06\/mfm_zm_742x730-1.jpg 742w, https:\/\/shumans-monini-stage.ccws.it\/wp-content\/uploads\/2025\/06\/mfm_zm_742x730-1-700x689.jpg 700w\" sizes=\"auto, (max-width: 742px) 100vw, 742px\" \/><\/figure><div class=\"wp-block-media-text__content\">\n<p>Nasz\u00a0<strong>pierwszy Plan Zr\u00f3wnowa\u017conego Rozwoju<\/strong>\u00a0zrodzi\u0142 si\u0119 z ch\u0119ci stworzenia narz\u0119dzia do przyst\u0119pnego przekazania wszystkim naszym partnerom informacji o strategii dzia\u0142a\u0144, jakie zamierzamy wdro\u017cy\u0107 dla dobra tego pokolenia i kolejnych. Do\u00a0<strong>przygotowania planu strategicznego o d\u0142ugofalowej perspektywie<\/strong>\u00a0potrzeba przede wszystkim wyobra\u017ani \u2013 musimy bowiem przewidzie\u0107 przysz\u0142e scenariusze. Podstawowym zadaniem by\u0142o tutaj zrozumienie g\u0142\u00f3wnych trend\u00f3w demograficznych, gospodarczych, klimatycznych i \u015brodowiskowych w skali globalnej, a nast\u0119pnie wyodr\u0119bnienie temat\u00f3w, na kt\u00f3rych si\u0119 skupimy, i odpowiadaj\u0105cych im stref oddzia\u0142ywania.<\/p>\n<\/div><\/div>\n\n\n\n<div class=\"wp-block-media-text has-media-on-the-right is-stacked-on-mobile\"><div class=\"wp-block-media-text__content\">\n<p>Naszym celem by\u0142o okre\u015blenie kierunk\u00f3w dzia\u0142ania tak, aby sprosta\u0107 aktualnym wyzwaniom i przewidzie\u0107 przysz\u0142e potrzeby, uczestnicz\u0105c w rozwoju naszej bran\u017cy i teren\u00f3w na kt\u00f3rych jeste\u015bmy obecni.\u00a0<strong>Analiza najlepszych praktyk w sektorze olejarskim i spo\u017cywczym<\/strong>\u00a0pozwoli\u0142a nam wdro\u017cy\u0107 rozwi\u0105zania w zakresie zr\u00f3wnowa\u017conego rozwoju zainspirowane najlepszymi przyk\u0142adami mi\u0119dzynarodowymi.<br>Pragnienie stworzenia wsp\u00f3lnej warto\u015bci jest zasadnicz\u0105 nici\u0105 \u0142\u0105cz\u0105c\u0105 nasze liczne ambicje: generowana warto\u015b\u0107 finansowa musi przynosi\u0107 korzy\u015bci nie tylko firmie, ale r\u00f3wnie\u017c innym zainteresowanym stronom oraz terenom, na kt\u00f3rych dzia\u0142alno\u015b\u0107 jest prowadzona.<br>Cele i dzia\u0142ania okre\u015blone w Planie s\u0105 owocem wsp\u00f3\u0142pracy kadry mened\u017cerskiej z wszystkich dzia\u0142\u00f3w naszej firmy. W tworzenie Planu zaanga\u017cowali si\u0119 nasi kluczowi partnerzy, kt\u00f3rzy w bardzo konkretny spos\u00f3b przyczynili si\u0119 do zdefiniowania Horyzontu 2030 w zakresie takich temat\u00f3w jak ochrona \u015brodowiska, zdrowa \u017cywno\u015b\u0107, zdrowie i edukacja \u017cywieniowa.<\/p>\n<\/div><figure class=\"wp-block-media-text__media\"><img loading=\"lazy\" decoding=\"async\" width=\"740\" height=\"987\" src=\"https:\/\/shumans-monini-stage.ccws.it\/wp-content\/uploads\/2025\/06\/oliva_740x1128-edited.jpg\" alt=\"\" class=\"wp-image-8629 size-full\" srcset=\"https:\/\/shumans-monini-stage.ccws.it\/wp-content\/uploads\/2025\/06\/oliva_740x1128-edited.jpg 740w, https:\/\/shumans-monini-stage.ccws.it\/wp-content\/uploads\/2025\/06\/oliva_740x1128-edited-525x700.jpg 525w\" sizes=\"auto, (max-width: 740px) 100vw, 740px\" \/><\/figure><\/div>\n<\/div><\/div>\n\n\n\n<div style=\"height:0.5em\" aria-hidden=\"true\" class=\"wp-block-spacer\"><\/div>\n\n\n\n\n\n<div style=\"height:0.7em\" aria-hidden=\"true\" class=\"wp-block-spacer\"><\/div>\n\n\n\n<div class=\"wp-block-columns are-vertically-aligned-center is-style-spaced is-style-banner\">\n<div class=\"wp-block-column is-vertically-aligned-center\">\n<figure class=\"wp-block-image size-full\"><img loading=\"lazy\" decoding=\"async\" width=\"1500\" height=\"852\" src=\"https:\/\/shumans-monini-stage.ccws.it\/wp-content\/uploads\/2025\/06\/6.1.jpg\" alt=\"\" class=\"wp-image-4919\" srcset=\"https:\/\/shumans-monini-stage.ccws.it\/wp-content\/uploads\/2025\/06\/6.1.jpg 1500w, https:\/\/shumans-monini-stage.ccws.it\/wp-content\/uploads\/2025\/06\/6.1-700x398.jpg 700w, https:\/\/shumans-monini-stage.ccws.it\/wp-content\/uploads\/2025\/06\/6.1-1024x582.jpg 1024w, https:\/\/shumans-monini-stage.ccws.it\/wp-content\/uploads\/2025\/06\/6.1-768x436.jpg 768w\" sizes=\"auto, (max-width: 1500px) 100vw, 1500px\" \/><\/figure>\n<\/div>\n\n\n\n<div class=\"wp-block-column is-vertically-aligned-center\">\n<h6 class=\"wp-block-heading\">Nasza rodzina<\/h6>\n\n\n\n<h2 class=\"wp-block-heading\">Nasi Ludzie<\/h2>\n\n\n\n<p>Historia Monini jest histori\u0105 tych, kt\u00f3rzy codziennie pracuj\u0105 nad doskona\u0142o\u015bci\u0105 oliwy z oliwek extra vergine.<\/p>\n\n\n\n<div class=\"wp-block-buttons is-layout-flex wp-block-buttons-is-layout-flex\">\n<div class=\"wp-block-button\"><a class=\"btn btn-primary\" href=\"https:\/\/shumans-monini-stage.ccws.it\/it\/zefferino-doro\/\"><span>Dowiedz si\u0119 wi\u0119cej<\/span><\/a><\/div>\n<\/div>\n<\/div>\n<\/div>\n\n\n\n<p><\/p>\n","protected":false},"excerpt":{"rendered":"<p>Przysz\u0142o\u015b\u0107 zaczyna si\u0119 ka\u017cdego dnia. Od 100 lat.<\/p>\n","protected":false},"author":3,"featured_media":3149,"parent":0,"menu_order":0,"comment_status":"closed","ping_status":"closed","template":"page-sustainability.php","meta":{"_acf_changed":false,"footnotes":""},"class_list":["post-12061","page","type-page","status-publish","has-post-thumbnail","hentry"],"yoast_head":"<!-- This site is optimized with the Yoast SEO plugin v25.8 - https:\/\/yoast.com\/wordpress\/plugins\/seo\/ -->\n<title>W Trosce O Przysz\u0142o\u015b\u0107 - Monini<\/title>\n<meta name=\"robots\" content=\"noindex, follow, max-snippet:-1, max-image-preview:large, max-video-preview:-1\" \/>\n<meta property=\"og:locale\" content=\"pl_PL\" \/>\n<meta property=\"og:type\" content=\"article\" \/>\n<meta property=\"og:title\" content=\"W Trosce O Przysz\u0142o\u015b\u0107 - Monini\" \/>\n<meta property=\"og:description\" content=\"Przysz\u0142o\u015b\u0107 zaczyna si\u0119 ka\u017cdego dnia. Od 100 lat.\" \/>\n<meta property=\"og:url\" content=\"https:\/\/shumans-monini-stage.ccws.it\/pl\/w-trosce-o-przyszlosc\/\" \/>\n<meta property=\"og:site_name\" content=\"Monini\" \/>\n<meta property=\"article:publisher\" content=\"https:\/\/www.facebook.com\/MoniniOlio\/\" \/>\n<meta property=\"article:modified_time\" content=\"2025-07-01T10:05:49+00:00\" \/>\n<meta property=\"og:image\" content=\"https:\/\/shumans-monini-stage.ccws.it\/wp-content\/uploads\/2025\/06\/sustainability-banner.jpg\" \/>\n\t<meta property=\"og:image:width\" content=\"1440\" \/>\n\t<meta property=\"og:image:height\" content=\"597\" \/>\n\t<meta property=\"og:image:type\" content=\"image\/jpeg\" \/>\n<meta name=\"twitter:card\" content=\"summary_large_image\" \/>\n<meta name=\"twitter:label1\" content=\"Szacowany czas czytania\" \/>\n\t<meta name=\"twitter:data1\" content=\"3 minuta\" \/>\n<script type=\"application\/ld+json\" class=\"yoast-schema-graph\">{\"@context\":\"https:\/\/schema.org\",\"@graph\":[{\"@type\":\"WebPage\",\"@id\":\"https:\/\/shumans-monini-stage.ccws.it\/pl\/w-trosce-o-przyszlosc\/\",\"url\":\"https:\/\/shumans-monini-stage.ccws.it\/pl\/w-trosce-o-przyszlosc\/\",\"name\":\"W Trosce O Przysz\u0142o\u015b\u0107 - Monini\",\"isPartOf\":{\"@id\":\"https:\/\/shumans-monini-stage.ccws.it\/pl\/#website\"},\"primaryImageOfPage\":{\"@id\":\"https:\/\/shumans-monini-stage.ccws.it\/pl\/w-trosce-o-przyszlosc\/#primaryimage\"},\"image\":{\"@id\":\"https:\/\/shumans-monini-stage.ccws.it\/pl\/w-trosce-o-przyszlosc\/#primaryimage\"},\"thumbnailUrl\":\"https:\/\/shumans-monini-stage.ccws.it\/wp-content\/uploads\/2025\/06\/sustainability-banner.jpg\",\"datePublished\":\"2025-06-10T14:18:56+00:00\",\"dateModified\":\"2025-07-01T10:05:49+00:00\",\"breadcrumb\":{\"@id\":\"https:\/\/shumans-monini-stage.ccws.it\/pl\/w-trosce-o-przyszlosc\/#breadcrumb\"},\"inLanguage\":\"pl-PL\",\"potentialAction\":[{\"@type\":\"ReadAction\",\"target\":[\"https:\/\/shumans-monini-stage.ccws.it\/pl\/w-trosce-o-przyszlosc\/\"]}]},{\"@type\":\"ImageObject\",\"inLanguage\":\"pl-PL\",\"@id\":\"https:\/\/shumans-monini-stage.ccws.it\/pl\/w-trosce-o-przyszlosc\/#primaryimage\",\"url\":\"https:\/\/shumans-monini-stage.ccws.it\/wp-content\/uploads\/2025\/06\/sustainability-banner.jpg\",\"contentUrl\":\"https:\/\/shumans-monini-stage.ccws.it\/wp-content\/uploads\/2025\/06\/sustainability-banner.jpg\",\"width\":1440,\"height\":597},{\"@type\":\"BreadcrumbList\",\"@id\":\"https:\/\/shumans-monini-stage.ccws.it\/pl\/w-trosce-o-przyszlosc\/#breadcrumb\",\"itemListElement\":[{\"@type\":\"ListItem\",\"position\":1,\"name\":\"Home\",\"item\":\"https:\/\/shumans-monini-stage.ccws.it\/pl\/\"},{\"@type\":\"ListItem\",\"position\":2,\"name\":\"W Trosce O Przysz\u0142o\u015b\u0107\"}]},{\"@type\":\"WebSite\",\"@id\":\"https:\/\/shumans-monini-stage.ccws.it\/pl\/#website\",\"url\":\"https:\/\/shumans-monini-stage.ccws.it\/pl\/\",\"name\":\"Monini\",\"description\":\"Una spremuta di olive\",\"potentialAction\":[{\"@type\":\"SearchAction\",\"target\":{\"@type\":\"EntryPoint\",\"urlTemplate\":\"https:\/\/shumans-monini-stage.ccws.it\/pl\/?s={search_term_string}\"},\"query-input\":{\"@type\":\"PropertyValueSpecification\",\"valueRequired\":true,\"valueName\":\"search_term_string\"}}],\"inLanguage\":\"pl-PL\"}]}<\/script>\n<!-- \/ Yoast SEO plugin. -->","yoast_head_json":{"title":"W Trosce O Przysz\u0142o\u015b\u0107 - Monini","robots":{"index":"noindex","follow":"follow","max-snippet":"max-snippet:-1","max-image-preview":"max-image-preview:large","max-video-preview":"max-video-preview:-1"},"og_locale":"pl_PL","og_type":"article","og_title":"W Trosce O Przysz\u0142o\u015b\u0107 - Monini","og_description":"Przysz\u0142o\u015b\u0107 zaczyna si\u0119 ka\u017cdego dnia. Od 100 lat.","og_url":"https:\/\/shumans-monini-stage.ccws.it\/pl\/w-trosce-o-przyszlosc\/","og_site_name":"Monini","article_publisher":"https:\/\/www.facebook.com\/MoniniOlio\/","article_modified_time":"2025-07-01T10:05:49+00:00","og_image":[{"width":1440,"height":597,"url":"https:\/\/shumans-monini-stage.ccws.it\/wp-content\/uploads\/2025\/06\/sustainability-banner.jpg","type":"image\/jpeg"}],"twitter_card":"summary_large_image","twitter_misc":{"Szacowany czas czytania":"3 minuta"},"schema":{"@context":"https:\/\/schema.org","@graph":[{"@type":"WebPage","@id":"https:\/\/shumans-monini-stage.ccws.it\/pl\/w-trosce-o-przyszlosc\/","url":"https:\/\/shumans-monini-stage.ccws.it\/pl\/w-trosce-o-przyszlosc\/","name":"W Trosce O Przysz\u0142o\u015b\u0107 - Monini","isPartOf":{"@id":"https:\/\/shumans-monini-stage.ccws.it\/pl\/#website"},"primaryImageOfPage":{"@id":"https:\/\/shumans-monini-stage.ccws.it\/pl\/w-trosce-o-przyszlosc\/#primaryimage"},"image":{"@id":"https:\/\/shumans-monini-stage.ccws.it\/pl\/w-trosce-o-przyszlosc\/#primaryimage"},"thumbnailUrl":"https:\/\/shumans-monini-stage.ccws.it\/wp-content\/uploads\/2025\/06\/sustainability-banner.jpg","datePublished":"2025-06-10T14:18:56+00:00","dateModified":"2025-07-01T10:05:49+00:00","breadcrumb":{"@id":"https:\/\/shumans-monini-stage.ccws.it\/pl\/w-trosce-o-przyszlosc\/#breadcrumb"},"inLanguage":"pl-PL","potentialAction":[{"@type":"ReadAction","target":["https:\/\/shumans-monini-stage.ccws.it\/pl\/w-trosce-o-przyszlosc\/"]}]},{"@type":"ImageObject","inLanguage":"pl-PL","@id":"https:\/\/shumans-monini-stage.ccws.it\/pl\/w-trosce-o-przyszlosc\/#primaryimage","url":"https:\/\/shumans-monini-stage.ccws.it\/wp-content\/uploads\/2025\/06\/sustainability-banner.jpg","contentUrl":"https:\/\/shumans-monini-stage.ccws.it\/wp-content\/uploads\/2025\/06\/sustainability-banner.jpg","width":1440,"height":597},{"@type":"BreadcrumbList","@id":"https:\/\/shumans-monini-stage.ccws.it\/pl\/w-trosce-o-przyszlosc\/#breadcrumb","itemListElement":[{"@type":"ListItem","position":1,"name":"Home","item":"https:\/\/shumans-monini-stage.ccws.it\/pl\/"},{"@type":"ListItem","position":2,"name":"W Trosce O Przysz\u0142o\u015b\u0107"}]},{"@type":"WebSite","@id":"https:\/\/shumans-monini-stage.ccws.it\/pl\/#website","url":"https:\/\/shumans-monini-stage.ccws.it\/pl\/","name":"Monini","description":"Una spremuta di olive","potentialAction":[{"@type":"SearchAction","target":{"@type":"EntryPoint","urlTemplate":"https:\/\/shumans-monini-stage.ccws.it\/pl\/?s={search_term_string}"},"query-input":{"@type":"PropertyValueSpecification","valueRequired":true,"valueName":"search_term_string"}}],"inLanguage":"pl-PL"}]}},"acf":[],"_links":{"self":[{"href":"https:\/\/shumans-monini-stage.ccws.it\/pl\/wp-json\/wp\/v2\/pages\/12061","targetHints":{"allow":["GET"]}}],"collection":[{"href":"https:\/\/shumans-monini-stage.ccws.it\/pl\/wp-json\/wp\/v2\/pages"}],"about":[{"href":"https:\/\/shumans-monini-stage.ccws.it\/pl\/wp-json\/wp\/v2\/types\/page"}],"author":[{"embeddable":true,"href":"https:\/\/shumans-monini-stage.ccws.it\/pl\/wp-json\/wp\/v2\/users\/3"}],"replies":[{"embeddable":true,"href":"https:\/\/shumans-monini-stage.ccws.it\/pl\/wp-json\/wp\/v2\/comments?post=12061"}],"version-history":[{"count":4,"href":"https:\/\/shumans-monini-stage.ccws.it\/pl\/wp-json\/wp\/v2\/pages\/12061\/revisions"}],"predecessor-version":[{"id":12080,"href":"https:\/\/shumans-monini-stage.ccws.it\/pl\/wp-json\/wp\/v2\/pages\/12061\/revisions\/12080"}],"wp:featuredmedia":[{"embeddable":true,"href":"https:\/\/shumans-monini-stage.ccws.it\/pl\/wp-json\/wp\/v2\/media\/3149"}],"wp:attachment":[{"href":"https:\/\/shumans-monini-stage.ccws.it\/pl\/wp-json\/wp\/v2\/media?parent=12061"}],"curies":[{"name":"wp","href":"https:\/\/api.w.org\/{rel}","templated":true}]}}