{"id":15255,"date":"2025-06-25T15:48:51","date_gmt":"2025-06-25T13:48:51","guid":{"rendered":"https:\/\/shumans-monini-stage.ccws.it\/?page_id=15255"},"modified":"2025-07-08T16:58:39","modified_gmt":"2025-07-08T14:58:39","slug":"regulamin-strony","status":"publish","type":"page","link":"https:\/\/shumans-monini-stage.ccws.it\/pl\/regulamin-strony\/","title":{"rendered":"Regulamin Strony"},"content":{"rendered":"\n<div class=\"wp-block-columns\">\n<div class=\"wp-block-column\">\n<h6 class=\"wp-block-heading\"><strong>WARUNKI U\u017bYTKOWANIA<\/strong><\/h6>\n\n\n\n<p>OG\u00d3LNE WARUNKI U\u017bYTKOWANIA<\/p>\n\n\n\n<p><strong>Informacje wst\u0119pne na temat warunk\u00f3w korzystania z niniejszej strony<\/strong><\/p>\n\n\n\n<p>Niniejsza strona zosta\u0142a dostarczona przez firm\u0119 MONINI S.p.A., kt\u00f3ra ma swoj\u0105 siedzib\u0119 w S.S. Flaminia km 129, 06049 Spoleto (zwana dalej Monini). Informacje dost\u0119pne na tej stronie o firmie Monini S.p.A., jej sp\u00f3\u0142kach stowarzyszonych i stronach trzecich zosta\u0142y zebrane z najwy\u017csz\u0105 staranno\u015bci\u0105; nie mo\u017cemy jednak zagwarantowa\u0107 ich kompletno\u015bci ani poprawno\u015bci. Monini nie ponosi \u017cadnej odpowiedzialno\u015bci za b\u0142\u0119dy w tre\u015bci na tej stronie.<\/p>\n\n\n\n<p>Korzystaj\u0105c z naszej strony, akceptujesz, bez wyj\u0105tku lub zastrze\u017ce\u0144, nast\u0119puj\u0105ce og\u00f3lne warunki u\u017cytkowania (zwane dalej Warunkami), kt\u00f3re mo\u017cesz wydrukowa\u0107 lub pobra\u0107 w postaci pliku pdf.<\/p>\n\n\n\n<p>Informacje zawarte na naszej stronie internetowej nie s\u0105 przeznaczone ani zatwierdzone do u\u017cytku w Stanach Zjednoczonych Ameryki P\u00f3\u0142nocnej, przez obywateli USA lub osoby zamieszka\u0142e w Stanach Zjednoczonych. U\u017cytkownicy ci powinni zapozna\u0107 si\u0119 z ich lokaln\u0105 stron\u0105 internetow\u0105 Monini lub stron\u0105 internetow\u0105 lokalnych sp\u00f3\u0142ek stowarzyszonych Monini.<\/p>\n\n\n\n<p>Og\u00f3lne warunki korzystania z witryny \/ Informacje prawne<\/p>\n\n\n\n<p>W\u0141ASNO\u015a\u0106 INTELEKTUALNA \u2013 PRAWA AUTORSKIE<\/p>\n\n\n\n<p>Strony witryny s\u0105 chronione prawem autorskim. W szczeg\u00f3lno\u015bci, zgodnie z ustaw\u0105 633\/1941 (ustawa o prawie autorskim), tre\u015b\u0107 strony jest chroniona przed powielaniem, t\u0142umaczeniem i wstawianiem lub konwersj\u0105 na inne media, w tym wstawianie lub konwersja za pomoc\u0105 \u015brodk\u00f3w elektronicznych. Powielanie lub wykorzystywanie ekonomiczne ca\u0142o\u015bci lub cz\u0119\u015bci zawarto\u015bci tej strony jest dozwolone wy\u0142\u0105cznie za pisemn\u0105 zgod\u0105 Monini. Zar\u00f3wno tre\u015b\u0107, jak i struktura tej witryny s\u0105 chronione prawem autorskim. W szczeg\u00f3lno\u015bci powielanie informacji lub danych oraz wykorzystywanie tekst\u00f3w (lub ich cz\u0119\u015bci) lub obraz\u00f3w zawartych na stronie (z wyj\u0105tkiem zdj\u0119\u0107 Monini do u\u017cytku prasowego) wymaga uprzedniej pisemnej zgody Monini. Ilustracje, zgodnie z art. 1 ustawy 633\/1941, s\u0105 r\u00f3wnie\u017c chronione prawem autorskim. Prawo do publikowania i reprodukowania tych wzor\u00f3w jest w ca\u0142o\u015bci w\u0142asno\u015bci\u0105 Monini. Prawa autorskie do wzor\u00f3w r\u00f3wnie\u017c obowi\u0105zuj\u0105 w przypadku projekt\u00f3w automatycznie lub r\u0119cznie dodawanych do archiwum.<\/p>\n\n\n\n<p>Fotografie Monini do u\u017cytku prasowego mog\u0105 by\u0107 wykorzystywane wy\u0142\u0105cznie do cel\u00f3w redakcyjnych. Wszelkie powielanie, retransmisja, modyfikacja lub wykorzystanie zdj\u0119\u0107 zawartych na tej stronie do u\u017cytku prasowego musi zawiera\u0107 nast\u0119puj\u0105ce powiadomienie:<\/p>\n\n\n\n<p>Chronione prawami autorskimi \u00a9 (2018) Monini S.p.A. Wszelkie prawa zastrze\u017cone.<\/p>\n\n\n\n<p>Chocia\u017c taka reprodukcja jest bezp\u0142atna, potrzebujemy kopii do naszej dokumentacji.<\/p>\n\n\n\n<p>ZNAKI TOWAROWE<\/p>\n\n\n\n<p>Nazwy produkt\u00f3w publikowanych na tej stronie s\u0105 znakami towarowymi nale\u017c\u0105cymi do Monini S.p.A. i s\u0105 chronione ustaw\u0105 o znakach towarowych (dekret ustawodawczy 30\/2005, z p\u00f3\u017aniejszymi zmianami i uzupe\u0142nieniami) oraz przepisami o nieuczciwej konkurencji.<\/p>\n\n\n\n<p>OGRANICZENIE ODPOWIEDZIALNO\u015aCI \u2013 PRAWA OS\u00d3B TRZECICH<\/p>\n\n\n\n<ol class=\"wp-block-list\">\n<li>Niniejsza strona internetowa mo\u017ce zawiera\u0107 linki do innych stron, kt\u00f3re nie s\u0105 w\u0142asno\u015bci\u0105 Monini lub nie s\u0105 przez ni\u0105 zarz\u0105dzane. Monini nie mo\u017ce monitorowa\u0107 zawarto\u015bci takich stron internetowych i dlatego nie mo\u017cna uzna\u0107 odpowiedzialno\u015bci Monini za jakiekolwiek konsekwencje wynikaj\u0105ce z ich u\u017cywania. Fakt, \u017ce Monini udost\u0119pnia linki do tych stron, nie oznacza \u017cadnego poparcia dla ich tre\u015bci; s\u0105 one udost\u0119pniane wy\u0142\u0105cznie w celu u\u0142atwienia nawigacji. W szczeg\u00f3lno\u015bci Monini nie ponosi \u017cadnej odpowiedzialno\u015bci za naruszenia przepis\u00f3w ustawowych lub naruszenia praw os\u00f3b trzecich wynikaj\u0105cych z tre\u015bci tych stron.<\/li>\n\n\n\n<li>W przypadku stron internetowych, do kt\u00f3rych hiper\u0142\u0105cza s\u0105 dostarczane ze strony internetowej Monini, w\u0142a\u015bciciele tych stron ponosz\u0105 wy\u0142\u0105czn\u0105 odpowiedzialno\u015b\u0107 za tre\u015b\u0107 tych stron, jak r\u00f3wnie\u017c sprzeda\u017c online produkt\u00f3w i ich warunki sprzeda\u017cy, obs\u0142ug\u0119 zam\u00f3wie\u0144 i \/ lub konsekwencje wynikaj\u0105ce z zakup takich produkt\u00f3w.<\/li>\n\n\n\n<li>Monini nie ponosi \u017cadnej odpowiedzialno\u015bci za jakiekolwiek naruszenie praw autorskich, znak\u00f3w towarowych lub praw do prywatno\u015bci wynikaj\u0105ce z dost\u0119pu do witryny po\u0142\u0105czonej z witryn\u0105 Monini.<\/li>\n\n\n\n<li>W przypadku zam\u00f3wienia lub jakiejkolwiek innej deklaracji prawnej dotycz\u0105cej transakcji, umowa zawierana jest wy\u0142\u0105cznie mi\u0119dzy u\u017cytkownikiem a w\u0142a\u015bcicielem lub operatorem strony internetowej i w \u017cadnym wypadku umowa nie zostanie zawarta mi\u0119dzy Monini a u\u017cytkownikiem. W zwi\u0105zku z tym zapoznaj si\u0119 ze szczeg\u00f3\u0142owymi warunkami sprzeda\u017cy na podlinkowanej stronie.<\/li>\n<\/ol>\n\n\n\n<p>WY\u0141\u0104CZENIE ODPOWIEDZIALNO\u015aCI<\/p>\n\n\n\n<p>Monini ponosi odpowiedzialno\u015b\u0107 za szkody wynikaj\u0105ce z korzystania z tej strony tylko w przypadku umy\u015blnego lub ra\u017c\u0105cego niedbalstwa. Nie oznacza to \u017cadnego ograniczenia odpowiedzialno\u015bci Monini w odniesieniu do odpowiedzialno\u015bci producenta lub wzgl\u0119dnych gwarancji udzielonych na produkty. Takie ograniczenia odpowiedzialno\u015bci nie maj\u0105 zastosowania nawet w przypadku zagra\u017caj\u0105cych \u017cyciu szk\u00f3d, obra\u017ce\u0144 cia\u0142a lub uszczerbku na zdrowiu.<\/p>\n\n\n\n<p>Monini podejmuje wszelkie mo\u017cliwe \u015brodki ostro\u017cno\u015bci, aby utrzyma\u0107 swoj\u0105 witryn\u0119 woln\u0105 od wirus\u00f3w; nie jest jednak w stanie zagwarantowa\u0107 ich ca\u0142kowitej nieobecno\u015bci. Z tego powodu zalecamy najwy\u017csz\u0105 staranno\u015b\u0107 i stosowanie odpowiedniej ochrony przed wirusami (na przyk\u0142ad poprzez instalacj\u0119 oprogramowania antywirusowego na komputerze).<\/p>\n\n\n\n<p>Monini nie gwarantuje braku b\u0142\u0119d\u00f3w i dost\u0119pno\u015bci us\u0142ug oferowanych na tej stronie.<\/p>\n\n\n\n<p>PROGNOZY I O\u015aWIADCZENIA WOLI<\/p>\n\n\n\n<p>O\u015bwiadczenia woli i \/ lub prognozy zawarte na tej stronie zosta\u0142y wykonane zgodnie z nasz\u0105 najlepsz\u0105 wiedz\u0105 i przekonaniem. Jednak wyniki osi\u0105gni\u0119te przez Monini mog\u0105 si\u0119 znacznie r\u00f3\u017cni\u0107 od tych prognoz, poniewa\u017c zale\u017c\u0105 one od szeregu konkurencyjnych i ekonomicznych czynnik\u00f3w, kt\u00f3re s\u0105 poza kontrol\u0105 Monini. Bez uszczerbku dla jakichkolwiek zobowi\u0105za\u0144 prawnych w tym sensie, Monini nie ponosi odpowiedzialno\u015bci za aktualizacj\u0119 takich o\u015bwiadcze\u0144 i prognoz.<\/p>\n\n\n\n<p>PRODUKTY MONINI<\/p>\n\n\n\n<p>Produkty Grupy Monini s\u0105 dost\u0119pne w wielu krajach na ca\u0142ym \u015bwiecie.<\/p>\n\n\n\n<p>Aby utworzy\u0107 link do tej strony, wy\u015blij pro\u015bb\u0119 poczt\u0105 elektroniczn\u0105 na adres info@monini.com, w tym: (i) dane osoby odpowiedzialnej za zarz\u0105dzanie hiper\u0142\u0105czami; (ii) dane wnioskodawcy; (iii) adres URL witryny, w kt\u00f3rej znajdowa\u0107 si\u0119 b\u0119dzie link do tej witryny.<\/p>\n\n\n\n<p>Monini zastrzega sobie prawo do oceny i podj\u0119cia bezspornej decyzji w sprawie tych wniosk\u00f3w z odpowiedni\u0105 informacj\u0105 zwrotn\u0105. W przypadku braku odpowiedzi Monini wniosek nale\u017cy uzna\u0107 za odrzucony.<\/p>\n\n\n\n<p>W przeciwnym razie linki do tej strony nie s\u0105 dozwolone, a wszelkie naruszenia tych warunk\u00f3w b\u0119d\u0105 realizowane zgodnie z obowi\u0105zuj\u0105cym w\u00f3wczas ustawodawstwem.<\/p>\n\n\n\n<p>R\u00d3\u017bNE<\/p>\n\n\n\n<p>Niniejsze Og\u00f3lne warunki u\u017cytkowania s\u0105 regulowane i interpretowane zgodnie z prawem W\u0142och bez wzgl\u0119du na Konwencj\u0119 ONZ o umowach mi\u0119dzynarodowej sprzeda\u017cy towar\u00f3w, kt\u00f3rej stosowanie jest wyra\u017anie wy\u0142\u0105czone z niniejszych Og\u00f3lnych warunk\u00f3w u\u017cytkowania. W zakresie dozwolonym przez obowi\u0105zuj\u0105ce prawo, wszelkie spory dotycz\u0105ce tej strony b\u0119d\u0105 podlega\u0107 jurysdykcji s\u0105du w Spoleto. Je\u017celi jedno lub wi\u0119cej postanowie\u0144 niniejszych Og\u00f3lnych warunk\u00f3w u\u017cytkowania b\u0119dzie lub stanie si\u0119 niewa\u017cne, nie wp\u0142ynie to na wa\u017cno\u015b\u0107 pozosta\u0142ych postanowie\u0144.<\/p>\n\n\n\n<div style=\"height:42px\" aria-hidden=\"true\" class=\"wp-block-spacer\"><\/div>\n<\/div>\n<\/div>\n\n\n\n<p><\/p>\n","protected":false},"excerpt":{"rendered":"<p>WARUNKI U\u017bYTKOWANIA OG\u00d3LNE WARUNKI U\u017bYTKOWANIA Informacje wst\u0119pne na temat warunk\u00f3w korzystania z niniejszej strony Niniejsza&#8230;<\/p>\n","protected":false},"author":3,"featured_media":0,"parent":0,"menu_order":0,"comment_status":"closed","ping_status":"closed","template":"","meta":{"_acf_changed":false,"footnotes":""},"class_list":["post-15255","page","type-page","status-publish","hentry"],"yoast_head":"<!-- This site is optimized with the Yoast SEO plugin v25.8 - https:\/\/yoast.com\/wordpress\/plugins\/seo\/ -->\n<title>Regulamin Strony - Monini<\/title>\n<meta name=\"robots\" content=\"noindex, follow, max-snippet:-1, max-image-preview:large, max-video-preview:-1\" \/>\n<meta property=\"og:locale\" content=\"pl_PL\" \/>\n<meta property=\"og:type\" content=\"article\" \/>\n<meta property=\"og:title\" content=\"Regulamin Strony - Monini\" \/>\n<meta property=\"og:description\" content=\"WARUNKI U\u017bYTKOWANIA OG\u00d3LNE WARUNKI U\u017bYTKOWANIA Informacje wst\u0119pne na temat warunk\u00f3w korzystania z niniejszej strony Niniejsza...\" \/>\n<meta property=\"og:url\" content=\"https:\/\/shumans-monini-stage.ccws.it\/pl\/regulamin-strony\/\" \/>\n<meta property=\"og:site_name\" content=\"Monini\" \/>\n<meta property=\"article:publisher\" content=\"https:\/\/www.facebook.com\/MoniniOlio\/\" \/>\n<meta property=\"article:modified_time\" content=\"2025-07-08T14:58:39+00:00\" \/>\n<meta name=\"twitter:card\" content=\"summary_large_image\" \/>\n<meta name=\"twitter:label1\" content=\"Szacowany czas czytania\" \/>\n\t<meta name=\"twitter:data1\" content=\"5 minuta\" \/>\n<script type=\"application\/ld+json\" class=\"yoast-schema-graph\">{\"@context\":\"https:\/\/schema.org\",\"@graph\":[{\"@type\":\"WebPage\",\"@id\":\"https:\/\/shumans-monini-stage.ccws.it\/pl\/regulamin-strony\/\",\"url\":\"https:\/\/shumans-monini-stage.ccws.it\/pl\/regulamin-strony\/\",\"name\":\"Regulamin Strony - Monini\",\"isPartOf\":{\"@id\":\"https:\/\/shumans-monini-stage.ccws.it\/pl\/#website\"},\"datePublished\":\"2025-06-25T13:48:51+00:00\",\"dateModified\":\"2025-07-08T14:58:39+00:00\",\"breadcrumb\":{\"@id\":\"https:\/\/shumans-monini-stage.ccws.it\/pl\/regulamin-strony\/#breadcrumb\"},\"inLanguage\":\"pl-PL\",\"potentialAction\":[{\"@type\":\"ReadAction\",\"target\":[\"https:\/\/shumans-monini-stage.ccws.it\/pl\/regulamin-strony\/\"]}]},{\"@type\":\"BreadcrumbList\",\"@id\":\"https:\/\/shumans-monini-stage.ccws.it\/pl\/regulamin-strony\/#breadcrumb\",\"itemListElement\":[{\"@type\":\"ListItem\",\"position\":1,\"name\":\"Home\",\"item\":\"https:\/\/shumans-monini-stage.ccws.it\/pl\/\"},{\"@type\":\"ListItem\",\"position\":2,\"name\":\"Regulamin Strony\"}]},{\"@type\":\"WebSite\",\"@id\":\"https:\/\/shumans-monini-stage.ccws.it\/pl\/#website\",\"url\":\"https:\/\/shumans-monini-stage.ccws.it\/pl\/\",\"name\":\"Monini\",\"description\":\"Una spremuta di olive\",\"potentialAction\":[{\"@type\":\"SearchAction\",\"target\":{\"@type\":\"EntryPoint\",\"urlTemplate\":\"https:\/\/shumans-monini-stage.ccws.it\/pl\/?s={search_term_string}\"},\"query-input\":{\"@type\":\"PropertyValueSpecification\",\"valueRequired\":true,\"valueName\":\"search_term_string\"}}],\"inLanguage\":\"pl-PL\"}]}<\/script>\n<!-- \/ Yoast SEO plugin. -->","yoast_head_json":{"title":"Regulamin Strony - Monini","robots":{"index":"noindex","follow":"follow","max-snippet":"max-snippet:-1","max-image-preview":"max-image-preview:large","max-video-preview":"max-video-preview:-1"},"og_locale":"pl_PL","og_type":"article","og_title":"Regulamin Strony - Monini","og_description":"WARUNKI U\u017bYTKOWANIA OG\u00d3LNE WARUNKI U\u017bYTKOWANIA Informacje wst\u0119pne na temat warunk\u00f3w korzystania z niniejszej strony Niniejsza...","og_url":"https:\/\/shumans-monini-stage.ccws.it\/pl\/regulamin-strony\/","og_site_name":"Monini","article_publisher":"https:\/\/www.facebook.com\/MoniniOlio\/","article_modified_time":"2025-07-08T14:58:39+00:00","twitter_card":"summary_large_image","twitter_misc":{"Szacowany czas czytania":"5 minuta"},"schema":{"@context":"https:\/\/schema.org","@graph":[{"@type":"WebPage","@id":"https:\/\/shumans-monini-stage.ccws.it\/pl\/regulamin-strony\/","url":"https:\/\/shumans-monini-stage.ccws.it\/pl\/regulamin-strony\/","name":"Regulamin Strony - Monini","isPartOf":{"@id":"https:\/\/shumans-monini-stage.ccws.it\/pl\/#website"},"datePublished":"2025-06-25T13:48:51+00:00","dateModified":"2025-07-08T14:58:39+00:00","breadcrumb":{"@id":"https:\/\/shumans-monini-stage.ccws.it\/pl\/regulamin-strony\/#breadcrumb"},"inLanguage":"pl-PL","potentialAction":[{"@type":"ReadAction","target":["https:\/\/shumans-monini-stage.ccws.it\/pl\/regulamin-strony\/"]}]},{"@type":"BreadcrumbList","@id":"https:\/\/shumans-monini-stage.ccws.it\/pl\/regulamin-strony\/#breadcrumb","itemListElement":[{"@type":"ListItem","position":1,"name":"Home","item":"https:\/\/shumans-monini-stage.ccws.it\/pl\/"},{"@type":"ListItem","position":2,"name":"Regulamin Strony"}]},{"@type":"WebSite","@id":"https:\/\/shumans-monini-stage.ccws.it\/pl\/#website","url":"https:\/\/shumans-monini-stage.ccws.it\/pl\/","name":"Monini","description":"Una spremuta di olive","potentialAction":[{"@type":"SearchAction","target":{"@type":"EntryPoint","urlTemplate":"https:\/\/shumans-monini-stage.ccws.it\/pl\/?s={search_term_string}"},"query-input":{"@type":"PropertyValueSpecification","valueRequired":true,"valueName":"search_term_string"}}],"inLanguage":"pl-PL"}]}},"acf":[],"_links":{"self":[{"href":"https:\/\/shumans-monini-stage.ccws.it\/pl\/wp-json\/wp\/v2\/pages\/15255","targetHints":{"allow":["GET"]}}],"collection":[{"href":"https:\/\/shumans-monini-stage.ccws.it\/pl\/wp-json\/wp\/v2\/pages"}],"about":[{"href":"https:\/\/shumans-monini-stage.ccws.it\/pl\/wp-json\/wp\/v2\/types\/page"}],"author":[{"embeddable":true,"href":"https:\/\/shumans-monini-stage.ccws.it\/pl\/wp-json\/wp\/v2\/users\/3"}],"replies":[{"embeddable":true,"href":"https:\/\/shumans-monini-stage.ccws.it\/pl\/wp-json\/wp\/v2\/comments?post=15255"}],"version-history":[{"count":2,"href":"https:\/\/shumans-monini-stage.ccws.it\/pl\/wp-json\/wp\/v2\/pages\/15255\/revisions"}],"predecessor-version":[{"id":15270,"href":"https:\/\/shumans-monini-stage.ccws.it\/pl\/wp-json\/wp\/v2\/pages\/15255\/revisions\/15270"}],"wp:attachment":[{"href":"https:\/\/shumans-monini-stage.ccws.it\/pl\/wp-json\/wp\/v2\/media?parent=15255"}],"curies":[{"name":"wp","href":"https:\/\/api.w.org\/{rel}","templated":true}]}}