{"id":15271,"date":"2025-06-25T15:28:12","date_gmt":"2025-06-25T13:28:12","guid":{"rendered":"https:\/\/shumans-monini-stage.ccws.it\/?page_id=15271"},"modified":"2025-07-08T17:01:47","modified_gmt":"2025-07-08T15:01:47","slug":"polityka-prywarnosci","status":"publish","type":"page","link":"https:\/\/shumans-monini-stage.ccws.it\/pl\/polityka-prywarnosci\/","title":{"rendered":"Polityka Prywarno\u015bci"},"content":{"rendered":"\n<div class=\"wp-block-columns\">\n<div class=\"wp-block-column\">\n<p>Celem niniejszej Polityki Prywatno\u015bci jest wyja\u015bnienie zasad, na jakich przetwarzane s\u0105 Pa\u0144stwa dane osobowe oraz om\u00f3wienie Pa\u0144stwa podstawowych praw zwi\u0105zanych z przetwarzaniem Pa\u0144stwa danych osobowych przez Monini Polska sp. z o.o.<\/p>\n\n\n\n<p>Zgodnie z art. 13 ust. 1 i 2 rozporz\u0105dzenia Parlamentu Europejskiego i Rady (UE) 2016\/679 z 27.04.2016 r. w sprawie ochrony os\u00f3b fizycznych w zwi\u0105zku z przetwarzaniem danych osobowych i w sprawie swobodnego przep\u0142ywu takich danych oraz uchylenia dyrektywy 95\/46\/WE (og\u00f3lne rozporz\u0105dzenie o ochronie danych) (dalej RODO) informuj\u0119, i\u017c:<\/p>\n\n\n\n<p>1)&nbsp;&nbsp; administratorem Pa\u0144stwa danych osobowych jest Monini Polska sp. z o.o. z siedzib\u0105 w Poznaniu (60-324), przy ulicy Marceli\u0144ska 90, wpisan\u0105 do rejestru przedsi\u0119biorc\u00f3w w Krajowym Rejestrze S\u0105dowym pod numerem KRS 0000318158, REGON 300967359, NIP 7811828736;<\/p>\n\n\n\n<p>2)&nbsp;&nbsp; Pa\u0144stwa dane osobowe przetwarzane b\u0119d\u0105 w celu:<\/p>\n\n\n\n<ul class=\"wp-block-list\">\n<li>zawarcia z Pa\u0144stwem umowy (podstawa z art. 6 ust. 1 lit. b RODO)<\/li>\n\n\n\n<li>wype\u0142nienia prawnych obowi\u0105zk\u00f3w ci\u0105\u017c\u0105cych na administratorze w zwi\u0105zku z zawarciem z Pa\u0144stwem umowy (podstawa z art. 6 ust. 1 lit. c RODO),<\/li>\n\n\n\n<li>wynikaj\u0105cym z&nbsp;prawnie uzasadnionych interes\u00f3w realizowanych przez Administratora tj.: ewentualnego ustalenia, dochodzenia lub obrony przed roszczeniami, marketingu towar\u00f3w Administratora, statystycznych i analitycznych (art. 6 ust. 1 lit. f RODO).<\/li>\n<\/ul>\n\n\n\n<p>4)&nbsp;&nbsp; odbiorcami Pa\u0144stwa danych osobowych s\u0105:<\/p>\n\n\n\n<ul class=\"wp-block-list\">\n<li>firmy prowadz\u0105ce obs\u0142ug\u0119 kadrow\u0105 i prawn\u0105 Administratora,<\/li>\n\n\n\n<li>podwykonawcy Administratora,<\/li>\n\n\n\n<li>podmioty \u015bwiadcz\u0105ce us\u0142ugi informatyczne na rzecz Administratora,<\/li>\n\n\n\n<li>kontrahenci Administratora;<\/li>\n\n\n\n<li>podmioty z grupy kapita\u0142owej, do kt\u00f3rej nale\u017cy Administrator,<\/li>\n\n\n\n<li>urz\u0119dy administracji publicznej.,<\/li>\n<\/ul>\n\n\n\n<p>5)&nbsp;&nbsp; Pani\/Pana dane osobowe b\u0119d\u0105 przechowywane do czasu:<\/p>\n\n\n\n<ul class=\"wp-block-list\">\n<li>up\u0142ywu termin\u00f3w przedawnienia zwi\u0105zanych z umow\u0105, z kt\u00f3r\u0105 jest zwi\u0105zane przetwarzanie danych osobowych;<\/li>\n\n\n\n<li>zrealizowania w\u0142a\u015bciwych prawnie uzasadnionych interes\u00f3w realizowanych przez Administratora;<\/li>\n\n\n\n<li>up\u0142ywu termin\u00f3w zwi\u0105zanych z przedawnieniem obowi\u0105zk\u00f3w wynikaj\u0105cych z przepis\u00f3w prawa;<\/li>\n\n\n\n<li>wniesienia sprzeciwu albo cofni\u0119cia zgody w zakresie przetwarzania danych w celach marketingowych.<\/li>\n<\/ul>\n\n\n\n<p>6)&nbsp;&nbsp; posiadaj\u0105 Pa\u0144stwo prawo do dost\u0119pu do tre\u015bci swoich danych oraz ich sprostowania, usuni\u0119cia, ograniczenia przetwarzania, prawo do przenoszenia danych, prawo wniesienia sprzeciwu, co do danych osobowych, kt\u00f3rych podanie jest dobrowolne, prawo do cofni\u0119cia zgody na ich przetwarzanie w dowolnym momencie bez wp\u0142ywu na zgodno\u015b\u0107 z prawem przetwarzania dokonanego na podstawie zgody wyra\u017conej przed jej cofni\u0119ciem. O\u015bwiadczenie o cofni\u0119ciu zgody na przetwarzanie danych osobowych wymaga jego z\u0142o\u017cenia w formie pisemnej lub elektronicznej na adres mailowy info@monini.pl;<\/p>\n\n\n\n<p>7)&nbsp;&nbsp; maj\u0105 Pa\u0144stwo prawo wniesienia skargi do Prezesa Urz\u0119du Ochrony Danych Osobowych, gdy uznaj\u0105 Pa\u0144stwo, i\u017c przetwarzanie Pa\u0144stwa danych osobowych narusza przepisy prawa;<\/p>\n\n\n\n<p>8)&nbsp;&nbsp; Podane przez Pa\u0144stwa dane osobowe nie b\u0119d\u0105 przekazywane do pa\u0144stwa trzeciego (poza obszar Unii Europejskiej), ani nie b\u0119d\u0105 przetwarzane w spos\u00f3b zautomatyzowany w tym r\u00f3wnie\u017c w formie profilowania.<\/p>\n\n\n\n<p>9) Wszelkie zmiany wprowadzane przez Administratora do Polityki Prywatno\u015bci w przysz\u0142o\u015bci b\u0119d\u0105 publikowane na stronie monini.pl. Zmiany b\u0119d\u0105 obowi\u0105zywa\u0107 wy\u0142\u0105cznie na przysz\u0142o\u015b\u0107 i wejd\u0105 w \u017cycie po zaakceptowaniu zmodyfikowanej polityki prywatno\u015bci, o kt\u00f3rej zostan\u0105 Pa\u0144stwo zawiadomieni w drodze pojawiaj\u0105cego si\u0119 okna. Je\u015bli nie akceptuj\u0105 Pa\u0144stwo naszej Polityki Prywatno\u015bci lub zmian w Polityce Prywatno\u015bci, powinni Pa\u0144stwo zaprzesta\u0107 korzystania z naszej strony internetowej.<\/p>\n<\/div>\n<\/div>\n","protected":false},"excerpt":{"rendered":"<p>Celem niniejszej Polityki Prywatno\u015bci jest wyja\u015bnienie zasad, na jakich przetwarzane s\u0105 Pa\u0144stwa dane osobowe oraz&#8230;<\/p>\n","protected":false},"author":3,"featured_media":0,"parent":0,"menu_order":0,"comment_status":"closed","ping_status":"closed","template":"","meta":{"_acf_changed":false,"footnotes":""},"class_list":["post-15271","page","type-page","status-publish","hentry"],"yoast_head":"<!-- This site is optimized with the Yoast SEO plugin v25.8 - https:\/\/yoast.com\/wordpress\/plugins\/seo\/ -->\n<title>Polityka Prywarno\u015bci - Monini<\/title>\n<meta name=\"robots\" content=\"noindex, follow, max-snippet:-1, max-image-preview:large, max-video-preview:-1\" \/>\n<meta property=\"og:locale\" content=\"pl_PL\" \/>\n<meta property=\"og:type\" content=\"article\" \/>\n<meta property=\"og:title\" content=\"Polityka Prywarno\u015bci - Monini\" \/>\n<meta property=\"og:description\" content=\"Celem niniejszej Polityki Prywatno\u015bci jest wyja\u015bnienie zasad, na jakich przetwarzane s\u0105 Pa\u0144stwa dane osobowe oraz...\" \/>\n<meta property=\"og:url\" content=\"https:\/\/shumans-monini-stage.ccws.it\/pl\/polityka-prywarnosci\/\" \/>\n<meta property=\"og:site_name\" content=\"Monini\" \/>\n<meta property=\"article:publisher\" content=\"https:\/\/www.facebook.com\/MoniniOlio\/\" \/>\n<meta property=\"article:modified_time\" content=\"2025-07-08T15:01:47+00:00\" \/>\n<meta name=\"twitter:card\" content=\"summary_large_image\" \/>\n<meta name=\"twitter:label1\" content=\"Szacowany czas czytania\" \/>\n\t<meta name=\"twitter:data1\" content=\"3 minuta\" \/>\n<script type=\"application\/ld+json\" class=\"yoast-schema-graph\">{\"@context\":\"https:\/\/schema.org\",\"@graph\":[{\"@type\":\"WebPage\",\"@id\":\"https:\/\/shumans-monini-stage.ccws.it\/pl\/polityka-prywarnosci\/\",\"url\":\"https:\/\/shumans-monini-stage.ccws.it\/pl\/polityka-prywarnosci\/\",\"name\":\"Polityka Prywarno\u015bci - Monini\",\"isPartOf\":{\"@id\":\"https:\/\/shumans-monini-stage.ccws.it\/pl\/#website\"},\"datePublished\":\"2025-06-25T13:28:12+00:00\",\"dateModified\":\"2025-07-08T15:01:47+00:00\",\"breadcrumb\":{\"@id\":\"https:\/\/shumans-monini-stage.ccws.it\/pl\/polityka-prywarnosci\/#breadcrumb\"},\"inLanguage\":\"pl-PL\",\"potentialAction\":[{\"@type\":\"ReadAction\",\"target\":[\"https:\/\/shumans-monini-stage.ccws.it\/pl\/polityka-prywarnosci\/\"]}]},{\"@type\":\"BreadcrumbList\",\"@id\":\"https:\/\/shumans-monini-stage.ccws.it\/pl\/polityka-prywarnosci\/#breadcrumb\",\"itemListElement\":[{\"@type\":\"ListItem\",\"position\":1,\"name\":\"Home\",\"item\":\"https:\/\/shumans-monini-stage.ccws.it\/pl\/\"},{\"@type\":\"ListItem\",\"position\":2,\"name\":\"Polityka Prywarno\u015bci\"}]},{\"@type\":\"WebSite\",\"@id\":\"https:\/\/shumans-monini-stage.ccws.it\/pl\/#website\",\"url\":\"https:\/\/shumans-monini-stage.ccws.it\/pl\/\",\"name\":\"Monini\",\"description\":\"Una spremuta di olive\",\"potentialAction\":[{\"@type\":\"SearchAction\",\"target\":{\"@type\":\"EntryPoint\",\"urlTemplate\":\"https:\/\/shumans-monini-stage.ccws.it\/pl\/?s={search_term_string}\"},\"query-input\":{\"@type\":\"PropertyValueSpecification\",\"valueRequired\":true,\"valueName\":\"search_term_string\"}}],\"inLanguage\":\"pl-PL\"}]}<\/script>\n<!-- \/ Yoast SEO plugin. -->","yoast_head_json":{"title":"Polityka Prywarno\u015bci - Monini","robots":{"index":"noindex","follow":"follow","max-snippet":"max-snippet:-1","max-image-preview":"max-image-preview:large","max-video-preview":"max-video-preview:-1"},"og_locale":"pl_PL","og_type":"article","og_title":"Polityka Prywarno\u015bci - Monini","og_description":"Celem niniejszej Polityki Prywatno\u015bci jest wyja\u015bnienie zasad, na jakich przetwarzane s\u0105 Pa\u0144stwa dane osobowe oraz...","og_url":"https:\/\/shumans-monini-stage.ccws.it\/pl\/polityka-prywarnosci\/","og_site_name":"Monini","article_publisher":"https:\/\/www.facebook.com\/MoniniOlio\/","article_modified_time":"2025-07-08T15:01:47+00:00","twitter_card":"summary_large_image","twitter_misc":{"Szacowany czas czytania":"3 minuta"},"schema":{"@context":"https:\/\/schema.org","@graph":[{"@type":"WebPage","@id":"https:\/\/shumans-monini-stage.ccws.it\/pl\/polityka-prywarnosci\/","url":"https:\/\/shumans-monini-stage.ccws.it\/pl\/polityka-prywarnosci\/","name":"Polityka Prywarno\u015bci - Monini","isPartOf":{"@id":"https:\/\/shumans-monini-stage.ccws.it\/pl\/#website"},"datePublished":"2025-06-25T13:28:12+00:00","dateModified":"2025-07-08T15:01:47+00:00","breadcrumb":{"@id":"https:\/\/shumans-monini-stage.ccws.it\/pl\/polityka-prywarnosci\/#breadcrumb"},"inLanguage":"pl-PL","potentialAction":[{"@type":"ReadAction","target":["https:\/\/shumans-monini-stage.ccws.it\/pl\/polityka-prywarnosci\/"]}]},{"@type":"BreadcrumbList","@id":"https:\/\/shumans-monini-stage.ccws.it\/pl\/polityka-prywarnosci\/#breadcrumb","itemListElement":[{"@type":"ListItem","position":1,"name":"Home","item":"https:\/\/shumans-monini-stage.ccws.it\/pl\/"},{"@type":"ListItem","position":2,"name":"Polityka Prywarno\u015bci"}]},{"@type":"WebSite","@id":"https:\/\/shumans-monini-stage.ccws.it\/pl\/#website","url":"https:\/\/shumans-monini-stage.ccws.it\/pl\/","name":"Monini","description":"Una spremuta di olive","potentialAction":[{"@type":"SearchAction","target":{"@type":"EntryPoint","urlTemplate":"https:\/\/shumans-monini-stage.ccws.it\/pl\/?s={search_term_string}"},"query-input":{"@type":"PropertyValueSpecification","valueRequired":true,"valueName":"search_term_string"}}],"inLanguage":"pl-PL"}]}},"acf":[],"_links":{"self":[{"href":"https:\/\/shumans-monini-stage.ccws.it\/pl\/wp-json\/wp\/v2\/pages\/15271","targetHints":{"allow":["GET"]}}],"collection":[{"href":"https:\/\/shumans-monini-stage.ccws.it\/pl\/wp-json\/wp\/v2\/pages"}],"about":[{"href":"https:\/\/shumans-monini-stage.ccws.it\/pl\/wp-json\/wp\/v2\/types\/page"}],"author":[{"embeddable":true,"href":"https:\/\/shumans-monini-stage.ccws.it\/pl\/wp-json\/wp\/v2\/users\/3"}],"replies":[{"embeddable":true,"href":"https:\/\/shumans-monini-stage.ccws.it\/pl\/wp-json\/wp\/v2\/comments?post=15271"}],"version-history":[{"count":3,"href":"https:\/\/shumans-monini-stage.ccws.it\/pl\/wp-json\/wp\/v2\/pages\/15271\/revisions"}],"predecessor-version":[{"id":15275,"href":"https:\/\/shumans-monini-stage.ccws.it\/pl\/wp-json\/wp\/v2\/pages\/15271\/revisions\/15275"}],"wp:attachment":[{"href":"https:\/\/shumans-monini-stage.ccws.it\/pl\/wp-json\/wp\/v2\/media?parent=15271"}],"curies":[{"name":"wp","href":"https:\/\/api.w.org\/{rel}","templated":true}]}}