{"id":31039,"date":"2025-08-01T13:03:50","date_gmt":"2025-08-01T11:03:50","guid":{"rendered":"https:\/\/shumans-monini-stage.ccws.it\/?page_id=31039"},"modified":"2025-08-01T13:04:35","modified_gmt":"2025-08-01T11:04:35","slug":"oferta-dla-sektora-horeca","status":"publish","type":"page","link":"https:\/\/shumans-monini-stage.ccws.it\/pl\/oferta-dla-sektora-horeca\/","title":{"rendered":"Oferta dla sektora HoReCa"},"content":{"rendered":"\n<div class=\"wp-block-group is-style-spaced\"><div class=\"wp-block-group__inner-container\">\n<div class=\"wp-block-media-text is-stacked-on-mobile\"><figure class=\"wp-block-media-text__media\"><img loading=\"lazy\" decoding=\"async\" width=\"881\" height=\"1024\" src=\"https:\/\/shumans-monini-stage.ccws.it\/wp-content\/uploads\/2025\/08\/horeca-1-881x1024.jpg\" alt=\"\" class=\"wp-image-31040 size-full\" srcset=\"https:\/\/shumans-monini-stage.ccws.it\/wp-content\/uploads\/2025\/08\/horeca-1-881x1024.jpg 881w, https:\/\/shumans-monini-stage.ccws.it\/wp-content\/uploads\/2025\/08\/horeca-1-603x700.jpg 603w, https:\/\/shumans-monini-stage.ccws.it\/wp-content\/uploads\/2025\/08\/horeca-1-768x892.jpg 768w, https:\/\/shumans-monini-stage.ccws.it\/wp-content\/uploads\/2025\/08\/horeca-1.jpg 2004w\" sizes=\"auto, (max-width: 881px) 100vw, 881px\" \/><\/figure><div class=\"wp-block-media-text__content\">\n<h3 class=\"wp-block-heading\">PROFESJONALNE PRODUKTY<br><small>DLA KANA\u0141U HoReCa<\/small><\/h3>\n\n\n\n<p>Nazwy niekt\u00f3rych w\u0142oskich marek m\u00f3wi\u0105 same za siebie. Stoj\u0105ce za nimi rodziny stanowi\u0105 najlepsz\u0105 gwarancj\u0119 jako\u015bci, tradycji i niezwyk\u0142ej kultury. Za\u0142o\u017cona w 1920 roku w Umbrii \ufb01rma Monini jest jedn\u0105 z nich.<\/p>\n\n\n\n<p>Najwy\u017csza jako\u015b\u0107 sygnowana logo Monini to rezultat niezwykle starannej selekcji najlepszych w danym roku oliw i umiej\u0119tno\u015bci tworzenia wyj\u0105tkowych kupa\u017cy. W Monini zajmuje si\u0119 tym sam w\u0142a\u015bciciel \u2013 wnuk za\u0142o\u017cyciela \ufb01rmy i mistrz sztuki olejarskiej \u2013 Zefferino Monini.<\/p>\n\n\n\n<p>Dla W\u0142och\u00f3w Monini jest jednoznacznie zwi\u0105zane z oliw\u0105 extra vergine, tradycj\u0105, pasj\u0105 i rodzin\u0105. W szerokim wachlarzu produkt\u00f3w \ufb01rmy, obok oliw znajduj\u0105 si\u0119 r\u00f3wnie\u017c sosy pesto, octy oraz kremy z octu balsamicznego.<\/p>\n<\/div><\/div>\n\n\n\n<div style=\"height:50px\" aria-hidden=\"true\" class=\"wp-block-spacer\"><\/div>\n\n\n\n<h2 class=\"wp-block-heading has-text-align-center\">EXTRA VERGINE<\/h2>\n\n\n\n<div class=\"wp-block-media-text has-media-on-the-right is-stacked-on-mobile\"><div class=\"wp-block-media-text__content\">\n<hr class=\"wp-block-separator has-alpha-channel-opacity\"\/>\n\n\n\n<h6 class=\"wp-block-heading\">CLASSICO<\/h6>\n\n\n\n<ul class=\"wp-block-list\">\n<li>Classico 1l to najlepiej sprzedaj\u0105cy si\u0119 produkt w kategorii oliw we W\u0142oszech*<\/li>\n\n\n\n<li>Najwy\u017csza rozpoznawalno\u015b\u0107 na polskim rynku**<\/li>\n\n\n\n<li>Przyjemny, zr\u00f3wnowa\u017cony smak i aromat<\/li>\n\n\n\n<li>Uniwersalno\u015b\u0107 zastosowa\u0144 (sma\u017cenie, pieczenie, grillowanie, przyprawianie)<\/li>\n<\/ul>\n\n\n\n<p>Dost\u0119pne gramatury: saszetki 10ml spakowane w dyspenser (100 sztuk), 200ml (spray), 250ml, 450ml (squeezable), 500ml, 750ml, 2l, 3l.<br><small>* \u0179r\u00f3d\u0142o: IRI, sprzeda\u017c wart\/wol bez PL \u2013 Tot. Italy+Discount \u2013 MAT Grudzie\u0144 2021.<\/small><br><small>** Dane ABR Ses<\/small><\/p>\n<\/div><figure class=\"wp-block-media-text__media\"><img loading=\"lazy\" decoding=\"async\" width=\"1024\" height=\"712\" src=\"https:\/\/shumans-monini-stage.ccws.it\/wp-content\/uploads\/2025\/08\/horeca_extra_vergin-1024x712.jpg\" alt=\"\" class=\"wp-image-31055 size-full\" srcset=\"https:\/\/shumans-monini-stage.ccws.it\/wp-content\/uploads\/2025\/08\/horeca_extra_vergin-1024x712.jpg 1024w, https:\/\/shumans-monini-stage.ccws.it\/wp-content\/uploads\/2025\/08\/horeca_extra_vergin-700x487.jpg 700w, https:\/\/shumans-monini-stage.ccws.it\/wp-content\/uploads\/2025\/08\/horeca_extra_vergin-768x534.jpg 768w\" sizes=\"auto, (max-width: 1024px) 100vw, 1024px\" \/><\/figure><\/div>\n\n\n\n<div style=\"height:50px\" aria-hidden=\"true\" class=\"wp-block-spacer\"><\/div>\n\n\n\n<div class=\"wp-block-media-text is-stacked-on-mobile\"><figure class=\"wp-block-media-text__media\"><img loading=\"lazy\" decoding=\"async\" width=\"1024\" height=\"871\" src=\"https:\/\/shumans-monini-stage.ccws.it\/wp-content\/uploads\/2025\/08\/horeca_dyspenser-1024x871.jpg\" alt=\"\" class=\"wp-image-31070 size-full\" srcset=\"https:\/\/shumans-monini-stage.ccws.it\/wp-content\/uploads\/2025\/08\/horeca_dyspenser-1024x871.jpg 1024w, https:\/\/shumans-monini-stage.ccws.it\/wp-content\/uploads\/2025\/08\/horeca_dyspenser-700x596.jpg 700w, https:\/\/shumans-monini-stage.ccws.it\/wp-content\/uploads\/2025\/08\/horeca_dyspenser-768x654.jpg 768w, https:\/\/shumans-monini-stage.ccws.it\/wp-content\/uploads\/2025\/08\/horeca_dyspenser.jpg 1752w\" sizes=\"auto, (max-width: 1024px) 100vw, 1024px\" \/><\/figure><div class=\"wp-block-media-text__content\">\n<hr class=\"wp-block-separator has-alpha-channel-opacity\"\/>\n\n\n\n<h6 class=\"wp-block-heading\">DYSPENSER Z SASZETKAMI 10 ML<\/h6>\n\n\n\n<p>Funkcjonalne opakowanie zbiorcze (karton typu dyspenser)<\/p>\n\n\n\n<p>Porcja idealna na raz \u2013 doskona\u0142a do lunchboxa<\/p>\n\n\n\n<p>Higiena w u\u017cytkowaniu<\/p>\n\n\n\n<p>Wygoda \u2013 mo\u017cliwo\u015b\u0107 \u0142atwego otwierania i dozowania oliwy<\/p>\n<\/div><\/div>\n\n\n\n<div style=\"height:50px\" aria-hidden=\"true\" class=\"wp-block-spacer\"><\/div>\n\n\n\n<div class=\"wp-block-media-text has-media-on-the-right is-stacked-on-mobile\"><div class=\"wp-block-media-text__content\">\n<hr class=\"wp-block-separator has-alpha-channel-opacity\"\/>\n\n\n\n<h6 class=\"wp-block-heading\">PRZYPRAWY NA BAZIE OLIWY Z OLIWEK EXTRA VERGINE<\/h6>\n\n\n\n<p>Wzbogac\u0105 smak i nadadz\u0105 ka\u017cdej potrawie \ufb01nezji<\/p>\n\n\n\n<p>Oryginalne smaki tradycyjnej polskiej i w\u0142oskiej kuchni<\/p>\n\n\n\n<p>Stworzone na bazie najwy\u017cszej jako\u015bci oliwy z oliwek<\/p>\n<\/div><figure class=\"wp-block-media-text__media\"><img loading=\"lazy\" decoding=\"async\" width=\"1024\" height=\"414\" src=\"https:\/\/shumans-monini-stage.ccws.it\/wp-content\/uploads\/2025\/08\/horeca_przyprawy_na_bazie_oliw-1024x414.jpg\" alt=\"\" class=\"wp-image-31100 size-full\" srcset=\"https:\/\/shumans-monini-stage.ccws.it\/wp-content\/uploads\/2025\/08\/horeca_przyprawy_na_bazie_oliw-1024x414.jpg 1024w, https:\/\/shumans-monini-stage.ccws.it\/wp-content\/uploads\/2025\/08\/horeca_przyprawy_na_bazie_oliw-700x283.jpg 700w, https:\/\/shumans-monini-stage.ccws.it\/wp-content\/uploads\/2025\/08\/horeca_przyprawy_na_bazie_oliw-768x310.jpg 768w\" sizes=\"auto, (max-width: 1024px) 100vw, 1024px\" \/><\/figure><\/div>\n\n\n\n<div style=\"height:50px\" aria-hidden=\"true\" class=\"wp-block-spacer\"><\/div>\n\n\n\n<h2 class=\"wp-block-heading has-text-align-center\">EXTRA VERGINE PREMIUM<\/h2>\n\n\n\n<div style=\"height:50px\" aria-hidden=\"true\" class=\"wp-block-spacer\"><\/div>\n\n\n\n<div class=\"wp-block-media-text has-media-on-the-right is-stacked-on-mobile\"><div class=\"wp-block-media-text__content\">\n<hr class=\"wp-block-separator has-alpha-channel-opacity\"\/>\n\n\n\n<h6 class=\"wp-block-heading\">DOPY, GRANFRUTTATO, NON FILTRATO, MONOCULTIVARY<\/h6>\n\n\n\n<ul class=\"wp-block-list\">\n<li>100% w\u0142oska oliwa extra vergine (DOPy, GranFruttato, Monocultivary)<\/li>\n\n\n\n<li>Szczyt sztuki olejarskiej<\/li>\n\n\n\n<li>Produkty najwy\u017cszej jako\u015bci nagradzane w \u015bwiatowych konkursach<\/li>\n\n\n\n<li>Produkty nale\u017c\u0105ce do segmentu oliw premium<\/li>\n\n\n\n<li>Jako\u015b\u0107 gwarantowana certy\ufb01katami IGP (SICILIA, TOSCANO), DOP (UMBRIA)<\/li>\n\n\n\n<li>Produkowane wy\u0142\u0105cznie z jednej odmiany oliwek (Monocultivary)<\/li>\n\n\n\n<li>Coratina numerem 1 w konkursie EVOOLEUM 2022 Absolute Best***<\/li>\n<\/ul>\n\n\n\n<p><small>*** EVOOLEUM to mi\u0119dzynarodowy konkurs na najlepsz\u0105 oliw\u0119 z oliwek extra vergine, na kt\u00f3rym corocznie nagradzanych jest 100 najlepszych produkt\u00f3w na \u015bwiecie.<\/small><\/p>\n<\/div><figure class=\"wp-block-media-text__media\"><img loading=\"lazy\" decoding=\"async\" width=\"779\" height=\"1024\" src=\"https:\/\/shumans-monini-stage.ccws.it\/wp-content\/uploads\/2025\/08\/horeca_dopyiinne2-779x1024.jpg\" alt=\"\" class=\"wp-image-31114 size-full\" srcset=\"https:\/\/shumans-monini-stage.ccws.it\/wp-content\/uploads\/2025\/08\/horeca_dopyiinne2-779x1024.jpg 779w, https:\/\/shumans-monini-stage.ccws.it\/wp-content\/uploads\/2025\/08\/horeca_dopyiinne2-533x700.jpg 533w, https:\/\/shumans-monini-stage.ccws.it\/wp-content\/uploads\/2025\/08\/horeca_dopyiinne2-768x1009.jpg 768w, https:\/\/shumans-monini-stage.ccws.it\/wp-content\/uploads\/2025\/08\/horeca_dopyiinne2.jpg 1274w\" sizes=\"auto, (max-width: 779px) 100vw, 779px\" \/><\/figure><\/div>\n\n\n\n<div style=\"height:50px\" aria-hidden=\"true\" class=\"wp-block-spacer\"><\/div>\n\n\n\n<h2 class=\"wp-block-heading has-text-align-center\">DO SMAKU<\/h2>\n\n\n\n<div style=\"height:50px\" aria-hidden=\"true\" class=\"wp-block-spacer\"><\/div>\n\n\n\n<div class=\"wp-block-media-text is-stacked-on-mobile\"><figure class=\"wp-block-media-text__media\"><img loading=\"lazy\" decoding=\"async\" width=\"1024\" height=\"626\" src=\"https:\/\/shumans-monini-stage.ccws.it\/wp-content\/uploads\/2025\/08\/horeca_balsamiczne2-1024x626.jpg\" alt=\"\" class=\"wp-image-31128 size-full\" srcset=\"https:\/\/shumans-monini-stage.ccws.it\/wp-content\/uploads\/2025\/08\/horeca_balsamiczne2-1024x626.jpg 1024w, https:\/\/shumans-monini-stage.ccws.it\/wp-content\/uploads\/2025\/08\/horeca_balsamiczne2-700x428.jpg 700w, https:\/\/shumans-monini-stage.ccws.it\/wp-content\/uploads\/2025\/08\/horeca_balsamiczne2-768x470.jpg 768w, https:\/\/shumans-monini-stage.ccws.it\/wp-content\/uploads\/2025\/08\/horeca_balsamiczne2.jpg 1274w\" sizes=\"auto, (max-width: 1024px) 100vw, 1024px\" \/><\/figure><div class=\"wp-block-media-text__content\">\n<hr class=\"wp-block-separator has-alpha-channel-opacity\"\/>\n\n\n\n<h6 class=\"wp-block-heading\">KREMY Z OCTU BALSAMICZNEGO<\/h6>\n\n\n\n<p>Doskona\u0142e do sa\u0142at, ser\u00f3w, da\u0144 z mi\u0119sa, ryb i deser\u00f3w<\/p>\n\n\n\n<p>Jedna z najwy\u017cszych na rynku zawarto\u015b\u0107 procentowa octu balsamicznego<\/p>\n\n\n\n<p>W czterech wariantach smakowych<\/p>\n\n\n\n<p>G\u0119sta konsystencja idealnie doprawia i dekoruje<\/p>\n<\/div><\/div>\n\n\n\n<div style=\"height:50px\" aria-hidden=\"true\" class=\"wp-block-spacer\"><\/div>\n\n\n\n<div class=\"wp-block-media-text has-media-on-the-right is-stacked-on-mobile\"><div class=\"wp-block-media-text__content\">\n<hr class=\"wp-block-separator has-alpha-channel-opacity\"\/>\n\n\n\n<h6 class=\"wp-block-heading\">OCTY<\/h6>\n\n\n\n<ul class=\"wp-block-list\">\n<li>Dodaj\u0105 potrawom bogatego smaku<\/li>\n\n\n\n<li>Stworzone na bazie sk\u0142adnik\u00f3w najwy\u017cszej jako\u015bci<\/li>\n<\/ul>\n\n\n\n<p>Dost\u0119pne gramatury: 250ml, 500ml (z wyj\u0105tkiem octu jab\u0142kowego)<\/p>\n<\/div><figure class=\"wp-block-media-text__media\"><img loading=\"lazy\" decoding=\"async\" width=\"1024\" height=\"936\" src=\"https:\/\/shumans-monini-stage.ccws.it\/wp-content\/uploads\/2025\/08\/horeca_octy2-1024x936.jpg\" alt=\"\" class=\"wp-image-31142 size-full\" srcset=\"https:\/\/shumans-monini-stage.ccws.it\/wp-content\/uploads\/2025\/08\/horeca_octy2-1024x936.jpg 1024w, https:\/\/shumans-monini-stage.ccws.it\/wp-content\/uploads\/2025\/08\/horeca_octy2-700x640.jpg 700w, https:\/\/shumans-monini-stage.ccws.it\/wp-content\/uploads\/2025\/08\/horeca_octy2-768x702.jpg 768w, https:\/\/shumans-monini-stage.ccws.it\/wp-content\/uploads\/2025\/08\/horeca_octy2.jpg 1065w\" sizes=\"auto, (max-width: 1024px) 100vw, 1024px\" \/><\/figure><\/div>\n\n\n\n<div style=\"height:50px\" aria-hidden=\"true\" class=\"wp-block-spacer\"><\/div>\n\n\n\n<h2 class=\"wp-block-heading has-text-align-center\">OLEJE<\/h2>\n\n\n\n<div style=\"height:50px\" aria-hidden=\"true\" class=\"wp-block-spacer\"><\/div>\n\n\n\n<div class=\"wp-block-media-text is-stacked-on-mobile\"><figure class=\"wp-block-media-text__media\"><img loading=\"lazy\" decoding=\"async\" width=\"882\" height=\"1012\" src=\"https:\/\/shumans-monini-stage.ccws.it\/wp-content\/uploads\/2025\/08\/horeca-oleje2.jpg\" alt=\"\" class=\"wp-image-31156 size-full\" srcset=\"https:\/\/shumans-monini-stage.ccws.it\/wp-content\/uploads\/2025\/08\/horeca-oleje2.jpg 882w, https:\/\/shumans-monini-stage.ccws.it\/wp-content\/uploads\/2025\/08\/horeca-oleje2-610x700.jpg 610w, https:\/\/shumans-monini-stage.ccws.it\/wp-content\/uploads\/2025\/08\/horeca-oleje2-768x881.jpg 768w\" sizes=\"auto, (max-width: 882px) 100vw, 882px\" \/><\/figure><div class=\"wp-block-media-text__content\">\n<hr class=\"wp-block-separator has-alpha-channel-opacity\"\/>\n\n\n\n<h6 class=\"wp-block-heading\">OLEJ Z PESTEK WINOGRON<\/h6>\n\n\n\n<ul class=\"wp-block-list\">\n<li>\u015awietny do pieczenia oraz grillowania<\/li>\n\n\n\n<li>Dzi\u0119ki delikatno\u015bci i bezwonno\u015bci zachowuje naturalny smak potraw<\/li>\n<\/ul>\n\n\n\n<p>Dost\u0119pne gramatury: 500ml, 1l, 2l<\/p>\n<\/div><\/div>\n\n\n\n<div style=\"height:50px\" aria-hidden=\"true\" class=\"wp-block-spacer\"><\/div>\n\n\n\n<div class=\"wp-block-media-text has-media-on-the-right is-stacked-on-mobile\"><div class=\"wp-block-media-text__content\">\n<hr class=\"wp-block-separator has-alpha-channel-opacity\"\/>\n\n\n\n<h6 class=\"wp-block-heading\">OLEJ RY\u017bOWY<\/h6>\n\n\n\n<ul class=\"wp-block-list\">\n<li>Neutralny smak i zapach<\/li>\n\n\n\n<li>Doskona\u0142y do sma\u017cenia w wysokich temperaturach<\/li>\n<\/ul>\n\n\n\n<p>Dost\u0119pne gramatury: 500ml, 1l, 2l<\/p>\n<\/div><figure class=\"wp-block-media-text__media\"><img loading=\"lazy\" decoding=\"async\" width=\"752\" height=\"1024\" src=\"https:\/\/shumans-monini-stage.ccws.it\/wp-content\/uploads\/2025\/08\/horeca_ryzowe3-752x1024.jpg\" alt=\"\" class=\"wp-image-31170 size-full\" srcset=\"https:\/\/shumans-monini-stage.ccws.it\/wp-content\/uploads\/2025\/08\/horeca_ryzowe3-752x1024.jpg 752w, https:\/\/shumans-monini-stage.ccws.it\/wp-content\/uploads\/2025\/08\/horeca_ryzowe3-514x700.jpg 514w, https:\/\/shumans-monini-stage.ccws.it\/wp-content\/uploads\/2025\/08\/horeca_ryzowe3.jpg 762w\" sizes=\"auto, (max-width: 752px) 100vw, 752px\" \/><\/figure><\/div>\n<\/div><\/div>\n","protected":false},"excerpt":{"rendered":"<p>PROFESJONALNE PRODUKTYDLA KANA\u0141U HoReCa Nazwy niekt\u00f3rych w\u0142oskich marek m\u00f3wi\u0105 same za siebie. Stoj\u0105ce za nimi&#8230;<\/p>\n","protected":false},"author":3,"featured_media":0,"parent":0,"menu_order":0,"comment_status":"closed","ping_status":"closed","template":"","meta":{"_acf_changed":false,"footnotes":""},"class_list":["post-31039","page","type-page","status-publish","hentry"],"yoast_head":"<!-- This site is optimized with the Yoast SEO plugin v25.8 - https:\/\/yoast.com\/wordpress\/plugins\/seo\/ -->\n<title>Oferta dla sektora HoReCa - Monini<\/title>\n<meta name=\"robots\" content=\"noindex, follow, max-snippet:-1, max-image-preview:large, max-video-preview:-1\" \/>\n<meta property=\"og:locale\" content=\"pl_PL\" \/>\n<meta property=\"og:type\" content=\"article\" \/>\n<meta property=\"og:title\" content=\"Oferta dla sektora HoReCa - Monini\" \/>\n<meta property=\"og:description\" content=\"PROFESJONALNE PRODUKTYDLA KANA\u0141U HoReCa Nazwy niekt\u00f3rych w\u0142oskich marek m\u00f3wi\u0105 same za siebie. Stoj\u0105ce za nimi...\" \/>\n<meta property=\"og:url\" content=\"https:\/\/shumans-monini-stage.ccws.it\/pl\/oferta-dla-sektora-horeca\/\" \/>\n<meta property=\"og:site_name\" content=\"Monini\" \/>\n<meta property=\"article:publisher\" content=\"https:\/\/www.facebook.com\/MoniniOlio\/\" \/>\n<meta property=\"article:modified_time\" content=\"2025-08-01T11:04:35+00:00\" \/>\n<meta property=\"og:image\" content=\"https:\/\/shumans-monini-stage.ccws.it\/wp-content\/uploads\/2025\/08\/horeca-1.jpg\" \/>\n\t<meta property=\"og:image:width\" content=\"2004\" \/>\n\t<meta property=\"og:image:height\" content=\"2328\" \/>\n\t<meta property=\"og:image:type\" content=\"image\/jpeg\" \/>\n<meta name=\"twitter:card\" content=\"summary_large_image\" \/>\n<meta name=\"twitter:label1\" content=\"Szacowany czas czytania\" \/>\n\t<meta name=\"twitter:data1\" content=\"4 minuta\" \/>\n<script type=\"application\/ld+json\" class=\"yoast-schema-graph\">{\"@context\":\"https:\/\/schema.org\",\"@graph\":[{\"@type\":\"WebPage\",\"@id\":\"https:\/\/shumans-monini-stage.ccws.it\/pl\/oferta-dla-sektora-horeca\/\",\"url\":\"https:\/\/shumans-monini-stage.ccws.it\/pl\/oferta-dla-sektora-horeca\/\",\"name\":\"Oferta dla sektora HoReCa - Monini\",\"isPartOf\":{\"@id\":\"https:\/\/shumans-monini-stage.ccws.it\/pl\/#website\"},\"primaryImageOfPage\":{\"@id\":\"https:\/\/shumans-monini-stage.ccws.it\/pl\/oferta-dla-sektora-horeca\/#primaryimage\"},\"image\":{\"@id\":\"https:\/\/shumans-monini-stage.ccws.it\/pl\/oferta-dla-sektora-horeca\/#primaryimage\"},\"thumbnailUrl\":\"https:\/\/shumans-monini-stage.ccws.it\/wp-content\/uploads\/2025\/08\/horeca-1-881x1024.jpg\",\"datePublished\":\"2025-08-01T11:03:50+00:00\",\"dateModified\":\"2025-08-01T11:04:35+00:00\",\"breadcrumb\":{\"@id\":\"https:\/\/shumans-monini-stage.ccws.it\/pl\/oferta-dla-sektora-horeca\/#breadcrumb\"},\"inLanguage\":\"pl-PL\",\"potentialAction\":[{\"@type\":\"ReadAction\",\"target\":[\"https:\/\/shumans-monini-stage.ccws.it\/pl\/oferta-dla-sektora-horeca\/\"]}]},{\"@type\":\"ImageObject\",\"inLanguage\":\"pl-PL\",\"@id\":\"https:\/\/shumans-monini-stage.ccws.it\/pl\/oferta-dla-sektora-horeca\/#primaryimage\",\"url\":\"https:\/\/shumans-monini-stage.ccws.it\/wp-content\/uploads\/2025\/08\/horeca-1-881x1024.jpg\",\"contentUrl\":\"https:\/\/shumans-monini-stage.ccws.it\/wp-content\/uploads\/2025\/08\/horeca-1-881x1024.jpg\"},{\"@type\":\"BreadcrumbList\",\"@id\":\"https:\/\/shumans-monini-stage.ccws.it\/pl\/oferta-dla-sektora-horeca\/#breadcrumb\",\"itemListElement\":[{\"@type\":\"ListItem\",\"position\":1,\"name\":\"Home\",\"item\":\"https:\/\/shumans-monini-stage.ccws.it\/pl\/\"},{\"@type\":\"ListItem\",\"position\":2,\"name\":\"Oferta dla sektora HoReCa\"}]},{\"@type\":\"WebSite\",\"@id\":\"https:\/\/shumans-monini-stage.ccws.it\/pl\/#website\",\"url\":\"https:\/\/shumans-monini-stage.ccws.it\/pl\/\",\"name\":\"Monini\",\"description\":\"Una spremuta di olive\",\"potentialAction\":[{\"@type\":\"SearchAction\",\"target\":{\"@type\":\"EntryPoint\",\"urlTemplate\":\"https:\/\/shumans-monini-stage.ccws.it\/pl\/?s={search_term_string}\"},\"query-input\":{\"@type\":\"PropertyValueSpecification\",\"valueRequired\":true,\"valueName\":\"search_term_string\"}}],\"inLanguage\":\"pl-PL\"}]}<\/script>\n<!-- \/ Yoast SEO plugin. -->","yoast_head_json":{"title":"Oferta dla sektora HoReCa - Monini","robots":{"index":"noindex","follow":"follow","max-snippet":"max-snippet:-1","max-image-preview":"max-image-preview:large","max-video-preview":"max-video-preview:-1"},"og_locale":"pl_PL","og_type":"article","og_title":"Oferta dla sektora HoReCa - Monini","og_description":"PROFESJONALNE PRODUKTYDLA KANA\u0141U HoReCa Nazwy niekt\u00f3rych w\u0142oskich marek m\u00f3wi\u0105 same za siebie. Stoj\u0105ce za nimi...","og_url":"https:\/\/shumans-monini-stage.ccws.it\/pl\/oferta-dla-sektora-horeca\/","og_site_name":"Monini","article_publisher":"https:\/\/www.facebook.com\/MoniniOlio\/","article_modified_time":"2025-08-01T11:04:35+00:00","og_image":[{"width":2004,"height":2328,"url":"https:\/\/shumans-monini-stage.ccws.it\/wp-content\/uploads\/2025\/08\/horeca-1.jpg","type":"image\/jpeg"}],"twitter_card":"summary_large_image","twitter_misc":{"Szacowany czas czytania":"4 minuta"},"schema":{"@context":"https:\/\/schema.org","@graph":[{"@type":"WebPage","@id":"https:\/\/shumans-monini-stage.ccws.it\/pl\/oferta-dla-sektora-horeca\/","url":"https:\/\/shumans-monini-stage.ccws.it\/pl\/oferta-dla-sektora-horeca\/","name":"Oferta dla sektora HoReCa - Monini","isPartOf":{"@id":"https:\/\/shumans-monini-stage.ccws.it\/pl\/#website"},"primaryImageOfPage":{"@id":"https:\/\/shumans-monini-stage.ccws.it\/pl\/oferta-dla-sektora-horeca\/#primaryimage"},"image":{"@id":"https:\/\/shumans-monini-stage.ccws.it\/pl\/oferta-dla-sektora-horeca\/#primaryimage"},"thumbnailUrl":"https:\/\/shumans-monini-stage.ccws.it\/wp-content\/uploads\/2025\/08\/horeca-1-881x1024.jpg","datePublished":"2025-08-01T11:03:50+00:00","dateModified":"2025-08-01T11:04:35+00:00","breadcrumb":{"@id":"https:\/\/shumans-monini-stage.ccws.it\/pl\/oferta-dla-sektora-horeca\/#breadcrumb"},"inLanguage":"pl-PL","potentialAction":[{"@type":"ReadAction","target":["https:\/\/shumans-monini-stage.ccws.it\/pl\/oferta-dla-sektora-horeca\/"]}]},{"@type":"ImageObject","inLanguage":"pl-PL","@id":"https:\/\/shumans-monini-stage.ccws.it\/pl\/oferta-dla-sektora-horeca\/#primaryimage","url":"https:\/\/shumans-monini-stage.ccws.it\/wp-content\/uploads\/2025\/08\/horeca-1-881x1024.jpg","contentUrl":"https:\/\/shumans-monini-stage.ccws.it\/wp-content\/uploads\/2025\/08\/horeca-1-881x1024.jpg"},{"@type":"BreadcrumbList","@id":"https:\/\/shumans-monini-stage.ccws.it\/pl\/oferta-dla-sektora-horeca\/#breadcrumb","itemListElement":[{"@type":"ListItem","position":1,"name":"Home","item":"https:\/\/shumans-monini-stage.ccws.it\/pl\/"},{"@type":"ListItem","position":2,"name":"Oferta dla sektora HoReCa"}]},{"@type":"WebSite","@id":"https:\/\/shumans-monini-stage.ccws.it\/pl\/#website","url":"https:\/\/shumans-monini-stage.ccws.it\/pl\/","name":"Monini","description":"Una spremuta di olive","potentialAction":[{"@type":"SearchAction","target":{"@type":"EntryPoint","urlTemplate":"https:\/\/shumans-monini-stage.ccws.it\/pl\/?s={search_term_string}"},"query-input":{"@type":"PropertyValueSpecification","valueRequired":true,"valueName":"search_term_string"}}],"inLanguage":"pl-PL"}]}},"acf":[],"_links":{"self":[{"href":"https:\/\/shumans-monini-stage.ccws.it\/pl\/wp-json\/wp\/v2\/pages\/31039","targetHints":{"allow":["GET"]}}],"collection":[{"href":"https:\/\/shumans-monini-stage.ccws.it\/pl\/wp-json\/wp\/v2\/pages"}],"about":[{"href":"https:\/\/shumans-monini-stage.ccws.it\/pl\/wp-json\/wp\/v2\/types\/page"}],"author":[{"embeddable":true,"href":"https:\/\/shumans-monini-stage.ccws.it\/pl\/wp-json\/wp\/v2\/users\/3"}],"replies":[{"embeddable":true,"href":"https:\/\/shumans-monini-stage.ccws.it\/pl\/wp-json\/wp\/v2\/comments?post=31039"}],"version-history":[{"count":3,"href":"https:\/\/shumans-monini-stage.ccws.it\/pl\/wp-json\/wp\/v2\/pages\/31039\/revisions"}],"predecessor-version":[{"id":31186,"href":"https:\/\/shumans-monini-stage.ccws.it\/pl\/wp-json\/wp\/v2\/pages\/31039\/revisions\/31186"}],"wp:attachment":[{"href":"https:\/\/shumans-monini-stage.ccws.it\/pl\/wp-json\/wp\/v2\/media?parent=31039"}],"curies":[{"name":"wp","href":"https:\/\/api.w.org\/{rel}","templated":true}]}}