{"id":31187,"date":"2025-08-01T13:05:21","date_gmt":"2025-08-01T11:05:21","guid":{"rendered":"https:\/\/shumans-monini-stage.ccws.it\/?page_id=31187"},"modified":"2025-08-01T13:06:44","modified_gmt":"2025-08-01T11:06:44","slug":"kontakt-do-przedstawicieli-w-regionach","status":"publish","type":"page","link":"https:\/\/shumans-monini-stage.ccws.it\/pl\/kontakt-do-przedstawicieli-w-regionach\/","title":{"rendered":"Kontakt do Przedstawicieli w regionach"},"content":{"rendered":"<div class=\"wp-block-image\">\n<figure class=\"aligncenter size-large\"><img loading=\"lazy\" decoding=\"async\" width=\"1024\" height=\"149\" src=\"https:\/\/shumans-monini-stage.ccws.it\/wp-content\/uploads\/2025\/08\/baner_HoReCa_final-1024x149.jpg\" alt=\"\" class=\"wp-image-31189\" srcset=\"https:\/\/shumans-monini-stage.ccws.it\/wp-content\/uploads\/2025\/08\/baner_HoReCa_final-1024x149.jpg 1024w, https:\/\/shumans-monini-stage.ccws.it\/wp-content\/uploads\/2025\/08\/baner_HoReCa_final-700x102.jpg 700w, https:\/\/shumans-monini-stage.ccws.it\/wp-content\/uploads\/2025\/08\/baner_HoReCa_final-768x112.jpg 768w, https:\/\/shumans-monini-stage.ccws.it\/wp-content\/uploads\/2025\/08\/baner_HoReCa_final.jpg 1920w\" sizes=\"auto, (max-width: 1024px) 100vw, 1024px\" \/><\/figure>\n<\/div>\n\n\n<div class=\"wp-block-group is-style-spaced\"><div class=\"wp-block-group__inner-container\">\n<hr class=\"wp-block-separator has-alpha-channel-opacity\"\/>\n\n\n\n<p>Aby uzyska\u0107 wi\u0119cej informacji prosimy o kontakt z naszymi przedstawicielami w regionach b\u0105d\u017a na adres:&nbsp;<a href=\"mailto:info@monini.pl\">info@monini.pl<\/a>.<\/p>\n\n\n\n<p>Centralna Polska (\u0142\u00f3dzkie, mazowieckie) \u2013&nbsp;<a href=\"tel:+48669898689\">669 898 689<\/a><br>Region p\u00f3\u0142nocny (zachodnio-pomorskie, pomorskie, warmi\u0144sko-mazurskie, kujawsko-pomorskie) \u2013&nbsp;<a href=\"tel:+48669052614\">669 052 614<\/a><br>Region zachodni (wielkopolskie, lubuskie) \u2013&nbsp;<a href=\"tel:+48669052998\">669 052 998<\/a><br>Region po\u0142udniowo-zachodni (opolskie, \u015bl\u0105skie) \u2013&nbsp;<a href=\"tel:+48669052927\">669 052 927<\/a><br>Region po\u0142udniowo-zachodni (dolno\u015bl\u0105skie)&nbsp;<a href=\"tel:+48606851744\">606 851 744<\/a><br>Region po\u0142udniowy (podkarpackie, ma\u0142opolskie, \u015bwi\u0119tokrzyskie) \u2013&nbsp;<a href=\"tel:+48669052281\">669 052 281<\/a><br>Region wschodni (podlaskie, lubelskie, mazowieckie) \u2013&nbsp;<a href=\"tel:+48669052151\">669 052 151<\/a><\/p>\n\n\n\n<hr class=\"wp-block-separator has-alpha-channel-opacity\"\/>\n<\/div><\/div>\n","protected":false},"excerpt":{"rendered":"<p>Aby uzyska\u0107 wi\u0119cej informacji prosimy o kontakt z naszymi przedstawicielami w regionach b\u0105d\u017a na adres:&nbsp;info@monini.pl&#8230;.<\/p>\n","protected":false},"author":3,"featured_media":0,"parent":0,"menu_order":0,"comment_status":"closed","ping_status":"closed","template":"","meta":{"_acf_changed":false,"footnotes":""},"class_list":["post-31187","page","type-page","status-publish","hentry"],"yoast_head":"<!-- This site is optimized with the Yoast SEO plugin v25.8 - https:\/\/yoast.com\/wordpress\/plugins\/seo\/ -->\n<title>Kontakt do Przedstawicieli w regionach - Monini<\/title>\n<meta name=\"robots\" content=\"noindex, follow, max-snippet:-1, max-image-preview:large, max-video-preview:-1\" \/>\n<meta property=\"og:locale\" content=\"pl_PL\" \/>\n<meta property=\"og:type\" content=\"article\" \/>\n<meta property=\"og:title\" content=\"Kontakt do Przedstawicieli w regionach - Monini\" \/>\n<meta property=\"og:description\" content=\"Aby uzyska\u0107 wi\u0119cej informacji prosimy o kontakt z naszymi przedstawicielami w regionach b\u0105d\u017a na adres:&nbsp;info@monini.pl....\" \/>\n<meta property=\"og:url\" content=\"https:\/\/shumans-monini-stage.ccws.it\/pl\/kontakt-do-przedstawicieli-w-regionach\/\" \/>\n<meta property=\"og:site_name\" content=\"Monini\" \/>\n<meta property=\"article:publisher\" content=\"https:\/\/www.facebook.com\/MoniniOlio\/\" \/>\n<meta property=\"article:modified_time\" content=\"2025-08-01T11:06:44+00:00\" \/>\n<meta property=\"og:image\" content=\"https:\/\/shumans-monini-stage.ccws.it\/wp-content\/uploads\/2025\/08\/baner_HoReCa_final.jpg\" \/>\n\t<meta property=\"og:image:width\" content=\"1920\" \/>\n\t<meta property=\"og:image:height\" content=\"280\" \/>\n\t<meta property=\"og:image:type\" content=\"image\/jpeg\" \/>\n<meta name=\"twitter:card\" content=\"summary_large_image\" \/>\n<meta name=\"twitter:label1\" content=\"Szacowany czas czytania\" \/>\n\t<meta name=\"twitter:data1\" content=\"1 minuta\" \/>\n<script type=\"application\/ld+json\" class=\"yoast-schema-graph\">{\"@context\":\"https:\/\/schema.org\",\"@graph\":[{\"@type\":\"WebPage\",\"@id\":\"https:\/\/shumans-monini-stage.ccws.it\/pl\/kontakt-do-przedstawicieli-w-regionach\/\",\"url\":\"https:\/\/shumans-monini-stage.ccws.it\/pl\/kontakt-do-przedstawicieli-w-regionach\/\",\"name\":\"Kontakt do Przedstawicieli w regionach - Monini\",\"isPartOf\":{\"@id\":\"https:\/\/shumans-monini-stage.ccws.it\/pl\/#website\"},\"primaryImageOfPage\":{\"@id\":\"https:\/\/shumans-monini-stage.ccws.it\/pl\/kontakt-do-przedstawicieli-w-regionach\/#primaryimage\"},\"image\":{\"@id\":\"https:\/\/shumans-monini-stage.ccws.it\/pl\/kontakt-do-przedstawicieli-w-regionach\/#primaryimage\"},\"thumbnailUrl\":\"https:\/\/shumans-monini-stage.ccws.it\/wp-content\/uploads\/2025\/08\/baner_HoReCa_final-1024x149.jpg\",\"datePublished\":\"2025-08-01T11:05:21+00:00\",\"dateModified\":\"2025-08-01T11:06:44+00:00\",\"breadcrumb\":{\"@id\":\"https:\/\/shumans-monini-stage.ccws.it\/pl\/kontakt-do-przedstawicieli-w-regionach\/#breadcrumb\"},\"inLanguage\":\"pl-PL\",\"potentialAction\":[{\"@type\":\"ReadAction\",\"target\":[\"https:\/\/shumans-monini-stage.ccws.it\/pl\/kontakt-do-przedstawicieli-w-regionach\/\"]}]},{\"@type\":\"ImageObject\",\"inLanguage\":\"pl-PL\",\"@id\":\"https:\/\/shumans-monini-stage.ccws.it\/pl\/kontakt-do-przedstawicieli-w-regionach\/#primaryimage\",\"url\":\"https:\/\/shumans-monini-stage.ccws.it\/wp-content\/uploads\/2025\/08\/baner_HoReCa_final-1024x149.jpg\",\"contentUrl\":\"https:\/\/shumans-monini-stage.ccws.it\/wp-content\/uploads\/2025\/08\/baner_HoReCa_final-1024x149.jpg\"},{\"@type\":\"BreadcrumbList\",\"@id\":\"https:\/\/shumans-monini-stage.ccws.it\/pl\/kontakt-do-przedstawicieli-w-regionach\/#breadcrumb\",\"itemListElement\":[{\"@type\":\"ListItem\",\"position\":1,\"name\":\"Home\",\"item\":\"https:\/\/shumans-monini-stage.ccws.it\/pl\/\"},{\"@type\":\"ListItem\",\"position\":2,\"name\":\"Kontakt do Przedstawicieli w regionach\"}]},{\"@type\":\"WebSite\",\"@id\":\"https:\/\/shumans-monini-stage.ccws.it\/pl\/#website\",\"url\":\"https:\/\/shumans-monini-stage.ccws.it\/pl\/\",\"name\":\"Monini\",\"description\":\"Una spremuta di olive\",\"potentialAction\":[{\"@type\":\"SearchAction\",\"target\":{\"@type\":\"EntryPoint\",\"urlTemplate\":\"https:\/\/shumans-monini-stage.ccws.it\/pl\/?s={search_term_string}\"},\"query-input\":{\"@type\":\"PropertyValueSpecification\",\"valueRequired\":true,\"valueName\":\"search_term_string\"}}],\"inLanguage\":\"pl-PL\"}]}<\/script>\n<!-- \/ Yoast SEO plugin. -->","yoast_head_json":{"title":"Kontakt do Przedstawicieli w regionach - Monini","robots":{"index":"noindex","follow":"follow","max-snippet":"max-snippet:-1","max-image-preview":"max-image-preview:large","max-video-preview":"max-video-preview:-1"},"og_locale":"pl_PL","og_type":"article","og_title":"Kontakt do Przedstawicieli w regionach - Monini","og_description":"Aby uzyska\u0107 wi\u0119cej informacji prosimy o kontakt z naszymi przedstawicielami w regionach b\u0105d\u017a na adres:&nbsp;info@monini.pl....","og_url":"https:\/\/shumans-monini-stage.ccws.it\/pl\/kontakt-do-przedstawicieli-w-regionach\/","og_site_name":"Monini","article_publisher":"https:\/\/www.facebook.com\/MoniniOlio\/","article_modified_time":"2025-08-01T11:06:44+00:00","og_image":[{"width":1920,"height":280,"url":"https:\/\/shumans-monini-stage.ccws.it\/wp-content\/uploads\/2025\/08\/baner_HoReCa_final.jpg","type":"image\/jpeg"}],"twitter_card":"summary_large_image","twitter_misc":{"Szacowany czas czytania":"1 minuta"},"schema":{"@context":"https:\/\/schema.org","@graph":[{"@type":"WebPage","@id":"https:\/\/shumans-monini-stage.ccws.it\/pl\/kontakt-do-przedstawicieli-w-regionach\/","url":"https:\/\/shumans-monini-stage.ccws.it\/pl\/kontakt-do-przedstawicieli-w-regionach\/","name":"Kontakt do Przedstawicieli w regionach - Monini","isPartOf":{"@id":"https:\/\/shumans-monini-stage.ccws.it\/pl\/#website"},"primaryImageOfPage":{"@id":"https:\/\/shumans-monini-stage.ccws.it\/pl\/kontakt-do-przedstawicieli-w-regionach\/#primaryimage"},"image":{"@id":"https:\/\/shumans-monini-stage.ccws.it\/pl\/kontakt-do-przedstawicieli-w-regionach\/#primaryimage"},"thumbnailUrl":"https:\/\/shumans-monini-stage.ccws.it\/wp-content\/uploads\/2025\/08\/baner_HoReCa_final-1024x149.jpg","datePublished":"2025-08-01T11:05:21+00:00","dateModified":"2025-08-01T11:06:44+00:00","breadcrumb":{"@id":"https:\/\/shumans-monini-stage.ccws.it\/pl\/kontakt-do-przedstawicieli-w-regionach\/#breadcrumb"},"inLanguage":"pl-PL","potentialAction":[{"@type":"ReadAction","target":["https:\/\/shumans-monini-stage.ccws.it\/pl\/kontakt-do-przedstawicieli-w-regionach\/"]}]},{"@type":"ImageObject","inLanguage":"pl-PL","@id":"https:\/\/shumans-monini-stage.ccws.it\/pl\/kontakt-do-przedstawicieli-w-regionach\/#primaryimage","url":"https:\/\/shumans-monini-stage.ccws.it\/wp-content\/uploads\/2025\/08\/baner_HoReCa_final-1024x149.jpg","contentUrl":"https:\/\/shumans-monini-stage.ccws.it\/wp-content\/uploads\/2025\/08\/baner_HoReCa_final-1024x149.jpg"},{"@type":"BreadcrumbList","@id":"https:\/\/shumans-monini-stage.ccws.it\/pl\/kontakt-do-przedstawicieli-w-regionach\/#breadcrumb","itemListElement":[{"@type":"ListItem","position":1,"name":"Home","item":"https:\/\/shumans-monini-stage.ccws.it\/pl\/"},{"@type":"ListItem","position":2,"name":"Kontakt do Przedstawicieli w regionach"}]},{"@type":"WebSite","@id":"https:\/\/shumans-monini-stage.ccws.it\/pl\/#website","url":"https:\/\/shumans-monini-stage.ccws.it\/pl\/","name":"Monini","description":"Una spremuta di olive","potentialAction":[{"@type":"SearchAction","target":{"@type":"EntryPoint","urlTemplate":"https:\/\/shumans-monini-stage.ccws.it\/pl\/?s={search_term_string}"},"query-input":{"@type":"PropertyValueSpecification","valueRequired":true,"valueName":"search_term_string"}}],"inLanguage":"pl-PL"}]}},"acf":[],"_links":{"self":[{"href":"https:\/\/shumans-monini-stage.ccws.it\/pl\/wp-json\/wp\/v2\/pages\/31187","targetHints":{"allow":["GET"]}}],"collection":[{"href":"https:\/\/shumans-monini-stage.ccws.it\/pl\/wp-json\/wp\/v2\/pages"}],"about":[{"href":"https:\/\/shumans-monini-stage.ccws.it\/pl\/wp-json\/wp\/v2\/types\/page"}],"author":[{"embeddable":true,"href":"https:\/\/shumans-monini-stage.ccws.it\/pl\/wp-json\/wp\/v2\/users\/3"}],"replies":[{"embeddable":true,"href":"https:\/\/shumans-monini-stage.ccws.it\/pl\/wp-json\/wp\/v2\/comments?post=31187"}],"version-history":[{"count":3,"href":"https:\/\/shumans-monini-stage.ccws.it\/pl\/wp-json\/wp\/v2\/pages\/31187\/revisions"}],"predecessor-version":[{"id":31205,"href":"https:\/\/shumans-monini-stage.ccws.it\/pl\/wp-json\/wp\/v2\/pages\/31187\/revisions\/31205"}],"wp:attachment":[{"href":"https:\/\/shumans-monini-stage.ccws.it\/pl\/wp-json\/wp\/v2\/media?parent=31187"}],"curies":[{"name":"wp","href":"https:\/\/api.w.org\/{rel}","templated":true}]}}