{"id":31212,"date":"2025-08-01T13:16:52","date_gmt":"2025-08-01T11:16:52","guid":{"rendered":"https:\/\/shumans-monini-stage.ccws.it\/?page_id=31212"},"modified":"2025-08-01T13:23:44","modified_gmt":"2025-08-01T11:23:44","slug":"szkola-na-widelcu","status":"publish","type":"page","link":"https:\/\/shumans-monini-stage.ccws.it\/pl\/szkola-na-widelcu\/","title":{"rendered":"Szko\u0142a na Widelcu"},"content":{"rendered":"\n<h2 class=\"wp-block-heading has-text-align-center\">PROGRAM DOBRZE JEMY<\/h2>\n\n\n\n<div class=\"wp-block-group is-style-spaced\"><div class=\"wp-block-group__inner-container\">\n<p class=\"has-text-align-center\">W Monini zale\u017cy nam, by wspiera\u0107 i propagowa\u0107 zdrowe nawyki \u017cywieniowe, szczeg\u00f3lnie w\u015br\u00f3d najm\u0142odszych. Dlatego wsp\u00f3\u0142pracujemy \u015bci\u015ble z Fundacj\u0105 Szko\u0142\u0105 na Widelcu, kt\u00f3rej celem jest edukacja dzieci w aspekcie zbilansowanej, warto\u015bciowej diety. Oddajmy g\u0142os Grzegorzowi \u0141apanowskiemu, kt\u00f3ry jest pomys\u0142odawc\u0105 i za\u0142o\u017cycielem Fundacji.<\/p>\n<\/div><\/div>\n\n\n\n<div style=\"height:50px\" aria-hidden=\"true\" class=\"wp-block-spacer\"><\/div>\n\n\n\n<div class=\"wp-block-group is-style-spaced\"><div class=\"wp-block-group__inner-container\"><figure class=\"wp-block-video\"><div class=\"monini_player\" data-plyr-provider=\"youtube\" data-plyr-embed-id=\"https:\/\/www.youtube.com\/watch?v=pEkRyGFSPPQ&#038;list=TLGGMpfHvgbU1BQwMTA4MjAyNQ\"><\/div><\/figure><\/div><\/div>\n\n\n\n<div style=\"height:50px\" aria-hidden=\"true\" class=\"wp-block-spacer\"><\/div>\n\n\n\n<div class=\"wp-block-group is-style-spaced\"><div class=\"wp-block-group__inner-container\">\n<div class=\"wp-block-media-text is-stacked-on-mobile\"><figure class=\"wp-block-media-text__media\"><img loading=\"lazy\" decoding=\"async\" width=\"742\" height=\"878\" src=\"https:\/\/shumans-monini-stage.ccws.it\/wp-content\/uploads\/2025\/08\/partner_dobrzejemy3.jpg\" alt=\"\" class=\"wp-image-31214 size-full\" srcset=\"https:\/\/shumans-monini-stage.ccws.it\/wp-content\/uploads\/2025\/08\/partner_dobrzejemy3.jpg 742w, https:\/\/shumans-monini-stage.ccws.it\/wp-content\/uploads\/2025\/08\/partner_dobrzejemy3-592x700.jpg 592w\" sizes=\"auto, (max-width: 742px) 100vw, 742px\" \/><\/figure><div class=\"wp-block-media-text__content\">\n<hr class=\"wp-block-separator has-alpha-channel-opacity\"\/>\n\n\n\n<p>Fundacja Szko\u0142a na Widelcu prowadzi wiele interesuj\u0105cych projekt\u00f3w, jak r\u00f3wnie\u017c dostarcza warto\u015bciowych tre\u015bci edukacyjnych. Jej flagowym dzia\u0142aniem jest program Dobrze Jemy ze Szko\u0142\u0105 na Widelcu, kt\u00f3ry polega na edukowaniu dzieci ze szk\u00f3\u0142 podstawowych w aspekcie zdrowego od\u017cywiania i gotowania. W ramach programu szko\u0142y otrzymuj\u0105 min. materia\u0142y edukacyjne opracowane we wsp\u00f3\u0142pracy z pedagogami, dietetykami, metodykami, kt\u00f3re pozwalaj\u0105 nauczycielom na prowadzenie w ci\u0105gu ca\u0142ego roku szkolnego zaj\u0119\u0107 teoretyczno-praktycznych z uczniami. Dlatego jako marka Monini postanowili\u015bmy aktywnie w\u0142\u0105czy\u0107 si\u0119 w propagowanie warto\u015bciowej i zbilansowanej diety oraz nauki podstawowych umiej\u0119tno\u015bci przydatnych w kuchni w\u015br\u00f3d dzieci szk\u00f3\u0142 podstawowych oraz zer\u00f3wek, a tak\u017ce ich rodzic\u00f3w i nauczycieli. Oliwa to przecie\u017c zdrowy, dobry t\u0142uszcz, dlatego powinien znale\u017a\u0107 si\u0119 na sta\u0142e w menu Polak\u00f3w zar\u00f3wno: tych m\u0142odszych, jak i doros\u0142ych.<\/p>\n\n\n\n<hr class=\"wp-block-separator has-alpha-channel-opacity\"\/>\n<\/div><\/div>\n<\/div><\/div>\n\n\n\n<div style=\"height:50px\" aria-hidden=\"true\" class=\"wp-block-spacer\"><\/div>\n\n\n\n<h2 class=\"wp-block-heading has-text-align-center\">FINA\u0141 III EDYCJI PROGRAMU \u201eDOBRZE JEMY ZE SZKO\u0141\u0104 NA WIDELCU\u201d<\/h2>\n\n\n\n<div style=\"height:50px\" aria-hidden=\"true\" class=\"wp-block-spacer\"><\/div>\n\n\n\n<div class=\"wp-block-columns\">\n<div class=\"wp-block-column\">\n<hr class=\"wp-block-separator has-alpha-channel-opacity\"\/>\n\n\n\n<p>Ponad 2000 szk\u00f3\u0142 wzi\u0119\u0142o udzia\u0142 w og\u00f3lnopolskim programie edukacji \u017cywieniowo-kulinarnej \u201eDobrze Jemy ze Szko\u0142\u0105&nbsp;na Widelcu\u201d. Dzi\u0119ki temu ponad 280.000 uczni\u00f3w mia\u0142o szans\u0119 nauczy\u0107 si\u0119 o dobrym jedzeniu i gotowaniu. Za nami wielki fina\u0142 konkursu realizowanego w ramach programu.<br>To by\u0142a \u201einna\u201d edycja. Przej\u015bcie szk\u00f3\u0142 na nauczanie zdalne by\u0142o ogromnym wyzwaniem w kontek\u015bcie realizacji Programu.<\/p>\n\n\n\n<hr class=\"wp-block-separator has-alpha-channel-opacity\"\/>\n<\/div>\n\n\n\n<div class=\"wp-block-column\">\n<hr class=\"wp-block-separator has-alpha-channel-opacity\"\/>\n\n\n\n<p>Jednak wielu nauczycieli nie podda\u0142o si\u0119. Dzi\u0119ki zaanga\u017cowaniu, du\u017cej motywacji i ch\u0119ci, w pewnym stopniu przenie\u015bli realizacj\u0119 \u201eDobrze Jemy\u201d do dom\u00f3w, dzi\u0119ki czemu zaanga\u017cowali wiele rodzin-rodzic\u00f3w i dzieci do wsp\u00f3lnej kulinarnej przygody. A jak wiele bada\u0144 wskazuje, w kszta\u0142towaniu prawid\u0142owych nawyk\u00f3w \u017cywieniowych to w\u0142a\u015bnie postawa rodzic\u00f3w ma kluczowe znaczenie. Szko\u0142a powinna by\u0107 odpowiednim wsparciem w tym procesie.<\/p>\n\n\n\n<hr class=\"wp-block-separator has-alpha-channel-opacity\"\/>\n<\/div>\n<\/div>\n\n\n\n<div style=\"height:50px\" aria-hidden=\"true\" class=\"wp-block-spacer\"><\/div>\n\n\n<div class=\"wp-block-image\">\n<figure class=\"aligncenter size-full\"><img loading=\"lazy\" decoding=\"async\" width=\"1024\" height=\"542\" src=\"https:\/\/shumans-monini-stage.ccws.it\/wp-content\/uploads\/2025\/08\/klasa1.jpg\" alt=\"\" class=\"wp-image-31229\" srcset=\"https:\/\/shumans-monini-stage.ccws.it\/wp-content\/uploads\/2025\/08\/klasa1.jpg 1024w, https:\/\/shumans-monini-stage.ccws.it\/wp-content\/uploads\/2025\/08\/klasa1-700x371.jpg 700w, https:\/\/shumans-monini-stage.ccws.it\/wp-content\/uploads\/2025\/08\/klasa1-768x407.jpg 768w\" sizes=\"auto, (max-width: 1024px) 100vw, 1024px\" \/><\/figure>\n<\/div>\n\n\n<div style=\"height:50px\" aria-hidden=\"true\" class=\"wp-block-spacer\"><\/div>\n\n\n\n<h2 class=\"wp-block-heading has-text-align-center\">10 POMYS\u0141\u00d3W NA PREZENT DLA DZIECKA, KT\u00d3RE NIE CHCE WYJ\u015a\u0106 Z KUCHNI<\/h2>\n\n\n\n<div class=\"wp-block-columns\">\n<div class=\"wp-block-column\">\n<hr class=\"wp-block-separator has-alpha-channel-opacity\"\/>\n\n\n\n<h6 class=\"wp-block-heading\"><strong>Warto wiedzie\u0107<\/strong><\/h6>\n\n\n\n<p>Gotowanie coraz cz\u0119\u015bciej staje si\u0119 swego rodzaju pasj\u0105 ju\u017c od najm\u0142odszych lat. Przys\u0142u\u017cy\u0142y si\u0119 do tego pewnie znane i lubiane programy kulinarne dla najm\u0142odszych i szko\u0142y gotowania. Co raz wi\u0119cej m\u00f3wi si\u0119 r\u00f3wnie\u017c o tym, ile pozytywnych rzeczy mo\u017ce p\u0142yn\u0105\u0107 z czasu sp\u0119dzonego w kuchni.<\/p>\n\n\n\n<p>Kucharzenie niesie naprawd\u0119 wiele korzy\u015bci: rozwija w\u0142a\u015bciwie wszystkie zmys\u0142y, prze\u0142amuje barier\u0119 w kontakcie z nowymi produktami, mo\u017ce<\/p>\n\n\n\n<hr class=\"wp-block-separator has-alpha-channel-opacity\"\/>\n<\/div>\n\n\n\n<div class=\"wp-block-column\">\n<hr class=\"wp-block-separator has-alpha-channel-opacity\"\/>\n\n\n\n<p>kszta\u0142towa\u0107 prawid\u0142owe nawyki \u017cywieniowe, rozwija sprawno\u015b\u0107 manualn\u0105, uczy odpowiedzialno\u015bci, daje poczucie sprawczo\u015bci, buduje przyzwyczajenia do przestrzegania zasad higieny, uczy o r\u00f3\u017cnych kulturach i tradycjach.<\/p>\n\n\n\n<p>I tak wpad\u0142 nam do g\u0142owy pomys\u0142 na to, aby stworzy\u0107 pomocn\u0105 list\u0119 prezent\u00f3w, w\u0142a\u015bnie dla dzieci i m\u0142odzie\u017cy, kt\u00f3re z kuchni nie chc\u0105 wychodzi\u0107. Tak by wspiera\u0107 ich pasj\u0119, pozwoli\u0107 na rozw\u00f3j, zaciekawi\u0107 i nauczy\u0107 czego\u015b nowego.<\/p>\n\n\n\n<hr class=\"wp-block-separator has-alpha-channel-opacity\"\/>\n<\/div>\n<\/div>\n\n\n\n<div style=\"height:50px\" aria-hidden=\"true\" class=\"wp-block-spacer\"><\/div>\n\n\n<div class=\"wp-block-image\">\n<figure class=\"aligncenter size-large\"><img loading=\"lazy\" decoding=\"async\" width=\"1024\" height=\"636\" src=\"https:\/\/shumans-monini-stage.ccws.it\/wp-content\/uploads\/2025\/08\/ojciec1-1024x636.jpg\" alt=\"\" class=\"wp-image-31245\" srcset=\"https:\/\/shumans-monini-stage.ccws.it\/wp-content\/uploads\/2025\/08\/ojciec1-1024x636.jpg 1024w, https:\/\/shumans-monini-stage.ccws.it\/wp-content\/uploads\/2025\/08\/ojciec1-700x435.jpg 700w, https:\/\/shumans-monini-stage.ccws.it\/wp-content\/uploads\/2025\/08\/ojciec1-768x477.jpg 768w, https:\/\/shumans-monini-stage.ccws.it\/wp-content\/uploads\/2025\/08\/ojciec1.jpg 1400w\" sizes=\"auto, (max-width: 1024px) 100vw, 1024px\" \/><\/figure>\n<\/div>\n\n\n<div style=\"height:50px\" aria-hidden=\"true\" class=\"wp-block-spacer\"><\/div>\n\n\n\n<h2 class=\"wp-block-heading has-text-align-center\">JAK JE\u015a\u0106 ODPOWIEDNI\u0104 ILO\u015a\u0106 WARZYW W TYCH DZIWNYCH CZASACH?<\/h2>\n\n\n\n<div style=\"height:50px\" aria-hidden=\"true\" class=\"wp-block-spacer\"><\/div>\n\n\n\n<div class=\"wp-block-columns\">\n<div class=\"wp-block-column\">\n<hr class=\"wp-block-separator has-alpha-channel-opacity\"\/>\n\n\n\n<p><strong>Warto wiedzie\u0107<\/strong><\/p>\n\n\n\n<p>Czasy dziwne, ale je\u015b\u0107 trzeba. Zach\u0119camy, aby nadal je\u015b\u0107 dobrze!<br>W okresie pandemii nadal, a nawet jeszcze bardziej ni\u017c wcze\u015bniej warto dba\u0107 o jedzenie odpowiedniej ilo\u015bci warzyw. Pewnie ju\u017c wiecie, \u017ce&nbsp;powinni\u015bmy je\u015b\u0107 minimum 400 g warzyw i owoc\u00f3w dziennie.<\/p>\n\n\n\n<hr class=\"wp-block-separator has-alpha-channel-opacity\"\/>\n<\/div>\n\n\n\n<div class=\"wp-block-column\">\n<hr class=\"wp-block-separator has-alpha-channel-opacity\"\/>\n\n\n\n<p>Za\u0142\u00f3\u017cmy, wi\u0119c, \u017ce 400 g warzyw na dzie\u0144 powinien zje\u015b\u0107 ka\u017cdy cz\u0142onek rodziny. \u0141atwy rachunek i wiadomo, \u017ce tygodniowo b\u0119dzie to minimum 2,8 kg warzyw, bior\u0105c pod uwag\u0119, \u017ce co\u015b trzeba obra\u0107, warto zakupi\u0107 minimum 3 kg warzyw na osob\u0119. Je\u015bli rodzina liczy 4 osoby, to nale\u017cy zakupi\u0107 12 kg warzyw na tydzie\u0144.<\/p>\n\n\n\n<hr class=\"wp-block-separator has-alpha-channel-opacity\"\/>\n<\/div>\n<\/div>\n\n\n\n<div style=\"height:50px\" aria-hidden=\"true\" class=\"wp-block-spacer\"><\/div>\n\n\n<div class=\"wp-block-image\">\n<figure class=\"aligncenter size-large is-resized\"><img loading=\"lazy\" decoding=\"async\" width=\"1024\" height=\"799\" src=\"https:\/\/shumans-monini-stage.ccws.it\/wp-content\/uploads\/2025\/08\/warzywa1-1024x799.jpg\" alt=\"\" class=\"wp-image-31259\" style=\"width:619px;height:auto\" srcset=\"https:\/\/shumans-monini-stage.ccws.it\/wp-content\/uploads\/2025\/08\/warzywa1-1024x799.jpg 1024w, https:\/\/shumans-monini-stage.ccws.it\/wp-content\/uploads\/2025\/08\/warzywa1-700x547.jpg 700w, https:\/\/shumans-monini-stage.ccws.it\/wp-content\/uploads\/2025\/08\/warzywa1-768x600.jpg 768w, https:\/\/shumans-monini-stage.ccws.it\/wp-content\/uploads\/2025\/08\/warzywa1.jpg 1400w\" sizes=\"auto, (max-width: 1024px) 100vw, 1024px\" \/><\/figure>\n<\/div>\n\n\n<div style=\"height:50px\" aria-hidden=\"true\" class=\"wp-block-spacer\"><\/div>\n\n\n\n<h2 class=\"wp-block-heading has-text-align-center\">POMYS\u0141Y NA \u201eJEDZENIOWY\u201d CZAS W DOMU<\/h2>\n\n\n\n<div style=\"height:50px\" aria-hidden=\"true\" class=\"wp-block-spacer\"><\/div>\n\n\n\n<div class=\"wp-block-columns\">\n<div class=\"wp-block-column\">\n<hr class=\"wp-block-separator has-alpha-channel-opacity\"\/>\n\n\n\n<h6 class=\"wp-block-heading\"><strong>Warto wiedzie\u0107<\/strong><\/h6>\n\n\n\n<p>Nadszed\u0142 czas, w kt\u00f3rym nie mamy wyboru. Powinni\u015bmy zosta\u0107 w domach, w trosce o siebie i innych. Czym szybciej si\u0119 do tego dostosujemy, tym szybciej wr\u00f3cimy do normalno\u015bci. Jak wi\u0119c wykorzysta\u0107 ten czas? Co robi\u0107 i jak zaj\u0105\u0107 dzieci i m\u0142odzie\u017c w domu? Zebrali\u015bmy na pocz\u0105tek 10 pomys\u0142\u00f3w. Ale b\u0119dziemy podrzuca\u0107 kolejne gotowe opcje. Tymczasem, wypr\u00f3bujcie:<\/p>\n\n\n\n<hr class=\"wp-block-separator has-alpha-channel-opacity\"\/>\n<\/div>\n\n\n\n<div class=\"wp-block-column\">\n<hr class=\"wp-block-separator has-alpha-channel-opacity\"\/>\n\n\n\n<h6 class=\"wp-block-heading\"><strong>Wsp\u00f3lne gotowanie<\/strong><\/h6>\n\n\n\n<p>Kto praktykowa\u0142, ten wie ile to daje rado\u015bci, zabawy oraz korzy\u015bci zar\u00f3wno dla rodzica (pomoc w przygotowywaniu posi\u0142ku, dziecko bior\u0105ce udzia\u0142 w gotowaniu ch\u0119tniej je posi\u0142ki) jak i dziecka (nauka matematyki \u2013 poprzez wa\u017cenie, odmierzanie produkt\u00f3w, j\u0119zyka obcego- zawsze mo\u017cna wykorzysta\u0107 przepis nie tylko w j\u0119zyku polskim). Niecodziennie jest czas i okazja, aby pokaza\u0107 dziecku jaka w\u0142a\u015bciwie jest droga tego pieczywa, ciasta czy makaronu, zanim trafi do sklepu. Jak je zrobi\u0107, z czego, i czy to naprawd\u0119 jest takie skomplikowane? Mo\u017cesz tak wiele przekaza\u0107 dziecku, w tak prosty i przyjemny spos\u00f3b, sp\u0119dzaj\u0105c czas z nim offline i w domu.<\/p>\n\n\n\n<hr class=\"wp-block-separator has-alpha-channel-opacity\"\/>\n<\/div>\n<\/div>\n\n\n\n<div style=\"height:50px\" aria-hidden=\"true\" class=\"wp-block-spacer\"><\/div>\n\n\n<div class=\"wp-block-image\">\n<figure class=\"aligncenter size-large\"><img loading=\"lazy\" decoding=\"async\" width=\"1024\" height=\"636\" src=\"https:\/\/shumans-monini-stage.ccws.it\/wp-content\/uploads\/2025\/08\/rodzina1-1024x636.jpg\" alt=\"\" class=\"wp-image-31273\" srcset=\"https:\/\/shumans-monini-stage.ccws.it\/wp-content\/uploads\/2025\/08\/rodzina1-1024x636.jpg 1024w, https:\/\/shumans-monini-stage.ccws.it\/wp-content\/uploads\/2025\/08\/rodzina1-700x435.jpg 700w, https:\/\/shumans-monini-stage.ccws.it\/wp-content\/uploads\/2025\/08\/rodzina1-768x477.jpg 768w, https:\/\/shumans-monini-stage.ccws.it\/wp-content\/uploads\/2025\/08\/rodzina1.jpg 1400w\" sizes=\"auto, (max-width: 1024px) 100vw, 1024px\" \/><\/figure>\n<\/div>\n\n\n<div style=\"height:50px\" aria-hidden=\"true\" class=\"wp-block-spacer\"><\/div>\n\n\n\n<div class=\"wp-block-buttons is-content-justification-center is-layout-flex wp-container-core-buttons-is-layout-16018d1d wp-block-buttons-is-layout-flex\">\n<div class=\"wp-block-button\"><a class=\"btn btn-primary\" href=\"https:\/\/dobrzejemy.szkolanawidelcu.pl\/\" target=\"_blank\" rel=\"noreferrer noopener\"><span><strong>Wi\u0119cej o programie znajdziesz tutaj<\/strong><\/span><\/a><\/div>\n<\/div>\n","protected":false},"excerpt":{"rendered":"<p>W Monini zale\u017cy nam, by wspiera\u0107 i propagowa\u0107 zdrowe nawyki \u017cywieniowe, szczeg\u00f3lnie w\u015br\u00f3d najm\u0142odszych. Dlatego wsp\u00f3\u0142pracujemy \u015bci\u015ble z Fundacj\u0105 Szko\u0142\u0105 na Widelcu, kt\u00f3rej celem jest edukacja dzieci w aspekcie zbilansowanej, warto\u015bciowej diety. Oddajmy g\u0142os Grzegorzowi \u0141apanowskiemu, kt\u00f3ry jest pomys\u0142odawc\u0105 i za\u0142o\u017cycielem Fundacji.<\/p>\n","protected":false},"author":3,"featured_media":0,"parent":0,"menu_order":0,"comment_status":"closed","ping_status":"closed","template":"","meta":{"_acf_changed":false,"footnotes":""},"class_list":["post-31212","page","type-page","status-publish","hentry"],"yoast_head":"<!-- This site is optimized with the Yoast SEO plugin v25.8 - https:\/\/yoast.com\/wordpress\/plugins\/seo\/ -->\n<title>Szko\u0142a na Widelcu - Monini<\/title>\n<meta name=\"robots\" content=\"noindex, follow, max-snippet:-1, max-image-preview:large, max-video-preview:-1\" \/>\n<meta property=\"og:locale\" content=\"pl_PL\" \/>\n<meta property=\"og:type\" content=\"article\" \/>\n<meta property=\"og:title\" content=\"Szko\u0142a na Widelcu - Monini\" \/>\n<meta property=\"og:description\" content=\"W Monini zale\u017cy nam, by wspiera\u0107 i propagowa\u0107 zdrowe nawyki \u017cywieniowe, szczeg\u00f3lnie w\u015br\u00f3d najm\u0142odszych. Dlatego wsp\u00f3\u0142pracujemy \u015bci\u015ble z Fundacj\u0105 Szko\u0142\u0105 na Widelcu, kt\u00f3rej celem jest edukacja dzieci w aspekcie zbilansowanej, warto\u015bciowej diety. Oddajmy g\u0142os Grzegorzowi \u0141apanowskiemu, kt\u00f3ry jest pomys\u0142odawc\u0105 i za\u0142o\u017cycielem Fundacji.\" \/>\n<meta property=\"og:url\" content=\"https:\/\/shumans-monini-stage.ccws.it\/pl\/szkola-na-widelcu\/\" \/>\n<meta property=\"og:site_name\" content=\"Monini\" \/>\n<meta property=\"article:publisher\" content=\"https:\/\/www.facebook.com\/MoniniOlio\/\" \/>\n<meta property=\"article:modified_time\" content=\"2025-08-01T11:23:44+00:00\" \/>\n<meta property=\"og:image\" content=\"https:\/\/shumans-monini-stage.ccws.it\/wp-content\/uploads\/2025\/08\/partner_dobrzejemy3.jpg\" \/>\n\t<meta property=\"og:image:width\" content=\"742\" \/>\n\t<meta property=\"og:image:height\" content=\"878\" \/>\n\t<meta property=\"og:image:type\" content=\"image\/jpeg\" \/>\n<meta name=\"twitter:card\" content=\"summary_large_image\" \/>\n<meta name=\"twitter:label1\" content=\"Szacowany czas czytania\" \/>\n\t<meta name=\"twitter:data1\" content=\"5 minuta\" \/>\n<script type=\"application\/ld+json\" class=\"yoast-schema-graph\">{\"@context\":\"https:\/\/schema.org\",\"@graph\":[{\"@type\":\"WebPage\",\"@id\":\"https:\/\/shumans-monini-stage.ccws.it\/pl\/szkola-na-widelcu\/\",\"url\":\"https:\/\/shumans-monini-stage.ccws.it\/pl\/szkola-na-widelcu\/\",\"name\":\"Szko\u0142a na Widelcu - Monini\",\"isPartOf\":{\"@id\":\"https:\/\/shumans-monini-stage.ccws.it\/pl\/#website\"},\"primaryImageOfPage\":{\"@id\":\"https:\/\/shumans-monini-stage.ccws.it\/pl\/szkola-na-widelcu\/#primaryimage\"},\"image\":{\"@id\":\"https:\/\/shumans-monini-stage.ccws.it\/pl\/szkola-na-widelcu\/#primaryimage\"},\"thumbnailUrl\":\"https:\/\/shumans-monini-stage.ccws.it\/wp-content\/uploads\/2025\/08\/partner_dobrzejemy3.jpg\",\"datePublished\":\"2025-08-01T11:16:52+00:00\",\"dateModified\":\"2025-08-01T11:23:44+00:00\",\"breadcrumb\":{\"@id\":\"https:\/\/shumans-monini-stage.ccws.it\/pl\/szkola-na-widelcu\/#breadcrumb\"},\"inLanguage\":\"pl-PL\",\"potentialAction\":[{\"@type\":\"ReadAction\",\"target\":[\"https:\/\/shumans-monini-stage.ccws.it\/pl\/szkola-na-widelcu\/\"]}]},{\"@type\":\"ImageObject\",\"inLanguage\":\"pl-PL\",\"@id\":\"https:\/\/shumans-monini-stage.ccws.it\/pl\/szkola-na-widelcu\/#primaryimage\",\"url\":\"https:\/\/shumans-monini-stage.ccws.it\/wp-content\/uploads\/2025\/08\/partner_dobrzejemy3.jpg\",\"contentUrl\":\"https:\/\/shumans-monini-stage.ccws.it\/wp-content\/uploads\/2025\/08\/partner_dobrzejemy3.jpg\"},{\"@type\":\"BreadcrumbList\",\"@id\":\"https:\/\/shumans-monini-stage.ccws.it\/pl\/szkola-na-widelcu\/#breadcrumb\",\"itemListElement\":[{\"@type\":\"ListItem\",\"position\":1,\"name\":\"Home\",\"item\":\"https:\/\/shumans-monini-stage.ccws.it\/pl\/\"},{\"@type\":\"ListItem\",\"position\":2,\"name\":\"Szko\u0142a na Widelcu\"}]},{\"@type\":\"WebSite\",\"@id\":\"https:\/\/shumans-monini-stage.ccws.it\/pl\/#website\",\"url\":\"https:\/\/shumans-monini-stage.ccws.it\/pl\/\",\"name\":\"Monini\",\"description\":\"Una spremuta di olive\",\"potentialAction\":[{\"@type\":\"SearchAction\",\"target\":{\"@type\":\"EntryPoint\",\"urlTemplate\":\"https:\/\/shumans-monini-stage.ccws.it\/pl\/?s={search_term_string}\"},\"query-input\":{\"@type\":\"PropertyValueSpecification\",\"valueRequired\":true,\"valueName\":\"search_term_string\"}}],\"inLanguage\":\"pl-PL\"}]}<\/script>\n<!-- \/ Yoast SEO plugin. -->","yoast_head_json":{"title":"Szko\u0142a na Widelcu - Monini","robots":{"index":"noindex","follow":"follow","max-snippet":"max-snippet:-1","max-image-preview":"max-image-preview:large","max-video-preview":"max-video-preview:-1"},"og_locale":"pl_PL","og_type":"article","og_title":"Szko\u0142a na Widelcu - Monini","og_description":"W Monini zale\u017cy nam, by wspiera\u0107 i propagowa\u0107 zdrowe nawyki \u017cywieniowe, szczeg\u00f3lnie w\u015br\u00f3d najm\u0142odszych. Dlatego wsp\u00f3\u0142pracujemy \u015bci\u015ble z Fundacj\u0105 Szko\u0142\u0105 na Widelcu, kt\u00f3rej celem jest edukacja dzieci w aspekcie zbilansowanej, warto\u015bciowej diety. Oddajmy g\u0142os Grzegorzowi \u0141apanowskiemu, kt\u00f3ry jest pomys\u0142odawc\u0105 i za\u0142o\u017cycielem Fundacji.","og_url":"https:\/\/shumans-monini-stage.ccws.it\/pl\/szkola-na-widelcu\/","og_site_name":"Monini","article_publisher":"https:\/\/www.facebook.com\/MoniniOlio\/","article_modified_time":"2025-08-01T11:23:44+00:00","og_image":[{"width":742,"height":878,"url":"https:\/\/shumans-monini-stage.ccws.it\/wp-content\/uploads\/2025\/08\/partner_dobrzejemy3.jpg","type":"image\/jpeg"}],"twitter_card":"summary_large_image","twitter_misc":{"Szacowany czas czytania":"5 minuta"},"schema":{"@context":"https:\/\/schema.org","@graph":[{"@type":"WebPage","@id":"https:\/\/shumans-monini-stage.ccws.it\/pl\/szkola-na-widelcu\/","url":"https:\/\/shumans-monini-stage.ccws.it\/pl\/szkola-na-widelcu\/","name":"Szko\u0142a na Widelcu - Monini","isPartOf":{"@id":"https:\/\/shumans-monini-stage.ccws.it\/pl\/#website"},"primaryImageOfPage":{"@id":"https:\/\/shumans-monini-stage.ccws.it\/pl\/szkola-na-widelcu\/#primaryimage"},"image":{"@id":"https:\/\/shumans-monini-stage.ccws.it\/pl\/szkola-na-widelcu\/#primaryimage"},"thumbnailUrl":"https:\/\/shumans-monini-stage.ccws.it\/wp-content\/uploads\/2025\/08\/partner_dobrzejemy3.jpg","datePublished":"2025-08-01T11:16:52+00:00","dateModified":"2025-08-01T11:23:44+00:00","breadcrumb":{"@id":"https:\/\/shumans-monini-stage.ccws.it\/pl\/szkola-na-widelcu\/#breadcrumb"},"inLanguage":"pl-PL","potentialAction":[{"@type":"ReadAction","target":["https:\/\/shumans-monini-stage.ccws.it\/pl\/szkola-na-widelcu\/"]}]},{"@type":"ImageObject","inLanguage":"pl-PL","@id":"https:\/\/shumans-monini-stage.ccws.it\/pl\/szkola-na-widelcu\/#primaryimage","url":"https:\/\/shumans-monini-stage.ccws.it\/wp-content\/uploads\/2025\/08\/partner_dobrzejemy3.jpg","contentUrl":"https:\/\/shumans-monini-stage.ccws.it\/wp-content\/uploads\/2025\/08\/partner_dobrzejemy3.jpg"},{"@type":"BreadcrumbList","@id":"https:\/\/shumans-monini-stage.ccws.it\/pl\/szkola-na-widelcu\/#breadcrumb","itemListElement":[{"@type":"ListItem","position":1,"name":"Home","item":"https:\/\/shumans-monini-stage.ccws.it\/pl\/"},{"@type":"ListItem","position":2,"name":"Szko\u0142a na Widelcu"}]},{"@type":"WebSite","@id":"https:\/\/shumans-monini-stage.ccws.it\/pl\/#website","url":"https:\/\/shumans-monini-stage.ccws.it\/pl\/","name":"Monini","description":"Una spremuta di olive","potentialAction":[{"@type":"SearchAction","target":{"@type":"EntryPoint","urlTemplate":"https:\/\/shumans-monini-stage.ccws.it\/pl\/?s={search_term_string}"},"query-input":{"@type":"PropertyValueSpecification","valueRequired":true,"valueName":"search_term_string"}}],"inLanguage":"pl-PL"}]}},"acf":[],"_links":{"self":[{"href":"https:\/\/shumans-monini-stage.ccws.it\/pl\/wp-json\/wp\/v2\/pages\/31212","targetHints":{"allow":["GET"]}}],"collection":[{"href":"https:\/\/shumans-monini-stage.ccws.it\/pl\/wp-json\/wp\/v2\/pages"}],"about":[{"href":"https:\/\/shumans-monini-stage.ccws.it\/pl\/wp-json\/wp\/v2\/types\/page"}],"author":[{"embeddable":true,"href":"https:\/\/shumans-monini-stage.ccws.it\/pl\/wp-json\/wp\/v2\/users\/3"}],"replies":[{"embeddable":true,"href":"https:\/\/shumans-monini-stage.ccws.it\/pl\/wp-json\/wp\/v2\/comments?post=31212"}],"version-history":[{"count":7,"href":"https:\/\/shumans-monini-stage.ccws.it\/pl\/wp-json\/wp\/v2\/pages\/31212\/revisions"}],"predecessor-version":[{"id":31291,"href":"https:\/\/shumans-monini-stage.ccws.it\/pl\/wp-json\/wp\/v2\/pages\/31212\/revisions\/31291"}],"wp:attachment":[{"href":"https:\/\/shumans-monini-stage.ccws.it\/pl\/wp-json\/wp\/v2\/media?parent=31212"}],"curies":[{"name":"wp","href":"https:\/\/api.w.org\/{rel}","templated":true}]}}