{"id":9479,"date":"2025-06-20T16:42:00","date_gmt":"2025-06-20T14:42:00","guid":{"rendered":"https:\/\/shumans-monini-stage.ccws.it\/?page_id=9479"},"modified":"2025-08-27T15:14:45","modified_gmt":"2025-08-27T13:14:45","slug":"la-nostra-filosofia","status":"publish","type":"page","link":"https:\/\/shumans-monini-stage.ccws.it\/pl\/la-nostra-filosofia\/","title":{"rendered":"Nasza filozofia"},"content":{"rendered":"\n<div class=\"wp-block-columns is-style-formatted\">\n<div class=\"wp-block-column\">\n<figure class=\"wp-block-image size-large\"><img loading=\"lazy\" decoding=\"async\" width=\"672\" height=\"1024\" src=\"https:\/\/shumans-monini-stage.ccws.it\/wp-content\/uploads\/2025\/06\/La_nostra_mission-672x1024.jpg\" alt=\"\" class=\"wp-image-751\" style=\"aspect-ratio:1;object-fit:cover\" srcset=\"https:\/\/shumans-monini-stage.ccws.it\/wp-content\/uploads\/2025\/06\/La_nostra_mission-672x1024.jpg 672w, https:\/\/shumans-monini-stage.ccws.it\/wp-content\/uploads\/2025\/06\/La_nostra_mission-197x300.jpg 197w, https:\/\/shumans-monini-stage.ccws.it\/wp-content\/uploads\/2025\/06\/La_nostra_mission.jpg 740w\" sizes=\"auto, (max-width: 672px) 100vw, 672px\" \/><\/figure>\n<\/div>\n\n\n\n<div class=\"wp-block-column is-vertically-aligned-center\">\n<h6 class=\"wp-block-heading\">Nasza misja<\/h6>\n\n\n\n<p><em>Chcemy dzieli\u0107 si\u0119 mi\u0142o\u015bci\u0105 i pasj\u0105, jakimi darzymy oliw\u0119 extra vergine&nbsp;z oliwek, proponuj\u0105c produkt najwy\u017cszej jako\u015bci, o rozpoznawalnym, niezmiennym smaku, w przekonaniu, \u017ce tylko to, co dobre, daje si\u0119 zauwa\u017cy\u0107 i pozostaje w pami\u0119ci<\/em>.<\/p>\n\n\n\n<p>Tajemnica jako\u015bci naszych oliw extra vergine tkwi w\u0142a\u015bnie w ich smaku i aromacie. Dlatego te\u017c, dla potwierdzenia wyniku test\u00f3w laboratoryjnych, Zefferino Monini i jego zaufani wsp\u00f3\u0142pracownicy dokonuj\u0105 ka\u017cdego dnia degustacji, dzi\u0119ki kt\u00f3rej identyfikuj\u0105 i wybieraj\u0105 wy\u0142\u0105cznie te oliwy, kt\u00f3re mog\u0105 gwarantowa\u0107 dobry, \u015bwie\u017cy, rozpoznawalny smak i aromat.<\/p>\n<\/div>\n<\/div>\n\n\n\n<div class=\"wp-block-columns is-style-formatted\">\n<div class=\"wp-block-column\">\n<figure class=\"wp-block-image size-full\"><img loading=\"lazy\" decoding=\"async\" width=\"742\" height=\"990\" src=\"https:\/\/shumans-monini-stage.ccws.it\/wp-content\/uploads\/2025\/06\/02@2x-6-edited.jpg\" alt=\"\" class=\"wp-image-8695\" style=\"aspect-ratio:1;object-fit:cover\" srcset=\"https:\/\/shumans-monini-stage.ccws.it\/wp-content\/uploads\/2025\/06\/02@2x-6-edited.jpg 742w, https:\/\/shumans-monini-stage.ccws.it\/wp-content\/uploads\/2025\/06\/02@2x-6-edited-525x700.jpg 525w\" sizes=\"auto, (max-width: 742px) 100vw, 742px\" \/><\/figure>\n<\/div>\n\n\n\n<div class=\"wp-block-column is-vertically-aligned-center\">\n<h6 class=\"wp-block-heading\">NASZ MODEL DZIA\u0141ALNO\u015aCI<\/h6>\n\n\n\n<p>Podstawowe cechy dzia\u0142alno\u015bci Grupy Monini to odpowiedzialno\u015b\u0107, rzetelno\u015b\u0107 i<br>profesjonalizm, do kt\u00f3rych dochodzi si\u0119 poprzez stosowanie i przestrzeganie rygorystycznych<br>zasad.<br>W naszej dzia\u0142alno\u015bci gospodarczej etyka jest warto\u015bci\u0105 fundamentaln\u0105, co pokazali\u015bmy<br>przyjmuj\u0105c Kodeks Etyczny jako instrument etyki biznesu, kt\u00f3rego celem jest propagowanie<br>naszych warto\u015bci i norm post\u0119powania le\u017c\u0105cych u podstaw naszej dzia\u0142alno\u015bci.<\/p>\n<\/div>\n<\/div>\n\n\n\n<div style=\"height:0.25em\" aria-hidden=\"true\" class=\"wp-block-spacer\"><\/div>\n\n\n\n<div class=\"wp-block-cover\"><div class=\"wp-block-cover-inner\"><img loading=\"lazy\" decoding=\"async\" width=\"1024\" height=\"768\" class=\"wp-block-cover__image-background wp-image-727 size-large\" alt=\"\" src=\"https:\/\/shumans-monini-stage.ccws.it\/wp-content\/uploads\/2025\/06\/paesaggio4-1024x768.jpg\" data-object-fit=\"cover\" srcset=\"https:\/\/shumans-monini-stage.ccws.it\/wp-content\/uploads\/2025\/06\/paesaggio4-1024x768.jpg 1024w, https:\/\/shumans-monini-stage.ccws.it\/wp-content\/uploads\/2025\/06\/paesaggio4-300x225.jpg 300w, https:\/\/shumans-monini-stage.ccws.it\/wp-content\/uploads\/2025\/06\/paesaggio4-768x576.jpg 768w, https:\/\/shumans-monini-stage.ccws.it\/wp-content\/uploads\/2025\/06\/paesaggio4.jpg 1500w\" sizes=\"auto, (max-width: 1024px) 100vw, 1024px\" \/><span aria-hidden=\"true\" class=\"wp-block-cover__background has-background-dim\" style=\"background-color:#4b491f\"><\/span><div class=\"wp-block-cover__inner-container\">\n<h6 class=\"wp-block-heading has-text-align-center\">Kontynuuj odkrywanie \u015bwiata monini<\/h6>\n\n\n\n<h2 class=\"wp-block-heading has-text-align-center\">Nasi ludzie<\/h2>\n\n\n\n<div class=\"wp-block-buttons is-content-justification-center is-layout-flex wp-container-core-buttons-is-layout-16018d1d wp-block-buttons-is-layout-flex\">\n<div class=\"wp-block-button is-style-u-secondary\"><a class=\"btn btn-outline-secondary\" href=\"https:\/\/shumans-monini-stage.ccws.it\/pl\/people\/\"><span>Dowiedz si\u0119 wi\u0119cej<\/span><\/a><\/div><\/div>\n<\/div>\n<\/div><\/div>\n\n\n\n<p><\/p>\n","protected":false},"excerpt":{"rendered":"<p>Jako\u015b\u0107, kt\u00f3r\u0105 jeste\u015bmy w stanie osi\u0105gn\u0105\u0107 od trzech pokole\u0144 \u2013 w ka\u017cdym produkcie.<\/p>\n","protected":false},"author":5,"featured_media":3593,"parent":0,"menu_order":0,"comment_status":"closed","ping_status":"closed","template":"","meta":{"_acf_changed":false,"footnotes":""},"class_list":["post-9479","page","type-page","status-publish","has-post-thumbnail","hentry"],"yoast_head":"<!-- This site is optimized with the Yoast SEO plugin v25.8 - https:\/\/yoast.com\/wordpress\/plugins\/seo\/ -->\n<title>Nasza filozofia - Monini<\/title>\n<meta name=\"robots\" content=\"noindex, follow, max-snippet:-1, max-image-preview:large, max-video-preview:-1\" \/>\n<meta property=\"og:locale\" content=\"pl_PL\" \/>\n<meta property=\"og:type\" content=\"article\" \/>\n<meta property=\"og:title\" content=\"Nasza filozofia - Monini\" \/>\n<meta property=\"og:description\" content=\"Jako\u015b\u0107, kt\u00f3r\u0105 jeste\u015bmy w stanie osi\u0105gn\u0105\u0107 od trzech pokole\u0144 \u2013 w ka\u017cdym produkcie.\" \/>\n<meta property=\"og:url\" content=\"https:\/\/shumans-monini-stage.ccws.it\/pl\/la-nostra-filosofia\/\" \/>\n<meta property=\"og:site_name\" content=\"Monini\" \/>\n<meta property=\"article:publisher\" content=\"https:\/\/www.facebook.com\/MoniniOlio\/\" \/>\n<meta property=\"article:modified_time\" content=\"2025-08-27T13:14:45+00:00\" \/>\n<meta property=\"og:image\" content=\"https:\/\/shumans-monini-stage.ccws.it\/wp-content\/uploads\/2025\/06\/Header.jpg\" \/>\n\t<meta property=\"og:image:width\" content=\"1496\" \/>\n\t<meta property=\"og:image:height\" content=\"556\" \/>\n\t<meta property=\"og:image:type\" content=\"image\/jpeg\" \/>\n<meta name=\"twitter:card\" content=\"summary_large_image\" \/>\n<meta name=\"twitter:label1\" content=\"Szacowany czas czytania\" \/>\n\t<meta name=\"twitter:data1\" content=\"2 minuta\" \/>\n<script type=\"application\/ld+json\" class=\"yoast-schema-graph\">{\"@context\":\"https:\/\/schema.org\",\"@graph\":[{\"@type\":\"WebPage\",\"@id\":\"https:\/\/shumans-monini-stage.ccws.it\/pl\/la-nostra-filosofia\/\",\"url\":\"https:\/\/shumans-monini-stage.ccws.it\/pl\/la-nostra-filosofia\/\",\"name\":\"Nasza filozofia - Monini\",\"isPartOf\":{\"@id\":\"https:\/\/shumans-monini-stage.ccws.it\/pl\/#website\"},\"primaryImageOfPage\":{\"@id\":\"https:\/\/shumans-monini-stage.ccws.it\/pl\/la-nostra-filosofia\/#primaryimage\"},\"image\":{\"@id\":\"https:\/\/shumans-monini-stage.ccws.it\/pl\/la-nostra-filosofia\/#primaryimage\"},\"thumbnailUrl\":\"https:\/\/shumans-monini-stage.ccws.it\/wp-content\/uploads\/2025\/06\/Header.jpg\",\"datePublished\":\"2025-06-20T14:42:00+00:00\",\"dateModified\":\"2025-08-27T13:14:45+00:00\",\"breadcrumb\":{\"@id\":\"https:\/\/shumans-monini-stage.ccws.it\/pl\/la-nostra-filosofia\/#breadcrumb\"},\"inLanguage\":\"pl-PL\",\"potentialAction\":[{\"@type\":\"ReadAction\",\"target\":[\"https:\/\/shumans-monini-stage.ccws.it\/pl\/la-nostra-filosofia\/\"]}]},{\"@type\":\"ImageObject\",\"inLanguage\":\"pl-PL\",\"@id\":\"https:\/\/shumans-monini-stage.ccws.it\/pl\/la-nostra-filosofia\/#primaryimage\",\"url\":\"https:\/\/shumans-monini-stage.ccws.it\/wp-content\/uploads\/2025\/06\/Header.jpg\",\"contentUrl\":\"https:\/\/shumans-monini-stage.ccws.it\/wp-content\/uploads\/2025\/06\/Header.jpg\",\"width\":1496,\"height\":556},{\"@type\":\"BreadcrumbList\",\"@id\":\"https:\/\/shumans-monini-stage.ccws.it\/pl\/la-nostra-filosofia\/#breadcrumb\",\"itemListElement\":[{\"@type\":\"ListItem\",\"position\":1,\"name\":\"Home\",\"item\":\"https:\/\/shumans-monini-stage.ccws.it\/pl\/\"},{\"@type\":\"ListItem\",\"position\":2,\"name\":\"Nasza filozofia\"}]},{\"@type\":\"WebSite\",\"@id\":\"https:\/\/shumans-monini-stage.ccws.it\/pl\/#website\",\"url\":\"https:\/\/shumans-monini-stage.ccws.it\/pl\/\",\"name\":\"Monini\",\"description\":\"Una spremuta di olive\",\"potentialAction\":[{\"@type\":\"SearchAction\",\"target\":{\"@type\":\"EntryPoint\",\"urlTemplate\":\"https:\/\/shumans-monini-stage.ccws.it\/pl\/?s={search_term_string}\"},\"query-input\":{\"@type\":\"PropertyValueSpecification\",\"valueRequired\":true,\"valueName\":\"search_term_string\"}}],\"inLanguage\":\"pl-PL\"}]}<\/script>\n<!-- \/ Yoast SEO plugin. -->","yoast_head_json":{"title":"Nasza filozofia - Monini","robots":{"index":"noindex","follow":"follow","max-snippet":"max-snippet:-1","max-image-preview":"max-image-preview:large","max-video-preview":"max-video-preview:-1"},"og_locale":"pl_PL","og_type":"article","og_title":"Nasza filozofia - Monini","og_description":"Jako\u015b\u0107, kt\u00f3r\u0105 jeste\u015bmy w stanie osi\u0105gn\u0105\u0107 od trzech pokole\u0144 \u2013 w ka\u017cdym produkcie.","og_url":"https:\/\/shumans-monini-stage.ccws.it\/pl\/la-nostra-filosofia\/","og_site_name":"Monini","article_publisher":"https:\/\/www.facebook.com\/MoniniOlio\/","article_modified_time":"2025-08-27T13:14:45+00:00","og_image":[{"width":1496,"height":556,"url":"https:\/\/shumans-monini-stage.ccws.it\/wp-content\/uploads\/2025\/06\/Header.jpg","type":"image\/jpeg"}],"twitter_card":"summary_large_image","twitter_misc":{"Szacowany czas czytania":"2 minuta"},"schema":{"@context":"https:\/\/schema.org","@graph":[{"@type":"WebPage","@id":"https:\/\/shumans-monini-stage.ccws.it\/pl\/la-nostra-filosofia\/","url":"https:\/\/shumans-monini-stage.ccws.it\/pl\/la-nostra-filosofia\/","name":"Nasza filozofia - Monini","isPartOf":{"@id":"https:\/\/shumans-monini-stage.ccws.it\/pl\/#website"},"primaryImageOfPage":{"@id":"https:\/\/shumans-monini-stage.ccws.it\/pl\/la-nostra-filosofia\/#primaryimage"},"image":{"@id":"https:\/\/shumans-monini-stage.ccws.it\/pl\/la-nostra-filosofia\/#primaryimage"},"thumbnailUrl":"https:\/\/shumans-monini-stage.ccws.it\/wp-content\/uploads\/2025\/06\/Header.jpg","datePublished":"2025-06-20T14:42:00+00:00","dateModified":"2025-08-27T13:14:45+00:00","breadcrumb":{"@id":"https:\/\/shumans-monini-stage.ccws.it\/pl\/la-nostra-filosofia\/#breadcrumb"},"inLanguage":"pl-PL","potentialAction":[{"@type":"ReadAction","target":["https:\/\/shumans-monini-stage.ccws.it\/pl\/la-nostra-filosofia\/"]}]},{"@type":"ImageObject","inLanguage":"pl-PL","@id":"https:\/\/shumans-monini-stage.ccws.it\/pl\/la-nostra-filosofia\/#primaryimage","url":"https:\/\/shumans-monini-stage.ccws.it\/wp-content\/uploads\/2025\/06\/Header.jpg","contentUrl":"https:\/\/shumans-monini-stage.ccws.it\/wp-content\/uploads\/2025\/06\/Header.jpg","width":1496,"height":556},{"@type":"BreadcrumbList","@id":"https:\/\/shumans-monini-stage.ccws.it\/pl\/la-nostra-filosofia\/#breadcrumb","itemListElement":[{"@type":"ListItem","position":1,"name":"Home","item":"https:\/\/shumans-monini-stage.ccws.it\/pl\/"},{"@type":"ListItem","position":2,"name":"Nasza filozofia"}]},{"@type":"WebSite","@id":"https:\/\/shumans-monini-stage.ccws.it\/pl\/#website","url":"https:\/\/shumans-monini-stage.ccws.it\/pl\/","name":"Monini","description":"Una spremuta di olive","potentialAction":[{"@type":"SearchAction","target":{"@type":"EntryPoint","urlTemplate":"https:\/\/shumans-monini-stage.ccws.it\/pl\/?s={search_term_string}"},"query-input":{"@type":"PropertyValueSpecification","valueRequired":true,"valueName":"search_term_string"}}],"inLanguage":"pl-PL"}]}},"acf":[],"_links":{"self":[{"href":"https:\/\/shumans-monini-stage.ccws.it\/pl\/wp-json\/wp\/v2\/pages\/9479","targetHints":{"allow":["GET"]}}],"collection":[{"href":"https:\/\/shumans-monini-stage.ccws.it\/pl\/wp-json\/wp\/v2\/pages"}],"about":[{"href":"https:\/\/shumans-monini-stage.ccws.it\/pl\/wp-json\/wp\/v2\/types\/page"}],"author":[{"embeddable":true,"href":"https:\/\/shumans-monini-stage.ccws.it\/pl\/wp-json\/wp\/v2\/users\/5"}],"replies":[{"embeddable":true,"href":"https:\/\/shumans-monini-stage.ccws.it\/pl\/wp-json\/wp\/v2\/comments?post=9479"}],"version-history":[{"count":5,"href":"https:\/\/shumans-monini-stage.ccws.it\/pl\/wp-json\/wp\/v2\/pages\/9479\/revisions"}],"predecessor-version":[{"id":37734,"href":"https:\/\/shumans-monini-stage.ccws.it\/pl\/wp-json\/wp\/v2\/pages\/9479\/revisions\/37734"}],"wp:featuredmedia":[{"embeddable":true,"href":"https:\/\/shumans-monini-stage.ccws.it\/pl\/wp-json\/wp\/v2\/media\/3593"}],"wp:attachment":[{"href":"https:\/\/shumans-monini-stage.ccws.it\/pl\/wp-json\/wp\/v2\/media?parent=9479"}],"curies":[{"name":"wp","href":"https:\/\/api.w.org\/{rel}","templated":true}]}}