{"id":12062,"date":"2025-06-25T10:47:28","date_gmt":"2025-06-25T08:47:28","guid":{"rendered":"https:\/\/shumans-monini-stage.ccws.it\/?post_type=product&#038;p=12062"},"modified":"2025-07-01T22:06:30","modified_gmt":"2025-07-01T20:06:30","slug":"monocultivar-nocellara","status":"publish","type":"product","link":"https:\/\/shumans-monini-stage.ccws.it\/pl\/product\/monocultivar-nocellara\/","title":{"rendered":"Monocultivar Nocellara"},"content":{"rendered":"\n<div class=\"wp-block-group is-style-default\"><div class=\"wp-block-group__inner-container\">\n<div class=\"wp-block-columns is-style-formatted\">\n<div class=\"wp-block-column\">\n<figure class=\"wp-block-image size-full\"><img loading=\"lazy\" decoding=\"async\" width=\"1138\" height=\"814\" src=\"https:\/\/shumans-monini-stage.ccws.it\/wp-content\/uploads\/2025\/06\/product-nocellara-insight01@2.jpg\" alt=\"\" class=\"wp-image-2276\" srcset=\"https:\/\/shumans-monini-stage.ccws.it\/wp-content\/uploads\/2025\/06\/product-nocellara-insight01@2.jpg 1138w, https:\/\/shumans-monini-stage.ccws.it\/wp-content\/uploads\/2025\/06\/product-nocellara-insight01@2-700x501.jpg 700w, https:\/\/shumans-monini-stage.ccws.it\/wp-content\/uploads\/2025\/06\/product-nocellara-insight01@2-1024x732.jpg 1024w, https:\/\/shumans-monini-stage.ccws.it\/wp-content\/uploads\/2025\/06\/product-nocellara-insight01@2-768x549.jpg 768w\" sizes=\"auto, (max-width: 1138px) 100vw, 1138px\" \/><\/figure>\n<\/div>\n\n\n\n<div class=\"wp-block-column is-vertically-aligned-center\">\n<h6 class=\"wp-block-heading\">Oliwa z Oliwek Extra Vergine<\/h6>\n\n\n\n<p>Kultywar (cultivar) to odmiana uprawna oliwek a monocultivar oznacza,&nbsp;\u017ce oliw\u0119&nbsp;uzyskano wy\u0142\u0105cznie z jednej odmiany. Nasza oliwa z sycylijskiej odmiany Nocellara charakteryzuje si\u0119&nbsp;aromatem przypominaj\u0105cym listki pomidora, skoszon\u0105 traw\u0119 z nut\u0105&nbsp;mi\u0119ty i s\u0142odkiego migda\u0142a. Posiada zr\u00f3wnowa\u017cony smak, kt\u00f3ry znajdzie bardzo szerokie zastosowanie.<\/p>\n<\/div>\n<\/div>\n\n\n\n<div style=\"height:0.5em\" aria-hidden=\"true\" class=\"wp-block-spacer\"><\/div>\n\n\n\n<div class=\"wp-block-group is-style-spaced\"><div class=\"wp-block-group__inner-container\">\n<h6 class=\"wp-block-heading\">ZASTOSOWANIE<\/h6>\n\n\n\n<div style=\"height:0.25em\" aria-hidden=\"true\" class=\"wp-block-spacer\"><\/div>\n\n\n\n<div class=\"wp-block-columns are-vertically-aligned-top is-style-default\">\n<div class=\"wp-block-column is-vertically-aligned-top\"><div class=\"wp-block-image\">\n<figure class=\"aligncenter size-full\"><img loading=\"lazy\" decoding=\"async\" width=\"120\" height=\"120\" src=\"https:\/\/shumans-monini-stage.ccws.it\/wp-content\/uploads\/2025\/06\/icn_carnibianche@2X.png\" alt=\"\" class=\"wp-image-2238\"\/><figcaption class=\"wp-element-caption\">Dr\u00f3b<\/figcaption><\/figure>\n<\/div><\/div>\n\n\n\n<div class=\"wp-block-column is-vertically-aligned-top\"><div class=\"wp-block-image\">\n<figure class=\"aligncenter size-full\"><img loading=\"lazy\" decoding=\"async\" width=\"120\" height=\"120\" src=\"https:\/\/shumans-monini-stage.ccws.it\/wp-content\/uploads\/2025\/06\/icn_dolci-gelati@2X.png\" alt=\"\" class=\"wp-image-2246\"\/><figcaption class=\"wp-element-caption\">Desery i lody<\/figcaption><\/figure>\n<\/div><\/div>\n\n\n\n<div class=\"wp-block-column is-vertically-aligned-top\"><div class=\"wp-block-image\">\n<figure class=\"aligncenter size-full\"><img loading=\"lazy\" decoding=\"async\" width=\"120\" height=\"120\" src=\"https:\/\/shumans-monini-stage.ccws.it\/wp-content\/uploads\/2025\/06\/icn_insalata@2X.png\" alt=\"\" class=\"wp-image-2310\"\/><figcaption class=\"wp-element-caption\">\u015awie\u017ce warzywa<\/figcaption><\/figure>\n<\/div><\/div>\n\n\n\n<div class=\"wp-block-column is-vertically-aligned-top\"><div class=\"wp-block-image\">\n<figure class=\"aligncenter size-full\"><img loading=\"lazy\" decoding=\"async\" width=\"120\" height=\"120\" src=\"https:\/\/shumans-monini-stage.ccws.it\/wp-content\/uploads\/2025\/06\/icn_per-utilizzi-in-cottura@2X.png\" alt=\"\" class=\"wp-image-2252\"\/><figcaption class=\"wp-element-caption\">Ryby<\/figcaption><\/figure>\n<\/div><\/div>\n<\/div>\n\n\n\n<div style=\"height:0.1em\" aria-hidden=\"true\" class=\"wp-block-spacer\"><\/div>\n\n\n\n<p>Dzi\u0119ki owocowym nutom oliwa Monocultivar Nocellara doskonale komponuje si\u0119 z bia\u0142ymi mi\u0119sami i potrawami z ryb. Idealna do \u015bwie\u017cych sa\u0142at i warzyw i wyj\u0105tkowa jako dodatek do deser\u00f3w i lod\u00f3w.<\/p>\n<\/div><\/div>\n\n\n\n<div style=\"height:0.25em\" aria-hidden=\"true\" class=\"wp-block-spacer\"><\/div>\n<\/div><\/div>\n","protected":false},"excerpt":{"rendered":"<p>Kultywar (cultivar) to odmiana uprawna oliwek a monocultivar oznacza, \u017ce oliw\u0119 uzyskano wy\u0142\u0105cznie z jednej odmiany. Nasza oliwa z sycylijskiej odmiany Nocellara charakteryzuje si\u0119 aromatem przypominaj\u0105cym listki pomidora, skoszon\u0105 traw\u0119 z nut\u0105 mi\u0119ty i s\u0142odkiego migda\u0142a.<\/p>\n","protected":false},"author":5,"featured_media":13405,"menu_order":23,"template":"","meta":{"_acf_changed":false,"footnotes":""},"tags":[],"cat_product":[204],"class_list":["post-12062","product","type-product","status-publish","has-post-thumbnail","hentry","cat_product-oliwy-extra-vergine"],"yoast_head":"<!-- This site is optimized with the Yoast SEO plugin v25.8 - https:\/\/yoast.com\/wordpress\/plugins\/seo\/ -->\n<title>Monocultivar Nocellara - Monini<\/title>\n<meta name=\"robots\" content=\"noindex, follow, max-snippet:-1, max-image-preview:large, max-video-preview:-1\" \/>\n<meta property=\"og:locale\" content=\"pl_PL\" \/>\n<meta property=\"og:type\" content=\"article\" \/>\n<meta property=\"og:title\" content=\"Monocultivar Nocellara - Monini\" \/>\n<meta property=\"og:description\" content=\"Kultywar (cultivar) to odmiana uprawna oliwek a monocultivar oznacza, \u017ce oliw\u0119 uzyskano wy\u0142\u0105cznie z jednej odmiany. Nasza oliwa z sycylijskiej odmiany Nocellara charakteryzuje si\u0119 aromatem przypominaj\u0105cym listki pomidora, skoszon\u0105 traw\u0119 z nut\u0105 mi\u0119ty i s\u0142odkiego migda\u0142a.\" \/>\n<meta property=\"og:url\" content=\"https:\/\/shumans-monini-stage.ccws.it\/pl\/product\/monocultivar-nocellara\/\" \/>\n<meta property=\"og:site_name\" content=\"Monini\" \/>\n<meta property=\"article:publisher\" content=\"https:\/\/www.facebook.com\/MoniniOlio\/\" \/>\n<meta property=\"article:modified_time\" content=\"2025-07-01T20:06:30+00:00\" \/>\n<meta property=\"og:image\" content=\"https:\/\/shumans-monini-stage.ccws.it\/wp-content\/uploads\/2025\/06\/nocell-pol.png\" \/>\n\t<meta property=\"og:image:width\" content=\"1024\" \/>\n\t<meta property=\"og:image:height\" content=\"1280\" \/>\n\t<meta property=\"og:image:type\" content=\"image\/png\" \/>\n<meta name=\"twitter:card\" content=\"summary_large_image\" \/>\n<meta name=\"twitter:label1\" content=\"Szacowany czas czytania\" \/>\n\t<meta name=\"twitter:data1\" content=\"2 minuta\" \/>\n<script type=\"application\/ld+json\" class=\"yoast-schema-graph\">{\"@context\":\"https:\/\/schema.org\",\"@graph\":[{\"@type\":\"WebPage\",\"@id\":\"https:\/\/shumans-monini-stage.ccws.it\/pl\/product\/monocultivar-nocellara\/\",\"url\":\"https:\/\/shumans-monini-stage.ccws.it\/pl\/product\/monocultivar-nocellara\/\",\"name\":\"Monocultivar Nocellara - Monini\",\"isPartOf\":{\"@id\":\"https:\/\/shumans-monini-stage.ccws.it\/pl\/#website\"},\"primaryImageOfPage\":{\"@id\":\"https:\/\/shumans-monini-stage.ccws.it\/pl\/product\/monocultivar-nocellara\/#primaryimage\"},\"image\":{\"@id\":\"https:\/\/shumans-monini-stage.ccws.it\/pl\/product\/monocultivar-nocellara\/#primaryimage\"},\"thumbnailUrl\":\"https:\/\/shumans-monini-stage.ccws.it\/wp-content\/uploads\/2025\/06\/nocell-pol.png\",\"datePublished\":\"2025-06-25T08:47:28+00:00\",\"dateModified\":\"2025-07-01T20:06:30+00:00\",\"breadcrumb\":{\"@id\":\"https:\/\/shumans-monini-stage.ccws.it\/pl\/product\/monocultivar-nocellara\/#breadcrumb\"},\"inLanguage\":\"pl-PL\",\"potentialAction\":[{\"@type\":\"ReadAction\",\"target\":[\"https:\/\/shumans-monini-stage.ccws.it\/pl\/product\/monocultivar-nocellara\/\"]}]},{\"@type\":\"ImageObject\",\"inLanguage\":\"pl-PL\",\"@id\":\"https:\/\/shumans-monini-stage.ccws.it\/pl\/product\/monocultivar-nocellara\/#primaryimage\",\"url\":\"https:\/\/shumans-monini-stage.ccws.it\/wp-content\/uploads\/2025\/06\/nocell-pol.png\",\"contentUrl\":\"https:\/\/shumans-monini-stage.ccws.it\/wp-content\/uploads\/2025\/06\/nocell-pol.png\",\"width\":1024,\"height\":1280},{\"@type\":\"BreadcrumbList\",\"@id\":\"https:\/\/shumans-monini-stage.ccws.it\/pl\/product\/monocultivar-nocellara\/#breadcrumb\",\"itemListElement\":[{\"@type\":\"ListItem\",\"position\":1,\"name\":\"Home\",\"item\":\"https:\/\/shumans-monini-stage.ccws.it\/pl\/\"},{\"@type\":\"ListItem\",\"position\":2,\"name\":\"Produkty\",\"item\":\"https:\/\/shumans-monini-stage.ccws.it\/pl\/product\/\"},{\"@type\":\"ListItem\",\"position\":3,\"name\":\"Monocultivar Nocellara\"}]},{\"@type\":\"WebSite\",\"@id\":\"https:\/\/shumans-monini-stage.ccws.it\/pl\/#website\",\"url\":\"https:\/\/shumans-monini-stage.ccws.it\/pl\/\",\"name\":\"Monini\",\"description\":\"Una spremuta di olive\",\"potentialAction\":[{\"@type\":\"SearchAction\",\"target\":{\"@type\":\"EntryPoint\",\"urlTemplate\":\"https:\/\/shumans-monini-stage.ccws.it\/pl\/?s={search_term_string}\"},\"query-input\":{\"@type\":\"PropertyValueSpecification\",\"valueRequired\":true,\"valueName\":\"search_term_string\"}}],\"inLanguage\":\"pl-PL\"}]}<\/script>\n<!-- \/ Yoast SEO plugin. -->","yoast_head_json":{"title":"Monocultivar Nocellara - Monini","robots":{"index":"noindex","follow":"follow","max-snippet":"max-snippet:-1","max-image-preview":"max-image-preview:large","max-video-preview":"max-video-preview:-1"},"og_locale":"pl_PL","og_type":"article","og_title":"Monocultivar Nocellara - Monini","og_description":"Kultywar (cultivar) to odmiana uprawna oliwek a monocultivar oznacza, \u017ce oliw\u0119 uzyskano wy\u0142\u0105cznie z jednej odmiany. Nasza oliwa z sycylijskiej odmiany Nocellara charakteryzuje si\u0119 aromatem przypominaj\u0105cym listki pomidora, skoszon\u0105 traw\u0119 z nut\u0105 mi\u0119ty i s\u0142odkiego migda\u0142a.","og_url":"https:\/\/shumans-monini-stage.ccws.it\/pl\/product\/monocultivar-nocellara\/","og_site_name":"Monini","article_publisher":"https:\/\/www.facebook.com\/MoniniOlio\/","article_modified_time":"2025-07-01T20:06:30+00:00","og_image":[{"width":1024,"height":1280,"url":"https:\/\/shumans-monini-stage.ccws.it\/wp-content\/uploads\/2025\/06\/nocell-pol.png","type":"image\/png"}],"twitter_card":"summary_large_image","twitter_misc":{"Szacowany czas czytania":"2 minuta"},"schema":{"@context":"https:\/\/schema.org","@graph":[{"@type":"WebPage","@id":"https:\/\/shumans-monini-stage.ccws.it\/pl\/product\/monocultivar-nocellara\/","url":"https:\/\/shumans-monini-stage.ccws.it\/pl\/product\/monocultivar-nocellara\/","name":"Monocultivar Nocellara - Monini","isPartOf":{"@id":"https:\/\/shumans-monini-stage.ccws.it\/pl\/#website"},"primaryImageOfPage":{"@id":"https:\/\/shumans-monini-stage.ccws.it\/pl\/product\/monocultivar-nocellara\/#primaryimage"},"image":{"@id":"https:\/\/shumans-monini-stage.ccws.it\/pl\/product\/monocultivar-nocellara\/#primaryimage"},"thumbnailUrl":"https:\/\/shumans-monini-stage.ccws.it\/wp-content\/uploads\/2025\/06\/nocell-pol.png","datePublished":"2025-06-25T08:47:28+00:00","dateModified":"2025-07-01T20:06:30+00:00","breadcrumb":{"@id":"https:\/\/shumans-monini-stage.ccws.it\/pl\/product\/monocultivar-nocellara\/#breadcrumb"},"inLanguage":"pl-PL","potentialAction":[{"@type":"ReadAction","target":["https:\/\/shumans-monini-stage.ccws.it\/pl\/product\/monocultivar-nocellara\/"]}]},{"@type":"ImageObject","inLanguage":"pl-PL","@id":"https:\/\/shumans-monini-stage.ccws.it\/pl\/product\/monocultivar-nocellara\/#primaryimage","url":"https:\/\/shumans-monini-stage.ccws.it\/wp-content\/uploads\/2025\/06\/nocell-pol.png","contentUrl":"https:\/\/shumans-monini-stage.ccws.it\/wp-content\/uploads\/2025\/06\/nocell-pol.png","width":1024,"height":1280},{"@type":"BreadcrumbList","@id":"https:\/\/shumans-monini-stage.ccws.it\/pl\/product\/monocultivar-nocellara\/#breadcrumb","itemListElement":[{"@type":"ListItem","position":1,"name":"Home","item":"https:\/\/shumans-monini-stage.ccws.it\/pl\/"},{"@type":"ListItem","position":2,"name":"Produkty","item":"https:\/\/shumans-monini-stage.ccws.it\/pl\/product\/"},{"@type":"ListItem","position":3,"name":"Monocultivar Nocellara"}]},{"@type":"WebSite","@id":"https:\/\/shumans-monini-stage.ccws.it\/pl\/#website","url":"https:\/\/shumans-monini-stage.ccws.it\/pl\/","name":"Monini","description":"Una spremuta di olive","potentialAction":[{"@type":"SearchAction","target":{"@type":"EntryPoint","urlTemplate":"https:\/\/shumans-monini-stage.ccws.it\/pl\/?s={search_term_string}"},"query-input":{"@type":"PropertyValueSpecification","valueRequired":true,"valueName":"search_term_string"}}],"inLanguage":"pl-PL"}]}},"acf":[],"_links":{"self":[{"href":"https:\/\/shumans-monini-stage.ccws.it\/pl\/wp-json\/wp\/v2\/product\/12062","targetHints":{"allow":["GET"]}}],"collection":[{"href":"https:\/\/shumans-monini-stage.ccws.it\/pl\/wp-json\/wp\/v2\/product"}],"about":[{"href":"https:\/\/shumans-monini-stage.ccws.it\/pl\/wp-json\/wp\/v2\/types\/product"}],"author":[{"embeddable":true,"href":"https:\/\/shumans-monini-stage.ccws.it\/pl\/wp-json\/wp\/v2\/users\/5"}],"version-history":[{"count":8,"href":"https:\/\/shumans-monini-stage.ccws.it\/pl\/wp-json\/wp\/v2\/product\/12062\/revisions"}],"predecessor-version":[{"id":13434,"href":"https:\/\/shumans-monini-stage.ccws.it\/pl\/wp-json\/wp\/v2\/product\/12062\/revisions\/13434"}],"wp:featuredmedia":[{"embeddable":true,"href":"https:\/\/shumans-monini-stage.ccws.it\/pl\/wp-json\/wp\/v2\/media\/13405"}],"wp:attachment":[{"href":"https:\/\/shumans-monini-stage.ccws.it\/pl\/wp-json\/wp\/v2\/media?parent=12062"}],"wp:term":[{"taxonomy":"post_tag","embeddable":true,"href":"https:\/\/shumans-monini-stage.ccws.it\/pl\/wp-json\/wp\/v2\/tags?post=12062"},{"taxonomy":"cat_product","embeddable":true,"href":"https:\/\/shumans-monini-stage.ccws.it\/pl\/wp-json\/wp\/v2\/cat_product?post=12062"}],"curies":[{"name":"wp","href":"https:\/\/api.w.org\/{rel}","templated":true}]}}