{"id":12065,"date":"2025-06-25T11:29:19","date_gmt":"2025-06-25T09:29:19","guid":{"rendered":"https:\/\/shumans-monini-stage.ccws.it\/?post_type=product&#038;p=12065"},"modified":"2025-07-01T22:03:43","modified_gmt":"2025-07-01T20:03:43","slug":"monocultivar-coratina","status":"publish","type":"product","link":"https:\/\/shumans-monini-stage.ccws.it\/pl\/product\/monocultivar-coratina\/","title":{"rendered":"Monocultivar Coratina"},"content":{"rendered":"\n<div class=\"wp-block-group is-style-default\"><div class=\"wp-block-group__inner-container\">\n<div class=\"wp-block-columns is-style-formatted\">\n<div class=\"wp-block-column\">\n<figure class=\"wp-block-image size-full\"><img loading=\"lazy\" decoding=\"async\" width=\"1138\" height=\"814\" src=\"https:\/\/shumans-monini-stage.ccws.it\/wp-content\/uploads\/2025\/06\/product-coratina-insight01@2.jpg\" alt=\"\" class=\"wp-image-2352\" srcset=\"https:\/\/shumans-monini-stage.ccws.it\/wp-content\/uploads\/2025\/06\/product-coratina-insight01@2.jpg 1138w, https:\/\/shumans-monini-stage.ccws.it\/wp-content\/uploads\/2025\/06\/product-coratina-insight01@2-700x501.jpg 700w, https:\/\/shumans-monini-stage.ccws.it\/wp-content\/uploads\/2025\/06\/product-coratina-insight01@2-1024x732.jpg 1024w, https:\/\/shumans-monini-stage.ccws.it\/wp-content\/uploads\/2025\/06\/product-coratina-insight01@2-768x549.jpg 768w\" sizes=\"auto, (max-width: 1138px) 100vw, 1138px\" \/><\/figure>\n<\/div>\n\n\n\n<div class=\"wp-block-column is-vertically-aligned-center\">\n<h6 class=\"wp-block-heading\">Oliwa z Oliwek Extra Vergine<\/h6>\n\n\n\n<p>Kultywar (cultivar) to odmiana uprawna oliwek a monocultivar oznacza,&nbsp;\u017ce oliw\u0119&nbsp;uzyskano wy\u0142\u0105cznie z jednej odmiany. Smak oliwy Monocultivar Coratina pogr\u0105\u017cy Ci\u0119 w ciep\u0142ej atmosferze Apulii, krainy majestatycznych gaj\u00f3w oliwnych. Uzyskana z mi\u0105\u017cszu cennych oliwek Coratina, oliwa ta ma niezapomniany bardzo wyrazisty, pikantny smak.<\/p>\n<\/div>\n<\/div>\n\n\n\n<div style=\"height:0.5em\" aria-hidden=\"true\" class=\"wp-block-spacer\"><\/div>\n\n\n\n<div class=\"wp-block-group is-style-spaced\"><div class=\"wp-block-group__inner-container\">\n<h6 class=\"wp-block-heading\">ZASTOSOWANIE<\/h6>\n\n\n\n<div style=\"height:0.25em\" aria-hidden=\"true\" class=\"wp-block-spacer\"><\/div>\n\n\n\n<div class=\"wp-block-columns are-vertically-aligned-top is-style-default\">\n<div class=\"wp-block-column is-vertically-aligned-top\"><div class=\"wp-block-image\">\n<figure class=\"aligncenter size-full\"><img loading=\"lazy\" decoding=\"async\" width=\"120\" height=\"120\" src=\"https:\/\/shumans-monini-stage.ccws.it\/wp-content\/uploads\/2025\/06\/icn_per-arrosti@2X.png\" alt=\"\" class=\"wp-image-2080\"\/><figcaption class=\"wp-element-caption\">Do pieczeni<\/figcaption><\/figure>\n<\/div><\/div>\n\n\n\n<div class=\"wp-block-column is-vertically-aligned-top\"><div class=\"wp-block-image\">\n<figure class=\"aligncenter size-full\"><img loading=\"lazy\" decoding=\"async\" width=\"120\" height=\"120\" src=\"https:\/\/shumans-monini-stage.ccws.it\/wp-content\/uploads\/2025\/06\/icn_per-grigliate@2X.png\" alt=\"\" class=\"wp-image-2081\"\/><figcaption class=\"wp-element-caption\">Do da\u0144 z grilla<\/figcaption><\/figure>\n<\/div><\/div>\n\n\n\n<div class=\"wp-block-column is-vertically-aligned-top\"><div class=\"wp-block-image\">\n<figure class=\"aligncenter size-full\"><img loading=\"lazy\" decoding=\"async\" width=\"120\" height=\"120\" src=\"https:\/\/shumans-monini-stage.ccws.it\/wp-content\/uploads\/2025\/06\/icn_legumi@2X-1.png\" alt=\"\" class=\"wp-image-2249\"\/><figcaption class=\"wp-element-caption\">Ro\u015bliny str\u0105czkowe<\/figcaption><\/figure>\n<\/div><\/div>\n\n\n\n<div class=\"wp-block-column is-vertically-aligned-top\"><div class=\"wp-block-image\">\n<figure class=\"aligncenter size-full\"><img loading=\"lazy\" decoding=\"async\" width=\"120\" height=\"120\" src=\"https:\/\/shumans-monini-stage.ccws.it\/wp-content\/uploads\/2025\/06\/icn_per-utilizzi-a-crudo@2X-1.png\" alt=\"\" class=\"wp-image-2253\"\/><figcaption class=\"wp-element-caption\">Do doprawiania<\/figcaption><\/figure>\n<\/div><\/div>\n\n\n\n<div class=\"wp-block-column\"><div class=\"wp-block-image\">\n<figure class=\"aligncenter size-full\"><img loading=\"lazy\" decoding=\"async\" width=\"120\" height=\"120\" src=\"https:\/\/shumans-monini-stage.ccws.it\/wp-content\/uploads\/2025\/06\/icn_formaggi@2X.png\" alt=\"\" class=\"wp-image-2159\"\/><figcaption class=\"wp-element-caption\">Sery<\/figcaption><\/figure>\n<\/div><\/div>\n<\/div>\n\n\n\n<div style=\"height:0.1em\" aria-hidden=\"true\" class=\"wp-block-spacer\"><\/div>\n\n\n\n<p>\u015awie\u017ca, bardzo wyrazista oliwa&nbsp;&nbsp;Monocultivar Coratina jest idealnym dodatkiem do g\u0119stych zup, grillowanej wo\u0142owiny oraz dziczyzny. Doskonale doprawi carpaccio i warzywa:&nbsp;&nbsp;odkryjesz jak smakuje doskona\u0142a oliwa!<\/p>\n<\/div><\/div>\n\n\n\n<div style=\"height:0.25em\" aria-hidden=\"true\" class=\"wp-block-spacer\"><\/div>\n<\/div><\/div>\n\n\n\n<div style=\"height:100px\" aria-hidden=\"true\" class=\"wp-block-spacer\"><\/div>\n\n\n\n<h2 class=\"wp-block-heading has-text-align-center\">Odkrywamy doskona\u0142\u0105 oliw\u0119 z apulii<\/h2>\n\n\n\n<div style=\"height:15px\" aria-hidden=\"true\" class=\"wp-block-spacer\"><\/div>\n\n\n\n<div class=\"wp-block-group is-style-spaced\"><div class=\"wp-block-group__inner-container\">\n<p>U podstawy tej oliwy znajduje si\u0119 jedna z najlepszych odmian regionu Apulii, kt\u00f3ra nadaje jej charakterystyczny i autentyczny smak, z mocnymi gorzkimi i&nbsp;pikantnymi nutami.<\/p>\n\n\n\n<p>Dzi\u0119ki wysokiej zawarto\u015bci naturalnych przeciwutleniaczy i \u015br\u00f3dziemnomorskiemu charakterowi zapewni zdrowe i bardzo bogate w smak potrawy.<\/p>\n<\/div><\/div>\n","protected":false},"excerpt":{"rendered":"<p>Kultywar (cultivar) to odmiana uprawna oliwek a monocultivar oznacza, \u017ce oliw\u0119 uzyskano wy\u0142\u0105cznie z jednej odmiany. Smak oliwy Monocultivar Coratina pogr\u0105\u017cy Ci\u0119 w ciep\u0142ej atmosferze Apulii, krainy majestatycznych gaj\u00f3w oliwnych. Uzyskana z mi\u0105\u017cszu cennych oliwek Coratina, oliwa ta ma niezapomniany bardzo wyrazisty, pikantny smak.<\/p>\n","protected":false},"author":5,"featured_media":13375,"menu_order":21,"template":"","meta":{"_acf_changed":false,"footnotes":""},"tags":[],"cat_product":[204],"class_list":["post-12065","product","type-product","status-publish","has-post-thumbnail","hentry","cat_product-oliwy-extra-vergine"],"yoast_head":"<!-- This site is optimized with the Yoast SEO plugin v25.8 - https:\/\/yoast.com\/wordpress\/plugins\/seo\/ -->\n<title>Monocultivar Coratina - Monini<\/title>\n<meta name=\"robots\" content=\"noindex, follow, max-snippet:-1, max-image-preview:large, max-video-preview:-1\" \/>\n<meta property=\"og:locale\" content=\"pl_PL\" \/>\n<meta property=\"og:type\" content=\"article\" \/>\n<meta property=\"og:title\" content=\"Monocultivar Coratina - Monini\" \/>\n<meta property=\"og:description\" content=\"Kultywar (cultivar) to odmiana uprawna oliwek a monocultivar oznacza, \u017ce oliw\u0119 uzyskano wy\u0142\u0105cznie z jednej odmiany. Smak oliwy Monocultivar Coratina pogr\u0105\u017cy Ci\u0119 w ciep\u0142ej atmosferze Apulii, krainy majestatycznych gaj\u00f3w oliwnych. Uzyskana z mi\u0105\u017cszu cennych oliwek Coratina, oliwa ta ma niezapomniany bardzo wyrazisty, pikantny smak.\" \/>\n<meta property=\"og:url\" content=\"https:\/\/shumans-monini-stage.ccws.it\/pl\/product\/monocultivar-coratina\/\" \/>\n<meta property=\"og:site_name\" content=\"Monini\" \/>\n<meta property=\"article:publisher\" content=\"https:\/\/www.facebook.com\/MoniniOlio\/\" \/>\n<meta property=\"article:modified_time\" content=\"2025-07-01T20:03:43+00:00\" \/>\n<meta property=\"og:image\" content=\"https:\/\/shumans-monini-stage.ccws.it\/wp-content\/uploads\/2025\/06\/corati-pol.png\" \/>\n\t<meta property=\"og:image:width\" content=\"1024\" \/>\n\t<meta property=\"og:image:height\" content=\"1280\" \/>\n\t<meta property=\"og:image:type\" content=\"image\/png\" \/>\n<meta name=\"twitter:card\" content=\"summary_large_image\" \/>\n<meta name=\"twitter:label1\" content=\"Szacowany czas czytania\" \/>\n\t<meta name=\"twitter:data1\" content=\"3 minuta\" \/>\n<script type=\"application\/ld+json\" class=\"yoast-schema-graph\">{\"@context\":\"https:\/\/schema.org\",\"@graph\":[{\"@type\":\"WebPage\",\"@id\":\"https:\/\/shumans-monini-stage.ccws.it\/pl\/product\/monocultivar-coratina\/\",\"url\":\"https:\/\/shumans-monini-stage.ccws.it\/pl\/product\/monocultivar-coratina\/\",\"name\":\"Monocultivar Coratina - Monini\",\"isPartOf\":{\"@id\":\"https:\/\/shumans-monini-stage.ccws.it\/pl\/#website\"},\"primaryImageOfPage\":{\"@id\":\"https:\/\/shumans-monini-stage.ccws.it\/pl\/product\/monocultivar-coratina\/#primaryimage\"},\"image\":{\"@id\":\"https:\/\/shumans-monini-stage.ccws.it\/pl\/product\/monocultivar-coratina\/#primaryimage\"},\"thumbnailUrl\":\"https:\/\/shumans-monini-stage.ccws.it\/wp-content\/uploads\/2025\/06\/corati-pol.png\",\"datePublished\":\"2025-06-25T09:29:19+00:00\",\"dateModified\":\"2025-07-01T20:03:43+00:00\",\"breadcrumb\":{\"@id\":\"https:\/\/shumans-monini-stage.ccws.it\/pl\/product\/monocultivar-coratina\/#breadcrumb\"},\"inLanguage\":\"pl-PL\",\"potentialAction\":[{\"@type\":\"ReadAction\",\"target\":[\"https:\/\/shumans-monini-stage.ccws.it\/pl\/product\/monocultivar-coratina\/\"]}]},{\"@type\":\"ImageObject\",\"inLanguage\":\"pl-PL\",\"@id\":\"https:\/\/shumans-monini-stage.ccws.it\/pl\/product\/monocultivar-coratina\/#primaryimage\",\"url\":\"https:\/\/shumans-monini-stage.ccws.it\/wp-content\/uploads\/2025\/06\/corati-pol.png\",\"contentUrl\":\"https:\/\/shumans-monini-stage.ccws.it\/wp-content\/uploads\/2025\/06\/corati-pol.png\",\"width\":1024,\"height\":1280},{\"@type\":\"BreadcrumbList\",\"@id\":\"https:\/\/shumans-monini-stage.ccws.it\/pl\/product\/monocultivar-coratina\/#breadcrumb\",\"itemListElement\":[{\"@type\":\"ListItem\",\"position\":1,\"name\":\"Home\",\"item\":\"https:\/\/shumans-monini-stage.ccws.it\/pl\/\"},{\"@type\":\"ListItem\",\"position\":2,\"name\":\"Produkty\",\"item\":\"https:\/\/shumans-monini-stage.ccws.it\/pl\/product\/\"},{\"@type\":\"ListItem\",\"position\":3,\"name\":\"Monocultivar Coratina\"}]},{\"@type\":\"WebSite\",\"@id\":\"https:\/\/shumans-monini-stage.ccws.it\/pl\/#website\",\"url\":\"https:\/\/shumans-monini-stage.ccws.it\/pl\/\",\"name\":\"Monini\",\"description\":\"Una spremuta di olive\",\"potentialAction\":[{\"@type\":\"SearchAction\",\"target\":{\"@type\":\"EntryPoint\",\"urlTemplate\":\"https:\/\/shumans-monini-stage.ccws.it\/pl\/?s={search_term_string}\"},\"query-input\":{\"@type\":\"PropertyValueSpecification\",\"valueRequired\":true,\"valueName\":\"search_term_string\"}}],\"inLanguage\":\"pl-PL\"}]}<\/script>\n<!-- \/ Yoast SEO plugin. -->","yoast_head_json":{"title":"Monocultivar Coratina - Monini","robots":{"index":"noindex","follow":"follow","max-snippet":"max-snippet:-1","max-image-preview":"max-image-preview:large","max-video-preview":"max-video-preview:-1"},"og_locale":"pl_PL","og_type":"article","og_title":"Monocultivar Coratina - Monini","og_description":"Kultywar (cultivar) to odmiana uprawna oliwek a monocultivar oznacza, \u017ce oliw\u0119 uzyskano wy\u0142\u0105cznie z jednej odmiany. Smak oliwy Monocultivar Coratina pogr\u0105\u017cy Ci\u0119 w ciep\u0142ej atmosferze Apulii, krainy majestatycznych gaj\u00f3w oliwnych. Uzyskana z mi\u0105\u017cszu cennych oliwek Coratina, oliwa ta ma niezapomniany bardzo wyrazisty, pikantny smak.","og_url":"https:\/\/shumans-monini-stage.ccws.it\/pl\/product\/monocultivar-coratina\/","og_site_name":"Monini","article_publisher":"https:\/\/www.facebook.com\/MoniniOlio\/","article_modified_time":"2025-07-01T20:03:43+00:00","og_image":[{"width":1024,"height":1280,"url":"https:\/\/shumans-monini-stage.ccws.it\/wp-content\/uploads\/2025\/06\/corati-pol.png","type":"image\/png"}],"twitter_card":"summary_large_image","twitter_misc":{"Szacowany czas czytania":"3 minuta"},"schema":{"@context":"https:\/\/schema.org","@graph":[{"@type":"WebPage","@id":"https:\/\/shumans-monini-stage.ccws.it\/pl\/product\/monocultivar-coratina\/","url":"https:\/\/shumans-monini-stage.ccws.it\/pl\/product\/monocultivar-coratina\/","name":"Monocultivar Coratina - Monini","isPartOf":{"@id":"https:\/\/shumans-monini-stage.ccws.it\/pl\/#website"},"primaryImageOfPage":{"@id":"https:\/\/shumans-monini-stage.ccws.it\/pl\/product\/monocultivar-coratina\/#primaryimage"},"image":{"@id":"https:\/\/shumans-monini-stage.ccws.it\/pl\/product\/monocultivar-coratina\/#primaryimage"},"thumbnailUrl":"https:\/\/shumans-monini-stage.ccws.it\/wp-content\/uploads\/2025\/06\/corati-pol.png","datePublished":"2025-06-25T09:29:19+00:00","dateModified":"2025-07-01T20:03:43+00:00","breadcrumb":{"@id":"https:\/\/shumans-monini-stage.ccws.it\/pl\/product\/monocultivar-coratina\/#breadcrumb"},"inLanguage":"pl-PL","potentialAction":[{"@type":"ReadAction","target":["https:\/\/shumans-monini-stage.ccws.it\/pl\/product\/monocultivar-coratina\/"]}]},{"@type":"ImageObject","inLanguage":"pl-PL","@id":"https:\/\/shumans-monini-stage.ccws.it\/pl\/product\/monocultivar-coratina\/#primaryimage","url":"https:\/\/shumans-monini-stage.ccws.it\/wp-content\/uploads\/2025\/06\/corati-pol.png","contentUrl":"https:\/\/shumans-monini-stage.ccws.it\/wp-content\/uploads\/2025\/06\/corati-pol.png","width":1024,"height":1280},{"@type":"BreadcrumbList","@id":"https:\/\/shumans-monini-stage.ccws.it\/pl\/product\/monocultivar-coratina\/#breadcrumb","itemListElement":[{"@type":"ListItem","position":1,"name":"Home","item":"https:\/\/shumans-monini-stage.ccws.it\/pl\/"},{"@type":"ListItem","position":2,"name":"Produkty","item":"https:\/\/shumans-monini-stage.ccws.it\/pl\/product\/"},{"@type":"ListItem","position":3,"name":"Monocultivar Coratina"}]},{"@type":"WebSite","@id":"https:\/\/shumans-monini-stage.ccws.it\/pl\/#website","url":"https:\/\/shumans-monini-stage.ccws.it\/pl\/","name":"Monini","description":"Una spremuta di olive","potentialAction":[{"@type":"SearchAction","target":{"@type":"EntryPoint","urlTemplate":"https:\/\/shumans-monini-stage.ccws.it\/pl\/?s={search_term_string}"},"query-input":{"@type":"PropertyValueSpecification","valueRequired":true,"valueName":"search_term_string"}}],"inLanguage":"pl-PL"}]}},"acf":[],"_links":{"self":[{"href":"https:\/\/shumans-monini-stage.ccws.it\/pl\/wp-json\/wp\/v2\/product\/12065","targetHints":{"allow":["GET"]}}],"collection":[{"href":"https:\/\/shumans-monini-stage.ccws.it\/pl\/wp-json\/wp\/v2\/product"}],"about":[{"href":"https:\/\/shumans-monini-stage.ccws.it\/pl\/wp-json\/wp\/v2\/types\/product"}],"author":[{"embeddable":true,"href":"https:\/\/shumans-monini-stage.ccws.it\/pl\/wp-json\/wp\/v2\/users\/5"}],"version-history":[{"count":7,"href":"https:\/\/shumans-monini-stage.ccws.it\/pl\/wp-json\/wp\/v2\/product\/12065\/revisions"}],"predecessor-version":[{"id":13404,"href":"https:\/\/shumans-monini-stage.ccws.it\/pl\/wp-json\/wp\/v2\/product\/12065\/revisions\/13404"}],"wp:featuredmedia":[{"embeddable":true,"href":"https:\/\/shumans-monini-stage.ccws.it\/pl\/wp-json\/wp\/v2\/media\/13375"}],"wp:attachment":[{"href":"https:\/\/shumans-monini-stage.ccws.it\/pl\/wp-json\/wp\/v2\/media?parent=12065"}],"wp:term":[{"taxonomy":"post_tag","embeddable":true,"href":"https:\/\/shumans-monini-stage.ccws.it\/pl\/wp-json\/wp\/v2\/tags?post=12065"},{"taxonomy":"cat_product","embeddable":true,"href":"https:\/\/shumans-monini-stage.ccws.it\/pl\/wp-json\/wp\/v2\/cat_product?post=12065"}],"curies":[{"name":"wp","href":"https:\/\/api.w.org\/{rel}","templated":true}]}}