{"id":14140,"date":"2025-07-02T14:49:38","date_gmt":"2025-07-02T12:49:38","guid":{"rendered":"https:\/\/shumans-monini-stage.ccws.it\/?post_type=product&#038;p=14140"},"modified":"2025-07-02T14:50:12","modified_gmt":"2025-07-02T12:50:12","slug":"glassa-malinowa","status":"publish","type":"product","link":"https:\/\/shumans-monini-stage.ccws.it\/pl\/product\/glassa-malinowa\/","title":{"rendered":"Glassa Malinowa"},"content":{"rendered":"\n<div class=\"wp-block-group is-style-spaced\"><div class=\"wp-block-group__inner-container\">\n<h6 class=\"wp-block-heading\">ZASTOSOWANIE<\/h6>\n\n\n\n<div style=\"height:0.25em\" aria-hidden=\"true\" class=\"wp-block-spacer\"><\/div>\n\n\n\n<div class=\"wp-block-columns are-vertically-aligned-top is-style-default\">\n<div class=\"wp-block-column is-vertically-aligned-top\"><div class=\"wp-block-image\">\n<figure class=\"aligncenter size-full\"><img loading=\"lazy\" decoding=\"async\" width=\"120\" height=\"120\" src=\"https:\/\/shumans-monini-stage.ccws.it\/wp-content\/uploads\/2025\/06\/icn_formaggi@2X.png\" alt=\"\" class=\"wp-image-4529\"\/><figcaption class=\"wp-element-caption\">\u015awie\u017ce warzywa<\/figcaption><\/figure>\n<\/div><\/div>\n\n\n\n<div class=\"wp-block-column is-vertically-aligned-top\"><div class=\"wp-block-image\">\n<figure class=\"aligncenter size-full\"><img loading=\"lazy\" decoding=\"async\" width=\"120\" height=\"120\" src=\"https:\/\/shumans-monini-stage.ccws.it\/wp-content\/uploads\/2025\/06\/icn_dolci-gelati@2X-1.png\" alt=\"\" class=\"wp-image-4709\"\/><figcaption class=\"wp-element-caption\">Desery i lody<\/figcaption><\/figure>\n<\/div><\/div>\n<\/div>\n\n\n\n<div style=\"height:0.1em\" aria-hidden=\"true\" class=\"wp-block-spacer\"><\/div>\n\n\n\n<p>Malinowy smak i kremowa konsystencja \u015bwietnie pasuj\u0105 do lod\u00f3w waniliowych, panna cotty i innych deser\u00f3w.<\/p>\n<\/div><\/div>\n","protected":false},"excerpt":{"rendered":"<p>Owocowa wariacja na temat klasycznej glassy balsamicznej, kt\u00f3rej malinowe nuty wzbogac\u0105 zw\u0142aszcza \u015bwie\u017ce owoce i desery.<\/p>\n","protected":false},"author":3,"featured_media":14141,"menu_order":0,"template":"","meta":{"_acf_changed":false,"footnotes":""},"tags":[],"cat_product":[207],"class_list":["post-14140","product","type-product","status-publish","has-post-thumbnail","hentry","cat_product-do-smaku"],"yoast_head":"<!-- This site is optimized with the Yoast SEO plugin v25.8 - https:\/\/yoast.com\/wordpress\/plugins\/seo\/ -->\n<title>Glassa Malinowa - Monini<\/title>\n<meta name=\"robots\" content=\"noindex, follow, max-snippet:-1, max-image-preview:large, max-video-preview:-1\" \/>\n<meta property=\"og:locale\" content=\"pl_PL\" \/>\n<meta property=\"og:type\" content=\"article\" \/>\n<meta property=\"og:title\" content=\"Glassa Malinowa - Monini\" \/>\n<meta property=\"og:description\" content=\"Owocowa wariacja na temat klasycznej glassy balsamicznej, kt\u00f3rej malinowe nuty wzbogac\u0105 zw\u0142aszcza \u015bwie\u017ce owoce i desery.\" \/>\n<meta property=\"og:url\" content=\"https:\/\/shumans-monini-stage.ccws.it\/pl\/product\/glassa-malinowa\/\" \/>\n<meta property=\"og:site_name\" content=\"Monini\" \/>\n<meta property=\"article:publisher\" content=\"https:\/\/www.facebook.com\/MoniniOlio\/\" \/>\n<meta property=\"article:modified_time\" content=\"2025-07-02T12:50:12+00:00\" \/>\n<meta property=\"og:image\" content=\"https:\/\/shumans-monini-stage.ccws.it\/wp-content\/uploads\/2025\/07\/malin-pol.png\" \/>\n\t<meta property=\"og:image:width\" content=\"1024\" \/>\n\t<meta property=\"og:image:height\" content=\"1280\" \/>\n\t<meta property=\"og:image:type\" content=\"image\/png\" \/>\n<meta name=\"twitter:card\" content=\"summary_large_image\" \/>\n<meta name=\"twitter:label1\" content=\"Szacowany czas czytania\" \/>\n\t<meta name=\"twitter:data1\" content=\"1 minuta\" \/>\n<script type=\"application\/ld+json\" class=\"yoast-schema-graph\">{\"@context\":\"https:\/\/schema.org\",\"@graph\":[{\"@type\":\"WebPage\",\"@id\":\"https:\/\/shumans-monini-stage.ccws.it\/pl\/product\/glassa-malinowa\/\",\"url\":\"https:\/\/shumans-monini-stage.ccws.it\/pl\/product\/glassa-malinowa\/\",\"name\":\"Glassa Malinowa - Monini\",\"isPartOf\":{\"@id\":\"https:\/\/shumans-monini-stage.ccws.it\/pl\/#website\"},\"primaryImageOfPage\":{\"@id\":\"https:\/\/shumans-monini-stage.ccws.it\/pl\/product\/glassa-malinowa\/#primaryimage\"},\"image\":{\"@id\":\"https:\/\/shumans-monini-stage.ccws.it\/pl\/product\/glassa-malinowa\/#primaryimage\"},\"thumbnailUrl\":\"https:\/\/shumans-monini-stage.ccws.it\/wp-content\/uploads\/2025\/07\/malin-pol.png\",\"datePublished\":\"2025-07-02T12:49:38+00:00\",\"dateModified\":\"2025-07-02T12:50:12+00:00\",\"breadcrumb\":{\"@id\":\"https:\/\/shumans-monini-stage.ccws.it\/pl\/product\/glassa-malinowa\/#breadcrumb\"},\"inLanguage\":\"pl-PL\",\"potentialAction\":[{\"@type\":\"ReadAction\",\"target\":[\"https:\/\/shumans-monini-stage.ccws.it\/pl\/product\/glassa-malinowa\/\"]}]},{\"@type\":\"ImageObject\",\"inLanguage\":\"pl-PL\",\"@id\":\"https:\/\/shumans-monini-stage.ccws.it\/pl\/product\/glassa-malinowa\/#primaryimage\",\"url\":\"https:\/\/shumans-monini-stage.ccws.it\/wp-content\/uploads\/2025\/07\/malin-pol.png\",\"contentUrl\":\"https:\/\/shumans-monini-stage.ccws.it\/wp-content\/uploads\/2025\/07\/malin-pol.png\",\"width\":1024,\"height\":1280},{\"@type\":\"BreadcrumbList\",\"@id\":\"https:\/\/shumans-monini-stage.ccws.it\/pl\/product\/glassa-malinowa\/#breadcrumb\",\"itemListElement\":[{\"@type\":\"ListItem\",\"position\":1,\"name\":\"Home\",\"item\":\"https:\/\/shumans-monini-stage.ccws.it\/pl\/\"},{\"@type\":\"ListItem\",\"position\":2,\"name\":\"Produkty\",\"item\":\"https:\/\/shumans-monini-stage.ccws.it\/pl\/product\/\"},{\"@type\":\"ListItem\",\"position\":3,\"name\":\"Glassa Malinowa\"}]},{\"@type\":\"WebSite\",\"@id\":\"https:\/\/shumans-monini-stage.ccws.it\/pl\/#website\",\"url\":\"https:\/\/shumans-monini-stage.ccws.it\/pl\/\",\"name\":\"Monini\",\"description\":\"Una spremuta di olive\",\"potentialAction\":[{\"@type\":\"SearchAction\",\"target\":{\"@type\":\"EntryPoint\",\"urlTemplate\":\"https:\/\/shumans-monini-stage.ccws.it\/pl\/?s={search_term_string}\"},\"query-input\":{\"@type\":\"PropertyValueSpecification\",\"valueRequired\":true,\"valueName\":\"search_term_string\"}}],\"inLanguage\":\"pl-PL\"}]}<\/script>\n<!-- \/ Yoast SEO plugin. -->","yoast_head_json":{"title":"Glassa Malinowa - Monini","robots":{"index":"noindex","follow":"follow","max-snippet":"max-snippet:-1","max-image-preview":"max-image-preview:large","max-video-preview":"max-video-preview:-1"},"og_locale":"pl_PL","og_type":"article","og_title":"Glassa Malinowa - Monini","og_description":"Owocowa wariacja na temat klasycznej glassy balsamicznej, kt\u00f3rej malinowe nuty wzbogac\u0105 zw\u0142aszcza \u015bwie\u017ce owoce i desery.","og_url":"https:\/\/shumans-monini-stage.ccws.it\/pl\/product\/glassa-malinowa\/","og_site_name":"Monini","article_publisher":"https:\/\/www.facebook.com\/MoniniOlio\/","article_modified_time":"2025-07-02T12:50:12+00:00","og_image":[{"width":1024,"height":1280,"url":"https:\/\/shumans-monini-stage.ccws.it\/wp-content\/uploads\/2025\/07\/malin-pol.png","type":"image\/png"}],"twitter_card":"summary_large_image","twitter_misc":{"Szacowany czas czytania":"1 minuta"},"schema":{"@context":"https:\/\/schema.org","@graph":[{"@type":"WebPage","@id":"https:\/\/shumans-monini-stage.ccws.it\/pl\/product\/glassa-malinowa\/","url":"https:\/\/shumans-monini-stage.ccws.it\/pl\/product\/glassa-malinowa\/","name":"Glassa Malinowa - Monini","isPartOf":{"@id":"https:\/\/shumans-monini-stage.ccws.it\/pl\/#website"},"primaryImageOfPage":{"@id":"https:\/\/shumans-monini-stage.ccws.it\/pl\/product\/glassa-malinowa\/#primaryimage"},"image":{"@id":"https:\/\/shumans-monini-stage.ccws.it\/pl\/product\/glassa-malinowa\/#primaryimage"},"thumbnailUrl":"https:\/\/shumans-monini-stage.ccws.it\/wp-content\/uploads\/2025\/07\/malin-pol.png","datePublished":"2025-07-02T12:49:38+00:00","dateModified":"2025-07-02T12:50:12+00:00","breadcrumb":{"@id":"https:\/\/shumans-monini-stage.ccws.it\/pl\/product\/glassa-malinowa\/#breadcrumb"},"inLanguage":"pl-PL","potentialAction":[{"@type":"ReadAction","target":["https:\/\/shumans-monini-stage.ccws.it\/pl\/product\/glassa-malinowa\/"]}]},{"@type":"ImageObject","inLanguage":"pl-PL","@id":"https:\/\/shumans-monini-stage.ccws.it\/pl\/product\/glassa-malinowa\/#primaryimage","url":"https:\/\/shumans-monini-stage.ccws.it\/wp-content\/uploads\/2025\/07\/malin-pol.png","contentUrl":"https:\/\/shumans-monini-stage.ccws.it\/wp-content\/uploads\/2025\/07\/malin-pol.png","width":1024,"height":1280},{"@type":"BreadcrumbList","@id":"https:\/\/shumans-monini-stage.ccws.it\/pl\/product\/glassa-malinowa\/#breadcrumb","itemListElement":[{"@type":"ListItem","position":1,"name":"Home","item":"https:\/\/shumans-monini-stage.ccws.it\/pl\/"},{"@type":"ListItem","position":2,"name":"Produkty","item":"https:\/\/shumans-monini-stage.ccws.it\/pl\/product\/"},{"@type":"ListItem","position":3,"name":"Glassa Malinowa"}]},{"@type":"WebSite","@id":"https:\/\/shumans-monini-stage.ccws.it\/pl\/#website","url":"https:\/\/shumans-monini-stage.ccws.it\/pl\/","name":"Monini","description":"Una spremuta di olive","potentialAction":[{"@type":"SearchAction","target":{"@type":"EntryPoint","urlTemplate":"https:\/\/shumans-monini-stage.ccws.it\/pl\/?s={search_term_string}"},"query-input":{"@type":"PropertyValueSpecification","valueRequired":true,"valueName":"search_term_string"}}],"inLanguage":"pl-PL"}]}},"acf":[],"_links":{"self":[{"href":"https:\/\/shumans-monini-stage.ccws.it\/pl\/wp-json\/wp\/v2\/product\/14140","targetHints":{"allow":["GET"]}}],"collection":[{"href":"https:\/\/shumans-monini-stage.ccws.it\/pl\/wp-json\/wp\/v2\/product"}],"about":[{"href":"https:\/\/shumans-monini-stage.ccws.it\/pl\/wp-json\/wp\/v2\/types\/product"}],"author":[{"embeddable":true,"href":"https:\/\/shumans-monini-stage.ccws.it\/pl\/wp-json\/wp\/v2\/users\/3"}],"version-history":[{"count":1,"href":"https:\/\/shumans-monini-stage.ccws.it\/pl\/wp-json\/wp\/v2\/product\/14140\/revisions"}],"predecessor-version":[{"id":14155,"href":"https:\/\/shumans-monini-stage.ccws.it\/pl\/wp-json\/wp\/v2\/product\/14140\/revisions\/14155"}],"wp:featuredmedia":[{"embeddable":true,"href":"https:\/\/shumans-monini-stage.ccws.it\/pl\/wp-json\/wp\/v2\/media\/14141"}],"wp:attachment":[{"href":"https:\/\/shumans-monini-stage.ccws.it\/pl\/wp-json\/wp\/v2\/media?parent=14140"}],"wp:term":[{"taxonomy":"post_tag","embeddable":true,"href":"https:\/\/shumans-monini-stage.ccws.it\/pl\/wp-json\/wp\/v2\/tags?post=14140"},{"taxonomy":"cat_product","embeddable":true,"href":"https:\/\/shumans-monini-stage.ccws.it\/pl\/wp-json\/wp\/v2\/cat_product?post=14140"}],"curies":[{"name":"wp","href":"https:\/\/api.w.org\/{rel}","templated":true}]}}