{"id":36475,"date":"2025-06-25T15:48:51","date_gmt":"2025-06-25T13:48:51","guid":{"rendered":"https:\/\/shumans-monini-stage.ccws.it\/?page_id=36475"},"modified":"2025-08-22T14:50:36","modified_gmt":"2025-08-22T12:50:36","slug":"uslovi-koriscenja","status":"publish","type":"page","link":"https:\/\/shumans-monini-stage.ccws.it\/sr\/uslovi-koriscenja\/","title":{"rendered":"Uslovi kori\u0161\u0107enja"},"content":{"rendered":"\n<div class=\"wp-block-columns\">\n<div class=\"wp-block-column\">\n<h6 class=\"wp-block-heading\">OP\u0160TI USLOVI KORI\u0160\u0106ENJA<\/h6>\n\n\n\n<p>Uvodne informacije o uslovima kori\u0161\u0107enja ove stranice<\/p>\n\n\n\n<p>Ovu veb stranicu vam stavlja na raspolaganje MONINI S.p.A. koja ima sedi\u0161te u S.S. Flaminia km 129, 06049 Spoleto (u daljem tekstu Monini). Podaci o kompaniji Monini S.p.A, njenim filijalama i tre\u0107im licima prikupljani su krajnje pa\u017eljivo. Me\u0111utim, ne mo\u017eemo garantovati da su informacije potpune ili ta\u010dne. Monini odbija bilo kakvu odgovornost za gre\u0161ke u sadr\u017eajima prisutnim na sajtovima.<\/p>\n\n\n\n<p>Kori\u0161\u0107enjem na\u0161ih veb stranica prihvatate, bez izuzetka ili rezerve, slede\u0107e op\u0161te uslove kori\u0161\u0107enja (u daljem tekstu Uslovi) koje mo\u017eete od\u0161tampati ili izdvojiti u datotekama .pdf formata.<\/p>\n\n\n\n<p>Podaci sadr\u017eani na na\u0161im veb stranicama nisu namenjeni niti odobreni za upotrebu u Sjedinjenim Ameri\u010dkim Dr\u017eavama, za gra\u0111ane SAD -a ili za osobe sa prebivali\u0161tem u SAD -u. Ove kategorije korisnika se moraju obratiti veb stranici Monini ili lokalnim Moninijevim filijalama.<\/p>\n\n\n\n<p>Op\u0161ti uslovi kori\u0161\u0107enja sajta \/ Pravne informacij<\/p>\n\n\n\n<p>1. INTELEKTUALNA SVOJINA \u2013 AUTORSKO PRAVO<\/p>\n\n\n\n<p>Sadr\u017eaj stranica ove veb stranice za\u0161ti\u0107ene su autorskim pravima. Konkretno, u skladu sa Zakonom 633\/1941 (Zakon o autorskim pravima), sadr\u017eaj veb lokacije je za\u0161ti\u0107en od kopiranja, prevo\u0111enja, dodavanja ili transformacije istih u druge medije, uklju\u010duju\u0107i dodavanje ili transformaciju elektronskim putem. Reprodukcija i ekonomska eksploatacija celog ili dela sadr\u017eaja ovog sajta dozvoljeni su samo uz pismeni pristanak Moninija. I sadr\u017eaj i struktura veb lokacije za\u0161ti\u0107eni su autorskim pravima. Konkretno, kopiranje informacija ili podataka, upotreba tekstova ili njihovih delova ili slika sadr\u017eanih na veb lokaciji (osim Moninijevih fotografija za \u0161tampu) dozvoljeno je samo uz prethodnu pismenu saglasnost Moninija. \u010cak i ilustracije, u skladu sa \u010dl. 1 Zakona 633\/1941, za\u0161ti\u0107ene su autorskim pravima. Pravo objavljivanja i reprodukcije ovih ilustracija i dizajna pripada Moniniju. Autorska prava na ilustracije i dizajn tako\u0111e ostaju na snazi za dizajn koji se automatski ili ru\u010dno dodaje u arhivu.<\/p>\n\n\n\n<p>Moninijeve fotografije namenjene \u0161tampanju mogu se koristiti isklju\u010divo u uredni\u010dke svrhe. Sve reprodukcije, ponovljena objavljivanja, modifikacije ili upotrebe fotografija koje se nalaze na ovom sajtu u novinarske svrhe moraju biti propra\u0107ene slede\u0107im re\u010dima:<\/p>\n\n\n\n<p>Copyright \u00a9 (2018) Monini S.p.A Sva prava zadr\u017eana.<\/p>\n\n\n\n<p>\u010cak i ako je ova reprodukcija besplatna, potrebna nam je kopija za na\u0161u arhivu<\/p>\n\n\n\n<p>2. ZA\u0160TITNI ZNACI<\/p>\n\n\n\n<p>Nazivi proizvoda na ovoj veb lokaciji su registrovani za\u0161titni znaci kompanije Monini S.p.A. i za\u0161ti\u0107eni su zakonom o \u017eigovima (Zakonodavna uredba 30\/2005 i naknadne izmene) i propisima o nelojalnoj konkurenciji<\/p>\n\n\n\n<p>3. ISKLJU\u010cENJE ODGOVORNOSTI \u2013 PRAVA TRE\u0106IH LICA<\/p>\n\n\n\n<p>a) Ova veb lokacija mo\u017ee sadr\u017eati linkove do drugih veb lokacija koje nisu u vlasni\u0161tvu ili kojima ne upravlja Monini. Treba napomenuti da Monini ne mo\u017ee kontrolisati sadr\u017eaj ovih stranica i stoga Monini ne\u0107e biti odgovoran za posledice proiza\u0161le iz njihove upotrebe. \u010cinjenica da Monini objavljuje linkove do drugih veb lokacija ne podrazumeva nikakvu podr\u0161ku od strane Moninija u vezi sa sadr\u017eajem veb lokacija za koje je link dat. Ovi linkovi postoje samo da bi vam olak\u0161ali navigaciju. Konkretno, Monini ne preuzima nikakvu odgovornost za bilo kakvo kr\u0161enje zakona ili prava tre\u0107ih strana koje proizilaze iz sadr\u017eaja pomenutih veb lokacija.<br>b) Samo vlasnici veb lokacija tre\u0107ih strana za koje Monini veb lokacija pru\u017ea link bi\u0107e odgovorni za sadr\u017eaj ovih veb lokacija, kao i za prodaju proizvoda on-line i srodne uslove prodaje, upravljanje narud\u017ebinama i \/ ili posledice koje proizilaze od kupovine takvih proizvoda.<br>c) Monini nije odgovoran za bilo kakvo kr\u0161enje autorskih prava, za\u0161titnih znakova ili prava na privatnost koje proizilazi iz pristupa veb lokaciji povezanoj sa ovom veb lokacijom.<br>d) U slu\u010daju narud\u017ebe ili bilo koje druge pravne izjave u vezi sa transakcijom, ugovor se sklapa isklju\u010divo izme\u0111u korisnika i vlasnika ili menad\u017eera veb stranice, a ni u kom slu\u010daju ugovor ne\u0107e biti sklopljen izme\u0111u Moninija i korisnika. S tim u vezi pogledajte posebne uslove prodaje na povezanoj veb lokaciji.<\/p>\n\n\n\n<p>4. ODRICANJE OD ODGOVORNOSTI<\/p>\n\n\n\n<p>Monini je odgovoran za \u0161tetu nastalu kori\u0161tenjem ove stranice isklju\u010divo u slu\u010daju namernog ili grubog nemara. Ovo ne implicira bilo kakvo ograni\u010denje odgovornosti kompanije Monini u pogledu odgovornosti proizvo\u0111a\u010da ili relativnih garancija za proizvode. Ova ograni\u010denja odgovornosti ne\u0107e se primenjivati \u010dak ni u slu\u010daju \u0161tete opasne po \u017eivot, telesnih povreda ili o\u0161te\u0107enja zdravlja.<\/p>\n\n\n\n<p>Monini \u010dini sve \u0161to je mogu\u0107e kako bi veb lokacije koje poseduje bile za\u0161ti\u0107ene od virusa. Me\u0111utim, to ne mo\u017ee garantovati da zaista jesu. Iz tog razloga preporu\u010dujemo da obratite najve\u0107u pa\u017enju i obezbedite sebi odgovaraju\u0107u za\u0161titu od virusa (na primer, instalirajte antivirusne programe na ra\u010dunar).<\/p>\n\n\n\n<p>Monini ne garantuje odsustvo gre\u0161aka i dostupnost usluga ponu\u0111enih na ovoj veb lokaciji.<\/p>\n\n\n\n<p>5. PROGNOZE I IZJAVE O NAMERI<\/p>\n\n\n\n<p>Izjave o namerama i \/ ili prognoze sadr\u017eane na ovoj veb stranici formulisane su na osnovu na\u0161eg znanja i verovanja. Razume se da bi se rezultati koje je Monini zaista postigao mogli znatno razlikovati jer zavise od brojnih faktora konkurentske i ekonomske prirode koji nisu pod Moninijevom kontrolom. Monini ne preuzima nikakvu odgovornost za a\u017euriranje takvih izjava ili prognoza bez prejudiciranja posebnih zakonskih obaveza u tom pogledu.<\/p>\n\n\n\n<p>6. MONINI PROIZVODI<\/p>\n\n\n\n<p>Proizvodi Grupe kompanije Monini dostupni su u brojnim zemljama \u0161irom sveta. Ova stranica je namenjena samo korisnicima sa prebivali\u0161tem ili boravkom u Italiji. Opisi proizvoda na veb lokaciji izdati su samo u informativne svrhe i ne impliciraju da su takvi proizvodi i robne marke dostupni van Italije.<\/p>\n\n\n\n<p>Ako treba da se stvori veza do ove veb lokacije, poseban zahtev mora biti poslat e-po\u0161tom na adresu info [at] monini [ta\u010dka] com u kojoj se navode: (i) podaci koji se odnose na osobu odgovornu za tehni\u010dke aspekte upravljanja linkovima; (ii) podatke kompanije podnosioca zahteva; (iii) navo\u0111enje veb adrese veb lokacije na kojoj \u0107e se kreirati veza do ove veb lokacije.<\/p>\n\n\n\n<p>Monini zadr\u017eava pravo da neupitno oceni primljene zahteve slanjem odgovaraju\u0107ih povratnih informacija. Ako Monini ne odgovori, zahtev se mora smatrati odbijenim.<\/p>\n\n\n\n<p>U suprotnom, linkovi ka ovoj veb stranici nisu dozvoljeni, a svako kr\u0161enje ovih uslova bi\u0107e procesuirano u skladu sa tada va\u017ee\u0107im zakonima.<\/p>\n\n\n\n<p>OSTALO<\/p>\n\n\n\n<p>Ovi Op\u0161ti uslovi kori\u0161\u0107enja ure\u0111eni su i tuma\u010deni u skladu sa zakonima Italije bez obzira na Konvenciju UN o ugovorima o me\u0111unarodnoj prodaji robe, \u010dija je primena izri\u010dito isklju\u010dena iz ovih Op\u0161tih uslova kori\u0161\u0107enja. U meri u kojoj to dopu\u0161ta va\u017ee\u0107i zakon, svi sporovi koji se odnose na ovu veb stranicu bi\u0107e u nadle\u017enosti Suda u Spoletu. Ako jedna ili vi\u0161e odredbi ovih op\u0161tih uslova kori\u0161\u0107enja jesu ili postanu neva\u017ee\u0107e, to ne\u0107e uticati na valjanost preostalih odredbi.<\/p>\n\n\n\n<p>Kompanija je imala koristi od pomo\u0107i koju je obezbedio P.S.R. Umbrija 2014\/2020 mer. 4 \u2013 podmera 4.2. \u2013 vrsta intervencije 4.2.1. \u201cInvesticiona podr\u0161ka za transformaciju, marketing i \/ ili razvoj poljoprivrednih proizvoda\u201d, sa ciljem stvaranja nove linije za fla\u0161iranje koja \u0107e biti integrisana u trenutni raspored proizvodnje iz perspektive industrije 4.0. Dogovoreni iznos rashoda iznosi 3.015.118,40 \u20ac \u0161to odgovara podr\u0161ci jednakoj 1.206.047,36 \u20ac<\/p>\n\n\n\n<div style=\"height:42px\" aria-hidden=\"true\" class=\"wp-block-spacer\"><\/div>\n<\/div>\n<\/div>\n","protected":false},"excerpt":{"rendered":"<p>OP\u0160TI USLOVI KORI\u0160\u0106ENJA Uvodne informacije o uslovima kori\u0161\u0107enja ove stranice Ovu veb stranicu vam stavlja&#8230;<\/p>\n","protected":false},"author":3,"featured_media":0,"parent":0,"menu_order":0,"comment_status":"closed","ping_status":"closed","template":"","meta":{"_acf_changed":false,"footnotes":""},"class_list":["post-36475","page","type-page","status-publish","hentry"],"yoast_head":"<!-- This site is optimized with the Yoast SEO plugin v25.8 - https:\/\/yoast.com\/wordpress\/plugins\/seo\/ -->\n<title>Uslovi kori\u0161\u0107enja - Monini<\/title>\n<meta name=\"robots\" content=\"noindex, follow, max-snippet:-1, max-image-preview:large, max-video-preview:-1\" \/>\n<meta property=\"og:locale\" content=\"sr_RS\" \/>\n<meta property=\"og:type\" content=\"article\" \/>\n<meta property=\"og:title\" content=\"Uslovi kori\u0161\u0107enja - Monini\" \/>\n<meta property=\"og:description\" content=\"OP\u0160TI USLOVI KORI\u0160\u0106ENJA Uvodne informacije o uslovima kori\u0161\u0107enja ove stranice Ovu veb stranicu vam stavlja...\" \/>\n<meta property=\"og:url\" content=\"https:\/\/shumans-monini-stage.ccws.it\/sr\/uslovi-koriscenja\/\" \/>\n<meta property=\"og:site_name\" content=\"Monini\" \/>\n<meta property=\"article:publisher\" content=\"https:\/\/www.facebook.com\/MoniniOlio\/\" \/>\n<meta property=\"article:modified_time\" content=\"2025-08-22T12:50:36+00:00\" \/>\n<meta name=\"twitter:card\" content=\"summary_large_image\" \/>\n<meta name=\"twitter:label1\" content=\"\u041f\u0440\u043e\u0446\u0435\u045a\u0435\u043d\u043e \u0432\u0440\u0435\u043c\u0435 \u0447\u0438\u0442\u0430\u045a\u0430\" \/>\n\t<meta name=\"twitter:data1\" content=\"6 \u043c\u0438\u043d\u0443\u0442\" \/>\n<script type=\"application\/ld+json\" class=\"yoast-schema-graph\">{\"@context\":\"https:\/\/schema.org\",\"@graph\":[{\"@type\":\"WebPage\",\"@id\":\"https:\/\/shumans-monini-stage.ccws.it\/sr\/uslovi-koriscenja\/\",\"url\":\"https:\/\/shumans-monini-stage.ccws.it\/sr\/uslovi-koriscenja\/\",\"name\":\"Uslovi kori\u0161\u0107enja - Monini\",\"isPartOf\":{\"@id\":\"https:\/\/shumans-monini-stage.ccws.it\/sr\/#website\"},\"datePublished\":\"2025-06-25T13:48:51+00:00\",\"dateModified\":\"2025-08-22T12:50:36+00:00\",\"breadcrumb\":{\"@id\":\"https:\/\/shumans-monini-stage.ccws.it\/sr\/uslovi-koriscenja\/#breadcrumb\"},\"inLanguage\":\"sr-RS\",\"potentialAction\":[{\"@type\":\"ReadAction\",\"target\":[\"https:\/\/shumans-monini-stage.ccws.it\/sr\/uslovi-koriscenja\/\"]}]},{\"@type\":\"BreadcrumbList\",\"@id\":\"https:\/\/shumans-monini-stage.ccws.it\/sr\/uslovi-koriscenja\/#breadcrumb\",\"itemListElement\":[{\"@type\":\"ListItem\",\"position\":1,\"name\":\"Home\",\"item\":\"https:\/\/shumans-monini-stage.ccws.it\/sr\/\"},{\"@type\":\"ListItem\",\"position\":2,\"name\":\"Uslovi kori\u0161\u0107enja\"}]},{\"@type\":\"WebSite\",\"@id\":\"https:\/\/shumans-monini-stage.ccws.it\/sr\/#website\",\"url\":\"https:\/\/shumans-monini-stage.ccws.it\/sr\/\",\"name\":\"Monini\",\"description\":\"Una spremuta di olive\",\"potentialAction\":[{\"@type\":\"SearchAction\",\"target\":{\"@type\":\"EntryPoint\",\"urlTemplate\":\"https:\/\/shumans-monini-stage.ccws.it\/sr\/?s={search_term_string}\"},\"query-input\":{\"@type\":\"PropertyValueSpecification\",\"valueRequired\":true,\"valueName\":\"search_term_string\"}}],\"inLanguage\":\"sr-RS\"}]}<\/script>\n<!-- \/ Yoast SEO plugin. -->","yoast_head_json":{"title":"Uslovi kori\u0161\u0107enja - Monini","robots":{"index":"noindex","follow":"follow","max-snippet":"max-snippet:-1","max-image-preview":"max-image-preview:large","max-video-preview":"max-video-preview:-1"},"og_locale":"sr_RS","og_type":"article","og_title":"Uslovi kori\u0161\u0107enja - Monini","og_description":"OP\u0160TI USLOVI KORI\u0160\u0106ENJA Uvodne informacije o uslovima kori\u0161\u0107enja ove stranice Ovu veb stranicu vam stavlja...","og_url":"https:\/\/shumans-monini-stage.ccws.it\/sr\/uslovi-koriscenja\/","og_site_name":"Monini","article_publisher":"https:\/\/www.facebook.com\/MoniniOlio\/","article_modified_time":"2025-08-22T12:50:36+00:00","twitter_card":"summary_large_image","twitter_misc":{"\u041f\u0440\u043e\u0446\u0435\u045a\u0435\u043d\u043e \u0432\u0440\u0435\u043c\u0435 \u0447\u0438\u0442\u0430\u045a\u0430":"6 \u043c\u0438\u043d\u0443\u0442"},"schema":{"@context":"https:\/\/schema.org","@graph":[{"@type":"WebPage","@id":"https:\/\/shumans-monini-stage.ccws.it\/sr\/uslovi-koriscenja\/","url":"https:\/\/shumans-monini-stage.ccws.it\/sr\/uslovi-koriscenja\/","name":"Uslovi kori\u0161\u0107enja - Monini","isPartOf":{"@id":"https:\/\/shumans-monini-stage.ccws.it\/sr\/#website"},"datePublished":"2025-06-25T13:48:51+00:00","dateModified":"2025-08-22T12:50:36+00:00","breadcrumb":{"@id":"https:\/\/shumans-monini-stage.ccws.it\/sr\/uslovi-koriscenja\/#breadcrumb"},"inLanguage":"sr-RS","potentialAction":[{"@type":"ReadAction","target":["https:\/\/shumans-monini-stage.ccws.it\/sr\/uslovi-koriscenja\/"]}]},{"@type":"BreadcrumbList","@id":"https:\/\/shumans-monini-stage.ccws.it\/sr\/uslovi-koriscenja\/#breadcrumb","itemListElement":[{"@type":"ListItem","position":1,"name":"Home","item":"https:\/\/shumans-monini-stage.ccws.it\/sr\/"},{"@type":"ListItem","position":2,"name":"Uslovi kori\u0161\u0107enja"}]},{"@type":"WebSite","@id":"https:\/\/shumans-monini-stage.ccws.it\/sr\/#website","url":"https:\/\/shumans-monini-stage.ccws.it\/sr\/","name":"Monini","description":"Una spremuta di olive","potentialAction":[{"@type":"SearchAction","target":{"@type":"EntryPoint","urlTemplate":"https:\/\/shumans-monini-stage.ccws.it\/sr\/?s={search_term_string}"},"query-input":{"@type":"PropertyValueSpecification","valueRequired":true,"valueName":"search_term_string"}}],"inLanguage":"sr-RS"}]}},"acf":[],"_links":{"self":[{"href":"https:\/\/shumans-monini-stage.ccws.it\/sr\/wp-json\/wp\/v2\/pages\/36475","targetHints":{"allow":["GET"]}}],"collection":[{"href":"https:\/\/shumans-monini-stage.ccws.it\/sr\/wp-json\/wp\/v2\/pages"}],"about":[{"href":"https:\/\/shumans-monini-stage.ccws.it\/sr\/wp-json\/wp\/v2\/types\/page"}],"author":[{"embeddable":true,"href":"https:\/\/shumans-monini-stage.ccws.it\/sr\/wp-json\/wp\/v2\/users\/3"}],"replies":[{"embeddable":true,"href":"https:\/\/shumans-monini-stage.ccws.it\/sr\/wp-json\/wp\/v2\/comments?post=36475"}],"version-history":[{"count":1,"href":"https:\/\/shumans-monini-stage.ccws.it\/sr\/wp-json\/wp\/v2\/pages\/36475\/revisions"}],"predecessor-version":[{"id":36477,"href":"https:\/\/shumans-monini-stage.ccws.it\/sr\/wp-json\/wp\/v2\/pages\/36475\/revisions\/36477"}],"wp:attachment":[{"href":"https:\/\/shumans-monini-stage.ccws.it\/sr\/wp-json\/wp\/v2\/media?parent=36475"}],"curies":[{"name":"wp","href":"https:\/\/api.w.org\/{rel}","templated":true}]}}