{"id":36478,"date":"2025-06-25T15:28:12","date_gmt":"2025-06-25T13:28:12","guid":{"rendered":"https:\/\/shumans-monini-stage.ccws.it\/?page_id=36478"},"modified":"2025-08-22T14:51:32","modified_gmt":"2025-08-22T12:51:32","slug":"politika-privatnosti","status":"publish","type":"page","link":"https:\/\/shumans-monini-stage.ccws.it\/sr\/politika-privatnosti\/","title":{"rendered":"Politika Privatnosti"},"content":{"rendered":"\n<div class=\"wp-block-columns\">\n<div class=\"wp-block-column\">\n<h3 class=\"wp-block-heading\">Informacije za korisnike i kupce (\u201cA\u201d) u skladu sa \u010dlanom 13. Uredbe (EU) 2016\/679 (\u201cGDPR\u201d)<\/h3>\n\n\n\n<p>U skladu sa \u010dlanom 13. GDPR -a, a u vezi sa li\u010dnim podacima koji se ti\u010du vas i koji \u0107e biti obra\u0111eni radi pregovora i mogu\u0107eg zaklju\u010denja ugovora sa MONINI S.p.A. \u010diji ste \u010dlan (u daljem tekstu \u201cPodaci\u201d i \u201cUgovor\u201d), obave\u0161tavamo vas o slede\u0107em:<\/p>\n\n\n\n<p>1. KONTROLA PODATAKA<\/p>\n\n\n\n<p>Kontrolor podataka je Monini S.p.A., sa sedi\u0161tem u Spoletu (PG), S.S. 3 Flaminia, Km 129, u licu dr Zefferina Francesca Moninija, izvr\u0161nog direktora i pravnog zastupnika pro tempore (\u201cVlasnik\u201d).<\/p>\n\n\n\n<p>2.&nbsp; SVRHA OBRADE PODATAKA<\/p>\n\n\n\n<p>Obrada podataka:<\/p>\n\n\n\n<p>(a) ima za cilj da omogu\u0107i Vlasniku da izvr\u0161i neophodne aktivnosti koje su potrebne za zaklju\u010divanje ugovora;<\/p>\n\n\n\n<p>(b) se vr\u0161i u svrhe koje se odnose na obaveze utvr\u0111ene va\u017ee\u0107im zakonima ili propisima, kao i odredbama koje izdaju nadle\u017eni organi \/ nadzorna i kontrolna tela.<\/p>\n\n\n\n<p>3. NA\u010cIN OBRADE PODATAKA<\/p>\n\n\n\n<p>Obrada podataka:<\/p>\n\n\n\n<p>(a) se sprovodi metodama i postupcima koji su strogo neophodni za obavljanje aktivnosti navedenih u gore navedenom \u010dlanu 2, stavu (a), a sprovodi se kori\u0161\u0107enjem operacija ili kombinacija operacija dozvoljenih prema GDPR -u;<\/p>\n\n\n\n<p>(b) se tako\u0111e vr\u0161i uz pomo\u0107 elektronskih ili automatizovanih sredstava. S tim u vezi, treba napomenuti da se Podaci \u010duvaju u papirnim arhivama koje se nalaze u sedi\u0161tu Vlasnika i u elektronskim arhivama koje se nalaze na teritorijama unutar Evropske unije;<\/p>\n\n\n\n<p>(c) se tako\u0111e vr\u0161i kori\u0161\u0107enjem faksa, e-po\u0161te ili drugih tehnika daljinske komunikacije. Vlasnik koristi iste metode i kada u te svrhe prenosi Podatke tre\u0107im licima, kako je bolje navedeno u narednim ta\u010dkama 6 i 8.<\/p>\n\n\n\n<p>4. DOSTAVLJANJE PODATAKA<\/p>\n\n\n\n<p>Ne dovode\u0107i u pitanje li\u010dnu autonomiju nosioca podataka, pru\u017eanje li\u010dnih podataka je obavezno prema Zakonu ili Propisu u odnosu na svrhe navedene u gore navedenoj ta\u010dki 2.<\/p>\n\n\n\n<p>5. ODBIJANJE DOSTAVLJANJA PODATAKA<\/p>\n\n\n\n<p>Svako odbijanje zainteresovane strane da pru\u017ei podatke ili da, ako je potrebno, da saglasnost za obradu, onemogu\u0107ava Vlasniku da pregovara o mogu\u0107em zaklju\u010denju Ugovora.<\/p>\n\n\n\n<p>6. KOMUNIKACIJA PODATAKA<\/p>\n\n\n\n<p>Podaci se mogu saop\u0161titi \u2013 u svrhe navedene u ta\u010dki 2 \u2013 drugim subjektima, a posebno:<\/p>\n\n\n\n<p>konsultantima koji poma\u017eu Vlasniku u obavljanju aktivnosti navedenih u gorenavedenom \u010dlanu 2, ta\u010dka (a) (na primer, advokatskim i poreskim firmama);<\/p>\n\n\n\n<p>eventualno imenovanim spoljnim menad\u017eerima za obradu podataka.<\/p>\n\n\n\n<p>7. \u0160IRENJE PODATAKA<\/p>\n\n\n\n<p>Podaci nisu predmet otkrivanja.<\/p>\n\n\n\n<p>8. PRENOS PODATAKA U INOSTRANSTVU<\/p>\n\n\n\n<p>Pozivaju\u0107i se na svrhe iz \u010dlana 2, podaci se ne prenose u inostranstvo.<\/p>\n\n\n\n<p>9. ROK SKLADI\u0160TENJA<\/p>\n\n\n\n<p>Ako je ugovorni odnos sa Kompanijom formalizovan, Monini \u0107e va\u0161e podatke obra\u0111ivati tokom celog trajanja odnosa i \u010duva\u0107e se 11 godina nakon prestanka ovog odnosa, isklju\u010divo u svrhe koje se odnose na ispunjenje obaveza po zakonu ili za odbranu Moninijevih prava na sudu.<\/p>\n\n\n\n<p>U slu\u010daju da ugovorni odnos nije formalizovan, Monini \u0107e obra\u0111ivati va\u0161e podatke 24 meseca nakon prijema; kasnije \u0107e oni biti trajno obrisani.<\/p>\n\n\n\n<p>10. VA\u0160A PRAVA KAO LICA NA KOJE SE PODACI ODNOSE<\/p>\n\n\n\n<p>Tokom perioda u kojem Monini poseduje ili vr\u0161i obradu va\u0161ih podataka i, ako je to slu\u010daj, va\u0161ih li\u010dnih podataka, vi, kao nosilac podataka, mo\u017eete u svakom trenutku ostvariti slede\u0107a prava:<\/p>\n\n\n\n<p>Pravo pristupa \u2013 Imate pravo da dobijete potvrdu o postojanju ili drugoj proceduri u vezi sa va\u0161im li\u010dnim podacima, kao i pravo na dobijanje svih informacija koje se odnose na tu proceduru;<\/p>\n\n\n\n<p>Pravo na ispravku \u2013 Imate pravo na ispravljanje va\u0161ih li\u010dnih podataka u na\u0161em posedu, ako su nepotpuni ili neta\u010dni;<\/p>\n\n\n\n<p>Pravo na uklanjanje \u2013 u odre\u0111enim okolnostima imate pravo da uklanjanja va\u0161ih li\u010dnih podataka iz na\u0161e arhive ako oni nisu relevantni za nastavak radnog odnosa ili to zahteva zakon;<\/p>\n\n\n\n<p>Pravo da ograni\u010dite obradu \u2013 po pojavi odre\u0111enih uslova, imate pravo da dobijete ograni\u010denje obrade koja se odnosi na va\u0161e li\u010dne podatke, ako nije relevantno za nastavak radnog odnosa ili je propisano zakonom;<\/p>\n\n\n\n<p>Pravo na prenosivost \u2013 Imate pravo da dobijete prenos va\u0161ih li\u010dnih podataka u na\u0161em vlasni\u0161tvu u korist drugog Vlasnika;<\/p>\n\n\n\n<p>Pravo na podno\u0161enje \u017ealbe Nadzornom organu \u2013 u slu\u010daju da Monini odbije da udovolji va\u0161im zahtevima za pristup, bi\u0107e navedeni razlozi za relativno odbijanje. Ako je primenljivo, imate pravo da ulo\u017eite \u017ealbu kako je opisano u paragrafu 11 ispod.<\/p>\n\n\n\n<p>Takvi zahtevi se mogu uputiti Moniniju isklju\u010divo na slede\u0107u adresu e-po\u0161te: privacy (at) monini . com<\/p>\n\n\n\n<p>11. \u017dALBE<\/p>\n\n\n\n<p>Ako \u017eelite podneti \u017ealbu u vezi s na\u010dinom na koji Monini obra\u0111uje va\u0161e podatke i, ako je to slu\u010daj, va\u0161e li\u010dne podatke, ili u vezi s upravljanjem \u017ealbom koju ste vi podneli, imate pravo da podnesete zahtev direktno nadzornom organu.<\/p>\n\n\n\n<p>12. MENAD\u017dER ZA OBRADU<\/p>\n\n\n\n<p>Rukovodioca na funkciji u IT sektoru imenuje MONINI S.p.A. koji je odgovoran za obradu podataka (\u201eMenad\u017eer\u201c). Mo\u017eete se obratiti Menad\u017eeru radi ostvarivanja prava navedenih u ta\u010dki 9 gore, kao i da biste saznali a\u017euriranu listu dodatnih imenovanih menad\u017eera, slanjem e-po\u0161te na adresu privacy (at) monini . com<\/p>\n\n\n\n<p><strong><em>Informacije za dobavlja\u010de (\u201cC\u201d) u skladu sa \u010dlanom 13. Uredbe (EU) 2016\/679 (\u201cGDPR\u201d).<\/em><\/strong><\/p>\n\n\n\n<p>U skladu sa \u010dlanom 13. GDPR -a, a u vezi sa li\u010dnim podacima koji se ti\u010du vas i koji \u0107e biti obra\u0111eni radi pregovora i mogu\u0107eg zaklju\u010denja ugovora sa MONINI S.p.A. \u010diji ste \u010dlan (u daljem tekstu \u201cPodaci\u201d i \u201cUgovor\u201d), obave\u0161tavamo vas o slede\u0107em:<\/p>\n\n\n\n<p>1. KONTROLA PODATAKA<\/p>\n\n\n\n<p>Kontrolor podataka je Monini S.p.A., sa sedi\u0161tem u Spoletu (PG), S.S. 3 Flaminia, Km 129, u licu dr Zefferina Francesca Moninija, izvr\u0161nog direktora i pravnog zastupnika pro tempore (\u201cVlasnik\u201d).<\/p>\n\n\n\n<p>2. SVRHA OBRADE PODATAKA<\/p>\n\n\n\n<p>Obrada podataka:<\/p>\n\n\n\n<p>(a) ima za cilj da omogu\u0107i Vlasniku da izvr\u0161i neophodne aktivnosti koje su potrebne za zaklju\u010divanje ugovora;<\/p>\n\n\n\n<p>(b) se vr\u0161i u svrhe koje se odnose na obaveze utvr\u0111ene va\u017ee\u0107im zakonima ili propisima, kao i odredbama koje izdaju nadle\u017eni organi \/ nadzorna i kontrolna tela.<\/p>\n\n\n\n<p>3. NA\u010cIN OBRADE PODATAKA<\/p>\n\n\n\n<p>Obrada podataka:<\/p>\n\n\n\n<p>(a) se sprovodi metodama i postupcima koji su strogo neophodni za obavljanje aktivnosti navedenih u gore navedenom \u010dlanu 2, stavu (a), a sprovodi se kori\u0161\u0107enjem operacija ili kombinacija operacija dozvoljenih prema GDPR -u;<\/p>\n\n\n\n<p>(b) se tako\u0111e vr\u0161i uz pomo\u0107 elektronskih ili automatizovanih sredstava. S tim u vezi, treba napomenuti da se Podaci \u010duvaju u papirnim arhivama koje se nalaze u sedi\u0161tu Vlasnika i u elektronskim arhivama koje se nalaze na teritorijama unutar Evropske unije;<\/p>\n\n\n\n<p>(c) se tako\u0111e vr\u0161i kori\u0161\u0107enjem faksa, e-po\u0161te ili drugih tehnika daljinske komunikacije. Vlasnik koristi iste metode i kada u te svrhe prenosi Podatke tre\u0107im licima, kako je bolje navedeno u narednim ta\u010dkama 6 i 8.<\/p>\n\n\n\n<p>4. DOSTAVLJANJE PODATAKA<\/p>\n\n\n\n<p>Ne dovode\u0107i u pitanje li\u010dnu autonomiju nosioca podataka, pru\u017eanje li\u010dnih podataka je obavezno prema Zakonu ili Propisu u odnosu na svrhe navedene u gore navedenoj ta\u010dki 2.<\/p>\n\n\n\n<p>5. ODBIJANJE DOSTAVLJANJA PODATAKA<\/p>\n\n\n\n<p>Svako odbijanje zainteresovane strane da pru\u017ei podatke ili da, ako je potrebno, da saglasnost za obradu, onemogu\u0107ava Vlasniku da pregovara o mogu\u0107em zaklju\u010denju Ugovora.<\/p>\n\n\n\n<p>6. KOMUNIKACIJA PODATAKA<\/p>\n\n\n\n<p>Podaci se mogu saop\u0161titi \u2013 u svrhe navedene u ta\u010dki 2 \u2013 drugim subjektima, a posebno:<\/p>\n\n\n\n<p>konsultantima koji poma\u017eu Vlasniku u obavljanju aktivnosti navedenih u gorenavedenom \u010dlanu 2, ta\u010dka (a) (na primer, advokatskim i poreskim firmama);<\/p>\n\n\n\n<p>eventualno imenovanim spoljnim menad\u017eerima za obradu podataka.<\/p>\n\n\n\n<p>7. \u0160IRENJE PODATAKA<\/p>\n\n\n\n<p>Podaci nisu predmet otkrivanja.<\/p>\n\n\n\n<p>8. PRENOS PODATAKA U INOSTRANSTVU<\/p>\n\n\n\n<p>Pozivaju\u0107i se na svrhe iz \u010dlana 2, podaci se ne prenose u inostranstvo.<\/p>\n\n\n\n<p>9. ROK SKLADI\u0160TENJA<\/p>\n\n\n\n<p>Ako je ugovorni odnos sa Kompanijom formalizovan, Monini \u0107e va\u0161e podatke obra\u0111ivati tokom celog trajanja odnosa i \u010duva\u0107e se 11 godina nakon prestanka ovog odnosa, isklju\u010divo u svrhe koje se odnose na ispunjenje obaveza po zakonu ili za odbranu Moninijevih prava na sudu.<\/p>\n\n\n\n<p>U slu\u010daju da ugovorni odnos nije formalizovan, Monini \u0107e obra\u0111ivati va\u0161e podatke 12 meseca nakon prijema; kasnije \u0107e oni biti trajno obrisani.<\/p>\n\n\n\n<p>10. VA\u0160A PRAVA KAO LICA NA KOJE SE PODACI ODNOSE<\/p>\n\n\n\n<p>Tokom perioda u kojem Monini poseduje ili vr\u0161i obradu va\u0161ih podataka i, ako je to slu\u010daj, va\u0161ih li\u010dnih podataka, vi, kao nosilac podataka, mo\u017eete u svakom trenutku ostvariti slede\u0107a prava:<\/p>\n\n\n\n<p>Pravo pristupa \u2013 Imate pravo da dobijete potvrdu o postojanju ili drugoj proceduri u vezi sa va\u0161im li\u010dnim podacima, kao i pravo na dobijanje svih informacija koje se odnose na tu proceduru;<\/p>\n\n\n\n<p>Pravo na ispravku \u2013 Imate pravo na ispravljanje va\u0161ih li\u010dnih podataka u na\u0161em posedu, ako su nepotpuni ili neta\u010dni;<\/p>\n\n\n\n<p>Pravo na uklanjanje \u2013 u odre\u0111enim okolnostima imate pravo da uklanjanja va\u0161ih li\u010dnih podataka iz na\u0161e arhive ako oni nisu relevantni za nastavak radnog odnosa ili to zahteva zakon;<\/p>\n\n\n\n<p>Pravo da ograni\u010dite obradu \u2013 po pojavi odre\u0111enih uslova, imate pravo da dobijete ograni\u010denje obrade koja se odnosi na va\u0161e li\u010dne podatke, ako nije relevantno za nastavak radnog odnosa ili je propisano zakonom;<\/p>\n\n\n\n<p>Pravo na prenosivost \u2013 Imate pravo da dobijete prenos va\u0161ih li\u010dnih podataka u na\u0161em vlasni\u0161tvu u korist drugog Vlasnika;<\/p>\n\n\n\n<p>Pravo na podno\u0161enje \u017ealbe Nadzornom organu \u2013 u slu\u010daju da Monini odbije da udovolji va\u0161im zahtevima za pristup, bi\u0107e navedeni razlozi za relativno odbijanje. Ako je primenljivo, imate pravo da ulo\u017eite \u017ealbu kako je opisano u paragrafu 11 ispod.<\/p>\n\n\n\n<p>Takvi zahtevi se mogu uputiti Moniniju isklju\u010divo na slede\u0107u adresu e-po\u0161te: privacy (at) monini . com<\/p>\n\n\n\n<p>11. \u017dALBE<\/p>\n\n\n\n<p>Ako \u017eelite podneti \u017ealbu u vezi s na\u010dinom na koji Monini obra\u0111uje va\u0161e podatke i, ako je to slu\u010daj, va\u0161e li\u010dne podatke, ili u vezi s upravljanjem \u017ealbom koju ste vi podneli, imate pravo da podnesete zahtev direktno nadzornom organu.<\/p>\n\n\n\n<p>MENAD\u017dER ZA OBRADU<\/p>\n\n\n\n<p>Rukovodioca na funkciji u IT sektoru imenuje MONINI S.p.A. koji je odgovoran za obradu podataka (\u201eMenad\u017eer\u201c). Mo\u017eete se obratiti Menad\u017eeru radi ostvarivanja prava navedenih u ta\u010dki 9 gore, kao i da biste saznali a\u017euriranu listu dodatnih imenovanih menad\u017eera, slanjem e-po\u0161te na adresu privacy (at) monini . com<\/p>\n<\/div>\n<\/div>\n","protected":false},"excerpt":{"rendered":"<p>Informacije za korisnike i kupce (\u201cA\u201d) u skladu sa \u010dlanom 13. Uredbe (EU) 2016\/679 (\u201cGDPR\u201d)&#8230;<\/p>\n","protected":false},"author":3,"featured_media":0,"parent":0,"menu_order":0,"comment_status":"closed","ping_status":"closed","template":"","meta":{"_acf_changed":false,"footnotes":""},"class_list":["post-36478","page","type-page","status-publish","hentry"],"yoast_head":"<!-- This site is optimized with the Yoast SEO plugin v25.8 - https:\/\/yoast.com\/wordpress\/plugins\/seo\/ -->\n<title>Politika Privatnosti - Monini<\/title>\n<meta name=\"robots\" content=\"noindex, follow, max-snippet:-1, max-image-preview:large, max-video-preview:-1\" \/>\n<meta property=\"og:locale\" content=\"sr_RS\" \/>\n<meta property=\"og:type\" content=\"article\" \/>\n<meta property=\"og:title\" content=\"Politika Privatnosti - Monini\" \/>\n<meta property=\"og:description\" content=\"Informacije za korisnike i kupce (\u201cA\u201d) u skladu sa \u010dlanom 13. Uredbe (EU) 2016\/679 (\u201cGDPR\u201d)...\" \/>\n<meta property=\"og:url\" content=\"https:\/\/shumans-monini-stage.ccws.it\/sr\/politika-privatnosti\/\" \/>\n<meta property=\"og:site_name\" content=\"Monini\" \/>\n<meta property=\"article:publisher\" content=\"https:\/\/www.facebook.com\/MoniniOlio\/\" \/>\n<meta property=\"article:modified_time\" content=\"2025-08-22T12:51:32+00:00\" \/>\n<meta name=\"twitter:card\" content=\"summary_large_image\" \/>\n<meta name=\"twitter:label1\" content=\"\u041f\u0440\u043e\u0446\u0435\u045a\u0435\u043d\u043e \u0432\u0440\u0435\u043c\u0435 \u0447\u0438\u0442\u0430\u045a\u0430\" \/>\n\t<meta name=\"twitter:data1\" content=\"9 \u043c\u0438\u043d\u0443\u0442\" \/>\n<script type=\"application\/ld+json\" class=\"yoast-schema-graph\">{\"@context\":\"https:\/\/schema.org\",\"@graph\":[{\"@type\":\"WebPage\",\"@id\":\"https:\/\/shumans-monini-stage.ccws.it\/sr\/politika-privatnosti\/\",\"url\":\"https:\/\/shumans-monini-stage.ccws.it\/sr\/politika-privatnosti\/\",\"name\":\"Politika Privatnosti - Monini\",\"isPartOf\":{\"@id\":\"https:\/\/shumans-monini-stage.ccws.it\/sr\/#website\"},\"datePublished\":\"2025-06-25T13:28:12+00:00\",\"dateModified\":\"2025-08-22T12:51:32+00:00\",\"breadcrumb\":{\"@id\":\"https:\/\/shumans-monini-stage.ccws.it\/sr\/politika-privatnosti\/#breadcrumb\"},\"inLanguage\":\"sr-RS\",\"potentialAction\":[{\"@type\":\"ReadAction\",\"target\":[\"https:\/\/shumans-monini-stage.ccws.it\/sr\/politika-privatnosti\/\"]}]},{\"@type\":\"BreadcrumbList\",\"@id\":\"https:\/\/shumans-monini-stage.ccws.it\/sr\/politika-privatnosti\/#breadcrumb\",\"itemListElement\":[{\"@type\":\"ListItem\",\"position\":1,\"name\":\"Home\",\"item\":\"https:\/\/shumans-monini-stage.ccws.it\/sr\/\"},{\"@type\":\"ListItem\",\"position\":2,\"name\":\"Politika Privatnosti\"}]},{\"@type\":\"WebSite\",\"@id\":\"https:\/\/shumans-monini-stage.ccws.it\/sr\/#website\",\"url\":\"https:\/\/shumans-monini-stage.ccws.it\/sr\/\",\"name\":\"Monini\",\"description\":\"Una spremuta di olive\",\"potentialAction\":[{\"@type\":\"SearchAction\",\"target\":{\"@type\":\"EntryPoint\",\"urlTemplate\":\"https:\/\/shumans-monini-stage.ccws.it\/sr\/?s={search_term_string}\"},\"query-input\":{\"@type\":\"PropertyValueSpecification\",\"valueRequired\":true,\"valueName\":\"search_term_string\"}}],\"inLanguage\":\"sr-RS\"}]}<\/script>\n<!-- \/ Yoast SEO plugin. -->","yoast_head_json":{"title":"Politika Privatnosti - Monini","robots":{"index":"noindex","follow":"follow","max-snippet":"max-snippet:-1","max-image-preview":"max-image-preview:large","max-video-preview":"max-video-preview:-1"},"og_locale":"sr_RS","og_type":"article","og_title":"Politika Privatnosti - Monini","og_description":"Informacije za korisnike i kupce (\u201cA\u201d) u skladu sa \u010dlanom 13. Uredbe (EU) 2016\/679 (\u201cGDPR\u201d)...","og_url":"https:\/\/shumans-monini-stage.ccws.it\/sr\/politika-privatnosti\/","og_site_name":"Monini","article_publisher":"https:\/\/www.facebook.com\/MoniniOlio\/","article_modified_time":"2025-08-22T12:51:32+00:00","twitter_card":"summary_large_image","twitter_misc":{"\u041f\u0440\u043e\u0446\u0435\u045a\u0435\u043d\u043e \u0432\u0440\u0435\u043c\u0435 \u0447\u0438\u0442\u0430\u045a\u0430":"9 \u043c\u0438\u043d\u0443\u0442"},"schema":{"@context":"https:\/\/schema.org","@graph":[{"@type":"WebPage","@id":"https:\/\/shumans-monini-stage.ccws.it\/sr\/politika-privatnosti\/","url":"https:\/\/shumans-monini-stage.ccws.it\/sr\/politika-privatnosti\/","name":"Politika Privatnosti - Monini","isPartOf":{"@id":"https:\/\/shumans-monini-stage.ccws.it\/sr\/#website"},"datePublished":"2025-06-25T13:28:12+00:00","dateModified":"2025-08-22T12:51:32+00:00","breadcrumb":{"@id":"https:\/\/shumans-monini-stage.ccws.it\/sr\/politika-privatnosti\/#breadcrumb"},"inLanguage":"sr-RS","potentialAction":[{"@type":"ReadAction","target":["https:\/\/shumans-monini-stage.ccws.it\/sr\/politika-privatnosti\/"]}]},{"@type":"BreadcrumbList","@id":"https:\/\/shumans-monini-stage.ccws.it\/sr\/politika-privatnosti\/#breadcrumb","itemListElement":[{"@type":"ListItem","position":1,"name":"Home","item":"https:\/\/shumans-monini-stage.ccws.it\/sr\/"},{"@type":"ListItem","position":2,"name":"Politika Privatnosti"}]},{"@type":"WebSite","@id":"https:\/\/shumans-monini-stage.ccws.it\/sr\/#website","url":"https:\/\/shumans-monini-stage.ccws.it\/sr\/","name":"Monini","description":"Una spremuta di olive","potentialAction":[{"@type":"SearchAction","target":{"@type":"EntryPoint","urlTemplate":"https:\/\/shumans-monini-stage.ccws.it\/sr\/?s={search_term_string}"},"query-input":{"@type":"PropertyValueSpecification","valueRequired":true,"valueName":"search_term_string"}}],"inLanguage":"sr-RS"}]}},"acf":[],"_links":{"self":[{"href":"https:\/\/shumans-monini-stage.ccws.it\/sr\/wp-json\/wp\/v2\/pages\/36478","targetHints":{"allow":["GET"]}}],"collection":[{"href":"https:\/\/shumans-monini-stage.ccws.it\/sr\/wp-json\/wp\/v2\/pages"}],"about":[{"href":"https:\/\/shumans-monini-stage.ccws.it\/sr\/wp-json\/wp\/v2\/types\/page"}],"author":[{"embeddable":true,"href":"https:\/\/shumans-monini-stage.ccws.it\/sr\/wp-json\/wp\/v2\/users\/3"}],"replies":[{"embeddable":true,"href":"https:\/\/shumans-monini-stage.ccws.it\/sr\/wp-json\/wp\/v2\/comments?post=36478"}],"version-history":[{"count":1,"href":"https:\/\/shumans-monini-stage.ccws.it\/sr\/wp-json\/wp\/v2\/pages\/36478\/revisions"}],"predecessor-version":[{"id":36480,"href":"https:\/\/shumans-monini-stage.ccws.it\/sr\/wp-json\/wp\/v2\/pages\/36478\/revisions\/36480"}],"wp:attachment":[{"href":"https:\/\/shumans-monini-stage.ccws.it\/sr\/wp-json\/wp\/v2\/media?parent=36478"}],"curies":[{"name":"wp","href":"https:\/\/api.w.org\/{rel}","templated":true}]}}